{"id":52045,"date":"2023-04-13T12:51:53","date_gmt":"2023-04-13T09:51:53","guid":{"rendered":"https:\/\/toidupakk.ee\/toode\/plecak-cordura-crossover-gen-2\/"},"modified":"2026-04-29T17:02:00","modified_gmt":"2026-04-29T14:02:00","slug":"plecak-cordura-crossover-gen-2","status":"publish","type":"product","link":"https:\/\/toidupakk.ee\/pl\/toode\/plecak-cordura-crossover-gen-2\/","title":{"rendered":"Plecak Cordura Crossover Gen 2"},"content":{"rendered":"<h1>Plecak Cordura Crossover \u2013 funkcjonalny towarzysz codziennych przyg\u00f3d<\/h1>\n<p>Plecak Cordura Crossover posiada jedn\u0105 du\u017c\u0105 komor\u0119, w kt\u00f3rej bez trudu pomie\u015bcisz ca\u0142y niezb\u0119dny ekwipunek. Dodatkowo na spodzie znajduje si\u0119 zintegrowany pokrowiec przeciwdeszczowy. Pojemno\u015b\u0107 35 l sprawia, \u017ce jest wystarczaj\u0105co du\u017cy na ca\u0142y sprz\u0119t, a jednocze\u015bnie na tyle kompaktowy, by nosi\u0142o si\u0119 go wygodnie.  <\/p>\n<h2>Mo\u017cliwo\u015b\u0107 \u0142adowania od g\u00f3ry<\/h2>\n<p>Plecak ma przestronn\u0105 komor\u0119 g\u0142\u00f3wn\u0105, a konstrukcja typu \u201etop loader\u201d pozwala na \u0142atwe pakowanie i rozpakowywanie od g\u00f3ry. Taki design u\u0142atwia dost\u0119p do sprz\u0119tu, a pasek z podw\u00f3jnym zapi\u0119ciem bezpiecznie chroni zawarto\u015b\u0107. <\/p>\n<h3><img fetchpriority=\"high\" decoding=\"async\" class=\"alignnone size-medium wp-image-7415\" src=\"https:\/\/toidupakk.ee\/wp-content\/uploads\/2023\/04\/Seljakott-Matkale-Cordura-Crossover-2-300x300.png\" alt=\"\" width=\"300\" height=\"300\" srcset=\"https:\/\/toidupakk.ee\/wp-content\/uploads\/2023\/04\/Seljakott-Matkale-Cordura-Crossover-2-300x300.png 300w, https:\/\/toidupakk.ee\/wp-content\/uploads\/2023\/04\/Seljakott-Matkale-Cordura-Crossover-2-400x400.png 400w, https:\/\/toidupakk.ee\/wp-content\/uploads\/2023\/04\/Seljakott-Matkale-Cordura-Crossover-2-100x100.png 100w, https:\/\/toidupakk.ee\/wp-content\/uploads\/2023\/04\/Seljakott-Matkale-Cordura-Crossover-2-800x800.png 800w, https:\/\/toidupakk.ee\/wp-content\/uploads\/2023\/04\/Seljakott-Matkale-Cordura-Crossover-2-1024x1024.png 1024w, https:\/\/toidupakk.ee\/wp-content\/uploads\/2023\/04\/Seljakott-Matkale-Cordura-Crossover-2-500x500.png 500w, https:\/\/toidupakk.ee\/wp-content\/uploads\/2023\/04\/Seljakott-Matkale-Cordura-Crossover-2-768x768.png 768w, https:\/\/toidupakk.ee\/wp-content\/uploads\/2023\/04\/Seljakott-Matkale-Cordura-Crossover-2.png 1080w\" sizes=\"(max-width: 300px) 100vw, 300px\" \/><\/h3>\n<h2>Szelki<\/h2>\n<p>Plecak posiada szereg funkcji zwi\u0119kszaj\u0105cych komfort i praktyczno\u015b\u0107. Regulowane szelki zapewniaj\u0105 optymaln\u0105 wygod\u0119, a wy\u015bcie\u0142any panel tylny gwarantuje lepsz\u0105 cyrkulacj\u0119 powietrza. Podw\u00f3jne paski dbaj\u0105 o bezpieczne zamkni\u0119cie klapy, a regulowany pas biodrowy z klamr\u0105 szybkiego wypi\u0119cia i kieszonkami pomaga r\u00f3wnomiernie roz\u0142o\u017cy\u0107 ci\u0119\u017car.  <\/p>\n<p><img decoding=\"async\" class=\"alignnone size-full wp-image-7433\" src=\"https:\/\/toidupakk.ee\/wp-content\/uploads\/2023\/04\/10658_2b128646b006f5a204b803e8248f673c4dd8a9bb.png\" alt=\"\" width=\"211\" height=\"50\"><\/p>\n<h2>Zamki YKK i klamry ITW<\/h2>\n<p>Plecak wyposa\u017cono w zamki YKK i klamry ITW, znane ze swojej wytrzyma\u0142o\u015bci. S\u0105 one odporne na intensywne u\u017cytkowanie, co jest kluczowe podczas w\u0119dr\u00f3wek w trudnym terenie. S\u0105 \u0142atwe w obs\u0142udze i wytrzymuj\u0105 du\u017ce obci\u0105\u017cenia, dzi\u0119ki czemu plecak pos\u0142u\u017cy ci przez lata, nawet w ci\u0119\u017ckich warunkach.   <\/p>\n<h2>Plecak Cordura Crossover Gen 2 \u2013 co nowego?<\/h2>\n<p>Plecak Crossover Cordura\u00ae to ulepszona wersja poprzedniego modelu. Szelki s\u0105 grubsze i bardziej wytrzyma\u0142e, panel tylny zapewnia lepsz\u0105 wentylacj\u0119, a wn\u0119trze wy\u0142o\u017cono nylonem ripstop. <\/p>\n<p>Plecak Crossover Cordura\u00ae jest stylowy, trwa\u0142y i praktyczny \u2013 idealny na co dzie\u0144 i na szlak. Liczne funkcje zapewniaj\u0105 wygod\u0119, a wysokiej jako\u015bci materia\u0142y gwarantuj\u0105 d\u0142ug\u0105 \u017cywotno\u015b\u0107. <\/p>\n<p>Plecak wyposa\u017cono w ergonomiczne, regulowane szelki, kt\u00f3re zapewniaj\u0105 komfort nawet podczas d\u0142ugiego noszenia. Wy\u015bcie\u0142any panel tylny poprawia przep\u0142yw powietrza i wygod\u0119. <\/p>\n<p>&nbsp;<\/p>\n<p>Zobacz wi\u0119cej akcesori\u00f3w turystycznych <a href=\"https:\/\/toidupakk.ee\/pl\/tootekategooria\/sprzet-turystyczny\/#section-3-79\">TUTAJ<\/a><\/p>\n<p>Znajd\u017a inspiracj\u0119 na kolejne przygody na <a href=\"https:\/\/www.instagram.com\/toidupakk\/\">Instagramie<\/a> i <a href=\"https:\/\/www.facebook.com\/Toidupakk\/\">Facebooku<\/a> Toidupakk.<\/p>\n","protected":false},"excerpt":{"rendered":"<p>Plecak Crossover Cordura Gen 2 to wielofunkcyjny model wykonany z nylonu Cordura 500D, dzi\u0119ki czemu jest trwalszy od zwyk\u0142ych plecak\u00f3w turystycznych. Idealnie nadaje si\u0119 na trekking, ryby czy codzienne wypady w teren. Zintegrowany pokrowiec w dolnej kieszeni ochroni tw\u00f3j sprz\u0119t przed deszczem. <\/p>\n<ul>\n<li>Pojemna komora g\u0142\u00f3wna, kt\u00f3ra pomie\u015bci ca\u0142y niezb\u0119dny sprz\u0119t<\/li>\n<li>\u0141adowany od g\u00f3ry<\/li>\n<li>Ergonomiczne, wy\u015bcie\u0142ane szelki, kt\u00f3re nie wpijaj\u0105 si\u0119 w ramiona podczas d\u0142ugich w\u0119dr\u00f3wek<\/li>\n<li>Wy\u015bcie\u0142ane plecy dla wi\u0119kszego komfortu<\/li>\n<li>Wy\u015bci\u00f3\u0142ka plec\u00f3w zosta\u0142a zaprojektowana tak, aby umo\u017cliwi\u0107 przep\u0142yw powietrza mi\u0119dzy plecami a plecakiem.<\/li>\n<li>Dodatkowy pas piersiowy z klamr\u0105 szybkiego wypi\u0119cia<\/li>\n<li>Paski transportowe po obu stronach<\/li>\n<li>Ma\u0142e kieszonki na zamek na pasie biodrowym<\/li>\n<li>Plecak posiada zintegrowany pokrowiec przeciwdeszczowy chroni\u0105cy sprz\u0119t<\/li>\n<li>Pojemno\u015b\u0107 plecaka to 35 l<\/li>\n<li>Materia\u0142: plecak wykonany z wytrzyma\u0142ego nylonu Cordura 500D<\/li>\n<li>Zamki i klamry: w plecaku zastosowano zamki YKK i klamry ITW.<\/li>\n<li>Rzepy zapobiegaj\u0105ce zwisaniu lu\u017anych pask\u00f3w<\/li>\n<li>Wymiary plecaka: 59 x 32 x 17 cm<\/li>\n<li>Waga plecaka: 1145 g<\/li>\n<\/ul>\n<p>\u2705 Dost\u0119pne w magazynie, szybka dostawa w 1-3 dni robocze<br \/>\n\u2705 Kup teraz, zap\u0142a\u0107 p\u00f3\u017aniej (RRSO 0%)<\/p>\n","protected":false},"featured_media":7416,"comment_status":"open","ping_status":"closed","template":"","meta":{"_acf_changed":false},"product_brand":[],"product_cat":[303,309,311,301,310,304],"product_tag":[],"class_list":{"0":"post-52045","1":"product","2":"type-product","3":"status-publish","4":"has-post-thumbnail","6":"product_cat-akcesoria-turystyczne","7":"product_cat-plecaki","8":"product_cat-praktyczne-pomysly-na-prezent","9":"product_cat-sprzet-turystyczny","10":"product_cat-torby","11":"product_cat-wyposazenie-militarne","13":"first","14":"instock","15":"sale","16":"taxable","17":"shipping-taxable","18":"purchasable","19":"product-type-variable","20":"has-default-attributes"},"bundled_by":[],"bundle_stock_status":"instock","bundle_stock_quantity":null,"bundle_virtual":false,"bundle_layout":"","bundle_add_to_cart_form_location":"","bundle_editable_in_cart":false,"bundle_sold_individually_context":"","bundle_item_grouping":"","bundle_min_size":"","bundle_max_size":"","bundle_price":[],"bundled_items":[],"bundle_sell_ids":[],"acf":[],"yoast_head":"<!-- This site is optimized with the Yoast SEO plugin v27.3 - https:\/\/yoast.com\/product\/yoast-seo-wordpress\/ -->\n<title>Plecak Cordura Crossover Gen 2<\/title>\n<meta name=\"description\" content=\"Plecak Cordura Crossover to uwielbiany przez w\u0119drowc\u00f3w plecak \u0142adowany od g\u00f3ry, idealny na trekking, ryby, polowania czy po prostu wypady na \u0142ono natury.\" \/>\n<meta name=\"robots\" content=\"index, follow, max-snippet:-1, max-image-preview:large, max-video-preview:-1\" \/>\n<link rel=\"canonical\" href=\"https:\/\/toidupakk.ee\/pl\/toode\/plecak-cordura-crossover-gen-2\/\" \/>\n<meta property=\"og:locale\" content=\"pl_PL\" \/>\n<meta property=\"og:type\" content=\"article\" \/>\n<meta property=\"og:title\" content=\"Plecak Cordura Crossover Gen 2\" \/>\n<meta property=\"og:description\" content=\"Plecak Cordura Crossover to uwielbiany przez w\u0119drowc\u00f3w plecak \u0142adowany od g\u00f3ry, idealny na trekking, ryby, polowania czy po prostu wypady na \u0142ono natury.\" \/>\n<meta property=\"og:url\" content=\"https:\/\/toidupakk.ee\/pl\/toode\/plecak-cordura-crossover-gen-2\/\" \/>\n<meta property=\"og:site_name\" content=\"Toidupakk.ee - Tactical Foodpack toidupakid\" \/>\n<meta property=\"article:publisher\" content=\"https:\/\/www.facebook.com\/Toidupakk\" \/>\n<meta property=\"article:modified_time\" content=\"2026-04-29T14:02:00+00:00\" \/>\n<meta property=\"og:image\" content=\"https:\/\/toidupakk.ee\/wp-content\/uploads\/2023\/04\/Seljakott-Matkale-Cordura-Crossover-3.png\" \/>\n\t<meta property=\"og:image:width\" content=\"1080\" \/>\n\t<meta property=\"og:image:height\" content=\"1080\" \/>\n\t<meta property=\"og:image:type\" content=\"image\/png\" \/>\n<meta name=\"twitter:card\" content=\"summary_large_image\" \/>\n<meta name=\"twitter:label1\" content=\"Szacowany czas czytania\" \/>\n\t<meta name=\"twitter:data1\" content=\"2 minuty\" \/>\n<script type=\"application\/ld+json\" class=\"yoast-schema-graph\">{\"@context\":\"https:\\\/\\\/schema.org\",\"@graph\":[{\"@type\":\"WebPage\",\"@id\":\"https:\\\/\\\/toidupakk.ee\\\/pl\\\/toode\\\/plecak-cordura-crossover-gen-2\\\/\",\"url\":\"https:\\\/\\\/toidupakk.ee\\\/pl\\\/toode\\\/plecak-cordura-crossover-gen-2\\\/\",\"name\":\"Plecak Cordura Crossover Gen 2\",\"isPartOf\":{\"@id\":\"https:\\\/\\\/toidupakk.ee\\\/pl\\\/#website\"},\"primaryImageOfPage\":{\"@id\":\"https:\\\/\\\/toidupakk.ee\\\/pl\\\/toode\\\/plecak-cordura-crossover-gen-2\\\/#primaryimage\"},\"image\":{\"@id\":\"https:\\\/\\\/toidupakk.ee\\\/pl\\\/toode\\\/plecak-cordura-crossover-gen-2\\\/#primaryimage\"},\"thumbnailUrl\":\"https:\\\/\\\/toidupakk.ee\\\/wp-content\\\/uploads\\\/2023\\\/04\\\/Seljakott-Matkale-Cordura-Crossover-3.png\",\"datePublished\":\"2023-04-13T09:51:53+00:00\",\"dateModified\":\"2026-04-29T14:02:00+00:00\",\"description\":\"Plecak Cordura Crossover to uwielbiany przez w\u0119drowc\u00f3w plecak \u0142adowany od g\u00f3ry, idealny na trekking, ryby, polowania czy po prostu wypady na \u0142ono natury.\",\"breadcrumb\":{\"@id\":\"https:\\\/\\\/toidupakk.ee\\\/pl\\\/toode\\\/plecak-cordura-crossover-gen-2\\\/#breadcrumb\"},\"inLanguage\":\"pl-PL\",\"potentialAction\":[{\"@type\":\"ReadAction\",\"target\":[\"https:\\\/\\\/toidupakk.ee\\\/pl\\\/toode\\\/plecak-cordura-crossover-gen-2\\\/\"]}]},{\"@type\":\"ImageObject\",\"inLanguage\":\"pl-PL\",\"@id\":\"https:\\\/\\\/toidupakk.ee\\\/pl\\\/toode\\\/plecak-cordura-crossover-gen-2\\\/#primaryimage\",\"url\":\"https:\\\/\\\/toidupakk.ee\\\/wp-content\\\/uploads\\\/2023\\\/04\\\/Seljakott-Matkale-Cordura-Crossover-3.png\",\"contentUrl\":\"https:\\\/\\\/toidupakk.ee\\\/wp-content\\\/uploads\\\/2023\\\/04\\\/Seljakott-Matkale-Cordura-Crossover-3.png\",\"width\":1080,\"height\":1080},{\"@type\":\"BreadcrumbList\",\"@id\":\"https:\\\/\\\/toidupakk.ee\\\/pl\\\/toode\\\/plecak-cordura-crossover-gen-2\\\/#breadcrumb\",\"itemListElement\":[{\"@type\":\"ListItem\",\"position\":1,\"name\":\"Avaleht\",\"item\":\"https:\\\/\\\/toidupakk.ee\\\/pl\\\/\"},{\"@type\":\"ListItem\",\"position\":2,\"name\":\"Sklep internetowy\",\"item\":\"https:\\\/\\\/toidupakk.ee\\\/pl\\\/sklep-internetowy\\\/\"},{\"@type\":\"ListItem\",\"position\":3,\"name\":\"Plecak Cordura Crossover Gen 2\"}]},{\"@type\":\"WebSite\",\"@id\":\"https:\\\/\\\/toidupakk.ee\\\/pl\\\/#website\",\"url\":\"https:\\\/\\\/toidupakk.ee\\\/pl\\\/\",\"name\":\"Toidupakk.ee - Tactical Foodpack toidupakid\",\"description\":\"Tactical Foodpack k\u00fclmkuivatatud toidupakid ja matkaeined\",\"publisher\":{\"@id\":\"https:\\\/\\\/toidupakk.ee\\\/pl\\\/#organization\"},\"potentialAction\":[{\"@type\":\"SearchAction\",\"target\":{\"@type\":\"EntryPoint\",\"urlTemplate\":\"https:\\\/\\\/toidupakk.ee\\\/pl\\\/?s={search_term_string}\"},\"query-input\":{\"@type\":\"PropertyValueSpecification\",\"valueRequired\":true,\"valueName\":\"search_term_string\"}}],\"inLanguage\":\"pl-PL\"},{\"@type\":\"Organization\",\"@id\":\"https:\\\/\\\/toidupakk.ee\\\/pl\\\/#organization\",\"name\":\"Tactical Foodpack matkaeined\",\"url\":\"https:\\\/\\\/toidupakk.ee\\\/pl\\\/\",\"logo\":{\"@type\":\"ImageObject\",\"inLanguage\":\"pl-PL\",\"@id\":\"https:\\\/\\\/toidupakk.ee\\\/pl\\\/#\\\/schema\\\/logo\\\/image\\\/\",\"url\":\"https:\\\/\\\/toidupakk.ee\\\/wp-content\\\/uploads\\\/2022\\\/01\\\/Toidupakk-matkapood-logo-transparent.png\",\"contentUrl\":\"https:\\\/\\\/toidupakk.ee\\\/wp-content\\\/uploads\\\/2022\\\/01\\\/Toidupakk-matkapood-logo-transparent.png\",\"width\":500,\"height\":500,\"caption\":\"Tactical Foodpack matkaeined\"},\"image\":{\"@id\":\"https:\\\/\\\/toidupakk.ee\\\/pl\\\/#\\\/schema\\\/logo\\\/image\\\/\"},\"sameAs\":[\"https:\\\/\\\/www.facebook.com\\\/Toidupakk\",\"https:\\\/\\\/www.instagram.com\\\/toidupakk\\\/\"]}]}<\/script>\n<!-- \/ Yoast SEO plugin. -->","yoast_head_json":{"title":"Plecak Cordura Crossover Gen 2","description":"Plecak Cordura Crossover to uwielbiany przez w\u0119drowc\u00f3w plecak \u0142adowany od g\u00f3ry, idealny na trekking, ryby, polowania czy po prostu wypady na \u0142ono natury.","robots":{"index":"index","follow":"follow","max-snippet":"max-snippet:-1","max-image-preview":"max-image-preview:large","max-video-preview":"max-video-preview:-1"},"canonical":"https:\/\/toidupakk.ee\/pl\/toode\/plecak-cordura-crossover-gen-2\/","og_locale":"pl_PL","og_type":"article","og_title":"Plecak Cordura Crossover Gen 2","og_description":"Plecak Cordura Crossover to uwielbiany przez w\u0119drowc\u00f3w plecak \u0142adowany od g\u00f3ry, idealny na trekking, ryby, polowania czy po prostu wypady na \u0142ono natury.","og_url":"https:\/\/toidupakk.ee\/pl\/toode\/plecak-cordura-crossover-gen-2\/","og_site_name":"Toidupakk.ee - Tactical Foodpack toidupakid","article_publisher":"https:\/\/www.facebook.com\/Toidupakk","article_modified_time":"2026-04-29T14:02:00+00:00","og_image":[{"width":1080,"height":1080,"url":"https:\/\/toidupakk.ee\/wp-content\/uploads\/2023\/04\/Seljakott-Matkale-Cordura-Crossover-3.png","type":"image\/png"}],"twitter_card":"summary_large_image","twitter_misc":{"Szacowany czas czytania":"2 minuty"},"schema":{"@context":"https:\/\/schema.org","@graph":[{"@type":"WebPage","@id":"https:\/\/toidupakk.ee\/pl\/toode\/plecak-cordura-crossover-gen-2\/","url":"https:\/\/toidupakk.ee\/pl\/toode\/plecak-cordura-crossover-gen-2\/","name":"Plecak Cordura Crossover Gen 2","isPartOf":{"@id":"https:\/\/toidupakk.ee\/pl\/#website"},"primaryImageOfPage":{"@id":"https:\/\/toidupakk.ee\/pl\/toode\/plecak-cordura-crossover-gen-2\/#primaryimage"},"image":{"@id":"https:\/\/toidupakk.ee\/pl\/toode\/plecak-cordura-crossover-gen-2\/#primaryimage"},"thumbnailUrl":"https:\/\/toidupakk.ee\/wp-content\/uploads\/2023\/04\/Seljakott-Matkale-Cordura-Crossover-3.png","datePublished":"2023-04-13T09:51:53+00:00","dateModified":"2026-04-29T14:02:00+00:00","description":"Plecak Cordura Crossover to uwielbiany przez w\u0119drowc\u00f3w plecak \u0142adowany od g\u00f3ry, idealny na trekking, ryby, polowania czy po prostu wypady na \u0142ono natury.","breadcrumb":{"@id":"https:\/\/toidupakk.ee\/pl\/toode\/plecak-cordura-crossover-gen-2\/#breadcrumb"},"inLanguage":"pl-PL","potentialAction":[{"@type":"ReadAction","target":["https:\/\/toidupakk.ee\/pl\/toode\/plecak-cordura-crossover-gen-2\/"]}]},{"@type":"ImageObject","inLanguage":"pl-PL","@id":"https:\/\/toidupakk.ee\/pl\/toode\/plecak-cordura-crossover-gen-2\/#primaryimage","url":"https:\/\/toidupakk.ee\/wp-content\/uploads\/2023\/04\/Seljakott-Matkale-Cordura-Crossover-3.png","contentUrl":"https:\/\/toidupakk.ee\/wp-content\/uploads\/2023\/04\/Seljakott-Matkale-Cordura-Crossover-3.png","width":1080,"height":1080},{"@type":"BreadcrumbList","@id":"https:\/\/toidupakk.ee\/pl\/toode\/plecak-cordura-crossover-gen-2\/#breadcrumb","itemListElement":[{"@type":"ListItem","position":1,"name":"Avaleht","item":"https:\/\/toidupakk.ee\/pl\/"},{"@type":"ListItem","position":2,"name":"Sklep internetowy","item":"https:\/\/toidupakk.ee\/pl\/sklep-internetowy\/"},{"@type":"ListItem","position":3,"name":"Plecak Cordura Crossover Gen 2"}]},{"@type":"WebSite","@id":"https:\/\/toidupakk.ee\/pl\/#website","url":"https:\/\/toidupakk.ee\/pl\/","name":"Toidupakk.ee - Tactical Foodpack toidupakid","description":"Tactical Foodpack k\u00fclmkuivatatud toidupakid ja matkaeined","publisher":{"@id":"https:\/\/toidupakk.ee\/pl\/#organization"},"potentialAction":[{"@type":"SearchAction","target":{"@type":"EntryPoint","urlTemplate":"https:\/\/toidupakk.ee\/pl\/?s={search_term_string}"},"query-input":{"@type":"PropertyValueSpecification","valueRequired":true,"valueName":"search_term_string"}}],"inLanguage":"pl-PL"},{"@type":"Organization","@id":"https:\/\/toidupakk.ee\/pl\/#organization","name":"Tactical Foodpack matkaeined","url":"https:\/\/toidupakk.ee\/pl\/","logo":{"@type":"ImageObject","inLanguage":"pl-PL","@id":"https:\/\/toidupakk.ee\/pl\/#\/schema\/logo\/image\/","url":"https:\/\/toidupakk.ee\/wp-content\/uploads\/2022\/01\/Toidupakk-matkapood-logo-transparent.png","contentUrl":"https:\/\/toidupakk.ee\/wp-content\/uploads\/2022\/01\/Toidupakk-matkapood-logo-transparent.png","width":500,"height":500,"caption":"Tactical Foodpack matkaeined"},"image":{"@id":"https:\/\/toidupakk.ee\/pl\/#\/schema\/logo\/image\/"},"sameAs":["https:\/\/www.facebook.com\/Toidupakk","https:\/\/www.instagram.com\/toidupakk\/"]}]}},"jetpack_sharing_enabled":true,"_links":{"self":[{"href":"https:\/\/toidupakk.ee\/pl\/wp-json\/wp\/v2\/product\/52045","targetHints":{"allow":["GET"]}}],"collection":[{"href":"https:\/\/toidupakk.ee\/pl\/wp-json\/wp\/v2\/product"}],"about":[{"href":"https:\/\/toidupakk.ee\/pl\/wp-json\/wp\/v2\/types\/product"}],"replies":[{"embeddable":true,"href":"https:\/\/toidupakk.ee\/pl\/wp-json\/wp\/v2\/comments?post=52045"}],"wp:featuredmedia":[{"embeddable":true,"href":"https:\/\/toidupakk.ee\/pl\/wp-json\/wp\/v2\/media\/7416"}],"wp:attachment":[{"href":"https:\/\/toidupakk.ee\/pl\/wp-json\/wp\/v2\/media?parent=52045"}],"wp:term":[{"taxonomy":"product_brand","embeddable":true,"href":"https:\/\/toidupakk.ee\/pl\/wp-json\/wp\/v2\/product_brand?post=52045"},{"taxonomy":"product_cat","embeddable":true,"href":"https:\/\/toidupakk.ee\/pl\/wp-json\/wp\/v2\/product_cat?post=52045"},{"taxonomy":"product_tag","embeddable":true,"href":"https:\/\/toidupakk.ee\/pl\/wp-json\/wp\/v2\/product_tag?post=52045"}],"curies":[{"name":"wp","href":"https:\/\/api.w.org\/{rel}","templated":true}]}}