{"id":52044,"date":"2024-09-11T14:39:30","date_gmt":"2024-09-11T11:39:30","guid":{"rendered":"https:\/\/toidupakk.ee\/toode\/weekpack-tango\/"},"modified":"2026-04-16T13:30:14","modified_gmt":"2026-04-16T10:30:14","slug":"weekpack-tango","status":"publish","type":"product","link":"https:\/\/toidupakk.ee\/pl\/toode\/weekpack-tango\/","title":{"rendered":"Weekpack Tango"},"content":{"rendered":"<p>Je\u015bli nie masz dost\u0119pu do gor\u0105cej wody, zalecamy zaopatrzy\u0107 si\u0119 dodatkowo w <a href=\"https:\/\/toidupakk.ee\/tactical-foodpack\/tactical-fire-pot-suutegeel-40ml\/\">\u017cel do rozpalania<\/a>, kt\u00f3ry pozwala \u0142atwo podgrza\u0107 jedzenie w ka\u017cdych warunkach. \u017bel Tactical Fire Pot umo\u017cliwia podgrzanie do 10 opakowa\u0144 \u017cywno\u015bci. <\/p>\n<p>W przypadku braku mo\u017cliwo\u015bci u\u017cycia otwartego ognia lub zagotowania wody, do podgrzania posi\u0142ku s\u0142u\u017cy <a href=\"https:\/\/toidupakk.ee\/tactical-foodpack\/toidu-kuumutuskott-kutteelemendiga\/\">worek grzewczy z wk\u0142adem<\/a>. Pozwala on przygotowa\u0107 wszystkie dania Tactical Foodpack. Wk\u0142ad grzewczy <strong>reaguje w kontakcie z zimn\u0105 wod\u0105<\/strong>, podnosz\u0105c jej temperatur\u0119 do 100 stopni.  <\/p>\n<h2 data-start=\"128\" data-end=\"214\"><strong data-start=\"132\" data-end=\"214\">Weekpack Tango \u2013 tygodniowy, od\u015bwie\u017cony zestaw \u017cywno\u015bci na wyprawy i przetrwanie<\/strong><\/h2>\n<p class=\"\" data-start=\"216\" data-end=\"607\"><strong data-start=\"216\" data-end=\"253\">Tactical Foodpack Weekpack Tango<\/strong> to \u015bwie\u017cy i urozmaicony tygodniowy pakiet \u017cywno\u015bci wyprawowej, \u0142\u0105cz\u0105cy 21 r\u00f3\u017cnych posi\u0142k\u00f3w. Zestaw stworzono dla os\u00f3b potrzebuj\u0105cych po\u017cywnego, \u0142atwego w przygotowaniu i niezawodnego zapasu jedzenia w terenie, na szlaku lub w ramach przygotowa\u0144 na sytuacje awaryjne. Menu Weekpack Tango jest od\u015bwie\u017cane co dwa lata, aby zawsze oferowa\u0107 nowe i nowoczesne smaki.  <\/p>\n<p class=\"\" data-start=\"609\" data-end=\"731\">Ca\u0142o\u015b\u0107 zawiera <strong data-start=\"630\" data-end=\"645\">10 466 kcal<\/strong>, a waga netto wynosi <strong data-start=\"663\" data-end=\"673\">2,4 kg<\/strong>, co zapewnia wystarczaj\u0105c\u0105 ilo\u015b\u0107 energii na ca\u0142y aktywny tydzie\u0144.<\/p>\n<p data-start=\"609\" data-end=\"731\"><img fetchpriority=\"high\" decoding=\"async\" class=\"alignnone wp-image-34819 size-thumbnail\" src=\"https:\/\/toidupakk.ee\/wp-content\/uploads\/2024\/09\/Nimetu-kujundus-10-500x500.png\" alt=\"Tactical Foodpack Weekpack Tango \u2013 tygodniowy pakiet \u017cywno\u015bci w czarnym plastikowym wiadrze, z oznaczeniem \u201eMade in Germany, Born in Estonia\u201d i kaloryczno\u015bci\u0105 10 341 kcal.\" width=\"500\" height=\"500\" srcset=\"https:\/\/toidupakk.ee\/wp-content\/uploads\/2024\/09\/Nimetu-kujundus-10-500x500.png 500w, https:\/\/toidupakk.ee\/wp-content\/uploads\/2024\/09\/Nimetu-kujundus-10-300x300.png 300w, https:\/\/toidupakk.ee\/wp-content\/uploads\/2024\/09\/Nimetu-kujundus-10-768x768.png 768w, https:\/\/toidupakk.ee\/wp-content\/uploads\/2024\/09\/Nimetu-kujundus-10-400x400.png 400w, https:\/\/toidupakk.ee\/wp-content\/uploads\/2024\/09\/Nimetu-kujundus-10-100x100.png 100w, https:\/\/toidupakk.ee\/wp-content\/uploads\/2024\/09\/Nimetu-kujundus-10.png 800w\" sizes=\"(max-width: 500px) 100vw, 500px\" \/><\/p>\n<h3 class=\"\" data-start=\"738\" data-end=\"770\"><strong data-start=\"742\" data-end=\"770\">Co zawiera zestaw?<\/strong><\/h3>\n<ul>\n<li data-start=\"772\" data-end=\"1224\"><strong data-start=\"774\" data-end=\"800\">21 r\u00f3\u017cnych posi\u0142k\u00f3w<\/strong> \u2013 w tym \u015bniadania i dania g\u0142\u00f3wne, takie jak pieczone musli czekoladowo-wi\u015bniowe.<\/li>\n<li data-start=\"772\" data-end=\"1224\"><strong data-start=\"896\" data-end=\"925\">\u0141\u0105czna kaloryczno\u015b\u0107: 10 466 kcal<\/strong> \u2013 odpowiedni poziom energii na ca\u0142y tydzie\u0144.<\/li>\n<li data-start=\"772\" data-end=\"1224\"><strong data-start=\"970\" data-end=\"990\">Waga netto: 2,4 kg<\/strong> \u2013 lekki i kompaktowy do noszenia.<\/li>\n<li data-start=\"772\" data-end=\"1224\"><strong data-start=\"1023\" data-end=\"1048\">Termin przydatno\u015bci: 4 lata<\/strong> \u2013 ze wzgl\u0119du na musli. Liofilizowane dania g\u0142\u00f3wne zachowuj\u0105 trwa\u0142o\u015b\u0107 do 8 lat. <\/li>\n<li data-start=\"772\" data-end=\"1224\"><strong data-start=\"1119\" data-end=\"1160\">Pakowane w wodoodporne plastikowe wiadro<\/strong> \u2013 \u0142atwe do przechowywania i zabrania na wypraw\u0119 lub jako element zapas\u00f3w kryzysowych.<\/li>\n<\/ul>\n<h3 class=\"\" data-start=\"1231\" data-end=\"1296\"><strong data-start=\"1235\" data-end=\"1296\">Weekpack Tango \u2013 praktyczny, lekki i nowoczesny zapas \u017cywno\u015bci<\/strong><\/h3>\n<p class=\"\" data-start=\"1298\" data-end=\"1724\">W przeciwie\u0144stwie do niekt\u00f3rych innych zestaw\u00f3w tygodniowych Tactical Foodpack, Weekpack Tango nie zawiera akcesori\u00f3w ani powi\u0119kszonych porcji. Zamiast tego skupia si\u0119 na r\u00f3\u017cnorodno\u015bci, od\u015bwie\u017conym menu i \u0142atwych w przygotowaniu, pe\u0142nowarto\u015bciowych posi\u0142kach. Musli czekoladowo-wi\u015bniowe jest gotowe w kilka minut przy u\u017cyciu tylko zimnej wody, pozosta\u0142e dania mo\u017cna przygotowa\u0107 z ciep\u0142\u0105 lub zimn\u0105 wod\u0105 \u2013 idealne na wypraw\u0119 lub w nieoczekiwanych sytuacjach.  <\/p>\n<h3>Tactical Foodpack \u2013 jako\u015b\u0107, na kt\u00f3rej mo\u017cesz polega\u0107<\/h3>\n<p>Tactical Foodpack s\u0142ynie z wysokiej jako\u015bci \u017cywno\u015bci wyprawowej, stworzonej specjalnie do przetrwania i u\u017cytku w terenie. Wszystkie posi\u0142ki s\u0105 wykonane w 100% z naturalnych sk\u0142adnik\u00f3w, bez konserwant\u00f3w i sztucznych dodatk\u00f3w, co gwarantuje prawdziwe doznania smakowe nawet w najbardziej ekstremalnych warunkach. <\/p>\n<ul>\n<li><strong>Naturalny sk\u0142ad<\/strong>: Posi\u0142ki Tactical Foodpack nie zawieraj\u0105 sztucznych dodatk\u00f3w ani konserwant\u00f3w, lecz s\u0105 przygotowane z czystych i zdrowych surowc\u00f3w.<\/li>\n<li><strong>\u0141atwe przygotowanie<\/strong>: Ca\u0142y zestaw zaprojektowano z my\u015bl\u0105 o szybkim i wygodnym przyrz\u0105dzaniu. Po prostu dodaj gor\u0105c\u0105 wod\u0119, odczekaj kilka minut i ciesz si\u0119 posi\u0142kiem. <\/li>\n<li><strong>Lekko\u015b\u0107 i kompaktowo\u015b\u0107<\/strong>: Dzi\u0119ki technologii liofilizacji produkty Tactical s\u0105 lekkie i zajmuj\u0105 ma\u0142o miejsca, co czyni je idealnymi na trekking i d\u0142ugie przygody w terenie.<\/li>\n<\/ul>\n<h2><img decoding=\"async\" class=\"alignnone size-full wp-image-34812\" src=\"https:\/\/toidupakk.ee\/wp-content\/uploads\/2024\/09\/Tactical_Foodpack_WEEKPACK_Tango-02.jpg\" alt=\"\" width=\"1920\" height=\"1920\" srcset=\"https:\/\/toidupakk.ee\/wp-content\/uploads\/2024\/09\/Tactical_Foodpack_WEEKPACK_Tango-02.jpg 1920w, https:\/\/toidupakk.ee\/wp-content\/uploads\/2024\/09\/Tactical_Foodpack_WEEKPACK_Tango-02-300x300.jpg 300w, https:\/\/toidupakk.ee\/wp-content\/uploads\/2024\/09\/Tactical_Foodpack_WEEKPACK_Tango-02-1024x1024.jpg 1024w, https:\/\/toidupakk.ee\/wp-content\/uploads\/2024\/09\/Tactical_Foodpack_WEEKPACK_Tango-02-500x500.jpg 500w, https:\/\/toidupakk.ee\/wp-content\/uploads\/2024\/09\/Tactical_Foodpack_WEEKPACK_Tango-02-768x768.jpg 768w, https:\/\/toidupakk.ee\/wp-content\/uploads\/2024\/09\/Tactical_Foodpack_WEEKPACK_Tango-02-1536x1536.jpg 1536w, https:\/\/toidupakk.ee\/wp-content\/uploads\/2024\/09\/Tactical_Foodpack_WEEKPACK_Tango-02-400x400.jpg 400w, https:\/\/toidupakk.ee\/wp-content\/uploads\/2024\/09\/Tactical_Foodpack_WEEKPACK_Tango-02-800x800.jpg 800w, https:\/\/toidupakk.ee\/wp-content\/uploads\/2024\/09\/Tactical_Foodpack_WEEKPACK_Tango-02-100x100.jpg 100w\" sizes=\"(max-width: 1920px) 100vw, 1920px\" \/><\/h2>\n<h2>Technologia liofilizacji \u2013 najlepsze rozwi\u0105zanie dla \u017cywno\u015bci wyprawowej<\/h2>\n<p>Produkty Tactical Foodpack wykorzystuj\u0105 <strong>technologi\u0119 liofilizacji<\/strong>, kt\u00f3ra pozwala zachowa\u0107 smak, tekstur\u0119 i warto\u015bci od\u017cywcze potraw. Metoda ta polega na usuwaniu wody w niskich temperaturach, co pozwala zachowa\u0107 niemal wszystkie pierwotne sk\u0142adniki od\u017cywcze i zapewnia d\u0142ug\u0105 trwa\u0142o\u015b\u0107. <\/p>\n<h3>Zalety liofilizacji:<\/h3>\n<ul>\n<li><strong>D\u0142ugi termin przydatno\u015bci<\/strong>: \u017bywno\u015b\u0107, kt\u00f3ra nie wymaga lod\u00f3wki, to doskona\u0142e rozwi\u0105zanie jako d\u0142ugoterminowy zapas.<\/li>\n<li><strong>Niska waga i kompaktowy rozmiar<\/strong>: Posi\u0142ki bez wody s\u0105 lekkie i \u0142atwe do przenoszenia, co doceni\u0105 mi\u0142o\u015bnicy w\u0119dr\u00f3wek i survivalu.<\/li>\n<li><strong>Szybkie przyrz\u0105dzanie<\/strong>: Liofilizowane dania s\u0105 gotowe w kilka minut po dodaniu gor\u0105cej wody. U\u0142atwia to gotowanie nawet przy braku czasu lub zasob\u00f3w. <\/li>\n<\/ul>\n<h2>Dla kogo jest ten zestaw?<\/h2>\n<ul>\n<li><strong>Dla w\u0119drowc\u00f3w i poszukiwaczy przyg\u00f3d<\/strong>: Kompaktowy i lekki zapas jedzenia, \u0142atwy do spakowania i szybki w przygotowaniu, idealny na d\u0142ugie wyprawy i warunki polowe.<\/li>\n<li><strong>Dla survivalowc\u00f3w i os\u00f3b przygotowanych na sytuacje awaryjne<\/strong>: Weekpack Tango to idealny wyb\u00f3r dla tych, kt\u00f3rzy chc\u0105 by\u0107 gotowi na wyzwania i potrzebuj\u0105 niezawodnej \u017cywno\u015bci o wieloletniej trwa\u0142o\u015bci.<\/li>\n<li><strong>Do d\u0142ugoterminowego przechowywania<\/strong>: Zestaw \u015bwietnie sprawdza si\u0119 jako zapas \u017cywno\u015bci na czarn\u0105 godzin\u0119 lub podczas podr\u00f3\u017cy.<\/li>\n<\/ul>\n<h3><img decoding=\"async\" class=\"alignnone size-full wp-image-34814\" src=\"https:\/\/toidupakk.ee\/wp-content\/uploads\/2024\/09\/Weekpack_TANGO.jpg\" alt=\"\" width=\"1920\" height=\"1280\" srcset=\"https:\/\/toidupakk.ee\/wp-content\/uploads\/2024\/09\/Weekpack_TANGO.jpg 1920w, https:\/\/toidupakk.ee\/wp-content\/uploads\/2024\/09\/Weekpack_TANGO-300x200.jpg 300w, https:\/\/toidupakk.ee\/wp-content\/uploads\/2024\/09\/Weekpack_TANGO-1024x683.jpg 1024w, https:\/\/toidupakk.ee\/wp-content\/uploads\/2024\/09\/Weekpack_TANGO-768x512.jpg 768w, https:\/\/toidupakk.ee\/wp-content\/uploads\/2024\/09\/Weekpack_TANGO-1536x1024.jpg 1536w, https:\/\/toidupakk.ee\/wp-content\/uploads\/2024\/09\/Weekpack_TANGO-800x533.jpg 800w\" sizes=\"(max-width: 1920px) 100vw, 1920px\" \/><\/h3>\n<h3>Zam\u00f3w Weekpack Tango ju\u017c dzi\u015b!<\/h3>\n<p><strong>Weekpack Tango<\/strong> to idealny wyb\u00f3r dla os\u00f3b szukaj\u0105cych wygody i niezawodno\u015bci tygodniowego zapasu jedzenia. Teraz dost\u0119pny w nowym opakowaniu i z gwarancj\u0105 wysokiej jako\u015bci, oferuje pe\u0142nowarto\u015bciowe posi\u0142ki na ka\u017cdy dzie\u0144. Zam\u00f3w Weekpack Tango ju\u017c dzi\u015b i b\u0105d\u017a gotowy na ka\u017cd\u0105 przygod\u0119 lub niespodziank\u0119!  <\/p>\n<p>Zobacz wi\u0119cej akcesori\u00f3w turystycznych <a href=\"https:\/\/toidupakk.ee\/pl\/tootekategooria\/sprzet-turystyczny\/#section-3-79\">TUTAJ<\/a><\/p>\n<p>Znajd\u017a inspiracj\u0119 na kolejne przygody na <a href=\"https:\/\/www.instagram.com\/toidupakk\/\">Instagramie<\/a> i <a href=\"https:\/\/www.facebook.com\/Toidupakk\/\">Facebooku<\/a> Toidupakk.<\/p>\n","protected":false},"excerpt":{"rendered":"<p class=\"\" data-start=\"226\" data-end=\"441\"><strong>Weekpack Tango to najnowszy i najbardziej urozmaicony pakiet \u017cywno\u015bci od Tactical Foodpack. Zawiera 21 r\u00f3\u017cnych posi\u0142k\u00f3w, kt\u00f3rych menu jest od\u015bwie\u017cane co dwa lata. Idealny na wypraw\u0119, jako zapas kryzysowy lub do codziennego u\u017cytku.  <\/strong><\/p>\n<ul>\n<li data-start=\"480\" data-end=\"910\">21 ciep\u0142ych posi\u0142k\u00f3w \u2013 tygodniowy zapas \u017cywno\u015bci dla jednej osoby<\/li>\n<li data-start=\"480\" data-end=\"910\">Receptury opracowane w Estonii, wyprodukowane w Niemczech w fabryce Tactical Foodpack<\/li>\n<li data-start=\"480\" data-end=\"910\">Wygodne i szybkie przygotowanie \u2013 zalej gor\u0105c\u0105 wod\u0105 i po 8 minutach ciesz si\u0119 pe\u0142nowarto\u015bciowym posi\u0142kiem<\/li>\n<li data-start=\"480\" data-end=\"910\">Dania g\u0142\u00f3wne zachowuj\u0105 trwa\u0142o\u015b\u0107 do 8 lat, ca\u0142y pakiet 4 lata (ze wzgl\u0119du na musli)<\/li>\n<li><span lang=\"ET\">Naturalny sk\u0142ad, nie zawiera konserwant\u00f3w ani dodatk\u00f3w<\/span><\/li>\n<li data-start=\"480\" data-end=\"910\">D\u0142uga trwa\u0142o\u015b\u0107 dzi\u0119ki technologii liofilizacji \u017cywno\u015bci<\/li>\n<li data-start=\"480\" data-end=\"910\">Wodoodporne opakowanie \u2013 wytrzyma\u0142e plastikowe wiadro u\u0142atwia przechowywanie i transport<\/li>\n<li>\u015awie\u017ce receptury \u2013 menu aktualizowane co 2 lata, zawsze najnowsze smaki<\/li>\n<li data-start=\"480\" data-end=\"910\">Po\u017cywne i urozmaicone \u2013 zawiera mi\u0119so, ryby, dania wegetaria\u0144skie \u2013 wszystko, co niezb\u0119dne na 7 dni<\/li>\n<li data-start=\"1293\" data-end=\"1568\">Waga ca\u0142kowita: 2,4 kg<\/li>\n<li data-start=\"1293\" data-end=\"1568\">\u0141\u0105czna kaloryczno\u015b\u0107: 10 466 kcal<\/li>\n<li data-start=\"1293\" data-end=\"1568\">Pakowane w wodoodporne wiadra \u2013 wygodne w przechowywaniu i transporcie<\/li>\n<\/ul>\n<p data-start=\"917\" data-end=\"944\"><strong data-start=\"921\" data-end=\"944\">Co zawiera pakiet?<\/strong><\/p>\n<p class=\"\" data-start=\"946\" data-end=\"997\">21 po\u017cywnych posi\u0142k\u00f3w (\u0142\u0105cznie 10 466 kcal \/ 2,4 kg):<\/p>\n<ul>\n<li data-start=\"1001\" data-end=\"1043\">7\u00d7 Musli czekoladowe z wi\u015bniami (468 kcal\/opakowanie)<\/li>\n<li data-start=\"1001\" data-end=\"1043\">3\u00d7 Makaron Arrabiata z kurczakiem (511 kcal\/opakowanie)<\/li>\n<li data-start=\"1001\" data-end=\"1043\">3\u00d7 Makaron z \u0142ososiem w bia\u0142ym winie (520 kcal\/opakowanie)<\/li>\n<li data-start=\"1001\" data-end=\"1043\">3\u00d7 Wo\u0142owe Bibimbap (531 kcal\/opakowanie)<\/li>\n<li data-start=\"1001\" data-end=\"1043\">2\u00d7 Risotto buraczane (502 kcal\/opakowanie)<\/li>\n<li data-start=\"1001\" data-end=\"1043\">3\u00d7 Gulasz burgundzki z wo\u0142owin\u0105 (500 kcal\/opakowanie)<\/li>\n<\/ul>\n<p>\u2705 Dost\u0119pne w magazynie, szybka dostawa 1-3 dni robocze<br \/>\n\u2705 DARMOWA dostawa do paczkomatu<br \/>\n\u2705 Kup teraz, zap\u0142a\u0107 p\u00f3\u017aniej (RRSO 0%)<\/p>\n","protected":false},"featured_media":52052,"comment_status":"open","ping_status":"closed","template":"","meta":{"_acf_changed":false},"product_brand":[],"product_cat":[303,347,337,311,343],"product_tag":[],"class_list":{"0":"post-52044","1":"product","2":"type-product","3":"status-publish","4":"has-post-thumbnail","6":"product_cat-akcesoria-turystyczne","7":"product_cat-duze-zestawy-zapasow-zywnosci","8":"product_cat-posilki-tactical-foodpack","9":"product_cat-praktyczne-pomysly-na-prezent","10":"product_cat-tygodniowe-zestawy-zapasow-zywnosci","12":"first","13":"instock","14":"sale","15":"taxable","16":"shipping-taxable","17":"purchasable","18":"product-type-simple"},"bundled_by":[],"bundle_stock_status":"instock","bundle_stock_quantity":3,"bundle_virtual":false,"bundle_layout":"","bundle_add_to_cart_form_location":"","bundle_editable_in_cart":false,"bundle_sold_individually_context":"","bundle_item_grouping":"","bundle_min_size":"","bundle_max_size":"","bundle_price":[],"bundled_items":[],"bundle_sell_ids":[],"acf":[],"yoast_head":"<!-- This site is optimized with the Yoast SEO plugin v27.3 - https:\/\/yoast.com\/product\/yoast-seo-wordpress\/ -->\n<title>Weekpack Tango - Toidupakk.ee - Tactical Foodpack toidupakid<\/title>\n<meta name=\"description\" content=\"Tactical Foodpack Weekpack Tango to tygodniowy zestaw zapas\u00f3w \u017cywno\u015bci, kt\u00f3ry zawiera liofilizowane posi\u0142ki na ca\u0142y tydzie\u0144 i zachowuje trwa\u0142o\u015b\u0107 do 4 lat.\" \/>\n<meta name=\"robots\" content=\"index, follow, max-snippet:-1, max-image-preview:large, max-video-preview:-1\" \/>\n<link rel=\"canonical\" href=\"https:\/\/toidupakk.ee\/pl\/toode\/weekpack-tango\/\" \/>\n<meta property=\"og:locale\" content=\"pl_PL\" \/>\n<meta property=\"og:type\" content=\"article\" \/>\n<meta property=\"og:title\" content=\"Weekpack Tango - Toidupakk.ee - Tactical Foodpack toidupakid\" \/>\n<meta property=\"og:description\" content=\"Tactical Foodpack Weekpack Tango to tygodniowy zestaw zapas\u00f3w \u017cywno\u015bci, kt\u00f3ry zawiera liofilizowane posi\u0142ki na ca\u0142y tydzie\u0144 i zachowuje trwa\u0142o\u015b\u0107 do 4 lat.\" \/>\n<meta property=\"og:url\" content=\"https:\/\/toidupakk.ee\/pl\/toode\/weekpack-tango\/\" \/>\n<meta property=\"og:site_name\" content=\"Toidupakk.ee - Tactical Foodpack toidupakid\" \/>\n<meta property=\"article:publisher\" content=\"https:\/\/www.facebook.com\/Toidupakk\" \/>\n<meta property=\"article:modified_time\" content=\"2026-04-16T10:30:14+00:00\" \/>\n<meta property=\"og:image\" content=\"https:\/\/toidupakk.ee\/wp-content\/uploads\/2024\/09\/Weekpack-Tango.png\" \/>\n\t<meta property=\"og:image:width\" content=\"800\" \/>\n\t<meta property=\"og:image:height\" content=\"800\" \/>\n\t<meta property=\"og:image:type\" content=\"image\/png\" \/>\n<meta name=\"twitter:card\" content=\"summary_large_image\" \/>\n<meta name=\"twitter:label1\" content=\"Szacowany czas czytania\" \/>\n\t<meta name=\"twitter:data1\" content=\"4 minuty\" \/>\n<script type=\"application\/ld+json\" class=\"yoast-schema-graph\">{\"@context\":\"https:\\\/\\\/schema.org\",\"@graph\":[{\"@type\":\"WebPage\",\"@id\":\"https:\\\/\\\/toidupakk.ee\\\/pl\\\/toode\\\/weekpack-tango\\\/\",\"url\":\"https:\\\/\\\/toidupakk.ee\\\/pl\\\/toode\\\/weekpack-tango\\\/\",\"name\":\"Weekpack Tango - Toidupakk.ee - Tactical Foodpack toidupakid\",\"isPartOf\":{\"@id\":\"https:\\\/\\\/toidupakk.ee\\\/pl\\\/#website\"},\"primaryImageOfPage\":{\"@id\":\"https:\\\/\\\/toidupakk.ee\\\/pl\\\/toode\\\/weekpack-tango\\\/#primaryimage\"},\"image\":{\"@id\":\"https:\\\/\\\/toidupakk.ee\\\/pl\\\/toode\\\/weekpack-tango\\\/#primaryimage\"},\"thumbnailUrl\":\"https:\\\/\\\/toidupakk.ee\\\/wp-content\\\/uploads\\\/2024\\\/09\\\/Weekpack-Tango.png\",\"datePublished\":\"2024-09-11T11:39:30+00:00\",\"dateModified\":\"2026-04-16T10:30:14+00:00\",\"description\":\"Tactical Foodpack Weekpack Tango to tygodniowy zestaw zapas\u00f3w \u017cywno\u015bci, kt\u00f3ry zawiera liofilizowane posi\u0142ki na ca\u0142y tydzie\u0144 i zachowuje trwa\u0142o\u015b\u0107 do 4 lat.\",\"breadcrumb\":{\"@id\":\"https:\\\/\\\/toidupakk.ee\\\/pl\\\/toode\\\/weekpack-tango\\\/#breadcrumb\"},\"inLanguage\":\"pl-PL\",\"potentialAction\":[{\"@type\":\"ReadAction\",\"target\":[\"https:\\\/\\\/toidupakk.ee\\\/pl\\\/toode\\\/weekpack-tango\\\/\"]}]},{\"@type\":\"ImageObject\",\"inLanguage\":\"pl-PL\",\"@id\":\"https:\\\/\\\/toidupakk.ee\\\/pl\\\/toode\\\/weekpack-tango\\\/#primaryimage\",\"url\":\"https:\\\/\\\/toidupakk.ee\\\/wp-content\\\/uploads\\\/2024\\\/09\\\/Weekpack-Tango.png\",\"contentUrl\":\"https:\\\/\\\/toidupakk.ee\\\/wp-content\\\/uploads\\\/2024\\\/09\\\/Weekpack-Tango.png\",\"width\":800,\"height\":800,\"caption\":\"Wiadro Tactical Foodpack Tango\"},{\"@type\":\"BreadcrumbList\",\"@id\":\"https:\\\/\\\/toidupakk.ee\\\/pl\\\/toode\\\/weekpack-tango\\\/#breadcrumb\",\"itemListElement\":[{\"@type\":\"ListItem\",\"position\":1,\"name\":\"Avaleht\",\"item\":\"https:\\\/\\\/toidupakk.ee\\\/pl\\\/\"},{\"@type\":\"ListItem\",\"position\":2,\"name\":\"Sklep internetowy\",\"item\":\"https:\\\/\\\/toidupakk.ee\\\/pl\\\/sklep-internetowy\\\/\"},{\"@type\":\"ListItem\",\"position\":3,\"name\":\"Weekpack Tango\"}]},{\"@type\":\"WebSite\",\"@id\":\"https:\\\/\\\/toidupakk.ee\\\/pl\\\/#website\",\"url\":\"https:\\\/\\\/toidupakk.ee\\\/pl\\\/\",\"name\":\"Toidupakk.ee - Tactical Foodpack toidupakid\",\"description\":\"Tactical Foodpack k\u00fclmkuivatatud toidupakid ja matkaeined\",\"publisher\":{\"@id\":\"https:\\\/\\\/toidupakk.ee\\\/pl\\\/#organization\"},\"potentialAction\":[{\"@type\":\"SearchAction\",\"target\":{\"@type\":\"EntryPoint\",\"urlTemplate\":\"https:\\\/\\\/toidupakk.ee\\\/pl\\\/?s={search_term_string}\"},\"query-input\":{\"@type\":\"PropertyValueSpecification\",\"valueRequired\":true,\"valueName\":\"search_term_string\"}}],\"inLanguage\":\"pl-PL\"},{\"@type\":\"Organization\",\"@id\":\"https:\\\/\\\/toidupakk.ee\\\/pl\\\/#organization\",\"name\":\"Tactical Foodpack matkaeined\",\"url\":\"https:\\\/\\\/toidupakk.ee\\\/pl\\\/\",\"logo\":{\"@type\":\"ImageObject\",\"inLanguage\":\"pl-PL\",\"@id\":\"https:\\\/\\\/toidupakk.ee\\\/pl\\\/#\\\/schema\\\/logo\\\/image\\\/\",\"url\":\"https:\\\/\\\/toidupakk.ee\\\/wp-content\\\/uploads\\\/2022\\\/01\\\/Toidupakk-matkapood-logo-transparent.png\",\"contentUrl\":\"https:\\\/\\\/toidupakk.ee\\\/wp-content\\\/uploads\\\/2022\\\/01\\\/Toidupakk-matkapood-logo-transparent.png\",\"width\":500,\"height\":500,\"caption\":\"Tactical Foodpack matkaeined\"},\"image\":{\"@id\":\"https:\\\/\\\/toidupakk.ee\\\/pl\\\/#\\\/schema\\\/logo\\\/image\\\/\"},\"sameAs\":[\"https:\\\/\\\/www.facebook.com\\\/Toidupakk\",\"https:\\\/\\\/www.instagram.com\\\/toidupakk\\\/\"]}]}<\/script>\n<!-- \/ Yoast SEO plugin. -->","yoast_head_json":{"title":"Weekpack Tango - Toidupakk.ee - Tactical Foodpack toidupakid","description":"Tactical Foodpack Weekpack Tango to tygodniowy zestaw zapas\u00f3w \u017cywno\u015bci, kt\u00f3ry zawiera liofilizowane posi\u0142ki na ca\u0142y tydzie\u0144 i zachowuje trwa\u0142o\u015b\u0107 do 4 lat.","robots":{"index":"index","follow":"follow","max-snippet":"max-snippet:-1","max-image-preview":"max-image-preview:large","max-video-preview":"max-video-preview:-1"},"canonical":"https:\/\/toidupakk.ee\/pl\/toode\/weekpack-tango\/","og_locale":"pl_PL","og_type":"article","og_title":"Weekpack Tango - Toidupakk.ee - Tactical Foodpack toidupakid","og_description":"Tactical Foodpack Weekpack Tango to tygodniowy zestaw zapas\u00f3w \u017cywno\u015bci, kt\u00f3ry zawiera liofilizowane posi\u0142ki na ca\u0142y tydzie\u0144 i zachowuje trwa\u0142o\u015b\u0107 do 4 lat.","og_url":"https:\/\/toidupakk.ee\/pl\/toode\/weekpack-tango\/","og_site_name":"Toidupakk.ee - Tactical Foodpack toidupakid","article_publisher":"https:\/\/www.facebook.com\/Toidupakk","article_modified_time":"2026-04-16T10:30:14+00:00","og_image":[{"width":800,"height":800,"url":"https:\/\/toidupakk.ee\/wp-content\/uploads\/2024\/09\/Weekpack-Tango.png","type":"image\/png"}],"twitter_card":"summary_large_image","twitter_misc":{"Szacowany czas czytania":"4 minuty"},"schema":{"@context":"https:\/\/schema.org","@graph":[{"@type":"WebPage","@id":"https:\/\/toidupakk.ee\/pl\/toode\/weekpack-tango\/","url":"https:\/\/toidupakk.ee\/pl\/toode\/weekpack-tango\/","name":"Weekpack Tango - Toidupakk.ee - Tactical Foodpack toidupakid","isPartOf":{"@id":"https:\/\/toidupakk.ee\/pl\/#website"},"primaryImageOfPage":{"@id":"https:\/\/toidupakk.ee\/pl\/toode\/weekpack-tango\/#primaryimage"},"image":{"@id":"https:\/\/toidupakk.ee\/pl\/toode\/weekpack-tango\/#primaryimage"},"thumbnailUrl":"https:\/\/toidupakk.ee\/wp-content\/uploads\/2024\/09\/Weekpack-Tango.png","datePublished":"2024-09-11T11:39:30+00:00","dateModified":"2026-04-16T10:30:14+00:00","description":"Tactical Foodpack Weekpack Tango to tygodniowy zestaw zapas\u00f3w \u017cywno\u015bci, kt\u00f3ry zawiera liofilizowane posi\u0142ki na ca\u0142y tydzie\u0144 i zachowuje trwa\u0142o\u015b\u0107 do 4 lat.","breadcrumb":{"@id":"https:\/\/toidupakk.ee\/pl\/toode\/weekpack-tango\/#breadcrumb"},"inLanguage":"pl-PL","potentialAction":[{"@type":"ReadAction","target":["https:\/\/toidupakk.ee\/pl\/toode\/weekpack-tango\/"]}]},{"@type":"ImageObject","inLanguage":"pl-PL","@id":"https:\/\/toidupakk.ee\/pl\/toode\/weekpack-tango\/#primaryimage","url":"https:\/\/toidupakk.ee\/wp-content\/uploads\/2024\/09\/Weekpack-Tango.png","contentUrl":"https:\/\/toidupakk.ee\/wp-content\/uploads\/2024\/09\/Weekpack-Tango.png","width":800,"height":800,"caption":"Wiadro Tactical Foodpack Tango"},{"@type":"BreadcrumbList","@id":"https:\/\/toidupakk.ee\/pl\/toode\/weekpack-tango\/#breadcrumb","itemListElement":[{"@type":"ListItem","position":1,"name":"Avaleht","item":"https:\/\/toidupakk.ee\/pl\/"},{"@type":"ListItem","position":2,"name":"Sklep internetowy","item":"https:\/\/toidupakk.ee\/pl\/sklep-internetowy\/"},{"@type":"ListItem","position":3,"name":"Weekpack Tango"}]},{"@type":"WebSite","@id":"https:\/\/toidupakk.ee\/pl\/#website","url":"https:\/\/toidupakk.ee\/pl\/","name":"Toidupakk.ee - Tactical Foodpack toidupakid","description":"Tactical Foodpack k\u00fclmkuivatatud toidupakid ja matkaeined","publisher":{"@id":"https:\/\/toidupakk.ee\/pl\/#organization"},"potentialAction":[{"@type":"SearchAction","target":{"@type":"EntryPoint","urlTemplate":"https:\/\/toidupakk.ee\/pl\/?s={search_term_string}"},"query-input":{"@type":"PropertyValueSpecification","valueRequired":true,"valueName":"search_term_string"}}],"inLanguage":"pl-PL"},{"@type":"Organization","@id":"https:\/\/toidupakk.ee\/pl\/#organization","name":"Tactical Foodpack matkaeined","url":"https:\/\/toidupakk.ee\/pl\/","logo":{"@type":"ImageObject","inLanguage":"pl-PL","@id":"https:\/\/toidupakk.ee\/pl\/#\/schema\/logo\/image\/","url":"https:\/\/toidupakk.ee\/wp-content\/uploads\/2022\/01\/Toidupakk-matkapood-logo-transparent.png","contentUrl":"https:\/\/toidupakk.ee\/wp-content\/uploads\/2022\/01\/Toidupakk-matkapood-logo-transparent.png","width":500,"height":500,"caption":"Tactical Foodpack matkaeined"},"image":{"@id":"https:\/\/toidupakk.ee\/pl\/#\/schema\/logo\/image\/"},"sameAs":["https:\/\/www.facebook.com\/Toidupakk","https:\/\/www.instagram.com\/toidupakk\/"]}]}},"jetpack_sharing_enabled":true,"_links":{"self":[{"href":"https:\/\/toidupakk.ee\/pl\/wp-json\/wp\/v2\/product\/52044","targetHints":{"allow":["GET"]}}],"collection":[{"href":"https:\/\/toidupakk.ee\/pl\/wp-json\/wp\/v2\/product"}],"about":[{"href":"https:\/\/toidupakk.ee\/pl\/wp-json\/wp\/v2\/types\/product"}],"replies":[{"embeddable":true,"href":"https:\/\/toidupakk.ee\/pl\/wp-json\/wp\/v2\/comments?post=52044"}],"wp:featuredmedia":[{"embeddable":true,"href":"https:\/\/toidupakk.ee\/pl\/wp-json\/wp\/v2\/media\/52052"}],"wp:attachment":[{"href":"https:\/\/toidupakk.ee\/pl\/wp-json\/wp\/v2\/media?parent=52044"}],"wp:term":[{"taxonomy":"product_brand","embeddable":true,"href":"https:\/\/toidupakk.ee\/pl\/wp-json\/wp\/v2\/product_brand?post=52044"},{"taxonomy":"product_cat","embeddable":true,"href":"https:\/\/toidupakk.ee\/pl\/wp-json\/wp\/v2\/product_cat?post=52044"},{"taxonomy":"product_tag","embeddable":true,"href":"https:\/\/toidupakk.ee\/pl\/wp-json\/wp\/v2\/product_tag?post=52044"}],"curies":[{"name":"wp","href":"https:\/\/api.w.org\/{rel}","templated":true}]}}