{"id":52040,"date":"2023-04-12T09:45:43","date_gmt":"2023-04-12T06:45:43","guid":{"rendered":"https:\/\/toidupakk.ee\/toode\/baton-energetyczny-sis-go-banana-fudge-40-g\/"},"modified":"2026-04-16T12:30:47","modified_gmt":"2026-04-16T09:30:47","slug":"baton-energetyczny-sis-go-banana-fudge-40-g","status":"publish","type":"product","link":"https:\/\/toidupakk.ee\/pl\/toode\/baton-energetyczny-sis-go-banana-fudge-40-g\/","title":{"rendered":"Baton energetyczny SiS GO Banana Fudge 40 g"},"content":{"rendered":"<p>Baton energetyczny SiS GO Banana Fudge to \u017cywno\u015b\u0107 sportowa stworzona z my\u015bl\u0105 o uzupe\u0142nianiu zapas\u00f3w energii i poprawie wytrzyma\u0142o\u015bci podczas wysi\u0142ku fizycznego.<\/p>\n<p>Spo\u017cywanie batona energetycznego SiS GO Banana Fudge jest szczeg\u00f3lnie zalecane podczas aktywno\u015bci sportowej, zw\u0142aszcza przy d\u0142u\u017cszych treningach lub zawodach, gdzie obci\u0105\u017cenie fizyczne jest du\u017ce, a zapasy energii mog\u0105 si\u0119 szybko wyczerpa\u0107. Batony energetyczne SiS GO Energy Mini s\u0105 dost\u0119pne w r\u00f3\u017cnych smakach, wi\u0119c ka\u017cdy znajdzie co\u015b dla siebie. <\/p>\n<p>&nbsp;<\/p>\n<p>Zobacz wi\u0119cej akcesori\u00f3w turystycznych <a href=\"https:\/\/toidupakk.ee\/pl\/tootekategooria\/sprzet-turystyczny\/#section-3-79\">TUTAJ<\/a><\/p>\n<p>Znajd\u017a inspiracj\u0119 na kolejne przygody na <a href=\"https:\/\/www.instagram.com\/toidupakk\/\">Instagramie<\/a> i <a href=\"https:\/\/www.facebook.com\/Toidupakk\/\">Facebooku<\/a> Toidupakk.<\/p>\n","protected":false},"excerpt":{"rendered":"<p>Batony energetyczne SiS GO Energy Mini zawieraj\u0105 szybko przyswajalne w\u0119glowodany, kt\u00f3re pomagaj\u0105 organizmowi szybko si\u0119 zregenerowa\u0107 i podnie\u015b\u0107 poziom energii. Dodatkowo produkt zawiera elektrolity, kt\u00f3re pomagaj\u0105 utrzyma\u0107 r\u00f3wnowag\u0119 p\u0142yn\u00f3w i zapewni\u0107 lepsze nawodnienie podczas treningu. <\/p>\n<ul>\n<li>Zjedz 1 baton 30\u201360 min przed treningiem<\/li>\n<li>Elektrolity dla zachowania r\u00f3wnowagi p\u0142yn\u00f3w<\/li>\n<li>\u0141atwy do zabrania ze sob\u0105 i spo\u017cycia<\/li>\n<li>Idealny na d\u0142u\u017csze treningi i zawody.<\/li>\n<\/ul>\n<p><strong>SK\u0141AD<\/strong>: Koncentrat soku owocowego 31% (winogrona, ananas), suszone owoce 26% (daktyle, banany, morele), musli 18% (p\u0142atki ry\u017cowe i sojowe (m\u0105ka ry\u017cowa, izolat bia\u0142ka sojowego, m\u0105ka <strong>owsiana<\/strong>, s\u00f3l, olej ro\u015blinny, lecytyna), bezglutenowy <strong>owies<\/strong>), maltodekstryna (z kukurydzy), izolat bia\u0142ka sojowego, emulgator (lecytyna <strong>sojowa<\/strong>), naturalne aromaty, substancja utrzymuj\u0105ca wilgo\u0107 (mleczan wapnia). Mo\u017ce zawiera\u0107 pestki i drobne fragmenty owoc\u00f3w. Odpowiedni dla wegetarian.  <\/p>\n<p><strong>WARTO\u015a\u0106 OD\u017bYWCZA W 100 g<\/strong>: Energia 1468 kJ \/ 347 kcal, w\u0119glowodany 64 g (w tym cukry 30 g), bia\u0142ko 11 g, t\u0142uszcze 5 g (w tym kwasy t\u0142uszczowe nasycone 0,7 g), b\u0142onnik 2,6 g, s\u00f3l 0,1 g.<\/p>\n<p>\u2705 UWAGA! Czas dostawy produktu wynosi tymczasowo ok. 1 tydzie\u0144 <\/p>\n","protected":false},"featured_media":7384,"comment_status":"open","ping_status":"closed","template":"","meta":{"_acf_changed":false},"product_brand":[],"product_cat":[303,339,364,301,353],"product_tag":[305],"class_list":{"0":"post-52040","1":"product","2":"type-product","3":"status-publish","4":"has-post-thumbnail","6":"product_cat-akcesoria-turystyczne","7":"product_cat-batony-energetyczne","8":"product_cat-dodatki","9":"product_cat-sprzet-turystyczny","10":"product_cat-zele-energetyczne","11":"product_tag-no_ads","13":"first","14":"outofstock","15":"sale","16":"taxable","17":"shipping-taxable","18":"purchasable","19":"product-type-simple"},"bundled_by":[],"bundle_stock_status":"outofstock","bundle_stock_quantity":0,"bundle_virtual":false,"bundle_layout":"","bundle_add_to_cart_form_location":"","bundle_editable_in_cart":false,"bundle_sold_individually_context":"","bundle_item_grouping":"","bundle_min_size":"","bundle_max_size":"","bundle_price":[],"bundled_items":[],"bundle_sell_ids":[],"acf":[],"yoast_head":"<!-- This site is optimized with the Yoast SEO plugin v27.3 - https:\/\/yoast.com\/product\/yoast-seo-wordpress\/ -->\n<title>Baton energetyczny SiS GO Banana Fudge 40 g<\/title>\n<meta name=\"description\" content=\"Batony energetyczne SiS GO Energy to idealne produkty sportowe, kt\u00f3re pomog\u0105 Ci poprawi\u0107 wyniki i osi\u0105gn\u0105\u0107 wyznaczone cele.\" \/>\n<meta name=\"robots\" content=\"index, follow, max-snippet:-1, max-image-preview:large, max-video-preview:-1\" \/>\n<link rel=\"canonical\" href=\"https:\/\/toidupakk.ee\/pl\/toode\/baton-energetyczny-sis-go-banana-fudge-40-g\/\" \/>\n<meta property=\"og:locale\" content=\"pl_PL\" \/>\n<meta property=\"og:type\" content=\"article\" \/>\n<meta property=\"og:title\" content=\"Baton energetyczny SiS GO Banana Fudge 40 g\" \/>\n<meta property=\"og:description\" content=\"Batony energetyczne SiS GO Energy to idealne produkty sportowe, kt\u00f3re pomog\u0105 Ci poprawi\u0107 wyniki i osi\u0105gn\u0105\u0107 wyznaczone cele.\" \/>\n<meta property=\"og:url\" content=\"https:\/\/toidupakk.ee\/pl\/toode\/baton-energetyczny-sis-go-banana-fudge-40-g\/\" \/>\n<meta property=\"og:site_name\" content=\"Toidupakk.ee - Tactical Foodpack toidupakid\" \/>\n<meta property=\"article:publisher\" content=\"https:\/\/www.facebook.com\/Toidupakk\" \/>\n<meta property=\"article:modified_time\" content=\"2026-04-16T09:30:47+00:00\" \/>\n<meta property=\"og:image\" content=\"https:\/\/toidupakk.ee\/wp-content\/uploads\/2023\/04\/SIS-GO-BananaFudge-1.png\" \/>\n\t<meta property=\"og:image:width\" content=\"1080\" \/>\n\t<meta property=\"og:image:height\" content=\"1080\" \/>\n\t<meta property=\"og:image:type\" content=\"image\/png\" \/>\n<meta name=\"twitter:card\" content=\"summary_large_image\" \/>\n<meta name=\"twitter:label1\" content=\"Szacowany czas czytania\" \/>\n\t<meta name=\"twitter:data1\" content=\"1 minuta\" \/>\n<script type=\"application\/ld+json\" class=\"yoast-schema-graph\">{\"@context\":\"https:\\\/\\\/schema.org\",\"@graph\":[{\"@type\":\"WebPage\",\"@id\":\"https:\\\/\\\/toidupakk.ee\\\/pl\\\/toode\\\/baton-energetyczny-sis-go-banana-fudge-40-g\\\/\",\"url\":\"https:\\\/\\\/toidupakk.ee\\\/pl\\\/toode\\\/baton-energetyczny-sis-go-banana-fudge-40-g\\\/\",\"name\":\"Baton energetyczny SiS GO Banana Fudge 40 g\",\"isPartOf\":{\"@id\":\"https:\\\/\\\/toidupakk.ee\\\/pl\\\/#website\"},\"primaryImageOfPage\":{\"@id\":\"https:\\\/\\\/toidupakk.ee\\\/pl\\\/toode\\\/baton-energetyczny-sis-go-banana-fudge-40-g\\\/#primaryimage\"},\"image\":{\"@id\":\"https:\\\/\\\/toidupakk.ee\\\/pl\\\/toode\\\/baton-energetyczny-sis-go-banana-fudge-40-g\\\/#primaryimage\"},\"thumbnailUrl\":\"https:\\\/\\\/toidupakk.ee\\\/wp-content\\\/uploads\\\/2023\\\/04\\\/SIS-GO-BananaFudge-1.png\",\"datePublished\":\"2023-04-12T06:45:43+00:00\",\"dateModified\":\"2026-04-16T09:30:47+00:00\",\"description\":\"Batony energetyczne SiS GO Energy to idealne produkty sportowe, kt\u00f3re pomog\u0105 Ci poprawi\u0107 wyniki i osi\u0105gn\u0105\u0107 wyznaczone cele.\",\"breadcrumb\":{\"@id\":\"https:\\\/\\\/toidupakk.ee\\\/pl\\\/toode\\\/baton-energetyczny-sis-go-banana-fudge-40-g\\\/#breadcrumb\"},\"inLanguage\":\"pl-PL\",\"potentialAction\":[{\"@type\":\"ReadAction\",\"target\":[\"https:\\\/\\\/toidupakk.ee\\\/pl\\\/toode\\\/baton-energetyczny-sis-go-banana-fudge-40-g\\\/\"]}]},{\"@type\":\"ImageObject\",\"inLanguage\":\"pl-PL\",\"@id\":\"https:\\\/\\\/toidupakk.ee\\\/pl\\\/toode\\\/baton-energetyczny-sis-go-banana-fudge-40-g\\\/#primaryimage\",\"url\":\"https:\\\/\\\/toidupakk.ee\\\/wp-content\\\/uploads\\\/2023\\\/04\\\/SIS-GO-BananaFudge-1.png\",\"contentUrl\":\"https:\\\/\\\/toidupakk.ee\\\/wp-content\\\/uploads\\\/2023\\\/04\\\/SIS-GO-BananaFudge-1.png\",\"width\":1080,\"height\":1080,\"caption\":\"Sis Go energiabatoon banaan\"},{\"@type\":\"BreadcrumbList\",\"@id\":\"https:\\\/\\\/toidupakk.ee\\\/pl\\\/toode\\\/baton-energetyczny-sis-go-banana-fudge-40-g\\\/#breadcrumb\",\"itemListElement\":[{\"@type\":\"ListItem\",\"position\":1,\"name\":\"Avaleht\",\"item\":\"https:\\\/\\\/toidupakk.ee\\\/pl\\\/\"},{\"@type\":\"ListItem\",\"position\":2,\"name\":\"Sklep internetowy\",\"item\":\"https:\\\/\\\/toidupakk.ee\\\/pl\\\/sklep-internetowy\\\/\"},{\"@type\":\"ListItem\",\"position\":3,\"name\":\"Baton energetyczny SiS GO Banana Fudge 40 g\"}]},{\"@type\":\"WebSite\",\"@id\":\"https:\\\/\\\/toidupakk.ee\\\/pl\\\/#website\",\"url\":\"https:\\\/\\\/toidupakk.ee\\\/pl\\\/\",\"name\":\"Toidupakk.ee - Tactical Foodpack toidupakid\",\"description\":\"Tactical Foodpack k\u00fclmkuivatatud toidupakid ja matkaeined\",\"publisher\":{\"@id\":\"https:\\\/\\\/toidupakk.ee\\\/pl\\\/#organization\"},\"potentialAction\":[{\"@type\":\"SearchAction\",\"target\":{\"@type\":\"EntryPoint\",\"urlTemplate\":\"https:\\\/\\\/toidupakk.ee\\\/pl\\\/?s={search_term_string}\"},\"query-input\":{\"@type\":\"PropertyValueSpecification\",\"valueRequired\":true,\"valueName\":\"search_term_string\"}}],\"inLanguage\":\"pl-PL\"},{\"@type\":\"Organization\",\"@id\":\"https:\\\/\\\/toidupakk.ee\\\/pl\\\/#organization\",\"name\":\"Tactical Foodpack matkaeined\",\"url\":\"https:\\\/\\\/toidupakk.ee\\\/pl\\\/\",\"logo\":{\"@type\":\"ImageObject\",\"inLanguage\":\"pl-PL\",\"@id\":\"https:\\\/\\\/toidupakk.ee\\\/pl\\\/#\\\/schema\\\/logo\\\/image\\\/\",\"url\":\"https:\\\/\\\/toidupakk.ee\\\/wp-content\\\/uploads\\\/2022\\\/01\\\/Toidupakk-matkapood-logo-transparent.png\",\"contentUrl\":\"https:\\\/\\\/toidupakk.ee\\\/wp-content\\\/uploads\\\/2022\\\/01\\\/Toidupakk-matkapood-logo-transparent.png\",\"width\":500,\"height\":500,\"caption\":\"Tactical Foodpack matkaeined\"},\"image\":{\"@id\":\"https:\\\/\\\/toidupakk.ee\\\/pl\\\/#\\\/schema\\\/logo\\\/image\\\/\"},\"sameAs\":[\"https:\\\/\\\/www.facebook.com\\\/Toidupakk\",\"https:\\\/\\\/www.instagram.com\\\/toidupakk\\\/\"]}]}<\/script>\n<!-- \/ Yoast SEO plugin. -->","yoast_head_json":{"title":"Baton energetyczny SiS GO Banana Fudge 40 g","description":"Batony energetyczne SiS GO Energy to idealne produkty sportowe, kt\u00f3re pomog\u0105 Ci poprawi\u0107 wyniki i osi\u0105gn\u0105\u0107 wyznaczone cele.","robots":{"index":"index","follow":"follow","max-snippet":"max-snippet:-1","max-image-preview":"max-image-preview:large","max-video-preview":"max-video-preview:-1"},"canonical":"https:\/\/toidupakk.ee\/pl\/toode\/baton-energetyczny-sis-go-banana-fudge-40-g\/","og_locale":"pl_PL","og_type":"article","og_title":"Baton energetyczny SiS GO Banana Fudge 40 g","og_description":"Batony energetyczne SiS GO Energy to idealne produkty sportowe, kt\u00f3re pomog\u0105 Ci poprawi\u0107 wyniki i osi\u0105gn\u0105\u0107 wyznaczone cele.","og_url":"https:\/\/toidupakk.ee\/pl\/toode\/baton-energetyczny-sis-go-banana-fudge-40-g\/","og_site_name":"Toidupakk.ee - Tactical Foodpack toidupakid","article_publisher":"https:\/\/www.facebook.com\/Toidupakk","article_modified_time":"2026-04-16T09:30:47+00:00","og_image":[{"width":1080,"height":1080,"url":"https:\/\/toidupakk.ee\/wp-content\/uploads\/2023\/04\/SIS-GO-BananaFudge-1.png","type":"image\/png"}],"twitter_card":"summary_large_image","twitter_misc":{"Szacowany czas czytania":"1 minuta"},"schema":{"@context":"https:\/\/schema.org","@graph":[{"@type":"WebPage","@id":"https:\/\/toidupakk.ee\/pl\/toode\/baton-energetyczny-sis-go-banana-fudge-40-g\/","url":"https:\/\/toidupakk.ee\/pl\/toode\/baton-energetyczny-sis-go-banana-fudge-40-g\/","name":"Baton energetyczny SiS GO Banana Fudge 40 g","isPartOf":{"@id":"https:\/\/toidupakk.ee\/pl\/#website"},"primaryImageOfPage":{"@id":"https:\/\/toidupakk.ee\/pl\/toode\/baton-energetyczny-sis-go-banana-fudge-40-g\/#primaryimage"},"image":{"@id":"https:\/\/toidupakk.ee\/pl\/toode\/baton-energetyczny-sis-go-banana-fudge-40-g\/#primaryimage"},"thumbnailUrl":"https:\/\/toidupakk.ee\/wp-content\/uploads\/2023\/04\/SIS-GO-BananaFudge-1.png","datePublished":"2023-04-12T06:45:43+00:00","dateModified":"2026-04-16T09:30:47+00:00","description":"Batony energetyczne SiS GO Energy to idealne produkty sportowe, kt\u00f3re pomog\u0105 Ci poprawi\u0107 wyniki i osi\u0105gn\u0105\u0107 wyznaczone cele.","breadcrumb":{"@id":"https:\/\/toidupakk.ee\/pl\/toode\/baton-energetyczny-sis-go-banana-fudge-40-g\/#breadcrumb"},"inLanguage":"pl-PL","potentialAction":[{"@type":"ReadAction","target":["https:\/\/toidupakk.ee\/pl\/toode\/baton-energetyczny-sis-go-banana-fudge-40-g\/"]}]},{"@type":"ImageObject","inLanguage":"pl-PL","@id":"https:\/\/toidupakk.ee\/pl\/toode\/baton-energetyczny-sis-go-banana-fudge-40-g\/#primaryimage","url":"https:\/\/toidupakk.ee\/wp-content\/uploads\/2023\/04\/SIS-GO-BananaFudge-1.png","contentUrl":"https:\/\/toidupakk.ee\/wp-content\/uploads\/2023\/04\/SIS-GO-BananaFudge-1.png","width":1080,"height":1080,"caption":"Sis Go energiabatoon banaan"},{"@type":"BreadcrumbList","@id":"https:\/\/toidupakk.ee\/pl\/toode\/baton-energetyczny-sis-go-banana-fudge-40-g\/#breadcrumb","itemListElement":[{"@type":"ListItem","position":1,"name":"Avaleht","item":"https:\/\/toidupakk.ee\/pl\/"},{"@type":"ListItem","position":2,"name":"Sklep internetowy","item":"https:\/\/toidupakk.ee\/pl\/sklep-internetowy\/"},{"@type":"ListItem","position":3,"name":"Baton energetyczny SiS GO Banana Fudge 40 g"}]},{"@type":"WebSite","@id":"https:\/\/toidupakk.ee\/pl\/#website","url":"https:\/\/toidupakk.ee\/pl\/","name":"Toidupakk.ee - Tactical Foodpack toidupakid","description":"Tactical Foodpack k\u00fclmkuivatatud toidupakid ja matkaeined","publisher":{"@id":"https:\/\/toidupakk.ee\/pl\/#organization"},"potentialAction":[{"@type":"SearchAction","target":{"@type":"EntryPoint","urlTemplate":"https:\/\/toidupakk.ee\/pl\/?s={search_term_string}"},"query-input":{"@type":"PropertyValueSpecification","valueRequired":true,"valueName":"search_term_string"}}],"inLanguage":"pl-PL"},{"@type":"Organization","@id":"https:\/\/toidupakk.ee\/pl\/#organization","name":"Tactical Foodpack matkaeined","url":"https:\/\/toidupakk.ee\/pl\/","logo":{"@type":"ImageObject","inLanguage":"pl-PL","@id":"https:\/\/toidupakk.ee\/pl\/#\/schema\/logo\/image\/","url":"https:\/\/toidupakk.ee\/wp-content\/uploads\/2022\/01\/Toidupakk-matkapood-logo-transparent.png","contentUrl":"https:\/\/toidupakk.ee\/wp-content\/uploads\/2022\/01\/Toidupakk-matkapood-logo-transparent.png","width":500,"height":500,"caption":"Tactical Foodpack matkaeined"},"image":{"@id":"https:\/\/toidupakk.ee\/pl\/#\/schema\/logo\/image\/"},"sameAs":["https:\/\/www.facebook.com\/Toidupakk","https:\/\/www.instagram.com\/toidupakk\/"]}]}},"jetpack_sharing_enabled":true,"_links":{"self":[{"href":"https:\/\/toidupakk.ee\/pl\/wp-json\/wp\/v2\/product\/52040","targetHints":{"allow":["GET"]}}],"collection":[{"href":"https:\/\/toidupakk.ee\/pl\/wp-json\/wp\/v2\/product"}],"about":[{"href":"https:\/\/toidupakk.ee\/pl\/wp-json\/wp\/v2\/types\/product"}],"replies":[{"embeddable":true,"href":"https:\/\/toidupakk.ee\/pl\/wp-json\/wp\/v2\/comments?post=52040"}],"wp:featuredmedia":[{"embeddable":true,"href":"https:\/\/toidupakk.ee\/pl\/wp-json\/wp\/v2\/media\/7384"}],"wp:attachment":[{"href":"https:\/\/toidupakk.ee\/pl\/wp-json\/wp\/v2\/media?parent=52040"}],"wp:term":[{"taxonomy":"product_brand","embeddable":true,"href":"https:\/\/toidupakk.ee\/pl\/wp-json\/wp\/v2\/product_brand?post=52040"},{"taxonomy":"product_cat","embeddable":true,"href":"https:\/\/toidupakk.ee\/pl\/wp-json\/wp\/v2\/product_cat?post=52040"},{"taxonomy":"product_tag","embeddable":true,"href":"https:\/\/toidupakk.ee\/pl\/wp-json\/wp\/v2\/product_tag?post=52040"}],"curies":[{"name":"wp","href":"https:\/\/api.w.org\/{rel}","templated":true}]}}