{"id":52004,"date":"2023-04-11T12:54:30","date_gmt":"2023-04-11T09:54:30","guid":{"rendered":"https:\/\/toidupakk.ee\/toode\/linka-9-mm\/"},"modified":"2026-04-29T19:02:00","modified_gmt":"2026-04-29T16:02:00","slug":"linka-9-mm","status":"publish","type":"product","link":"https:\/\/toidupakk.ee\/pl\/toode\/linka-9-mm\/","title":{"rendered":"Linka 9 mm"},"content":{"rendered":"<p>Wsp\u00f3\u0142czesne \u017cycie bywa skomplikowane, ale na szcz\u0119\u015bcie istniej\u0105 drobiazgi, kt\u00f3re ciesz\u0105 i u\u0142atwiaj\u0105 codzienno\u015b\u0107. Jednym z nich jest z pewno\u015bci\u0105 linka. <\/p>\n<p>W naszym sklepie znajdziesz r\u00f3\u017cne linki z wytrzyma\u0142ych materia\u0142\u00f3w, idealne do wielu zastosowa\u0144. Wykorzystaj je w projektach DIY, do rozstawienia namiotu, mocowania plandek na kempingu, budowy \u0142uku czy mocowania zadaszenia z pa\u0142atki. To praktyczne akcesoria, kt\u00f3re warto mie\u0107 zawsze pod r\u0119k\u0105.  <\/p>\n<p>Linki dost\u0119pne w sklepie turystycznym Toidupakk.ee s\u0105 wykonane z wysokiej jako\u015bci materia\u0142\u00f3w, co gwarantuje ich trwa\u0142o\u015b\u0107 i wytrzyma\u0142o\u015b\u0107. Dost\u0119pne s\u0105 w r\u00f3\u017cnych d\u0142ugo\u015bciach i \u015brednicach, wi\u0119c mo\u017cesz wybra\u0107 link\u0119 idealnie dopasowan\u0105 do swoich potrzeb. <\/p>\n<p>Nasze linki s\u0105 nie tylko funkcjonalne, ale te\u017c \u015bwietnie wygl\u0105daj\u0105. Mo\u017cesz wybiera\u0107 spo\u015br\u00f3d r\u00f3\u017cnych kolor\u00f3w i wytrzyma\u0142o\u015bci. <\/p>\n<p>Podsumowuj\u0105c, linka to praktyczny i wszechstronny produkt, kt\u00f3ry powinien znale\u017a\u0107 si\u0119 w ekwipunku ka\u017cdego mi\u0142o\u015bnika przyg\u00f3d. W naszym sklepie znajdziesz wysokiej jako\u015bci linki na ka\u017cd\u0105 okazj\u0119. Wrzu\u0107 j\u0105 do plecaka i przekonaj si\u0119, jak bardzo u\u0142atwi Ci \u017cycie!  <\/p>\n<p>Sprzedajemy g\u0142\u00f3wnie linki marki Fosco Industries. To znany producent sprz\u0119tu turystycznego i taktycznego, stworzony dla os\u00f3b sp\u0119dzaj\u0105cych du\u017co czasu na \u0142onie natury.  <\/p>\n","protected":false},"excerpt":{"rendered":"<p>Linka do uniwersalnego u\u017cytku. Wytrzyma\u0142a linka pomocnicza, idealna do r\u00f3\u017cnych zada\u0144. <\/p>\n<ul>\n<li>D\u0142ugo\u015b\u0107: 15 m<\/li>\n<li>Grubo\u015b\u0107: 9 mm<\/li>\n<li>Kolor: czarny<\/li>\n<li>Materia\u0142: 100% nylon<\/li>\n<li>Waga: 495 g<\/li>\n<li>Producent: Fosco Industries<\/li>\n<\/ul>\n<p>\u2705 Dostawa w 1-3 dni robocze<br \/>\n\u2705 DARMOWY zwrot i wymiana<\/p>\n","protected":false},"featured_media":7351,"comment_status":"open","ping_status":"closed","template":"","meta":{"_acf_changed":false},"product_brand":[],"product_cat":[303,388,301],"product_tag":[305],"class_list":{"0":"post-52004","1":"product","2":"type-product","3":"status-publish","4":"has-post-thumbnail","6":"product_cat-akcesoria-turystyczne","7":"product_cat-linki","8":"product_cat-sprzet-turystyczny","9":"product_tag-no_ads","11":"first","12":"instock","13":"taxable","14":"shipping-taxable","15":"purchasable","16":"product-type-variable","17":"has-default-attributes"},"bundled_by":[],"bundle_stock_status":"instock","bundle_stock_quantity":null,"bundle_virtual":false,"bundle_layout":"","bundle_add_to_cart_form_location":"","bundle_editable_in_cart":false,"bundle_sold_individually_context":"","bundle_item_grouping":"","bundle_min_size":"","bundle_max_size":"","bundle_price":[],"bundled_items":[],"bundle_sell_ids":[],"acf":[],"yoast_head":"<!-- This site is optimized with the Yoast SEO plugin v27.3 - https:\/\/yoast.com\/product\/yoast-seo-wordpress\/ -->\n<title>Linka 9 mm<\/title>\n<meta name=\"description\" content=\"Wytrzyma\u0142a linka do wszechstronnego u\u017cytku. D\u0142ugo\u015b\u0107 15 m, grubo\u015b\u0107 9 mm, kolor czarny, materia\u0142 100% nylon, waga 465 g, producent Fosco Industries\" \/>\n<meta name=\"robots\" content=\"index, follow, max-snippet:-1, max-image-preview:large, max-video-preview:-1\" \/>\n<link rel=\"canonical\" href=\"https:\/\/toidupakk.ee\/pl\/toode\/linka-9-mm\/\" \/>\n<meta property=\"og:locale\" content=\"pl_PL\" \/>\n<meta property=\"og:type\" content=\"article\" \/>\n<meta property=\"og:title\" content=\"Linka 9 mm\" \/>\n<meta property=\"og:description\" content=\"Wytrzyma\u0142a linka do wszechstronnego u\u017cytku. D\u0142ugo\u015b\u0107 15 m, grubo\u015b\u0107 9 mm, kolor czarny, materia\u0142 100% nylon, waga 465 g, producent Fosco Industries\" \/>\n<meta property=\"og:url\" content=\"https:\/\/toidupakk.ee\/pl\/toode\/linka-9-mm\/\" \/>\n<meta property=\"og:site_name\" content=\"Toidupakk.ee - Tactical Foodpack toidupakid\" \/>\n<meta property=\"article:publisher\" content=\"https:\/\/www.facebook.com\/Toidupakk\" \/>\n<meta property=\"article:modified_time\" content=\"2026-04-29T16:02:00+00:00\" \/>\n<meta property=\"og:image\" content=\"https:\/\/toidupakk.ee\/wp-content\/uploads\/2023\/04\/Noor-9-mm-matkale-must.png\" \/>\n\t<meta property=\"og:image:width\" content=\"1080\" \/>\n\t<meta property=\"og:image:height\" content=\"1080\" \/>\n\t<meta property=\"og:image:type\" content=\"image\/png\" \/>\n<meta name=\"twitter:card\" content=\"summary_large_image\" \/>\n<meta name=\"twitter:label1\" content=\"Szacowany czas czytania\" \/>\n\t<meta name=\"twitter:data1\" content=\"1 minuta\" \/>\n<script type=\"application\/ld+json\" class=\"yoast-schema-graph\">{\"@context\":\"https:\\\/\\\/schema.org\",\"@graph\":[{\"@type\":\"WebPage\",\"@id\":\"https:\\\/\\\/toidupakk.ee\\\/pl\\\/toode\\\/linka-9-mm\\\/\",\"url\":\"https:\\\/\\\/toidupakk.ee\\\/pl\\\/toode\\\/linka-9-mm\\\/\",\"name\":\"Linka 9 mm\",\"isPartOf\":{\"@id\":\"https:\\\/\\\/toidupakk.ee\\\/pl\\\/#website\"},\"primaryImageOfPage\":{\"@id\":\"https:\\\/\\\/toidupakk.ee\\\/pl\\\/toode\\\/linka-9-mm\\\/#primaryimage\"},\"image\":{\"@id\":\"https:\\\/\\\/toidupakk.ee\\\/pl\\\/toode\\\/linka-9-mm\\\/#primaryimage\"},\"thumbnailUrl\":\"https:\\\/\\\/toidupakk.ee\\\/wp-content\\\/uploads\\\/2023\\\/04\\\/Noor-9-mm-matkale-must.png\",\"datePublished\":\"2023-04-11T09:54:30+00:00\",\"dateModified\":\"2026-04-29T16:02:00+00:00\",\"description\":\"Wytrzyma\u0142a linka do wszechstronnego u\u017cytku. D\u0142ugo\u015b\u0107 15 m, grubo\u015b\u0107 9 mm, kolor czarny, materia\u0142 100% nylon, waga 465 g, producent Fosco Industries\",\"breadcrumb\":{\"@id\":\"https:\\\/\\\/toidupakk.ee\\\/pl\\\/toode\\\/linka-9-mm\\\/#breadcrumb\"},\"inLanguage\":\"pl-PL\",\"potentialAction\":[{\"@type\":\"ReadAction\",\"target\":[\"https:\\\/\\\/toidupakk.ee\\\/pl\\\/toode\\\/linka-9-mm\\\/\"]}]},{\"@type\":\"ImageObject\",\"inLanguage\":\"pl-PL\",\"@id\":\"https:\\\/\\\/toidupakk.ee\\\/pl\\\/toode\\\/linka-9-mm\\\/#primaryimage\",\"url\":\"https:\\\/\\\/toidupakk.ee\\\/wp-content\\\/uploads\\\/2023\\\/04\\\/Noor-9-mm-matkale-must.png\",\"contentUrl\":\"https:\\\/\\\/toidupakk.ee\\\/wp-content\\\/uploads\\\/2023\\\/04\\\/Noor-9-mm-matkale-must.png\",\"width\":1080,\"height\":1080},{\"@type\":\"BreadcrumbList\",\"@id\":\"https:\\\/\\\/toidupakk.ee\\\/pl\\\/toode\\\/linka-9-mm\\\/#breadcrumb\",\"itemListElement\":[{\"@type\":\"ListItem\",\"position\":1,\"name\":\"Avaleht\",\"item\":\"https:\\\/\\\/toidupakk.ee\\\/pl\\\/\"},{\"@type\":\"ListItem\",\"position\":2,\"name\":\"Sklep internetowy\",\"item\":\"https:\\\/\\\/toidupakk.ee\\\/pl\\\/sklep-internetowy\\\/\"},{\"@type\":\"ListItem\",\"position\":3,\"name\":\"Linka 9 mm\"}]},{\"@type\":\"WebSite\",\"@id\":\"https:\\\/\\\/toidupakk.ee\\\/pl\\\/#website\",\"url\":\"https:\\\/\\\/toidupakk.ee\\\/pl\\\/\",\"name\":\"Toidupakk.ee - Tactical Foodpack toidupakid\",\"description\":\"Tactical Foodpack k\u00fclmkuivatatud toidupakid ja matkaeined\",\"publisher\":{\"@id\":\"https:\\\/\\\/toidupakk.ee\\\/pl\\\/#organization\"},\"potentialAction\":[{\"@type\":\"SearchAction\",\"target\":{\"@type\":\"EntryPoint\",\"urlTemplate\":\"https:\\\/\\\/toidupakk.ee\\\/pl\\\/?s={search_term_string}\"},\"query-input\":{\"@type\":\"PropertyValueSpecification\",\"valueRequired\":true,\"valueName\":\"search_term_string\"}}],\"inLanguage\":\"pl-PL\"},{\"@type\":\"Organization\",\"@id\":\"https:\\\/\\\/toidupakk.ee\\\/pl\\\/#organization\",\"name\":\"Tactical Foodpack matkaeined\",\"url\":\"https:\\\/\\\/toidupakk.ee\\\/pl\\\/\",\"logo\":{\"@type\":\"ImageObject\",\"inLanguage\":\"pl-PL\",\"@id\":\"https:\\\/\\\/toidupakk.ee\\\/pl\\\/#\\\/schema\\\/logo\\\/image\\\/\",\"url\":\"https:\\\/\\\/toidupakk.ee\\\/wp-content\\\/uploads\\\/2022\\\/01\\\/Toidupakk-matkapood-logo-transparent.png\",\"contentUrl\":\"https:\\\/\\\/toidupakk.ee\\\/wp-content\\\/uploads\\\/2022\\\/01\\\/Toidupakk-matkapood-logo-transparent.png\",\"width\":500,\"height\":500,\"caption\":\"Tactical Foodpack matkaeined\"},\"image\":{\"@id\":\"https:\\\/\\\/toidupakk.ee\\\/pl\\\/#\\\/schema\\\/logo\\\/image\\\/\"},\"sameAs\":[\"https:\\\/\\\/www.facebook.com\\\/Toidupakk\",\"https:\\\/\\\/www.instagram.com\\\/toidupakk\\\/\"]}]}<\/script>\n<!-- \/ Yoast SEO plugin. -->","yoast_head_json":{"title":"Linka 9 mm","description":"Wytrzyma\u0142a linka do wszechstronnego u\u017cytku. D\u0142ugo\u015b\u0107 15 m, grubo\u015b\u0107 9 mm, kolor czarny, materia\u0142 100% nylon, waga 465 g, producent Fosco Industries","robots":{"index":"index","follow":"follow","max-snippet":"max-snippet:-1","max-image-preview":"max-image-preview:large","max-video-preview":"max-video-preview:-1"},"canonical":"https:\/\/toidupakk.ee\/pl\/toode\/linka-9-mm\/","og_locale":"pl_PL","og_type":"article","og_title":"Linka 9 mm","og_description":"Wytrzyma\u0142a linka do wszechstronnego u\u017cytku. D\u0142ugo\u015b\u0107 15 m, grubo\u015b\u0107 9 mm, kolor czarny, materia\u0142 100% nylon, waga 465 g, producent Fosco Industries","og_url":"https:\/\/toidupakk.ee\/pl\/toode\/linka-9-mm\/","og_site_name":"Toidupakk.ee - Tactical Foodpack toidupakid","article_publisher":"https:\/\/www.facebook.com\/Toidupakk","article_modified_time":"2026-04-29T16:02:00+00:00","og_image":[{"width":1080,"height":1080,"url":"https:\/\/toidupakk.ee\/wp-content\/uploads\/2023\/04\/Noor-9-mm-matkale-must.png","type":"image\/png"}],"twitter_card":"summary_large_image","twitter_misc":{"Szacowany czas czytania":"1 minuta"},"schema":{"@context":"https:\/\/schema.org","@graph":[{"@type":"WebPage","@id":"https:\/\/toidupakk.ee\/pl\/toode\/linka-9-mm\/","url":"https:\/\/toidupakk.ee\/pl\/toode\/linka-9-mm\/","name":"Linka 9 mm","isPartOf":{"@id":"https:\/\/toidupakk.ee\/pl\/#website"},"primaryImageOfPage":{"@id":"https:\/\/toidupakk.ee\/pl\/toode\/linka-9-mm\/#primaryimage"},"image":{"@id":"https:\/\/toidupakk.ee\/pl\/toode\/linka-9-mm\/#primaryimage"},"thumbnailUrl":"https:\/\/toidupakk.ee\/wp-content\/uploads\/2023\/04\/Noor-9-mm-matkale-must.png","datePublished":"2023-04-11T09:54:30+00:00","dateModified":"2026-04-29T16:02:00+00:00","description":"Wytrzyma\u0142a linka do wszechstronnego u\u017cytku. D\u0142ugo\u015b\u0107 15 m, grubo\u015b\u0107 9 mm, kolor czarny, materia\u0142 100% nylon, waga 465 g, producent Fosco Industries","breadcrumb":{"@id":"https:\/\/toidupakk.ee\/pl\/toode\/linka-9-mm\/#breadcrumb"},"inLanguage":"pl-PL","potentialAction":[{"@type":"ReadAction","target":["https:\/\/toidupakk.ee\/pl\/toode\/linka-9-mm\/"]}]},{"@type":"ImageObject","inLanguage":"pl-PL","@id":"https:\/\/toidupakk.ee\/pl\/toode\/linka-9-mm\/#primaryimage","url":"https:\/\/toidupakk.ee\/wp-content\/uploads\/2023\/04\/Noor-9-mm-matkale-must.png","contentUrl":"https:\/\/toidupakk.ee\/wp-content\/uploads\/2023\/04\/Noor-9-mm-matkale-must.png","width":1080,"height":1080},{"@type":"BreadcrumbList","@id":"https:\/\/toidupakk.ee\/pl\/toode\/linka-9-mm\/#breadcrumb","itemListElement":[{"@type":"ListItem","position":1,"name":"Avaleht","item":"https:\/\/toidupakk.ee\/pl\/"},{"@type":"ListItem","position":2,"name":"Sklep internetowy","item":"https:\/\/toidupakk.ee\/pl\/sklep-internetowy\/"},{"@type":"ListItem","position":3,"name":"Linka 9 mm"}]},{"@type":"WebSite","@id":"https:\/\/toidupakk.ee\/pl\/#website","url":"https:\/\/toidupakk.ee\/pl\/","name":"Toidupakk.ee - Tactical Foodpack toidupakid","description":"Tactical Foodpack k\u00fclmkuivatatud toidupakid ja matkaeined","publisher":{"@id":"https:\/\/toidupakk.ee\/pl\/#organization"},"potentialAction":[{"@type":"SearchAction","target":{"@type":"EntryPoint","urlTemplate":"https:\/\/toidupakk.ee\/pl\/?s={search_term_string}"},"query-input":{"@type":"PropertyValueSpecification","valueRequired":true,"valueName":"search_term_string"}}],"inLanguage":"pl-PL"},{"@type":"Organization","@id":"https:\/\/toidupakk.ee\/pl\/#organization","name":"Tactical Foodpack matkaeined","url":"https:\/\/toidupakk.ee\/pl\/","logo":{"@type":"ImageObject","inLanguage":"pl-PL","@id":"https:\/\/toidupakk.ee\/pl\/#\/schema\/logo\/image\/","url":"https:\/\/toidupakk.ee\/wp-content\/uploads\/2022\/01\/Toidupakk-matkapood-logo-transparent.png","contentUrl":"https:\/\/toidupakk.ee\/wp-content\/uploads\/2022\/01\/Toidupakk-matkapood-logo-transparent.png","width":500,"height":500,"caption":"Tactical Foodpack matkaeined"},"image":{"@id":"https:\/\/toidupakk.ee\/pl\/#\/schema\/logo\/image\/"},"sameAs":["https:\/\/www.facebook.com\/Toidupakk","https:\/\/www.instagram.com\/toidupakk\/"]}]}},"jetpack_sharing_enabled":true,"_links":{"self":[{"href":"https:\/\/toidupakk.ee\/pl\/wp-json\/wp\/v2\/product\/52004","targetHints":{"allow":["GET"]}}],"collection":[{"href":"https:\/\/toidupakk.ee\/pl\/wp-json\/wp\/v2\/product"}],"about":[{"href":"https:\/\/toidupakk.ee\/pl\/wp-json\/wp\/v2\/types\/product"}],"replies":[{"embeddable":true,"href":"https:\/\/toidupakk.ee\/pl\/wp-json\/wp\/v2\/comments?post=52004"}],"wp:featuredmedia":[{"embeddable":true,"href":"https:\/\/toidupakk.ee\/pl\/wp-json\/wp\/v2\/media\/7351"}],"wp:attachment":[{"href":"https:\/\/toidupakk.ee\/pl\/wp-json\/wp\/v2\/media?parent=52004"}],"wp:term":[{"taxonomy":"product_brand","embeddable":true,"href":"https:\/\/toidupakk.ee\/pl\/wp-json\/wp\/v2\/product_brand?post=52004"},{"taxonomy":"product_cat","embeddable":true,"href":"https:\/\/toidupakk.ee\/pl\/wp-json\/wp\/v2\/product_cat?post=52004"},{"taxonomy":"product_tag","embeddable":true,"href":"https:\/\/toidupakk.ee\/pl\/wp-json\/wp\/v2\/product_tag?post=52004"}],"curies":[{"name":"wp","href":"https:\/\/api.w.org\/{rel}","templated":true}]}}