{"id":51994,"date":"2023-03-17T12:30:15","date_gmt":"2023-03-17T10:30:15","guid":{"rendered":"https:\/\/toidupakk.ee\/toode\/rekawiczki-bez-palcow-thinsulate\/"},"modified":"2026-04-21T12:01:45","modified_gmt":"2026-04-21T09:01:45","slug":"rekawiczki-bez-palcow-thinsulate","status":"publish","type":"product","link":"https:\/\/toidupakk.ee\/pl\/toode\/rekawiczki-bez-palcow-thinsulate\/","title":{"rendered":"R\u0119kawiczki bez palc\u00f3w Thinsulate\u00ae"},"content":{"rendered":"<h1><img fetchpriority=\"high\" decoding=\"async\" class=\"alignright wp-image-6539 size-thumbnail\" src=\"https:\/\/toidupakk.ee\/wp-content\/uploads\/2023\/03\/Sormedeta-kindad-Thinsulate-1-500x500.png\" alt=\"R\u0119kawiczki bez palc\u00f3w\" width=\"500\" height=\"500\" srcset=\"https:\/\/toidupakk.ee\/wp-content\/uploads\/2023\/03\/Sormedeta-kindad-Thinsulate-1-500x500.png 500w, https:\/\/toidupakk.ee\/wp-content\/uploads\/2023\/03\/Sormedeta-kindad-Thinsulate-1-400x400.png 400w, https:\/\/toidupakk.ee\/wp-content\/uploads\/2023\/03\/Sormedeta-kindad-Thinsulate-1-100x100.png 100w, https:\/\/toidupakk.ee\/wp-content\/uploads\/2023\/03\/Sormedeta-kindad-Thinsulate-1-800x800.png 800w, https:\/\/toidupakk.ee\/wp-content\/uploads\/2023\/03\/Sormedeta-kindad-Thinsulate-1-300x300.png 300w, https:\/\/toidupakk.ee\/wp-content\/uploads\/2023\/03\/Sormedeta-kindad-Thinsulate-1-1024x1024.png 1024w, https:\/\/toidupakk.ee\/wp-content\/uploads\/2023\/03\/Sormedeta-kindad-Thinsulate-1-768x768.png 768w, https:\/\/toidupakk.ee\/wp-content\/uploads\/2023\/03\/Sormedeta-kindad-Thinsulate-1.png 1080w\" sizes=\"(max-width: 500px) 100vw, 500px\" \/><\/h1>\n<h1>R\u0119kawiczki bez palc\u00f3w Thinsulate\u00ae<\/h1>\n<p>R\u0119kawiczki bez palc\u00f3w Thinsulate to idealne i praktyczne rozwi\u0105zanie dla os\u00f3b, kt\u00f3re chc\u0105 chroni\u0107 d\u0142onie przed zimnem, zachowuj\u0105c swobod\u0119 i czucie w palcach. R\u0119kawiczki z wysokiej jako\u015bci wy\u015bci\u00f3\u0142k\u0105 Thinsulate s\u0105 grubsze i cieplejsze ni\u017c zwykle. Doskona\u0142a izolacja termiczna zapewnia ciep\u0142o nawet w najmro\u017aniejsze dni, nie ograniczaj\u0105c przy tym ruchomo\u015bci palc\u00f3w.  <\/p>\n<h2><\/h2>\n<h2>Zastosowanie:<\/h2>\n<p>Zimowe wyprawy, np. w\u0119dkarstwo, w\u0119dr\u00f3wki, snowboarding, narciarstwo itp. <\/p>\n<p>Uprawianie sportu w ch\u0142odniejsze dni, np. pi\u0142ka no\u017cna, koszyk\u00f3wka, bieganie itp. <\/p>\n<p>Codzienne u\u017cytkowanie w mro\u017ane dni, np. praca na zewn\u0105trz, spacery itp. <\/p>\n<p>Idealnie nadaj\u0105 si\u0119 r\u00f3wnie\u017c dla kierowc\u00f3w, kt\u00f3rzy potrzebuj\u0105 swobody palc\u00f3w do trzymania kierownicy, maj\u0105c jednocze\u015bnie d\u0142onie chronione przed zimnem.<\/p>\n<p>&nbsp;<\/p>\n<h3>Instrukcja piel\u0119gnacji:<\/h3>\n<p>Pra\u0107 r\u0119cznie w letniej wodzie. Nie wybiela\u0107. Suszy\u0107 na p\u0142asko, nie u\u017cywa\u0107 suszarki b\u0119bnowej.  <\/p>\n<p>&nbsp;<\/p>\n<p>Zobacz wi\u0119cej akcesori\u00f3w turystycznych <a href=\"https:\/\/toidupakk.ee\/pl\/tootekategooria\/sprzet-turystyczny\/#section-3-79\">TUTAJ<\/a><\/p>\n<p>Znajd\u017a inspiracj\u0119 na kolejne przygody na <a href=\"https:\/\/www.instagram.com\/toidupakk\/\">Instagramie<\/a> i <a href=\"https:\/\/www.facebook.com\/Toidupakk\/\">Facebooku<\/a> Toidupakk.<\/p>\n","protected":false},"excerpt":{"rendered":"<p>Bardzo ciep\u0142e r\u0119kawiczki z odkrytymi palcami. Idealne, gdy cz\u0119sto korzystasz ze smartfona lub tabletu i nie chcesz za ka\u017cdym razem zdejmowa\u0107 r\u0119kawiczek. Popularny produkt r\u00f3wnie\u017c w\u015br\u00f3d w\u0119dkarzy i my\u015bliwych.  <\/p>\n<ul>\n<li>Ciep\u0142e r\u0119kawiczki z odkrytymi palcami i wy\u015bci\u00f3\u0142k\u0105 3M\u2122 Thinsulate\u2122.<\/li>\n<li>Podw\u00f3jna wy\u015bci\u00f3\u0142ka \u2013 grubsza i cieplejsza ni\u017c w zwyk\u0142ych r\u0119kawiczkach.<\/li>\n<li>Ju\u017c nie musisz martwi\u0107 si\u0119 o marzn\u0105ce palce.<\/li>\n<li>Kolor: czarny<\/li>\n<li>Rozmiar: M-L<\/li>\n<\/ul>\n<p>\u2705 Produkt niedost\u0119pny<\/p>\n","protected":false},"featured_media":6540,"comment_status":"open","ping_status":"closed","template":"","meta":{"_acf_changed":false},"product_brand":[],"product_cat":[303,319,311,376,301],"product_tag":[],"class_list":{"0":"post-51994","1":"product","2":"type-product","3":"status-publish","4":"has-post-thumbnail","6":"product_cat-akcesoria-turystyczne","7":"product_cat-odziez","8":"product_cat-praktyczne-pomysly-na-prezent","9":"product_cat-rekawice","10":"product_cat-sprzet-turystyczny","12":"first","13":"instock","14":"sale","15":"taxable","16":"shipping-taxable","17":"purchasable","18":"product-type-simple"},"bundled_by":[],"bundle_stock_status":"instock","bundle_stock_quantity":7,"bundle_virtual":false,"bundle_layout":"","bundle_add_to_cart_form_location":"","bundle_editable_in_cart":false,"bundle_sold_individually_context":"","bundle_item_grouping":"","bundle_min_size":"","bundle_max_size":"","bundle_price":[],"bundled_items":[],"bundle_sell_ids":[],"acf":[],"yoast_head":"<!-- This site is optimized with the Yoast SEO plugin v27.3 - https:\/\/yoast.com\/product\/yoast-seo-wordpress\/ -->\n<title>R\u0119kawiczki bez palc\u00f3w Thinsulate\u00ae<\/title>\n<meta name=\"description\" content=\"R\u0119kawiczki bez palc\u00f3w z podw\u00f3jn\u0105 wy\u015bci\u00f3\u0142k\u0105 3M\u2122 Thinsulate\u2122 zapewniaj\u0105 ciep\u0142o d\u0142oniom. Przyjemnie grube r\u0119kawiczki, kt\u00f3re pozwalaj\u0105 na jednoczesne korzystanie ze smartfona.\" \/>\n<meta name=\"robots\" content=\"index, follow, max-snippet:-1, max-image-preview:large, max-video-preview:-1\" \/>\n<link rel=\"canonical\" href=\"https:\/\/toidupakk.ee\/pl\/toode\/rekawiczki-bez-palcow-thinsulate\/\" \/>\n<meta property=\"og:locale\" content=\"pl_PL\" \/>\n<meta property=\"og:type\" content=\"article\" \/>\n<meta property=\"og:title\" content=\"R\u0119kawiczki bez palc\u00f3w Thinsulate\u00ae\" \/>\n<meta property=\"og:description\" content=\"R\u0119kawiczki bez palc\u00f3w z podw\u00f3jn\u0105 wy\u015bci\u00f3\u0142k\u0105 3M\u2122 Thinsulate\u2122 zapewniaj\u0105 ciep\u0142o d\u0142oniom. Przyjemnie grube r\u0119kawiczki, kt\u00f3re pozwalaj\u0105 na jednoczesne korzystanie ze smartfona.\" \/>\n<meta property=\"og:url\" content=\"https:\/\/toidupakk.ee\/pl\/toode\/rekawiczki-bez-palcow-thinsulate\/\" \/>\n<meta property=\"og:site_name\" content=\"Toidupakk.ee - Tactical Foodpack toidupakid\" \/>\n<meta property=\"article:publisher\" content=\"https:\/\/www.facebook.com\/Toidupakk\" \/>\n<meta property=\"article:modified_time\" content=\"2026-04-21T09:01:45+00:00\" \/>\n<meta property=\"og:image\" content=\"https:\/\/toidupakk.ee\/wp-content\/uploads\/2023\/03\/Sormedeta-kindad-Thinsulate.png\" \/>\n\t<meta property=\"og:image:width\" content=\"1080\" \/>\n\t<meta property=\"og:image:height\" content=\"1080\" \/>\n\t<meta property=\"og:image:type\" content=\"image\/png\" \/>\n<meta name=\"twitter:card\" content=\"summary_large_image\" \/>\n<meta name=\"twitter:label1\" content=\"Szacowany czas czytania\" \/>\n\t<meta name=\"twitter:data1\" content=\"1 minuta\" \/>\n<script type=\"application\/ld+json\" class=\"yoast-schema-graph\">{\"@context\":\"https:\\\/\\\/schema.org\",\"@graph\":[{\"@type\":\"WebPage\",\"@id\":\"https:\\\/\\\/toidupakk.ee\\\/pl\\\/toode\\\/rekawiczki-bez-palcow-thinsulate\\\/\",\"url\":\"https:\\\/\\\/toidupakk.ee\\\/pl\\\/toode\\\/rekawiczki-bez-palcow-thinsulate\\\/\",\"name\":\"R\u0119kawiczki bez palc\u00f3w Thinsulate\u00ae\",\"isPartOf\":{\"@id\":\"https:\\\/\\\/toidupakk.ee\\\/pl\\\/#website\"},\"primaryImageOfPage\":{\"@id\":\"https:\\\/\\\/toidupakk.ee\\\/pl\\\/toode\\\/rekawiczki-bez-palcow-thinsulate\\\/#primaryimage\"},\"image\":{\"@id\":\"https:\\\/\\\/toidupakk.ee\\\/pl\\\/toode\\\/rekawiczki-bez-palcow-thinsulate\\\/#primaryimage\"},\"thumbnailUrl\":\"https:\\\/\\\/toidupakk.ee\\\/wp-content\\\/uploads\\\/2023\\\/03\\\/Sormedeta-kindad-Thinsulate.png\",\"datePublished\":\"2023-03-17T10:30:15+00:00\",\"dateModified\":\"2026-04-21T09:01:45+00:00\",\"description\":\"R\u0119kawiczki bez palc\u00f3w z podw\u00f3jn\u0105 wy\u015bci\u00f3\u0142k\u0105 3M\u2122 Thinsulate\u2122 zapewniaj\u0105 ciep\u0142o d\u0142oniom. Przyjemnie grube r\u0119kawiczki, kt\u00f3re pozwalaj\u0105 na jednoczesne korzystanie ze smartfona.\",\"breadcrumb\":{\"@id\":\"https:\\\/\\\/toidupakk.ee\\\/pl\\\/toode\\\/rekawiczki-bez-palcow-thinsulate\\\/#breadcrumb\"},\"inLanguage\":\"pl-PL\",\"potentialAction\":[{\"@type\":\"ReadAction\",\"target\":[\"https:\\\/\\\/toidupakk.ee\\\/pl\\\/toode\\\/rekawiczki-bez-palcow-thinsulate\\\/\"]}]},{\"@type\":\"ImageObject\",\"inLanguage\":\"pl-PL\",\"@id\":\"https:\\\/\\\/toidupakk.ee\\\/pl\\\/toode\\\/rekawiczki-bez-palcow-thinsulate\\\/#primaryimage\",\"url\":\"https:\\\/\\\/toidupakk.ee\\\/wp-content\\\/uploads\\\/2023\\\/03\\\/Sormedeta-kindad-Thinsulate.png\",\"contentUrl\":\"https:\\\/\\\/toidupakk.ee\\\/wp-content\\\/uploads\\\/2023\\\/03\\\/Sormedeta-kindad-Thinsulate.png\",\"width\":1080,\"height\":1080,\"caption\":\"Ilma s\u00f5rmedeta kindad\"},{\"@type\":\"BreadcrumbList\",\"@id\":\"https:\\\/\\\/toidupakk.ee\\\/pl\\\/toode\\\/rekawiczki-bez-palcow-thinsulate\\\/#breadcrumb\",\"itemListElement\":[{\"@type\":\"ListItem\",\"position\":1,\"name\":\"Avaleht\",\"item\":\"https:\\\/\\\/toidupakk.ee\\\/pl\\\/\"},{\"@type\":\"ListItem\",\"position\":2,\"name\":\"Sklep internetowy\",\"item\":\"https:\\\/\\\/toidupakk.ee\\\/pl\\\/sklep-internetowy\\\/\"},{\"@type\":\"ListItem\",\"position\":3,\"name\":\"R\u0119kawiczki bez palc\u00f3w Thinsulate\u00ae\"}]},{\"@type\":\"WebSite\",\"@id\":\"https:\\\/\\\/toidupakk.ee\\\/pl\\\/#website\",\"url\":\"https:\\\/\\\/toidupakk.ee\\\/pl\\\/\",\"name\":\"Toidupakk.ee - Tactical Foodpack toidupakid\",\"description\":\"Tactical Foodpack k\u00fclmkuivatatud toidupakid ja matkaeined\",\"publisher\":{\"@id\":\"https:\\\/\\\/toidupakk.ee\\\/pl\\\/#organization\"},\"potentialAction\":[{\"@type\":\"SearchAction\",\"target\":{\"@type\":\"EntryPoint\",\"urlTemplate\":\"https:\\\/\\\/toidupakk.ee\\\/pl\\\/?s={search_term_string}\"},\"query-input\":{\"@type\":\"PropertyValueSpecification\",\"valueRequired\":true,\"valueName\":\"search_term_string\"}}],\"inLanguage\":\"pl-PL\"},{\"@type\":\"Organization\",\"@id\":\"https:\\\/\\\/toidupakk.ee\\\/pl\\\/#organization\",\"name\":\"Tactical Foodpack matkaeined\",\"url\":\"https:\\\/\\\/toidupakk.ee\\\/pl\\\/\",\"logo\":{\"@type\":\"ImageObject\",\"inLanguage\":\"pl-PL\",\"@id\":\"https:\\\/\\\/toidupakk.ee\\\/pl\\\/#\\\/schema\\\/logo\\\/image\\\/\",\"url\":\"https:\\\/\\\/toidupakk.ee\\\/wp-content\\\/uploads\\\/2022\\\/01\\\/Toidupakk-matkapood-logo-transparent.png\",\"contentUrl\":\"https:\\\/\\\/toidupakk.ee\\\/wp-content\\\/uploads\\\/2022\\\/01\\\/Toidupakk-matkapood-logo-transparent.png\",\"width\":500,\"height\":500,\"caption\":\"Tactical Foodpack matkaeined\"},\"image\":{\"@id\":\"https:\\\/\\\/toidupakk.ee\\\/pl\\\/#\\\/schema\\\/logo\\\/image\\\/\"},\"sameAs\":[\"https:\\\/\\\/www.facebook.com\\\/Toidupakk\",\"https:\\\/\\\/www.instagram.com\\\/toidupakk\\\/\"]}]}<\/script>\n<!-- \/ Yoast SEO plugin. -->","yoast_head_json":{"title":"R\u0119kawiczki bez palc\u00f3w Thinsulate\u00ae","description":"R\u0119kawiczki bez palc\u00f3w z podw\u00f3jn\u0105 wy\u015bci\u00f3\u0142k\u0105 3M\u2122 Thinsulate\u2122 zapewniaj\u0105 ciep\u0142o d\u0142oniom. Przyjemnie grube r\u0119kawiczki, kt\u00f3re pozwalaj\u0105 na jednoczesne korzystanie ze smartfona.","robots":{"index":"index","follow":"follow","max-snippet":"max-snippet:-1","max-image-preview":"max-image-preview:large","max-video-preview":"max-video-preview:-1"},"canonical":"https:\/\/toidupakk.ee\/pl\/toode\/rekawiczki-bez-palcow-thinsulate\/","og_locale":"pl_PL","og_type":"article","og_title":"R\u0119kawiczki bez palc\u00f3w Thinsulate\u00ae","og_description":"R\u0119kawiczki bez palc\u00f3w z podw\u00f3jn\u0105 wy\u015bci\u00f3\u0142k\u0105 3M\u2122 Thinsulate\u2122 zapewniaj\u0105 ciep\u0142o d\u0142oniom. Przyjemnie grube r\u0119kawiczki, kt\u00f3re pozwalaj\u0105 na jednoczesne korzystanie ze smartfona.","og_url":"https:\/\/toidupakk.ee\/pl\/toode\/rekawiczki-bez-palcow-thinsulate\/","og_site_name":"Toidupakk.ee - Tactical Foodpack toidupakid","article_publisher":"https:\/\/www.facebook.com\/Toidupakk","article_modified_time":"2026-04-21T09:01:45+00:00","og_image":[{"width":1080,"height":1080,"url":"https:\/\/toidupakk.ee\/wp-content\/uploads\/2023\/03\/Sormedeta-kindad-Thinsulate.png","type":"image\/png"}],"twitter_card":"summary_large_image","twitter_misc":{"Szacowany czas czytania":"1 minuta"},"schema":{"@context":"https:\/\/schema.org","@graph":[{"@type":"WebPage","@id":"https:\/\/toidupakk.ee\/pl\/toode\/rekawiczki-bez-palcow-thinsulate\/","url":"https:\/\/toidupakk.ee\/pl\/toode\/rekawiczki-bez-palcow-thinsulate\/","name":"R\u0119kawiczki bez palc\u00f3w Thinsulate\u00ae","isPartOf":{"@id":"https:\/\/toidupakk.ee\/pl\/#website"},"primaryImageOfPage":{"@id":"https:\/\/toidupakk.ee\/pl\/toode\/rekawiczki-bez-palcow-thinsulate\/#primaryimage"},"image":{"@id":"https:\/\/toidupakk.ee\/pl\/toode\/rekawiczki-bez-palcow-thinsulate\/#primaryimage"},"thumbnailUrl":"https:\/\/toidupakk.ee\/wp-content\/uploads\/2023\/03\/Sormedeta-kindad-Thinsulate.png","datePublished":"2023-03-17T10:30:15+00:00","dateModified":"2026-04-21T09:01:45+00:00","description":"R\u0119kawiczki bez palc\u00f3w z podw\u00f3jn\u0105 wy\u015bci\u00f3\u0142k\u0105 3M\u2122 Thinsulate\u2122 zapewniaj\u0105 ciep\u0142o d\u0142oniom. Przyjemnie grube r\u0119kawiczki, kt\u00f3re pozwalaj\u0105 na jednoczesne korzystanie ze smartfona.","breadcrumb":{"@id":"https:\/\/toidupakk.ee\/pl\/toode\/rekawiczki-bez-palcow-thinsulate\/#breadcrumb"},"inLanguage":"pl-PL","potentialAction":[{"@type":"ReadAction","target":["https:\/\/toidupakk.ee\/pl\/toode\/rekawiczki-bez-palcow-thinsulate\/"]}]},{"@type":"ImageObject","inLanguage":"pl-PL","@id":"https:\/\/toidupakk.ee\/pl\/toode\/rekawiczki-bez-palcow-thinsulate\/#primaryimage","url":"https:\/\/toidupakk.ee\/wp-content\/uploads\/2023\/03\/Sormedeta-kindad-Thinsulate.png","contentUrl":"https:\/\/toidupakk.ee\/wp-content\/uploads\/2023\/03\/Sormedeta-kindad-Thinsulate.png","width":1080,"height":1080,"caption":"Ilma s\u00f5rmedeta kindad"},{"@type":"BreadcrumbList","@id":"https:\/\/toidupakk.ee\/pl\/toode\/rekawiczki-bez-palcow-thinsulate\/#breadcrumb","itemListElement":[{"@type":"ListItem","position":1,"name":"Avaleht","item":"https:\/\/toidupakk.ee\/pl\/"},{"@type":"ListItem","position":2,"name":"Sklep internetowy","item":"https:\/\/toidupakk.ee\/pl\/sklep-internetowy\/"},{"@type":"ListItem","position":3,"name":"R\u0119kawiczki bez palc\u00f3w Thinsulate\u00ae"}]},{"@type":"WebSite","@id":"https:\/\/toidupakk.ee\/pl\/#website","url":"https:\/\/toidupakk.ee\/pl\/","name":"Toidupakk.ee - Tactical Foodpack toidupakid","description":"Tactical Foodpack k\u00fclmkuivatatud toidupakid ja matkaeined","publisher":{"@id":"https:\/\/toidupakk.ee\/pl\/#organization"},"potentialAction":[{"@type":"SearchAction","target":{"@type":"EntryPoint","urlTemplate":"https:\/\/toidupakk.ee\/pl\/?s={search_term_string}"},"query-input":{"@type":"PropertyValueSpecification","valueRequired":true,"valueName":"search_term_string"}}],"inLanguage":"pl-PL"},{"@type":"Organization","@id":"https:\/\/toidupakk.ee\/pl\/#organization","name":"Tactical Foodpack matkaeined","url":"https:\/\/toidupakk.ee\/pl\/","logo":{"@type":"ImageObject","inLanguage":"pl-PL","@id":"https:\/\/toidupakk.ee\/pl\/#\/schema\/logo\/image\/","url":"https:\/\/toidupakk.ee\/wp-content\/uploads\/2022\/01\/Toidupakk-matkapood-logo-transparent.png","contentUrl":"https:\/\/toidupakk.ee\/wp-content\/uploads\/2022\/01\/Toidupakk-matkapood-logo-transparent.png","width":500,"height":500,"caption":"Tactical Foodpack matkaeined"},"image":{"@id":"https:\/\/toidupakk.ee\/pl\/#\/schema\/logo\/image\/"},"sameAs":["https:\/\/www.facebook.com\/Toidupakk","https:\/\/www.instagram.com\/toidupakk\/"]}]}},"jetpack_sharing_enabled":true,"_links":{"self":[{"href":"https:\/\/toidupakk.ee\/pl\/wp-json\/wp\/v2\/product\/51994","targetHints":{"allow":["GET"]}}],"collection":[{"href":"https:\/\/toidupakk.ee\/pl\/wp-json\/wp\/v2\/product"}],"about":[{"href":"https:\/\/toidupakk.ee\/pl\/wp-json\/wp\/v2\/types\/product"}],"replies":[{"embeddable":true,"href":"https:\/\/toidupakk.ee\/pl\/wp-json\/wp\/v2\/comments?post=51994"}],"wp:featuredmedia":[{"embeddable":true,"href":"https:\/\/toidupakk.ee\/pl\/wp-json\/wp\/v2\/media\/6540"}],"wp:attachment":[{"href":"https:\/\/toidupakk.ee\/pl\/wp-json\/wp\/v2\/media?parent=51994"}],"wp:term":[{"taxonomy":"product_brand","embeddable":true,"href":"https:\/\/toidupakk.ee\/pl\/wp-json\/wp\/v2\/product_brand?post=51994"},{"taxonomy":"product_cat","embeddable":true,"href":"https:\/\/toidupakk.ee\/pl\/wp-json\/wp\/v2\/product_cat?post=51994"},{"taxonomy":"product_tag","embeddable":true,"href":"https:\/\/toidupakk.ee\/pl\/wp-json\/wp\/v2\/product_tag?post=51994"}],"curies":[{"name":"wp","href":"https:\/\/api.w.org\/{rel}","templated":true}]}}