{"id":51965,"date":"2024-06-25T14:10:17","date_gmt":"2024-06-25T11:10:17","guid":{"rendered":"https:\/\/toidupakk.ee\/toode\/zestaw-pasta-carbonara\/"},"modified":"2026-04-20T12:01:47","modified_gmt":"2026-04-20T09:01:47","slug":"zestaw-pasta-carbonara","status":"publish","type":"product","link":"https:\/\/toidupakk.ee\/pl\/toode\/zestaw-pasta-carbonara\/","title":{"rendered":"Zestaw Pasta Carbonara"},"content":{"rendered":"<p><img decoding=\"async\" class=\"alignnone size-full wp-image-23874\" src=\"https:\/\/toidupakk.ee\/wp-content\/uploads\/2024\/06\/Food-Force-logo-transparent-150-x-75-px.png\" alt=\"\" width=\"150\" height=\"75\"><\/p>\n<h1>Zestaw Pasta Carbonara \u2013 instrukcja przygotowania:<\/h1>\n<p>Otw\u00f3rz zestaw pasta carbonara i roz\u0142\u00f3\u017c ca\u0142kowicie jego dno. Nape\u0142nij opakowanie wrz\u0105tkiem do linii zaznaczonej z ty\u0142u. (Uwaga! R\u00f3\u017cne warianty da\u0144 maj\u0105 inne oznaczenia, wi\u0119c ilo\u015b\u0107 wody mo\u017ce si\u0119 r\u00f3\u017cni\u0107). Wymieszaj dok\u0142adnie i zamknij opakowanie. Odczekaj 15 minut. Otw\u00f3rz i wymieszaj ponownie przed jedzeniem. W razie potrzeby dolej wody.      <\/p>\n<h2>\u017bywno\u015b\u0107 liofilizowana Food Force<\/h2>\n<p>Zestawy racji \u017cywno\u015bciowych Food Force sk\u0142adaj\u0105 si\u0119 z dania g\u0142\u00f3wnego, produktu zbo\u017cowego, pasty do kanapek, przek\u0105ski, napoju i chusteczek dezynfekuj\u0105cych. Zestawy zosta\u0142y opracowane w Estonii i ciesz\u0105 si\u0119 popularno\u015bci\u0105 w\u015br\u00f3d wojska oraz cz\u0142onk\u00f3w ligi obrony. Posi\u0142ki Food Force s\u0105 r\u00f3wnie\u017c ch\u0119tnie wybierane przez turyst\u00f3w, \u017ceglarzy i sportowc\u00f3w, kt\u00f3rzy ceni\u0105 po\u017cywne i smaczne jedzenie.  <\/p>\n<p>Produkty Food Force s\u0105 wytwarzane w Tabasalu pod Tallinnem. Zak\u0142ad posiada certyfikat ISO 9001, co podkre\u015bla nasze zaanga\u017cowanie w zachowanie najwy\u017cszych standard\u00f3w jako\u015bci i bezpiecze\u0144stwa. <\/p>\n<p><img fetchpriority=\"high\" decoding=\"async\" class=\"alignnone wp-image-23871 size-thumbnail\" src=\"https:\/\/toidupakk.ee\/wp-content\/uploads\/2024\/06\/Pasta-Carbonara-toidukomplekt-FOOD-FORCE-500x500.png\" alt=\"zestaw pasta carbonara\" width=\"500\" height=\"500\" data-wp-editing=\"1\" srcset=\"https:\/\/toidupakk.ee\/wp-content\/uploads\/2024\/06\/Pasta-Carbonara-toidukomplekt-FOOD-FORCE-500x500.png 500w, https:\/\/toidupakk.ee\/wp-content\/uploads\/2024\/06\/Pasta-Carbonara-toidukomplekt-FOOD-FORCE-400x400.png 400w, https:\/\/toidupakk.ee\/wp-content\/uploads\/2024\/06\/Pasta-Carbonara-toidukomplekt-FOOD-FORCE-100x100.png 100w, https:\/\/toidupakk.ee\/wp-content\/uploads\/2024\/06\/Pasta-Carbonara-toidukomplekt-FOOD-FORCE-800x800.png 800w, https:\/\/toidupakk.ee\/wp-content\/uploads\/2024\/06\/Pasta-Carbonara-toidukomplekt-FOOD-FORCE-300x300.png 300w, https:\/\/toidupakk.ee\/wp-content\/uploads\/2024\/06\/Pasta-Carbonara-toidukomplekt-FOOD-FORCE-1024x1024.png 1024w, https:\/\/toidupakk.ee\/wp-content\/uploads\/2024\/06\/Pasta-Carbonara-toidukomplekt-FOOD-FORCE-768x768.png 768w, https:\/\/toidupakk.ee\/wp-content\/uploads\/2024\/06\/Pasta-Carbonara-toidukomplekt-FOOD-FORCE.png 1080w\" sizes=\"(max-width: 500px) 100vw, 500px\" \/><\/p>\n<p>Dowiedz si\u0119 wi\u0119cej o posi\u0142kach turystycznych Tactical Foodpack <a href=\"https:\/\/toidupakk.ee\/pl\/tootekategooria\/posilki-tactical-foodpack\/\">TUTAJ.<\/a><\/p>\n<p>Zobacz wi\u0119cej akcesori\u00f3w turystycznych <a href=\"https:\/\/toidupakk.ee\/pl\/tootekategooria\/sprzet-turystyczny\/#section-3-79\">TUTAJ<\/a><\/p>\n<p>Znajd\u017a inspiracj\u0119 na kolejne przygody na <a href=\"https:\/\/www.instagram.com\/toidupakk\/\">Instagramie<\/a> i <a href=\"https:\/\/www.facebook.com\/Toidupakk\/\">Facebooku<\/a> Toidupakk.<\/p>\n","protected":false},"excerpt":{"rendered":"<p><strong>Pasta carbonara to klasyczne w\u0142oskie danie sk\u0142adaj\u0105ce si\u0119 ze spaghetti lub innego d\u0142ugiego makaronu, pancetty lub guanciale (w\u0142oski boczek), \u017c\u00f3\u0142tek jaj, sera pecorino romano i czarnego pieprzu. Sos powstaje z \u017c\u00f3\u0142tek i sera, kt\u00f3re po wymieszaniu z gor\u0105cym makaronem tworz\u0105 kremow\u0105 konsystencj\u0119 bez dodatku \u015bmietany. <\/strong><\/p>\n<p>Paki sk\u0142adaj\u0105 si\u0119 z dania g\u0142\u00f3wnego, produktu zbo\u017cowego, pasty do kanapek, przek\u0105ski, napoju i chusteczek dezynfekuj\u0105cych.<\/p>\n<p>Zestaw Pasta Carbonara zawiera:<\/p>\n<ul>\n<li>Pasta carbonara 150 g<\/li>\n<li>Pieczywo chrupkie z warzywami wiosennymi 50 g<\/li>\n<li>Pasta z kurczaka do kanapek 100 g<\/li>\n<li>Ciastka z cukrem 80 g<\/li>\n<li>Izotoniczny nap\u00f3j w proszku jab\u0142kowy 5 g<\/li>\n<li>Zielona herbata 2 g<\/li>\n<li>Cukier 4 g<\/li>\n<li>S\u00f3l 1 g<\/li>\n<li>Nawil\u017cana chusteczka 5 g<\/li>\n<\/ul>\n<p><img decoding=\"async\" class=\"alignnone size-full wp-image-23874\" src=\"https:\/\/toidupakk.ee\/wp-content\/uploads\/2024\/06\/Food-Force-logo-transparent-150-x-75-px.png\" alt=\"\" width=\"150\" height=\"75\"><\/p>\n<p>Warto\u015bci od\u017cywcze na posi\u0142ek: Warto\u015b\u0107 energetyczna 5975 kJ \/ 1426 kcal, T\u0142uszcze 56 g, W\u0119glowodany 182,6 g, Bia\u0142ko 41,5 g, S\u00f3l 9,1 g.<\/p>\n<p>\u2705 Dost\u0119pne w magazynie, szybka dostawa w 1\u20133 dni robocze<\/p>\n","protected":false},"featured_media":23871,"comment_status":"open","ping_status":"closed","template":"","meta":{"_acf_changed":false},"product_brand":[],"product_cat":[303,344,301,392],"product_tag":[],"class_list":{"0":"post-51965","1":"product","2":"type-product","3":"status-publish","4":"has-post-thumbnail","6":"product_cat-akcesoria-turystyczne","7":"product_cat-paki-suchej-zywnosci-food-force","8":"product_cat-sprzet-turystyczny","9":"product_cat-zestawy-zywnosciowe-mre","11":"first","12":"instock","13":"taxable","14":"shipping-taxable","15":"purchasable","16":"product-type-simple"},"bundled_by":[],"bundle_stock_status":"instock","bundle_stock_quantity":12,"bundle_virtual":false,"bundle_layout":"","bundle_add_to_cart_form_location":"","bundle_editable_in_cart":false,"bundle_sold_individually_context":"","bundle_item_grouping":"","bundle_min_size":"","bundle_max_size":"","bundle_price":[],"bundled_items":[],"bundle_sell_ids":[],"acf":[],"yoast_head":"<!-- This site is optimized with the Yoast SEO plugin v27.3 - https:\/\/yoast.com\/product\/yoast-seo-wordpress\/ -->\n<title>Zestaw Pasta Carbonara<\/title>\n<meta name=\"description\" content=\"Zestaw Pasta Carbonara zawiera: danie g\u0142\u00f3wne, pieczywo chrupkie z warzywami, past\u0119 z kurczaka do kanapek, ciastka, izotoniczny nap\u00f3j w proszku, herbat\u0119, nawil\u017can\u0105 chusteczk\u0119\" \/>\n<meta name=\"robots\" content=\"index, follow, max-snippet:-1, max-image-preview:large, max-video-preview:-1\" \/>\n<link rel=\"canonical\" href=\"https:\/\/toidupakk.ee\/pl\/toode\/zestaw-pasta-carbonara\/\" \/>\n<meta property=\"og:locale\" content=\"pl_PL\" \/>\n<meta property=\"og:type\" content=\"article\" \/>\n<meta property=\"og:title\" content=\"Zestaw Pasta Carbonara\" \/>\n<meta property=\"og:description\" content=\"Zestaw Pasta Carbonara zawiera: danie g\u0142\u00f3wne, pieczywo chrupkie z warzywami, past\u0119 z kurczaka do kanapek, ciastka, izotoniczny nap\u00f3j w proszku, herbat\u0119, nawil\u017can\u0105 chusteczk\u0119\" \/>\n<meta property=\"og:url\" content=\"https:\/\/toidupakk.ee\/pl\/toode\/zestaw-pasta-carbonara\/\" \/>\n<meta property=\"og:site_name\" content=\"Toidupakk.ee - Tactical Foodpack toidupakid\" \/>\n<meta property=\"article:publisher\" content=\"https:\/\/www.facebook.com\/Toidupakk\" \/>\n<meta property=\"article:modified_time\" content=\"2026-04-20T09:01:47+00:00\" \/>\n<meta property=\"og:image\" content=\"https:\/\/toidupakk.ee\/wp-content\/uploads\/2024\/06\/Pasta-Carbonara-toidukomplekt-FOOD-FORCE.png\" \/>\n\t<meta property=\"og:image:width\" content=\"1080\" \/>\n\t<meta property=\"og:image:height\" content=\"1080\" \/>\n\t<meta property=\"og:image:type\" content=\"image\/png\" \/>\n<meta name=\"twitter:card\" content=\"summary_large_image\" \/>\n<meta name=\"twitter:label1\" content=\"Szacowany czas czytania\" \/>\n\t<meta name=\"twitter:data1\" content=\"1 minuta\" \/>\n<script type=\"application\/ld+json\" class=\"yoast-schema-graph\">{\"@context\":\"https:\\\/\\\/schema.org\",\"@graph\":[{\"@type\":\"WebPage\",\"@id\":\"https:\\\/\\\/toidupakk.ee\\\/pl\\\/toode\\\/zestaw-pasta-carbonara\\\/\",\"url\":\"https:\\\/\\\/toidupakk.ee\\\/pl\\\/toode\\\/zestaw-pasta-carbonara\\\/\",\"name\":\"Zestaw Pasta Carbonara\",\"isPartOf\":{\"@id\":\"https:\\\/\\\/toidupakk.ee\\\/pl\\\/#website\"},\"primaryImageOfPage\":{\"@id\":\"https:\\\/\\\/toidupakk.ee\\\/pl\\\/toode\\\/zestaw-pasta-carbonara\\\/#primaryimage\"},\"image\":{\"@id\":\"https:\\\/\\\/toidupakk.ee\\\/pl\\\/toode\\\/zestaw-pasta-carbonara\\\/#primaryimage\"},\"thumbnailUrl\":\"https:\\\/\\\/toidupakk.ee\\\/wp-content\\\/uploads\\\/2024\\\/06\\\/Pasta-Carbonara-toidukomplekt-FOOD-FORCE.png\",\"datePublished\":\"2024-06-25T11:10:17+00:00\",\"dateModified\":\"2026-04-20T09:01:47+00:00\",\"description\":\"Zestaw Pasta Carbonara zawiera: danie g\u0142\u00f3wne, pieczywo chrupkie z warzywami, past\u0119 z kurczaka do kanapek, ciastka, izotoniczny nap\u00f3j w proszku, herbat\u0119, nawil\u017can\u0105 chusteczk\u0119\",\"breadcrumb\":{\"@id\":\"https:\\\/\\\/toidupakk.ee\\\/pl\\\/toode\\\/zestaw-pasta-carbonara\\\/#breadcrumb\"},\"inLanguage\":\"pl-PL\",\"potentialAction\":[{\"@type\":\"ReadAction\",\"target\":[\"https:\\\/\\\/toidupakk.ee\\\/pl\\\/toode\\\/zestaw-pasta-carbonara\\\/\"]}]},{\"@type\":\"ImageObject\",\"inLanguage\":\"pl-PL\",\"@id\":\"https:\\\/\\\/toidupakk.ee\\\/pl\\\/toode\\\/zestaw-pasta-carbonara\\\/#primaryimage\",\"url\":\"https:\\\/\\\/toidupakk.ee\\\/wp-content\\\/uploads\\\/2024\\\/06\\\/Pasta-Carbonara-toidukomplekt-FOOD-FORCE.png\",\"contentUrl\":\"https:\\\/\\\/toidupakk.ee\\\/wp-content\\\/uploads\\\/2024\\\/06\\\/Pasta-Carbonara-toidukomplekt-FOOD-FORCE.png\",\"width\":1080,\"height\":1080,\"caption\":\"pasta carbonara toidukomplekt\"},{\"@type\":\"BreadcrumbList\",\"@id\":\"https:\\\/\\\/toidupakk.ee\\\/pl\\\/toode\\\/zestaw-pasta-carbonara\\\/#breadcrumb\",\"itemListElement\":[{\"@type\":\"ListItem\",\"position\":1,\"name\":\"Avaleht\",\"item\":\"https:\\\/\\\/toidupakk.ee\\\/pl\\\/\"},{\"@type\":\"ListItem\",\"position\":2,\"name\":\"Sklep internetowy\",\"item\":\"https:\\\/\\\/toidupakk.ee\\\/pl\\\/sklep-internetowy\\\/\"},{\"@type\":\"ListItem\",\"position\":3,\"name\":\"Zestaw Pasta Carbonara\"}]},{\"@type\":\"WebSite\",\"@id\":\"https:\\\/\\\/toidupakk.ee\\\/pl\\\/#website\",\"url\":\"https:\\\/\\\/toidupakk.ee\\\/pl\\\/\",\"name\":\"Toidupakk.ee - Tactical Foodpack toidupakid\",\"description\":\"Tactical Foodpack k\u00fclmkuivatatud toidupakid ja matkaeined\",\"publisher\":{\"@id\":\"https:\\\/\\\/toidupakk.ee\\\/pl\\\/#organization\"},\"potentialAction\":[{\"@type\":\"SearchAction\",\"target\":{\"@type\":\"EntryPoint\",\"urlTemplate\":\"https:\\\/\\\/toidupakk.ee\\\/pl\\\/?s={search_term_string}\"},\"query-input\":{\"@type\":\"PropertyValueSpecification\",\"valueRequired\":true,\"valueName\":\"search_term_string\"}}],\"inLanguage\":\"pl-PL\"},{\"@type\":\"Organization\",\"@id\":\"https:\\\/\\\/toidupakk.ee\\\/pl\\\/#organization\",\"name\":\"Tactical Foodpack matkaeined\",\"url\":\"https:\\\/\\\/toidupakk.ee\\\/pl\\\/\",\"logo\":{\"@type\":\"ImageObject\",\"inLanguage\":\"pl-PL\",\"@id\":\"https:\\\/\\\/toidupakk.ee\\\/pl\\\/#\\\/schema\\\/logo\\\/image\\\/\",\"url\":\"https:\\\/\\\/toidupakk.ee\\\/wp-content\\\/uploads\\\/2022\\\/01\\\/Toidupakk-matkapood-logo-transparent.png\",\"contentUrl\":\"https:\\\/\\\/toidupakk.ee\\\/wp-content\\\/uploads\\\/2022\\\/01\\\/Toidupakk-matkapood-logo-transparent.png\",\"width\":500,\"height\":500,\"caption\":\"Tactical Foodpack matkaeined\"},\"image\":{\"@id\":\"https:\\\/\\\/toidupakk.ee\\\/pl\\\/#\\\/schema\\\/logo\\\/image\\\/\"},\"sameAs\":[\"https:\\\/\\\/www.facebook.com\\\/Toidupakk\",\"https:\\\/\\\/www.instagram.com\\\/toidupakk\\\/\"]}]}<\/script>\n<!-- \/ Yoast SEO plugin. -->","yoast_head_json":{"title":"Zestaw Pasta Carbonara","description":"Zestaw Pasta Carbonara zawiera: danie g\u0142\u00f3wne, pieczywo chrupkie z warzywami, past\u0119 z kurczaka do kanapek, ciastka, izotoniczny nap\u00f3j w proszku, herbat\u0119, nawil\u017can\u0105 chusteczk\u0119","robots":{"index":"index","follow":"follow","max-snippet":"max-snippet:-1","max-image-preview":"max-image-preview:large","max-video-preview":"max-video-preview:-1"},"canonical":"https:\/\/toidupakk.ee\/pl\/toode\/zestaw-pasta-carbonara\/","og_locale":"pl_PL","og_type":"article","og_title":"Zestaw Pasta Carbonara","og_description":"Zestaw Pasta Carbonara zawiera: danie g\u0142\u00f3wne, pieczywo chrupkie z warzywami, past\u0119 z kurczaka do kanapek, ciastka, izotoniczny nap\u00f3j w proszku, herbat\u0119, nawil\u017can\u0105 chusteczk\u0119","og_url":"https:\/\/toidupakk.ee\/pl\/toode\/zestaw-pasta-carbonara\/","og_site_name":"Toidupakk.ee - Tactical Foodpack toidupakid","article_publisher":"https:\/\/www.facebook.com\/Toidupakk","article_modified_time":"2026-04-20T09:01:47+00:00","og_image":[{"width":1080,"height":1080,"url":"https:\/\/toidupakk.ee\/wp-content\/uploads\/2024\/06\/Pasta-Carbonara-toidukomplekt-FOOD-FORCE.png","type":"image\/png"}],"twitter_card":"summary_large_image","twitter_misc":{"Szacowany czas czytania":"1 minuta"},"schema":{"@context":"https:\/\/schema.org","@graph":[{"@type":"WebPage","@id":"https:\/\/toidupakk.ee\/pl\/toode\/zestaw-pasta-carbonara\/","url":"https:\/\/toidupakk.ee\/pl\/toode\/zestaw-pasta-carbonara\/","name":"Zestaw Pasta Carbonara","isPartOf":{"@id":"https:\/\/toidupakk.ee\/pl\/#website"},"primaryImageOfPage":{"@id":"https:\/\/toidupakk.ee\/pl\/toode\/zestaw-pasta-carbonara\/#primaryimage"},"image":{"@id":"https:\/\/toidupakk.ee\/pl\/toode\/zestaw-pasta-carbonara\/#primaryimage"},"thumbnailUrl":"https:\/\/toidupakk.ee\/wp-content\/uploads\/2024\/06\/Pasta-Carbonara-toidukomplekt-FOOD-FORCE.png","datePublished":"2024-06-25T11:10:17+00:00","dateModified":"2026-04-20T09:01:47+00:00","description":"Zestaw Pasta Carbonara zawiera: danie g\u0142\u00f3wne, pieczywo chrupkie z warzywami, past\u0119 z kurczaka do kanapek, ciastka, izotoniczny nap\u00f3j w proszku, herbat\u0119, nawil\u017can\u0105 chusteczk\u0119","breadcrumb":{"@id":"https:\/\/toidupakk.ee\/pl\/toode\/zestaw-pasta-carbonara\/#breadcrumb"},"inLanguage":"pl-PL","potentialAction":[{"@type":"ReadAction","target":["https:\/\/toidupakk.ee\/pl\/toode\/zestaw-pasta-carbonara\/"]}]},{"@type":"ImageObject","inLanguage":"pl-PL","@id":"https:\/\/toidupakk.ee\/pl\/toode\/zestaw-pasta-carbonara\/#primaryimage","url":"https:\/\/toidupakk.ee\/wp-content\/uploads\/2024\/06\/Pasta-Carbonara-toidukomplekt-FOOD-FORCE.png","contentUrl":"https:\/\/toidupakk.ee\/wp-content\/uploads\/2024\/06\/Pasta-Carbonara-toidukomplekt-FOOD-FORCE.png","width":1080,"height":1080,"caption":"pasta carbonara toidukomplekt"},{"@type":"BreadcrumbList","@id":"https:\/\/toidupakk.ee\/pl\/toode\/zestaw-pasta-carbonara\/#breadcrumb","itemListElement":[{"@type":"ListItem","position":1,"name":"Avaleht","item":"https:\/\/toidupakk.ee\/pl\/"},{"@type":"ListItem","position":2,"name":"Sklep internetowy","item":"https:\/\/toidupakk.ee\/pl\/sklep-internetowy\/"},{"@type":"ListItem","position":3,"name":"Zestaw Pasta Carbonara"}]},{"@type":"WebSite","@id":"https:\/\/toidupakk.ee\/pl\/#website","url":"https:\/\/toidupakk.ee\/pl\/","name":"Toidupakk.ee - Tactical Foodpack toidupakid","description":"Tactical Foodpack k\u00fclmkuivatatud toidupakid ja matkaeined","publisher":{"@id":"https:\/\/toidupakk.ee\/pl\/#organization"},"potentialAction":[{"@type":"SearchAction","target":{"@type":"EntryPoint","urlTemplate":"https:\/\/toidupakk.ee\/pl\/?s={search_term_string}"},"query-input":{"@type":"PropertyValueSpecification","valueRequired":true,"valueName":"search_term_string"}}],"inLanguage":"pl-PL"},{"@type":"Organization","@id":"https:\/\/toidupakk.ee\/pl\/#organization","name":"Tactical Foodpack matkaeined","url":"https:\/\/toidupakk.ee\/pl\/","logo":{"@type":"ImageObject","inLanguage":"pl-PL","@id":"https:\/\/toidupakk.ee\/pl\/#\/schema\/logo\/image\/","url":"https:\/\/toidupakk.ee\/wp-content\/uploads\/2022\/01\/Toidupakk-matkapood-logo-transparent.png","contentUrl":"https:\/\/toidupakk.ee\/wp-content\/uploads\/2022\/01\/Toidupakk-matkapood-logo-transparent.png","width":500,"height":500,"caption":"Tactical Foodpack matkaeined"},"image":{"@id":"https:\/\/toidupakk.ee\/pl\/#\/schema\/logo\/image\/"},"sameAs":["https:\/\/www.facebook.com\/Toidupakk","https:\/\/www.instagram.com\/toidupakk\/"]}]}},"jetpack_sharing_enabled":true,"_links":{"self":[{"href":"https:\/\/toidupakk.ee\/pl\/wp-json\/wp\/v2\/product\/51965","targetHints":{"allow":["GET"]}}],"collection":[{"href":"https:\/\/toidupakk.ee\/pl\/wp-json\/wp\/v2\/product"}],"about":[{"href":"https:\/\/toidupakk.ee\/pl\/wp-json\/wp\/v2\/types\/product"}],"replies":[{"embeddable":true,"href":"https:\/\/toidupakk.ee\/pl\/wp-json\/wp\/v2\/comments?post=51965"}],"wp:featuredmedia":[{"embeddable":true,"href":"https:\/\/toidupakk.ee\/pl\/wp-json\/wp\/v2\/media\/23871"}],"wp:attachment":[{"href":"https:\/\/toidupakk.ee\/pl\/wp-json\/wp\/v2\/media?parent=51965"}],"wp:term":[{"taxonomy":"product_brand","embeddable":true,"href":"https:\/\/toidupakk.ee\/pl\/wp-json\/wp\/v2\/product_brand?post=51965"},{"taxonomy":"product_cat","embeddable":true,"href":"https:\/\/toidupakk.ee\/pl\/wp-json\/wp\/v2\/product_cat?post=51965"},{"taxonomy":"product_tag","embeddable":true,"href":"https:\/\/toidupakk.ee\/pl\/wp-json\/wp\/v2\/product_tag?post=51965"}],"curies":[{"name":"wp","href":"https:\/\/api.w.org\/{rel}","templated":true}]}}