{"id":51921,"date":"2024-06-12T13:40:26","date_gmt":"2024-06-12T10:40:26","guid":{"rendered":"https:\/\/toidupakk.ee\/toode\/srodek-na-komary-bens-30-100-ml\/"},"modified":"2026-04-04T03:01:17","modified_gmt":"2026-04-04T00:01:17","slug":"srodek-na-komary-bens-30-100-ml","status":"publish","type":"product","link":"https:\/\/toidupakk.ee\/pl\/toode\/srodek-na-komary-bens-30-100-ml\/","title":{"rendered":"\u015arodek na komary Ben&#8217;s 30 (100 ml)"},"content":{"rendered":"<h1>\u015arodek na komary Ben&#8217;s 30, kt\u00f3ry naprawd\u0119 dzia\u0142a<\/h1>\n<p>\u015arodek na komary Ben&#8217;s 30 zawiera 30% substancji czynnej DEET (N,N-Dietylo-m-toluamid), uznawanej za najskuteczniejszy dotychczas opracowany repelent. W przeciwie\u0144stwie do \u015brodk\u00f3w na bazie alkoholu, ten spray DEET jest na bazie wody, dzi\u0119ki czemu mniej preparatu odparowuje ze sk\u00f3ry. Odstrasza owady takie jak komary, kleszcze, strzy\u017caki jelenie i inne uci\u0105\u017cliwe insekty, kt\u00f3re mog\u0105 przenosi\u0107 borelioz\u0119, wirus Zika, wirus Zachodniego Nilu czy deng\u0119 (wi\u0119kszo\u015b\u0107 z nich wyst\u0119puje g\u0142\u00f3wnie za granic\u0105). Dzi\u0119ki silnemu dzia\u0142aniu Ben&#8217;s Max zu\u017cywa si\u0119 bardzo powoli, a przy tym jest niezwykle lekki do noszenia w <a href=\"https:\/\/toidupakk.ee\/tactical-foodpack\/matka-seljakott-75l-mil-tec\/\">plecaku turystycznym<\/a> lub kieszeni.   <\/p>\n<p><img fetchpriority=\"high\" decoding=\"async\" class=\"alignnone wp-image-24013 size-thumbnail\" src=\"https:\/\/toidupakk.ee\/wp-content\/uploads\/2024\/06\/Saasetorjevahend-Bens-30-1-500x500.png\" alt=\"\" width=\"500\" height=\"500\" srcset=\"https:\/\/toidupakk.ee\/wp-content\/uploads\/2024\/06\/Saasetorjevahend-Bens-30-1-500x500.png 500w, https:\/\/toidupakk.ee\/wp-content\/uploads\/2024\/06\/Saasetorjevahend-Bens-30-1-400x400.png 400w, https:\/\/toidupakk.ee\/wp-content\/uploads\/2024\/06\/Saasetorjevahend-Bens-30-1-100x100.png 100w, https:\/\/toidupakk.ee\/wp-content\/uploads\/2024\/06\/Saasetorjevahend-Bens-30-1-800x800.png 800w, https:\/\/toidupakk.ee\/wp-content\/uploads\/2024\/06\/Saasetorjevahend-Bens-30-1-300x300.png 300w, https:\/\/toidupakk.ee\/wp-content\/uploads\/2024\/06\/Saasetorjevahend-Bens-30-1-1024x1024.png 1024w, https:\/\/toidupakk.ee\/wp-content\/uploads\/2024\/06\/Saasetorjevahend-Bens-30-1-768x768.png 768w, https:\/\/toidupakk.ee\/wp-content\/uploads\/2024\/06\/Saasetorjevahend-Bens-30-1.png 1080w\" sizes=\"(max-width: 500px) 100vw, 500px\" \/><\/p>\n<h2>Jak u\u017cywa\u0107 \u015brodka Ben&#8217;s 30, aby by\u0142 skuteczny?<\/h2>\n<p>Rozpyl niewielk\u0105 ilo\u015b\u0107 na ubrania i sk\u00f3r\u0119, unikaj\u0105c bezpo\u015bredniego pryskania na twarz. Produkt ma lekki i przyjemny zapach, wi\u0119c wspomnienia o intensywnie i nieprzyjemnie pachn\u0105cych repelentach odejd\u0105 w niepami\u0119\u0107 dzi\u0119ki Ben\u2019s 30.<br \/>\nAby skutecznie odstraszy\u0107 kleszcze i pch\u0142y, spryskaj r\u00f3wnie\u017c obuwie, skarpetki i spodnie. <\/p>\n<p>&nbsp;<\/p>\n<h2>Bezpiecze\u0144stwo \u015brodka na komary zale\u017cy od sposobu u\u017cycia<\/h2>\n<p>Przed u\u017cyciem zalecamy wstrz\u0105sn\u0105\u0107. Zdejmij nasadk\u0119 ochronn\u0105 i rozpyl na d\u0142o\u0144 oko\u0142o dw\u00f3ch dawek, a nast\u0119pnie nanie\u015b na sk\u00f3r\u0119 i ubranie, trzymaj\u0105c atomizer z dala od twarzy. Nie wdychaj podczas rozpylania! Nie stosuj na rany, otarcia ani podra\u017cnion\u0105 sk\u00f3r\u0119. Jedna aplikacja skutecznie odstrasza komary do 5 godzin, a kleszcze do 4,5 godziny.    <\/p>\n<p>&nbsp;<\/p>\n<h3>Repelent Ben\u2019s jest bezpieczny do stosowania na sk\u00f3rze. Istniej\u0105 jednak pewne ograniczenia, jak w przypadku ka\u017cdej substancji czy leku. <\/h3>\n<p>Nie stosuj u dzieci poni\u017cej 2. roku \u017cycia. Nanosi\u0107 na sk\u00f3r\u0119 tylko raz dziennie. Doro\u015bli mog\u0105 nanie\u015b\u0107 maksymalnie 58 dawek, a dzieci powy\u017cej 12. roku \u017cycia do 23 dawek w ci\u0105gu dnia. U dzieci w wieku 2\u201312 lat mo\u017cna nanie\u015b\u0107 maksymalnie 9 dawek dziennie i to wy\u0142\u0105cznie na szyj\u0119, przedramiona i nogi. Reszt\u0119 cia\u0142a nale\u017cy chroni\u0107 ubraniem. Nie stosuj produktu u dzieci poni\u017cej 1. roku \u017cycia \u2013 dla nich przeznaczone s\u0105 specjalne spraye. Nie nak\u0142adaj produktu na d\u0142onie dzieci poni\u017cej 12. roku \u017cycia. Zaleca si\u0119 zakrywanie ubraniem wszelkich nieposmarowanych powierzchni sk\u00f3ry, aby ograniczy\u0107 dost\u0119p owad\u00f3w gryz\u0105cych.        <\/p>\n<h2><img decoding=\"async\" class=\"alignnone wp-image-24012 size-thumbnail\" src=\"https:\/\/toidupakk.ee\/wp-content\/uploads\/2024\/06\/Saasetorjevahend-Bens-30-2-500x500.jpg\" alt=\"\u015brodek na komary bens\" width=\"500\" height=\"500\" srcset=\"https:\/\/toidupakk.ee\/wp-content\/uploads\/2024\/06\/Saasetorjevahend-Bens-30-2-500x500.jpg 500w, https:\/\/toidupakk.ee\/wp-content\/uploads\/2024\/06\/Saasetorjevahend-Bens-30-2-400x400.jpg 400w, https:\/\/toidupakk.ee\/wp-content\/uploads\/2024\/06\/Saasetorjevahend-Bens-30-2-100x100.jpg 100w, https:\/\/toidupakk.ee\/wp-content\/uploads\/2024\/06\/Saasetorjevahend-Bens-30-2-800x800.jpg 800w, https:\/\/toidupakk.ee\/wp-content\/uploads\/2024\/06\/Saasetorjevahend-Bens-30-2-300x300.jpg 300w, https:\/\/toidupakk.ee\/wp-content\/uploads\/2024\/06\/Saasetorjevahend-Bens-30-2-1024x1024.jpg 1024w, https:\/\/toidupakk.ee\/wp-content\/uploads\/2024\/06\/Saasetorjevahend-Bens-30-2-768x768.jpg 768w, https:\/\/toidupakk.ee\/wp-content\/uploads\/2024\/06\/Saasetorjevahend-Bens-30-2.jpg 1080w\" sizes=\"(max-width: 500px) 100vw, 500px\" \/><\/h2>\n<h2>\u015arodki ostro\u017cno\u015bci przy u\u017cywaniu Ben&#8217;s 30<\/h2>\n<ul>\n<li>Nie u\u017cywaj produktu w okolicach oczu i ust! Po na\u0142o\u017ceniu preparatu d\u0142o\u0144mi, dok\u0142adnie umyj r\u0119ce. <\/li>\n<li>Nie pozwalaj dzieciom poni\u017cej 10. roku \u017cycia na samodzielne u\u017cywanie produktu. Je\u015bli chcesz zastosowa\u0107 go u dziecka, rozpyl preparat na swoje d\u0142onie i rozsmaruj na miejscach wymagaj\u0105cych ochrony. <\/li>\n<li>U\u017cywaj produktu w umiarkowanych ilo\u015bciach na ods\u0142oni\u0119t\u0105 sk\u00f3r\u0119. Nie stosuj pod ubraniem. <\/li>\n<li>Unikaj przedawkowania!<\/li>\n<li>Gdy ochrona nie jest ju\u017c potrzebna, umyj miejsca, w kt\u00f3rych u\u017cyto produktu, wod\u0105 z myd\u0142em.<\/li>\n<li>Wypierz ubrania, na kt\u00f3rych u\u017cyto produktu, zanim za\u0142o\u017cysz je ponownie.<\/li>\n<li>Nie rozpylaj produktu wewn\u0105trz pomieszcze\u0144!<\/li>\n<\/ul>\n<p>&nbsp;<\/p>\n<p><strong>Przechowywanie<\/strong><\/p>\n<p>Przechowuj w ch\u0142odnym, suchym miejscu, niedost\u0119pnym dla dzieci i zwierz\u0105t. Trzymaj z dala od \u017ar\u00f3de\u0142 ciep\u0142a i otwartego ognia. <\/p>\n<p><strong>Utylizacja<\/strong><\/p>\n<p>Nie wrzucaj do ognia ani nie dziuraw opakowania! Nie u\u017cywaj pustej butelki do innych cel\u00f3w! Puste opakowanie oddaj do punktu zbi\u00f3rki odpad\u00f3w niebezpiecznych lub wyrzu\u0107 do kosza.  <\/p>\n<h3><strong>Pierwsza pomoc<\/strong><\/h3>\n<p>Je\u015bli produkt dostanie si\u0119 do oczu, p\u0142ucz je obficie wod\u0105. W przypadku po\u0142kni\u0119cia niezw\u0142ocznie skontaktuj si\u0119 z lekarzem! <\/p>\n<p>&nbsp;<\/p>\n<p>Zobacz wi\u0119cej akcesori\u00f3w turystycznych <a href=\"https:\/\/toidupakk.ee\/pl\/tootekategooria\/sprzet-turystyczny\/#section-3-79\">TUTAJ<\/a><\/p>\n<p>Zobacz \u017cywno\u015b\u0107 liofilizowan\u0105 <a href=\"https:\/\/toidupakk.ee\/pl\/tootekategooria\/zywnosc-turystyczna\/\">TUTAJ<\/a><\/p>\n<p>Znajd\u017a inspiracj\u0119 na kolejne przygody na <a href=\"https:\/\/www.instagram.com\/toidupakk\/\">Instagramie<\/a> i <a href=\"https:\/\/www.facebook.com\/Toidupakk\/\">Facebooku<\/a> Toidupakk.<\/p>\n","protected":false},"excerpt":{"rendered":"<p><strong>\u015arodek na komary Ben&#8217;s 30 jest uznawany za jeden z najskuteczniejszych repelent\u00f3w. To ulubieniec w\u0119dkarzy i my\u015bliwych oraz niezast\u0105piony towarzysz ka\u017cdego mi\u0142o\u015bnika przyrody. Do 5 h ochrony przed komarami, kleszczami, strzy\u017cakami i innymi uci\u0105\u017cliwymi owadami.  <\/strong><\/p>\n<ul>\n<li>Skuteczna ochrona <strong>przed komarami, kleszczami i innymi uci\u0105\u017cliwymi owadami<\/strong><\/li>\n<li>Butelka 100 ml<\/li>\n<li>W \u0142atwym do aplikacji sprayu (nie jest to aerozol)<\/li>\n<li><strong>Substancja czynna DEET (30%)<\/strong><\/li>\n<li>Na bazie wody<\/li>\n<li>Termin wa\u017cno\u015bci: do 3 lat<\/li>\n<\/ul>\n<p><img decoding=\"async\" class=\"alignnone wp-image-1909 size-full\" src=\"https:\/\/toidupakk.ee\/wp-content\/uploads\/2022\/05\/Saasetorje-Bens-Max-4-e1713251010971.png\" alt=\"\" width=\"139\" height=\"196\"><\/p>\n<p>\u2705 Obecnie wyprzedane, nowa partia pojawi si\u0119 w kwietniu 2026<\/p>\n","protected":false},"featured_media":51926,"comment_status":"open","ping_status":"closed","template":"","meta":{"_acf_changed":false},"product_brand":[],"product_cat":[303,301,367],"product_tag":[],"class_list":{"0":"post-51921","1":"product","2":"type-product","3":"status-publish","4":"has-post-thumbnail","6":"product_cat-akcesoria-turystyczne","7":"product_cat-sprzet-turystyczny","8":"product_cat-srodki-na-komary-owady-i-kleszcze","10":"first","11":"outofstock","12":"taxable","13":"shipping-taxable","14":"purchasable","15":"product-type-simple"},"bundled_by":[],"bundle_stock_status":"outofstock","bundle_stock_quantity":0,"bundle_virtual":false,"bundle_layout":"","bundle_add_to_cart_form_location":"","bundle_editable_in_cart":false,"bundle_sold_individually_context":"","bundle_item_grouping":"","bundle_min_size":"","bundle_max_size":"","bundle_price":[],"bundled_items":[],"bundle_sell_ids":[],"acf":[],"yoast_head":"<!-- This site is optimized with the Yoast SEO plugin v27.1.1 - https:\/\/yoast.com\/product\/yoast-seo-wordpress\/ -->\n<title>\u015arodek na komary Ben&#039;s 30 (100 ml) przeciwko komarom i kleszczom<\/title>\n<meta name=\"description\" content=\"\u015arodek na komary Ben&#039;s 30 jest uwa\u017cany za jeden z najskuteczniejszych preparat\u00f3w odstraszaj\u0105cych owady. To ulubieniec w\u0119dkarzy i my\u015bliwych oraz niezast\u0105piony towarzysz na \u0142onie natury.\" \/>\n<meta name=\"robots\" content=\"index, follow, max-snippet:-1, max-image-preview:large, max-video-preview:-1\" \/>\n<link rel=\"canonical\" href=\"https:\/\/toidupakk.ee\/pl\/toode\/srodek-na-komary-bens-30-100-ml\/\" \/>\n<meta property=\"og:locale\" content=\"pl_PL\" \/>\n<meta property=\"og:type\" content=\"article\" \/>\n<meta property=\"og:title\" content=\"\u015arodek na komary Ben&#039;s 30 (100 ml) przeciwko komarom i kleszczom\" \/>\n<meta property=\"og:description\" content=\"\u015arodek na komary Ben&#039;s 30 jest uwa\u017cany za jeden z najskuteczniejszych preparat\u00f3w odstraszaj\u0105cych owady. To ulubieniec w\u0119dkarzy i my\u015bliwych oraz niezast\u0105piony towarzysz na \u0142onie natury.\" \/>\n<meta property=\"og:url\" content=\"https:\/\/toidupakk.ee\/pl\/toode\/srodek-na-komary-bens-30-100-ml\/\" \/>\n<meta property=\"og:site_name\" content=\"Toidupakk.ee - Tactical Foodpack toidupakid\" \/>\n<meta property=\"article:publisher\" content=\"https:\/\/www.facebook.com\/Toidupakk\" \/>\n<meta property=\"article:modified_time\" content=\"2026-04-04T00:01:17+00:00\" \/>\n<meta property=\"og:image\" content=\"https:\/\/toidupakk.ee\/wp-content\/uploads\/2024\/06\/Saasetorjeahend-Bens-30-1.png\" \/>\n\t<meta property=\"og:image:width\" content=\"1080\" \/>\n\t<meta property=\"og:image:height\" content=\"1080\" \/>\n\t<meta property=\"og:image:type\" content=\"image\/png\" \/>\n<meta name=\"twitter:card\" content=\"summary_large_image\" \/>\n<meta name=\"twitter:label1\" content=\"Szacowany czas czytania\" \/>\n\t<meta name=\"twitter:data1\" content=\"3 minuty\" \/>\n<script type=\"application\/ld+json\" class=\"yoast-schema-graph\">{\"@context\":\"https:\/\/schema.org\",\"@graph\":[{\"@type\":\"WebPage\",\"@id\":\"https:\/\/toidupakk.ee\/pl\/toode\/srodek-na-komary-bens-30-100-ml\/\",\"url\":\"https:\/\/toidupakk.ee\/pl\/toode\/srodek-na-komary-bens-30-100-ml\/\",\"name\":\"\u015arodek na komary Ben's 30 (100 ml) przeciwko komarom i kleszczom\",\"isPartOf\":{\"@id\":\"https:\/\/toidupakk.ee\/pl\/#website\"},\"primaryImageOfPage\":{\"@id\":\"https:\/\/toidupakk.ee\/pl\/toode\/srodek-na-komary-bens-30-100-ml\/#primaryimage\"},\"image\":{\"@id\":\"https:\/\/toidupakk.ee\/pl\/toode\/srodek-na-komary-bens-30-100-ml\/#primaryimage\"},\"thumbnailUrl\":\"https:\/\/toidupakk.ee\/wp-content\/uploads\/2024\/06\/Saasetorjeahend-Bens-30-1.png\",\"datePublished\":\"2024-06-12T10:40:26+00:00\",\"dateModified\":\"2026-04-04T00:01:17+00:00\",\"description\":\"\u015arodek na komary Ben's 30 jest uwa\u017cany za jeden z najskuteczniejszych preparat\u00f3w odstraszaj\u0105cych owady. To ulubieniec w\u0119dkarzy i my\u015bliwych oraz niezast\u0105piony towarzysz na \u0142onie natury.\",\"breadcrumb\":{\"@id\":\"https:\/\/toidupakk.ee\/pl\/toode\/srodek-na-komary-bens-30-100-ml\/#breadcrumb\"},\"inLanguage\":\"pl-PL\",\"potentialAction\":[{\"@type\":\"ReadAction\",\"target\":[\"https:\/\/toidupakk.ee\/pl\/toode\/srodek-na-komary-bens-30-100-ml\/\"]}]},{\"@type\":\"ImageObject\",\"inLanguage\":\"pl-PL\",\"@id\":\"https:\/\/toidupakk.ee\/pl\/toode\/srodek-na-komary-bens-30-100-ml\/#primaryimage\",\"url\":\"https:\/\/toidupakk.ee\/wp-content\/uploads\/2024\/06\/Saasetorjeahend-Bens-30-1.png\",\"contentUrl\":\"https:\/\/toidupakk.ee\/wp-content\/uploads\/2024\/06\/Saasetorjeahend-Bens-30-1.png\",\"width\":1080,\"height\":1080,\"caption\":\"Spray na komary Ben's\"},{\"@type\":\"BreadcrumbList\",\"@id\":\"https:\/\/toidupakk.ee\/pl\/toode\/srodek-na-komary-bens-30-100-ml\/#breadcrumb\",\"itemListElement\":[{\"@type\":\"ListItem\",\"position\":1,\"name\":\"Avaleht\",\"item\":\"https:\/\/toidupakk.ee\/pl\/\"},{\"@type\":\"ListItem\",\"position\":2,\"name\":\"Sklep internetowy\",\"item\":\"https:\/\/toidupakk.ee\/pl\/sklep-internetowy\/\"},{\"@type\":\"ListItem\",\"position\":3,\"name\":\"\u015arodek na komary Ben&#8217;s 30 (100 ml)\"}]},{\"@type\":\"WebSite\",\"@id\":\"https:\/\/toidupakk.ee\/pl\/#website\",\"url\":\"https:\/\/toidupakk.ee\/pl\/\",\"name\":\"Toidupakk.ee - Tactical Foodpack toidupakid\",\"description\":\"Tactical Foodpack k\u00fclmkuivatatud toidupakid ja matkaeined\",\"publisher\":{\"@id\":\"https:\/\/toidupakk.ee\/pl\/#organization\"},\"potentialAction\":[{\"@type\":\"SearchAction\",\"target\":{\"@type\":\"EntryPoint\",\"urlTemplate\":\"https:\/\/toidupakk.ee\/pl\/?s={search_term_string}\"},\"query-input\":{\"@type\":\"PropertyValueSpecification\",\"valueRequired\":true,\"valueName\":\"search_term_string\"}}],\"inLanguage\":\"pl-PL\"},{\"@type\":\"Organization\",\"@id\":\"https:\/\/toidupakk.ee\/pl\/#organization\",\"name\":\"Tactical Foodpack matkaeined\",\"url\":\"https:\/\/toidupakk.ee\/pl\/\",\"logo\":{\"@type\":\"ImageObject\",\"inLanguage\":\"pl-PL\",\"@id\":\"https:\/\/toidupakk.ee\/pl\/#\/schema\/logo\/image\/\",\"url\":\"https:\/\/toidupakk.ee\/wp-content\/uploads\/2022\/01\/Toidupakk-matkapood-logo-transparent.png\",\"contentUrl\":\"https:\/\/toidupakk.ee\/wp-content\/uploads\/2022\/01\/Toidupakk-matkapood-logo-transparent.png\",\"width\":500,\"height\":500,\"caption\":\"Tactical Foodpack matkaeined\"},\"image\":{\"@id\":\"https:\/\/toidupakk.ee\/pl\/#\/schema\/logo\/image\/\"},\"sameAs\":[\"https:\/\/www.facebook.com\/Toidupakk\",\"https:\/\/www.instagram.com\/toidupakk\/\"]}]}<\/script>\n<!-- \/ Yoast SEO plugin. -->","yoast_head_json":{"title":"\u015arodek na komary Ben's 30 (100 ml) przeciwko komarom i kleszczom","description":"\u015arodek na komary Ben's 30 jest uwa\u017cany za jeden z najskuteczniejszych preparat\u00f3w odstraszaj\u0105cych owady. To ulubieniec w\u0119dkarzy i my\u015bliwych oraz niezast\u0105piony towarzysz na \u0142onie natury.","robots":{"index":"index","follow":"follow","max-snippet":"max-snippet:-1","max-image-preview":"max-image-preview:large","max-video-preview":"max-video-preview:-1"},"canonical":"https:\/\/toidupakk.ee\/pl\/toode\/srodek-na-komary-bens-30-100-ml\/","og_locale":"pl_PL","og_type":"article","og_title":"\u015arodek na komary Ben's 30 (100 ml) przeciwko komarom i kleszczom","og_description":"\u015arodek na komary Ben's 30 jest uwa\u017cany za jeden z najskuteczniejszych preparat\u00f3w odstraszaj\u0105cych owady. To ulubieniec w\u0119dkarzy i my\u015bliwych oraz niezast\u0105piony towarzysz na \u0142onie natury.","og_url":"https:\/\/toidupakk.ee\/pl\/toode\/srodek-na-komary-bens-30-100-ml\/","og_site_name":"Toidupakk.ee - Tactical Foodpack toidupakid","article_publisher":"https:\/\/www.facebook.com\/Toidupakk","article_modified_time":"2026-04-04T00:01:17+00:00","og_image":[{"width":1080,"height":1080,"url":"https:\/\/toidupakk.ee\/wp-content\/uploads\/2024\/06\/Saasetorjeahend-Bens-30-1.png","type":"image\/png"}],"twitter_card":"summary_large_image","twitter_misc":{"Szacowany czas czytania":"3 minuty"},"schema":{"@context":"https:\/\/schema.org","@graph":[{"@type":"WebPage","@id":"https:\/\/toidupakk.ee\/pl\/toode\/srodek-na-komary-bens-30-100-ml\/","url":"https:\/\/toidupakk.ee\/pl\/toode\/srodek-na-komary-bens-30-100-ml\/","name":"\u015arodek na komary Ben's 30 (100 ml) przeciwko komarom i kleszczom","isPartOf":{"@id":"https:\/\/toidupakk.ee\/pl\/#website"},"primaryImageOfPage":{"@id":"https:\/\/toidupakk.ee\/pl\/toode\/srodek-na-komary-bens-30-100-ml\/#primaryimage"},"image":{"@id":"https:\/\/toidupakk.ee\/pl\/toode\/srodek-na-komary-bens-30-100-ml\/#primaryimage"},"thumbnailUrl":"https:\/\/toidupakk.ee\/wp-content\/uploads\/2024\/06\/Saasetorjeahend-Bens-30-1.png","datePublished":"2024-06-12T10:40:26+00:00","dateModified":"2026-04-04T00:01:17+00:00","description":"\u015arodek na komary Ben's 30 jest uwa\u017cany za jeden z najskuteczniejszych preparat\u00f3w odstraszaj\u0105cych owady. To ulubieniec w\u0119dkarzy i my\u015bliwych oraz niezast\u0105piony towarzysz na \u0142onie natury.","breadcrumb":{"@id":"https:\/\/toidupakk.ee\/pl\/toode\/srodek-na-komary-bens-30-100-ml\/#breadcrumb"},"inLanguage":"pl-PL","potentialAction":[{"@type":"ReadAction","target":["https:\/\/toidupakk.ee\/pl\/toode\/srodek-na-komary-bens-30-100-ml\/"]}]},{"@type":"ImageObject","inLanguage":"pl-PL","@id":"https:\/\/toidupakk.ee\/pl\/toode\/srodek-na-komary-bens-30-100-ml\/#primaryimage","url":"https:\/\/toidupakk.ee\/wp-content\/uploads\/2024\/06\/Saasetorjeahend-Bens-30-1.png","contentUrl":"https:\/\/toidupakk.ee\/wp-content\/uploads\/2024\/06\/Saasetorjeahend-Bens-30-1.png","width":1080,"height":1080,"caption":"Spray na komary Ben's"},{"@type":"BreadcrumbList","@id":"https:\/\/toidupakk.ee\/pl\/toode\/srodek-na-komary-bens-30-100-ml\/#breadcrumb","itemListElement":[{"@type":"ListItem","position":1,"name":"Avaleht","item":"https:\/\/toidupakk.ee\/pl\/"},{"@type":"ListItem","position":2,"name":"Sklep internetowy","item":"https:\/\/toidupakk.ee\/pl\/sklep-internetowy\/"},{"@type":"ListItem","position":3,"name":"\u015arodek na komary Ben&#8217;s 30 (100 ml)"}]},{"@type":"WebSite","@id":"https:\/\/toidupakk.ee\/pl\/#website","url":"https:\/\/toidupakk.ee\/pl\/","name":"Toidupakk.ee - Tactical Foodpack toidupakid","description":"Tactical Foodpack k\u00fclmkuivatatud toidupakid ja matkaeined","publisher":{"@id":"https:\/\/toidupakk.ee\/pl\/#organization"},"potentialAction":[{"@type":"SearchAction","target":{"@type":"EntryPoint","urlTemplate":"https:\/\/toidupakk.ee\/pl\/?s={search_term_string}"},"query-input":{"@type":"PropertyValueSpecification","valueRequired":true,"valueName":"search_term_string"}}],"inLanguage":"pl-PL"},{"@type":"Organization","@id":"https:\/\/toidupakk.ee\/pl\/#organization","name":"Tactical Foodpack matkaeined","url":"https:\/\/toidupakk.ee\/pl\/","logo":{"@type":"ImageObject","inLanguage":"pl-PL","@id":"https:\/\/toidupakk.ee\/pl\/#\/schema\/logo\/image\/","url":"https:\/\/toidupakk.ee\/wp-content\/uploads\/2022\/01\/Toidupakk-matkapood-logo-transparent.png","contentUrl":"https:\/\/toidupakk.ee\/wp-content\/uploads\/2022\/01\/Toidupakk-matkapood-logo-transparent.png","width":500,"height":500,"caption":"Tactical Foodpack matkaeined"},"image":{"@id":"https:\/\/toidupakk.ee\/pl\/#\/schema\/logo\/image\/"},"sameAs":["https:\/\/www.facebook.com\/Toidupakk","https:\/\/www.instagram.com\/toidupakk\/"]}]}},"jetpack_sharing_enabled":true,"_links":{"self":[{"href":"https:\/\/toidupakk.ee\/pl\/wp-json\/wp\/v2\/product\/51921","targetHints":{"allow":["GET"]}}],"collection":[{"href":"https:\/\/toidupakk.ee\/pl\/wp-json\/wp\/v2\/product"}],"about":[{"href":"https:\/\/toidupakk.ee\/pl\/wp-json\/wp\/v2\/types\/product"}],"replies":[{"embeddable":true,"href":"https:\/\/toidupakk.ee\/pl\/wp-json\/wp\/v2\/comments?post=51921"}],"wp:featuredmedia":[{"embeddable":true,"href":"https:\/\/toidupakk.ee\/pl\/wp-json\/wp\/v2\/media\/51926"}],"wp:attachment":[{"href":"https:\/\/toidupakk.ee\/pl\/wp-json\/wp\/v2\/media?parent=51921"}],"wp:term":[{"taxonomy":"product_brand","embeddable":true,"href":"https:\/\/toidupakk.ee\/pl\/wp-json\/wp\/v2\/product_brand?post=51921"},{"taxonomy":"product_cat","embeddable":true,"href":"https:\/\/toidupakk.ee\/pl\/wp-json\/wp\/v2\/product_cat?post=51921"},{"taxonomy":"product_tag","embeddable":true,"href":"https:\/\/toidupakk.ee\/pl\/wp-json\/wp\/v2\/product_tag?post=51921"}],"curies":[{"name":"wp","href":"https:\/\/api.w.org\/{rel}","templated":true}]}}