{"id":51905,"date":"2024-06-12T11:41:53","date_gmt":"2024-06-12T08:41:53","guid":{"rendered":"https:\/\/toidupakk.ee\/toode\/livercon-suplement-wspierajacy-funkcje-watroby-iconfit-30-kapsulek\/"},"modified":"2026-04-16T20:00:45","modified_gmt":"2026-04-16T17:00:45","slug":"livercon-suplement-wspierajacy-funkcje-watroby-iconfit-30-kapsulek","status":"publish","type":"product","link":"https:\/\/toidupakk.ee\/pl\/toode\/livercon-suplement-wspierajacy-funkcje-watroby-iconfit-30-kapsulek\/","title":{"rendered":"Livercon \u2013 suplement wspieraj\u0105cy funkcje w\u0105troby ICONFIT (30 kapsu\u0142ek)"},"content":{"rendered":"<div class=\"flex flex-grow flex-col max-w-full\">\n<div class=\"min-h-[20px] text-message flex flex-col items-start whitespace-pre-wrap break-words [.text-message+&amp;]:mt-5 juice:w-full juice:items-end overflow-x-auto gap-2\" dir=\"auto\" data-message-author-role=\"assistant\" data-message-id=\"0d627863-3206-4fcd-84b5-7a92545ec18d\">\n<div class=\"flex w-full flex-col gap-1 juice:empty:hidden juice:first:pt-[3px]\">\n<div class=\"markdown prose w-full break-words dark:prose-invert light\">\n<h1>Livercon \u2013 suplement wspieraj\u0105cy funkcje w\u0105troby<\/h1>\n<p>W\u0105troba to jeden z najwa\u017cniejszych organ\u00f3w w organizmie, odgrywaj\u0105cy kluczow\u0105 rol\u0119 w utrzymaniu og\u00f3lnego zdrowia i metabolizmu. Ten suplement wspieraj\u0105cy funkcje w\u0105troby wspomaga jej kluczowe zadania, niezb\u0119dne dla trawienia, metabolizmu, odporno\u015bci i regulacji sk\u0142adu krwi. <\/p>\n<h2>Livercon \u2013 suplement wspieraj\u0105cy funkcje w\u0105troby<\/h2>\n<ol>\n<li><strong>Usuwanie toksyn<\/strong>: W\u0105troba filtruje i usuwa z krwi toksyny, w tym produkty przemiany materii, leki, alkohol i inne szkodliwe substancje. S\u0105 one rozk\u0142adane na mniej szkodliwe zwi\u0105zki, kt\u00f3re nast\u0119pnie s\u0105 wydalane z moczem lub \u017c\u00f3\u0142ci\u0105. <\/li>\n<li><strong>Metabolizm sk\u0142adnik\u00f3w od\u017cywczych<\/strong>: W\u0105troba odgrywa centraln\u0105 rol\u0119 w metabolizmie sk\u0142adnik\u00f3w od\u017cywczych. Przekszta\u0142ca w\u0119glowodany w glukoz\u0119, magazynowan\u0105 jako energi\u0119 w postaci glikogenu. Przetwarza r\u00f3wnie\u017c t\u0142uszcze i bia\u0142ka, wspomagaj\u0105c trawienie i przyswajanie sk\u0142adnik\u00f3w od\u017cywczych.  <\/li>\n<li><strong>Produkcja \u017c\u00f3\u0142ci<\/strong>: W\u0105troba produkuje \u017c\u00f3\u0142\u0107, p\u0142yn niezb\u0119dny do trawienia i wch\u0142aniania t\u0142uszcz\u00f3w oraz witamin rozpuszczalnych w t\u0142uszczach w jelicie cienkim. \u017b\u00f3\u0142\u0107 gromadzi si\u0119 w p\u0119cherzyku \u017c\u00f3\u0142ciowym i jest uwalniana w razie potrzeby. <\/li>\n<li><strong>Magazynowanie witamin i minera\u0142\u00f3w<\/strong>: W\u0105troba magazynuje znaczne ilo\u015bci witamin i minera\u0142\u00f3w, w tym witaminy A, D, E, K i B12 oraz \u017celazo i mied\u017a. Zapewnia to organizmowi zapasy tych niezb\u0119dnych sk\u0142adnik\u00f3w od\u017cywczych w razie potrzeby. <\/li>\n<\/ol>\n<p><img fetchpriority=\"high\" decoding=\"async\" class=\"alignnone size-thumbnail wp-image-23975\" src=\"https:\/\/toidupakk.ee\/wp-content\/uploads\/2024\/06\/Livercon-toidulisand-maksafunktsioonide-toetamiseks-ICONFIT-30-kapslit-500x500.png\" alt=\"suplement wspieraj\u0105cy funkcje w\u0105troby\" width=\"500\" height=\"500\" srcset=\"https:\/\/toidupakk.ee\/wp-content\/uploads\/2024\/06\/Livercon-toidulisand-maksafunktsioonide-toetamiseks-ICONFIT-30-kapslit-500x500.png 500w, https:\/\/toidupakk.ee\/wp-content\/uploads\/2024\/06\/Livercon-toidulisand-maksafunktsioonide-toetamiseks-ICONFIT-30-kapslit-400x400.png 400w, https:\/\/toidupakk.ee\/wp-content\/uploads\/2024\/06\/Livercon-toidulisand-maksafunktsioonide-toetamiseks-ICONFIT-30-kapslit-100x100.png 100w, https:\/\/toidupakk.ee\/wp-content\/uploads\/2024\/06\/Livercon-toidulisand-maksafunktsioonide-toetamiseks-ICONFIT-30-kapslit-300x300.png 300w, https:\/\/toidupakk.ee\/wp-content\/uploads\/2024\/06\/Livercon-toidulisand-maksafunktsioonide-toetamiseks-ICONFIT-30-kapslit-768x768.png 768w, https:\/\/toidupakk.ee\/wp-content\/uploads\/2024\/06\/Livercon-toidulisand-maksafunktsioonide-toetamiseks-ICONFIT-30-kapslit.png 800w\" sizes=\"(max-width: 500px) 100vw, 500px\" \/><\/p>\n<p>ICONFIT LIVERCON to specjalnie opracowany, kompleksowy produkt wspieraj\u0105cy funkcje w\u0105troby. Zawiera ekstrakty ro\u015blinne, antyoksydanty, cholin\u0119, witamin\u0119 B6 i selen, kt\u00f3re pomagaj\u0105 utrzyma\u0107 w\u0105trob\u0119 w zdrowiu. <\/p>\n<ul>\n<li><strong>Mniszek lekarski<\/strong> wspomaga prawid\u0142owe funkcjonowanie w\u0105troby oraz stymuluje metabolizm lipid\u00f3w i cholesterolu, wspieraj\u0105c naturalny mechanizm oczyszczania organizmu.<\/li>\n<li><strong>Cholina<\/strong> pomaga w utrzymaniu prawid\u0142owego funkcjonowania w\u0105troby oraz przyczynia si\u0119 do w\u0142a\u015bciwego metabolizmu t\u0142uszcz\u00f3w i homocysteiny.<\/li>\n<li><strong>Glutation<\/strong> to silny antyoksydant wyst\u0119puj\u0105cy g\u0142\u00f3wnie w w\u0105trobie, ale tak\u017ce w innych narz\u0105dach. Pomaga zapobiega\u0107 uszkodzeniom powodowanym przez wolne rodniki i metale ci\u0119\u017ckie, chroni\u0105c kom\u00f3rki. <\/li>\n<li><strong>NAC (N-acetylo-L-cysteina)<\/strong> jest prekursorem glutationu, kt\u00f3ry dzia\u0142a jako wymiatacz wolnych rodnik\u00f3w i chroni kom\u00f3rki przed uszkodzeniami. NAC to stabilna i biodost\u0119pna forma cysteiny. <\/li>\n<li><strong>Ostropest plamisty<\/strong> wspiera zdrowie w\u0105troby i ochron\u0119 jej kom\u00f3rek, wspomagaj\u0105c trawienie i oczyszczanie organizmu.<\/li>\n<li><strong>Karczoch<\/strong> wspomaga wydzielanie sok\u00f3w trawiennych i detoksykacj\u0119, chroni kom\u00f3rki w\u0105troby i sprzyja produkcji \u017c\u00f3\u0142ci, pomagaj\u0105c utrzyma\u0107 poziom cholesterolu we krwi.<\/li>\n<li><strong>Selen<\/strong> pomaga w ochronie kom\u00f3rek przed stresem oksydacyjnym.<\/li>\n<li><strong>Witamina B6<\/strong> wspiera syntez\u0119 cysteiny, metabolizm energetyczny oraz metabolizm homocysteiny, bia\u0142ek i glikogenu.<\/li>\n<\/ul>\n<\/div>\n<\/div>\n<\/div>\n<\/div>\n<h2 class=\"image-with-text__heading pxu-lia-element\">ICONFIT Jako\u015b\u0107 &amp; Troska<\/h2>\n<div class=\"image-with-text__text pxu-lia-element\">\n<p>Produkty ICONFIT s\u0105 opracowywane w Estonii i bazuj\u0105 na najwy\u017cszych europejskich standardach jako\u015bci. Tworzymy nasze produkty we wsp\u00f3\u0142pracy ze specjalistami ds. \u017cywienia, sportowcami i technologami \u017cywno\u015bci. <\/p>\n<p>Produkty ICONFIT nie zawieraj\u0105 zb\u0119dnych sztucznych stabilizator\u00f3w, barwnik\u00f3w ani konserwant\u00f3w. Nasi klienci wracaj\u0105 do nas wielokrotnie dzi\u0119ki naszej jako\u015bci, czysto\u015bci i \u015bwietnym smakom. <\/p>\n<p><img decoding=\"async\" class=\"alignnone wp-image-15624 size-medium lazyautosizes ls-is-cached lazyloaded\" src=\"https:\/\/toidupakk.ee\/wp-content\/uploads\/2023\/11\/ICONFIT-kollageeni-pulber-liigestele-5-300x300.png\" alt=\"logo iconfit\" width=\"300\" height=\"300\" data-src=\"https:\/\/toidupakk.ee\/wp-content\/uploads\/2023\/11\/ICONFIT-kollageeni-pulber-liigestele-5-300x300.png\" data-srcset=\"https:\/\/toidupakk.ee\/wp-content\/uploads\/2023\/11\/ICONFIT-kollageeni-pulber-liigestele-5-300x300.png 300w, https:\/\/toidupakk.ee\/wp-content\/uploads\/2023\/11\/ICONFIT-kollageeni-pulber-liigestele-5-500x500.png 500w, https:\/\/toidupakk.ee\/wp-content\/uploads\/2023\/11\/ICONFIT-kollageeni-pulber-liigestele-5-768x768.png 768w, https:\/\/toidupakk.ee\/wp-content\/uploads\/2023\/11\/ICONFIT-kollageeni-pulber-liigestele-5-400x400.png 400w, https:\/\/toidupakk.ee\/wp-content\/uploads\/2023\/11\/ICONFIT-kollageeni-pulber-liigestele-5-100x100.png 100w, https:\/\/toidupakk.ee\/wp-content\/uploads\/2023\/11\/ICONFIT-kollageeni-pulber-liigestele-5.png 800w\" data-sizes=\"auto\" data-eio-rwidth=\"300\" data-eio-rheight=\"300\" srcset=\"https:\/\/toidupakk.ee\/wp-content\/uploads\/2023\/11\/ICONFIT-kollageeni-pulber-liigestele-5-300x300.png 300w, https:\/\/toidupakk.ee\/wp-content\/uploads\/2023\/11\/ICONFIT-kollageeni-pulber-liigestele-5-400x400.png 400w, https:\/\/toidupakk.ee\/wp-content\/uploads\/2023\/11\/ICONFIT-kollageeni-pulber-liigestele-5-100x100.png 100w, https:\/\/toidupakk.ee\/wp-content\/uploads\/2023\/11\/ICONFIT-kollageeni-pulber-liigestele-5-500x500.png 500w, https:\/\/toidupakk.ee\/wp-content\/uploads\/2023\/11\/ICONFIT-kollageeni-pulber-liigestele-5-768x768.png 768w, https:\/\/toidupakk.ee\/wp-content\/uploads\/2023\/11\/ICONFIT-kollageeni-pulber-liigestele-5.png 800w\" sizes=\"(max-width: 300px) 100vw, 300px\" \/><\/p>\n<p>Interesuje Ci\u0119 sprz\u0119t turystyczny? Sprawd\u017a szczeg\u00f3\u0142y <a href=\"https:\/\/toidupakk.ee\/pl\/tootekategooria\/sprzet-turystyczny\/#section-3-79\">TUTAJ<\/a><\/p>\n<p>Interesuj\u0105 Ci\u0119 posi\u0142ki turystyczne? Zobacz <a href=\"https:\/\/toidupakk.ee\/pl\/tootekategooria\/dania-glowne\/\">TUTAJ<\/a><\/p>\n<p>Znajd\u017a inspiracj\u0119 na kolejne przygody na <a href=\"https:\/\/www.instagram.com\/toidupakk\/\">Instagramie<\/a> i <a href=\"https:\/\/www.facebook.com\/Toidupakk\/\">Facebooku<\/a> Toidupakk.<\/p>\n<\/div>\n","protected":false},"excerpt":{"rendered":"<p><b>ICONFIT LIVERCON<\/b><span style=\"font-weight: 400;\"> to kompleksowy produkt wspieraj\u0105cy funkcje w\u0105troby. Zawiera antyoksydanty, cholin\u0119, witamin\u0119 B6, selen i ekstrakty ro\u015blinne. Ze wzgl\u0119du na dzisiejszy styl \u017cycia i du\u017c\u0105 ilo\u015b\u0107 toksyn, ka\u017cdemu zaleca si\u0119 dbanie o zdrowie w\u0105troby.<\/span><\/p>\n<ul>\n<li>Cholina pomaga w <strong>prawid\u0142owym funkcjonowaniu w\u0105troby oraz wspiera<\/strong><span style=\"font-weight: 400;\"><strong> metabolizm t\u0142uszcz\u00f3w i homocysteiny<\/strong>.<\/span><\/li>\n<li style=\"font-weight: 400;\"><span style=\"font-weight: 400;\">Ostropest plamisty <\/span>pomaga wspiera\u0107 <b>trawienie i oczyszczanie organizmu<\/b>.<\/li>\n<li style=\"font-weight: 400;\"><span style=\"font-weight: 400;\">Karczoch wspomaga <strong>wydzielanie sok\u00f3w trawiennych i detoksykacj\u0119<\/strong>. Sprzyja produkcji \u017c\u00f3\u0142ci, pomaga utrzyma\u0107 poziom cholesterolu i chroni\u0107 w\u0105trob\u0119. <\/span><\/li>\n<li style=\"font-weight: 400;\"><span style=\"font-weight: 400;\">Mniszek lekarski pomaga w naturalny spos\u00f3b <strong>oczy\u015bci\u0107 organizm<\/strong><\/span><span style=\"font-weight: 400;\"><b>.<\/b><\/span><\/li>\n<li><span style=\"font-weight: 400;\">NAC i glutation pomagaj\u0105 wychwytywa\u0107 wolne rodniki uszkadzaj\u0105ce kom\u00f3rki.<\/span><\/li>\n<li>W jednym opakowaniu <strong>30 kapsu\u0142ek<\/strong>.<\/li>\n<li>Zalecane spo\u017cycie:<strong> 2 kapsu\u0142ki dziennie<\/strong>.<\/li>\n<\/ul>\n<p>\u2705 Czas dostawy: 3-4 dni robocze<\/p>\n","protected":false},"featured_media":23975,"comment_status":"open","ping_status":"closed","template":"","meta":{"_acf_changed":false},"product_brand":[],"product_cat":[303,379,301,361],"product_tag":[],"class_list":{"0":"post-51905","1":"product","2":"type-product","3":"status-publish","4":"has-post-thumbnail","6":"product_cat-akcesoria-turystyczne","7":"product_cat-kapsulki","8":"product_cat-sprzet-turystyczny","9":"product_cat-suplementy-diety","11":"first","12":"instock","13":"taxable","14":"shipping-taxable","15":"purchasable","16":"product-type-simple"},"bundled_by":[],"bundle_stock_status":"instock","bundle_stock_quantity":4,"bundle_virtual":false,"bundle_layout":"","bundle_add_to_cart_form_location":"","bundle_editable_in_cart":false,"bundle_sold_individually_context":"","bundle_item_grouping":"","bundle_min_size":"","bundle_max_size":"","bundle_price":[],"bundled_items":[],"bundle_sell_ids":[],"acf":[],"yoast_head":"<!-- This site is optimized with the Yoast SEO plugin v27.3 - https:\/\/yoast.com\/product\/yoast-seo-wordpress\/ -->\n<title>Suplement wspieraj\u0105cy funkcje w\u0105troby \u2013 ICONFIT LIVERCON<\/title>\n<meta name=\"description\" content=\"ICONFIT LIVERCON to suplement wspieraj\u0105cy funkcje w\u0105troby. Produkt zawiera antyoksydanty, cholin\u0119, witamin\u0119 B6, selen i ekstrakty ro\u015blinne.\" \/>\n<meta name=\"robots\" content=\"index, follow, max-snippet:-1, max-image-preview:large, max-video-preview:-1\" \/>\n<link rel=\"canonical\" href=\"https:\/\/toidupakk.ee\/pl\/toode\/livercon-suplement-wspierajacy-funkcje-watroby-iconfit-30-kapsulek\/\" \/>\n<meta property=\"og:locale\" content=\"pl_PL\" \/>\n<meta property=\"og:type\" content=\"article\" \/>\n<meta property=\"og:title\" content=\"Suplement wspieraj\u0105cy funkcje w\u0105troby \u2013 ICONFIT LIVERCON\" \/>\n<meta property=\"og:description\" content=\"ICONFIT LIVERCON to suplement wspieraj\u0105cy funkcje w\u0105troby. Produkt zawiera antyoksydanty, cholin\u0119, witamin\u0119 B6, selen i ekstrakty ro\u015blinne.\" \/>\n<meta property=\"og:url\" content=\"https:\/\/toidupakk.ee\/pl\/toode\/livercon-suplement-wspierajacy-funkcje-watroby-iconfit-30-kapsulek\/\" \/>\n<meta property=\"og:site_name\" content=\"Toidupakk.ee - Tactical Foodpack toidupakid\" \/>\n<meta property=\"article:publisher\" content=\"https:\/\/www.facebook.com\/Toidupakk\" \/>\n<meta property=\"article:modified_time\" content=\"2026-04-16T17:00:45+00:00\" \/>\n<meta property=\"og:image\" content=\"https:\/\/toidupakk.ee\/wp-content\/uploads\/2024\/06\/Livercon-toidulisand-maksafunktsioonide-toetamiseks-ICONFIT-30-kapslit.png\" \/>\n\t<meta property=\"og:image:width\" content=\"800\" \/>\n\t<meta property=\"og:image:height\" content=\"800\" \/>\n\t<meta property=\"og:image:type\" content=\"image\/png\" \/>\n<meta name=\"twitter:card\" content=\"summary_large_image\" \/>\n<meta name=\"twitter:label1\" content=\"Szacowany czas czytania\" \/>\n\t<meta name=\"twitter:data1\" content=\"3 minuty\" \/>\n<script type=\"application\/ld+json\" class=\"yoast-schema-graph\">{\"@context\":\"https:\\\/\\\/schema.org\",\"@graph\":[{\"@type\":\"WebPage\",\"@id\":\"https:\\\/\\\/toidupakk.ee\\\/pl\\\/toode\\\/livercon-suplement-wspierajacy-funkcje-watroby-iconfit-30-kapsulek\\\/\",\"url\":\"https:\\\/\\\/toidupakk.ee\\\/pl\\\/toode\\\/livercon-suplement-wspierajacy-funkcje-watroby-iconfit-30-kapsulek\\\/\",\"name\":\"Suplement wspieraj\u0105cy funkcje w\u0105troby \u2013 ICONFIT LIVERCON\",\"isPartOf\":{\"@id\":\"https:\\\/\\\/toidupakk.ee\\\/pl\\\/#website\"},\"primaryImageOfPage\":{\"@id\":\"https:\\\/\\\/toidupakk.ee\\\/pl\\\/toode\\\/livercon-suplement-wspierajacy-funkcje-watroby-iconfit-30-kapsulek\\\/#primaryimage\"},\"image\":{\"@id\":\"https:\\\/\\\/toidupakk.ee\\\/pl\\\/toode\\\/livercon-suplement-wspierajacy-funkcje-watroby-iconfit-30-kapsulek\\\/#primaryimage\"},\"thumbnailUrl\":\"https:\\\/\\\/toidupakk.ee\\\/wp-content\\\/uploads\\\/2024\\\/06\\\/Livercon-toidulisand-maksafunktsioonide-toetamiseks-ICONFIT-30-kapslit.png\",\"datePublished\":\"2024-06-12T08:41:53+00:00\",\"dateModified\":\"2026-04-16T17:00:45+00:00\",\"description\":\"ICONFIT LIVERCON to suplement wspieraj\u0105cy funkcje w\u0105troby. Produkt zawiera antyoksydanty, cholin\u0119, witamin\u0119 B6, selen i ekstrakty ro\u015blinne.\",\"breadcrumb\":{\"@id\":\"https:\\\/\\\/toidupakk.ee\\\/pl\\\/toode\\\/livercon-suplement-wspierajacy-funkcje-watroby-iconfit-30-kapsulek\\\/#breadcrumb\"},\"inLanguage\":\"pl-PL\",\"potentialAction\":[{\"@type\":\"ReadAction\",\"target\":[\"https:\\\/\\\/toidupakk.ee\\\/pl\\\/toode\\\/livercon-suplement-wspierajacy-funkcje-watroby-iconfit-30-kapsulek\\\/\"]}]},{\"@type\":\"ImageObject\",\"inLanguage\":\"pl-PL\",\"@id\":\"https:\\\/\\\/toidupakk.ee\\\/pl\\\/toode\\\/livercon-suplement-wspierajacy-funkcje-watroby-iconfit-30-kapsulek\\\/#primaryimage\",\"url\":\"https:\\\/\\\/toidupakk.ee\\\/wp-content\\\/uploads\\\/2024\\\/06\\\/Livercon-toidulisand-maksafunktsioonide-toetamiseks-ICONFIT-30-kapslit.png\",\"contentUrl\":\"https:\\\/\\\/toidupakk.ee\\\/wp-content\\\/uploads\\\/2024\\\/06\\\/Livercon-toidulisand-maksafunktsioonide-toetamiseks-ICONFIT-30-kapslit.png\",\"width\":800,\"height\":800,\"caption\":\"toidulisand maksafunktsioonide toetamiseks\"},{\"@type\":\"BreadcrumbList\",\"@id\":\"https:\\\/\\\/toidupakk.ee\\\/pl\\\/toode\\\/livercon-suplement-wspierajacy-funkcje-watroby-iconfit-30-kapsulek\\\/#breadcrumb\",\"itemListElement\":[{\"@type\":\"ListItem\",\"position\":1,\"name\":\"Avaleht\",\"item\":\"https:\\\/\\\/toidupakk.ee\\\/pl\\\/\"},{\"@type\":\"ListItem\",\"position\":2,\"name\":\"Sklep internetowy\",\"item\":\"https:\\\/\\\/toidupakk.ee\\\/pl\\\/sklep-internetowy\\\/\"},{\"@type\":\"ListItem\",\"position\":3,\"name\":\"Livercon \u2013 suplement wspieraj\u0105cy funkcje w\u0105troby ICONFIT (30 kapsu\u0142ek)\"}]},{\"@type\":\"WebSite\",\"@id\":\"https:\\\/\\\/toidupakk.ee\\\/pl\\\/#website\",\"url\":\"https:\\\/\\\/toidupakk.ee\\\/pl\\\/\",\"name\":\"Toidupakk.ee - Tactical Foodpack toidupakid\",\"description\":\"Tactical Foodpack k\u00fclmkuivatatud toidupakid ja matkaeined\",\"publisher\":{\"@id\":\"https:\\\/\\\/toidupakk.ee\\\/pl\\\/#organization\"},\"potentialAction\":[{\"@type\":\"SearchAction\",\"target\":{\"@type\":\"EntryPoint\",\"urlTemplate\":\"https:\\\/\\\/toidupakk.ee\\\/pl\\\/?s={search_term_string}\"},\"query-input\":{\"@type\":\"PropertyValueSpecification\",\"valueRequired\":true,\"valueName\":\"search_term_string\"}}],\"inLanguage\":\"pl-PL\"},{\"@type\":\"Organization\",\"@id\":\"https:\\\/\\\/toidupakk.ee\\\/pl\\\/#organization\",\"name\":\"Tactical Foodpack matkaeined\",\"url\":\"https:\\\/\\\/toidupakk.ee\\\/pl\\\/\",\"logo\":{\"@type\":\"ImageObject\",\"inLanguage\":\"pl-PL\",\"@id\":\"https:\\\/\\\/toidupakk.ee\\\/pl\\\/#\\\/schema\\\/logo\\\/image\\\/\",\"url\":\"https:\\\/\\\/toidupakk.ee\\\/wp-content\\\/uploads\\\/2022\\\/01\\\/Toidupakk-matkapood-logo-transparent.png\",\"contentUrl\":\"https:\\\/\\\/toidupakk.ee\\\/wp-content\\\/uploads\\\/2022\\\/01\\\/Toidupakk-matkapood-logo-transparent.png\",\"width\":500,\"height\":500,\"caption\":\"Tactical Foodpack matkaeined\"},\"image\":{\"@id\":\"https:\\\/\\\/toidupakk.ee\\\/pl\\\/#\\\/schema\\\/logo\\\/image\\\/\"},\"sameAs\":[\"https:\\\/\\\/www.facebook.com\\\/Toidupakk\",\"https:\\\/\\\/www.instagram.com\\\/toidupakk\\\/\"]}]}<\/script>\n<!-- \/ Yoast SEO plugin. -->","yoast_head_json":{"title":"Suplement wspieraj\u0105cy funkcje w\u0105troby \u2013 ICONFIT LIVERCON","description":"ICONFIT LIVERCON to suplement wspieraj\u0105cy funkcje w\u0105troby. Produkt zawiera antyoksydanty, cholin\u0119, witamin\u0119 B6, selen i ekstrakty ro\u015blinne.","robots":{"index":"index","follow":"follow","max-snippet":"max-snippet:-1","max-image-preview":"max-image-preview:large","max-video-preview":"max-video-preview:-1"},"canonical":"https:\/\/toidupakk.ee\/pl\/toode\/livercon-suplement-wspierajacy-funkcje-watroby-iconfit-30-kapsulek\/","og_locale":"pl_PL","og_type":"article","og_title":"Suplement wspieraj\u0105cy funkcje w\u0105troby \u2013 ICONFIT LIVERCON","og_description":"ICONFIT LIVERCON to suplement wspieraj\u0105cy funkcje w\u0105troby. Produkt zawiera antyoksydanty, cholin\u0119, witamin\u0119 B6, selen i ekstrakty ro\u015blinne.","og_url":"https:\/\/toidupakk.ee\/pl\/toode\/livercon-suplement-wspierajacy-funkcje-watroby-iconfit-30-kapsulek\/","og_site_name":"Toidupakk.ee - Tactical Foodpack toidupakid","article_publisher":"https:\/\/www.facebook.com\/Toidupakk","article_modified_time":"2026-04-16T17:00:45+00:00","og_image":[{"width":800,"height":800,"url":"https:\/\/toidupakk.ee\/wp-content\/uploads\/2024\/06\/Livercon-toidulisand-maksafunktsioonide-toetamiseks-ICONFIT-30-kapslit.png","type":"image\/png"}],"twitter_card":"summary_large_image","twitter_misc":{"Szacowany czas czytania":"3 minuty"},"schema":{"@context":"https:\/\/schema.org","@graph":[{"@type":"WebPage","@id":"https:\/\/toidupakk.ee\/pl\/toode\/livercon-suplement-wspierajacy-funkcje-watroby-iconfit-30-kapsulek\/","url":"https:\/\/toidupakk.ee\/pl\/toode\/livercon-suplement-wspierajacy-funkcje-watroby-iconfit-30-kapsulek\/","name":"Suplement wspieraj\u0105cy funkcje w\u0105troby \u2013 ICONFIT LIVERCON","isPartOf":{"@id":"https:\/\/toidupakk.ee\/pl\/#website"},"primaryImageOfPage":{"@id":"https:\/\/toidupakk.ee\/pl\/toode\/livercon-suplement-wspierajacy-funkcje-watroby-iconfit-30-kapsulek\/#primaryimage"},"image":{"@id":"https:\/\/toidupakk.ee\/pl\/toode\/livercon-suplement-wspierajacy-funkcje-watroby-iconfit-30-kapsulek\/#primaryimage"},"thumbnailUrl":"https:\/\/toidupakk.ee\/wp-content\/uploads\/2024\/06\/Livercon-toidulisand-maksafunktsioonide-toetamiseks-ICONFIT-30-kapslit.png","datePublished":"2024-06-12T08:41:53+00:00","dateModified":"2026-04-16T17:00:45+00:00","description":"ICONFIT LIVERCON to suplement wspieraj\u0105cy funkcje w\u0105troby. Produkt zawiera antyoksydanty, cholin\u0119, witamin\u0119 B6, selen i ekstrakty ro\u015blinne.","breadcrumb":{"@id":"https:\/\/toidupakk.ee\/pl\/toode\/livercon-suplement-wspierajacy-funkcje-watroby-iconfit-30-kapsulek\/#breadcrumb"},"inLanguage":"pl-PL","potentialAction":[{"@type":"ReadAction","target":["https:\/\/toidupakk.ee\/pl\/toode\/livercon-suplement-wspierajacy-funkcje-watroby-iconfit-30-kapsulek\/"]}]},{"@type":"ImageObject","inLanguage":"pl-PL","@id":"https:\/\/toidupakk.ee\/pl\/toode\/livercon-suplement-wspierajacy-funkcje-watroby-iconfit-30-kapsulek\/#primaryimage","url":"https:\/\/toidupakk.ee\/wp-content\/uploads\/2024\/06\/Livercon-toidulisand-maksafunktsioonide-toetamiseks-ICONFIT-30-kapslit.png","contentUrl":"https:\/\/toidupakk.ee\/wp-content\/uploads\/2024\/06\/Livercon-toidulisand-maksafunktsioonide-toetamiseks-ICONFIT-30-kapslit.png","width":800,"height":800,"caption":"toidulisand maksafunktsioonide toetamiseks"},{"@type":"BreadcrumbList","@id":"https:\/\/toidupakk.ee\/pl\/toode\/livercon-suplement-wspierajacy-funkcje-watroby-iconfit-30-kapsulek\/#breadcrumb","itemListElement":[{"@type":"ListItem","position":1,"name":"Avaleht","item":"https:\/\/toidupakk.ee\/pl\/"},{"@type":"ListItem","position":2,"name":"Sklep internetowy","item":"https:\/\/toidupakk.ee\/pl\/sklep-internetowy\/"},{"@type":"ListItem","position":3,"name":"Livercon \u2013 suplement wspieraj\u0105cy funkcje w\u0105troby ICONFIT (30 kapsu\u0142ek)"}]},{"@type":"WebSite","@id":"https:\/\/toidupakk.ee\/pl\/#website","url":"https:\/\/toidupakk.ee\/pl\/","name":"Toidupakk.ee - Tactical Foodpack toidupakid","description":"Tactical Foodpack k\u00fclmkuivatatud toidupakid ja matkaeined","publisher":{"@id":"https:\/\/toidupakk.ee\/pl\/#organization"},"potentialAction":[{"@type":"SearchAction","target":{"@type":"EntryPoint","urlTemplate":"https:\/\/toidupakk.ee\/pl\/?s={search_term_string}"},"query-input":{"@type":"PropertyValueSpecification","valueRequired":true,"valueName":"search_term_string"}}],"inLanguage":"pl-PL"},{"@type":"Organization","@id":"https:\/\/toidupakk.ee\/pl\/#organization","name":"Tactical Foodpack matkaeined","url":"https:\/\/toidupakk.ee\/pl\/","logo":{"@type":"ImageObject","inLanguage":"pl-PL","@id":"https:\/\/toidupakk.ee\/pl\/#\/schema\/logo\/image\/","url":"https:\/\/toidupakk.ee\/wp-content\/uploads\/2022\/01\/Toidupakk-matkapood-logo-transparent.png","contentUrl":"https:\/\/toidupakk.ee\/wp-content\/uploads\/2022\/01\/Toidupakk-matkapood-logo-transparent.png","width":500,"height":500,"caption":"Tactical Foodpack matkaeined"},"image":{"@id":"https:\/\/toidupakk.ee\/pl\/#\/schema\/logo\/image\/"},"sameAs":["https:\/\/www.facebook.com\/Toidupakk","https:\/\/www.instagram.com\/toidupakk\/"]}]}},"jetpack_sharing_enabled":true,"_links":{"self":[{"href":"https:\/\/toidupakk.ee\/pl\/wp-json\/wp\/v2\/product\/51905","targetHints":{"allow":["GET"]}}],"collection":[{"href":"https:\/\/toidupakk.ee\/pl\/wp-json\/wp\/v2\/product"}],"about":[{"href":"https:\/\/toidupakk.ee\/pl\/wp-json\/wp\/v2\/types\/product"}],"replies":[{"embeddable":true,"href":"https:\/\/toidupakk.ee\/pl\/wp-json\/wp\/v2\/comments?post=51905"}],"wp:featuredmedia":[{"embeddable":true,"href":"https:\/\/toidupakk.ee\/pl\/wp-json\/wp\/v2\/media\/23975"}],"wp:attachment":[{"href":"https:\/\/toidupakk.ee\/pl\/wp-json\/wp\/v2\/media?parent=51905"}],"wp:term":[{"taxonomy":"product_brand","embeddable":true,"href":"https:\/\/toidupakk.ee\/pl\/wp-json\/wp\/v2\/product_brand?post=51905"},{"taxonomy":"product_cat","embeddable":true,"href":"https:\/\/toidupakk.ee\/pl\/wp-json\/wp\/v2\/product_cat?post=51905"},{"taxonomy":"product_tag","embeddable":true,"href":"https:\/\/toidupakk.ee\/pl\/wp-json\/wp\/v2\/product_tag?post=51905"}],"curies":[{"name":"wp","href":"https:\/\/api.w.org\/{rel}","templated":true}]}}