{"id":51891,"date":"2024-06-04T17:13:22","date_gmt":"2024-06-04T14:13:22","guid":{"rendered":"https:\/\/toidupakk.ee\/toode\/namiot-10-osobowy-black-knob-grand-canyon\/"},"modified":"2026-04-29T15:32:06","modified_gmt":"2026-04-29T12:32:06","slug":"namiot-10-osobowy-black-knob-grand-canyon","status":"publish","type":"product","link":"https:\/\/toidupakk.ee\/pl\/toode\/namiot-10-osobowy-black-knob-grand-canyon\/","title":{"rendered":"Namiot 10-osobowy Black Knob GRAND CANYON\u00ae"},"content":{"rendered":"<div class=\"flex flex-grow flex-col max-w-full\">\n<div class=\"min-h-[20px] text-message flex flex-col items-start whitespace-pre-wrap break-words [.text-message+&amp;]:mt-5 juice:w-full juice:items-end overflow-x-auto gap-2\" dir=\"auto\" data-message-author-role=\"assistant\" data-message-id=\"a9643db0-e2fd-400a-9853-c939466f0833\">\n<div class=\"flex w-full flex-col gap-1 juice:empty:hidden juice:first:pt-[3px]\">\n<div class=\"markdown prose w-full break-words dark:prose-invert light\">\n<h1>Namiot 10-osobowy Black Knob GRAND CANYON\u00ae \u2013 przyjemnie przestronny namiot, kt\u00f3ry pozwala sp\u0119dza\u0107 czas w du\u017cym gronie<\/h1>\n<p>Namiot Black Knob dla maksymalnie 10 os\u00f3b to namiot grupowy nowej generacji, stworzony z my\u015bl\u0105 o du\u017cej grupie os\u00f3b.<\/p>\n<h2>Namiot Black Knob cechuje si\u0119 innowacyjnym designem i wygod\u0105 u\u017cytkowania<\/h2>\n<p>Black Knob to przestronny namiot, kt\u00f3ry pomie\u015bci wygodnie do 10 os\u00f3b. W centrum namiotu znajduje si\u0119 klasyczny maszt, a dodatkowe trzy elastyczne pa\u0142\u0105ki sprawiaj\u0105, \u017ce niemal w ca\u0142ym namiocie mo\u017cna swobodnie sta\u0107. Oznacza to, \u017ce mo\u017cesz si\u0119 w nim swobodnie porusza\u0107 bez schylania si\u0119. Trzy du\u017ce wej\u015bcia zwi\u0119kszaj\u0105 funkcjonalno\u015b\u0107 i pozwalaj\u0105 otworzy\u0107 namiot z trzech stron. W ci\u0105gu dnia mo\u017cesz otworzy\u0107 \u201edrzwi\u201d, tworz\u0105c przyjemn\u0105 os\u0142on\u0119 przeciws\u0142oneczn\u0105, co czyni namiot idealnym schronieniem i miejscem do odpoczynku.    <\/p>\n<p><img fetchpriority=\"high\" decoding=\"async\" class=\"alignnone size-thumbnail wp-image-23711\" src=\"https:\/\/toidupakk.ee\/wp-content\/uploads\/2024\/06\/kuni-10-inimese-telk-Black-Knob-GRAND-CANYON-9-1-500x500.png\" alt=\"przestronny namiot dla maksymalnie 10 os\u00f3b\" width=\"500\" height=\"500\" srcset=\"https:\/\/toidupakk.ee\/wp-content\/uploads\/2024\/06\/kuni-10-inimese-telk-Black-Knob-GRAND-CANYON-9-1-500x500.png 500w, https:\/\/toidupakk.ee\/wp-content\/uploads\/2024\/06\/kuni-10-inimese-telk-Black-Knob-GRAND-CANYON-9-1-400x400.png 400w, https:\/\/toidupakk.ee\/wp-content\/uploads\/2024\/06\/kuni-10-inimese-telk-Black-Knob-GRAND-CANYON-9-1-100x100.png 100w, https:\/\/toidupakk.ee\/wp-content\/uploads\/2024\/06\/kuni-10-inimese-telk-Black-Knob-GRAND-CANYON-9-1-300x300.png 300w, https:\/\/toidupakk.ee\/wp-content\/uploads\/2024\/06\/kuni-10-inimese-telk-Black-Knob-GRAND-CANYON-9-1-768x768.png 768w, https:\/\/toidupakk.ee\/wp-content\/uploads\/2024\/06\/kuni-10-inimese-telk-Black-Knob-GRAND-CANYON-9-1.png 800w\" sizes=\"(max-width: 500px) 100vw, 500px\" \/><\/p>\n<h2>Ten 10-osobowy namiot Black Knob jest wygodny i dobrze wentylowany<\/h2>\n<p>Ten namiot zapewnia Tobie i Twoim towarzyszom maksymalny komfort. Moskitiery w oknach wentylacyjnych pozwalaj\u0105 na swobodny przep\u0142yw powietrza, utrzymuj\u0105c wewn\u0105trz przyjemny ch\u0142\u00f3d i chroni\u0105c przed komarami. Mo\u017cesz cieszy\u0107 si\u0119 \u015bwie\u017cym powietrzem bez obaw o uci\u0105\u017cliwe owady.  <\/p>\n<h2>Trwa\u0142e i wysokiej jako\u015bci materia\u0142y<\/h2>\n<p>Namiot Black Knob wykonano z wysokiej jako\u015bci materia\u0142\u00f3w, kt\u00f3re zapewniaj\u0105 d\u0142ugowieczno\u015b\u0107 i odporno\u015b\u0107 na r\u00f3\u017cne warunki pogodowe. Tropik to poliester 68D 190T PU, kt\u00f3ry jest lekki, mocny, trwa\u0142y, wiatroszczelny, wodoodporny i szybkoschn\u0105cy. Wodoodporno\u015b\u0107 tropiku to imponuj\u0105ce 3000 mm. Materia\u0142 pod\u0142ogi to polietylen PU o doskona\u0142ej wodoodporno\u015bci 4000 mm. Stalowe pa\u0142\u0105ki i \u015bledzie zapewniaj\u0105 stabilno\u015b\u0107 nawet przy silnym wietrze.    <\/p>\n<p><img decoding=\"async\" class=\"alignnone wp-image-23655\" src=\"https:\/\/toidupakk.ee\/wp-content\/uploads\/2024\/06\/kuni-10-inimese-telk-Black-Knob-GRAND-CANYON-3-500x500.png\" alt=\"\" width=\"500\" height=\"500\" srcset=\"https:\/\/toidupakk.ee\/wp-content\/uploads\/2024\/06\/kuni-10-inimese-telk-Black-Knob-GRAND-CANYON-3-500x500.png 500w, https:\/\/toidupakk.ee\/wp-content\/uploads\/2024\/06\/kuni-10-inimese-telk-Black-Knob-GRAND-CANYON-3-400x400.png 400w, https:\/\/toidupakk.ee\/wp-content\/uploads\/2024\/06\/kuni-10-inimese-telk-Black-Knob-GRAND-CANYON-3-100x100.png 100w, https:\/\/toidupakk.ee\/wp-content\/uploads\/2024\/06\/kuni-10-inimese-telk-Black-Knob-GRAND-CANYON-3-300x300.png 300w, https:\/\/toidupakk.ee\/wp-content\/uploads\/2024\/06\/kuni-10-inimese-telk-Black-Knob-GRAND-CANYON-3-768x768.png 768w, https:\/\/toidupakk.ee\/wp-content\/uploads\/2024\/06\/kuni-10-inimese-telk-Black-Knob-GRAND-CANYON-3.png 800w\" sizes=\"(max-width: 500px) 100vw, 500px\" \/><\/p>\n<h2>\u0141atwy w transporcie i monta\u017cu<\/h2>\n<p>Mimo swoich rozmiar\u00f3w namiot Black Knob jest zaskakuj\u0105co lekki i kompaktowy, wa\u017cy zaledwie 13,5 kg. \u0141atwo go spakowa\u0107 (wymiary po z\u0142o\u017ceniu \u00d821 x 75 cm), co u\u0142atwia transport i przechowywanie. Rozk\u0142adanie namiotu jest szybkie i proste, dzi\u0119ki czemu zyskujesz wi\u0119cej czasu na cieszenie si\u0119 natur\u0105.  <\/p>\n<h2>Idealny wyb\u00f3r na wyprawy grupowe<\/h2>\n<p>Je\u015bli szukasz namiotu, kt\u00f3ry oferuje mn\u00f3stwo miejsca, komfort i trwa\u0142o\u015b\u0107, Black Knob jest w\u0142a\u015bnie dla Ciebie. Czy to wyprawa z przyjaci\u00f3\u0142mi, czy kemping z rodzin\u0105 \u2013 ten namiot wzniesie Wasze wsp\u00f3lne biwakowanie na nowy poziom. Sprawd\u017a wymiary w galerii zdj\u0119\u0107 i przekonaj si\u0119, jak przestronny i funkcjonalny jest ten model.  <\/p>\n<p><img decoding=\"async\" class=\"alignnone size-thumbnail wp-image-23677\" src=\"https:\/\/toidupakk.ee\/wp-content\/uploads\/2024\/06\/kuni-10-inimese-telk-Black-Knob-GRAND-CANYON-25-500x500.png\" alt=\"otwarty namiot\" width=\"500\" height=\"500\" srcset=\"https:\/\/toidupakk.ee\/wp-content\/uploads\/2024\/06\/kuni-10-inimese-telk-Black-Knob-GRAND-CANYON-25-500x500.png 500w, https:\/\/toidupakk.ee\/wp-content\/uploads\/2024\/06\/kuni-10-inimese-telk-Black-Knob-GRAND-CANYON-25-400x400.png 400w, https:\/\/toidupakk.ee\/wp-content\/uploads\/2024\/06\/kuni-10-inimese-telk-Black-Knob-GRAND-CANYON-25-100x100.png 100w, https:\/\/toidupakk.ee\/wp-content\/uploads\/2024\/06\/kuni-10-inimese-telk-Black-Knob-GRAND-CANYON-25-300x300.png 300w, https:\/\/toidupakk.ee\/wp-content\/uploads\/2024\/06\/kuni-10-inimese-telk-Black-Knob-GRAND-CANYON-25-768x768.png 768w, https:\/\/toidupakk.ee\/wp-content\/uploads\/2024\/06\/kuni-10-inimese-telk-Black-Knob-GRAND-CANYON-25.png 800w\" sizes=\"(max-width: 500px) 100vw, 500px\" \/><\/p>\n<h2>Zam\u00f3w 10-osobowy namiot Black Knob i ciesz si\u0119 natur\u0105 w komfortowych warunkach!<\/h2>\n<p>Nie przegap okazji \u2013 zam\u00f3w namiot Black Knob ju\u017c dzi\u015b i przygotuj si\u0119 na niezapomniane przygody!<\/p>\n<\/div>\n<\/div>\n<\/div>\n<\/div>\n<div class=\"mt-1 flex gap-3 empty:hidden juice:-ml-3\">\n<div class=\"items-center justify-start rounded-xl p-1 flex\">\n<div class=\"flex items-center\">\n<p>Zobacz wi\u0119cej akcesori\u00f3w turystycznych <a href=\"https:\/\/toidupakk.ee\/pl\/tootekategooria\/sprzet-turystyczny\/#section-3-79\">TUTAJ<\/a><\/p>\n<p>Znajd\u017a inspiracj\u0119 na kolejne przygody na <a href=\"https:\/\/www.instagram.com\/toidupakk\/\">Instagramie<\/a> i <a href=\"https:\/\/www.facebook.com\/Toidupakk\/\">Facebooku<\/a> Toidupakk.<\/p>\n<\/div>\n<\/div>\n<\/div>\n","protected":false},"excerpt":{"rendered":"<p><strong>Wyj\u0105tkowo przestronny i pojemny namiot o innowacyjnym designie.<\/strong><\/p>\n<ul>\n<li>Namiot pomie\u015bci <strong>do 10 os\u00f3b<\/strong><\/li>\n<li>Opr\u00f3cz centralnego masztu namiot posiada trzy elastyczne pa\u0142\u0105ki, dzi\u0119ki kt\u00f3rym <strong>mo\u017cna w nim sta\u0107 niemal na ca\u0142ej powierzchni<\/strong><\/li>\n<li>Namiot mo\u017cna <strong>otworzy\u0107 z trzech stron<\/strong><\/li>\n<li>Z otwartych \u201edrzwi\u201d mo\u017cna \u0142atwo <strong>stworzy\u0107 os\u0142on\u0119 przeciws\u0142oneczn\u0105<\/strong><\/li>\n<li>Moskitiery w oknach wentylacyjnych pozwalaj\u0105 na <strong>przep\u0142yw powietrza bez uci\u0105\u017cliwych komar\u00f3w<\/strong><\/li>\n<li>Materia\u0142 namiotu: poliester 68D 190T PU \u2013 materia\u0142 jest <strong>lekki, mocny, trwa\u0142y, wiatroszczelny, wodoodporny i szybkoschn\u0105cy<\/strong><\/li>\n<li>Solidna wodoodporno\u015b\u0107: <strong>3000 mm<\/strong><\/li>\n<li>Materia\u0142 pod\u0142ogi: polietylen PU \u2013 wodoodporny i trwa\u0142y<\/li>\n<li>Dobra odporno\u015b\u0107 pod\u0142ogi na wilgo\u0107: <strong>4000 mm<\/strong><\/li>\n<li><strong>Pa\u0142\u0105ki i \u015bledzie wykonane s\u0105 ze stali<\/strong><\/li>\n<li>Waga: 13,5 kg<\/li>\n<li>Wymiary rozstawionego namiotu znajdziesz na zdj\u0119ciu<\/li>\n<li>Wymiary po spakowaniu: \u00d821 x 75 cm<\/li>\n<li>Dost\u0119pny w 2 kolorach: <strong>be\u017cowym i zielonym<\/strong><\/li>\n<\/ul>\n<p>\u2705 Szybka dostawa w 1-3 dni robocze<\/p>\n","protected":false},"featured_media":23711,"comment_status":"open","ping_status":"closed","template":"","meta":{"_acf_changed":false},"product_brand":[],"product_cat":[303,312,301],"product_tag":[],"class_list":{"0":"post-51891","1":"product","2":"type-product","3":"status-publish","4":"has-post-thumbnail","6":"product_cat-akcesoria-turystyczne","7":"product_cat-namioty","8":"product_cat-sprzet-turystyczny","10":"first","11":"instock","12":"sale","13":"taxable","14":"shipping-taxable","15":"purchasable","16":"product-type-variable","17":"has-default-attributes"},"bundled_by":[],"bundle_stock_status":"instock","bundle_stock_quantity":null,"bundle_virtual":false,"bundle_layout":"","bundle_add_to_cart_form_location":"","bundle_editable_in_cart":false,"bundle_sold_individually_context":"","bundle_item_grouping":"","bundle_min_size":"","bundle_max_size":"","bundle_price":[],"bundled_items":[],"bundle_sell_ids":[],"acf":[],"yoast_head":"<!-- This site is optimized with the Yoast SEO plugin v27.3 - https:\/\/yoast.com\/product\/yoast-seo-wordpress\/ -->\n<title>Namiot 10-osobowy Black Knob GRAND CANYON\u00ae<\/title>\n<meta name=\"description\" content=\"Namiot Black Knob dla maksymalnie 10 os\u00f3b. Du\u017cy i wysoki namiot, w kt\u00f3rym mo\u017cesz swobodnie sta\u0107. Namiot mo\u017cna otworzy\u0107 z trzech stron.\" \/>\n<meta name=\"robots\" content=\"index, follow, max-snippet:-1, max-image-preview:large, max-video-preview:-1\" \/>\n<link rel=\"canonical\" href=\"https:\/\/toidupakk.ee\/pl\/toode\/namiot-10-osobowy-black-knob-grand-canyon\/\" \/>\n<meta property=\"og:locale\" content=\"pl_PL\" \/>\n<meta property=\"og:type\" content=\"article\" \/>\n<meta property=\"og:title\" content=\"Namiot 10-osobowy Black Knob GRAND CANYON\u00ae\" \/>\n<meta property=\"og:description\" content=\"Namiot Black Knob dla maksymalnie 10 os\u00f3b. Du\u017cy i wysoki namiot, w kt\u00f3rym mo\u017cesz swobodnie sta\u0107. Namiot mo\u017cna otworzy\u0107 z trzech stron.\" \/>\n<meta property=\"og:url\" content=\"https:\/\/toidupakk.ee\/pl\/toode\/namiot-10-osobowy-black-knob-grand-canyon\/\" \/>\n<meta property=\"og:site_name\" content=\"Toidupakk.ee - Tactical Foodpack toidupakid\" \/>\n<meta property=\"article:publisher\" content=\"https:\/\/www.facebook.com\/Toidupakk\" \/>\n<meta property=\"article:modified_time\" content=\"2026-04-29T12:32:06+00:00\" \/>\n<meta property=\"og:image\" content=\"https:\/\/toidupakk.ee\/wp-content\/uploads\/2024\/06\/kuni-10-inimese-telk-Black-Knob-GRAND-CANYON-9-1.png\" \/>\n\t<meta property=\"og:image:width\" content=\"800\" \/>\n\t<meta property=\"og:image:height\" content=\"800\" \/>\n\t<meta property=\"og:image:type\" content=\"image\/png\" \/>\n<meta name=\"twitter:card\" content=\"summary_large_image\" \/>\n<meta name=\"twitter:label1\" content=\"Szacowany czas czytania\" \/>\n\t<meta name=\"twitter:data1\" content=\"2 minuty\" \/>\n<script type=\"application\/ld+json\" class=\"yoast-schema-graph\">{\"@context\":\"https:\\\/\\\/schema.org\",\"@graph\":[{\"@type\":\"WebPage\",\"@id\":\"https:\\\/\\\/toidupakk.ee\\\/pl\\\/toode\\\/namiot-10-osobowy-black-knob-grand-canyon\\\/\",\"url\":\"https:\\\/\\\/toidupakk.ee\\\/pl\\\/toode\\\/namiot-10-osobowy-black-knob-grand-canyon\\\/\",\"name\":\"Namiot 10-osobowy Black Knob GRAND CANYON\u00ae\",\"isPartOf\":{\"@id\":\"https:\\\/\\\/toidupakk.ee\\\/pl\\\/#website\"},\"primaryImageOfPage\":{\"@id\":\"https:\\\/\\\/toidupakk.ee\\\/pl\\\/toode\\\/namiot-10-osobowy-black-knob-grand-canyon\\\/#primaryimage\"},\"image\":{\"@id\":\"https:\\\/\\\/toidupakk.ee\\\/pl\\\/toode\\\/namiot-10-osobowy-black-knob-grand-canyon\\\/#primaryimage\"},\"thumbnailUrl\":\"https:\\\/\\\/toidupakk.ee\\\/wp-content\\\/uploads\\\/2024\\\/06\\\/kuni-10-inimese-telk-Black-Knob-GRAND-CANYON-9-1.png\",\"datePublished\":\"2024-06-04T14:13:22+00:00\",\"dateModified\":\"2026-04-29T12:32:06+00:00\",\"description\":\"Namiot Black Knob dla maksymalnie 10 os\u00f3b. Du\u017cy i wysoki namiot, w kt\u00f3rym mo\u017cesz swobodnie sta\u0107. Namiot mo\u017cna otworzy\u0107 z trzech stron.\",\"breadcrumb\":{\"@id\":\"https:\\\/\\\/toidupakk.ee\\\/pl\\\/toode\\\/namiot-10-osobowy-black-knob-grand-canyon\\\/#breadcrumb\"},\"inLanguage\":\"pl-PL\",\"potentialAction\":[{\"@type\":\"ReadAction\",\"target\":[\"https:\\\/\\\/toidupakk.ee\\\/pl\\\/toode\\\/namiot-10-osobowy-black-knob-grand-canyon\\\/\"]}]},{\"@type\":\"ImageObject\",\"inLanguage\":\"pl-PL\",\"@id\":\"https:\\\/\\\/toidupakk.ee\\\/pl\\\/toode\\\/namiot-10-osobowy-black-knob-grand-canyon\\\/#primaryimage\",\"url\":\"https:\\\/\\\/toidupakk.ee\\\/wp-content\\\/uploads\\\/2024\\\/06\\\/kuni-10-inimese-telk-Black-Knob-GRAND-CANYON-9-1.png\",\"contentUrl\":\"https:\\\/\\\/toidupakk.ee\\\/wp-content\\\/uploads\\\/2024\\\/06\\\/kuni-10-inimese-telk-Black-Knob-GRAND-CANYON-9-1.png\",\"width\":800,\"height\":800,\"caption\":\"ruumikas kuni 10 inimese telk\"},{\"@type\":\"BreadcrumbList\",\"@id\":\"https:\\\/\\\/toidupakk.ee\\\/pl\\\/toode\\\/namiot-10-osobowy-black-knob-grand-canyon\\\/#breadcrumb\",\"itemListElement\":[{\"@type\":\"ListItem\",\"position\":1,\"name\":\"Avaleht\",\"item\":\"https:\\\/\\\/toidupakk.ee\\\/pl\\\/\"},{\"@type\":\"ListItem\",\"position\":2,\"name\":\"Sklep internetowy\",\"item\":\"https:\\\/\\\/toidupakk.ee\\\/pl\\\/sklep-internetowy\\\/\"},{\"@type\":\"ListItem\",\"position\":3,\"name\":\"Namiot 10-osobowy Black Knob GRAND CANYON\u00ae\"}]},{\"@type\":\"WebSite\",\"@id\":\"https:\\\/\\\/toidupakk.ee\\\/pl\\\/#website\",\"url\":\"https:\\\/\\\/toidupakk.ee\\\/pl\\\/\",\"name\":\"Toidupakk.ee - Tactical Foodpack toidupakid\",\"description\":\"Tactical Foodpack k\u00fclmkuivatatud toidupakid ja matkaeined\",\"publisher\":{\"@id\":\"https:\\\/\\\/toidupakk.ee\\\/pl\\\/#organization\"},\"potentialAction\":[{\"@type\":\"SearchAction\",\"target\":{\"@type\":\"EntryPoint\",\"urlTemplate\":\"https:\\\/\\\/toidupakk.ee\\\/pl\\\/?s={search_term_string}\"},\"query-input\":{\"@type\":\"PropertyValueSpecification\",\"valueRequired\":true,\"valueName\":\"search_term_string\"}}],\"inLanguage\":\"pl-PL\"},{\"@type\":\"Organization\",\"@id\":\"https:\\\/\\\/toidupakk.ee\\\/pl\\\/#organization\",\"name\":\"Tactical Foodpack matkaeined\",\"url\":\"https:\\\/\\\/toidupakk.ee\\\/pl\\\/\",\"logo\":{\"@type\":\"ImageObject\",\"inLanguage\":\"pl-PL\",\"@id\":\"https:\\\/\\\/toidupakk.ee\\\/pl\\\/#\\\/schema\\\/logo\\\/image\\\/\",\"url\":\"https:\\\/\\\/toidupakk.ee\\\/wp-content\\\/uploads\\\/2022\\\/01\\\/Toidupakk-matkapood-logo-transparent.png\",\"contentUrl\":\"https:\\\/\\\/toidupakk.ee\\\/wp-content\\\/uploads\\\/2022\\\/01\\\/Toidupakk-matkapood-logo-transparent.png\",\"width\":500,\"height\":500,\"caption\":\"Tactical Foodpack matkaeined\"},\"image\":{\"@id\":\"https:\\\/\\\/toidupakk.ee\\\/pl\\\/#\\\/schema\\\/logo\\\/image\\\/\"},\"sameAs\":[\"https:\\\/\\\/www.facebook.com\\\/Toidupakk\",\"https:\\\/\\\/www.instagram.com\\\/toidupakk\\\/\"]}]}<\/script>\n<!-- \/ Yoast SEO plugin. -->","yoast_head_json":{"title":"Namiot 10-osobowy Black Knob GRAND CANYON\u00ae","description":"Namiot Black Knob dla maksymalnie 10 os\u00f3b. Du\u017cy i wysoki namiot, w kt\u00f3rym mo\u017cesz swobodnie sta\u0107. Namiot mo\u017cna otworzy\u0107 z trzech stron.","robots":{"index":"index","follow":"follow","max-snippet":"max-snippet:-1","max-image-preview":"max-image-preview:large","max-video-preview":"max-video-preview:-1"},"canonical":"https:\/\/toidupakk.ee\/pl\/toode\/namiot-10-osobowy-black-knob-grand-canyon\/","og_locale":"pl_PL","og_type":"article","og_title":"Namiot 10-osobowy Black Knob GRAND CANYON\u00ae","og_description":"Namiot Black Knob dla maksymalnie 10 os\u00f3b. Du\u017cy i wysoki namiot, w kt\u00f3rym mo\u017cesz swobodnie sta\u0107. Namiot mo\u017cna otworzy\u0107 z trzech stron.","og_url":"https:\/\/toidupakk.ee\/pl\/toode\/namiot-10-osobowy-black-knob-grand-canyon\/","og_site_name":"Toidupakk.ee - Tactical Foodpack toidupakid","article_publisher":"https:\/\/www.facebook.com\/Toidupakk","article_modified_time":"2026-04-29T12:32:06+00:00","og_image":[{"width":800,"height":800,"url":"https:\/\/toidupakk.ee\/wp-content\/uploads\/2024\/06\/kuni-10-inimese-telk-Black-Knob-GRAND-CANYON-9-1.png","type":"image\/png"}],"twitter_card":"summary_large_image","twitter_misc":{"Szacowany czas czytania":"2 minuty"},"schema":{"@context":"https:\/\/schema.org","@graph":[{"@type":"WebPage","@id":"https:\/\/toidupakk.ee\/pl\/toode\/namiot-10-osobowy-black-knob-grand-canyon\/","url":"https:\/\/toidupakk.ee\/pl\/toode\/namiot-10-osobowy-black-knob-grand-canyon\/","name":"Namiot 10-osobowy Black Knob GRAND CANYON\u00ae","isPartOf":{"@id":"https:\/\/toidupakk.ee\/pl\/#website"},"primaryImageOfPage":{"@id":"https:\/\/toidupakk.ee\/pl\/toode\/namiot-10-osobowy-black-knob-grand-canyon\/#primaryimage"},"image":{"@id":"https:\/\/toidupakk.ee\/pl\/toode\/namiot-10-osobowy-black-knob-grand-canyon\/#primaryimage"},"thumbnailUrl":"https:\/\/toidupakk.ee\/wp-content\/uploads\/2024\/06\/kuni-10-inimese-telk-Black-Knob-GRAND-CANYON-9-1.png","datePublished":"2024-06-04T14:13:22+00:00","dateModified":"2026-04-29T12:32:06+00:00","description":"Namiot Black Knob dla maksymalnie 10 os\u00f3b. Du\u017cy i wysoki namiot, w kt\u00f3rym mo\u017cesz swobodnie sta\u0107. Namiot mo\u017cna otworzy\u0107 z trzech stron.","breadcrumb":{"@id":"https:\/\/toidupakk.ee\/pl\/toode\/namiot-10-osobowy-black-knob-grand-canyon\/#breadcrumb"},"inLanguage":"pl-PL","potentialAction":[{"@type":"ReadAction","target":["https:\/\/toidupakk.ee\/pl\/toode\/namiot-10-osobowy-black-knob-grand-canyon\/"]}]},{"@type":"ImageObject","inLanguage":"pl-PL","@id":"https:\/\/toidupakk.ee\/pl\/toode\/namiot-10-osobowy-black-knob-grand-canyon\/#primaryimage","url":"https:\/\/toidupakk.ee\/wp-content\/uploads\/2024\/06\/kuni-10-inimese-telk-Black-Knob-GRAND-CANYON-9-1.png","contentUrl":"https:\/\/toidupakk.ee\/wp-content\/uploads\/2024\/06\/kuni-10-inimese-telk-Black-Knob-GRAND-CANYON-9-1.png","width":800,"height":800,"caption":"ruumikas kuni 10 inimese telk"},{"@type":"BreadcrumbList","@id":"https:\/\/toidupakk.ee\/pl\/toode\/namiot-10-osobowy-black-knob-grand-canyon\/#breadcrumb","itemListElement":[{"@type":"ListItem","position":1,"name":"Avaleht","item":"https:\/\/toidupakk.ee\/pl\/"},{"@type":"ListItem","position":2,"name":"Sklep internetowy","item":"https:\/\/toidupakk.ee\/pl\/sklep-internetowy\/"},{"@type":"ListItem","position":3,"name":"Namiot 10-osobowy Black Knob GRAND CANYON\u00ae"}]},{"@type":"WebSite","@id":"https:\/\/toidupakk.ee\/pl\/#website","url":"https:\/\/toidupakk.ee\/pl\/","name":"Toidupakk.ee - Tactical Foodpack toidupakid","description":"Tactical Foodpack k\u00fclmkuivatatud toidupakid ja matkaeined","publisher":{"@id":"https:\/\/toidupakk.ee\/pl\/#organization"},"potentialAction":[{"@type":"SearchAction","target":{"@type":"EntryPoint","urlTemplate":"https:\/\/toidupakk.ee\/pl\/?s={search_term_string}"},"query-input":{"@type":"PropertyValueSpecification","valueRequired":true,"valueName":"search_term_string"}}],"inLanguage":"pl-PL"},{"@type":"Organization","@id":"https:\/\/toidupakk.ee\/pl\/#organization","name":"Tactical Foodpack matkaeined","url":"https:\/\/toidupakk.ee\/pl\/","logo":{"@type":"ImageObject","inLanguage":"pl-PL","@id":"https:\/\/toidupakk.ee\/pl\/#\/schema\/logo\/image\/","url":"https:\/\/toidupakk.ee\/wp-content\/uploads\/2022\/01\/Toidupakk-matkapood-logo-transparent.png","contentUrl":"https:\/\/toidupakk.ee\/wp-content\/uploads\/2022\/01\/Toidupakk-matkapood-logo-transparent.png","width":500,"height":500,"caption":"Tactical Foodpack matkaeined"},"image":{"@id":"https:\/\/toidupakk.ee\/pl\/#\/schema\/logo\/image\/"},"sameAs":["https:\/\/www.facebook.com\/Toidupakk","https:\/\/www.instagram.com\/toidupakk\/"]}]}},"jetpack_sharing_enabled":true,"_links":{"self":[{"href":"https:\/\/toidupakk.ee\/pl\/wp-json\/wp\/v2\/product\/51891","targetHints":{"allow":["GET"]}}],"collection":[{"href":"https:\/\/toidupakk.ee\/pl\/wp-json\/wp\/v2\/product"}],"about":[{"href":"https:\/\/toidupakk.ee\/pl\/wp-json\/wp\/v2\/types\/product"}],"replies":[{"embeddable":true,"href":"https:\/\/toidupakk.ee\/pl\/wp-json\/wp\/v2\/comments?post=51891"}],"wp:featuredmedia":[{"embeddable":true,"href":"https:\/\/toidupakk.ee\/pl\/wp-json\/wp\/v2\/media\/23711"}],"wp:attachment":[{"href":"https:\/\/toidupakk.ee\/pl\/wp-json\/wp\/v2\/media?parent=51891"}],"wp:term":[{"taxonomy":"product_brand","embeddable":true,"href":"https:\/\/toidupakk.ee\/pl\/wp-json\/wp\/v2\/product_brand?post=51891"},{"taxonomy":"product_cat","embeddable":true,"href":"https:\/\/toidupakk.ee\/pl\/wp-json\/wp\/v2\/product_cat?post=51891"},{"taxonomy":"product_tag","embeddable":true,"href":"https:\/\/toidupakk.ee\/pl\/wp-json\/wp\/v2\/product_tag?post=51891"}],"curies":[{"name":"wp","href":"https:\/\/api.w.org\/{rel}","templated":true}]}}