{"id":51887,"date":"2024-06-12T11:21:32","date_gmt":"2024-06-12T08:21:32","guid":{"rendered":"https:\/\/toidupakk.ee\/toode\/l-karnityna-cla-i-ekstrakt-z-zielonej-herbaty-n90\/"},"modified":"2026-04-15T03:00:38","modified_gmt":"2026-04-15T00:00:38","slug":"l-karnityna-cla-i-ekstrakt-z-zielonej-herbaty-n90","status":"publish","type":"product","link":"https:\/\/toidupakk.ee\/pl\/toode\/l-karnityna-cla-i-ekstrakt-z-zielonej-herbaty-n90\/","title":{"rendered":"L-karnityna + CLA i ekstrakt z zielonej herbaty (N90)"},"content":{"rendered":"<h1><img fetchpriority=\"high\" decoding=\"async\" class=\"alignnone wp-image-26988 size-large\" src=\"https:\/\/toidupakk.ee\/wp-content\/uploads\/2024\/06\/Kiirendab-rasvapoletust-Your-Story-576x1024.jpg\" alt=\"l-karnityna\" width=\"576\" height=\"1024\" srcset=\"https:\/\/toidupakk.ee\/wp-content\/uploads\/2024\/06\/Kiirendab-rasvapoletust-Your-Story-576x1024.jpg 576w, https:\/\/toidupakk.ee\/wp-content\/uploads\/2024\/06\/Kiirendab-rasvapoletust-Your-Story-800x1422.jpg 800w, https:\/\/toidupakk.ee\/wp-content\/uploads\/2024\/06\/Kiirendab-rasvapoletust-Your-Story-169x300.jpg 169w, https:\/\/toidupakk.ee\/wp-content\/uploads\/2024\/06\/Kiirendab-rasvapoletust-Your-Story-768x1365.jpg 768w, https:\/\/toidupakk.ee\/wp-content\/uploads\/2024\/06\/Kiirendab-rasvapoletust-Your-Story-864x1536.jpg 864w, https:\/\/toidupakk.ee\/wp-content\/uploads\/2024\/06\/Kiirendab-rasvapoletust-Your-Story.jpg 1080w\" sizes=\"(max-width: 576px) 100vw, 576px\" \/><\/h1>\n<h1>L-karnityna + CLA i ekstrakt z zielonej herbaty<\/h1>\n<p>L-karnityna to naturalny aminokwas, kt\u00f3ry pomaga wspiera\u0107 odchudzanie. Substancja ta znajduje si\u0119 w mi\u0119\u015bniach szkieletowych, a tak\u017ce w w\u0105trobie i nerkach. G\u0142\u00f3wn\u0105 funkcj\u0105 l-karnityny jest przekszta\u0142canie t\u0142uszcz\u00f3w w energi\u0119. Dzieje si\u0119 to poprzez transport d\u0142ugo\u0142a\u0144cuchowych kwas\u00f3w t\u0142uszczowych do mitochondri\u00f3w, co zapobiega gromadzeniu si\u0119 lipid\u00f3w w mi\u0119\u015bniach szkieletowych, mi\u0119\u015bniu sercowym i w\u0105trobie. L-karnityn\u0119 pozyskujemy z produkt\u00f3w zwierz\u0119cych, takich jak jagni\u0119cina, wieprzowina, wo\u0142owina, mi\u0119so kr\u00f3lika, ryby i mleko. Ponadto nasz organizm sam produkuje ten aminokwas.     <\/p>\n<p>Ekstrakt z zielonej herbaty (Camellia sinensis L.) to pot\u0119\u017cna naturalna substancja bogata w korzystne sk\u0142adniki dzi\u0119ki ich wysokiemu st\u0119\u017ceniu. Zielona herbata obfituje w witaminy i minera\u0142y, ale najwa\u017cniejsze s\u0105 polifenole. Ekstrakt z zielonej herbaty w naszym produkcie zawiera 50% polifenoli. Polifenole to jedne z najsilniejszych przeciwutleniaczy na \u015bwiecie, pe\u0142ni\u0105ce w organizmie wiele wa\u017cnych r\u00f3l, w tym ograniczanie uszkodze\u0144 kom\u00f3rek spowodowanych starzeniem i wolnymi rodnikami. Opr\u00f3cz polifenoli zielona herbata zawiera naturaln\u0105 kofein\u0119 (8%). Badania wykaza\u0142y, \u017ce kofeina pomaga w odchudzaniu, reguluj\u0105c hormony zwi\u0119kszaj\u0105ce termogenez\u0119 \u2013 proces, w kt\u00f3rym organizm spala kalorie, aby trawi\u0107 pokarm i wytwarza\u0107 ciep\u0142o.     <\/p>\n<p>CLA, czyli sprz\u0119\u017cony kwas linolowy, to kolejny wa\u017cny sk\u0142adnik wspieraj\u0105cy odchudzanie, pozyskiwany z nasion krokosza barwierskiego (Carthamus tinctorius). CLA to ceniony suplement, kt\u00f3ry mo\u017ce pom\u00f3c w osi\u0105gni\u0119ciu cel\u00f3w zwi\u0105zanych z redukcj\u0105 wagi. Cho\u0107 CLA wyst\u0119puje naturalnie g\u0142\u00f3wnie w produktach mi\u0119snych i mlecznych, uzyskanie jego odpowiedniej ilo\u015bci z po\u017cywienia jest trudne, dlatego warto uzupe\u0142ni\u0107 diet\u0119 suplementem CLA.  <\/p>\n<p>Po\u0142\u0105czenie tych produkt\u00f3w ze zdrow\u0105 diet\u0105 i programem treningowym mo\u017ce wspom\u00f3c proces odchudzania. L-karnityna pomaga organizmowi wykorzystywa\u0107 t\u0142uszcze jako energi\u0119, zielona herbata zapewnia ochron\u0119 antyoksydacyjn\u0105 i sprzyja termogenezie, a CLA wspiera metabolizm i pomaga osi\u0105gn\u0105\u0107 cele zwi\u0105zane z utrat\u0105 wagi. Sk\u0142adniki te razem tworz\u0105 skuteczne i kompleksowe podej\u015bcie do odchudzania.  <\/p>\n<p><img decoding=\"async\" class=\"alignnone size-thumbnail wp-image-24009\" src=\"https:\/\/toidupakk.ee\/wp-content\/uploads\/2024\/06\/L-Karnitiin-CLA-ja-Rohelise-tee-ekstrakt-N90-2-500x500.png\" alt=\"l-karnityna, CLA, ekstrakt z zielonej herbaty\" width=\"500\" height=\"500\" srcset=\"https:\/\/toidupakk.ee\/wp-content\/uploads\/2024\/06\/L-Karnitiin-CLA-ja-Rohelise-tee-ekstrakt-N90-2-500x500.png 500w, https:\/\/toidupakk.ee\/wp-content\/uploads\/2024\/06\/L-Karnitiin-CLA-ja-Rohelise-tee-ekstrakt-N90-2-400x400.png 400w, https:\/\/toidupakk.ee\/wp-content\/uploads\/2024\/06\/L-Karnitiin-CLA-ja-Rohelise-tee-ekstrakt-N90-2-100x100.png 100w, https:\/\/toidupakk.ee\/wp-content\/uploads\/2024\/06\/L-Karnitiin-CLA-ja-Rohelise-tee-ekstrakt-N90-2-300x300.png 300w, https:\/\/toidupakk.ee\/wp-content\/uploads\/2024\/06\/L-Karnitiin-CLA-ja-Rohelise-tee-ekstrakt-N90-2-768x768.png 768w, https:\/\/toidupakk.ee\/wp-content\/uploads\/2024\/06\/L-Karnitiin-CLA-ja-Rohelise-tee-ekstrakt-N90-2.png 800w\" sizes=\"(max-width: 500px) 100vw, 500px\" \/><\/p>\n<h2 class=\"image-with-text__heading pxu-lia-element\">ICONFIT Jako\u015b\u0107 &amp; Troska<\/h2>\n<div class=\"image-with-text__text pxu-lia-element\">\n<p>Produkty ICONFIT s\u0105 opracowywane w Estonii i bazuj\u0105 na najwy\u017cszych europejskich standardach jako\u015bci. Tworzymy nasze produkty we wsp\u00f3\u0142pracy ze specjalistami ds. \u017cywienia, sportowcami i technologami \u017cywno\u015bci. <\/p>\n<p>Produkty ICONFIT nie zawieraj\u0105 zb\u0119dnych sztucznych stabilizator\u00f3w, barwnik\u00f3w ani konserwant\u00f3w. Nasi klienci wracaj\u0105 do nas wielokrotnie dzi\u0119ki naszej jako\u015bci, czysto\u015bci i \u015bwietnym smakom. <\/p>\n<p><img decoding=\"async\" class=\"alignnone wp-image-15624 size-medium\" src=\"https:\/\/toidupakk.ee\/wp-content\/uploads\/2023\/11\/ICONFIT-kollageeni-pulber-liigestele-5-300x300.png\" alt=\"logo iconfit\" width=\"300\" height=\"300\" srcset=\"https:\/\/toidupakk.ee\/wp-content\/uploads\/2023\/11\/ICONFIT-kollageeni-pulber-liigestele-5-300x300.png 300w, https:\/\/toidupakk.ee\/wp-content\/uploads\/2023\/11\/ICONFIT-kollageeni-pulber-liigestele-5-400x400.png 400w, https:\/\/toidupakk.ee\/wp-content\/uploads\/2023\/11\/ICONFIT-kollageeni-pulber-liigestele-5-100x100.png 100w, https:\/\/toidupakk.ee\/wp-content\/uploads\/2023\/11\/ICONFIT-kollageeni-pulber-liigestele-5-500x500.png 500w, https:\/\/toidupakk.ee\/wp-content\/uploads\/2023\/11\/ICONFIT-kollageeni-pulber-liigestele-5-768x768.png 768w, https:\/\/toidupakk.ee\/wp-content\/uploads\/2023\/11\/ICONFIT-kollageeni-pulber-liigestele-5.png 800w\" sizes=\"(max-width: 300px) 100vw, 300px\" \/><\/p>\n<p>Interesuj\u0105 Ci\u0119 inne suplementy? Dowiedz si\u0119 wi\u0119cej <a href=\"https:\/\/toidupakk.ee\/pl\/tootekategooria\/suplementy-diety\/\">TUTAJ<\/a><\/p>\n<p>Interesuj\u0105 Ci\u0119 posi\u0142ki turystyczne? Zobacz <a href=\"https:\/\/toidupakk.ee\/pl\/tootekategooria\/dania-glowne\/\">TUTAJ<\/a><\/p>\n<p>Znajd\u017a inspiracj\u0119 na kolejne przygody na <a href=\"https:\/\/www.instagram.com\/toidupakk\/\">Instagramie<\/a> i <a href=\"https:\/\/www.facebook.com\/Toidupakk\/\">Facebooku<\/a> Toidupakk<\/p>\n<\/div>\n","protected":false},"excerpt":{"rendered":"<p><strong>L-karnityna z CLA i ekstraktem z zielonej herbaty wspomaga odchudzanie. Zawiera naturaln\u0105 kofein\u0119 z ekstraktu z zielonej herbaty. W po\u0142\u0105czeniu ze zdrow\u0105 diet\u0105 i regularnymi \u0107wiczeniami wspiera utrat\u0119 wagi. Wyprodukowano wy\u0142\u0105cznie z wysokiej jako\u015bci ro\u015blinnych kapsu\u0142ek pullulanowych.   <\/strong><\/p>\n<ul>\n<li>Wspiera przekszta\u0142canie t\u0142uszczu w energi\u0119.<\/li>\n<li>L-karnityna pomaga zapobiega\u0107 gromadzeniu si\u0119 lipid\u00f3w w mi\u0119\u015bniach szkieletowych, mi\u0119\u015bniu sercowym i w\u0105trobie.<\/li>\n<li>CLA z 60% aktywnych izomer\u00f3w.<\/li>\n<li>Zawiera naturaln\u0105 kofein\u0119 z ekstraktu z zielonej herbaty.<\/li>\n<li>Opakowanie zawiera 90 kapsu\u0142ek.<\/li>\n<\/ul>\n<p>\u2705 Dost\u0119pne w magazynie, szybka dostawa w 1\u20133 dni robocze<\/p>\n","protected":false},"featured_media":23976,"comment_status":"open","ping_status":"closed","template":"","meta":{"_acf_changed":false},"product_brand":[],"product_cat":[303,379,301,361],"product_tag":[],"class_list":{"0":"post-51887","1":"product","2":"type-product","3":"status-publish","4":"has-post-thumbnail","6":"product_cat-akcesoria-turystyczne","7":"product_cat-kapsulki","8":"product_cat-sprzet-turystyczny","9":"product_cat-suplementy-diety","11":"first","12":"instock","13":"taxable","14":"shipping-taxable","15":"purchasable","16":"product-type-simple"},"bundled_by":[],"bundle_stock_status":"instock","bundle_stock_quantity":1,"bundle_virtual":false,"bundle_layout":"","bundle_add_to_cart_form_location":"","bundle_editable_in_cart":false,"bundle_sold_individually_context":"","bundle_item_grouping":"","bundle_min_size":"","bundle_max_size":"","bundle_price":[],"bundled_items":[],"bundle_sell_ids":[],"acf":[],"yoast_head":"<!-- This site is optimized with the Yoast SEO plugin v27.3 - https:\/\/yoast.com\/product\/yoast-seo-wordpress\/ -->\n<title>L-karnityna + CLA i ekstrakt z zielonej herbaty (N90)<\/title>\n<meta name=\"description\" content=\"L-KARNITYNA z CLA i ekstraktem z zielonej herbaty wspiera odchudzanie poprzez wytwarzanie energii z kwas\u00f3w t\u0142uszczowych. 90 kapsu\u0142ek w opakowaniu.\" \/>\n<meta name=\"robots\" content=\"index, follow, max-snippet:-1, max-image-preview:large, max-video-preview:-1\" \/>\n<link rel=\"canonical\" href=\"https:\/\/toidupakk.ee\/pl\/toode\/l-karnityna-cla-i-ekstrakt-z-zielonej-herbaty-n90\/\" \/>\n<meta property=\"og:locale\" content=\"pl_PL\" \/>\n<meta property=\"og:type\" content=\"article\" \/>\n<meta property=\"og:title\" content=\"L-karnityna + CLA i ekstrakt z zielonej herbaty (N90)\" \/>\n<meta property=\"og:description\" content=\"L-KARNITYNA z CLA i ekstraktem z zielonej herbaty wspiera odchudzanie poprzez wytwarzanie energii z kwas\u00f3w t\u0142uszczowych. 90 kapsu\u0142ek w opakowaniu.\" \/>\n<meta property=\"og:url\" content=\"https:\/\/toidupakk.ee\/pl\/toode\/l-karnityna-cla-i-ekstrakt-z-zielonej-herbaty-n90\/\" \/>\n<meta property=\"og:site_name\" content=\"Toidupakk.ee - Tactical Foodpack toidupakid\" \/>\n<meta property=\"article:publisher\" content=\"https:\/\/www.facebook.com\/Toidupakk\" \/>\n<meta property=\"article:modified_time\" content=\"2026-04-15T00:00:38+00:00\" \/>\n<meta property=\"og:image\" content=\"https:\/\/toidupakk.ee\/wp-content\/uploads\/2024\/06\/L-Karnitiin-CLA-ja-Rohelise-tee-ekstrakt-N90.png\" \/>\n\t<meta property=\"og:image:width\" content=\"800\" \/>\n\t<meta property=\"og:image:height\" content=\"800\" \/>\n\t<meta property=\"og:image:type\" content=\"image\/png\" \/>\n<meta name=\"twitter:card\" content=\"summary_large_image\" \/>\n<meta name=\"twitter:label1\" content=\"Szacowany czas czytania\" \/>\n\t<meta name=\"twitter:data1\" content=\"2 minuty\" \/>\n<script type=\"application\/ld+json\" class=\"yoast-schema-graph\">{\"@context\":\"https:\\\/\\\/schema.org\",\"@graph\":[{\"@type\":\"WebPage\",\"@id\":\"https:\\\/\\\/toidupakk.ee\\\/pl\\\/toode\\\/l-karnityna-cla-i-ekstrakt-z-zielonej-herbaty-n90\\\/\",\"url\":\"https:\\\/\\\/toidupakk.ee\\\/pl\\\/toode\\\/l-karnityna-cla-i-ekstrakt-z-zielonej-herbaty-n90\\\/\",\"name\":\"L-karnityna + CLA i ekstrakt z zielonej herbaty (N90)\",\"isPartOf\":{\"@id\":\"https:\\\/\\\/toidupakk.ee\\\/pl\\\/#website\"},\"primaryImageOfPage\":{\"@id\":\"https:\\\/\\\/toidupakk.ee\\\/pl\\\/toode\\\/l-karnityna-cla-i-ekstrakt-z-zielonej-herbaty-n90\\\/#primaryimage\"},\"image\":{\"@id\":\"https:\\\/\\\/toidupakk.ee\\\/pl\\\/toode\\\/l-karnityna-cla-i-ekstrakt-z-zielonej-herbaty-n90\\\/#primaryimage\"},\"thumbnailUrl\":\"https:\\\/\\\/toidupakk.ee\\\/wp-content\\\/uploads\\\/2024\\\/06\\\/L-Karnitiin-CLA-ja-Rohelise-tee-ekstrakt-N90.png\",\"datePublished\":\"2024-06-12T08:21:32+00:00\",\"dateModified\":\"2026-04-15T00:00:38+00:00\",\"description\":\"L-KARNITYNA z CLA i ekstraktem z zielonej herbaty wspiera odchudzanie poprzez wytwarzanie energii z kwas\u00f3w t\u0142uszczowych. 90 kapsu\u0142ek w opakowaniu.\",\"breadcrumb\":{\"@id\":\"https:\\\/\\\/toidupakk.ee\\\/pl\\\/toode\\\/l-karnityna-cla-i-ekstrakt-z-zielonej-herbaty-n90\\\/#breadcrumb\"},\"inLanguage\":\"pl-PL\",\"potentialAction\":[{\"@type\":\"ReadAction\",\"target\":[\"https:\\\/\\\/toidupakk.ee\\\/pl\\\/toode\\\/l-karnityna-cla-i-ekstrakt-z-zielonej-herbaty-n90\\\/\"]}]},{\"@type\":\"ImageObject\",\"inLanguage\":\"pl-PL\",\"@id\":\"https:\\\/\\\/toidupakk.ee\\\/pl\\\/toode\\\/l-karnityna-cla-i-ekstrakt-z-zielonej-herbaty-n90\\\/#primaryimage\",\"url\":\"https:\\\/\\\/toidupakk.ee\\\/wp-content\\\/uploads\\\/2024\\\/06\\\/L-Karnitiin-CLA-ja-Rohelise-tee-ekstrakt-N90.png\",\"contentUrl\":\"https:\\\/\\\/toidupakk.ee\\\/wp-content\\\/uploads\\\/2024\\\/06\\\/L-Karnitiin-CLA-ja-Rohelise-tee-ekstrakt-N90.png\",\"width\":800,\"height\":800,\"caption\":\"toidulisand L-karnitiin + CLA\"},{\"@type\":\"BreadcrumbList\",\"@id\":\"https:\\\/\\\/toidupakk.ee\\\/pl\\\/toode\\\/l-karnityna-cla-i-ekstrakt-z-zielonej-herbaty-n90\\\/#breadcrumb\",\"itemListElement\":[{\"@type\":\"ListItem\",\"position\":1,\"name\":\"Avaleht\",\"item\":\"https:\\\/\\\/toidupakk.ee\\\/pl\\\/\"},{\"@type\":\"ListItem\",\"position\":2,\"name\":\"Sklep internetowy\",\"item\":\"https:\\\/\\\/toidupakk.ee\\\/pl\\\/sklep-internetowy\\\/\"},{\"@type\":\"ListItem\",\"position\":3,\"name\":\"L-karnityna + CLA i ekstrakt z zielonej herbaty (N90)\"}]},{\"@type\":\"WebSite\",\"@id\":\"https:\\\/\\\/toidupakk.ee\\\/pl\\\/#website\",\"url\":\"https:\\\/\\\/toidupakk.ee\\\/pl\\\/\",\"name\":\"Toidupakk.ee - Tactical Foodpack toidupakid\",\"description\":\"Tactical Foodpack k\u00fclmkuivatatud toidupakid ja matkaeined\",\"publisher\":{\"@id\":\"https:\\\/\\\/toidupakk.ee\\\/pl\\\/#organization\"},\"potentialAction\":[{\"@type\":\"SearchAction\",\"target\":{\"@type\":\"EntryPoint\",\"urlTemplate\":\"https:\\\/\\\/toidupakk.ee\\\/pl\\\/?s={search_term_string}\"},\"query-input\":{\"@type\":\"PropertyValueSpecification\",\"valueRequired\":true,\"valueName\":\"search_term_string\"}}],\"inLanguage\":\"pl-PL\"},{\"@type\":\"Organization\",\"@id\":\"https:\\\/\\\/toidupakk.ee\\\/pl\\\/#organization\",\"name\":\"Tactical Foodpack matkaeined\",\"url\":\"https:\\\/\\\/toidupakk.ee\\\/pl\\\/\",\"logo\":{\"@type\":\"ImageObject\",\"inLanguage\":\"pl-PL\",\"@id\":\"https:\\\/\\\/toidupakk.ee\\\/pl\\\/#\\\/schema\\\/logo\\\/image\\\/\",\"url\":\"https:\\\/\\\/toidupakk.ee\\\/wp-content\\\/uploads\\\/2022\\\/01\\\/Toidupakk-matkapood-logo-transparent.png\",\"contentUrl\":\"https:\\\/\\\/toidupakk.ee\\\/wp-content\\\/uploads\\\/2022\\\/01\\\/Toidupakk-matkapood-logo-transparent.png\",\"width\":500,\"height\":500,\"caption\":\"Tactical Foodpack matkaeined\"},\"image\":{\"@id\":\"https:\\\/\\\/toidupakk.ee\\\/pl\\\/#\\\/schema\\\/logo\\\/image\\\/\"},\"sameAs\":[\"https:\\\/\\\/www.facebook.com\\\/Toidupakk\",\"https:\\\/\\\/www.instagram.com\\\/toidupakk\\\/\"]}]}<\/script>\n<!-- \/ Yoast SEO plugin. -->","yoast_head_json":{"title":"L-karnityna + CLA i ekstrakt z zielonej herbaty (N90)","description":"L-KARNITYNA z CLA i ekstraktem z zielonej herbaty wspiera odchudzanie poprzez wytwarzanie energii z kwas\u00f3w t\u0142uszczowych. 90 kapsu\u0142ek w opakowaniu.","robots":{"index":"index","follow":"follow","max-snippet":"max-snippet:-1","max-image-preview":"max-image-preview:large","max-video-preview":"max-video-preview:-1"},"canonical":"https:\/\/toidupakk.ee\/pl\/toode\/l-karnityna-cla-i-ekstrakt-z-zielonej-herbaty-n90\/","og_locale":"pl_PL","og_type":"article","og_title":"L-karnityna + CLA i ekstrakt z zielonej herbaty (N90)","og_description":"L-KARNITYNA z CLA i ekstraktem z zielonej herbaty wspiera odchudzanie poprzez wytwarzanie energii z kwas\u00f3w t\u0142uszczowych. 90 kapsu\u0142ek w opakowaniu.","og_url":"https:\/\/toidupakk.ee\/pl\/toode\/l-karnityna-cla-i-ekstrakt-z-zielonej-herbaty-n90\/","og_site_name":"Toidupakk.ee - Tactical Foodpack toidupakid","article_publisher":"https:\/\/www.facebook.com\/Toidupakk","article_modified_time":"2026-04-15T00:00:38+00:00","og_image":[{"width":800,"height":800,"url":"https:\/\/toidupakk.ee\/wp-content\/uploads\/2024\/06\/L-Karnitiin-CLA-ja-Rohelise-tee-ekstrakt-N90.png","type":"image\/png"}],"twitter_card":"summary_large_image","twitter_misc":{"Szacowany czas czytania":"2 minuty"},"schema":{"@context":"https:\/\/schema.org","@graph":[{"@type":"WebPage","@id":"https:\/\/toidupakk.ee\/pl\/toode\/l-karnityna-cla-i-ekstrakt-z-zielonej-herbaty-n90\/","url":"https:\/\/toidupakk.ee\/pl\/toode\/l-karnityna-cla-i-ekstrakt-z-zielonej-herbaty-n90\/","name":"L-karnityna + CLA i ekstrakt z zielonej herbaty (N90)","isPartOf":{"@id":"https:\/\/toidupakk.ee\/pl\/#website"},"primaryImageOfPage":{"@id":"https:\/\/toidupakk.ee\/pl\/toode\/l-karnityna-cla-i-ekstrakt-z-zielonej-herbaty-n90\/#primaryimage"},"image":{"@id":"https:\/\/toidupakk.ee\/pl\/toode\/l-karnityna-cla-i-ekstrakt-z-zielonej-herbaty-n90\/#primaryimage"},"thumbnailUrl":"https:\/\/toidupakk.ee\/wp-content\/uploads\/2024\/06\/L-Karnitiin-CLA-ja-Rohelise-tee-ekstrakt-N90.png","datePublished":"2024-06-12T08:21:32+00:00","dateModified":"2026-04-15T00:00:38+00:00","description":"L-KARNITYNA z CLA i ekstraktem z zielonej herbaty wspiera odchudzanie poprzez wytwarzanie energii z kwas\u00f3w t\u0142uszczowych. 90 kapsu\u0142ek w opakowaniu.","breadcrumb":{"@id":"https:\/\/toidupakk.ee\/pl\/toode\/l-karnityna-cla-i-ekstrakt-z-zielonej-herbaty-n90\/#breadcrumb"},"inLanguage":"pl-PL","potentialAction":[{"@type":"ReadAction","target":["https:\/\/toidupakk.ee\/pl\/toode\/l-karnityna-cla-i-ekstrakt-z-zielonej-herbaty-n90\/"]}]},{"@type":"ImageObject","inLanguage":"pl-PL","@id":"https:\/\/toidupakk.ee\/pl\/toode\/l-karnityna-cla-i-ekstrakt-z-zielonej-herbaty-n90\/#primaryimage","url":"https:\/\/toidupakk.ee\/wp-content\/uploads\/2024\/06\/L-Karnitiin-CLA-ja-Rohelise-tee-ekstrakt-N90.png","contentUrl":"https:\/\/toidupakk.ee\/wp-content\/uploads\/2024\/06\/L-Karnitiin-CLA-ja-Rohelise-tee-ekstrakt-N90.png","width":800,"height":800,"caption":"toidulisand L-karnitiin + CLA"},{"@type":"BreadcrumbList","@id":"https:\/\/toidupakk.ee\/pl\/toode\/l-karnityna-cla-i-ekstrakt-z-zielonej-herbaty-n90\/#breadcrumb","itemListElement":[{"@type":"ListItem","position":1,"name":"Avaleht","item":"https:\/\/toidupakk.ee\/pl\/"},{"@type":"ListItem","position":2,"name":"Sklep internetowy","item":"https:\/\/toidupakk.ee\/pl\/sklep-internetowy\/"},{"@type":"ListItem","position":3,"name":"L-karnityna + CLA i ekstrakt z zielonej herbaty (N90)"}]},{"@type":"WebSite","@id":"https:\/\/toidupakk.ee\/pl\/#website","url":"https:\/\/toidupakk.ee\/pl\/","name":"Toidupakk.ee - Tactical Foodpack toidupakid","description":"Tactical Foodpack k\u00fclmkuivatatud toidupakid ja matkaeined","publisher":{"@id":"https:\/\/toidupakk.ee\/pl\/#organization"},"potentialAction":[{"@type":"SearchAction","target":{"@type":"EntryPoint","urlTemplate":"https:\/\/toidupakk.ee\/pl\/?s={search_term_string}"},"query-input":{"@type":"PropertyValueSpecification","valueRequired":true,"valueName":"search_term_string"}}],"inLanguage":"pl-PL"},{"@type":"Organization","@id":"https:\/\/toidupakk.ee\/pl\/#organization","name":"Tactical Foodpack matkaeined","url":"https:\/\/toidupakk.ee\/pl\/","logo":{"@type":"ImageObject","inLanguage":"pl-PL","@id":"https:\/\/toidupakk.ee\/pl\/#\/schema\/logo\/image\/","url":"https:\/\/toidupakk.ee\/wp-content\/uploads\/2022\/01\/Toidupakk-matkapood-logo-transparent.png","contentUrl":"https:\/\/toidupakk.ee\/wp-content\/uploads\/2022\/01\/Toidupakk-matkapood-logo-transparent.png","width":500,"height":500,"caption":"Tactical Foodpack matkaeined"},"image":{"@id":"https:\/\/toidupakk.ee\/pl\/#\/schema\/logo\/image\/"},"sameAs":["https:\/\/www.facebook.com\/Toidupakk","https:\/\/www.instagram.com\/toidupakk\/"]}]}},"jetpack_sharing_enabled":true,"_links":{"self":[{"href":"https:\/\/toidupakk.ee\/pl\/wp-json\/wp\/v2\/product\/51887","targetHints":{"allow":["GET"]}}],"collection":[{"href":"https:\/\/toidupakk.ee\/pl\/wp-json\/wp\/v2\/product"}],"about":[{"href":"https:\/\/toidupakk.ee\/pl\/wp-json\/wp\/v2\/types\/product"}],"replies":[{"embeddable":true,"href":"https:\/\/toidupakk.ee\/pl\/wp-json\/wp\/v2\/comments?post=51887"}],"wp:featuredmedia":[{"embeddable":true,"href":"https:\/\/toidupakk.ee\/pl\/wp-json\/wp\/v2\/media\/23976"}],"wp:attachment":[{"href":"https:\/\/toidupakk.ee\/pl\/wp-json\/wp\/v2\/media?parent=51887"}],"wp:term":[{"taxonomy":"product_brand","embeddable":true,"href":"https:\/\/toidupakk.ee\/pl\/wp-json\/wp\/v2\/product_brand?post=51887"},{"taxonomy":"product_cat","embeddable":true,"href":"https:\/\/toidupakk.ee\/pl\/wp-json\/wp\/v2\/product_cat?post=51887"},{"taxonomy":"product_tag","embeddable":true,"href":"https:\/\/toidupakk.ee\/pl\/wp-json\/wp\/v2\/product_tag?post=51887"}],"curies":[{"name":"wp","href":"https:\/\/api.w.org\/{rel}","templated":true}]}}