{"id":51837,"date":"2024-06-10T12:25:52","date_gmt":"2024-06-10T09:25:52","guid":{"rendered":"https:\/\/toidupakk.ee\/toode\/zestaw-obiadowy-gulasz-ziemniaczany-z-wolowina\/"},"modified":"2026-04-04T01:01:39","modified_gmt":"2026-04-03T22:01:39","slug":"zestaw-obiadowy-gulasz-ziemniaczany-z-wolowina","status":"publish","type":"product","link":"https:\/\/toidupakk.ee\/pl\/toode\/zestaw-obiadowy-gulasz-ziemniaczany-z-wolowina\/","title":{"rendered":"Zestaw obiadowy Gulasz ziemniaczany z wo\u0142owin\u0105"},"content":{"rendered":"<p><img decoding=\"async\" class=\"alignnone size-full wp-image-23874\" src=\"https:\/\/toidupakk.ee\/wp-content\/uploads\/2024\/06\/Food-Force-logo-transparent-150-x-75-px.png\" alt=\"\" width=\"150\" height=\"75\"><\/p>\n<h1>Zestaw obiadowy Gulasz ziemniaczany z wo\u0142owin\u0105 \u2013 instrukcja przygotowania:<\/h1>\n<p>Otw\u00f3rz opakowanie gulaszu ziemniaczanego z wo\u0142owin\u0105 i roz\u0142\u00f3\u017c ca\u0142kowicie jego dno. Nape\u0142nij opakowanie wrz\u0105c\u0105 wod\u0105 do poziomu zaznaczonego na odwrocie. (Uwaga! R\u00f3\u017cne warianty da\u0144 maj\u0105 r\u00f3\u017cne oznaczenia na opakowaniach, wi\u0119c ilo\u015b\u0107 gor\u0105cej wody mo\u017ce si\u0119 r\u00f3\u017cni\u0107). Dok\u0142adnie wymieszaj i zamknij opakowanie. Odstaw na 15 minut. Przed jedzeniem otw\u00f3rz opakowanie i ponownie dok\u0142adnie wymieszaj. W razie potrzeby dodaj wody.      <\/p>\n<h2>\u017bywno\u015b\u0107 liofilizowana Food Force<\/h2>\n<p>Zestawy racji \u017cywno\u015bciowych Food Force sk\u0142adaj\u0105 si\u0119 z dania g\u0142\u00f3wnego, produktu zbo\u017cowego, pasty do kanapek, przek\u0105ski, napoju i chusteczek dezynfekuj\u0105cych. Zestawy zosta\u0142y opracowane w Estonii i ciesz\u0105 si\u0119 popularno\u015bci\u0105 w\u015br\u00f3d wojska oraz cz\u0142onk\u00f3w ligi obrony. Ponadto \u017cywno\u015b\u0107 Food Force jest ch\u0119tnie wybierana przez w\u0119drowc\u00f3w, \u017ceglarzy i sportowc\u00f3w, kt\u00f3rzy ceni\u0105 po\u017cywne i smaczne posi\u0142ki.  <\/p>\n<p>Produkty Food Force s\u0105 wytwarzane w Tabasalu pod Tallinnem. Fabryka posiada certyfikat ISO9001, co podkre\u015bla nasze zaanga\u017cowanie w utrzymanie najwy\u017cszych standard\u00f3w jako\u015bci i bezpiecze\u0144stwa. <\/p>\n<p><img fetchpriority=\"high\" decoding=\"async\" class=\"alignnone wp-image-23946 size-thumbnail\" src=\"https:\/\/toidupakk.ee\/wp-content\/uploads\/2024\/06\/Kartulihautis-veiselihaga-toidukomplekt-1-500x500.png\" alt=\"food force gulasz ziemniaczany z wo\u0142owin\u0105\" width=\"500\" height=\"500\" srcset=\"https:\/\/toidupakk.ee\/wp-content\/uploads\/2024\/06\/Kartulihautis-veiselihaga-toidukomplekt-1-500x500.png 500w, https:\/\/toidupakk.ee\/wp-content\/uploads\/2024\/06\/Kartulihautis-veiselihaga-toidukomplekt-1-400x400.png 400w, https:\/\/toidupakk.ee\/wp-content\/uploads\/2024\/06\/Kartulihautis-veiselihaga-toidukomplekt-1-100x100.png 100w, https:\/\/toidupakk.ee\/wp-content\/uploads\/2024\/06\/Kartulihautis-veiselihaga-toidukomplekt-1-300x300.png 300w, https:\/\/toidupakk.ee\/wp-content\/uploads\/2024\/06\/Kartulihautis-veiselihaga-toidukomplekt-1-768x768.png 768w, https:\/\/toidupakk.ee\/wp-content\/uploads\/2024\/06\/Kartulihautis-veiselihaga-toidukomplekt-1.png 800w\" sizes=\"(max-width: 500px) 100vw, 500px\" \/><\/p>\n<p>&nbsp;<\/p>\n<p>Dowiedz si\u0119 wi\u0119cej o posi\u0142kach turystycznych Tactical Foodpack <a href=\"https:\/\/toidupakk.ee\/pl\/tootekategooria\/posilki-tactical-foodpack\/\">TUTAJ.<\/a><\/p>\n<p>Zobacz wi\u0119cej akcesori\u00f3w turystycznych <a href=\"https:\/\/toidupakk.ee\/pl\/tootekategooria\/sprzet-turystyczny\/#section-3-79\">TUTAJ<\/a><\/p>\n<p>Znajd\u017a inspiracj\u0119 na kolejne przygody na <a href=\"https:\/\/www.instagram.com\/toidupakk\/\">Instagramie<\/a> i <a href=\"https:\/\/www.facebook.com\/Toidupakk\/\">Facebooku<\/a> Toidupakk.<\/p>\n","protected":false},"excerpt":{"rendered":"<p><strong>Gulasz ziemniaczany z wo\u0142owin\u0105 to tradycyjne danie sk\u0142adaj\u0105ce si\u0119 z duszonej wo\u0142owiny i ziemniak\u00f3w, cz\u0119sto z dodatkiem marchwi, cebuli i r\u00f3\u017cnych przypraw. Mi\u0119so jest podsma\u017cane, a nast\u0119pnie d\u0142ugo duszone z warzywami, a\u017c wszystkie sk\u0142adniki zmi\u0119kn\u0105, a smaki si\u0119 po\u0142\u0105cz\u0105. Efektem jest pyszny i po\u017cywny gulasz, kt\u00f3ry idealnie rozgrzewa w ch\u0142odne dni.  <\/strong><\/p>\n<p>Pakiety sk\u0142adaj\u0105 si\u0119 z dania g\u0142\u00f3wnego, produktu zbo\u017cowego, pasty do kanapek, przek\u0105ski, napoju i chusteczek dezynfekuj\u0105cych.<\/p>\n<p>Zestaw obiadowy Gulasz ziemniaczany z wo\u0142owin\u0105 zawiera:<\/p>\n<ul>\n<li>Gulasz ziemniaczany z wo\u0142owin\u0105 145 g<\/li>\n<li>Pieczywo chrupkie Light 50 g<\/li>\n<li>Pasta do kanapek z \u0142ososiem 50 g<\/li>\n<li>Orzeszki ziemne z miodem i cynamonem 50 g<\/li>\n<li>Ciemna czekolada 60% 20 g<\/li>\n<li>Izotoniczny nap\u00f3j w proszku malinowy 5 g<\/li>\n<li>Herbata owocowa 2,5 g<\/li>\n<li>Cukier 4 g<\/li>\n<li>S\u00f3l 1 g<\/li>\n<li>Wilgotna chusteczka 5 g<\/li>\n<\/ul>\n<p><img decoding=\"async\" class=\"alignnone size-full wp-image-23874\" src=\"https:\/\/toidupakk.ee\/wp-content\/uploads\/2024\/06\/Food-Force-logo-transparent-150-x-75-px.png\" alt=\"\" width=\"150\" height=\"75\"><\/p>\n<p>Warto\u015bci od\u017cywcze na posi\u0142ek: Warto\u015b\u0107 energetyczna 5371 kJ \/ 1281 kcal, T\u0142uszcze 49,4 g, W\u0119glowodany 162,4 g, Bia\u0142ko 34,7 g, S\u00f3l 5,7 g.<\/p>\n<p>\u2705 Dost\u0119pne w magazynie, szybka dostawa w 1\u20133 dni robocze<\/p>\n","protected":false},"featured_media":23946,"comment_status":"open","ping_status":"closed","template":"","meta":{"_acf_changed":false},"product_brand":[],"product_cat":[303,344,301,392,336],"product_tag":[],"class_list":{"0":"post-51837","1":"product","2":"type-product","3":"status-publish","4":"has-post-thumbnail","6":"product_cat-akcesoria-turystyczne","7":"product_cat-paki-suchej-zywnosci-food-force","8":"product_cat-sprzet-turystyczny","9":"product_cat-zestawy-zywnosciowe-mre","10":"product_cat-zywnosc-turystyczna","12":"first","13":"instock","14":"taxable","15":"shipping-taxable","16":"purchasable","17":"product-type-simple"},"bundled_by":[],"bundle_stock_status":"instock","bundle_stock_quantity":6,"bundle_virtual":false,"bundle_layout":"","bundle_add_to_cart_form_location":"","bundle_editable_in_cart":false,"bundle_sold_individually_context":"","bundle_item_grouping":"","bundle_min_size":"","bundle_max_size":"","bundle_price":[],"bundled_items":[],"bundle_sell_ids":[],"acf":[],"yoast_head":"<!-- This site is optimized with the Yoast SEO plugin v27.1.1 - https:\/\/yoast.com\/product\/yoast-seo-wordpress\/ -->\n<title>Zestaw obiadowy Gulasz ziemniaczany z wo\u0142owin\u0105<\/title>\n<meta name=\"description\" content=\"Zestaw obiadowy Gulasz ziemniaczany z wo\u0142owin\u0105 zawiera: danie g\u0142\u00f3wne, pieczywo chrupkie, past\u0119 do kanapek, orzechy, czekolad\u0119, izotoniczny nap\u00f3j w proszku, herbat\u0119, wilgotn\u0105 chusteczk\u0119...\" \/>\n<meta name=\"robots\" content=\"index, follow, max-snippet:-1, max-image-preview:large, max-video-preview:-1\" \/>\n<link rel=\"canonical\" href=\"https:\/\/toidupakk.ee\/pl\/toode\/zestaw-obiadowy-gulasz-ziemniaczany-z-wolowina\/\" \/>\n<meta property=\"og:locale\" content=\"pl_PL\" \/>\n<meta property=\"og:type\" content=\"article\" \/>\n<meta property=\"og:title\" content=\"Zestaw obiadowy Gulasz ziemniaczany z wo\u0142owin\u0105\" \/>\n<meta property=\"og:description\" content=\"Zestaw obiadowy Gulasz ziemniaczany z wo\u0142owin\u0105 zawiera: danie g\u0142\u00f3wne, pieczywo chrupkie, past\u0119 do kanapek, orzechy, czekolad\u0119, izotoniczny nap\u00f3j w proszku, herbat\u0119, wilgotn\u0105 chusteczk\u0119...\" \/>\n<meta property=\"og:url\" content=\"https:\/\/toidupakk.ee\/pl\/toode\/zestaw-obiadowy-gulasz-ziemniaczany-z-wolowina\/\" \/>\n<meta property=\"og:site_name\" content=\"Toidupakk.ee - Tactical Foodpack toidupakid\" \/>\n<meta property=\"article:publisher\" content=\"https:\/\/www.facebook.com\/Toidupakk\" \/>\n<meta property=\"article:modified_time\" content=\"2026-04-03T22:01:39+00:00\" \/>\n<meta property=\"og:image\" content=\"https:\/\/toidupakk.ee\/wp-content\/uploads\/2024\/06\/Kartulihautis-veiselihaga-toidukomplekt-1.png\" \/>\n\t<meta property=\"og:image:width\" content=\"800\" \/>\n\t<meta property=\"og:image:height\" content=\"800\" \/>\n\t<meta property=\"og:image:type\" content=\"image\/png\" \/>\n<meta name=\"twitter:card\" content=\"summary_large_image\" \/>\n<meta name=\"twitter:label1\" content=\"Szacowany czas czytania\" \/>\n\t<meta name=\"twitter:data1\" content=\"1 minuta\" \/>\n<script type=\"application\/ld+json\" class=\"yoast-schema-graph\">{\"@context\":\"https:\/\/schema.org\",\"@graph\":[{\"@type\":\"WebPage\",\"@id\":\"https:\/\/toidupakk.ee\/pl\/toode\/zestaw-obiadowy-gulasz-ziemniaczany-z-wolowina\/\",\"url\":\"https:\/\/toidupakk.ee\/pl\/toode\/zestaw-obiadowy-gulasz-ziemniaczany-z-wolowina\/\",\"name\":\"Zestaw obiadowy Gulasz ziemniaczany z wo\u0142owin\u0105\",\"isPartOf\":{\"@id\":\"https:\/\/toidupakk.ee\/pl\/#website\"},\"primaryImageOfPage\":{\"@id\":\"https:\/\/toidupakk.ee\/pl\/toode\/zestaw-obiadowy-gulasz-ziemniaczany-z-wolowina\/#primaryimage\"},\"image\":{\"@id\":\"https:\/\/toidupakk.ee\/pl\/toode\/zestaw-obiadowy-gulasz-ziemniaczany-z-wolowina\/#primaryimage\"},\"thumbnailUrl\":\"https:\/\/toidupakk.ee\/wp-content\/uploads\/2024\/06\/Kartulihautis-veiselihaga-toidukomplekt-1.png\",\"datePublished\":\"2024-06-10T09:25:52+00:00\",\"dateModified\":\"2026-04-03T22:01:39+00:00\",\"description\":\"Zestaw obiadowy Gulasz ziemniaczany z wo\u0142owin\u0105 zawiera: danie g\u0142\u00f3wne, pieczywo chrupkie, past\u0119 do kanapek, orzechy, czekolad\u0119, izotoniczny nap\u00f3j w proszku, herbat\u0119, wilgotn\u0105 chusteczk\u0119...\",\"breadcrumb\":{\"@id\":\"https:\/\/toidupakk.ee\/pl\/toode\/zestaw-obiadowy-gulasz-ziemniaczany-z-wolowina\/#breadcrumb\"},\"inLanguage\":\"pl-PL\",\"potentialAction\":[{\"@type\":\"ReadAction\",\"target\":[\"https:\/\/toidupakk.ee\/pl\/toode\/zestaw-obiadowy-gulasz-ziemniaczany-z-wolowina\/\"]}]},{\"@type\":\"ImageObject\",\"inLanguage\":\"pl-PL\",\"@id\":\"https:\/\/toidupakk.ee\/pl\/toode\/zestaw-obiadowy-gulasz-ziemniaczany-z-wolowina\/#primaryimage\",\"url\":\"https:\/\/toidupakk.ee\/wp-content\/uploads\/2024\/06\/Kartulihautis-veiselihaga-toidukomplekt-1.png\",\"contentUrl\":\"https:\/\/toidupakk.ee\/wp-content\/uploads\/2024\/06\/Kartulihautis-veiselihaga-toidukomplekt-1.png\",\"width\":800,\"height\":800,\"caption\":\"food force kartulihautis veiselihaga\"},{\"@type\":\"BreadcrumbList\",\"@id\":\"https:\/\/toidupakk.ee\/pl\/toode\/zestaw-obiadowy-gulasz-ziemniaczany-z-wolowina\/#breadcrumb\",\"itemListElement\":[{\"@type\":\"ListItem\",\"position\":1,\"name\":\"Avaleht\",\"item\":\"https:\/\/toidupakk.ee\/pl\/\"},{\"@type\":\"ListItem\",\"position\":2,\"name\":\"Sklep internetowy\",\"item\":\"https:\/\/toidupakk.ee\/pl\/sklep-internetowy\/\"},{\"@type\":\"ListItem\",\"position\":3,\"name\":\"Zestaw obiadowy Gulasz ziemniaczany z wo\u0142owin\u0105\"}]},{\"@type\":\"WebSite\",\"@id\":\"https:\/\/toidupakk.ee\/pl\/#website\",\"url\":\"https:\/\/toidupakk.ee\/pl\/\",\"name\":\"Toidupakk.ee - Tactical Foodpack toidupakid\",\"description\":\"Tactical Foodpack k\u00fclmkuivatatud toidupakid ja matkaeined\",\"publisher\":{\"@id\":\"https:\/\/toidupakk.ee\/pl\/#organization\"},\"potentialAction\":[{\"@type\":\"SearchAction\",\"target\":{\"@type\":\"EntryPoint\",\"urlTemplate\":\"https:\/\/toidupakk.ee\/pl\/?s={search_term_string}\"},\"query-input\":{\"@type\":\"PropertyValueSpecification\",\"valueRequired\":true,\"valueName\":\"search_term_string\"}}],\"inLanguage\":\"pl-PL\"},{\"@type\":\"Organization\",\"@id\":\"https:\/\/toidupakk.ee\/pl\/#organization\",\"name\":\"Tactical Foodpack matkaeined\",\"url\":\"https:\/\/toidupakk.ee\/pl\/\",\"logo\":{\"@type\":\"ImageObject\",\"inLanguage\":\"pl-PL\",\"@id\":\"https:\/\/toidupakk.ee\/pl\/#\/schema\/logo\/image\/\",\"url\":\"https:\/\/toidupakk.ee\/wp-content\/uploads\/2022\/01\/Toidupakk-matkapood-logo-transparent.png\",\"contentUrl\":\"https:\/\/toidupakk.ee\/wp-content\/uploads\/2022\/01\/Toidupakk-matkapood-logo-transparent.png\",\"width\":500,\"height\":500,\"caption\":\"Tactical Foodpack matkaeined\"},\"image\":{\"@id\":\"https:\/\/toidupakk.ee\/pl\/#\/schema\/logo\/image\/\"},\"sameAs\":[\"https:\/\/www.facebook.com\/Toidupakk\",\"https:\/\/www.instagram.com\/toidupakk\/\"]}]}<\/script>\n<!-- \/ Yoast SEO plugin. -->","yoast_head_json":{"title":"Zestaw obiadowy Gulasz ziemniaczany z wo\u0142owin\u0105","description":"Zestaw obiadowy Gulasz ziemniaczany z wo\u0142owin\u0105 zawiera: danie g\u0142\u00f3wne, pieczywo chrupkie, past\u0119 do kanapek, orzechy, czekolad\u0119, izotoniczny nap\u00f3j w proszku, herbat\u0119, wilgotn\u0105 chusteczk\u0119...","robots":{"index":"index","follow":"follow","max-snippet":"max-snippet:-1","max-image-preview":"max-image-preview:large","max-video-preview":"max-video-preview:-1"},"canonical":"https:\/\/toidupakk.ee\/pl\/toode\/zestaw-obiadowy-gulasz-ziemniaczany-z-wolowina\/","og_locale":"pl_PL","og_type":"article","og_title":"Zestaw obiadowy Gulasz ziemniaczany z wo\u0142owin\u0105","og_description":"Zestaw obiadowy Gulasz ziemniaczany z wo\u0142owin\u0105 zawiera: danie g\u0142\u00f3wne, pieczywo chrupkie, past\u0119 do kanapek, orzechy, czekolad\u0119, izotoniczny nap\u00f3j w proszku, herbat\u0119, wilgotn\u0105 chusteczk\u0119...","og_url":"https:\/\/toidupakk.ee\/pl\/toode\/zestaw-obiadowy-gulasz-ziemniaczany-z-wolowina\/","og_site_name":"Toidupakk.ee - Tactical Foodpack toidupakid","article_publisher":"https:\/\/www.facebook.com\/Toidupakk","article_modified_time":"2026-04-03T22:01:39+00:00","og_image":[{"width":800,"height":800,"url":"https:\/\/toidupakk.ee\/wp-content\/uploads\/2024\/06\/Kartulihautis-veiselihaga-toidukomplekt-1.png","type":"image\/png"}],"twitter_card":"summary_large_image","twitter_misc":{"Szacowany czas czytania":"1 minuta"},"schema":{"@context":"https:\/\/schema.org","@graph":[{"@type":"WebPage","@id":"https:\/\/toidupakk.ee\/pl\/toode\/zestaw-obiadowy-gulasz-ziemniaczany-z-wolowina\/","url":"https:\/\/toidupakk.ee\/pl\/toode\/zestaw-obiadowy-gulasz-ziemniaczany-z-wolowina\/","name":"Zestaw obiadowy Gulasz ziemniaczany z wo\u0142owin\u0105","isPartOf":{"@id":"https:\/\/toidupakk.ee\/pl\/#website"},"primaryImageOfPage":{"@id":"https:\/\/toidupakk.ee\/pl\/toode\/zestaw-obiadowy-gulasz-ziemniaczany-z-wolowina\/#primaryimage"},"image":{"@id":"https:\/\/toidupakk.ee\/pl\/toode\/zestaw-obiadowy-gulasz-ziemniaczany-z-wolowina\/#primaryimage"},"thumbnailUrl":"https:\/\/toidupakk.ee\/wp-content\/uploads\/2024\/06\/Kartulihautis-veiselihaga-toidukomplekt-1.png","datePublished":"2024-06-10T09:25:52+00:00","dateModified":"2026-04-03T22:01:39+00:00","description":"Zestaw obiadowy Gulasz ziemniaczany z wo\u0142owin\u0105 zawiera: danie g\u0142\u00f3wne, pieczywo chrupkie, past\u0119 do kanapek, orzechy, czekolad\u0119, izotoniczny nap\u00f3j w proszku, herbat\u0119, wilgotn\u0105 chusteczk\u0119...","breadcrumb":{"@id":"https:\/\/toidupakk.ee\/pl\/toode\/zestaw-obiadowy-gulasz-ziemniaczany-z-wolowina\/#breadcrumb"},"inLanguage":"pl-PL","potentialAction":[{"@type":"ReadAction","target":["https:\/\/toidupakk.ee\/pl\/toode\/zestaw-obiadowy-gulasz-ziemniaczany-z-wolowina\/"]}]},{"@type":"ImageObject","inLanguage":"pl-PL","@id":"https:\/\/toidupakk.ee\/pl\/toode\/zestaw-obiadowy-gulasz-ziemniaczany-z-wolowina\/#primaryimage","url":"https:\/\/toidupakk.ee\/wp-content\/uploads\/2024\/06\/Kartulihautis-veiselihaga-toidukomplekt-1.png","contentUrl":"https:\/\/toidupakk.ee\/wp-content\/uploads\/2024\/06\/Kartulihautis-veiselihaga-toidukomplekt-1.png","width":800,"height":800,"caption":"food force kartulihautis veiselihaga"},{"@type":"BreadcrumbList","@id":"https:\/\/toidupakk.ee\/pl\/toode\/zestaw-obiadowy-gulasz-ziemniaczany-z-wolowina\/#breadcrumb","itemListElement":[{"@type":"ListItem","position":1,"name":"Avaleht","item":"https:\/\/toidupakk.ee\/pl\/"},{"@type":"ListItem","position":2,"name":"Sklep internetowy","item":"https:\/\/toidupakk.ee\/pl\/sklep-internetowy\/"},{"@type":"ListItem","position":3,"name":"Zestaw obiadowy Gulasz ziemniaczany z wo\u0142owin\u0105"}]},{"@type":"WebSite","@id":"https:\/\/toidupakk.ee\/pl\/#website","url":"https:\/\/toidupakk.ee\/pl\/","name":"Toidupakk.ee - Tactical Foodpack toidupakid","description":"Tactical Foodpack k\u00fclmkuivatatud toidupakid ja matkaeined","publisher":{"@id":"https:\/\/toidupakk.ee\/pl\/#organization"},"potentialAction":[{"@type":"SearchAction","target":{"@type":"EntryPoint","urlTemplate":"https:\/\/toidupakk.ee\/pl\/?s={search_term_string}"},"query-input":{"@type":"PropertyValueSpecification","valueRequired":true,"valueName":"search_term_string"}}],"inLanguage":"pl-PL"},{"@type":"Organization","@id":"https:\/\/toidupakk.ee\/pl\/#organization","name":"Tactical Foodpack matkaeined","url":"https:\/\/toidupakk.ee\/pl\/","logo":{"@type":"ImageObject","inLanguage":"pl-PL","@id":"https:\/\/toidupakk.ee\/pl\/#\/schema\/logo\/image\/","url":"https:\/\/toidupakk.ee\/wp-content\/uploads\/2022\/01\/Toidupakk-matkapood-logo-transparent.png","contentUrl":"https:\/\/toidupakk.ee\/wp-content\/uploads\/2022\/01\/Toidupakk-matkapood-logo-transparent.png","width":500,"height":500,"caption":"Tactical Foodpack matkaeined"},"image":{"@id":"https:\/\/toidupakk.ee\/pl\/#\/schema\/logo\/image\/"},"sameAs":["https:\/\/www.facebook.com\/Toidupakk","https:\/\/www.instagram.com\/toidupakk\/"]}]}},"jetpack_sharing_enabled":true,"_links":{"self":[{"href":"https:\/\/toidupakk.ee\/pl\/wp-json\/wp\/v2\/product\/51837","targetHints":{"allow":["GET"]}}],"collection":[{"href":"https:\/\/toidupakk.ee\/pl\/wp-json\/wp\/v2\/product"}],"about":[{"href":"https:\/\/toidupakk.ee\/pl\/wp-json\/wp\/v2\/types\/product"}],"replies":[{"embeddable":true,"href":"https:\/\/toidupakk.ee\/pl\/wp-json\/wp\/v2\/comments?post=51837"}],"wp:featuredmedia":[{"embeddable":true,"href":"https:\/\/toidupakk.ee\/pl\/wp-json\/wp\/v2\/media\/23946"}],"wp:attachment":[{"href":"https:\/\/toidupakk.ee\/pl\/wp-json\/wp\/v2\/media?parent=51837"}],"wp:term":[{"taxonomy":"product_brand","embeddable":true,"href":"https:\/\/toidupakk.ee\/pl\/wp-json\/wp\/v2\/product_brand?post=51837"},{"taxonomy":"product_cat","embeddable":true,"href":"https:\/\/toidupakk.ee\/pl\/wp-json\/wp\/v2\/product_cat?post=51837"},{"taxonomy":"product_tag","embeddable":true,"href":"https:\/\/toidupakk.ee\/pl\/wp-json\/wp\/v2\/product_tag?post=51837"}],"curies":[{"name":"wp","href":"https:\/\/api.w.org\/{rel}","templated":true}]}}