{"id":51836,"date":"2024-05-27T15:25:51","date_gmt":"2024-05-27T12:25:51","guid":{"rendered":"https:\/\/toidupakk.ee\/toode\/kubek-termiczny-m-tac-450-ml\/"},"modified":"2026-04-15T22:31:12","modified_gmt":"2026-04-15T19:31:12","slug":"kubek-termiczny-m-tac-450-ml","status":"publish","type":"product","link":"https:\/\/toidupakk.ee\/pl\/toode\/kubek-termiczny-m-tac-450-ml\/","title":{"rendered":"Kubek termiczny M-Tac 450 ml"},"content":{"rendered":"<h1>Kubek termiczny M-Tac 450 ml \u2013 idealny towarzysz w terenie i w biurze<\/h1>\n<h2>Wszechstronny i wygodny<\/h2>\n<p>Szukasz kubka, kt\u00f3ry sprawdzi si\u0119 zar\u00f3wno podczas le\u015bnych przyg\u00f3d, jak i na biurku? <strong>Kubek termiczny M-Tac 450 ml<\/strong> powsta\u0142 w\u0142a\u015bnie dla Ciebie. Jego uniwersalny design jest idealny dla w\u0119drowc\u00f3w, kamper\u00f3w, mi\u0142o\u015bnik\u00f3w lasu, a tak\u017ce pracownik\u00f3w biurowych i kierowc\u00f3w. Niezale\u017cnie od tego, czy Twoim celem jest le\u015bna \u015bcie\u017cka, czy biuro, ten kubek termiczny spe\u0142ni wszystkie Twoje potrzeby.   <\/p>\n<h2><img fetchpriority=\"high\" decoding=\"async\" class=\"alignnone size-thumbnail wp-image-23264\" src=\"https:\/\/toidupakk.ee\/wp-content\/uploads\/2024\/05\/Termokruus-M-Tac-450ml-1-500x500.png\" alt=\"kubek termiczny z uchem\" width=\"500\" height=\"500\" srcset=\"https:\/\/toidupakk.ee\/wp-content\/uploads\/2024\/05\/Termokruus-M-Tac-450ml-1-500x500.png 500w, https:\/\/toidupakk.ee\/wp-content\/uploads\/2024\/05\/Termokruus-M-Tac-450ml-1-400x400.png 400w, https:\/\/toidupakk.ee\/wp-content\/uploads\/2024\/05\/Termokruus-M-Tac-450ml-1-100x100.png 100w, https:\/\/toidupakk.ee\/wp-content\/uploads\/2024\/05\/Termokruus-M-Tac-450ml-1-300x300.png 300w, https:\/\/toidupakk.ee\/wp-content\/uploads\/2024\/05\/Termokruus-M-Tac-450ml-1-768x768.png 768w, https:\/\/toidupakk.ee\/wp-content\/uploads\/2024\/05\/Termokruus-M-Tac-450ml-1.png 800w\" sizes=\"(max-width: 500px) 100vw, 500px\" \/><\/h2>\n<h2>Idealny kubek termiczny dla kierowc\u00f3w<\/h2>\n<p>Design <strong>kubka termicznego M-Tac<\/strong> pasuje do wi\u0119kszo\u015bci samochodowych uchwyt\u00f3w na napoje, co czyni go idealnym wyborem dla kierowc\u00f3w. Teraz mo\u017cesz cieszy\u0107 si\u0119 ulubionym napojem w drodze, nie martwi\u0105c si\u0119 o to, czy kubek si\u0119 zmie\u015bci. Ponadto jest to \u015bwietny towarzysz d\u0142u\u017cszych tras, pozwalaj\u0105cy cieszy\u0107 si\u0119 gor\u0105c\u0105 kaw\u0105 lub herbat\u0105 nawet podczas najd\u0142u\u017cszych podr\u00f3\u017cy.  <\/p>\n<h2>Optymalna izolacja<\/h2>\n<p>Warstwa <strong>izolacji pr\u00f3\u017cniowej<\/strong> mi\u0119dzy podw\u00f3jnymi \u015bciankami kubka sprawia, \u017ce Tw\u00f3j nap\u00f3j d\u0142u\u017cej pozostaje gor\u0105cy. Czy to gor\u0105ca kawa o \u015bwicie na szlaku, czy ciep\u0142a herbata w namiocie w ch\u0142odny wiecz\u00f3r \u2013 kubek termiczny M-Tac utrzyma temperatur\u0119 napoju dok\u0142adnie tak, jak lubisz. Dzi\u0119ki temu mo\u017cesz cieszy\u0107 si\u0119 napojem dok\u0142adnie takim, jaki powinien by\u0107, nie martwi\u0105c si\u0119, \u017ce zbyt szybko wystygnie.  <\/p>\n<h2><img decoding=\"async\" class=\"alignnone size-thumbnail wp-image-23265\" src=\"https:\/\/toidupakk.ee\/wp-content\/uploads\/2024\/05\/Termokruus-M-Tac-450ml-2-500x500.png\" alt=\"kubek m-tac\" width=\"500\" height=\"500\" srcset=\"https:\/\/toidupakk.ee\/wp-content\/uploads\/2024\/05\/Termokruus-M-Tac-450ml-2-500x500.png 500w, https:\/\/toidupakk.ee\/wp-content\/uploads\/2024\/05\/Termokruus-M-Tac-450ml-2-400x400.png 400w, https:\/\/toidupakk.ee\/wp-content\/uploads\/2024\/05\/Termokruus-M-Tac-450ml-2-100x100.png 100w, https:\/\/toidupakk.ee\/wp-content\/uploads\/2024\/05\/Termokruus-M-Tac-450ml-2-300x300.png 300w, https:\/\/toidupakk.ee\/wp-content\/uploads\/2024\/05\/Termokruus-M-Tac-450ml-2-768x768.png 768w, https:\/\/toidupakk.ee\/wp-content\/uploads\/2024\/05\/Termokruus-M-Tac-450ml-2.png 800w\" sizes=\"(max-width: 500px) 100vw, 500px\" \/><\/h2>\n<h2>Kubek termiczny jest wygodny i praktyczny<\/h2>\n<p>Szczeg\u00f3ln\u0105 uwag\u0119 po\u015bwi\u0119cono wygodzie u\u017cytkowania:<\/p>\n<ul>\n<li><strong>Wyj\u0105tkowo wygodne i por\u0119czne ucho<\/strong> zapewnia pewny chwyt. Ucho wykonane jest z tworzywa i posiada specjalne wy\u017c\u0142obienie na kciuk, co sprawia, \u017ce trzymanie kubka jest niezwykle komfortowe. <\/li>\n<li><strong>Hermetyczna pokrywka<\/strong> ze zintegrowanym ustnikiem pozwala na swobodne poruszanie si\u0119 bez obaw o rozlanie napoju. Pokrywka szczelnie przylega, utrzymuj\u0105c p\u0142yn bezpiecznie wewn\u0105trz nawet w ruchu. <\/li>\n<li>Na spodzie kubka znajduje si\u0119 <strong>pow\u0142oka antypo\u015blizgowa<\/strong>, kt\u00f3ra zapobiega przesuwaniu si\u0119 go po dowolnej powierzchni. Jest to szczeg\u00f3lnie przydatne w aucie, na \u0142odzi lub na nier\u00f3wnym pod\u0142o\u017cu. <\/li>\n<\/ul>\n<h2>Dane techniczne<\/h2>\n<ul>\n<li><strong>Pojemno\u015b\u0107<\/strong>: 450 ml<\/li>\n<li><strong>Waga<\/strong>: 220 gram\u00f3w<\/li>\n<li><strong>Materia\u0142<\/strong>: Wytrzyma\u0142a stal, kt\u00f3ra zapewnia d\u0142ug\u0105 \u017cywotno\u015b\u0107 i trwa\u0142o\u015b\u0107 kubka.<\/li>\n<li><strong>Cechy szczeg\u00f3lne<\/strong>: Podw\u00f3jne \u015bcianki, warstwa izolacji pr\u00f3\u017cniowej, hermetyczna pokrywka, pow\u0142oka antypo\u015blizgowa.<\/li>\n<\/ul>\n<p><img decoding=\"async\" class=\"size-thumbnail wp-image-23266\" src=\"https:\/\/toidupakk.ee\/wp-content\/uploads\/2024\/05\/Termokruus-M-Tac-450ml-3-500x500.png\" alt=\"\" width=\"500\" height=\"500\" srcset=\"https:\/\/toidupakk.ee\/wp-content\/uploads\/2024\/05\/Termokruus-M-Tac-450ml-3-500x500.png 500w, https:\/\/toidupakk.ee\/wp-content\/uploads\/2024\/05\/Termokruus-M-Tac-450ml-3-400x400.png 400w, https:\/\/toidupakk.ee\/wp-content\/uploads\/2024\/05\/Termokruus-M-Tac-450ml-3-100x100.png 100w, https:\/\/toidupakk.ee\/wp-content\/uploads\/2024\/05\/Termokruus-M-Tac-450ml-3-300x300.png 300w, https:\/\/toidupakk.ee\/wp-content\/uploads\/2024\/05\/Termokruus-M-Tac-450ml-3-768x768.png 768w, https:\/\/toidupakk.ee\/wp-content\/uploads\/2024\/05\/Termokruus-M-Tac-450ml-3.png 800w\" sizes=\"(max-width: 500px) 100vw, 500px\" \/><\/p>\n<h2>Kubek termiczny M-Tac \u2013 Tw\u00f3j niezawodny towarzysz<\/h2>\n<p><strong>Kubek termiczny M-Tac 450 ml<\/strong> to idealny towarzysz w ka\u017cdej sytuacji. Jest praktyczny, wygodny i wytrzyma\u0142y \u2013 stworzony, by s\u0142u\u017cy\u0107 Ci d\u0142ugo i dobrze. Niezale\u017cnie od tego, czy Twoim celem jest las, biuro czy trasa, ten kubek sprawi, \u017ce zawsze b\u0119dziesz mie\u0107 pod r\u0119k\u0105 ciep\u0142y nap\u00f3j. Design i w\u0142a\u015bciwo\u015bci kubka termicznego czyni\u0105 go idealnym wyborem dla ka\u017cdego, kto ceni jako\u015b\u0107 i praktyczno\u015b\u0107.   <\/p>\n<p>Zam\u00f3w sw\u00f3j <strong>kubek termiczny M-Tac 450 ml<\/strong> ju\u017c dzi\u015b i ciesz si\u0119 ka\u017cd\u0105 przygod\u0105 w pe\u0142nym komforcie! Ten kubek jest nie tylko praktyczny, ale tak\u017ce stylowy i trwa\u0142y, co czyni go \u015bwietn\u0105 inwestycj\u0105 w ekwipunek ka\u017cdego mi\u0142o\u015bnika natury i w\u0119dr\u00f3wek. Kup sw\u00f3j kubek termiczny M-Tac i ciesz si\u0119 ciep\u0142ym napojem zawsze i wsz\u0119dzie.  <\/p>\n<p>Zobacz wi\u0119cej akcesori\u00f3w turystycznych <a href=\"https:\/\/toidupakk.ee\/pl\/tootekategooria\/sprzet-turystyczny\/#section-3-79\">TUTAJ<\/a><\/p>\n<p>Znajd\u017a inspiracj\u0119 na kolejne przygody na <a href=\"https:\/\/www.instagram.com\/toidupakk\/\">Instagramie<\/a> i <a href=\"https:\/\/www.facebook.com\/Toidupakk\/\">Facebooku<\/a> Toidupakk.<\/p>\n","protected":false},"excerpt":{"rendered":"<p><strong>Kubek termiczny w kolorze oliwkowym, aby\u015b m\u00f3g\u0142 cieszy\u0107 si\u0119 gor\u0105c\u0105 porann\u0105 kaw\u0105 jak najd\u0142u\u017cej<\/strong><\/p>\n<ul>\n<li>Uniwersalny design, kt\u00f3ry pasuje zar\u00f3wno do lasu, jak i do biura<\/li>\n<li>\u015awietny wyb\u00f3r dla kierowc\u00f3w \u2013 kubek mie\u015bci si\u0119 w (wi\u0119kszo\u015bci) samochodowych uchwyt\u00f3w na napoje<\/li>\n<li>Mi\u0119dzy podw\u00f3jnymi \u015bciankami kubka znajduje si\u0119 warstwa izolacji pr\u00f3\u017cniowej, kt\u00f3ra pomaga utrzyma\u0107 temperatur\u0119 napoju przez d\u0142u\u017cszy czas<\/li>\n<li>Wyj\u0105tkowo wygodne i por\u0119czne ucho<\/li>\n<li>Hermetyczna pokrywka<\/li>\n<li>Antypo\u015blizgowa pow\u0142oka na spodzie<\/li>\n<li>Kubek ma pojemno\u015b\u0107 450 ml<\/li>\n<li>Waga 220 gram\u00f3w<\/li>\n<\/ul>\n<p>\u2705 Dost\u0119pne w magazynie, szybka dostawa w 1\u20133 dni robocze<\/p>\n","protected":false},"featured_media":23264,"comment_status":"open","ping_status":"closed","template":"","meta":{"_acf_changed":false},"product_brand":[],"product_cat":[303,326,301,354],"product_tag":[],"class_list":{"0":"post-51836","1":"product","2":"type-product","3":"status-publish","4":"has-post-thumbnail","6":"product_cat-akcesoria-turystyczne","7":"product_cat-produkty-zimowe","8":"product_cat-sprzet-turystyczny","9":"product_cat-sztucce","11":"first","12":"instock","13":"taxable","14":"shipping-taxable","15":"purchasable","16":"product-type-simple"},"bundled_by":[],"bundle_stock_status":"instock","bundle_stock_quantity":2,"bundle_virtual":false,"bundle_layout":"","bundle_add_to_cart_form_location":"","bundle_editable_in_cart":false,"bundle_sold_individually_context":"","bundle_item_grouping":"","bundle_min_size":"","bundle_max_size":"","bundle_price":[],"bundled_items":[],"bundle_sell_ids":[],"acf":[],"yoast_head":"<!-- This site is optimized with the Yoast SEO plugin v27.3 - https:\/\/yoast.com\/product\/yoast-seo-wordpress\/ -->\n<title>Kubek termiczny M-Tac 450 ml<\/title>\n<meta name=\"description\" content=\"Kubek termiczny M-Tac posiada podw\u00f3jne \u015bcianki z izolacj\u0105 pr\u00f3\u017cniow\u0105 i hermetyczn\u0105 pokrywk\u0119, dzi\u0119ki czemu Tw\u00f3j nap\u00f3j d\u0142ugo pozostaje ciep\u0142y. Kubek mie\u015bci si\u0119 w uchwycie samochodowym.\" \/>\n<meta name=\"robots\" content=\"index, follow, max-snippet:-1, max-image-preview:large, max-video-preview:-1\" \/>\n<link rel=\"canonical\" href=\"https:\/\/toidupakk.ee\/pl\/toode\/kubek-termiczny-m-tac-450-ml\/\" \/>\n<meta property=\"og:locale\" content=\"pl_PL\" \/>\n<meta property=\"og:type\" content=\"article\" \/>\n<meta property=\"og:title\" content=\"Kubek termiczny M-Tac 450 ml\" \/>\n<meta property=\"og:description\" content=\"Kubek termiczny M-Tac posiada podw\u00f3jne \u015bcianki z izolacj\u0105 pr\u00f3\u017cniow\u0105 i hermetyczn\u0105 pokrywk\u0119, dzi\u0119ki czemu Tw\u00f3j nap\u00f3j d\u0142ugo pozostaje ciep\u0142y. Kubek mie\u015bci si\u0119 w uchwycie samochodowym.\" \/>\n<meta property=\"og:url\" content=\"https:\/\/toidupakk.ee\/pl\/toode\/kubek-termiczny-m-tac-450-ml\/\" \/>\n<meta property=\"og:site_name\" content=\"Toidupakk.ee - Tactical Foodpack toidupakid\" \/>\n<meta property=\"article:publisher\" content=\"https:\/\/www.facebook.com\/Toidupakk\" \/>\n<meta property=\"article:modified_time\" content=\"2026-04-15T19:31:12+00:00\" \/>\n<meta property=\"og:image\" content=\"https:\/\/toidupakk.ee\/wp-content\/uploads\/2024\/05\/Termokruus-M-Tac-450ml-1.png\" \/>\n\t<meta property=\"og:image:width\" content=\"800\" \/>\n\t<meta property=\"og:image:height\" content=\"800\" \/>\n\t<meta property=\"og:image:type\" content=\"image\/png\" \/>\n<meta name=\"twitter:card\" content=\"summary_large_image\" \/>\n<meta name=\"twitter:label1\" content=\"Szacowany czas czytania\" \/>\n\t<meta name=\"twitter:data1\" content=\"3 minuty\" \/>\n<script type=\"application\/ld+json\" class=\"yoast-schema-graph\">{\"@context\":\"https:\\\/\\\/schema.org\",\"@graph\":[{\"@type\":\"WebPage\",\"@id\":\"https:\\\/\\\/toidupakk.ee\\\/pl\\\/toode\\\/kubek-termiczny-m-tac-450-ml\\\/\",\"url\":\"https:\\\/\\\/toidupakk.ee\\\/pl\\\/toode\\\/kubek-termiczny-m-tac-450-ml\\\/\",\"name\":\"Kubek termiczny M-Tac 450 ml\",\"isPartOf\":{\"@id\":\"https:\\\/\\\/toidupakk.ee\\\/pl\\\/#website\"},\"primaryImageOfPage\":{\"@id\":\"https:\\\/\\\/toidupakk.ee\\\/pl\\\/toode\\\/kubek-termiczny-m-tac-450-ml\\\/#primaryimage\"},\"image\":{\"@id\":\"https:\\\/\\\/toidupakk.ee\\\/pl\\\/toode\\\/kubek-termiczny-m-tac-450-ml\\\/#primaryimage\"},\"thumbnailUrl\":\"https:\\\/\\\/toidupakk.ee\\\/wp-content\\\/uploads\\\/2024\\\/05\\\/Termokruus-M-Tac-450ml-1.png\",\"datePublished\":\"2024-05-27T12:25:51+00:00\",\"dateModified\":\"2026-04-15T19:31:12+00:00\",\"description\":\"Kubek termiczny M-Tac posiada podw\u00f3jne \u015bcianki z izolacj\u0105 pr\u00f3\u017cniow\u0105 i hermetyczn\u0105 pokrywk\u0119, dzi\u0119ki czemu Tw\u00f3j nap\u00f3j d\u0142ugo pozostaje ciep\u0142y. Kubek mie\u015bci si\u0119 w uchwycie samochodowym.\",\"breadcrumb\":{\"@id\":\"https:\\\/\\\/toidupakk.ee\\\/pl\\\/toode\\\/kubek-termiczny-m-tac-450-ml\\\/#breadcrumb\"},\"inLanguage\":\"pl-PL\",\"potentialAction\":[{\"@type\":\"ReadAction\",\"target\":[\"https:\\\/\\\/toidupakk.ee\\\/pl\\\/toode\\\/kubek-termiczny-m-tac-450-ml\\\/\"]}]},{\"@type\":\"ImageObject\",\"inLanguage\":\"pl-PL\",\"@id\":\"https:\\\/\\\/toidupakk.ee\\\/pl\\\/toode\\\/kubek-termiczny-m-tac-450-ml\\\/#primaryimage\",\"url\":\"https:\\\/\\\/toidupakk.ee\\\/wp-content\\\/uploads\\\/2024\\\/05\\\/Termokruus-M-Tac-450ml-1.png\",\"contentUrl\":\"https:\\\/\\\/toidupakk.ee\\\/wp-content\\\/uploads\\\/2024\\\/05\\\/Termokruus-M-Tac-450ml-1.png\",\"width\":800,\"height\":800,\"caption\":\"termokruus sangaga\"},{\"@type\":\"BreadcrumbList\",\"@id\":\"https:\\\/\\\/toidupakk.ee\\\/pl\\\/toode\\\/kubek-termiczny-m-tac-450-ml\\\/#breadcrumb\",\"itemListElement\":[{\"@type\":\"ListItem\",\"position\":1,\"name\":\"Avaleht\",\"item\":\"https:\\\/\\\/toidupakk.ee\\\/pl\\\/\"},{\"@type\":\"ListItem\",\"position\":2,\"name\":\"Sklep internetowy\",\"item\":\"https:\\\/\\\/toidupakk.ee\\\/pl\\\/sklep-internetowy\\\/\"},{\"@type\":\"ListItem\",\"position\":3,\"name\":\"Kubek termiczny M-Tac 450 ml\"}]},{\"@type\":\"WebSite\",\"@id\":\"https:\\\/\\\/toidupakk.ee\\\/pl\\\/#website\",\"url\":\"https:\\\/\\\/toidupakk.ee\\\/pl\\\/\",\"name\":\"Toidupakk.ee - Tactical Foodpack toidupakid\",\"description\":\"Tactical Foodpack k\u00fclmkuivatatud toidupakid ja matkaeined\",\"publisher\":{\"@id\":\"https:\\\/\\\/toidupakk.ee\\\/pl\\\/#organization\"},\"potentialAction\":[{\"@type\":\"SearchAction\",\"target\":{\"@type\":\"EntryPoint\",\"urlTemplate\":\"https:\\\/\\\/toidupakk.ee\\\/pl\\\/?s={search_term_string}\"},\"query-input\":{\"@type\":\"PropertyValueSpecification\",\"valueRequired\":true,\"valueName\":\"search_term_string\"}}],\"inLanguage\":\"pl-PL\"},{\"@type\":\"Organization\",\"@id\":\"https:\\\/\\\/toidupakk.ee\\\/pl\\\/#organization\",\"name\":\"Tactical Foodpack matkaeined\",\"url\":\"https:\\\/\\\/toidupakk.ee\\\/pl\\\/\",\"logo\":{\"@type\":\"ImageObject\",\"inLanguage\":\"pl-PL\",\"@id\":\"https:\\\/\\\/toidupakk.ee\\\/pl\\\/#\\\/schema\\\/logo\\\/image\\\/\",\"url\":\"https:\\\/\\\/toidupakk.ee\\\/wp-content\\\/uploads\\\/2022\\\/01\\\/Toidupakk-matkapood-logo-transparent.png\",\"contentUrl\":\"https:\\\/\\\/toidupakk.ee\\\/wp-content\\\/uploads\\\/2022\\\/01\\\/Toidupakk-matkapood-logo-transparent.png\",\"width\":500,\"height\":500,\"caption\":\"Tactical Foodpack matkaeined\"},\"image\":{\"@id\":\"https:\\\/\\\/toidupakk.ee\\\/pl\\\/#\\\/schema\\\/logo\\\/image\\\/\"},\"sameAs\":[\"https:\\\/\\\/www.facebook.com\\\/Toidupakk\",\"https:\\\/\\\/www.instagram.com\\\/toidupakk\\\/\"]}]}<\/script>\n<!-- \/ Yoast SEO plugin. -->","yoast_head_json":{"title":"Kubek termiczny M-Tac 450 ml","description":"Kubek termiczny M-Tac posiada podw\u00f3jne \u015bcianki z izolacj\u0105 pr\u00f3\u017cniow\u0105 i hermetyczn\u0105 pokrywk\u0119, dzi\u0119ki czemu Tw\u00f3j nap\u00f3j d\u0142ugo pozostaje ciep\u0142y. Kubek mie\u015bci si\u0119 w uchwycie samochodowym.","robots":{"index":"index","follow":"follow","max-snippet":"max-snippet:-1","max-image-preview":"max-image-preview:large","max-video-preview":"max-video-preview:-1"},"canonical":"https:\/\/toidupakk.ee\/pl\/toode\/kubek-termiczny-m-tac-450-ml\/","og_locale":"pl_PL","og_type":"article","og_title":"Kubek termiczny M-Tac 450 ml","og_description":"Kubek termiczny M-Tac posiada podw\u00f3jne \u015bcianki z izolacj\u0105 pr\u00f3\u017cniow\u0105 i hermetyczn\u0105 pokrywk\u0119, dzi\u0119ki czemu Tw\u00f3j nap\u00f3j d\u0142ugo pozostaje ciep\u0142y. Kubek mie\u015bci si\u0119 w uchwycie samochodowym.","og_url":"https:\/\/toidupakk.ee\/pl\/toode\/kubek-termiczny-m-tac-450-ml\/","og_site_name":"Toidupakk.ee - Tactical Foodpack toidupakid","article_publisher":"https:\/\/www.facebook.com\/Toidupakk","article_modified_time":"2026-04-15T19:31:12+00:00","og_image":[{"width":800,"height":800,"url":"https:\/\/toidupakk.ee\/wp-content\/uploads\/2024\/05\/Termokruus-M-Tac-450ml-1.png","type":"image\/png"}],"twitter_card":"summary_large_image","twitter_misc":{"Szacowany czas czytania":"3 minuty"},"schema":{"@context":"https:\/\/schema.org","@graph":[{"@type":"WebPage","@id":"https:\/\/toidupakk.ee\/pl\/toode\/kubek-termiczny-m-tac-450-ml\/","url":"https:\/\/toidupakk.ee\/pl\/toode\/kubek-termiczny-m-tac-450-ml\/","name":"Kubek termiczny M-Tac 450 ml","isPartOf":{"@id":"https:\/\/toidupakk.ee\/pl\/#website"},"primaryImageOfPage":{"@id":"https:\/\/toidupakk.ee\/pl\/toode\/kubek-termiczny-m-tac-450-ml\/#primaryimage"},"image":{"@id":"https:\/\/toidupakk.ee\/pl\/toode\/kubek-termiczny-m-tac-450-ml\/#primaryimage"},"thumbnailUrl":"https:\/\/toidupakk.ee\/wp-content\/uploads\/2024\/05\/Termokruus-M-Tac-450ml-1.png","datePublished":"2024-05-27T12:25:51+00:00","dateModified":"2026-04-15T19:31:12+00:00","description":"Kubek termiczny M-Tac posiada podw\u00f3jne \u015bcianki z izolacj\u0105 pr\u00f3\u017cniow\u0105 i hermetyczn\u0105 pokrywk\u0119, dzi\u0119ki czemu Tw\u00f3j nap\u00f3j d\u0142ugo pozostaje ciep\u0142y. Kubek mie\u015bci si\u0119 w uchwycie samochodowym.","breadcrumb":{"@id":"https:\/\/toidupakk.ee\/pl\/toode\/kubek-termiczny-m-tac-450-ml\/#breadcrumb"},"inLanguage":"pl-PL","potentialAction":[{"@type":"ReadAction","target":["https:\/\/toidupakk.ee\/pl\/toode\/kubek-termiczny-m-tac-450-ml\/"]}]},{"@type":"ImageObject","inLanguage":"pl-PL","@id":"https:\/\/toidupakk.ee\/pl\/toode\/kubek-termiczny-m-tac-450-ml\/#primaryimage","url":"https:\/\/toidupakk.ee\/wp-content\/uploads\/2024\/05\/Termokruus-M-Tac-450ml-1.png","contentUrl":"https:\/\/toidupakk.ee\/wp-content\/uploads\/2024\/05\/Termokruus-M-Tac-450ml-1.png","width":800,"height":800,"caption":"termokruus sangaga"},{"@type":"BreadcrumbList","@id":"https:\/\/toidupakk.ee\/pl\/toode\/kubek-termiczny-m-tac-450-ml\/#breadcrumb","itemListElement":[{"@type":"ListItem","position":1,"name":"Avaleht","item":"https:\/\/toidupakk.ee\/pl\/"},{"@type":"ListItem","position":2,"name":"Sklep internetowy","item":"https:\/\/toidupakk.ee\/pl\/sklep-internetowy\/"},{"@type":"ListItem","position":3,"name":"Kubek termiczny M-Tac 450 ml"}]},{"@type":"WebSite","@id":"https:\/\/toidupakk.ee\/pl\/#website","url":"https:\/\/toidupakk.ee\/pl\/","name":"Toidupakk.ee - Tactical Foodpack toidupakid","description":"Tactical Foodpack k\u00fclmkuivatatud toidupakid ja matkaeined","publisher":{"@id":"https:\/\/toidupakk.ee\/pl\/#organization"},"potentialAction":[{"@type":"SearchAction","target":{"@type":"EntryPoint","urlTemplate":"https:\/\/toidupakk.ee\/pl\/?s={search_term_string}"},"query-input":{"@type":"PropertyValueSpecification","valueRequired":true,"valueName":"search_term_string"}}],"inLanguage":"pl-PL"},{"@type":"Organization","@id":"https:\/\/toidupakk.ee\/pl\/#organization","name":"Tactical Foodpack matkaeined","url":"https:\/\/toidupakk.ee\/pl\/","logo":{"@type":"ImageObject","inLanguage":"pl-PL","@id":"https:\/\/toidupakk.ee\/pl\/#\/schema\/logo\/image\/","url":"https:\/\/toidupakk.ee\/wp-content\/uploads\/2022\/01\/Toidupakk-matkapood-logo-transparent.png","contentUrl":"https:\/\/toidupakk.ee\/wp-content\/uploads\/2022\/01\/Toidupakk-matkapood-logo-transparent.png","width":500,"height":500,"caption":"Tactical Foodpack matkaeined"},"image":{"@id":"https:\/\/toidupakk.ee\/pl\/#\/schema\/logo\/image\/"},"sameAs":["https:\/\/www.facebook.com\/Toidupakk","https:\/\/www.instagram.com\/toidupakk\/"]}]}},"jetpack_sharing_enabled":true,"_links":{"self":[{"href":"https:\/\/toidupakk.ee\/pl\/wp-json\/wp\/v2\/product\/51836","targetHints":{"allow":["GET"]}}],"collection":[{"href":"https:\/\/toidupakk.ee\/pl\/wp-json\/wp\/v2\/product"}],"about":[{"href":"https:\/\/toidupakk.ee\/pl\/wp-json\/wp\/v2\/types\/product"}],"replies":[{"embeddable":true,"href":"https:\/\/toidupakk.ee\/pl\/wp-json\/wp\/v2\/comments?post=51836"}],"wp:featuredmedia":[{"embeddable":true,"href":"https:\/\/toidupakk.ee\/pl\/wp-json\/wp\/v2\/media\/23264"}],"wp:attachment":[{"href":"https:\/\/toidupakk.ee\/pl\/wp-json\/wp\/v2\/media?parent=51836"}],"wp:term":[{"taxonomy":"product_brand","embeddable":true,"href":"https:\/\/toidupakk.ee\/pl\/wp-json\/wp\/v2\/product_brand?post=51836"},{"taxonomy":"product_cat","embeddable":true,"href":"https:\/\/toidupakk.ee\/pl\/wp-json\/wp\/v2\/product_cat?post=51836"},{"taxonomy":"product_tag","embeddable":true,"href":"https:\/\/toidupakk.ee\/pl\/wp-json\/wp\/v2\/product_tag?post=51836"}],"curies":[{"name":"wp","href":"https:\/\/api.w.org\/{rel}","templated":true}]}}