{"id":51768,"date":"2024-05-27T15:18:58","date_gmt":"2024-05-27T12:18:58","guid":{"rendered":"https:\/\/toidupakk.ee\/toode\/skladana-butelka-na-wode-500-ml\/"},"modified":"2026-04-21T12:00:03","modified_gmt":"2026-04-21T09:00:03","slug":"skladana-butelka-na-wode-500-ml","status":"publish","type":"product","link":"https:\/\/toidupakk.ee\/pl\/toode\/skladana-butelka-na-wode-500-ml\/","title":{"rendered":"Sk\u0142adana butelka na wod\u0119 500 ml"},"content":{"rendered":"<h1>Praktyczna i ekologiczna butelka na wod\u0119 \u2013 idealna towarzyszka Twojego aktywnego stylu \u017cycia<\/h1>\n<h2>Sk\u0142adana butelka na wod\u0119 500 ml<\/h2>\n<p>Sk\u0142adana butelka na wod\u0119 to idealne rozwi\u0105zanie dla w\u0119drowc\u00f3w, w\u0119dkarzy, obozowicz\u00f3w, rowerzyst\u00f3w i sportowc\u00f3w, kt\u00f3rzy ceni\u0105 wygod\u0119, kompaktowo\u015b\u0107 i ekologi\u0119. Ta praktyczna butelka mie\u015bci 500 ml wody i jest wykonana z bezpiecznego TPU, co zapewnia jej trwa\u0142o\u015b\u0107 i bezpiecze\u0144stwo. <\/p>\n<h2><strong>Kompaktowa i lekka<\/strong>:<\/h2>\n<ul>\n<li>Butelk\u0119 mo\u017cna z\u0142o\u017cy\u0107, oszcz\u0119dzaj\u0105c w ten spos\u00f3b cenne miejsce w torbie lub plecaku.<\/li>\n<li>Wa\u017cy tylko 45 gram\u00f3w, dzi\u0119ki czemu jej noszenie jest niezwykle wygodne i \u0142atwe.<\/li>\n<\/ul>\n<p><img fetchpriority=\"high\" decoding=\"async\" class=\"size-thumbnail wp-image-23226 alignright\" src=\"https:\/\/toidupakk.ee\/wp-content\/uploads\/2024\/05\/Kokkuvolditav-veepudel-500ml-3-500x500.png\" alt=\"mi\u0119kka butelka na wod\u0119\" width=\"500\" height=\"500\" srcset=\"https:\/\/toidupakk.ee\/wp-content\/uploads\/2024\/05\/Kokkuvolditav-veepudel-500ml-3-500x500.png 500w, https:\/\/toidupakk.ee\/wp-content\/uploads\/2024\/05\/Kokkuvolditav-veepudel-500ml-3-400x400.png 400w, https:\/\/toidupakk.ee\/wp-content\/uploads\/2024\/05\/Kokkuvolditav-veepudel-500ml-3-100x100.png 100w, https:\/\/toidupakk.ee\/wp-content\/uploads\/2024\/05\/Kokkuvolditav-veepudel-500ml-3-300x300.png 300w, https:\/\/toidupakk.ee\/wp-content\/uploads\/2024\/05\/Kokkuvolditav-veepudel-500ml-3-768x768.png 768w, https:\/\/toidupakk.ee\/wp-content\/uploads\/2024\/05\/Kokkuvolditav-veepudel-500ml-3.png 800w\" sizes=\"(max-width: 500px) 100vw, 500px\" \/><\/p>\n<h2><strong>Sk\u0142adana butelka na wod\u0119 jest wykonana z bezpiecznego i ekologicznego materia\u0142u:<\/strong><\/h2>\n<ul>\n<li>Wykonana z bezpiecznego TPU (termoplastycznego poliuretanu), kt\u00f3ry nie zawiera BPA ani PVC.<\/li>\n<li>TPU to ekologiczny wyb\u00f3r, poniewa\u017c nadaje si\u0119 do recyklingu i jest mniej szkodliwy dla \u015brodowiska ni\u017c tradycyjne tworzywa sztuczne.<\/li>\n<\/ul>\n<h2><strong>Idealne zastosowania<\/strong>:<\/h2>\n<ul>\n<li><strong>W\u0119dr\u00f3wki i kemping<\/strong>: Butelka mie\u015bci wystarczaj\u0105co du\u017co wody, aby zapewni\u0107 orze\u017awienie po ci\u0119\u017ckim dniu na szlaku lub kempingu.<\/li>\n<li><strong>Jazda na rowerze i sport<\/strong>: Niska waga i kompaktowa konstrukcja sprawiaj\u0105, \u017ce to idealny wyb\u00f3r na rower i treningi.<\/li>\n<li><strong>Podr\u00f3\u017ce i codzienne u\u017cytkowanie<\/strong>: \u015awietnie nadaje si\u0119 do podr\u00f3\u017cy i na co dzie\u0144, gdy chcesz mie\u0107 butelk\u0119 wody zawsze przy sobie.<\/li>\n<\/ul>\n<p><img decoding=\"async\" class=\"alignnone size-thumbnail wp-image-23224\" src=\"https:\/\/toidupakk.ee\/wp-content\/uploads\/2024\/05\/Kokkuvolditav-veepudel-500ml-1-500x500.png\" alt=\"sk\u0142adana butelka do picia\" width=\"500\" height=\"500\" srcset=\"https:\/\/toidupakk.ee\/wp-content\/uploads\/2024\/05\/Kokkuvolditav-veepudel-500ml-1-500x500.png 500w, https:\/\/toidupakk.ee\/wp-content\/uploads\/2024\/05\/Kokkuvolditav-veepudel-500ml-1-400x400.png 400w, https:\/\/toidupakk.ee\/wp-content\/uploads\/2024\/05\/Kokkuvolditav-veepudel-500ml-1-100x100.png 100w, https:\/\/toidupakk.ee\/wp-content\/uploads\/2024\/05\/Kokkuvolditav-veepudel-500ml-1-300x300.png 300w, https:\/\/toidupakk.ee\/wp-content\/uploads\/2024\/05\/Kokkuvolditav-veepudel-500ml-1-768x768.png 768w, https:\/\/toidupakk.ee\/wp-content\/uploads\/2024\/05\/Kokkuvolditav-veepudel-500ml-1.png 800w\" sizes=\"(max-width: 500px) 100vw, 500px\" \/><\/p>\n<p>Sk\u0142adana butelka na wod\u0119 to najlepszy wyb\u00f3r dla os\u00f3b szukaj\u0105cych wygodnego i ekologicznego rozwi\u0105zania do przenoszenia wody. Zam\u00f3w teraz i ciesz si\u0119 zaletami tej wszechstronnej butelki! <\/p>\n<h2>Dane techniczne:<\/h2>\n<ul>\n<li><strong>Pojemno\u015b\u0107<\/strong>: 500 ml<\/li>\n<li><strong>Waga<\/strong>: 45 gram\u00f3w<\/li>\n<li><strong>Materia\u0142<\/strong>: Bezpieczne TPU (termoplastyczny poliuretan)<\/li>\n<\/ul>\n<p>Zobacz wi\u0119cej akcesori\u00f3w turystycznych <a href=\"https:\/\/toidupakk.ee\/pl\/tootekategooria\/sprzet-turystyczny\/#section-3-79\">TUTAJ<\/a><\/p>\n<p>Znajd\u017a inspiracj\u0119 na kolejne przygody na <a href=\"https:\/\/www.instagram.com\/toidupakk\/\">Instagramie<\/a> i <a href=\"https:\/\/www.facebook.com\/Toidupakk\/\">Facebooku<\/a> Toidupakk.<\/p>\n","protected":false},"excerpt":{"rendered":"<p><strong>Praktyczna i ekologiczna sk\u0142adana butelka do picia<\/strong><\/p>\n<ul>\n<li>Butelka na wod\u0119, kt\u00f3r\u0105 mo\u017cna z\u0142o\u017cy\u0107. Dzi\u0119ki temu nie musisz marnowa\u0107 cennego miejsca w torbie na pust\u0105 butelk\u0119. <\/li>\n<li>Mie\u015bci 500 ml<\/li>\n<li>Wa\u017cy tylko 45 gram\u00f3w<\/li>\n<li>Wykonana z bezpiecznego TPU<\/li>\n<\/ul>\n<p>\u2705 Dost\u0119pne w magazynie, szybka dostawa w 1\u20133 dni robocze<\/p>\n","protected":false},"featured_media":23226,"comment_status":"open","ping_status":"closed","template":"","meta":{"_acf_changed":false},"product_brand":[],"product_cat":[303,301,308],"product_tag":[],"class_list":{"0":"post-51768","1":"product","2":"type-product","3":"status-publish","4":"has-post-thumbnail","6":"product_cat-akcesoria-turystyczne","7":"product_cat-sprzet-turystyczny","8":"product_cat-termosy-i-butelki","10":"first","11":"instock","12":"taxable","13":"shipping-taxable","14":"purchasable","15":"product-type-simple"},"bundled_by":[],"bundle_stock_status":"instock","bundle_stock_quantity":1,"bundle_virtual":false,"bundle_layout":"","bundle_add_to_cart_form_location":"","bundle_editable_in_cart":false,"bundle_sold_individually_context":"","bundle_item_grouping":"","bundle_min_size":"","bundle_max_size":"","bundle_price":[],"bundled_items":[],"bundle_sell_ids":[],"acf":[],"yoast_head":"<!-- This site is optimized with the Yoast SEO plugin v27.3 - https:\/\/yoast.com\/product\/yoast-seo-wordpress\/ -->\n<title>Sk\u0142adana butelka na wod\u0119 500 ml<\/title>\n<meta name=\"description\" content=\"Ekologiczna sk\u0142adana butelka na wod\u0119. Mie\u015bci 500 ml i jest wykonana z bezpiecznego TPU (termoplastycznego poliuretanu).\" \/>\n<meta name=\"robots\" content=\"index, follow, max-snippet:-1, max-image-preview:large, max-video-preview:-1\" \/>\n<link rel=\"canonical\" href=\"https:\/\/toidupakk.ee\/pl\/toode\/skladana-butelka-na-wode-500-ml\/\" \/>\n<meta property=\"og:locale\" content=\"pl_PL\" \/>\n<meta property=\"og:type\" content=\"article\" \/>\n<meta property=\"og:title\" content=\"Sk\u0142adana butelka na wod\u0119 500 ml\" \/>\n<meta property=\"og:description\" content=\"Ekologiczna sk\u0142adana butelka na wod\u0119. Mie\u015bci 500 ml i jest wykonana z bezpiecznego TPU (termoplastycznego poliuretanu).\" \/>\n<meta property=\"og:url\" content=\"https:\/\/toidupakk.ee\/pl\/toode\/skladana-butelka-na-wode-500-ml\/\" \/>\n<meta property=\"og:site_name\" content=\"Toidupakk.ee - Tactical Foodpack toidupakid\" \/>\n<meta property=\"article:publisher\" content=\"https:\/\/www.facebook.com\/Toidupakk\" \/>\n<meta property=\"article:modified_time\" content=\"2026-04-21T09:00:03+00:00\" \/>\n<meta property=\"og:image\" content=\"https:\/\/toidupakk.ee\/wp-content\/uploads\/2024\/05\/Kokkuvolditav-veepudel-500ml-3.png\" \/>\n\t<meta property=\"og:image:width\" content=\"800\" \/>\n\t<meta property=\"og:image:height\" content=\"800\" \/>\n\t<meta property=\"og:image:type\" content=\"image\/png\" \/>\n<meta name=\"twitter:card\" content=\"summary_large_image\" \/>\n<meta name=\"twitter:label1\" content=\"Szacowany czas czytania\" \/>\n\t<meta name=\"twitter:data1\" content=\"1 minuta\" \/>\n<script type=\"application\/ld+json\" class=\"yoast-schema-graph\">{\"@context\":\"https:\\\/\\\/schema.org\",\"@graph\":[{\"@type\":\"WebPage\",\"@id\":\"https:\\\/\\\/toidupakk.ee\\\/pl\\\/toode\\\/skladana-butelka-na-wode-500-ml\\\/\",\"url\":\"https:\\\/\\\/toidupakk.ee\\\/pl\\\/toode\\\/skladana-butelka-na-wode-500-ml\\\/\",\"name\":\"Sk\u0142adana butelka na wod\u0119 500 ml\",\"isPartOf\":{\"@id\":\"https:\\\/\\\/toidupakk.ee\\\/pl\\\/#website\"},\"primaryImageOfPage\":{\"@id\":\"https:\\\/\\\/toidupakk.ee\\\/pl\\\/toode\\\/skladana-butelka-na-wode-500-ml\\\/#primaryimage\"},\"image\":{\"@id\":\"https:\\\/\\\/toidupakk.ee\\\/pl\\\/toode\\\/skladana-butelka-na-wode-500-ml\\\/#primaryimage\"},\"thumbnailUrl\":\"https:\\\/\\\/toidupakk.ee\\\/wp-content\\\/uploads\\\/2024\\\/05\\\/Kokkuvolditav-veepudel-500ml-3.png\",\"datePublished\":\"2024-05-27T12:18:58+00:00\",\"dateModified\":\"2026-04-21T09:00:03+00:00\",\"description\":\"Ekologiczna sk\u0142adana butelka na wod\u0119. Mie\u015bci 500 ml i jest wykonana z bezpiecznego TPU (termoplastycznego poliuretanu).\",\"breadcrumb\":{\"@id\":\"https:\\\/\\\/toidupakk.ee\\\/pl\\\/toode\\\/skladana-butelka-na-wode-500-ml\\\/#breadcrumb\"},\"inLanguage\":\"pl-PL\",\"potentialAction\":[{\"@type\":\"ReadAction\",\"target\":[\"https:\\\/\\\/toidupakk.ee\\\/pl\\\/toode\\\/skladana-butelka-na-wode-500-ml\\\/\"]}]},{\"@type\":\"ImageObject\",\"inLanguage\":\"pl-PL\",\"@id\":\"https:\\\/\\\/toidupakk.ee\\\/pl\\\/toode\\\/skladana-butelka-na-wode-500-ml\\\/#primaryimage\",\"url\":\"https:\\\/\\\/toidupakk.ee\\\/wp-content\\\/uploads\\\/2024\\\/05\\\/Kokkuvolditav-veepudel-500ml-3.png\",\"contentUrl\":\"https:\\\/\\\/toidupakk.ee\\\/wp-content\\\/uploads\\\/2024\\\/05\\\/Kokkuvolditav-veepudel-500ml-3.png\",\"width\":800,\"height\":800,\"caption\":\"pehme veepudel\"},{\"@type\":\"BreadcrumbList\",\"@id\":\"https:\\\/\\\/toidupakk.ee\\\/pl\\\/toode\\\/skladana-butelka-na-wode-500-ml\\\/#breadcrumb\",\"itemListElement\":[{\"@type\":\"ListItem\",\"position\":1,\"name\":\"Avaleht\",\"item\":\"https:\\\/\\\/toidupakk.ee\\\/pl\\\/\"},{\"@type\":\"ListItem\",\"position\":2,\"name\":\"Sklep internetowy\",\"item\":\"https:\\\/\\\/toidupakk.ee\\\/pl\\\/sklep-internetowy\\\/\"},{\"@type\":\"ListItem\",\"position\":3,\"name\":\"Sk\u0142adana butelka na wod\u0119 500 ml\"}]},{\"@type\":\"WebSite\",\"@id\":\"https:\\\/\\\/toidupakk.ee\\\/pl\\\/#website\",\"url\":\"https:\\\/\\\/toidupakk.ee\\\/pl\\\/\",\"name\":\"Toidupakk.ee - Tactical Foodpack toidupakid\",\"description\":\"Tactical Foodpack k\u00fclmkuivatatud toidupakid ja matkaeined\",\"publisher\":{\"@id\":\"https:\\\/\\\/toidupakk.ee\\\/pl\\\/#organization\"},\"potentialAction\":[{\"@type\":\"SearchAction\",\"target\":{\"@type\":\"EntryPoint\",\"urlTemplate\":\"https:\\\/\\\/toidupakk.ee\\\/pl\\\/?s={search_term_string}\"},\"query-input\":{\"@type\":\"PropertyValueSpecification\",\"valueRequired\":true,\"valueName\":\"search_term_string\"}}],\"inLanguage\":\"pl-PL\"},{\"@type\":\"Organization\",\"@id\":\"https:\\\/\\\/toidupakk.ee\\\/pl\\\/#organization\",\"name\":\"Tactical Foodpack matkaeined\",\"url\":\"https:\\\/\\\/toidupakk.ee\\\/pl\\\/\",\"logo\":{\"@type\":\"ImageObject\",\"inLanguage\":\"pl-PL\",\"@id\":\"https:\\\/\\\/toidupakk.ee\\\/pl\\\/#\\\/schema\\\/logo\\\/image\\\/\",\"url\":\"https:\\\/\\\/toidupakk.ee\\\/wp-content\\\/uploads\\\/2022\\\/01\\\/Toidupakk-matkapood-logo-transparent.png\",\"contentUrl\":\"https:\\\/\\\/toidupakk.ee\\\/wp-content\\\/uploads\\\/2022\\\/01\\\/Toidupakk-matkapood-logo-transparent.png\",\"width\":500,\"height\":500,\"caption\":\"Tactical Foodpack matkaeined\"},\"image\":{\"@id\":\"https:\\\/\\\/toidupakk.ee\\\/pl\\\/#\\\/schema\\\/logo\\\/image\\\/\"},\"sameAs\":[\"https:\\\/\\\/www.facebook.com\\\/Toidupakk\",\"https:\\\/\\\/www.instagram.com\\\/toidupakk\\\/\"]}]}<\/script>\n<!-- \/ Yoast SEO plugin. -->","yoast_head_json":{"title":"Sk\u0142adana butelka na wod\u0119 500 ml","description":"Ekologiczna sk\u0142adana butelka na wod\u0119. Mie\u015bci 500 ml i jest wykonana z bezpiecznego TPU (termoplastycznego poliuretanu).","robots":{"index":"index","follow":"follow","max-snippet":"max-snippet:-1","max-image-preview":"max-image-preview:large","max-video-preview":"max-video-preview:-1"},"canonical":"https:\/\/toidupakk.ee\/pl\/toode\/skladana-butelka-na-wode-500-ml\/","og_locale":"pl_PL","og_type":"article","og_title":"Sk\u0142adana butelka na wod\u0119 500 ml","og_description":"Ekologiczna sk\u0142adana butelka na wod\u0119. Mie\u015bci 500 ml i jest wykonana z bezpiecznego TPU (termoplastycznego poliuretanu).","og_url":"https:\/\/toidupakk.ee\/pl\/toode\/skladana-butelka-na-wode-500-ml\/","og_site_name":"Toidupakk.ee - Tactical Foodpack toidupakid","article_publisher":"https:\/\/www.facebook.com\/Toidupakk","article_modified_time":"2026-04-21T09:00:03+00:00","og_image":[{"width":800,"height":800,"url":"https:\/\/toidupakk.ee\/wp-content\/uploads\/2024\/05\/Kokkuvolditav-veepudel-500ml-3.png","type":"image\/png"}],"twitter_card":"summary_large_image","twitter_misc":{"Szacowany czas czytania":"1 minuta"},"schema":{"@context":"https:\/\/schema.org","@graph":[{"@type":"WebPage","@id":"https:\/\/toidupakk.ee\/pl\/toode\/skladana-butelka-na-wode-500-ml\/","url":"https:\/\/toidupakk.ee\/pl\/toode\/skladana-butelka-na-wode-500-ml\/","name":"Sk\u0142adana butelka na wod\u0119 500 ml","isPartOf":{"@id":"https:\/\/toidupakk.ee\/pl\/#website"},"primaryImageOfPage":{"@id":"https:\/\/toidupakk.ee\/pl\/toode\/skladana-butelka-na-wode-500-ml\/#primaryimage"},"image":{"@id":"https:\/\/toidupakk.ee\/pl\/toode\/skladana-butelka-na-wode-500-ml\/#primaryimage"},"thumbnailUrl":"https:\/\/toidupakk.ee\/wp-content\/uploads\/2024\/05\/Kokkuvolditav-veepudel-500ml-3.png","datePublished":"2024-05-27T12:18:58+00:00","dateModified":"2026-04-21T09:00:03+00:00","description":"Ekologiczna sk\u0142adana butelka na wod\u0119. Mie\u015bci 500 ml i jest wykonana z bezpiecznego TPU (termoplastycznego poliuretanu).","breadcrumb":{"@id":"https:\/\/toidupakk.ee\/pl\/toode\/skladana-butelka-na-wode-500-ml\/#breadcrumb"},"inLanguage":"pl-PL","potentialAction":[{"@type":"ReadAction","target":["https:\/\/toidupakk.ee\/pl\/toode\/skladana-butelka-na-wode-500-ml\/"]}]},{"@type":"ImageObject","inLanguage":"pl-PL","@id":"https:\/\/toidupakk.ee\/pl\/toode\/skladana-butelka-na-wode-500-ml\/#primaryimage","url":"https:\/\/toidupakk.ee\/wp-content\/uploads\/2024\/05\/Kokkuvolditav-veepudel-500ml-3.png","contentUrl":"https:\/\/toidupakk.ee\/wp-content\/uploads\/2024\/05\/Kokkuvolditav-veepudel-500ml-3.png","width":800,"height":800,"caption":"pehme veepudel"},{"@type":"BreadcrumbList","@id":"https:\/\/toidupakk.ee\/pl\/toode\/skladana-butelka-na-wode-500-ml\/#breadcrumb","itemListElement":[{"@type":"ListItem","position":1,"name":"Avaleht","item":"https:\/\/toidupakk.ee\/pl\/"},{"@type":"ListItem","position":2,"name":"Sklep internetowy","item":"https:\/\/toidupakk.ee\/pl\/sklep-internetowy\/"},{"@type":"ListItem","position":3,"name":"Sk\u0142adana butelka na wod\u0119 500 ml"}]},{"@type":"WebSite","@id":"https:\/\/toidupakk.ee\/pl\/#website","url":"https:\/\/toidupakk.ee\/pl\/","name":"Toidupakk.ee - Tactical Foodpack toidupakid","description":"Tactical Foodpack k\u00fclmkuivatatud toidupakid ja matkaeined","publisher":{"@id":"https:\/\/toidupakk.ee\/pl\/#organization"},"potentialAction":[{"@type":"SearchAction","target":{"@type":"EntryPoint","urlTemplate":"https:\/\/toidupakk.ee\/pl\/?s={search_term_string}"},"query-input":{"@type":"PropertyValueSpecification","valueRequired":true,"valueName":"search_term_string"}}],"inLanguage":"pl-PL"},{"@type":"Organization","@id":"https:\/\/toidupakk.ee\/pl\/#organization","name":"Tactical Foodpack matkaeined","url":"https:\/\/toidupakk.ee\/pl\/","logo":{"@type":"ImageObject","inLanguage":"pl-PL","@id":"https:\/\/toidupakk.ee\/pl\/#\/schema\/logo\/image\/","url":"https:\/\/toidupakk.ee\/wp-content\/uploads\/2022\/01\/Toidupakk-matkapood-logo-transparent.png","contentUrl":"https:\/\/toidupakk.ee\/wp-content\/uploads\/2022\/01\/Toidupakk-matkapood-logo-transparent.png","width":500,"height":500,"caption":"Tactical Foodpack matkaeined"},"image":{"@id":"https:\/\/toidupakk.ee\/pl\/#\/schema\/logo\/image\/"},"sameAs":["https:\/\/www.facebook.com\/Toidupakk","https:\/\/www.instagram.com\/toidupakk\/"]}]}},"jetpack_sharing_enabled":true,"_links":{"self":[{"href":"https:\/\/toidupakk.ee\/pl\/wp-json\/wp\/v2\/product\/51768","targetHints":{"allow":["GET"]}}],"collection":[{"href":"https:\/\/toidupakk.ee\/pl\/wp-json\/wp\/v2\/product"}],"about":[{"href":"https:\/\/toidupakk.ee\/pl\/wp-json\/wp\/v2\/types\/product"}],"replies":[{"embeddable":true,"href":"https:\/\/toidupakk.ee\/pl\/wp-json\/wp\/v2\/comments?post=51768"}],"wp:featuredmedia":[{"embeddable":true,"href":"https:\/\/toidupakk.ee\/pl\/wp-json\/wp\/v2\/media\/23226"}],"wp:attachment":[{"href":"https:\/\/toidupakk.ee\/pl\/wp-json\/wp\/v2\/media?parent=51768"}],"wp:term":[{"taxonomy":"product_brand","embeddable":true,"href":"https:\/\/toidupakk.ee\/pl\/wp-json\/wp\/v2\/product_brand?post=51768"},{"taxonomy":"product_cat","embeddable":true,"href":"https:\/\/toidupakk.ee\/pl\/wp-json\/wp\/v2\/product_cat?post=51768"},{"taxonomy":"product_tag","embeddable":true,"href":"https:\/\/toidupakk.ee\/pl\/wp-json\/wp\/v2\/product_tag?post=51768"}],"curies":[{"name":"wp","href":"https:\/\/api.w.org\/{rel}","templated":true}]}}