{"id":51743,"date":"2023-01-04T12:13:46","date_gmt":"2023-01-04T10:13:46","guid":{"rendered":"https:\/\/toidupakk.ee\/toode\/samopompujaca-mata-turystyczna-bcb\/"},"modified":"2026-04-29T15:32:03","modified_gmt":"2026-04-29T12:32:03","slug":"samopompujaca-mata-turystyczna-bcb","status":"publish","type":"product","link":"https:\/\/toidupakk.ee\/pl\/toode\/samopompujaca-mata-turystyczna-bcb\/","title":{"rendered":"Samopompuj\u0105ca mata turystyczna BCB"},"content":{"rendered":"<h1><\/h1>\n<h1><img fetchpriority=\"high\" decoding=\"async\" class=\"alignright wp-image-5128 size-thumbnail\" style=\"font-size: 16px;\" src=\"https:\/\/toidupakk.ee\/wp-content\/uploads\/2023\/01\/Isetaituv-madrats-matkale-3-500x500.jpg\" alt=\"SAmopompuj\u0105ca mata na pniu\" width=\"500\" height=\"500\" srcset=\"https:\/\/toidupakk.ee\/wp-content\/uploads\/2023\/01\/Isetaituv-madrats-matkale-3-500x500.jpg 500w, https:\/\/toidupakk.ee\/wp-content\/uploads\/2023\/01\/Isetaituv-madrats-matkale-3-400x400.jpg 400w, https:\/\/toidupakk.ee\/wp-content\/uploads\/2023\/01\/Isetaituv-madrats-matkale-3-100x100.jpg 100w, https:\/\/toidupakk.ee\/wp-content\/uploads\/2023\/01\/Isetaituv-madrats-matkale-3-800x800.jpg 800w, https:\/\/toidupakk.ee\/wp-content\/uploads\/2023\/01\/Isetaituv-madrats-matkale-3-300x300.jpg 300w, https:\/\/toidupakk.ee\/wp-content\/uploads\/2023\/01\/Isetaituv-madrats-matkale-3-1024x1024.jpg 1024w, https:\/\/toidupakk.ee\/wp-content\/uploads\/2023\/01\/Isetaituv-madrats-matkale-3-768x768.jpg 768w, https:\/\/toidupakk.ee\/wp-content\/uploads\/2023\/01\/Isetaituv-madrats-matkale-3.jpg 1080w\" sizes=\"(max-width: 500px) 100vw, 500px\" \/>Samopompuj\u0105ca mata turystyczna \u2013 jako\u015b\u0107 snu to kluczowy element ka\u017cdej wyprawy.<\/h1>\n<p>Szersza g\u00f3ra i w\u0119\u017cszy d\u00f3\u0142 sprawiaj\u0105, \u017ce mata idealnie nadaje si\u0119 dla piechur\u00f3w, dla kt\u00f3rych waga sprz\u0119tu ma kluczowe znaczenie. Dzi\u0119ki takim wymiarom \u015bwietnie pasuje te\u017c do hamaka. Mata wa\u017cy 770 g, jest lekka i kompaktowa. W zestawie worek transportowy ze \u015bci\u0105gaczem. Wymiary po roz\u0142o\u017ceniu: d\u0142ugo\u015b\u0107 180 cm, szeroko\u015b\u0107 w najszerszym miejscu 50 cm, szeroko\u015b\u0107 w nogach 28 cm, grubo\u015b\u0107 3 cm.    <\/p>\n<p>Mata posiada zaw\u00f3r zakr\u0119cany \u2013 po jego otwarciu nape\u0142nia si\u0119 powietrzem samoczynnie. Aby przyspieszy\u0107 proces, mo\u017cesz dopompowa\u0107 j\u0105 ustami lub pompk\u0105. <\/p>\n<p>Zobacz wi\u0119cej akcesori\u00f3w turystycznych <a href=\"https:\/\/toidupakk.ee\/pl\/tootekategooria\/sprzet-turystyczny\/#section-3-79\">TUTAJ<\/a><\/p>\n<p>Zobacz \u017cywno\u015b\u0107 turystyczn\u0105 <a href=\"\/?product_cat=snakk#section-3-79\">TUTAJ<\/a><\/p>\n<p>Znajd\u017a inspiracj\u0119 na kolejne przygody na <a href=\"https:\/\/www.instagram.com\/toidupakk\/\">Instagramie<\/a> i <a href=\"https:\/\/www.facebook.com\/Toidupakk\/\">Facebooku<\/a> Toidupakk.<\/p>\n","protected":false},"excerpt":{"rendered":"<ul>\n<li><strong>Samopompuj\u0105ca mata<\/strong> stworzona z my\u015bl\u0105 o szczeg\u00f3lnych potrzebach podr\u00f3\u017cnik\u00f3w.<\/li>\n<li><strong>Lekka mata turystyczna 770 g<\/strong> sprawdzi si\u0119 w namiocie, na pod\u0142odze, w hamaku i na ziemi.<\/li>\n<li><strong>Kompaktowa<\/strong> \u2013 w zestawie z pokrowcem \u2013 po z\u0142o\u017ceniu zajmuje tylko 16 x 26 cm.<\/li>\n<li>Wymiary po roz\u0142o\u017ceniu: 180 x 50 cm (w najszerszym miejscu) \/ 28 cm (w nogach) x 3 cm (grubo\u015b\u0107)<\/li>\n<li>Dost\u0119pne kolory: <strong>zielony lub pomara\u0144czowy<\/strong><\/li>\n<\/ul>\n<p>Materia\u0142y: wierzch 210T <em>Diamond Ripstop<\/em> poliester z pow\u0142ok\u0105 PVC; sp\u00f3d <em>Dobby Polyester Coating<\/em> PVC + pianka.<\/p>\n<p>\u2705 Dost\u0119pne w magazynie, szybka dostawa w 1-3 dni robocze<br \/>\n\u2705 Kup teraz, zap\u0142a\u0107 p\u00f3\u017aniej (RRSO 0%)<\/p>\n","protected":false},"featured_media":5126,"comment_status":"open","ping_status":"closed","template":"","meta":{"_acf_changed":false},"product_brand":[],"product_cat":[303,374,314,301],"product_tag":[],"class_list":{"0":"post-51743","1":"product","2":"type-product","3":"status-publish","4":"has-post-thumbnail","6":"product_cat-akcesoria-turystyczne","7":"product_cat-materace-i-maty-turystyczne","8":"product_cat-nocowanie-w-naturze","9":"product_cat-sprzet-turystyczny","11":"first","12":"instock","13":"taxable","14":"shipping-taxable","15":"purchasable","16":"product-type-variable","17":"has-default-attributes"},"bundled_by":[],"bundle_stock_status":"instock","bundle_stock_quantity":null,"bundle_virtual":false,"bundle_layout":"","bundle_add_to_cart_form_location":"","bundle_editable_in_cart":false,"bundle_sold_individually_context":"","bundle_item_grouping":"","bundle_min_size":"","bundle_max_size":"","bundle_price":[],"bundled_items":[],"bundle_sell_ids":[],"acf":[],"yoast_head":"<!-- This site is optimized with the Yoast SEO plugin v27.3 - https:\/\/yoast.com\/product\/yoast-seo-wordpress\/ -->\n<title>Samopompuj\u0105ca mata turystyczna BCB<\/title>\n<meta name=\"description\" content=\"Lekka, samopompuj\u0105ca mata turystyczna (770 g) sprawdzi si\u0119 w namiocie, na pod\u0142odze, w hamaku i bezpo\u015brednio na ziemi. Polecana przez do\u015bwiadczonych podr\u00f3\u017cnik\u00f3w.\" \/>\n<meta name=\"robots\" content=\"index, follow, max-snippet:-1, max-image-preview:large, max-video-preview:-1\" \/>\n<link rel=\"canonical\" href=\"https:\/\/toidupakk.ee\/pl\/toode\/samopompujaca-mata-turystyczna-bcb\/\" \/>\n<meta property=\"og:locale\" content=\"pl_PL\" \/>\n<meta property=\"og:type\" content=\"article\" \/>\n<meta property=\"og:title\" content=\"Samopompuj\u0105ca mata turystyczna BCB\" \/>\n<meta property=\"og:description\" content=\"Lekka, samopompuj\u0105ca mata turystyczna (770 g) sprawdzi si\u0119 w namiocie, na pod\u0142odze, w hamaku i bezpo\u015brednio na ziemi. Polecana przez do\u015bwiadczonych podr\u00f3\u017cnik\u00f3w.\" \/>\n<meta property=\"og:url\" content=\"https:\/\/toidupakk.ee\/pl\/toode\/samopompujaca-mata-turystyczna-bcb\/\" \/>\n<meta property=\"og:site_name\" content=\"Toidupakk.ee - Tactical Foodpack toidupakid\" \/>\n<meta property=\"article:publisher\" content=\"https:\/\/www.facebook.com\/Toidupakk\" \/>\n<meta property=\"article:modified_time\" content=\"2026-04-29T12:32:03+00:00\" \/>\n<meta property=\"og:image\" content=\"https:\/\/toidupakk.ee\/wp-content\/uploads\/2023\/01\/Isetaituv-madrats-matkale-1.png\" \/>\n\t<meta property=\"og:image:width\" content=\"1080\" \/>\n\t<meta property=\"og:image:height\" content=\"1080\" \/>\n\t<meta property=\"og:image:type\" content=\"image\/png\" \/>\n<meta name=\"twitter:card\" content=\"summary_large_image\" \/>\n<meta name=\"twitter:label1\" content=\"Szacowany czas czytania\" \/>\n\t<meta name=\"twitter:data1\" content=\"1 minuta\" \/>\n<script type=\"application\/ld+json\" class=\"yoast-schema-graph\">{\"@context\":\"https:\\\/\\\/schema.org\",\"@graph\":[{\"@type\":\"WebPage\",\"@id\":\"https:\\\/\\\/toidupakk.ee\\\/pl\\\/toode\\\/samopompujaca-mata-turystyczna-bcb\\\/\",\"url\":\"https:\\\/\\\/toidupakk.ee\\\/pl\\\/toode\\\/samopompujaca-mata-turystyczna-bcb\\\/\",\"name\":\"Samopompuj\u0105ca mata turystyczna BCB\",\"isPartOf\":{\"@id\":\"https:\\\/\\\/toidupakk.ee\\\/pl\\\/#website\"},\"primaryImageOfPage\":{\"@id\":\"https:\\\/\\\/toidupakk.ee\\\/pl\\\/toode\\\/samopompujaca-mata-turystyczna-bcb\\\/#primaryimage\"},\"image\":{\"@id\":\"https:\\\/\\\/toidupakk.ee\\\/pl\\\/toode\\\/samopompujaca-mata-turystyczna-bcb\\\/#primaryimage\"},\"thumbnailUrl\":\"https:\\\/\\\/toidupakk.ee\\\/wp-content\\\/uploads\\\/2023\\\/01\\\/Isetaituv-madrats-matkale-1.png\",\"datePublished\":\"2023-01-04T10:13:46+00:00\",\"dateModified\":\"2026-04-29T12:32:03+00:00\",\"description\":\"Lekka, samopompuj\u0105ca mata turystyczna (770 g) sprawdzi si\u0119 w namiocie, na pod\u0142odze, w hamaku i bezpo\u015brednio na ziemi. Polecana przez do\u015bwiadczonych podr\u00f3\u017cnik\u00f3w.\",\"breadcrumb\":{\"@id\":\"https:\\\/\\\/toidupakk.ee\\\/pl\\\/toode\\\/samopompujaca-mata-turystyczna-bcb\\\/#breadcrumb\"},\"inLanguage\":\"pl-PL\",\"potentialAction\":[{\"@type\":\"ReadAction\",\"target\":[\"https:\\\/\\\/toidupakk.ee\\\/pl\\\/toode\\\/samopompujaca-mata-turystyczna-bcb\\\/\"]}]},{\"@type\":\"ImageObject\",\"inLanguage\":\"pl-PL\",\"@id\":\"https:\\\/\\\/toidupakk.ee\\\/pl\\\/toode\\\/samopompujaca-mata-turystyczna-bcb\\\/#primaryimage\",\"url\":\"https:\\\/\\\/toidupakk.ee\\\/wp-content\\\/uploads\\\/2023\\\/01\\\/Isetaituv-madrats-matkale-1.png\",\"contentUrl\":\"https:\\\/\\\/toidupakk.ee\\\/wp-content\\\/uploads\\\/2023\\\/01\\\/Isetaituv-madrats-matkale-1.png\",\"width\":1080,\"height\":1080,\"caption\":\"Iset\u00e4ituv madrats matkale\"},{\"@type\":\"BreadcrumbList\",\"@id\":\"https:\\\/\\\/toidupakk.ee\\\/pl\\\/toode\\\/samopompujaca-mata-turystyczna-bcb\\\/#breadcrumb\",\"itemListElement\":[{\"@type\":\"ListItem\",\"position\":1,\"name\":\"Avaleht\",\"item\":\"https:\\\/\\\/toidupakk.ee\\\/pl\\\/\"},{\"@type\":\"ListItem\",\"position\":2,\"name\":\"Sklep internetowy\",\"item\":\"https:\\\/\\\/toidupakk.ee\\\/pl\\\/sklep-internetowy\\\/\"},{\"@type\":\"ListItem\",\"position\":3,\"name\":\"Samopompuj\u0105ca mata turystyczna BCB\"}]},{\"@type\":\"WebSite\",\"@id\":\"https:\\\/\\\/toidupakk.ee\\\/pl\\\/#website\",\"url\":\"https:\\\/\\\/toidupakk.ee\\\/pl\\\/\",\"name\":\"Toidupakk.ee - Tactical Foodpack toidupakid\",\"description\":\"Tactical Foodpack k\u00fclmkuivatatud toidupakid ja matkaeined\",\"publisher\":{\"@id\":\"https:\\\/\\\/toidupakk.ee\\\/pl\\\/#organization\"},\"potentialAction\":[{\"@type\":\"SearchAction\",\"target\":{\"@type\":\"EntryPoint\",\"urlTemplate\":\"https:\\\/\\\/toidupakk.ee\\\/pl\\\/?s={search_term_string}\"},\"query-input\":{\"@type\":\"PropertyValueSpecification\",\"valueRequired\":true,\"valueName\":\"search_term_string\"}}],\"inLanguage\":\"pl-PL\"},{\"@type\":\"Organization\",\"@id\":\"https:\\\/\\\/toidupakk.ee\\\/pl\\\/#organization\",\"name\":\"Tactical Foodpack matkaeined\",\"url\":\"https:\\\/\\\/toidupakk.ee\\\/pl\\\/\",\"logo\":{\"@type\":\"ImageObject\",\"inLanguage\":\"pl-PL\",\"@id\":\"https:\\\/\\\/toidupakk.ee\\\/pl\\\/#\\\/schema\\\/logo\\\/image\\\/\",\"url\":\"https:\\\/\\\/toidupakk.ee\\\/wp-content\\\/uploads\\\/2022\\\/01\\\/Toidupakk-matkapood-logo-transparent.png\",\"contentUrl\":\"https:\\\/\\\/toidupakk.ee\\\/wp-content\\\/uploads\\\/2022\\\/01\\\/Toidupakk-matkapood-logo-transparent.png\",\"width\":500,\"height\":500,\"caption\":\"Tactical Foodpack matkaeined\"},\"image\":{\"@id\":\"https:\\\/\\\/toidupakk.ee\\\/pl\\\/#\\\/schema\\\/logo\\\/image\\\/\"},\"sameAs\":[\"https:\\\/\\\/www.facebook.com\\\/Toidupakk\",\"https:\\\/\\\/www.instagram.com\\\/toidupakk\\\/\"]}]}<\/script>\n<!-- \/ Yoast SEO plugin. -->","yoast_head_json":{"title":"Samopompuj\u0105ca mata turystyczna BCB","description":"Lekka, samopompuj\u0105ca mata turystyczna (770 g) sprawdzi si\u0119 w namiocie, na pod\u0142odze, w hamaku i bezpo\u015brednio na ziemi. Polecana przez do\u015bwiadczonych podr\u00f3\u017cnik\u00f3w.","robots":{"index":"index","follow":"follow","max-snippet":"max-snippet:-1","max-image-preview":"max-image-preview:large","max-video-preview":"max-video-preview:-1"},"canonical":"https:\/\/toidupakk.ee\/pl\/toode\/samopompujaca-mata-turystyczna-bcb\/","og_locale":"pl_PL","og_type":"article","og_title":"Samopompuj\u0105ca mata turystyczna BCB","og_description":"Lekka, samopompuj\u0105ca mata turystyczna (770 g) sprawdzi si\u0119 w namiocie, na pod\u0142odze, w hamaku i bezpo\u015brednio na ziemi. Polecana przez do\u015bwiadczonych podr\u00f3\u017cnik\u00f3w.","og_url":"https:\/\/toidupakk.ee\/pl\/toode\/samopompujaca-mata-turystyczna-bcb\/","og_site_name":"Toidupakk.ee - Tactical Foodpack toidupakid","article_publisher":"https:\/\/www.facebook.com\/Toidupakk","article_modified_time":"2026-04-29T12:32:03+00:00","og_image":[{"width":1080,"height":1080,"url":"https:\/\/toidupakk.ee\/wp-content\/uploads\/2023\/01\/Isetaituv-madrats-matkale-1.png","type":"image\/png"}],"twitter_card":"summary_large_image","twitter_misc":{"Szacowany czas czytania":"1 minuta"},"schema":{"@context":"https:\/\/schema.org","@graph":[{"@type":"WebPage","@id":"https:\/\/toidupakk.ee\/pl\/toode\/samopompujaca-mata-turystyczna-bcb\/","url":"https:\/\/toidupakk.ee\/pl\/toode\/samopompujaca-mata-turystyczna-bcb\/","name":"Samopompuj\u0105ca mata turystyczna BCB","isPartOf":{"@id":"https:\/\/toidupakk.ee\/pl\/#website"},"primaryImageOfPage":{"@id":"https:\/\/toidupakk.ee\/pl\/toode\/samopompujaca-mata-turystyczna-bcb\/#primaryimage"},"image":{"@id":"https:\/\/toidupakk.ee\/pl\/toode\/samopompujaca-mata-turystyczna-bcb\/#primaryimage"},"thumbnailUrl":"https:\/\/toidupakk.ee\/wp-content\/uploads\/2023\/01\/Isetaituv-madrats-matkale-1.png","datePublished":"2023-01-04T10:13:46+00:00","dateModified":"2026-04-29T12:32:03+00:00","description":"Lekka, samopompuj\u0105ca mata turystyczna (770 g) sprawdzi si\u0119 w namiocie, na pod\u0142odze, w hamaku i bezpo\u015brednio na ziemi. Polecana przez do\u015bwiadczonych podr\u00f3\u017cnik\u00f3w.","breadcrumb":{"@id":"https:\/\/toidupakk.ee\/pl\/toode\/samopompujaca-mata-turystyczna-bcb\/#breadcrumb"},"inLanguage":"pl-PL","potentialAction":[{"@type":"ReadAction","target":["https:\/\/toidupakk.ee\/pl\/toode\/samopompujaca-mata-turystyczna-bcb\/"]}]},{"@type":"ImageObject","inLanguage":"pl-PL","@id":"https:\/\/toidupakk.ee\/pl\/toode\/samopompujaca-mata-turystyczna-bcb\/#primaryimage","url":"https:\/\/toidupakk.ee\/wp-content\/uploads\/2023\/01\/Isetaituv-madrats-matkale-1.png","contentUrl":"https:\/\/toidupakk.ee\/wp-content\/uploads\/2023\/01\/Isetaituv-madrats-matkale-1.png","width":1080,"height":1080,"caption":"Iset\u00e4ituv madrats matkale"},{"@type":"BreadcrumbList","@id":"https:\/\/toidupakk.ee\/pl\/toode\/samopompujaca-mata-turystyczna-bcb\/#breadcrumb","itemListElement":[{"@type":"ListItem","position":1,"name":"Avaleht","item":"https:\/\/toidupakk.ee\/pl\/"},{"@type":"ListItem","position":2,"name":"Sklep internetowy","item":"https:\/\/toidupakk.ee\/pl\/sklep-internetowy\/"},{"@type":"ListItem","position":3,"name":"Samopompuj\u0105ca mata turystyczna BCB"}]},{"@type":"WebSite","@id":"https:\/\/toidupakk.ee\/pl\/#website","url":"https:\/\/toidupakk.ee\/pl\/","name":"Toidupakk.ee - Tactical Foodpack toidupakid","description":"Tactical Foodpack k\u00fclmkuivatatud toidupakid ja matkaeined","publisher":{"@id":"https:\/\/toidupakk.ee\/pl\/#organization"},"potentialAction":[{"@type":"SearchAction","target":{"@type":"EntryPoint","urlTemplate":"https:\/\/toidupakk.ee\/pl\/?s={search_term_string}"},"query-input":{"@type":"PropertyValueSpecification","valueRequired":true,"valueName":"search_term_string"}}],"inLanguage":"pl-PL"},{"@type":"Organization","@id":"https:\/\/toidupakk.ee\/pl\/#organization","name":"Tactical Foodpack matkaeined","url":"https:\/\/toidupakk.ee\/pl\/","logo":{"@type":"ImageObject","inLanguage":"pl-PL","@id":"https:\/\/toidupakk.ee\/pl\/#\/schema\/logo\/image\/","url":"https:\/\/toidupakk.ee\/wp-content\/uploads\/2022\/01\/Toidupakk-matkapood-logo-transparent.png","contentUrl":"https:\/\/toidupakk.ee\/wp-content\/uploads\/2022\/01\/Toidupakk-matkapood-logo-transparent.png","width":500,"height":500,"caption":"Tactical Foodpack matkaeined"},"image":{"@id":"https:\/\/toidupakk.ee\/pl\/#\/schema\/logo\/image\/"},"sameAs":["https:\/\/www.facebook.com\/Toidupakk","https:\/\/www.instagram.com\/toidupakk\/"]}]}},"jetpack_sharing_enabled":true,"_links":{"self":[{"href":"https:\/\/toidupakk.ee\/pl\/wp-json\/wp\/v2\/product\/51743","targetHints":{"allow":["GET"]}}],"collection":[{"href":"https:\/\/toidupakk.ee\/pl\/wp-json\/wp\/v2\/product"}],"about":[{"href":"https:\/\/toidupakk.ee\/pl\/wp-json\/wp\/v2\/types\/product"}],"replies":[{"embeddable":true,"href":"https:\/\/toidupakk.ee\/pl\/wp-json\/wp\/v2\/comments?post=51743"}],"wp:featuredmedia":[{"embeddable":true,"href":"https:\/\/toidupakk.ee\/pl\/wp-json\/wp\/v2\/media\/5126"}],"wp:attachment":[{"href":"https:\/\/toidupakk.ee\/pl\/wp-json\/wp\/v2\/media?parent=51743"}],"wp:term":[{"taxonomy":"product_brand","embeddable":true,"href":"https:\/\/toidupakk.ee\/pl\/wp-json\/wp\/v2\/product_brand?post=51743"},{"taxonomy":"product_cat","embeddable":true,"href":"https:\/\/toidupakk.ee\/pl\/wp-json\/wp\/v2\/product_cat?post=51743"},{"taxonomy":"product_tag","embeddable":true,"href":"https:\/\/toidupakk.ee\/pl\/wp-json\/wp\/v2\/product_tag?post=51743"}],"curies":[{"name":"wp","href":"https:\/\/api.w.org\/{rel}","templated":true}]}}