{"id":51729,"date":"2023-02-02T15:39:28","date_gmt":"2023-02-02T13:39:28","guid":{"rendered":"https:\/\/toidupakk.ee\/toode\/latarka-led-mission-520\/"},"modified":"2026-04-29T15:31:37","modified_gmt":"2026-04-29T12:31:37","slug":"latarka-led-mission-520","status":"publish","type":"product","link":"https:\/\/toidupakk.ee\/pl\/toode\/latarka-led-mission-520\/","title":{"rendered":"Latarka LED MISSION 520"},"content":{"rendered":"<h1>Ma\u0142a, ale mocna latarka LED, kt\u00f3ra pomo\u017ce Ci w ka\u017cdej sytuacji<\/h1>\n<p>Latarka LED MISSION 520 to zasilana bateriami mocna latarka z czterema trybami \u015bwiecenia. Tryby mo\u017cna wygodnie i \u0142atwo zmienia\u0107 nawet w grubych r\u0119kawicach zimowych. Mocna dioda LED o\u015bwietla dystans do 275 metr\u00f3w.  <\/p>\n<p>&nbsp;<\/p>\n<h2>Latarka posiada cztery tryby \u015bwiecenia:<\/h2>\n<p>Do widzenia na wi\u0119ksze odleg\u0142o\u015bci s\u0142u\u017cy tryb mocnego \u015bwiat\u0142a ze skupion\u0105 wi\u0105zk\u0105. W tym trybie jasno\u015b\u0107 wynosi 520 lumen\u00f3w, a czas pracy to do 2 godzin. <\/p>\n<p>Do przemieszczania si\u0119 i pracy idealny jest tryb \u015bredniego \u015bwiat\u0142a, kt\u00f3ry pozwala na wygodne dzia\u0142anie. W tym trybie jasno\u015b\u0107 wynosi 180 lumen\u00f3w, a czas pracy to do 6 godzin. <\/p>\n<p>Tryb super oszcz\u0119dny pozwala na korzystanie z latarki nawet przez 22 h bez przerwy.<\/p>\n<p>Latarka posiada r\u00f3wnie\u017c tryb stroboskopowy\/szybkiego migania na sytuacje awaryjne. Aby go aktywowa\u0107, przytrzymaj przycisk zasilania przez 3 sekundy; tak samo go wy\u0142\u0105czysz. <\/p>\n<p>Latarka posiada regulacj\u0119 wi\u0105zki \u015bwiat\u0142a, kt\u00f3r\u0105 obs\u0142u\u017cysz wygodnie jedn\u0105 r\u0119k\u0105. Aby skupi\u0107 lub rozproszy\u0107 \u015bwiat\u0142o, przesu\u0144 g\u0142owic\u0119 latarki do siebie lub od siebie. <\/p>\n<p><img fetchpriority=\"high\" decoding=\"async\" class=\"alignright wp-image-12321 size-medium\" src=\"https:\/\/toidupakk.ee\/wp-content\/uploads\/2023\/02\/LED-taskulamp-MISSION-520-4-300x300.png\" alt=\"latarka led z etui\" width=\"300\" height=\"300\" srcset=\"https:\/\/toidupakk.ee\/wp-content\/uploads\/2023\/02\/LED-taskulamp-MISSION-520-4-300x300.png 300w, https:\/\/toidupakk.ee\/wp-content\/uploads\/2023\/02\/LED-taskulamp-MISSION-520-4-400x400.png 400w, https:\/\/toidupakk.ee\/wp-content\/uploads\/2023\/02\/LED-taskulamp-MISSION-520-4-100x100.png 100w, https:\/\/toidupakk.ee\/wp-content\/uploads\/2023\/02\/LED-taskulamp-MISSION-520-4-800x800.png 800w, https:\/\/toidupakk.ee\/wp-content\/uploads\/2023\/02\/LED-taskulamp-MISSION-520-4-1024x1024.png 1024w, https:\/\/toidupakk.ee\/wp-content\/uploads\/2023\/02\/LED-taskulamp-MISSION-520-4-500x500.png 500w, https:\/\/toidupakk.ee\/wp-content\/uploads\/2023\/02\/LED-taskulamp-MISSION-520-4-768x768.png 768w, https:\/\/toidupakk.ee\/wp-content\/uploads\/2023\/02\/LED-taskulamp-MISSION-520-4.png 1080w\" sizes=\"(max-width: 300px) 100vw, 300px\" \/><\/p>\n<h2>Latarka LED \u2013 tryby pracy:<\/h2>\n<p>&nbsp;<\/p>\n<p>\ud83d\udca5<strong>Tryb mocnego \u015bwiat\u0142a:<\/strong><\/p>\n<p>520 lumen\u00f3w;<\/p>\n<p>czas pracy: 2 godziny<\/p>\n<p>&nbsp;<\/p>\n<p>\ud83d\udca5<strong>Tryb \u015bredniego \u015bwiat\u0142a:<\/strong><\/p>\n<p>180 lumen\u00f3w;<\/p>\n<p>czas pracy: 6 godzin<\/p>\n<p>&nbsp;<\/p>\n<p>\ud83d\udca5<strong>Tryb super oszcz\u0119dzania<\/strong><strong> baterii:<\/strong><\/p>\n<p>45 lumen\u00f3w;<\/p>\n<p>czas pracy: 22 godziny<\/p>\n<p>&nbsp;<\/p>\n<p>Obudowa latarki wykonana jest z wysokiej jako\u015bci metalu. Solidny metal chroni wypuk\u0142\u0105 soczewk\u0119 oraz bateri\u0119 przed uszkodzeniami. W razie potrzeby latarka mo\u017ce s\u0142u\u017cy\u0107 do samoobrony. Wodoodporna konstrukcja IPX4 wytrzymuje ekstremalne warunki, takie jak burze czy \u015bnie\u017cyce. Klasa IPX4 oznacza ochron\u0119 przed zachlapaniem z dowolnego kierunku.    <\/p>\n<p>Latarka wykorzystuje technologi\u0119 LED, dzi\u0119ki czemu jej jasno\u015b\u0107 nie spada z biegiem lat. Zastosowano w niej bardzo jasn\u0105 diod\u0119 Cree LED. <\/p>\n<p>Mocna latarka LED jest zasilana bateriami; wymaga 4 baterii AAA (brak w zestawie). <\/p>\n<p>&nbsp;<\/p>\n<p>Znajd\u017a inspiracj\u0119 na kolejne przygody na <a href=\"https:\/\/www.instagram.com\/toidupakk\/\">Instagramie<\/a> i <a href=\"https:\/\/www.facebook.com\/Toidupakk\/\">Facebooku<\/a> Toidupakk.<\/p>\n<p>Zobacz sprz\u0119t turystyczny <a href=\"https:\/\/toidupakk.ee\/pl\/tootekategooria\/sprzet-turystyczny\/#section-3-79\">TUTAJ<\/a>.<\/p>\n","protected":false},"excerpt":{"rendered":"<p>Mocna <strong>latarka taktyczna<\/strong>. Jasno\u015b\u0107 520 lumen\u00f3w o\u015bwietla dystans <strong>do 275 m<\/strong>. Latarka dzia\u0142a na 4 baterie AAA. W ka\u017cdym domu powinna znale\u017a\u0107 si\u0119 przynajmniej jedna porz\u0105dna latarka na nieoczekiwane sytuacje. Idealna na prezent, poniewa\u017c posiada <strong>stylowe, matowe czarne opakowanie<\/strong>.    <\/p>\n<ul>\n<li>Zasi\u0119g latarki: 275 m (w trybie max)<\/li>\n<li>Typ diody: mocna Cree XP-G LED<\/li>\n<li>baterie: 4 x AAA (brak w zestawie)<\/li>\n<li>wymiary: 13 x 3,8 cm<\/li>\n<li>waga: 201 g (z bateriami)<\/li>\n<li>Etui na pasek w zestawie: 100% poliester<\/li>\n<li>wytrzyma\u0142a, bardzo jasna dioda Cree LED<\/li>\n<li>odpinany pasek na nadgarstek<\/li>\n<li>funkcja zmiany wi\u0105zki \u015bwiat\u0142a jedn\u0105 r\u0119k\u0105<\/li>\n<li>4 tryby \u015bwiecenia: &#8211; mocny &#8211; \u015bredni &#8211; eco &#8211; stroboskop<\/li>\n<li>klasa wodoodporno\u015bci IPX4<\/li>\n<li>W zestawie matowe czarne pude\u0142ko prezentowe<\/li>\n<\/ul>\n<p>\u2705 Produkt obecnie w przedsprzeda\u017cy, czas dostawy 1-2 tygodnie<br \/>\n\u2705 Kup teraz, zap\u0142a\u0107 p\u00f3\u017aniej (RRSO 0%)<\/p>\n","protected":false},"featured_media":51738,"comment_status":"open","ping_status":"closed","template":"","meta":{"_acf_changed":false},"product_brand":[],"product_cat":[303,341,317,311,301,342],"product_tag":[],"class_list":{"0":"post-51729","1":"product","2":"type-product","3":"status-publish","4":"has-post-thumbnail","6":"product_cat-akcesoria-turystyczne","7":"product_cat-latarki","8":"product_cat-mil-tec","9":"product_cat-praktyczne-pomysly-na-prezent","10":"product_cat-sprzet-turystyczny","11":"product_cat-swiatlo","13":"first","14":"instock","15":"sale","16":"taxable","17":"shipping-taxable","18":"purchasable","19":"product-type-simple"},"bundled_by":[],"bundle_stock_status":"instock","bundle_stock_quantity":3,"bundle_virtual":false,"bundle_layout":"","bundle_add_to_cart_form_location":"","bundle_editable_in_cart":false,"bundle_sold_individually_context":"","bundle_item_grouping":"","bundle_min_size":"","bundle_max_size":"","bundle_price":[],"bundled_items":[],"bundle_sell_ids":[],"acf":[],"yoast_head":"<!-- This site is optimized with the Yoast SEO plugin v27.3 - https:\/\/yoast.com\/product\/yoast-seo-wordpress\/ -->\n<title>Latarka LED MISSION 520<\/title>\n<meta name=\"description\" content=\"Latarka LED o zasi\u0119gu do 240 m. Mocna dioda LED o jasno\u015bci 520 lumen\u00f3w. Klasa wodoodporno\u015bci IPX4. Solidna aluminiowa obudowa. W zestawie matowe czarne pude\u0142ko prezentowe.\" \/>\n<meta name=\"robots\" content=\"index, follow, max-snippet:-1, max-image-preview:large, max-video-preview:-1\" \/>\n<link rel=\"canonical\" href=\"https:\/\/toidupakk.ee\/pl\/toode\/latarka-led-mission-520\/\" \/>\n<meta property=\"og:locale\" content=\"pl_PL\" \/>\n<meta property=\"og:type\" content=\"article\" \/>\n<meta property=\"og:title\" content=\"Latarka LED MISSION 520\" \/>\n<meta property=\"og:description\" content=\"Latarka LED o zasi\u0119gu do 240 m. Mocna dioda LED o jasno\u015bci 520 lumen\u00f3w. Klasa wodoodporno\u015bci IPX4. Solidna aluminiowa obudowa. W zestawie matowe czarne pude\u0142ko prezentowe.\" \/>\n<meta property=\"og:url\" content=\"https:\/\/toidupakk.ee\/pl\/toode\/latarka-led-mission-520\/\" \/>\n<meta property=\"og:site_name\" content=\"Toidupakk.ee - Tactical Foodpack toidupakid\" \/>\n<meta property=\"article:publisher\" content=\"https:\/\/www.facebook.com\/Toidupakk\" \/>\n<meta property=\"article:modified_time\" content=\"2026-04-29T12:31:37+00:00\" \/>\n<meta property=\"og:image\" content=\"https:\/\/toidupakk.ee\/wp-content\/uploads\/2023\/02\/LED-taskulamp-MISSION-520-1.png\" \/>\n\t<meta property=\"og:image:width\" content=\"1080\" \/>\n\t<meta property=\"og:image:height\" content=\"1080\" \/>\n\t<meta property=\"og:image:type\" content=\"image\/png\" \/>\n<meta name=\"twitter:card\" content=\"summary_large_image\" \/>\n<meta name=\"twitter:label1\" content=\"Szacowany czas czytania\" \/>\n\t<meta name=\"twitter:data1\" content=\"2 minuty\" \/>\n<script type=\"application\/ld+json\" class=\"yoast-schema-graph\">{\"@context\":\"https:\\\/\\\/schema.org\",\"@graph\":[{\"@type\":\"WebPage\",\"@id\":\"https:\\\/\\\/toidupakk.ee\\\/pl\\\/toode\\\/latarka-led-mission-520\\\/\",\"url\":\"https:\\\/\\\/toidupakk.ee\\\/pl\\\/toode\\\/latarka-led-mission-520\\\/\",\"name\":\"Latarka LED MISSION 520\",\"isPartOf\":{\"@id\":\"https:\\\/\\\/toidupakk.ee\\\/pl\\\/#website\"},\"primaryImageOfPage\":{\"@id\":\"https:\\\/\\\/toidupakk.ee\\\/pl\\\/toode\\\/latarka-led-mission-520\\\/#primaryimage\"},\"image\":{\"@id\":\"https:\\\/\\\/toidupakk.ee\\\/pl\\\/toode\\\/latarka-led-mission-520\\\/#primaryimage\"},\"thumbnailUrl\":\"https:\\\/\\\/toidupakk.ee\\\/wp-content\\\/uploads\\\/2023\\\/02\\\/LED-taskulamp-MISSION-520-1.png\",\"datePublished\":\"2023-02-02T13:39:28+00:00\",\"dateModified\":\"2026-04-29T12:31:37+00:00\",\"description\":\"Latarka LED o zasi\u0119gu do 240 m. Mocna dioda LED o jasno\u015bci 520 lumen\u00f3w. Klasa wodoodporno\u015bci IPX4. Solidna aluminiowa obudowa. W zestawie matowe czarne pude\u0142ko prezentowe.\",\"breadcrumb\":{\"@id\":\"https:\\\/\\\/toidupakk.ee\\\/pl\\\/toode\\\/latarka-led-mission-520\\\/#breadcrumb\"},\"inLanguage\":\"pl-PL\",\"potentialAction\":[{\"@type\":\"ReadAction\",\"target\":[\"https:\\\/\\\/toidupakk.ee\\\/pl\\\/toode\\\/latarka-led-mission-520\\\/\"]}]},{\"@type\":\"ImageObject\",\"inLanguage\":\"pl-PL\",\"@id\":\"https:\\\/\\\/toidupakk.ee\\\/pl\\\/toode\\\/latarka-led-mission-520\\\/#primaryimage\",\"url\":\"https:\\\/\\\/toidupakk.ee\\\/wp-content\\\/uploads\\\/2023\\\/02\\\/LED-taskulamp-MISSION-520-1.png\",\"contentUrl\":\"https:\\\/\\\/toidupakk.ee\\\/wp-content\\\/uploads\\\/2023\\\/02\\\/LED-taskulamp-MISSION-520-1.png\",\"width\":1080,\"height\":1080,\"caption\":\"Latarka LED\"},{\"@type\":\"BreadcrumbList\",\"@id\":\"https:\\\/\\\/toidupakk.ee\\\/pl\\\/toode\\\/latarka-led-mission-520\\\/#breadcrumb\",\"itemListElement\":[{\"@type\":\"ListItem\",\"position\":1,\"name\":\"Avaleht\",\"item\":\"https:\\\/\\\/toidupakk.ee\\\/pl\\\/\"},{\"@type\":\"ListItem\",\"position\":2,\"name\":\"Sklep internetowy\",\"item\":\"https:\\\/\\\/toidupakk.ee\\\/pl\\\/sklep-internetowy\\\/\"},{\"@type\":\"ListItem\",\"position\":3,\"name\":\"Latarka LED MISSION 520\"}]},{\"@type\":\"WebSite\",\"@id\":\"https:\\\/\\\/toidupakk.ee\\\/pl\\\/#website\",\"url\":\"https:\\\/\\\/toidupakk.ee\\\/pl\\\/\",\"name\":\"Toidupakk.ee - Tactical Foodpack toidupakid\",\"description\":\"Tactical Foodpack k\u00fclmkuivatatud toidupakid ja matkaeined\",\"publisher\":{\"@id\":\"https:\\\/\\\/toidupakk.ee\\\/pl\\\/#organization\"},\"potentialAction\":[{\"@type\":\"SearchAction\",\"target\":{\"@type\":\"EntryPoint\",\"urlTemplate\":\"https:\\\/\\\/toidupakk.ee\\\/pl\\\/?s={search_term_string}\"},\"query-input\":{\"@type\":\"PropertyValueSpecification\",\"valueRequired\":true,\"valueName\":\"search_term_string\"}}],\"inLanguage\":\"pl-PL\"},{\"@type\":\"Organization\",\"@id\":\"https:\\\/\\\/toidupakk.ee\\\/pl\\\/#organization\",\"name\":\"Tactical Foodpack matkaeined\",\"url\":\"https:\\\/\\\/toidupakk.ee\\\/pl\\\/\",\"logo\":{\"@type\":\"ImageObject\",\"inLanguage\":\"pl-PL\",\"@id\":\"https:\\\/\\\/toidupakk.ee\\\/pl\\\/#\\\/schema\\\/logo\\\/image\\\/\",\"url\":\"https:\\\/\\\/toidupakk.ee\\\/wp-content\\\/uploads\\\/2022\\\/01\\\/Toidupakk-matkapood-logo-transparent.png\",\"contentUrl\":\"https:\\\/\\\/toidupakk.ee\\\/wp-content\\\/uploads\\\/2022\\\/01\\\/Toidupakk-matkapood-logo-transparent.png\",\"width\":500,\"height\":500,\"caption\":\"Tactical Foodpack matkaeined\"},\"image\":{\"@id\":\"https:\\\/\\\/toidupakk.ee\\\/pl\\\/#\\\/schema\\\/logo\\\/image\\\/\"},\"sameAs\":[\"https:\\\/\\\/www.facebook.com\\\/Toidupakk\",\"https:\\\/\\\/www.instagram.com\\\/toidupakk\\\/\"]}]}<\/script>\n<!-- \/ Yoast SEO plugin. -->","yoast_head_json":{"title":"Latarka LED MISSION 520","description":"Latarka LED o zasi\u0119gu do 240 m. Mocna dioda LED o jasno\u015bci 520 lumen\u00f3w. Klasa wodoodporno\u015bci IPX4. Solidna aluminiowa obudowa. W zestawie matowe czarne pude\u0142ko prezentowe.","robots":{"index":"index","follow":"follow","max-snippet":"max-snippet:-1","max-image-preview":"max-image-preview:large","max-video-preview":"max-video-preview:-1"},"canonical":"https:\/\/toidupakk.ee\/pl\/toode\/latarka-led-mission-520\/","og_locale":"pl_PL","og_type":"article","og_title":"Latarka LED MISSION 520","og_description":"Latarka LED o zasi\u0119gu do 240 m. Mocna dioda LED o jasno\u015bci 520 lumen\u00f3w. Klasa wodoodporno\u015bci IPX4. Solidna aluminiowa obudowa. W zestawie matowe czarne pude\u0142ko prezentowe.","og_url":"https:\/\/toidupakk.ee\/pl\/toode\/latarka-led-mission-520\/","og_site_name":"Toidupakk.ee - Tactical Foodpack toidupakid","article_publisher":"https:\/\/www.facebook.com\/Toidupakk","article_modified_time":"2026-04-29T12:31:37+00:00","og_image":[{"width":1080,"height":1080,"url":"https:\/\/toidupakk.ee\/wp-content\/uploads\/2023\/02\/LED-taskulamp-MISSION-520-1.png","type":"image\/png"}],"twitter_card":"summary_large_image","twitter_misc":{"Szacowany czas czytania":"2 minuty"},"schema":{"@context":"https:\/\/schema.org","@graph":[{"@type":"WebPage","@id":"https:\/\/toidupakk.ee\/pl\/toode\/latarka-led-mission-520\/","url":"https:\/\/toidupakk.ee\/pl\/toode\/latarka-led-mission-520\/","name":"Latarka LED MISSION 520","isPartOf":{"@id":"https:\/\/toidupakk.ee\/pl\/#website"},"primaryImageOfPage":{"@id":"https:\/\/toidupakk.ee\/pl\/toode\/latarka-led-mission-520\/#primaryimage"},"image":{"@id":"https:\/\/toidupakk.ee\/pl\/toode\/latarka-led-mission-520\/#primaryimage"},"thumbnailUrl":"https:\/\/toidupakk.ee\/wp-content\/uploads\/2023\/02\/LED-taskulamp-MISSION-520-1.png","datePublished":"2023-02-02T13:39:28+00:00","dateModified":"2026-04-29T12:31:37+00:00","description":"Latarka LED o zasi\u0119gu do 240 m. Mocna dioda LED o jasno\u015bci 520 lumen\u00f3w. Klasa wodoodporno\u015bci IPX4. Solidna aluminiowa obudowa. W zestawie matowe czarne pude\u0142ko prezentowe.","breadcrumb":{"@id":"https:\/\/toidupakk.ee\/pl\/toode\/latarka-led-mission-520\/#breadcrumb"},"inLanguage":"pl-PL","potentialAction":[{"@type":"ReadAction","target":["https:\/\/toidupakk.ee\/pl\/toode\/latarka-led-mission-520\/"]}]},{"@type":"ImageObject","inLanguage":"pl-PL","@id":"https:\/\/toidupakk.ee\/pl\/toode\/latarka-led-mission-520\/#primaryimage","url":"https:\/\/toidupakk.ee\/wp-content\/uploads\/2023\/02\/LED-taskulamp-MISSION-520-1.png","contentUrl":"https:\/\/toidupakk.ee\/wp-content\/uploads\/2023\/02\/LED-taskulamp-MISSION-520-1.png","width":1080,"height":1080,"caption":"Latarka LED"},{"@type":"BreadcrumbList","@id":"https:\/\/toidupakk.ee\/pl\/toode\/latarka-led-mission-520\/#breadcrumb","itemListElement":[{"@type":"ListItem","position":1,"name":"Avaleht","item":"https:\/\/toidupakk.ee\/pl\/"},{"@type":"ListItem","position":2,"name":"Sklep internetowy","item":"https:\/\/toidupakk.ee\/pl\/sklep-internetowy\/"},{"@type":"ListItem","position":3,"name":"Latarka LED MISSION 520"}]},{"@type":"WebSite","@id":"https:\/\/toidupakk.ee\/pl\/#website","url":"https:\/\/toidupakk.ee\/pl\/","name":"Toidupakk.ee - Tactical Foodpack toidupakid","description":"Tactical Foodpack k\u00fclmkuivatatud toidupakid ja matkaeined","publisher":{"@id":"https:\/\/toidupakk.ee\/pl\/#organization"},"potentialAction":[{"@type":"SearchAction","target":{"@type":"EntryPoint","urlTemplate":"https:\/\/toidupakk.ee\/pl\/?s={search_term_string}"},"query-input":{"@type":"PropertyValueSpecification","valueRequired":true,"valueName":"search_term_string"}}],"inLanguage":"pl-PL"},{"@type":"Organization","@id":"https:\/\/toidupakk.ee\/pl\/#organization","name":"Tactical Foodpack matkaeined","url":"https:\/\/toidupakk.ee\/pl\/","logo":{"@type":"ImageObject","inLanguage":"pl-PL","@id":"https:\/\/toidupakk.ee\/pl\/#\/schema\/logo\/image\/","url":"https:\/\/toidupakk.ee\/wp-content\/uploads\/2022\/01\/Toidupakk-matkapood-logo-transparent.png","contentUrl":"https:\/\/toidupakk.ee\/wp-content\/uploads\/2022\/01\/Toidupakk-matkapood-logo-transparent.png","width":500,"height":500,"caption":"Tactical Foodpack matkaeined"},"image":{"@id":"https:\/\/toidupakk.ee\/pl\/#\/schema\/logo\/image\/"},"sameAs":["https:\/\/www.facebook.com\/Toidupakk","https:\/\/www.instagram.com\/toidupakk\/"]}]}},"jetpack_sharing_enabled":true,"_links":{"self":[{"href":"https:\/\/toidupakk.ee\/pl\/wp-json\/wp\/v2\/product\/51729","targetHints":{"allow":["GET"]}}],"collection":[{"href":"https:\/\/toidupakk.ee\/pl\/wp-json\/wp\/v2\/product"}],"about":[{"href":"https:\/\/toidupakk.ee\/pl\/wp-json\/wp\/v2\/types\/product"}],"replies":[{"embeddable":true,"href":"https:\/\/toidupakk.ee\/pl\/wp-json\/wp\/v2\/comments?post=51729"}],"wp:featuredmedia":[{"embeddable":true,"href":"https:\/\/toidupakk.ee\/pl\/wp-json\/wp\/v2\/media\/51738"}],"wp:attachment":[{"href":"https:\/\/toidupakk.ee\/pl\/wp-json\/wp\/v2\/media?parent=51729"}],"wp:term":[{"taxonomy":"product_brand","embeddable":true,"href":"https:\/\/toidupakk.ee\/pl\/wp-json\/wp\/v2\/product_brand?post=51729"},{"taxonomy":"product_cat","embeddable":true,"href":"https:\/\/toidupakk.ee\/pl\/wp-json\/wp\/v2\/product_cat?post=51729"},{"taxonomy":"product_tag","embeddable":true,"href":"https:\/\/toidupakk.ee\/pl\/wp-json\/wp\/v2\/product_tag?post=51729"}],"curies":[{"name":"wp","href":"https:\/\/api.w.org\/{rel}","templated":true}]}}