{"id":51709,"date":"2021-09-03T13:44:37","date_gmt":"2021-09-03T10:44:37","guid":{"rendered":"https:\/\/toidupakk.ee\/toode\/pasta-bolognese\/"},"modified":"2026-04-29T15:31:58","modified_gmt":"2026-04-29T12:31:58","slug":"pasta-bolognese","status":"publish","type":"product","link":"https:\/\/toidupakk.ee\/pl\/toode\/pasta-bolognese\/","title":{"rendered":"Pasta Bolognese"},"content":{"rendered":"<h1><img fetchpriority=\"high\" decoding=\"async\" class=\"alignright wp-image-32677 size-thumbnail\" src=\"https:\/\/toidupakk.ee\/wp-content\/uploads\/2021\/09\/Tactical-Foodpack-Pasta-Bolognese-pakend-esikylg-500x500.png\" alt=\"pasta bolognese tactical food\" width=\"500\" height=\"500\" srcset=\"https:\/\/toidupakk.ee\/wp-content\/uploads\/2021\/09\/Tactical-Foodpack-Pasta-Bolognese-pakend-esikylg-500x500.png 500w, https:\/\/toidupakk.ee\/wp-content\/uploads\/2021\/09\/Tactical-Foodpack-Pasta-Bolognese-pakend-esikylg-400x400.png 400w, https:\/\/toidupakk.ee\/wp-content\/uploads\/2021\/09\/Tactical-Foodpack-Pasta-Bolognese-pakend-esikylg-100x100.png 100w, https:\/\/toidupakk.ee\/wp-content\/uploads\/2021\/09\/Tactical-Foodpack-Pasta-Bolognese-pakend-esikylg-300x300.png 300w, https:\/\/toidupakk.ee\/wp-content\/uploads\/2021\/09\/Tactical-Foodpack-Pasta-Bolognese-pakend-esikylg-768x768.png 768w, https:\/\/toidupakk.ee\/wp-content\/uploads\/2021\/09\/Tactical-Foodpack-Pasta-Bolognese-pakend-esikylg.png 800w\" sizes=\"(max-width: 500px) 100vw, 500px\" \/><\/h1>\n<h1>Odkryj Pasta Bolognese od Tactical Foodpack<\/h1>\n<p><strong>Pasta Bolognese<\/strong> od Tactical Foodpack to idealne rozwi\u0105zanie dla os\u00f3b szukaj\u0105cych smacznego i po\u017cywnego gotowego posi\u0142ku. To liofilizowane danie zosta\u0142o stworzone specjalnie z my\u015bl\u0105 o w\u0119dr\u00f3wkach, przygodach lub szybkich posi\u0142kach w domu, oferuj\u0105c doskona\u0142\u0105 r\u00f3wnowag\u0119 mi\u0119dzy wygod\u0105 a warto\u015bci\u0105 od\u017cywcz\u0105. <\/p>\n<h2>Dlaczego warto wybra\u0107 Pasta Bolognese?<\/h2>\n<p>Pasta Bolognese to znacznie wi\u0119cej ni\u017c tylko posi\u0142ek \u2013 to do\u015bwiadczenie. Dania taktyczne, podobnie jak Risotto grzybowe, s\u0105 zaprojektowane, aby zapewni\u0107 przetrwanie i od\u017cywienie nawet w najtrudniejszych warunkach. Oto kilka powod\u00f3w, dla kt\u00f3rych ten produkt powinien by\u0107 Twoim kolejnym wyborem:  <\/p>\n<ul>\n<li><strong>\u0141atwe w przygotowaniu<\/strong>: Po prostu dodaj gor\u0105c\u0105 wod\u0119 i odczekaj 8 minut. Bez skomplikowanego gotowania \u2013 szybko i wygodnie. <\/li>\n<li><strong>Wysoka zawarto\u015b\u0107 energii<\/strong>: Jedna porcja dostarcza 507 kcal, co wystarczy, aby utrzyma\u0107 energi\u0119 przez ca\u0142y dzie\u0144.<\/li>\n<li><strong>Naturalny sk\u0142ad<\/strong>: Bez konserwant\u00f3w i sztucznych dodatk\u00f3w. Tylko najlepsze sk\u0142adniki, kt\u00f3re gwarantuj\u0105 autentyczny smak i zdrowe od\u017cywianie. <\/li>\n<li><strong>D\u0142ugi termin przydatno\u015bci<\/strong>: Najlepiej spo\u017cy\u0107 przed up\u0142ywem 8 lat od daty produkcji, co czyni go idealnym do d\u0142ugoterminowego przechowywania lub na sytuacje awaryjne.<\/li>\n<li><strong>Wyprodukowano w Niemczech<\/strong>: Wysoka jako\u015b\u0107 produkcji gwarantuje, \u017ce ka\u017cdy posi\u0142ek spe\u0142nia najwy\u017csze standardy i zachowuje swoje walory smakowe nawet po latach.<\/li>\n<\/ul>\n<h3>Opis produktu: co sprawia, \u017ce Pasta Bolognese jest tak wyj\u0105tkowa?<\/h3>\n<p><strong>Pasta Bolognese<\/strong> jest przygotowana ze starannie dobranych sk\u0142adnik\u00f3w, aby zapewni\u0107 doskona\u0142y smak i warto\u015bci od\u017cywcze. Ka\u017cde opakowanie zawiera makaron z pszenicy durum (41%) po\u0142\u0105czony z pomidorami i mielon\u0105 wo\u0142owin\u0105 (13%). Dodatki takie jak cebula, seler, czosnek, przyprawy, olej rzepakowy i s\u00f3l sk\u0142adaj\u0105 si\u0119 na bogaty i kremowy smak.  <\/p>\n<h3>Zalety liofilizacji<\/h3>\n<p>Liofilizacja to proces, kt\u00f3ry zachowuje \u015bwie\u017co\u015b\u0107, tekstur\u0119 i warto\u015b\u0107 od\u017cywcz\u0105 \u017cywno\u015bci poprzez usuwanie wody w bardzo niskich temperaturach. Oznacza to, \u017ce wszystkie posi\u0142ki Tactical Foodpack, w tym Risotto grzybowe, s\u0105 lekkie, kompaktowe i maj\u0105 d\u0142ugi termin przydatno\u015bci, zachowuj\u0105c przy tym wszystkie wa\u017cne witaminy i minera\u0142y. <\/p>\n<h3>Dla kogo jest przeznaczona Pasta Bolognese?<\/h3>\n<ul>\n<li><strong>Dla w\u0119drowc\u00f3w i obozowicz\u00f3w<\/strong>: Risotto grzybowe to idealny wyb\u00f3r na wypraw\u0119, poniewa\u017c jest lekkie, ma kompaktowe opakowanie i jest \u0142atwe w przygotowaniu.<\/li>\n<li><strong>Dla poszukiwaczy przyg\u00f3d i survivalowc\u00f3w<\/strong>: D\u0142ugi termin przydatno\u015bci i wysoka zawarto\u015b\u0107 energii sprawiaj\u0105, \u017ce jest to doskona\u0142y wyb\u00f3r w sytuacjach survivalowych lub na d\u0142ugie wyprawy.<\/li>\n<li><strong>Na szybki posi\u0142ek w domu<\/strong>: Je\u015bli nie masz czasu na gotowanie, a chcesz zje\u015b\u0107 co\u015b po\u017cywnego i smacznego, to danie jest szybkim i zdrowym rozwi\u0105zaniem.<\/li>\n<\/ul>\n<p><img decoding=\"async\" class=\"alignnone wp-image-32676 size-thumbnail\" src=\"https:\/\/toidupakk.ee\/wp-content\/uploads\/2021\/09\/Pasta-bolognese-Tactical-Foodpack-koostis-500x500.png\" alt=\"\" width=\"500\" height=\"500\" srcset=\"https:\/\/toidupakk.ee\/wp-content\/uploads\/2021\/09\/Pasta-bolognese-Tactical-Foodpack-koostis-500x500.png 500w, https:\/\/toidupakk.ee\/wp-content\/uploads\/2021\/09\/Pasta-bolognese-Tactical-Foodpack-koostis-400x400.png 400w, https:\/\/toidupakk.ee\/wp-content\/uploads\/2021\/09\/Pasta-bolognese-Tactical-Foodpack-koostis-100x100.png 100w, https:\/\/toidupakk.ee\/wp-content\/uploads\/2021\/09\/Pasta-bolognese-Tactical-Foodpack-koostis-300x300.png 300w, https:\/\/toidupakk.ee\/wp-content\/uploads\/2021\/09\/Pasta-bolognese-Tactical-Foodpack-koostis-768x768.png 768w, https:\/\/toidupakk.ee\/wp-content\/uploads\/2021\/09\/Pasta-bolognese-Tactical-Foodpack-koostis.png 800w\" sizes=\"(max-width: 500px) 100vw, 500px\" \/><\/p>\n<h3>Informacje o produkcie i warunki przechowywania<\/h3>\n<p>Pasta Bolognese jest dost\u0119pna w opakowaniu 115 g, co stanowi optymaln\u0105 ilo\u015b\u0107 dla jednej osoby. Idealna temperatura przechowywania wynosi od 10 \u00b0C do +30 \u00b0C. Dzi\u0119ki liofilizacji produkt jest trwa\u0142y i \u0142atwy w transporcie, nadaj\u0105c si\u0119 zar\u00f3wno do zapas\u00f3w domowych, jak i do plecaka wyprawowego.  <\/p>\n<h3>Posi\u0142ki Tactical Foodpack \u2013 jak u\u017cywa\u0107<\/h3>\n<p>Otw\u00f3rz opakowanie od g\u00f3ry w wyznaczonym miejscu. Wyjmij poch\u0142aniacz tlenu (ma\u0142a saszetka) znajduj\u0105cy si\u0119 wewn\u0105trz \u2013 mo\u017cesz go wyrzuci\u0107 do kosza razem z odpadami domowymi. Wlej do \u015brodka gor\u0105c\u0105 wod\u0119 w ilo\u015bci wskazanej na opakowaniu. Dok\u0142adnie wymieszaj ca\u0142\u0105 zawarto\u015b\u0107, a\u017c do samego dna. Zamknij opakowanie za pomoc\u0105 strunowego zapi\u0119cia u g\u00f3ry. Odczekaj 8 minut, a nast\u0119pnie ciesz si\u0119 ciep\u0142ym posi\u0142kiem.     <\/p>\n<h3>Tactical Foodpack \u2013 wyb\u00f3r, kt\u00f3remu mo\u017cesz zaufa\u0107<\/h3>\n<p><strong>Tactical Foodpack<\/strong> s\u0142ynie z wysokiej jako\u015bci i niezawodnych posi\u0142k\u00f3w turystycznych. Firma koncentruje si\u0119 na produktach oferuj\u0105cych wysok\u0105 warto\u015b\u0107 od\u017cywcz\u0105 i doznania smakowe, bez kompromis\u00f3w w kwestii zdrowia. W ich ofercie znajduj\u0105 si\u0119 r\u00f3\u017cne dania, od \u015bniada\u0144 po pe\u0142ne kolacje, wszystkie stworzone specjalnie do u\u017cytku w terenie i survivalu.  <\/p>\n<h3>Zam\u00f3w Pasta Bolognese ju\u017c dzi\u015b!<\/h3>\n<p>Nie przegap okazji! Dodaj produkty Tactical Foodpack do swojego baga\u017cu ju\u017c dzi\u015b i ciesz si\u0119 pe\u0142nowarto\u015bciowym posi\u0142kiem zawsze i wsz\u0119dzie. Produkt dost\u0119pny w magazynie, mo\u017cesz go zam\u00f3wi\u0107 ju\u017c teraz. Idealny wyb\u00f3r dla ka\u017cdego, kto szuka prostego, zdrowego i smacznego rozwi\u0105zania!   <\/p>\n<p>Kup teraz i przekonaj si\u0119 o jako\u015bci Tactical Foodpack na w\u0142asnej sk\u00f3rze!<\/p>\n<p>&nbsp;<\/p>\n<p>Zobacz wi\u0119cej akcesori\u00f3w turystycznych <a href=\"https:\/\/toidupakk.ee\/pl\/tootekategooria\/sprzet-turystyczny\/#section-3-79\">TUTAJ<\/a><\/p>\n<p>Znajd\u017a inspiracj\u0119 na kolejne przygody na <a href=\"https:\/\/www.instagram.com\/toidupakk\/\">Instagramie<\/a> i <a href=\"https:\/\/www.facebook.com\/Toidupakk\/\">Facebooku<\/a> Toidupakk.<\/p>\n","protected":false},"excerpt":{"rendered":"<p><strong>Tradycyjna liofilizowana Pasta Bolognese.<\/strong><\/p>\n<p><strong>Teraz dost\u0119pny r\u00f3wnie\u017c w DU\u017bEJ porcji, bo jest po prostu tak dobry.<\/strong><\/p>\n<ul>\n<li>Jeden z naszych <strong>najlepiej ocenianych produkt\u00f3w<\/strong><\/li>\n<li>U\u017cyto <strong>wysokiej jako\u015bci mielonej wo\u0142owiny<\/strong>, seler nadaje doskona\u0142y smak<\/li>\n<li>Gotowe danie &#8211; po prostu zalej gor\u0105c\u0105 wod\u0105 i po 8 min mo\u017cesz cieszy\u0107 si\u0119 pe\u0142nowarto\u015bciowym posi\u0142kiem<\/li>\n<li>Aby przygotowa\u0107, dodaj do opakowania 300 ml gor\u0105cej wody<\/li>\n<li><strong><span lang=\"ET\">Naturalny sk\u0142ad, nie zawiera konserwant\u00f3w ani dodatk\u00f3w<\/span><\/strong><\/li>\n<li><span lang=\"ET\">Warto\u015b\u0107 energetyczna na porcj\u0119 wynosi 507 kcal \/ DU\u017bA porcja 705 kcal<\/span><\/li>\n<li><strong>Najlepiej spo\u017cy\u0107 przed: 8 lat od daty produkcji<\/strong><\/li>\n<li>Wyprodukowano w Niemczech wed\u0142ug esto\u0144skiej receptury<\/li>\n<li>Idealna temperatura przechowywania: od 10 \u00b0C do +30 \u00b0C<\/li>\n<\/ul>\n<p><strong>Sk\u0142adniki:<\/strong><br \/>\nmakaron (41%) (m\u0105ka z pszenicy durum, woda), pomidory, mielona wo\u0142owina (13%), cebula, seler, olej rzepakowy, przyprawy, czosnek, s\u00f3l.<\/p>\n<p>\u2705 Dost\u0119pne w magazynie, szybka dostawa w 1\u20133 dni robocze<\/p>\n","protected":false},"featured_media":51714,"comment_status":"open","ping_status":"closed","template":"","meta":{"_acf_changed":false},"product_brand":[],"product_cat":[303,335,337,336],"product_tag":[338],"class_list":{"0":"post-51709","1":"product","2":"type-product","3":"status-publish","4":"has-post-thumbnail","6":"product_cat-akcesoria-turystyczne","7":"product_cat-dania-glowne","8":"product_cat-posilki-tactical-foodpack","9":"product_cat-zywnosc-turystyczna","10":"product_tag-tactical-foodpack","12":"first","13":"instock","14":"featured","15":"taxable","16":"shipping-taxable","17":"purchasable","18":"product-type-variable","19":"has-default-attributes"},"bundled_by":[],"bundle_stock_status":"instock","bundle_stock_quantity":null,"bundle_virtual":false,"bundle_layout":"","bundle_add_to_cart_form_location":"","bundle_editable_in_cart":false,"bundle_sold_individually_context":"","bundle_item_grouping":"","bundle_min_size":"","bundle_max_size":"","bundle_price":[],"bundled_items":[],"bundle_sell_ids":[],"acf":[],"yoast_head":"<!-- This site is optimized with the Yoast SEO plugin v27.3 - https:\/\/yoast.com\/product\/yoast-seo-wordpress\/ -->\n<title>Pasta Bolognese - Toidupakk.ee - Tactical Foodpack toidupakid<\/title>\n<meta name=\"description\" content=\"Pasta Bolognese to jeden z naszych najlepiej ocenianych produkt\u00f3w. U\u017cyli\u015bmy wysokiej jako\u015bci mielonej wo\u0142owiny, a seler nadaje ca\u0142o\u015bci \u015bwietny smak. Naturalne i bez konserwant\u00f3w.\" \/>\n<meta name=\"robots\" content=\"index, follow, max-snippet:-1, max-image-preview:large, max-video-preview:-1\" \/>\n<link rel=\"canonical\" href=\"https:\/\/toidupakk.ee\/pl\/toode\/pasta-bolognese\/\" \/>\n<meta property=\"og:locale\" content=\"pl_PL\" \/>\n<meta property=\"og:type\" content=\"article\" \/>\n<meta property=\"og:title\" content=\"Pasta Bolognese - Toidupakk.ee - Tactical Foodpack toidupakid\" \/>\n<meta property=\"og:description\" content=\"Pasta Bolognese to jeden z naszych najlepiej ocenianych produkt\u00f3w. U\u017cyli\u015bmy wysokiej jako\u015bci mielonej wo\u0142owiny, a seler nadaje ca\u0142o\u015bci \u015bwietny smak. Naturalne i bez konserwant\u00f3w.\" \/>\n<meta property=\"og:url\" content=\"https:\/\/toidupakk.ee\/pl\/toode\/pasta-bolognese\/\" \/>\n<meta property=\"og:site_name\" content=\"Toidupakk.ee - Tactical Foodpack toidupakid\" \/>\n<meta property=\"article:publisher\" content=\"https:\/\/www.facebook.com\/Toidupakk\" \/>\n<meta property=\"article:modified_time\" content=\"2026-04-29T12:31:58+00:00\" \/>\n<meta property=\"og:image\" content=\"https:\/\/toidupakk.ee\/wp-content\/uploads\/2021\/09\/Tactical-Foodpack-Pasta-Bolognese-kausiga.png\" \/>\n\t<meta property=\"og:image:width\" content=\"800\" \/>\n\t<meta property=\"og:image:height\" content=\"800\" \/>\n\t<meta property=\"og:image:type\" content=\"image\/png\" \/>\n<meta name=\"twitter:card\" content=\"summary_large_image\" \/>\n<meta name=\"twitter:label1\" content=\"Szacowany czas czytania\" \/>\n\t<meta name=\"twitter:data1\" content=\"4 minuty\" \/>\n<script type=\"application\/ld+json\" class=\"yoast-schema-graph\">{\"@context\":\"https:\\\/\\\/schema.org\",\"@graph\":[{\"@type\":\"WebPage\",\"@id\":\"https:\\\/\\\/toidupakk.ee\\\/pl\\\/toode\\\/pasta-bolognese\\\/\",\"url\":\"https:\\\/\\\/toidupakk.ee\\\/pl\\\/toode\\\/pasta-bolognese\\\/\",\"name\":\"Pasta Bolognese - Toidupakk.ee - Tactical Foodpack toidupakid\",\"isPartOf\":{\"@id\":\"https:\\\/\\\/toidupakk.ee\\\/pl\\\/#website\"},\"primaryImageOfPage\":{\"@id\":\"https:\\\/\\\/toidupakk.ee\\\/pl\\\/toode\\\/pasta-bolognese\\\/#primaryimage\"},\"image\":{\"@id\":\"https:\\\/\\\/toidupakk.ee\\\/pl\\\/toode\\\/pasta-bolognese\\\/#primaryimage\"},\"thumbnailUrl\":\"https:\\\/\\\/toidupakk.ee\\\/wp-content\\\/uploads\\\/2021\\\/09\\\/Tactical-Foodpack-Pasta-Bolognese-kausiga.png\",\"datePublished\":\"2021-09-03T10:44:37+00:00\",\"dateModified\":\"2026-04-29T12:31:58+00:00\",\"description\":\"Pasta Bolognese to jeden z naszych najlepiej ocenianych produkt\u00f3w. U\u017cyli\u015bmy wysokiej jako\u015bci mielonej wo\u0142owiny, a seler nadaje ca\u0142o\u015bci \u015bwietny smak. Naturalne i bez konserwant\u00f3w.\",\"breadcrumb\":{\"@id\":\"https:\\\/\\\/toidupakk.ee\\\/pl\\\/toode\\\/pasta-bolognese\\\/#breadcrumb\"},\"inLanguage\":\"pl-PL\",\"potentialAction\":[{\"@type\":\"ReadAction\",\"target\":[\"https:\\\/\\\/toidupakk.ee\\\/pl\\\/toode\\\/pasta-bolognese\\\/\"]}]},{\"@type\":\"ImageObject\",\"inLanguage\":\"pl-PL\",\"@id\":\"https:\\\/\\\/toidupakk.ee\\\/pl\\\/toode\\\/pasta-bolognese\\\/#primaryimage\",\"url\":\"https:\\\/\\\/toidupakk.ee\\\/wp-content\\\/uploads\\\/2021\\\/09\\\/Tactical-Foodpack-Pasta-Bolognese-kausiga.png\",\"contentUrl\":\"https:\\\/\\\/toidupakk.ee\\\/wp-content\\\/uploads\\\/2021\\\/09\\\/Tactical-Foodpack-Pasta-Bolognese-kausiga.png\",\"width\":800,\"height\":800,\"caption\":\"makaron bolognese z wo\u0142owin\u0105\"},{\"@type\":\"BreadcrumbList\",\"@id\":\"https:\\\/\\\/toidupakk.ee\\\/pl\\\/toode\\\/pasta-bolognese\\\/#breadcrumb\",\"itemListElement\":[{\"@type\":\"ListItem\",\"position\":1,\"name\":\"Avaleht\",\"item\":\"https:\\\/\\\/toidupakk.ee\\\/pl\\\/\"},{\"@type\":\"ListItem\",\"position\":2,\"name\":\"Sklep internetowy\",\"item\":\"https:\\\/\\\/toidupakk.ee\\\/pl\\\/sklep-internetowy\\\/\"},{\"@type\":\"ListItem\",\"position\":3,\"name\":\"Pasta Bolognese\"}]},{\"@type\":\"WebSite\",\"@id\":\"https:\\\/\\\/toidupakk.ee\\\/pl\\\/#website\",\"url\":\"https:\\\/\\\/toidupakk.ee\\\/pl\\\/\",\"name\":\"Toidupakk.ee - Tactical Foodpack toidupakid\",\"description\":\"Tactical Foodpack k\u00fclmkuivatatud toidupakid ja matkaeined\",\"publisher\":{\"@id\":\"https:\\\/\\\/toidupakk.ee\\\/pl\\\/#organization\"},\"potentialAction\":[{\"@type\":\"SearchAction\",\"target\":{\"@type\":\"EntryPoint\",\"urlTemplate\":\"https:\\\/\\\/toidupakk.ee\\\/pl\\\/?s={search_term_string}\"},\"query-input\":{\"@type\":\"PropertyValueSpecification\",\"valueRequired\":true,\"valueName\":\"search_term_string\"}}],\"inLanguage\":\"pl-PL\"},{\"@type\":\"Organization\",\"@id\":\"https:\\\/\\\/toidupakk.ee\\\/pl\\\/#organization\",\"name\":\"Tactical Foodpack matkaeined\",\"url\":\"https:\\\/\\\/toidupakk.ee\\\/pl\\\/\",\"logo\":{\"@type\":\"ImageObject\",\"inLanguage\":\"pl-PL\",\"@id\":\"https:\\\/\\\/toidupakk.ee\\\/pl\\\/#\\\/schema\\\/logo\\\/image\\\/\",\"url\":\"https:\\\/\\\/toidupakk.ee\\\/wp-content\\\/uploads\\\/2022\\\/01\\\/Toidupakk-matkapood-logo-transparent.png\",\"contentUrl\":\"https:\\\/\\\/toidupakk.ee\\\/wp-content\\\/uploads\\\/2022\\\/01\\\/Toidupakk-matkapood-logo-transparent.png\",\"width\":500,\"height\":500,\"caption\":\"Tactical Foodpack matkaeined\"},\"image\":{\"@id\":\"https:\\\/\\\/toidupakk.ee\\\/pl\\\/#\\\/schema\\\/logo\\\/image\\\/\"},\"sameAs\":[\"https:\\\/\\\/www.facebook.com\\\/Toidupakk\",\"https:\\\/\\\/www.instagram.com\\\/toidupakk\\\/\"]}]}<\/script>\n<!-- \/ Yoast SEO plugin. -->","yoast_head_json":{"title":"Pasta Bolognese - Toidupakk.ee - Tactical Foodpack toidupakid","description":"Pasta Bolognese to jeden z naszych najlepiej ocenianych produkt\u00f3w. U\u017cyli\u015bmy wysokiej jako\u015bci mielonej wo\u0142owiny, a seler nadaje ca\u0142o\u015bci \u015bwietny smak. Naturalne i bez konserwant\u00f3w.","robots":{"index":"index","follow":"follow","max-snippet":"max-snippet:-1","max-image-preview":"max-image-preview:large","max-video-preview":"max-video-preview:-1"},"canonical":"https:\/\/toidupakk.ee\/pl\/toode\/pasta-bolognese\/","og_locale":"pl_PL","og_type":"article","og_title":"Pasta Bolognese - Toidupakk.ee - Tactical Foodpack toidupakid","og_description":"Pasta Bolognese to jeden z naszych najlepiej ocenianych produkt\u00f3w. U\u017cyli\u015bmy wysokiej jako\u015bci mielonej wo\u0142owiny, a seler nadaje ca\u0142o\u015bci \u015bwietny smak. Naturalne i bez konserwant\u00f3w.","og_url":"https:\/\/toidupakk.ee\/pl\/toode\/pasta-bolognese\/","og_site_name":"Toidupakk.ee - Tactical Foodpack toidupakid","article_publisher":"https:\/\/www.facebook.com\/Toidupakk","article_modified_time":"2026-04-29T12:31:58+00:00","og_image":[{"width":800,"height":800,"url":"https:\/\/toidupakk.ee\/wp-content\/uploads\/2021\/09\/Tactical-Foodpack-Pasta-Bolognese-kausiga.png","type":"image\/png"}],"twitter_card":"summary_large_image","twitter_misc":{"Szacowany czas czytania":"4 minuty"},"schema":{"@context":"https:\/\/schema.org","@graph":[{"@type":"WebPage","@id":"https:\/\/toidupakk.ee\/pl\/toode\/pasta-bolognese\/","url":"https:\/\/toidupakk.ee\/pl\/toode\/pasta-bolognese\/","name":"Pasta Bolognese - Toidupakk.ee - Tactical Foodpack toidupakid","isPartOf":{"@id":"https:\/\/toidupakk.ee\/pl\/#website"},"primaryImageOfPage":{"@id":"https:\/\/toidupakk.ee\/pl\/toode\/pasta-bolognese\/#primaryimage"},"image":{"@id":"https:\/\/toidupakk.ee\/pl\/toode\/pasta-bolognese\/#primaryimage"},"thumbnailUrl":"https:\/\/toidupakk.ee\/wp-content\/uploads\/2021\/09\/Tactical-Foodpack-Pasta-Bolognese-kausiga.png","datePublished":"2021-09-03T10:44:37+00:00","dateModified":"2026-04-29T12:31:58+00:00","description":"Pasta Bolognese to jeden z naszych najlepiej ocenianych produkt\u00f3w. U\u017cyli\u015bmy wysokiej jako\u015bci mielonej wo\u0142owiny, a seler nadaje ca\u0142o\u015bci \u015bwietny smak. Naturalne i bez konserwant\u00f3w.","breadcrumb":{"@id":"https:\/\/toidupakk.ee\/pl\/toode\/pasta-bolognese\/#breadcrumb"},"inLanguage":"pl-PL","potentialAction":[{"@type":"ReadAction","target":["https:\/\/toidupakk.ee\/pl\/toode\/pasta-bolognese\/"]}]},{"@type":"ImageObject","inLanguage":"pl-PL","@id":"https:\/\/toidupakk.ee\/pl\/toode\/pasta-bolognese\/#primaryimage","url":"https:\/\/toidupakk.ee\/wp-content\/uploads\/2021\/09\/Tactical-Foodpack-Pasta-Bolognese-kausiga.png","contentUrl":"https:\/\/toidupakk.ee\/wp-content\/uploads\/2021\/09\/Tactical-Foodpack-Pasta-Bolognese-kausiga.png","width":800,"height":800,"caption":"makaron bolognese z wo\u0142owin\u0105"},{"@type":"BreadcrumbList","@id":"https:\/\/toidupakk.ee\/pl\/toode\/pasta-bolognese\/#breadcrumb","itemListElement":[{"@type":"ListItem","position":1,"name":"Avaleht","item":"https:\/\/toidupakk.ee\/pl\/"},{"@type":"ListItem","position":2,"name":"Sklep internetowy","item":"https:\/\/toidupakk.ee\/pl\/sklep-internetowy\/"},{"@type":"ListItem","position":3,"name":"Pasta Bolognese"}]},{"@type":"WebSite","@id":"https:\/\/toidupakk.ee\/pl\/#website","url":"https:\/\/toidupakk.ee\/pl\/","name":"Toidupakk.ee - Tactical Foodpack toidupakid","description":"Tactical Foodpack k\u00fclmkuivatatud toidupakid ja matkaeined","publisher":{"@id":"https:\/\/toidupakk.ee\/pl\/#organization"},"potentialAction":[{"@type":"SearchAction","target":{"@type":"EntryPoint","urlTemplate":"https:\/\/toidupakk.ee\/pl\/?s={search_term_string}"},"query-input":{"@type":"PropertyValueSpecification","valueRequired":true,"valueName":"search_term_string"}}],"inLanguage":"pl-PL"},{"@type":"Organization","@id":"https:\/\/toidupakk.ee\/pl\/#organization","name":"Tactical Foodpack matkaeined","url":"https:\/\/toidupakk.ee\/pl\/","logo":{"@type":"ImageObject","inLanguage":"pl-PL","@id":"https:\/\/toidupakk.ee\/pl\/#\/schema\/logo\/image\/","url":"https:\/\/toidupakk.ee\/wp-content\/uploads\/2022\/01\/Toidupakk-matkapood-logo-transparent.png","contentUrl":"https:\/\/toidupakk.ee\/wp-content\/uploads\/2022\/01\/Toidupakk-matkapood-logo-transparent.png","width":500,"height":500,"caption":"Tactical Foodpack matkaeined"},"image":{"@id":"https:\/\/toidupakk.ee\/pl\/#\/schema\/logo\/image\/"},"sameAs":["https:\/\/www.facebook.com\/Toidupakk","https:\/\/www.instagram.com\/toidupakk\/"]}]}},"jetpack_sharing_enabled":true,"_links":{"self":[{"href":"https:\/\/toidupakk.ee\/pl\/wp-json\/wp\/v2\/product\/51709","targetHints":{"allow":["GET"]}}],"collection":[{"href":"https:\/\/toidupakk.ee\/pl\/wp-json\/wp\/v2\/product"}],"about":[{"href":"https:\/\/toidupakk.ee\/pl\/wp-json\/wp\/v2\/types\/product"}],"replies":[{"embeddable":true,"href":"https:\/\/toidupakk.ee\/pl\/wp-json\/wp\/v2\/comments?post=51709"}],"wp:featuredmedia":[{"embeddable":true,"href":"https:\/\/toidupakk.ee\/pl\/wp-json\/wp\/v2\/media\/51714"}],"wp:attachment":[{"href":"https:\/\/toidupakk.ee\/pl\/wp-json\/wp\/v2\/media?parent=51709"}],"wp:term":[{"taxonomy":"product_brand","embeddable":true,"href":"https:\/\/toidupakk.ee\/pl\/wp-json\/wp\/v2\/product_brand?post=51709"},{"taxonomy":"product_cat","embeddable":true,"href":"https:\/\/toidupakk.ee\/pl\/wp-json\/wp\/v2\/product_cat?post=51709"},{"taxonomy":"product_tag","embeddable":true,"href":"https:\/\/toidupakk.ee\/pl\/wp-json\/wp\/v2\/product_tag?post=51709"}],"curies":[{"name":"wp","href":"https:\/\/api.w.org\/{rel}","templated":true}]}}