{"id":51705,"date":"2022-05-19T15:59:30","date_gmt":"2022-05-19T12:59:30","guid":{"rendered":"https:\/\/toidupakk.ee\/toode\/zestaw-naczyn-turystycznych\/"},"modified":"2026-04-14T11:30:11","modified_gmt":"2026-04-14T08:30:11","slug":"zestaw-naczyn-turystycznych","status":"publish","type":"product","link":"https:\/\/toidupakk.ee\/pl\/toode\/zestaw-naczyn-turystycznych\/","title":{"rendered":"Zestaw naczy\u0144 turystycznych"},"content":{"rendered":"<p>Zestaw naczy\u0144 turystycznych jest niezast\u0105piony na wyprawie<\/p>\n<p>Posi\u0142ek na \u015bwie\u017cym powietrzu to zawsze przyjemno\u015b\u0107, czy to na szlaku, czy na rodzinnym wypadzie. O Twoje doznania smakowe zadbaj\u0105 <a href=\"https:\/\/toidupakk.ee\/pl\/\">Tactical Foodpack<\/a> i <a href=\"https:\/\/toidupakk.ee\/pl\/tootekategooria\/zywnosc-turystyczna-meki\/\">dania gotowe Meki<\/a>, a tak\u017ce <a href=\"\/?product_cat=weekpack#section-3-79\">tygodniowe zapasy jedzenia<\/a> Tactical Foodpack, pakiety combo z sze\u015bcioma posi\u0142kami, pyszne <a href=\"\/?product_cat=hommikusook#section-3-79\">\u015bniadania<\/a> oraz <a href=\"\/?product_cat=snakk#section-3-79\">przek\u0105ski<\/a>. Do podgrzania posi\u0142k\u00f3w warto zabra\u0107 <a href=\"https:\/\/toidupakk.ee\/tactical-foodpack\/toidu-kuumutuskott-kutteelemendiga\/\">bezp\u0142omieniowy podgrzewacz chemiczny<\/a>. Aby nie je\u015b\u0107 prosto z ziemi, spakuj lekki i <a href=\"https:\/\/toidupakk.ee\/tactical-foodpack\/kokkupandav-matkalaud\/\">kompaktowy stolik turystyczny<\/a>.   <\/p>\n<p>Zestaw naczy\u0144 turystycznych Wildo Pathfinder zawiera wszystko, czego potrzebujesz do wygodnego jedzenia w plenerze. Ka\u017cdy zestaw sk\u0142ada si\u0119 z g\u0142\u0119bokiego talerza, sk\u0142adanego kubka Fold-a-Cup\u00ae oraz niezb\u0119dnika 3w1, czyli hybrydy no\u017ca, widelca i \u0142y\u017cki. <\/p>\n<p>Szwedzka jako\u015b\u0107<br \/>\nWildo tworzy wysokiej jako\u015bci produkty, kt\u00f3re s\u0105 funkcjonalne i trwa\u0142e. \u0141\u0105cz\u0105 szwedzki design z kunsztem wykonania, tworz\u0105c produkty wyr\u00f3\u017cniaj\u0105ce si\u0119 na tle konkurencji. S\u0105 lekkie, wytrzyma\u0142e i kompaktowe.<br \/>\nProdukty te s\u0105 testowane i udoskonalane w szwedzkich warunkach terenowych od ponad 35 lat, wi\u0119c nie ma najmniejszych powod\u00f3w, by w\u0105tpi\u0107 w ich jako\u015b\u0107.  <\/p>\n<p>Wybierz swoje ulubione dania, zabierz zestaw naczy\u0144, stolik turystyczny i ruszaj na wypraw\u0119!<\/p>\n<p>Zobacz wi\u0119cej akcesori\u00f3w turystycznych <a href=\"https:\/\/toidupakk.ee\/pl\/tootekategooria\/sprzet-turystyczny\/\">TUTAJ<\/a><\/p>\n<p>Znajd\u017a inspiracj\u0119 na kolejne przygody na <a href=\"https:\/\/www.instagram.com\/toidupakk\/\">Instagramie<\/a> i <a href=\"https:\/\/www.facebook.com\/Toidupakk\/\">Facebooku<\/a> Toidupakk.<\/p>\n","protected":false},"excerpt":{"rendered":"<p>Zestaw naczy\u0144 turystycznych Wildo Pathfinder zawiera starannie dobrane, funkcjonalne i \u0142atwe w utrzymaniu naczynia do jedzenia w terenie.<br \/>\nWszystkie zestawy s\u0105 zapakowane w siatkowy woreczek z karabi\u0144czykiem, co u\u0142atwia przechowywanie i transport.<\/p>\n<p>\u2022 g\u0142\u0119boki talerz<br \/>\n\u2022 sk\u0142adany kubek<br \/>\n\u2022 niezb\u0119dnik \u2013 n\u00f3\u017c, widelec, \u0142y\u017cka 3w1<br \/>\n\u2022 wolne od BPA<br \/>\n\u2022 waga: 130 g<br \/>\n\u2022 materia\u0142: PP, TPE<\/p>\n","protected":false},"featured_media":1993,"comment_status":"open","ping_status":"closed","template":"","meta":{"_acf_changed":false},"product_brand":[],"product_cat":[303,307,301,354],"product_tag":[],"class_list":{"0":"post-51705","1":"product","2":"type-product","3":"status-publish","4":"has-post-thumbnail","6":"product_cat-akcesoria-turystyczne","7":"product_cat-przygotowywanie-posilkow","8":"product_cat-sprzet-turystyczny","9":"product_cat-sztucce","11":"first","12":"instock","13":"taxable","14":"shipping-taxable","15":"product-type-simple"},"bundled_by":[],"bundle_stock_status":"instock","bundle_stock_quantity":null,"bundle_virtual":false,"bundle_layout":"","bundle_add_to_cart_form_location":"","bundle_editable_in_cart":false,"bundle_sold_individually_context":"","bundle_item_grouping":"","bundle_min_size":"","bundle_max_size":"","bundle_price":[],"bundled_items":[],"bundle_sell_ids":[],"acf":[],"yoast_head":"<!-- This site is optimized with the Yoast SEO plugin v27.3 - https:\/\/yoast.com\/product\/yoast-seo-wordpress\/ -->\n<title>Zestaw naczy\u0144 turystycznych - Toidupakk.ee - Tactical Foodpack toidupakid<\/title>\n<meta name=\"description\" content=\"Zestaw naczy\u0144 turystycznych Wildo Pathfinder zawiera wszystko, czego potrzebujesz do wygodnego jedzenia w plenerze. Ka\u017cdy zestaw sk\u0142ada si\u0119 z g\u0142\u0119bokiego talerza, sk\u0142adanego kubka Fold-a-Cup\u00ae oraz niezb\u0119dnika 3w1, czyli hybrydy no\u017ca, widelca i \u0142y\u017cki.\" \/>\n<meta name=\"robots\" content=\"index, follow, max-snippet:-1, max-image-preview:large, max-video-preview:-1\" \/>\n<link rel=\"canonical\" href=\"https:\/\/toidupakk.ee\/pl\/toode\/zestaw-naczyn-turystycznych\/\" \/>\n<meta property=\"og:locale\" content=\"pl_PL\" \/>\n<meta property=\"og:type\" content=\"article\" \/>\n<meta property=\"og:title\" content=\"Zestaw naczy\u0144 turystycznych - Toidupakk.ee - Tactical Foodpack toidupakid\" \/>\n<meta property=\"og:description\" content=\"Zestaw naczy\u0144 turystycznych Wildo Pathfinder zawiera wszystko, czego potrzebujesz do wygodnego jedzenia w plenerze. Ka\u017cdy zestaw sk\u0142ada si\u0119 z g\u0142\u0119bokiego talerza, sk\u0142adanego kubka Fold-a-Cup\u00ae oraz niezb\u0119dnika 3w1, czyli hybrydy no\u017ca, widelca i \u0142y\u017cki.\" \/>\n<meta property=\"og:url\" content=\"https:\/\/toidupakk.ee\/pl\/toode\/zestaw-naczyn-turystycznych\/\" \/>\n<meta property=\"og:site_name\" content=\"Toidupakk.ee - Tactical Foodpack toidupakid\" \/>\n<meta property=\"article:publisher\" content=\"https:\/\/www.facebook.com\/Toidupakk\" \/>\n<meta property=\"article:modified_time\" content=\"2026-04-14T08:30:11+00:00\" \/>\n<meta property=\"og:image\" content=\"https:\/\/toidupakk.ee\/wp-content\/uploads\/2022\/05\/Toidunoude-komplekt-matkale-4.png\" \/>\n\t<meta property=\"og:image:width\" content=\"1080\" \/>\n\t<meta property=\"og:image:height\" content=\"1080\" \/>\n\t<meta property=\"og:image:type\" content=\"image\/png\" \/>\n<meta name=\"twitter:card\" content=\"summary_large_image\" \/>\n<meta name=\"twitter:label1\" content=\"Szacowany czas czytania\" \/>\n\t<meta name=\"twitter:data1\" content=\"1 minuta\" \/>\n<script type=\"application\/ld+json\" class=\"yoast-schema-graph\">{\"@context\":\"https:\\\/\\\/schema.org\",\"@graph\":[{\"@type\":\"WebPage\",\"@id\":\"https:\\\/\\\/toidupakk.ee\\\/pl\\\/toode\\\/zestaw-naczyn-turystycznych\\\/\",\"url\":\"https:\\\/\\\/toidupakk.ee\\\/pl\\\/toode\\\/zestaw-naczyn-turystycznych\\\/\",\"name\":\"Zestaw naczy\u0144 turystycznych - Toidupakk.ee - Tactical Foodpack toidupakid\",\"isPartOf\":{\"@id\":\"https:\\\/\\\/toidupakk.ee\\\/pl\\\/#website\"},\"primaryImageOfPage\":{\"@id\":\"https:\\\/\\\/toidupakk.ee\\\/pl\\\/toode\\\/zestaw-naczyn-turystycznych\\\/#primaryimage\"},\"image\":{\"@id\":\"https:\\\/\\\/toidupakk.ee\\\/pl\\\/toode\\\/zestaw-naczyn-turystycznych\\\/#primaryimage\"},\"thumbnailUrl\":\"https:\\\/\\\/toidupakk.ee\\\/wp-content\\\/uploads\\\/2022\\\/05\\\/Toidunoude-komplekt-matkale-4.png\",\"datePublished\":\"2022-05-19T12:59:30+00:00\",\"dateModified\":\"2026-04-14T08:30:11+00:00\",\"description\":\"Zestaw naczy\u0144 turystycznych Wildo Pathfinder zawiera wszystko, czego potrzebujesz do wygodnego jedzenia w plenerze. Ka\u017cdy zestaw sk\u0142ada si\u0119 z g\u0142\u0119bokiego talerza, sk\u0142adanego kubka Fold-a-Cup\u00ae oraz niezb\u0119dnika 3w1, czyli hybrydy no\u017ca, widelca i \u0142y\u017cki.\",\"breadcrumb\":{\"@id\":\"https:\\\/\\\/toidupakk.ee\\\/pl\\\/toode\\\/zestaw-naczyn-turystycznych\\\/#breadcrumb\"},\"inLanguage\":\"pl-PL\",\"potentialAction\":[{\"@type\":\"ReadAction\",\"target\":[\"https:\\\/\\\/toidupakk.ee\\\/pl\\\/toode\\\/zestaw-naczyn-turystycznych\\\/\"]}]},{\"@type\":\"ImageObject\",\"inLanguage\":\"pl-PL\",\"@id\":\"https:\\\/\\\/toidupakk.ee\\\/pl\\\/toode\\\/zestaw-naczyn-turystycznych\\\/#primaryimage\",\"url\":\"https:\\\/\\\/toidupakk.ee\\\/wp-content\\\/uploads\\\/2022\\\/05\\\/Toidunoude-komplekt-matkale-4.png\",\"contentUrl\":\"https:\\\/\\\/toidupakk.ee\\\/wp-content\\\/uploads\\\/2022\\\/05\\\/Toidunoude-komplekt-matkale-4.png\",\"width\":1080,\"height\":1080,\"caption\":\"Plastikust toidun\u00f5ud\"},{\"@type\":\"BreadcrumbList\",\"@id\":\"https:\\\/\\\/toidupakk.ee\\\/pl\\\/toode\\\/zestaw-naczyn-turystycznych\\\/#breadcrumb\",\"itemListElement\":[{\"@type\":\"ListItem\",\"position\":1,\"name\":\"Avaleht\",\"item\":\"https:\\\/\\\/toidupakk.ee\\\/pl\\\/\"},{\"@type\":\"ListItem\",\"position\":2,\"name\":\"Sklep internetowy\",\"item\":\"https:\\\/\\\/toidupakk.ee\\\/pl\\\/sklep-internetowy\\\/\"},{\"@type\":\"ListItem\",\"position\":3,\"name\":\"Zestaw naczy\u0144 turystycznych\"}]},{\"@type\":\"WebSite\",\"@id\":\"https:\\\/\\\/toidupakk.ee\\\/pl\\\/#website\",\"url\":\"https:\\\/\\\/toidupakk.ee\\\/pl\\\/\",\"name\":\"Toidupakk.ee - Tactical Foodpack toidupakid\",\"description\":\"Tactical Foodpack k\u00fclmkuivatatud toidupakid ja matkaeined\",\"publisher\":{\"@id\":\"https:\\\/\\\/toidupakk.ee\\\/pl\\\/#organization\"},\"potentialAction\":[{\"@type\":\"SearchAction\",\"target\":{\"@type\":\"EntryPoint\",\"urlTemplate\":\"https:\\\/\\\/toidupakk.ee\\\/pl\\\/?s={search_term_string}\"},\"query-input\":{\"@type\":\"PropertyValueSpecification\",\"valueRequired\":true,\"valueName\":\"search_term_string\"}}],\"inLanguage\":\"pl-PL\"},{\"@type\":\"Organization\",\"@id\":\"https:\\\/\\\/toidupakk.ee\\\/pl\\\/#organization\",\"name\":\"Tactical Foodpack matkaeined\",\"url\":\"https:\\\/\\\/toidupakk.ee\\\/pl\\\/\",\"logo\":{\"@type\":\"ImageObject\",\"inLanguage\":\"pl-PL\",\"@id\":\"https:\\\/\\\/toidupakk.ee\\\/pl\\\/#\\\/schema\\\/logo\\\/image\\\/\",\"url\":\"https:\\\/\\\/toidupakk.ee\\\/wp-content\\\/uploads\\\/2022\\\/01\\\/Toidupakk-matkapood-logo-transparent.png\",\"contentUrl\":\"https:\\\/\\\/toidupakk.ee\\\/wp-content\\\/uploads\\\/2022\\\/01\\\/Toidupakk-matkapood-logo-transparent.png\",\"width\":500,\"height\":500,\"caption\":\"Tactical Foodpack matkaeined\"},\"image\":{\"@id\":\"https:\\\/\\\/toidupakk.ee\\\/pl\\\/#\\\/schema\\\/logo\\\/image\\\/\"},\"sameAs\":[\"https:\\\/\\\/www.facebook.com\\\/Toidupakk\",\"https:\\\/\\\/www.instagram.com\\\/toidupakk\\\/\"]}]}<\/script>\n<!-- \/ Yoast SEO plugin. -->","yoast_head_json":{"title":"Zestaw naczy\u0144 turystycznych - Toidupakk.ee - Tactical Foodpack toidupakid","description":"Zestaw naczy\u0144 turystycznych Wildo Pathfinder zawiera wszystko, czego potrzebujesz do wygodnego jedzenia w plenerze. Ka\u017cdy zestaw sk\u0142ada si\u0119 z g\u0142\u0119bokiego talerza, sk\u0142adanego kubka Fold-a-Cup\u00ae oraz niezb\u0119dnika 3w1, czyli hybrydy no\u017ca, widelca i \u0142y\u017cki.","robots":{"index":"index","follow":"follow","max-snippet":"max-snippet:-1","max-image-preview":"max-image-preview:large","max-video-preview":"max-video-preview:-1"},"canonical":"https:\/\/toidupakk.ee\/pl\/toode\/zestaw-naczyn-turystycznych\/","og_locale":"pl_PL","og_type":"article","og_title":"Zestaw naczy\u0144 turystycznych - Toidupakk.ee - Tactical Foodpack toidupakid","og_description":"Zestaw naczy\u0144 turystycznych Wildo Pathfinder zawiera wszystko, czego potrzebujesz do wygodnego jedzenia w plenerze. Ka\u017cdy zestaw sk\u0142ada si\u0119 z g\u0142\u0119bokiego talerza, sk\u0142adanego kubka Fold-a-Cup\u00ae oraz niezb\u0119dnika 3w1, czyli hybrydy no\u017ca, widelca i \u0142y\u017cki.","og_url":"https:\/\/toidupakk.ee\/pl\/toode\/zestaw-naczyn-turystycznych\/","og_site_name":"Toidupakk.ee - Tactical Foodpack toidupakid","article_publisher":"https:\/\/www.facebook.com\/Toidupakk","article_modified_time":"2026-04-14T08:30:11+00:00","og_image":[{"width":1080,"height":1080,"url":"https:\/\/toidupakk.ee\/wp-content\/uploads\/2022\/05\/Toidunoude-komplekt-matkale-4.png","type":"image\/png"}],"twitter_card":"summary_large_image","twitter_misc":{"Szacowany czas czytania":"1 minuta"},"schema":{"@context":"https:\/\/schema.org","@graph":[{"@type":"WebPage","@id":"https:\/\/toidupakk.ee\/pl\/toode\/zestaw-naczyn-turystycznych\/","url":"https:\/\/toidupakk.ee\/pl\/toode\/zestaw-naczyn-turystycznych\/","name":"Zestaw naczy\u0144 turystycznych - Toidupakk.ee - Tactical Foodpack toidupakid","isPartOf":{"@id":"https:\/\/toidupakk.ee\/pl\/#website"},"primaryImageOfPage":{"@id":"https:\/\/toidupakk.ee\/pl\/toode\/zestaw-naczyn-turystycznych\/#primaryimage"},"image":{"@id":"https:\/\/toidupakk.ee\/pl\/toode\/zestaw-naczyn-turystycznych\/#primaryimage"},"thumbnailUrl":"https:\/\/toidupakk.ee\/wp-content\/uploads\/2022\/05\/Toidunoude-komplekt-matkale-4.png","datePublished":"2022-05-19T12:59:30+00:00","dateModified":"2026-04-14T08:30:11+00:00","description":"Zestaw naczy\u0144 turystycznych Wildo Pathfinder zawiera wszystko, czego potrzebujesz do wygodnego jedzenia w plenerze. Ka\u017cdy zestaw sk\u0142ada si\u0119 z g\u0142\u0119bokiego talerza, sk\u0142adanego kubka Fold-a-Cup\u00ae oraz niezb\u0119dnika 3w1, czyli hybrydy no\u017ca, widelca i \u0142y\u017cki.","breadcrumb":{"@id":"https:\/\/toidupakk.ee\/pl\/toode\/zestaw-naczyn-turystycznych\/#breadcrumb"},"inLanguage":"pl-PL","potentialAction":[{"@type":"ReadAction","target":["https:\/\/toidupakk.ee\/pl\/toode\/zestaw-naczyn-turystycznych\/"]}]},{"@type":"ImageObject","inLanguage":"pl-PL","@id":"https:\/\/toidupakk.ee\/pl\/toode\/zestaw-naczyn-turystycznych\/#primaryimage","url":"https:\/\/toidupakk.ee\/wp-content\/uploads\/2022\/05\/Toidunoude-komplekt-matkale-4.png","contentUrl":"https:\/\/toidupakk.ee\/wp-content\/uploads\/2022\/05\/Toidunoude-komplekt-matkale-4.png","width":1080,"height":1080,"caption":"Plastikust toidun\u00f5ud"},{"@type":"BreadcrumbList","@id":"https:\/\/toidupakk.ee\/pl\/toode\/zestaw-naczyn-turystycznych\/#breadcrumb","itemListElement":[{"@type":"ListItem","position":1,"name":"Avaleht","item":"https:\/\/toidupakk.ee\/pl\/"},{"@type":"ListItem","position":2,"name":"Sklep internetowy","item":"https:\/\/toidupakk.ee\/pl\/sklep-internetowy\/"},{"@type":"ListItem","position":3,"name":"Zestaw naczy\u0144 turystycznych"}]},{"@type":"WebSite","@id":"https:\/\/toidupakk.ee\/pl\/#website","url":"https:\/\/toidupakk.ee\/pl\/","name":"Toidupakk.ee - Tactical Foodpack toidupakid","description":"Tactical Foodpack k\u00fclmkuivatatud toidupakid ja matkaeined","publisher":{"@id":"https:\/\/toidupakk.ee\/pl\/#organization"},"potentialAction":[{"@type":"SearchAction","target":{"@type":"EntryPoint","urlTemplate":"https:\/\/toidupakk.ee\/pl\/?s={search_term_string}"},"query-input":{"@type":"PropertyValueSpecification","valueRequired":true,"valueName":"search_term_string"}}],"inLanguage":"pl-PL"},{"@type":"Organization","@id":"https:\/\/toidupakk.ee\/pl\/#organization","name":"Tactical Foodpack matkaeined","url":"https:\/\/toidupakk.ee\/pl\/","logo":{"@type":"ImageObject","inLanguage":"pl-PL","@id":"https:\/\/toidupakk.ee\/pl\/#\/schema\/logo\/image\/","url":"https:\/\/toidupakk.ee\/wp-content\/uploads\/2022\/01\/Toidupakk-matkapood-logo-transparent.png","contentUrl":"https:\/\/toidupakk.ee\/wp-content\/uploads\/2022\/01\/Toidupakk-matkapood-logo-transparent.png","width":500,"height":500,"caption":"Tactical Foodpack matkaeined"},"image":{"@id":"https:\/\/toidupakk.ee\/pl\/#\/schema\/logo\/image\/"},"sameAs":["https:\/\/www.facebook.com\/Toidupakk","https:\/\/www.instagram.com\/toidupakk\/"]}]}},"jetpack_sharing_enabled":true,"_links":{"self":[{"href":"https:\/\/toidupakk.ee\/pl\/wp-json\/wp\/v2\/product\/51705","targetHints":{"allow":["GET"]}}],"collection":[{"href":"https:\/\/toidupakk.ee\/pl\/wp-json\/wp\/v2\/product"}],"about":[{"href":"https:\/\/toidupakk.ee\/pl\/wp-json\/wp\/v2\/types\/product"}],"replies":[{"embeddable":true,"href":"https:\/\/toidupakk.ee\/pl\/wp-json\/wp\/v2\/comments?post=51705"}],"wp:featuredmedia":[{"embeddable":true,"href":"https:\/\/toidupakk.ee\/pl\/wp-json\/wp\/v2\/media\/1993"}],"wp:attachment":[{"href":"https:\/\/toidupakk.ee\/pl\/wp-json\/wp\/v2\/media?parent=51705"}],"wp:term":[{"taxonomy":"product_brand","embeddable":true,"href":"https:\/\/toidupakk.ee\/pl\/wp-json\/wp\/v2\/product_brand?post=51705"},{"taxonomy":"product_cat","embeddable":true,"href":"https:\/\/toidupakk.ee\/pl\/wp-json\/wp\/v2\/product_cat?post=51705"},{"taxonomy":"product_tag","embeddable":true,"href":"https:\/\/toidupakk.ee\/pl\/wp-json\/wp\/v2\/product_tag?post=51705"}],"curies":[{"name":"wp","href":"https:\/\/api.w.org\/{rel}","templated":true}]}}