{"id":51688,"date":"2021-11-02T23:38:03","date_gmt":"2021-11-02T21:38:03","guid":{"rendered":"https:\/\/toidupakk.ee\/toode\/makaron-z-tunczykiem-110-g\/"},"modified":"2026-04-15T04:01:00","modified_gmt":"2026-04-15T01:01:00","slug":"makaron-z-tunczykiem-110-g","status":"publish","type":"product","link":"https:\/\/toidupakk.ee\/pl\/toode\/makaron-z-tunczykiem-110-g\/","title":{"rendered":"Makaron z tu\u0144czykiem 110 g"},"content":{"rendered":"<h1><img fetchpriority=\"high\" decoding=\"async\" class=\"alignright wp-image-29521 size-thumbnail\" src=\"https:\/\/toidupakk.ee\/wp-content\/uploads\/2021\/11\/Tuunikalapasta-kauss-500x500.png\" alt=\"Makaron z tu\u0144czykiem Tactical\" width=\"500\" height=\"500\" srcset=\"https:\/\/toidupakk.ee\/wp-content\/uploads\/2021\/11\/Tuunikalapasta-kauss-500x500.png 500w, https:\/\/toidupakk.ee\/wp-content\/uploads\/2021\/11\/Tuunikalapasta-kauss-400x400.png 400w, https:\/\/toidupakk.ee\/wp-content\/uploads\/2021\/11\/Tuunikalapasta-kauss-100x100.png 100w, https:\/\/toidupakk.ee\/wp-content\/uploads\/2021\/11\/Tuunikalapasta-kauss-300x300.png 300w, https:\/\/toidupakk.ee\/wp-content\/uploads\/2021\/11\/Tuunikalapasta-kauss-768x768.png 768w, https:\/\/toidupakk.ee\/wp-content\/uploads\/2021\/11\/Tuunikalapasta-kauss.png 800w\" sizes=\"(max-width: 500px) 100vw, 500px\" \/>Makaron z tu\u0144czykiem Tactical Foodpack wed\u0142ug przepisu inspirowanego Jamiem Oliverem<\/h1>\n<p><strong>Makaron z tu\u0144czykiem Tactical Foodpack<\/strong> to doskona\u0142y wyb\u00f3r dla tych, kt\u00f3rzy ceni\u0105 smaczny i po\u017cywny posi\u0142ek. To liofilizowane danie jest \u0142atwe w przygotowaniu i idealnie nadaje si\u0119 na w\u0119dr\u00f3wki, przygody lub szybki posi\u0142ek w domu. <\/p>\n<hr>\n<h2><strong>Dlaczego warto wybra\u0107 makaron z tu\u0144czykiem?<\/strong><\/h2>\n<p>Makaron z tu\u0144czykiem to co\u015b wi\u0119cej ni\u017c tylko jedzenie \u2013 to smaczna i syc\u0105ca opcja. Posi\u0142ki Tactical Foodpack, w tym makaron z tu\u0144czykiem, zosta\u0142y zaprojektowane tak, aby zapewnia\u0107 wysok\u0105 warto\u015b\u0107 od\u017cywcz\u0105 i energi\u0119 nawet w najbardziej wymagaj\u0105cych sytuacjach. Oto kilka powod\u00f3w, dla kt\u00f3rych mo\u017ce sta\u0107 si\u0119 Twoim nowym ulubie\u0144cem:  <\/p>\n<ul>\n<li><strong>\u0141atwy w przygotowaniu<\/strong>: Dodaj tylko 330 ml gor\u0105cej wody i odczekaj 8 minut. Ciesz si\u0119 szybkim i wygodnym rozwi\u0105zaniem, kt\u00f3re nie wymaga skomplikowanego gotowania. <\/li>\n<li><strong>Wysoka zawarto\u015b\u0107 energii<\/strong>: Jedna porcja zawiera 2123 kJ (508 kcal), aby zapewni\u0107 Ci energi\u0119 przez ca\u0142y dzie\u0144.<\/li>\n<li><strong>Naturalny sk\u0142ad<\/strong>: Bez konserwant\u00f3w i sztucznych dodatk\u00f3w \u2013 tylko wysokiej jako\u015bci sk\u0142adniki, kt\u00f3re gwarantuj\u0105 smaczny i zdrowy posi\u0142ek.<\/li>\n<li><strong>D\u0142ugi termin przydatno\u015bci<\/strong>: Najlepiej spo\u017cy\u0107 przed up\u0142ywem 8 lat od daty produkcji, co czyni go idealnym do d\u0142ugoterminowego przechowywania i na sytuacje awaryjne.<\/li>\n<li><strong>Wyprodukowano w Niemczech<\/strong>: Wysoka jako\u015b\u0107 produkcji gwarantuje, \u017ce ka\u017cdy posi\u0142ek spe\u0142nia najwy\u017csze standardy i zachowuje swoje walory smakowe nawet po latach.<\/li>\n<\/ul>\n<hr>\n<h3><strong>Opis produktu: co sprawia, \u017ce makaron z tu\u0144czykiem jest tak wyj\u0105tkowy?<\/strong><\/h3>\n<p>Makaron z tu\u0144czykiem powsta\u0142 z inspiracji daniami Jamiego Olivera i starannie dobranych sk\u0142adnik\u00f3w, aby zapewni\u0107 doskona\u0142y smak i warto\u015b\u0107 od\u017cywcz\u0105. Ka\u017cde opakowanie zawiera: <\/p>\n<ul>\n<li><strong>Makaron (50%)<\/strong> (m\u0105ka z pszenicy durum, woda)<\/li>\n<li>Cebula<\/li>\n<li>Pomidory krojone<\/li>\n<li><strong>Tu\u0144czyk w oleju s\u0142onecznikowym (18%)<\/strong><\/li>\n<li>Ser twardy<\/li>\n<li>Cukier<\/li>\n<li>S\u00f3l jodowana<\/li>\n<li>Sok z limonki<\/li>\n<li>Cynamon<\/li>\n<li>Bazylia<\/li>\n<li>Bia\u0142y pieprz<\/li>\n<li>Chili w proszku<\/li>\n<\/ul>\n<hr>\n<h3><strong>Zalety liofilizacji<\/strong><\/h3>\n<p>Liofilizacja pozwala zachowa\u0107 \u015bwie\u017co\u015b\u0107, tekstur\u0119 i warto\u015bci od\u017cywcze \u017cywno\u015bci, usuwaj\u0105c jednocze\u015bnie wod\u0119 w komorze pr\u00f3\u017cniowej w niskich temperaturach. Dzi\u0119ki temu posi\u0142ki Tactical Foodpack s\u0105 \u0142atwe w transporcie i maj\u0105 d\u0142ugi termin przydatno\u015bci, zachowuj\u0105c wszystkie wa\u017cne witaminy i minera\u0142y. <\/p>\n<hr>\n<h3><strong>Dla kogo przeznaczony jest makaron z tu\u0144czykiem?<\/strong><\/h3>\n<ul>\n<li><strong>Dla turyst\u00f3w i obozowicz\u00f3w<\/strong>: \u0141atwe przygotowanie i lekkie opakowanie sprawiaj\u0105, \u017ce to idealny wyb\u00f3r na posi\u0142ek wyprawowy.<\/li>\n<li><strong>Dla poszukiwaczy przyg\u00f3d i survivalowc\u00f3w<\/strong>: D\u0142ugi termin przydatno\u015bci i wysoka zawarto\u015b\u0107 energii \u015bwietnie sprawdzaj\u0105 si\u0119 w sytuacjach przetrwania i podczas d\u0142ugich wypraw.<\/li>\n<li><strong>Na szybki posi\u0142ek w domu<\/strong>: Gdy czas jest ograniczony, a chcesz zje\u015b\u0107 zdrowy i smaczny posi\u0142ek, makaron z tu\u0144czykiem jest idealnym rozwi\u0105zaniem.<\/li>\n<\/ul>\n<hr>\n<h3><strong>Informacje o produkcie i warunki przechowywania<\/strong><\/h3>\n<p>Makaron z tu\u0144czykiem jest dost\u0119pny w <strong>opakowaniu 147 g<\/strong>, w kt\u00f3rym masa netto \u017cywno\u015bci wynosi <strong>120 g po liofilizacji<\/strong>. Gotowe danie wa\u017cy ok. <strong>450 g<\/strong>. <\/p>\n<ul>\n<li>Idealna temperatura przechowywania: <strong>od 10 \u00b0C do +30 \u00b0C<\/strong><\/li>\n<li>Wyprodukowano w Niemczech, zgodnie z najwy\u017cszymi standardami.<\/li>\n<\/ul>\n<hr>\n<h3><img decoding=\"async\" class=\"alignnone size-full wp-image-676\" src=\"https:\/\/toidupakk.ee\/wp-content\/uploads\/2021\/12\/TF_logo_RGB-22-16-43-849.png\" alt=\"Zielone logo Tactical Foodpack\" width=\"238\" height=\"100\"><\/h3>\n<h3><strong>Jak przygotowa\u0107 posi\u0142ek Tactical Foodpack<\/strong><\/h3>\n<ol>\n<li>Otw\u00f3rz opakowanie od g\u00f3ry w wyznaczonym miejscu.<\/li>\n<li>Wyjmij poch\u0142aniacz tlenu znajduj\u0105cy si\u0119 wewn\u0105trz (ma\u0142a saszetka).<\/li>\n<li>Wlej do opakowania 330 ml gor\u0105cej wody.<\/li>\n<li>Dok\u0142adnie wymieszaj i zamknij strunowe zapi\u0119cie.<\/li>\n<li>Odczekaj 8 minut i ciesz si\u0119 ciep\u0142ym, smacznym posi\u0142kiem.<\/li>\n<\/ol>\n<hr>\n<h3><strong>Zam\u00f3w makaron z tu\u0144czykiem ju\u017c dzi\u015b!<\/strong><\/h3>\n<p>Nie przegap okazji! Zam\u00f3w makaron z tu\u0144czykiem Tactical Foodpack ju\u017c dzi\u015b i ciesz si\u0119 pe\u0142nowarto\u015bciowym posi\u0142kiem zawsze i wsz\u0119dzie.<br \/>\n\u2705 <strong>Dost\u0119pny w magazynie<\/strong>, szybka dostawa w 1\u20133 dni robocze. <\/p>\n<hr>\n<h3><strong>Zobacz wszystkie posi\u0142ki Tactical Foodpack<\/strong><\/h3>\n<p>Sprawd\u017a tak\u017ce inne <a href=\"https:\/\/toidupakk.ee\/pl\/tootekategooria\/posilki-tactical-foodpack\/\">posi\u0142ki wyprawowe Tactical Foodpack<\/a>, aby znale\u017a\u0107 odpowiednie opcje na ka\u017cd\u0105 przygod\u0119.<\/p>\n<p>Obserwuj nas na <a href=\"https:\/\/www.instagram.com\/toidupakk\/\">Instagramie<\/a> i <a href=\"https:\/\/www.facebook.com\/Toidupakk\/\">Facebooku<\/a>, aby otrzymywa\u0107 inspiracje, przepisy i nowo\u015bci z naszej oferty!<\/p>\n","protected":false},"excerpt":{"rendered":"<ul>\n<li>Makaron z tu\u0144czykiem przygotowany na podstawie da\u0144 Jamiego Olivera<\/li>\n<li>U\u017cyto wysokiej jako\u015bci sk\u0142adnik\u00f3w<\/li>\n<li>Kremowa konsystencja<\/li>\n<li>Makaron z tu\u0144czykiem w opakowaniu 147 g<\/li>\n<li>Masa netto 120 g (przed przygotowaniem, liofilizowane, bez p\u0142ynu)<\/li>\n<li>Waga gotowego dania ok. 450 g<\/li>\n<li>Gotowe danie &#8211; po prostu zalej gor\u0105c\u0105 wod\u0105 i po 8 min mo\u017cesz cieszy\u0107 si\u0119 pe\u0142nowarto\u015bciowym posi\u0142kiem<\/li>\n<li>Do przygotowania dodaj 330 ml gor\u0105cej wody do opakowania<\/li>\n<li><span lang=\"ET\">Naturalny sk\u0142ad, nie zawiera konserwant\u00f3w ani dodatk\u00f3w<\/span><\/li>\n<li><span lang=\"ET\">Warto\u015b\u0107 energetyczna na porcj\u0119 wynosi 2123 kJ \/ 508 kcal<\/span><\/li>\n<li>Najlepiej spo\u017cy\u0107 przed: 8 lat od daty produkcji<\/li>\n<li>Wyprodukowano w Niemczech<\/li>\n<li>Idealna temperatura przechowywania: od 10 \u00b0C do +30 \u00b0C<\/li>\n<\/ul>\n<p><strong>Sk\u0142adniki:<\/strong><\/p>\n<p>Makaron (50%) (m\u0105ka z pszenicy durum, woda), cebula, pomidory krojone, tu\u0144czyk w oleju s\u0142onecznikowym (18%), ser twardy, cukier, s\u00f3l jodowana, sok z limonki, cynamon, bazylia, bia\u0142y pieprz, chili w proszku.<\/p>\n<p>\u2705 Dost\u0119pne w magazynie, szybka dostawa w 1\u20133 dni robocze<\/p>\n","protected":false},"featured_media":51692,"comment_status":"open","ping_status":"closed","template":"","meta":{"_acf_changed":false},"product_brand":[],"product_cat":[303,335,337,336],"product_tag":[338],"class_list":{"0":"post-51688","1":"product","2":"type-product","3":"status-publish","4":"has-post-thumbnail","6":"product_cat-akcesoria-turystyczne","7":"product_cat-dania-glowne","8":"product_cat-posilki-tactical-foodpack","9":"product_cat-zywnosc-turystyczna","10":"product_tag-tactical-foodpack","12":"first","13":"outofstock","14":"taxable","15":"shipping-taxable","16":"purchasable","17":"product-type-simple"},"bundled_by":[],"bundle_stock_status":"outofstock","bundle_stock_quantity":0,"bundle_virtual":false,"bundle_layout":"","bundle_add_to_cart_form_location":"","bundle_editable_in_cart":false,"bundle_sold_individually_context":"","bundle_item_grouping":"","bundle_min_size":"","bundle_max_size":"","bundle_price":[],"bundled_items":[],"bundle_sell_ids":[],"acf":[],"yoast_head":"<!-- This site is optimized with the Yoast SEO plugin v27.3 - https:\/\/yoast.com\/product\/yoast-seo-wordpress\/ -->\n<title>Makaron z tu\u0144czykiem 110 g - Toidupakk.ee - Tactical Foodpack toidupakid<\/title>\n<meta name=\"description\" content=\"Liofilizowany makaron z tu\u0144czykiem, stworzony na podstawie da\u0144 Jamiego Olivera. Wykorzystano wysokiej jako\u015bci sk\u0142adniki, bez konserwant\u00f3w, poddane procesowi liofilizacji.\" \/>\n<meta name=\"robots\" content=\"index, follow, max-snippet:-1, max-image-preview:large, max-video-preview:-1\" \/>\n<link rel=\"canonical\" href=\"https:\/\/toidupakk.ee\/pl\/toode\/makaron-z-tunczykiem-110-g\/\" \/>\n<meta property=\"og:locale\" content=\"pl_PL\" \/>\n<meta property=\"og:type\" content=\"article\" \/>\n<meta property=\"og:title\" content=\"Makaron z tu\u0144czykiem 110 g - Toidupakk.ee - Tactical Foodpack toidupakid\" \/>\n<meta property=\"og:description\" content=\"Liofilizowany makaron z tu\u0144czykiem, stworzony na podstawie da\u0144 Jamiego Olivera. Wykorzystano wysokiej jako\u015bci sk\u0142adniki, bez konserwant\u00f3w, poddane procesowi liofilizacji.\" \/>\n<meta property=\"og:url\" content=\"https:\/\/toidupakk.ee\/pl\/toode\/makaron-z-tunczykiem-110-g\/\" \/>\n<meta property=\"og:site_name\" content=\"Toidupakk.ee - Tactical Foodpack toidupakid\" \/>\n<meta property=\"article:publisher\" content=\"https:\/\/www.facebook.com\/Toidupakk\" \/>\n<meta property=\"article:modified_time\" content=\"2026-04-15T01:01:00+00:00\" \/>\n<meta property=\"og:image\" content=\"https:\/\/toidupakk.ee\/wp-content\/uploads\/2021\/11\/Tuunikalapasta-kauss.png\" \/>\n\t<meta property=\"og:image:width\" content=\"800\" \/>\n\t<meta property=\"og:image:height\" content=\"800\" \/>\n\t<meta property=\"og:image:type\" content=\"image\/png\" \/>\n<meta name=\"twitter:card\" content=\"summary_large_image\" \/>\n<meta name=\"twitter:label1\" content=\"Szacowany czas czytania\" \/>\n\t<meta name=\"twitter:data1\" content=\"3 minuty\" \/>\n<script type=\"application\/ld+json\" class=\"yoast-schema-graph\">{\"@context\":\"https:\\\/\\\/schema.org\",\"@graph\":[{\"@type\":\"WebPage\",\"@id\":\"https:\\\/\\\/toidupakk.ee\\\/pl\\\/toode\\\/makaron-z-tunczykiem-110-g\\\/\",\"url\":\"https:\\\/\\\/toidupakk.ee\\\/pl\\\/toode\\\/makaron-z-tunczykiem-110-g\\\/\",\"name\":\"Makaron z tu\u0144czykiem 110 g - Toidupakk.ee - Tactical Foodpack toidupakid\",\"isPartOf\":{\"@id\":\"https:\\\/\\\/toidupakk.ee\\\/pl\\\/#website\"},\"primaryImageOfPage\":{\"@id\":\"https:\\\/\\\/toidupakk.ee\\\/pl\\\/toode\\\/makaron-z-tunczykiem-110-g\\\/#primaryimage\"},\"image\":{\"@id\":\"https:\\\/\\\/toidupakk.ee\\\/pl\\\/toode\\\/makaron-z-tunczykiem-110-g\\\/#primaryimage\"},\"thumbnailUrl\":\"https:\\\/\\\/toidupakk.ee\\\/wp-content\\\/uploads\\\/2021\\\/11\\\/Tuunikalapasta-kauss.png\",\"datePublished\":\"2021-11-02T21:38:03+00:00\",\"dateModified\":\"2026-04-15T01:01:00+00:00\",\"description\":\"Liofilizowany makaron z tu\u0144czykiem, stworzony na podstawie da\u0144 Jamiego Olivera. Wykorzystano wysokiej jako\u015bci sk\u0142adniki, bez konserwant\u00f3w, poddane procesowi liofilizacji.\",\"breadcrumb\":{\"@id\":\"https:\\\/\\\/toidupakk.ee\\\/pl\\\/toode\\\/makaron-z-tunczykiem-110-g\\\/#breadcrumb\"},\"inLanguage\":\"pl-PL\",\"potentialAction\":[{\"@type\":\"ReadAction\",\"target\":[\"https:\\\/\\\/toidupakk.ee\\\/pl\\\/toode\\\/makaron-z-tunczykiem-110-g\\\/\"]}]},{\"@type\":\"ImageObject\",\"inLanguage\":\"pl-PL\",\"@id\":\"https:\\\/\\\/toidupakk.ee\\\/pl\\\/toode\\\/makaron-z-tunczykiem-110-g\\\/#primaryimage\",\"url\":\"https:\\\/\\\/toidupakk.ee\\\/wp-content\\\/uploads\\\/2021\\\/11\\\/Tuunikalapasta-kauss.png\",\"contentUrl\":\"https:\\\/\\\/toidupakk.ee\\\/wp-content\\\/uploads\\\/2021\\\/11\\\/Tuunikalapasta-kauss.png\",\"width\":800,\"height\":800,\"caption\":\"Makaron z tu\u0144czykiem Tactical\"},{\"@type\":\"BreadcrumbList\",\"@id\":\"https:\\\/\\\/toidupakk.ee\\\/pl\\\/toode\\\/makaron-z-tunczykiem-110-g\\\/#breadcrumb\",\"itemListElement\":[{\"@type\":\"ListItem\",\"position\":1,\"name\":\"Avaleht\",\"item\":\"https:\\\/\\\/toidupakk.ee\\\/pl\\\/\"},{\"@type\":\"ListItem\",\"position\":2,\"name\":\"Sklep internetowy\",\"item\":\"https:\\\/\\\/toidupakk.ee\\\/pl\\\/sklep-internetowy\\\/\"},{\"@type\":\"ListItem\",\"position\":3,\"name\":\"Makaron z tu\u0144czykiem 110 g\"}]},{\"@type\":\"WebSite\",\"@id\":\"https:\\\/\\\/toidupakk.ee\\\/pl\\\/#website\",\"url\":\"https:\\\/\\\/toidupakk.ee\\\/pl\\\/\",\"name\":\"Toidupakk.ee - Tactical Foodpack toidupakid\",\"description\":\"Tactical Foodpack k\u00fclmkuivatatud toidupakid ja matkaeined\",\"publisher\":{\"@id\":\"https:\\\/\\\/toidupakk.ee\\\/pl\\\/#organization\"},\"potentialAction\":[{\"@type\":\"SearchAction\",\"target\":{\"@type\":\"EntryPoint\",\"urlTemplate\":\"https:\\\/\\\/toidupakk.ee\\\/pl\\\/?s={search_term_string}\"},\"query-input\":{\"@type\":\"PropertyValueSpecification\",\"valueRequired\":true,\"valueName\":\"search_term_string\"}}],\"inLanguage\":\"pl-PL\"},{\"@type\":\"Organization\",\"@id\":\"https:\\\/\\\/toidupakk.ee\\\/pl\\\/#organization\",\"name\":\"Tactical Foodpack matkaeined\",\"url\":\"https:\\\/\\\/toidupakk.ee\\\/pl\\\/\",\"logo\":{\"@type\":\"ImageObject\",\"inLanguage\":\"pl-PL\",\"@id\":\"https:\\\/\\\/toidupakk.ee\\\/pl\\\/#\\\/schema\\\/logo\\\/image\\\/\",\"url\":\"https:\\\/\\\/toidupakk.ee\\\/wp-content\\\/uploads\\\/2022\\\/01\\\/Toidupakk-matkapood-logo-transparent.png\",\"contentUrl\":\"https:\\\/\\\/toidupakk.ee\\\/wp-content\\\/uploads\\\/2022\\\/01\\\/Toidupakk-matkapood-logo-transparent.png\",\"width\":500,\"height\":500,\"caption\":\"Tactical Foodpack matkaeined\"},\"image\":{\"@id\":\"https:\\\/\\\/toidupakk.ee\\\/pl\\\/#\\\/schema\\\/logo\\\/image\\\/\"},\"sameAs\":[\"https:\\\/\\\/www.facebook.com\\\/Toidupakk\",\"https:\\\/\\\/www.instagram.com\\\/toidupakk\\\/\"]}]}<\/script>\n<!-- \/ Yoast SEO plugin. -->","yoast_head_json":{"title":"Makaron z tu\u0144czykiem 110 g - Toidupakk.ee - Tactical Foodpack toidupakid","description":"Liofilizowany makaron z tu\u0144czykiem, stworzony na podstawie da\u0144 Jamiego Olivera. Wykorzystano wysokiej jako\u015bci sk\u0142adniki, bez konserwant\u00f3w, poddane procesowi liofilizacji.","robots":{"index":"index","follow":"follow","max-snippet":"max-snippet:-1","max-image-preview":"max-image-preview:large","max-video-preview":"max-video-preview:-1"},"canonical":"https:\/\/toidupakk.ee\/pl\/toode\/makaron-z-tunczykiem-110-g\/","og_locale":"pl_PL","og_type":"article","og_title":"Makaron z tu\u0144czykiem 110 g - Toidupakk.ee - Tactical Foodpack toidupakid","og_description":"Liofilizowany makaron z tu\u0144czykiem, stworzony na podstawie da\u0144 Jamiego Olivera. Wykorzystano wysokiej jako\u015bci sk\u0142adniki, bez konserwant\u00f3w, poddane procesowi liofilizacji.","og_url":"https:\/\/toidupakk.ee\/pl\/toode\/makaron-z-tunczykiem-110-g\/","og_site_name":"Toidupakk.ee - Tactical Foodpack toidupakid","article_publisher":"https:\/\/www.facebook.com\/Toidupakk","article_modified_time":"2026-04-15T01:01:00+00:00","og_image":[{"width":800,"height":800,"url":"https:\/\/toidupakk.ee\/wp-content\/uploads\/2021\/11\/Tuunikalapasta-kauss.png","type":"image\/png"}],"twitter_card":"summary_large_image","twitter_misc":{"Szacowany czas czytania":"3 minuty"},"schema":{"@context":"https:\/\/schema.org","@graph":[{"@type":"WebPage","@id":"https:\/\/toidupakk.ee\/pl\/toode\/makaron-z-tunczykiem-110-g\/","url":"https:\/\/toidupakk.ee\/pl\/toode\/makaron-z-tunczykiem-110-g\/","name":"Makaron z tu\u0144czykiem 110 g - Toidupakk.ee - Tactical Foodpack toidupakid","isPartOf":{"@id":"https:\/\/toidupakk.ee\/pl\/#website"},"primaryImageOfPage":{"@id":"https:\/\/toidupakk.ee\/pl\/toode\/makaron-z-tunczykiem-110-g\/#primaryimage"},"image":{"@id":"https:\/\/toidupakk.ee\/pl\/toode\/makaron-z-tunczykiem-110-g\/#primaryimage"},"thumbnailUrl":"https:\/\/toidupakk.ee\/wp-content\/uploads\/2021\/11\/Tuunikalapasta-kauss.png","datePublished":"2021-11-02T21:38:03+00:00","dateModified":"2026-04-15T01:01:00+00:00","description":"Liofilizowany makaron z tu\u0144czykiem, stworzony na podstawie da\u0144 Jamiego Olivera. Wykorzystano wysokiej jako\u015bci sk\u0142adniki, bez konserwant\u00f3w, poddane procesowi liofilizacji.","breadcrumb":{"@id":"https:\/\/toidupakk.ee\/pl\/toode\/makaron-z-tunczykiem-110-g\/#breadcrumb"},"inLanguage":"pl-PL","potentialAction":[{"@type":"ReadAction","target":["https:\/\/toidupakk.ee\/pl\/toode\/makaron-z-tunczykiem-110-g\/"]}]},{"@type":"ImageObject","inLanguage":"pl-PL","@id":"https:\/\/toidupakk.ee\/pl\/toode\/makaron-z-tunczykiem-110-g\/#primaryimage","url":"https:\/\/toidupakk.ee\/wp-content\/uploads\/2021\/11\/Tuunikalapasta-kauss.png","contentUrl":"https:\/\/toidupakk.ee\/wp-content\/uploads\/2021\/11\/Tuunikalapasta-kauss.png","width":800,"height":800,"caption":"Makaron z tu\u0144czykiem Tactical"},{"@type":"BreadcrumbList","@id":"https:\/\/toidupakk.ee\/pl\/toode\/makaron-z-tunczykiem-110-g\/#breadcrumb","itemListElement":[{"@type":"ListItem","position":1,"name":"Avaleht","item":"https:\/\/toidupakk.ee\/pl\/"},{"@type":"ListItem","position":2,"name":"Sklep internetowy","item":"https:\/\/toidupakk.ee\/pl\/sklep-internetowy\/"},{"@type":"ListItem","position":3,"name":"Makaron z tu\u0144czykiem 110 g"}]},{"@type":"WebSite","@id":"https:\/\/toidupakk.ee\/pl\/#website","url":"https:\/\/toidupakk.ee\/pl\/","name":"Toidupakk.ee - Tactical Foodpack toidupakid","description":"Tactical Foodpack k\u00fclmkuivatatud toidupakid ja matkaeined","publisher":{"@id":"https:\/\/toidupakk.ee\/pl\/#organization"},"potentialAction":[{"@type":"SearchAction","target":{"@type":"EntryPoint","urlTemplate":"https:\/\/toidupakk.ee\/pl\/?s={search_term_string}"},"query-input":{"@type":"PropertyValueSpecification","valueRequired":true,"valueName":"search_term_string"}}],"inLanguage":"pl-PL"},{"@type":"Organization","@id":"https:\/\/toidupakk.ee\/pl\/#organization","name":"Tactical Foodpack matkaeined","url":"https:\/\/toidupakk.ee\/pl\/","logo":{"@type":"ImageObject","inLanguage":"pl-PL","@id":"https:\/\/toidupakk.ee\/pl\/#\/schema\/logo\/image\/","url":"https:\/\/toidupakk.ee\/wp-content\/uploads\/2022\/01\/Toidupakk-matkapood-logo-transparent.png","contentUrl":"https:\/\/toidupakk.ee\/wp-content\/uploads\/2022\/01\/Toidupakk-matkapood-logo-transparent.png","width":500,"height":500,"caption":"Tactical Foodpack matkaeined"},"image":{"@id":"https:\/\/toidupakk.ee\/pl\/#\/schema\/logo\/image\/"},"sameAs":["https:\/\/www.facebook.com\/Toidupakk","https:\/\/www.instagram.com\/toidupakk\/"]}]}},"jetpack_sharing_enabled":true,"_links":{"self":[{"href":"https:\/\/toidupakk.ee\/pl\/wp-json\/wp\/v2\/product\/51688","targetHints":{"allow":["GET"]}}],"collection":[{"href":"https:\/\/toidupakk.ee\/pl\/wp-json\/wp\/v2\/product"}],"about":[{"href":"https:\/\/toidupakk.ee\/pl\/wp-json\/wp\/v2\/types\/product"}],"replies":[{"embeddable":true,"href":"https:\/\/toidupakk.ee\/pl\/wp-json\/wp\/v2\/comments?post=51688"}],"wp:featuredmedia":[{"embeddable":true,"href":"https:\/\/toidupakk.ee\/pl\/wp-json\/wp\/v2\/media\/51692"}],"wp:attachment":[{"href":"https:\/\/toidupakk.ee\/pl\/wp-json\/wp\/v2\/media?parent=51688"}],"wp:term":[{"taxonomy":"product_brand","embeddable":true,"href":"https:\/\/toidupakk.ee\/pl\/wp-json\/wp\/v2\/product_brand?post=51688"},{"taxonomy":"product_cat","embeddable":true,"href":"https:\/\/toidupakk.ee\/pl\/wp-json\/wp\/v2\/product_cat?post=51688"},{"taxonomy":"product_tag","embeddable":true,"href":"https:\/\/toidupakk.ee\/pl\/wp-json\/wp\/v2\/product_tag?post=51688"}],"curies":[{"name":"wp","href":"https:\/\/api.w.org\/{rel}","templated":true}]}}