{"id":51683,"date":"2021-11-19T13:13:06","date_gmt":"2021-11-19T11:13:06","guid":{"rendered":"https:\/\/toidupakk.ee\/toode\/turkey-jerky-honey-and-mustard-40-g\/"},"modified":"2026-04-21T12:01:24","modified_gmt":"2026-04-21T09:01:24","slug":"turkey-jerky-honey-and-mustard-40-g","status":"publish","type":"product","link":"https:\/\/toidupakk.ee\/pl\/toode\/turkey-jerky-honey-and-mustard-40-g\/","title":{"rendered":"Turkey Jerky Honey and Mustard 40 g"},"content":{"rendered":"","protected":false},"excerpt":{"rendered":"<p><strong>Suszona indycza pier\u015b z miodem i musztard\u0105 40 g<\/strong><\/p>\n<p>D\u0142ugo marynowane mi\u0119so z indyka w miodzie, musztardzie i cebuli, wysuszone po ca\u0142kowitym wch\u0142oni\u0119ciu smak\u00f3w. Dzi\u0119ki temu zachowuje warto\u015bci od\u017cywcze i zyskuje najlepszy smak. Efektem jest wy\u015bmienita przek\u0105ska, kt\u00f3ra nikogo nie pozostawi oboj\u0119tnym.  <\/p>\n<p><strong>To produkt wysokiej jako\u015bci, bez dodatku sztucznych aromat\u00f3w i wzmacniaczy smaku.<\/strong><\/p>\n<p>Warto\u015b\u0107 energetyczna jednej porcji wynosi 112 kcal.<\/p>\n<p><strong>Sk\u0142adniki:<\/strong><br clear=\"none\">Filet z piersi indyka (69,66%), cukier br\u0105zowy, <strong>mi\u00f3d<\/strong> (4,64%), ocet winny, sos sojowy (woda, <strong>ziarno soi<\/strong>, s\u00f3l, ocet spirytusowy), cebula, ocet jab\u0142kowy, czerwone wino, przyprawy, \u015bliwki, s\u00f3l, <strong>musztarda<\/strong> (0,82%), czosnek, <strong>seler<\/strong>.<\/p>\n<p><strong>Najlepiej spo\u017cy\u0107 przed<\/strong>: 3 lata od daty produkcji<\/p>\n<p>\u2705 Czas dostawy: 1-3 dni robocze<br \/>\n\u2705 BEZP\u0141ATNY zwrot i wymiana<\/p>\n","protected":false},"featured_media":18912,"comment_status":"open","ping_status":"closed","template":"","meta":{"_acf_changed":false},"product_brand":[],"product_cat":[303,364,322,301,391],"product_tag":[305],"class_list":{"0":"post-51683","1":"product","2":"type-product","3":"status-publish","4":"has-post-thumbnail","6":"product_cat-akcesoria-turystyczne","7":"product_cat-dodatki","8":"product_cat-przekaski","9":"product_cat-sprzet-turystyczny","10":"product_cat-suszone-mieso","11":"product_tag-no_ads","13":"first","14":"outofstock","15":"taxable","16":"shipping-taxable","17":"purchasable","18":"product-type-simple"},"bundled_by":[],"bundle_stock_status":"outofstock","bundle_stock_quantity":0,"bundle_virtual":false,"bundle_layout":"","bundle_add_to_cart_form_location":"","bundle_editable_in_cart":false,"bundle_sold_individually_context":"","bundle_item_grouping":"","bundle_min_size":"","bundle_max_size":"","bundle_price":[],"bundled_items":[],"bundle_sell_ids":[],"acf":[],"yoast_head":"<!-- This site is optimized with the Yoast SEO plugin v27.3 - https:\/\/yoast.com\/product\/yoast-seo-wordpress\/ -->\n<title>Turkey Jerky Honey and Mustard 40 g - Toidupakk.ee - Tactical Foodpack toidupakid<\/title>\n<meta name=\"description\" content=\"Turkey Jerky Honey and Mustard to wysokiej jako\u015bci przek\u0105ska w ameryka\u0144skim stylu z wybornej suszonej wo\u0142owiny. Doskona\u0142a propozycja dla mi\u0142o\u015bnik\u00f3w mi\u0119sa.\" \/>\n<meta name=\"robots\" content=\"index, follow, max-snippet:-1, max-image-preview:large, max-video-preview:-1\" \/>\n<link rel=\"canonical\" href=\"https:\/\/toidupakk.ee\/pl\/toode\/turkey-jerky-honey-and-mustard-40-g\/\" \/>\n<meta property=\"og:locale\" content=\"pl_PL\" \/>\n<meta property=\"og:type\" content=\"article\" \/>\n<meta property=\"og:title\" content=\"Turkey Jerky Honey and Mustard 40 g - Toidupakk.ee - Tactical Foodpack toidupakid\" \/>\n<meta property=\"og:description\" content=\"Turkey Jerky Honey and Mustard to wysokiej jako\u015bci przek\u0105ska w ameryka\u0144skim stylu z wybornej suszonej wo\u0142owiny. Doskona\u0142a propozycja dla mi\u0142o\u015bnik\u00f3w mi\u0119sa.\" \/>\n<meta property=\"og:url\" content=\"https:\/\/toidupakk.ee\/pl\/toode\/turkey-jerky-honey-and-mustard-40-g\/\" \/>\n<meta property=\"og:site_name\" content=\"Toidupakk.ee - Tactical Foodpack toidupakid\" \/>\n<meta property=\"article:publisher\" content=\"https:\/\/www.facebook.com\/Toidupakk\" \/>\n<meta property=\"article:modified_time\" content=\"2026-04-21T09:01:24+00:00\" \/>\n<meta property=\"og:image\" content=\"https:\/\/toidupakk.ee\/wp-content\/uploads\/2021\/11\/Vinnutatud-liha-turkey_jerky_honey_and_mustard-800x800-1.png\" \/>\n\t<meta property=\"og:image:width\" content=\"800\" \/>\n\t<meta property=\"og:image:height\" content=\"800\" \/>\n\t<meta property=\"og:image:type\" content=\"image\/png\" \/>\n<meta name=\"twitter:card\" content=\"summary_large_image\" \/>\n<script type=\"application\/ld+json\" class=\"yoast-schema-graph\">{\"@context\":\"https:\\\/\\\/schema.org\",\"@graph\":[{\"@type\":\"WebPage\",\"@id\":\"https:\\\/\\\/toidupakk.ee\\\/pl\\\/toode\\\/turkey-jerky-honey-and-mustard-40-g\\\/\",\"url\":\"https:\\\/\\\/toidupakk.ee\\\/pl\\\/toode\\\/turkey-jerky-honey-and-mustard-40-g\\\/\",\"name\":\"Turkey Jerky Honey and Mustard 40 g - Toidupakk.ee - Tactical Foodpack toidupakid\",\"isPartOf\":{\"@id\":\"https:\\\/\\\/toidupakk.ee\\\/pl\\\/#website\"},\"primaryImageOfPage\":{\"@id\":\"https:\\\/\\\/toidupakk.ee\\\/pl\\\/toode\\\/turkey-jerky-honey-and-mustard-40-g\\\/#primaryimage\"},\"image\":{\"@id\":\"https:\\\/\\\/toidupakk.ee\\\/pl\\\/toode\\\/turkey-jerky-honey-and-mustard-40-g\\\/#primaryimage\"},\"thumbnailUrl\":\"https:\\\/\\\/toidupakk.ee\\\/wp-content\\\/uploads\\\/2021\\\/11\\\/Vinnutatud-liha-turkey_jerky_honey_and_mustard-800x800-1.png\",\"datePublished\":\"2021-11-19T11:13:06+00:00\",\"dateModified\":\"2026-04-21T09:01:24+00:00\",\"description\":\"Turkey Jerky Honey and Mustard to wysokiej jako\u015bci przek\u0105ska w ameryka\u0144skim stylu z wybornej suszonej wo\u0142owiny. Doskona\u0142a propozycja dla mi\u0142o\u015bnik\u00f3w mi\u0119sa.\",\"breadcrumb\":{\"@id\":\"https:\\\/\\\/toidupakk.ee\\\/pl\\\/toode\\\/turkey-jerky-honey-and-mustard-40-g\\\/#breadcrumb\"},\"inLanguage\":\"pl-PL\",\"potentialAction\":[{\"@type\":\"ReadAction\",\"target\":[\"https:\\\/\\\/toidupakk.ee\\\/pl\\\/toode\\\/turkey-jerky-honey-and-mustard-40-g\\\/\"]}]},{\"@type\":\"ImageObject\",\"inLanguage\":\"pl-PL\",\"@id\":\"https:\\\/\\\/toidupakk.ee\\\/pl\\\/toode\\\/turkey-jerky-honey-and-mustard-40-g\\\/#primaryimage\",\"url\":\"https:\\\/\\\/toidupakk.ee\\\/wp-content\\\/uploads\\\/2021\\\/11\\\/Vinnutatud-liha-turkey_jerky_honey_and_mustard-800x800-1.png\",\"contentUrl\":\"https:\\\/\\\/toidupakk.ee\\\/wp-content\\\/uploads\\\/2021\\\/11\\\/Vinnutatud-liha-turkey_jerky_honey_and_mustard-800x800-1.png\",\"width\":800,\"height\":800,\"caption\":\"Vinnutatud liha mee ja sinepiga\"},{\"@type\":\"BreadcrumbList\",\"@id\":\"https:\\\/\\\/toidupakk.ee\\\/pl\\\/toode\\\/turkey-jerky-honey-and-mustard-40-g\\\/#breadcrumb\",\"itemListElement\":[{\"@type\":\"ListItem\",\"position\":1,\"name\":\"Avaleht\",\"item\":\"https:\\\/\\\/toidupakk.ee\\\/pl\\\/\"},{\"@type\":\"ListItem\",\"position\":2,\"name\":\"Sklep internetowy\",\"item\":\"https:\\\/\\\/toidupakk.ee\\\/pl\\\/sklep-internetowy\\\/\"},{\"@type\":\"ListItem\",\"position\":3,\"name\":\"Turkey Jerky Honey and Mustard 40 g\"}]},{\"@type\":\"WebSite\",\"@id\":\"https:\\\/\\\/toidupakk.ee\\\/pl\\\/#website\",\"url\":\"https:\\\/\\\/toidupakk.ee\\\/pl\\\/\",\"name\":\"Toidupakk.ee - Tactical Foodpack toidupakid\",\"description\":\"Tactical Foodpack k\u00fclmkuivatatud toidupakid ja matkaeined\",\"publisher\":{\"@id\":\"https:\\\/\\\/toidupakk.ee\\\/pl\\\/#organization\"},\"potentialAction\":[{\"@type\":\"SearchAction\",\"target\":{\"@type\":\"EntryPoint\",\"urlTemplate\":\"https:\\\/\\\/toidupakk.ee\\\/pl\\\/?s={search_term_string}\"},\"query-input\":{\"@type\":\"PropertyValueSpecification\",\"valueRequired\":true,\"valueName\":\"search_term_string\"}}],\"inLanguage\":\"pl-PL\"},{\"@type\":\"Organization\",\"@id\":\"https:\\\/\\\/toidupakk.ee\\\/pl\\\/#organization\",\"name\":\"Tactical Foodpack matkaeined\",\"url\":\"https:\\\/\\\/toidupakk.ee\\\/pl\\\/\",\"logo\":{\"@type\":\"ImageObject\",\"inLanguage\":\"pl-PL\",\"@id\":\"https:\\\/\\\/toidupakk.ee\\\/pl\\\/#\\\/schema\\\/logo\\\/image\\\/\",\"url\":\"https:\\\/\\\/toidupakk.ee\\\/wp-content\\\/uploads\\\/2022\\\/01\\\/Toidupakk-matkapood-logo-transparent.png\",\"contentUrl\":\"https:\\\/\\\/toidupakk.ee\\\/wp-content\\\/uploads\\\/2022\\\/01\\\/Toidupakk-matkapood-logo-transparent.png\",\"width\":500,\"height\":500,\"caption\":\"Tactical Foodpack matkaeined\"},\"image\":{\"@id\":\"https:\\\/\\\/toidupakk.ee\\\/pl\\\/#\\\/schema\\\/logo\\\/image\\\/\"},\"sameAs\":[\"https:\\\/\\\/www.facebook.com\\\/Toidupakk\",\"https:\\\/\\\/www.instagram.com\\\/toidupakk\\\/\"]}]}<\/script>\n<!-- \/ Yoast SEO plugin. -->","yoast_head_json":{"title":"Turkey Jerky Honey and Mustard 40 g - Toidupakk.ee - Tactical Foodpack toidupakid","description":"Turkey Jerky Honey and Mustard to wysokiej jako\u015bci przek\u0105ska w ameryka\u0144skim stylu z wybornej suszonej wo\u0142owiny. Doskona\u0142a propozycja dla mi\u0142o\u015bnik\u00f3w mi\u0119sa.","robots":{"index":"index","follow":"follow","max-snippet":"max-snippet:-1","max-image-preview":"max-image-preview:large","max-video-preview":"max-video-preview:-1"},"canonical":"https:\/\/toidupakk.ee\/pl\/toode\/turkey-jerky-honey-and-mustard-40-g\/","og_locale":"pl_PL","og_type":"article","og_title":"Turkey Jerky Honey and Mustard 40 g - Toidupakk.ee - Tactical Foodpack toidupakid","og_description":"Turkey Jerky Honey and Mustard to wysokiej jako\u015bci przek\u0105ska w ameryka\u0144skim stylu z wybornej suszonej wo\u0142owiny. Doskona\u0142a propozycja dla mi\u0142o\u015bnik\u00f3w mi\u0119sa.","og_url":"https:\/\/toidupakk.ee\/pl\/toode\/turkey-jerky-honey-and-mustard-40-g\/","og_site_name":"Toidupakk.ee - Tactical Foodpack toidupakid","article_publisher":"https:\/\/www.facebook.com\/Toidupakk","article_modified_time":"2026-04-21T09:01:24+00:00","og_image":[{"width":800,"height":800,"url":"https:\/\/toidupakk.ee\/wp-content\/uploads\/2021\/11\/Vinnutatud-liha-turkey_jerky_honey_and_mustard-800x800-1.png","type":"image\/png"}],"twitter_card":"summary_large_image","schema":{"@context":"https:\/\/schema.org","@graph":[{"@type":"WebPage","@id":"https:\/\/toidupakk.ee\/pl\/toode\/turkey-jerky-honey-and-mustard-40-g\/","url":"https:\/\/toidupakk.ee\/pl\/toode\/turkey-jerky-honey-and-mustard-40-g\/","name":"Turkey Jerky Honey and Mustard 40 g - Toidupakk.ee - Tactical Foodpack toidupakid","isPartOf":{"@id":"https:\/\/toidupakk.ee\/pl\/#website"},"primaryImageOfPage":{"@id":"https:\/\/toidupakk.ee\/pl\/toode\/turkey-jerky-honey-and-mustard-40-g\/#primaryimage"},"image":{"@id":"https:\/\/toidupakk.ee\/pl\/toode\/turkey-jerky-honey-and-mustard-40-g\/#primaryimage"},"thumbnailUrl":"https:\/\/toidupakk.ee\/wp-content\/uploads\/2021\/11\/Vinnutatud-liha-turkey_jerky_honey_and_mustard-800x800-1.png","datePublished":"2021-11-19T11:13:06+00:00","dateModified":"2026-04-21T09:01:24+00:00","description":"Turkey Jerky Honey and Mustard to wysokiej jako\u015bci przek\u0105ska w ameryka\u0144skim stylu z wybornej suszonej wo\u0142owiny. Doskona\u0142a propozycja dla mi\u0142o\u015bnik\u00f3w mi\u0119sa.","breadcrumb":{"@id":"https:\/\/toidupakk.ee\/pl\/toode\/turkey-jerky-honey-and-mustard-40-g\/#breadcrumb"},"inLanguage":"pl-PL","potentialAction":[{"@type":"ReadAction","target":["https:\/\/toidupakk.ee\/pl\/toode\/turkey-jerky-honey-and-mustard-40-g\/"]}]},{"@type":"ImageObject","inLanguage":"pl-PL","@id":"https:\/\/toidupakk.ee\/pl\/toode\/turkey-jerky-honey-and-mustard-40-g\/#primaryimage","url":"https:\/\/toidupakk.ee\/wp-content\/uploads\/2021\/11\/Vinnutatud-liha-turkey_jerky_honey_and_mustard-800x800-1.png","contentUrl":"https:\/\/toidupakk.ee\/wp-content\/uploads\/2021\/11\/Vinnutatud-liha-turkey_jerky_honey_and_mustard-800x800-1.png","width":800,"height":800,"caption":"Vinnutatud liha mee ja sinepiga"},{"@type":"BreadcrumbList","@id":"https:\/\/toidupakk.ee\/pl\/toode\/turkey-jerky-honey-and-mustard-40-g\/#breadcrumb","itemListElement":[{"@type":"ListItem","position":1,"name":"Avaleht","item":"https:\/\/toidupakk.ee\/pl\/"},{"@type":"ListItem","position":2,"name":"Sklep internetowy","item":"https:\/\/toidupakk.ee\/pl\/sklep-internetowy\/"},{"@type":"ListItem","position":3,"name":"Turkey Jerky Honey and Mustard 40 g"}]},{"@type":"WebSite","@id":"https:\/\/toidupakk.ee\/pl\/#website","url":"https:\/\/toidupakk.ee\/pl\/","name":"Toidupakk.ee - Tactical Foodpack toidupakid","description":"Tactical Foodpack k\u00fclmkuivatatud toidupakid ja matkaeined","publisher":{"@id":"https:\/\/toidupakk.ee\/pl\/#organization"},"potentialAction":[{"@type":"SearchAction","target":{"@type":"EntryPoint","urlTemplate":"https:\/\/toidupakk.ee\/pl\/?s={search_term_string}"},"query-input":{"@type":"PropertyValueSpecification","valueRequired":true,"valueName":"search_term_string"}}],"inLanguage":"pl-PL"},{"@type":"Organization","@id":"https:\/\/toidupakk.ee\/pl\/#organization","name":"Tactical Foodpack matkaeined","url":"https:\/\/toidupakk.ee\/pl\/","logo":{"@type":"ImageObject","inLanguage":"pl-PL","@id":"https:\/\/toidupakk.ee\/pl\/#\/schema\/logo\/image\/","url":"https:\/\/toidupakk.ee\/wp-content\/uploads\/2022\/01\/Toidupakk-matkapood-logo-transparent.png","contentUrl":"https:\/\/toidupakk.ee\/wp-content\/uploads\/2022\/01\/Toidupakk-matkapood-logo-transparent.png","width":500,"height":500,"caption":"Tactical Foodpack matkaeined"},"image":{"@id":"https:\/\/toidupakk.ee\/pl\/#\/schema\/logo\/image\/"},"sameAs":["https:\/\/www.facebook.com\/Toidupakk","https:\/\/www.instagram.com\/toidupakk\/"]}]}},"jetpack_sharing_enabled":true,"_links":{"self":[{"href":"https:\/\/toidupakk.ee\/pl\/wp-json\/wp\/v2\/product\/51683","targetHints":{"allow":["GET"]}}],"collection":[{"href":"https:\/\/toidupakk.ee\/pl\/wp-json\/wp\/v2\/product"}],"about":[{"href":"https:\/\/toidupakk.ee\/pl\/wp-json\/wp\/v2\/types\/product"}],"replies":[{"embeddable":true,"href":"https:\/\/toidupakk.ee\/pl\/wp-json\/wp\/v2\/comments?post=51683"}],"wp:featuredmedia":[{"embeddable":true,"href":"https:\/\/toidupakk.ee\/pl\/wp-json\/wp\/v2\/media\/18912"}],"wp:attachment":[{"href":"https:\/\/toidupakk.ee\/pl\/wp-json\/wp\/v2\/media?parent=51683"}],"wp:term":[{"taxonomy":"product_brand","embeddable":true,"href":"https:\/\/toidupakk.ee\/pl\/wp-json\/wp\/v2\/product_brand?post=51683"},{"taxonomy":"product_cat","embeddable":true,"href":"https:\/\/toidupakk.ee\/pl\/wp-json\/wp\/v2\/product_cat?post=51683"},{"taxonomy":"product_tag","embeddable":true,"href":"https:\/\/toidupakk.ee\/pl\/wp-json\/wp\/v2\/product_tag?post=51683"}],"curies":[{"name":"wp","href":"https:\/\/api.w.org\/{rel}","templated":true}]}}