{"id":51660,"date":"2021-09-06T13:12:29","date_gmt":"2021-09-06T10:12:29","guid":{"rendered":"https:\/\/toidupakk.ee\/toode\/liofilizowane-chipsy-jablkowe-15-g\/"},"modified":"2026-04-16T07:30:47","modified_gmt":"2026-04-16T04:30:47","slug":"liofilizowane-chipsy-jablkowe-15-g","status":"publish","type":"product","link":"https:\/\/toidupakk.ee\/pl\/toode\/liofilizowane-chipsy-jablkowe-15-g\/","title":{"rendered":"Liofilizowane chipsy jab\u0142kowe 15 g"},"content":{"rendered":"<p>Je\u015bli szukasz zdrowej i smacznej przek\u0105ski, liofilizowane chipsy jab\u0142kowe to \u015bwietny wyb\u00f3r! Wyprodukowane bez dodatku cukru, s\u0105 pe\u0142ne naturalnego smaku i chrupko\u015bci. Technologia liofilizacji zachowuje w jab\u0142kach cenne sk\u0142adniki od\u017cywcze i witaminy.  <\/p>\n<p>Liofilizowane chipsy jab\u0142kowe to doskona\u0142a alternatywa dla wysokokalorycznych i niezdrowych przek\u0105sek. Idealnie sprawdz\u0105 si\u0119 w domu, szkole, pracy, na szlaku czy w podr\u00f3\u017cy. <\/p>\n<p>&nbsp;<\/p>\n","protected":false},"excerpt":{"rendered":"<ul>\n<li>Przyjemnie chrupi\u0105ce chipsy jab\u0142kowe<\/li>\n<li>Pyszna przek\u0105ska na intensywny dzie\u0144<\/li>\n<\/ul>\n<p>Smacznego chrupania!<\/p>\n<p>Ten produkt nie wymaga dodawania wody!<\/p>\n<p>Warto\u015b\u0107 energetyczna wynosi 54 kcal.<\/p>\n<p><strong>Najlepiej spo\u017cy\u0107 przed up\u0142ywem 4 lat<\/strong><\/p>\n<p>\u2705 Dostawa w 1-3 dni robocze<br \/>\n\u2705 BEZP\u0141ATNY zwrot i wymiana<\/p>\n<p>&nbsp;<\/p>\n","protected":false},"featured_media":53750,"comment_status":"open","ping_status":"closed","template":"","meta":{"_acf_changed":false},"product_brand":[],"product_cat":[303,337,322,301],"product_tag":[305,338],"class_list":{"0":"post-51660","1":"product","2":"type-product","3":"status-publish","4":"has-post-thumbnail","6":"product_cat-akcesoria-turystyczne","7":"product_cat-posilki-tactical-foodpack","8":"product_cat-przekaski","9":"product_cat-sprzet-turystyczny","10":"product_tag-no_ads","11":"product_tag-tactical-foodpack","13":"first","14":"instock","15":"taxable","16":"shipping-taxable","17":"purchasable","18":"product-type-simple"},"bundled_by":[],"bundle_stock_status":"instock","bundle_stock_quantity":15,"bundle_virtual":false,"bundle_layout":"","bundle_add_to_cart_form_location":"","bundle_editable_in_cart":false,"bundle_sold_individually_context":"","bundle_item_grouping":"","bundle_min_size":"","bundle_max_size":"","bundle_price":[],"bundled_items":[],"bundle_sell_ids":[],"acf":[],"yoast_head":"<!-- This site is optimized with the Yoast SEO plugin v27.3 - https:\/\/yoast.com\/product\/yoast-seo-wordpress\/ -->\n<title>Liofilizowane chipsy jab\u0142kowe 15 g - Toidupakk.ee - Tactical Foodpack toidupakid<\/title>\n<meta name=\"description\" content=\"Liofilizowane chipsy jab\u0142kowe s\u0105 produkowane bez dodatku cukru. Technologia liofilizacji pozwala zachowa\u0107 w jab\u0142kach cenne sk\u0142adniki od\u017cywcze i witaminy.\" \/>\n<meta name=\"robots\" content=\"index, follow, max-snippet:-1, max-image-preview:large, max-video-preview:-1\" \/>\n<link rel=\"canonical\" href=\"https:\/\/toidupakk.ee\/pl\/toode\/liofilizowane-chipsy-jablkowe-15-g\/\" \/>\n<meta property=\"og:locale\" content=\"pl_PL\" \/>\n<meta property=\"og:type\" content=\"article\" \/>\n<meta property=\"og:title\" content=\"Liofilizowane chipsy jab\u0142kowe 15 g - Toidupakk.ee - Tactical Foodpack toidupakid\" \/>\n<meta property=\"og:description\" content=\"Liofilizowane chipsy jab\u0142kowe s\u0105 produkowane bez dodatku cukru. Technologia liofilizacji pozwala zachowa\u0107 w jab\u0142kach cenne sk\u0142adniki od\u017cywcze i witaminy.\" \/>\n<meta property=\"og:url\" content=\"https:\/\/toidupakk.ee\/pl\/toode\/liofilizowane-chipsy-jablkowe-15-g\/\" \/>\n<meta property=\"og:site_name\" content=\"Toidupakk.ee - Tactical Foodpack toidupakid\" \/>\n<meta property=\"article:publisher\" content=\"https:\/\/www.facebook.com\/Toidupakk\" \/>\n<meta property=\"article:modified_time\" content=\"2026-04-16T04:30:47+00:00\" \/>\n<meta property=\"og:image\" content=\"https:\/\/toidupakk.ee\/wp-content\/uploads\/2021\/09\/Apple_chips_white_back-07-16-17-989_adobespark1.png\" \/>\n\t<meta property=\"og:image:width\" content=\"1010\" \/>\n\t<meta property=\"og:image:height\" content=\"1080\" \/>\n\t<meta property=\"og:image:type\" content=\"image\/png\" \/>\n<meta name=\"twitter:card\" content=\"summary_large_image\" \/>\n<script type=\"application\/ld+json\" class=\"yoast-schema-graph\">{\"@context\":\"https:\\\/\\\/schema.org\",\"@graph\":[{\"@type\":\"WebPage\",\"@id\":\"https:\\\/\\\/toidupakk.ee\\\/pl\\\/toode\\\/liofilizowane-chipsy-jablkowe-15-g\\\/\",\"url\":\"https:\\\/\\\/toidupakk.ee\\\/pl\\\/toode\\\/liofilizowane-chipsy-jablkowe-15-g\\\/\",\"name\":\"Liofilizowane chipsy jab\u0142kowe 15 g - Toidupakk.ee - Tactical Foodpack toidupakid\",\"isPartOf\":{\"@id\":\"https:\\\/\\\/toidupakk.ee\\\/pl\\\/#website\"},\"primaryImageOfPage\":{\"@id\":\"https:\\\/\\\/toidupakk.ee\\\/pl\\\/toode\\\/liofilizowane-chipsy-jablkowe-15-g\\\/#primaryimage\"},\"image\":{\"@id\":\"https:\\\/\\\/toidupakk.ee\\\/pl\\\/toode\\\/liofilizowane-chipsy-jablkowe-15-g\\\/#primaryimage\"},\"thumbnailUrl\":\"https:\\\/\\\/toidupakk.ee\\\/wp-content\\\/uploads\\\/2021\\\/09\\\/Tactical-Foodpack-ounakropsud.webp\",\"datePublished\":\"2021-09-06T10:12:29+00:00\",\"dateModified\":\"2026-04-16T04:30:47+00:00\",\"description\":\"Liofilizowane chipsy jab\u0142kowe s\u0105 produkowane bez dodatku cukru. Technologia liofilizacji pozwala zachowa\u0107 w jab\u0142kach cenne sk\u0142adniki od\u017cywcze i witaminy.\",\"breadcrumb\":{\"@id\":\"https:\\\/\\\/toidupakk.ee\\\/pl\\\/toode\\\/liofilizowane-chipsy-jablkowe-15-g\\\/#breadcrumb\"},\"inLanguage\":\"pl-PL\",\"potentialAction\":[{\"@type\":\"ReadAction\",\"target\":[\"https:\\\/\\\/toidupakk.ee\\\/pl\\\/toode\\\/liofilizowane-chipsy-jablkowe-15-g\\\/\"]}]},{\"@type\":\"ImageObject\",\"inLanguage\":\"pl-PL\",\"@id\":\"https:\\\/\\\/toidupakk.ee\\\/pl\\\/toode\\\/liofilizowane-chipsy-jablkowe-15-g\\\/#primaryimage\",\"url\":\"https:\\\/\\\/toidupakk.ee\\\/wp-content\\\/uploads\\\/2021\\\/09\\\/Tactical-Foodpack-ounakropsud.webp\",\"contentUrl\":\"https:\\\/\\\/toidupakk.ee\\\/wp-content\\\/uploads\\\/2021\\\/09\\\/Tactical-Foodpack-ounakropsud.webp\",\"width\":600,\"height\":600,\"caption\":\"k\u00fclmkuivatatud \u00f5unakr\u00f5psud\"},{\"@type\":\"BreadcrumbList\",\"@id\":\"https:\\\/\\\/toidupakk.ee\\\/pl\\\/toode\\\/liofilizowane-chipsy-jablkowe-15-g\\\/#breadcrumb\",\"itemListElement\":[{\"@type\":\"ListItem\",\"position\":1,\"name\":\"Avaleht\",\"item\":\"https:\\\/\\\/toidupakk.ee\\\/pl\\\/\"},{\"@type\":\"ListItem\",\"position\":2,\"name\":\"Sklep internetowy\",\"item\":\"https:\\\/\\\/toidupakk.ee\\\/pl\\\/sklep-internetowy\\\/\"},{\"@type\":\"ListItem\",\"position\":3,\"name\":\"Liofilizowane chipsy jab\u0142kowe 15 g\"}]},{\"@type\":\"WebSite\",\"@id\":\"https:\\\/\\\/toidupakk.ee\\\/pl\\\/#website\",\"url\":\"https:\\\/\\\/toidupakk.ee\\\/pl\\\/\",\"name\":\"Toidupakk.ee - Tactical Foodpack toidupakid\",\"description\":\"Tactical Foodpack k\u00fclmkuivatatud toidupakid ja matkaeined\",\"publisher\":{\"@id\":\"https:\\\/\\\/toidupakk.ee\\\/pl\\\/#organization\"},\"potentialAction\":[{\"@type\":\"SearchAction\",\"target\":{\"@type\":\"EntryPoint\",\"urlTemplate\":\"https:\\\/\\\/toidupakk.ee\\\/pl\\\/?s={search_term_string}\"},\"query-input\":{\"@type\":\"PropertyValueSpecification\",\"valueRequired\":true,\"valueName\":\"search_term_string\"}}],\"inLanguage\":\"pl-PL\"},{\"@type\":\"Organization\",\"@id\":\"https:\\\/\\\/toidupakk.ee\\\/pl\\\/#organization\",\"name\":\"Tactical Foodpack matkaeined\",\"url\":\"https:\\\/\\\/toidupakk.ee\\\/pl\\\/\",\"logo\":{\"@type\":\"ImageObject\",\"inLanguage\":\"pl-PL\",\"@id\":\"https:\\\/\\\/toidupakk.ee\\\/pl\\\/#\\\/schema\\\/logo\\\/image\\\/\",\"url\":\"https:\\\/\\\/toidupakk.ee\\\/wp-content\\\/uploads\\\/2022\\\/01\\\/Toidupakk-matkapood-logo-transparent.png\",\"contentUrl\":\"https:\\\/\\\/toidupakk.ee\\\/wp-content\\\/uploads\\\/2022\\\/01\\\/Toidupakk-matkapood-logo-transparent.png\",\"width\":500,\"height\":500,\"caption\":\"Tactical Foodpack matkaeined\"},\"image\":{\"@id\":\"https:\\\/\\\/toidupakk.ee\\\/pl\\\/#\\\/schema\\\/logo\\\/image\\\/\"},\"sameAs\":[\"https:\\\/\\\/www.facebook.com\\\/Toidupakk\",\"https:\\\/\\\/www.instagram.com\\\/toidupakk\\\/\"]}]}<\/script>\n<!-- \/ Yoast SEO plugin. -->","yoast_head_json":{"title":"Liofilizowane chipsy jab\u0142kowe 15 g - Toidupakk.ee - Tactical Foodpack toidupakid","description":"Liofilizowane chipsy jab\u0142kowe s\u0105 produkowane bez dodatku cukru. Technologia liofilizacji pozwala zachowa\u0107 w jab\u0142kach cenne sk\u0142adniki od\u017cywcze i witaminy.","robots":{"index":"index","follow":"follow","max-snippet":"max-snippet:-1","max-image-preview":"max-image-preview:large","max-video-preview":"max-video-preview:-1"},"canonical":"https:\/\/toidupakk.ee\/pl\/toode\/liofilizowane-chipsy-jablkowe-15-g\/","og_locale":"pl_PL","og_type":"article","og_title":"Liofilizowane chipsy jab\u0142kowe 15 g - Toidupakk.ee - Tactical Foodpack toidupakid","og_description":"Liofilizowane chipsy jab\u0142kowe s\u0105 produkowane bez dodatku cukru. Technologia liofilizacji pozwala zachowa\u0107 w jab\u0142kach cenne sk\u0142adniki od\u017cywcze i witaminy.","og_url":"https:\/\/toidupakk.ee\/pl\/toode\/liofilizowane-chipsy-jablkowe-15-g\/","og_site_name":"Toidupakk.ee - Tactical Foodpack toidupakid","article_publisher":"https:\/\/www.facebook.com\/Toidupakk","article_modified_time":"2026-04-16T04:30:47+00:00","og_image":[{"width":1010,"height":1080,"url":"https:\/\/toidupakk.ee\/wp-content\/uploads\/2021\/09\/Apple_chips_white_back-07-16-17-989_adobespark1.png","type":"image\/png"}],"twitter_card":"summary_large_image","schema":{"@context":"https:\/\/schema.org","@graph":[{"@type":"WebPage","@id":"https:\/\/toidupakk.ee\/pl\/toode\/liofilizowane-chipsy-jablkowe-15-g\/","url":"https:\/\/toidupakk.ee\/pl\/toode\/liofilizowane-chipsy-jablkowe-15-g\/","name":"Liofilizowane chipsy jab\u0142kowe 15 g - Toidupakk.ee - Tactical Foodpack toidupakid","isPartOf":{"@id":"https:\/\/toidupakk.ee\/pl\/#website"},"primaryImageOfPage":{"@id":"https:\/\/toidupakk.ee\/pl\/toode\/liofilizowane-chipsy-jablkowe-15-g\/#primaryimage"},"image":{"@id":"https:\/\/toidupakk.ee\/pl\/toode\/liofilizowane-chipsy-jablkowe-15-g\/#primaryimage"},"thumbnailUrl":"https:\/\/toidupakk.ee\/wp-content\/uploads\/2021\/09\/Tactical-Foodpack-ounakropsud.webp","datePublished":"2021-09-06T10:12:29+00:00","dateModified":"2026-04-16T04:30:47+00:00","description":"Liofilizowane chipsy jab\u0142kowe s\u0105 produkowane bez dodatku cukru. Technologia liofilizacji pozwala zachowa\u0107 w jab\u0142kach cenne sk\u0142adniki od\u017cywcze i witaminy.","breadcrumb":{"@id":"https:\/\/toidupakk.ee\/pl\/toode\/liofilizowane-chipsy-jablkowe-15-g\/#breadcrumb"},"inLanguage":"pl-PL","potentialAction":[{"@type":"ReadAction","target":["https:\/\/toidupakk.ee\/pl\/toode\/liofilizowane-chipsy-jablkowe-15-g\/"]}]},{"@type":"ImageObject","inLanguage":"pl-PL","@id":"https:\/\/toidupakk.ee\/pl\/toode\/liofilizowane-chipsy-jablkowe-15-g\/#primaryimage","url":"https:\/\/toidupakk.ee\/wp-content\/uploads\/2021\/09\/Tactical-Foodpack-ounakropsud.webp","contentUrl":"https:\/\/toidupakk.ee\/wp-content\/uploads\/2021\/09\/Tactical-Foodpack-ounakropsud.webp","width":600,"height":600,"caption":"k\u00fclmkuivatatud \u00f5unakr\u00f5psud"},{"@type":"BreadcrumbList","@id":"https:\/\/toidupakk.ee\/pl\/toode\/liofilizowane-chipsy-jablkowe-15-g\/#breadcrumb","itemListElement":[{"@type":"ListItem","position":1,"name":"Avaleht","item":"https:\/\/toidupakk.ee\/pl\/"},{"@type":"ListItem","position":2,"name":"Sklep internetowy","item":"https:\/\/toidupakk.ee\/pl\/sklep-internetowy\/"},{"@type":"ListItem","position":3,"name":"Liofilizowane chipsy jab\u0142kowe 15 g"}]},{"@type":"WebSite","@id":"https:\/\/toidupakk.ee\/pl\/#website","url":"https:\/\/toidupakk.ee\/pl\/","name":"Toidupakk.ee - Tactical Foodpack toidupakid","description":"Tactical Foodpack k\u00fclmkuivatatud toidupakid ja matkaeined","publisher":{"@id":"https:\/\/toidupakk.ee\/pl\/#organization"},"potentialAction":[{"@type":"SearchAction","target":{"@type":"EntryPoint","urlTemplate":"https:\/\/toidupakk.ee\/pl\/?s={search_term_string}"},"query-input":{"@type":"PropertyValueSpecification","valueRequired":true,"valueName":"search_term_string"}}],"inLanguage":"pl-PL"},{"@type":"Organization","@id":"https:\/\/toidupakk.ee\/pl\/#organization","name":"Tactical Foodpack matkaeined","url":"https:\/\/toidupakk.ee\/pl\/","logo":{"@type":"ImageObject","inLanguage":"pl-PL","@id":"https:\/\/toidupakk.ee\/pl\/#\/schema\/logo\/image\/","url":"https:\/\/toidupakk.ee\/wp-content\/uploads\/2022\/01\/Toidupakk-matkapood-logo-transparent.png","contentUrl":"https:\/\/toidupakk.ee\/wp-content\/uploads\/2022\/01\/Toidupakk-matkapood-logo-transparent.png","width":500,"height":500,"caption":"Tactical Foodpack matkaeined"},"image":{"@id":"https:\/\/toidupakk.ee\/pl\/#\/schema\/logo\/image\/"},"sameAs":["https:\/\/www.facebook.com\/Toidupakk","https:\/\/www.instagram.com\/toidupakk\/"]}]}},"jetpack_sharing_enabled":true,"_links":{"self":[{"href":"https:\/\/toidupakk.ee\/pl\/wp-json\/wp\/v2\/product\/51660","targetHints":{"allow":["GET"]}}],"collection":[{"href":"https:\/\/toidupakk.ee\/pl\/wp-json\/wp\/v2\/product"}],"about":[{"href":"https:\/\/toidupakk.ee\/pl\/wp-json\/wp\/v2\/types\/product"}],"replies":[{"embeddable":true,"href":"https:\/\/toidupakk.ee\/pl\/wp-json\/wp\/v2\/comments?post=51660"}],"wp:featuredmedia":[{"embeddable":true,"href":"https:\/\/toidupakk.ee\/pl\/wp-json\/wp\/v2\/media\/53750"}],"wp:attachment":[{"href":"https:\/\/toidupakk.ee\/pl\/wp-json\/wp\/v2\/media?parent=51660"}],"wp:term":[{"taxonomy":"product_brand","embeddable":true,"href":"https:\/\/toidupakk.ee\/pl\/wp-json\/wp\/v2\/product_brand?post=51660"},{"taxonomy":"product_cat","embeddable":true,"href":"https:\/\/toidupakk.ee\/pl\/wp-json\/wp\/v2\/product_cat?post=51660"},{"taxonomy":"product_tag","embeddable":true,"href":"https:\/\/toidupakk.ee\/pl\/wp-json\/wp\/v2\/product_tag?post=51660"}],"curies":[{"name":"wp","href":"https:\/\/api.w.org\/{rel}","templated":true}]}}