{"id":51653,"date":"2021-12-09T17:02:05","date_gmt":"2021-12-09T15:02:05","guid":{"rendered":"https:\/\/toidupakk.ee\/toode\/torba-do-podgrzewania-zywnosci-z-wkladem-grzewczym\/"},"modified":"2026-04-16T21:31:24","modified_gmt":"2026-04-16T18:31:24","slug":"torba-do-podgrzewania-zywnosci-z-wkladem-grzewczym","status":"publish","type":"product","link":"https:\/\/toidupakk.ee\/pl\/toode\/torba-do-podgrzewania-zywnosci-z-wkladem-grzewczym\/","title":{"rendered":"Torba do podgrzewania \u017cywno\u015bci z wk\u0142adem grzewczym"},"content":{"rendered":"<h3 class=\"\" data-start=\"101\" data-end=\"178\"><strong data-start=\"108\" data-end=\"178\">Torba grzewcza Tactical Foodpack \u2013 ciep\u0142y posi\u0142ek bez ognia i kuchenki<\/strong><\/h3>\n<p class=\"\" data-start=\"180\" data-end=\"498\">Je\u015bli jeste\u015b na wyprawie, w sytuacji ekstremalnej lub po prostu tam, gdzie nie masz dost\u0119pu do ognia lub wrz\u0105tku, <strong data-start=\"288\" data-end=\"322\">torba grzewcza Tactical Foodpack<\/strong> to idealne rozwi\u0105zanie. To praktyczna torba wielorazowego u\u017cytku, dzi\u0119ki kt\u00f3rej <strong data-start=\"409\" data-end=\"471\">szybko i bezpiecznie podgrzejesz posi\u0142ki Tactical Foodpack<\/strong> \u2013 potrzebujesz tylko odrobiny wody. <\/p>\n<hr class=\"\" data-start=\"500\" data-end=\"503\">\n<h3 class=\"\" data-start=\"505\" data-end=\"534\"><strong data-start=\"512\" data-end=\"534\">Jak to dzia\u0142a?<\/strong><\/h3>\n<p class=\"\" data-start=\"535\" data-end=\"685\">Sercem torby jest <strong data-start=\"560\" data-end=\"587\">reaktywny wk\u0142ad grzewczy<\/strong>, kt\u00f3ry <strong data-start=\"593\" data-end=\"631\">aktywuje si\u0119 w kontakcie z wod\u0105<\/strong>, podnosz\u0105c jej temperatur\u0119 <strong data-start=\"657\" data-end=\"671\">do 100\u00b0C<\/strong>. Wystarczy tylko: <\/p>\n<ul data-start=\"686\" data-end=\"820\">\n<li class=\"\" data-start=\"686\" data-end=\"724\">\n<p class=\"\" data-start=\"688\" data-end=\"724\">Wlej <strong data-start=\"693\" data-end=\"710\">ok. 150 ml wody<\/strong> do torby grzewczej<\/p>\n<\/li>\n<li class=\"\" data-start=\"725\" data-end=\"761\">\n<p class=\"\" data-start=\"727\" data-end=\"761\">W\u0142\u00f3\u017c do \u015brodka posi\u0142ek Tactical Foodpack<\/p>\n<\/li>\n<li class=\"\" data-start=\"762\" data-end=\"820\">\n<p class=\"\" data-start=\"764\" data-end=\"820\">Zamknij torb\u0119 i czekaj \u2013 <strong data-start=\"785\" data-end=\"820\">grzanie trwa do 25 minut<\/strong><\/p>\n<\/li>\n<\/ul>\n<p class=\"\" data-start=\"822\" data-end=\"895\">Jedzenie podgrzewa si\u0119 bezpiecznie i szybko, bez ryzyka po\u017caru i dodatkowego sprz\u0119tu.<\/p>\n<hr class=\"\" data-start=\"897\" data-end=\"900\">\n<h3 class=\"\" data-start=\"902\" data-end=\"951\">\ud83d\udd01 <strong data-start=\"909\" data-end=\"951\">Wielorazowa i bardziej ekologiczna<\/strong><\/h3>\n<ul data-start=\"952\" data-end=\"1130\">\n<li class=\"\" data-start=\"952\" data-end=\"1003\">\n<p class=\"\" data-start=\"954\" data-end=\"1003\"><strong data-start=\"954\" data-end=\"1003\">Torby grzewczej mo\u017cesz u\u017cy\u0107 co najmniej 10 razy<\/strong><\/p>\n<\/li>\n<li class=\"\" data-start=\"1004\" data-end=\"1084\">\n<p class=\"\" data-start=\"1006\" data-end=\"1084\">Musisz wymienia\u0107 tylko <strong data-start=\"1026\" data-end=\"1046\">wk\u0142ad grzewczy<\/strong>, kt\u00f3ry mo\u017cesz <strong data-start=\"1059\" data-end=\"1084\">zam\u00f3wi\u0107 oddzielnie<\/strong><\/p>\n<\/li>\n<li class=\"\" data-start=\"1085\" data-end=\"1130\">\n<p class=\"\" data-start=\"1087\" data-end=\"1130\">Zestaw zawiera <strong data-start=\"1105\" data-end=\"1130\">jeden wk\u0142ad grzewczy<\/strong><\/p>\n<\/li>\n<\/ul>\n<hr class=\"\" data-start=\"1132\" data-end=\"1135\">\n<h3 class=\"\" data-start=\"1137\" data-end=\"1171\">\ud83c\udfd5\ufe0f <strong data-start=\"1145\" data-end=\"1171\">Idealna do u\u017cytku:<\/strong><\/h3>\n<ul data-start=\"1172\" data-end=\"1296\">\n<li class=\"\" data-start=\"1172\" data-end=\"1212\">\n<p class=\"\" data-start=\"1174\" data-end=\"1212\">Na szlaku, w aucie, na \u0142odzi, w schronieniu<\/p>\n<\/li>\n<li class=\"\" data-start=\"1213\" data-end=\"1254\">\n<p class=\"\" data-start=\"1215\" data-end=\"1254\">W zestawach przetrwania i zapasach kryzysowych<\/p>\n<\/li>\n<li class=\"\" data-start=\"1255\" data-end=\"1296\">\n<p class=\"\" data-start=\"1257\" data-end=\"1296\">Podczas misji taktycznych i na obozach<\/p>\n<\/li>\n<\/ul>\n<p><strong>INSTRUKCJA OBS\u0141UGI:<\/strong><\/p>\n<ol>\n<li>Wyjmij wk\u0142ad grzewczy z du\u017cego opakowania.<\/li>\n<li>Wyjmij wk\u0142ad z ma\u0142ej plastikowej torebki i umie\u015b\u0107 go z powrotem na dnie opakowania.<\/li>\n<li>W\u0142\u00f3\u017c posi\u0142ek Tactical Foodpack do torby grzewczej dnem do wk\u0142adu.<\/li>\n<li>Wlej do opakowania ok. 150 ml wody, do zaznaczonej linii.<\/li>\n<li>Szybko zamknij strunowe zapi\u0119cie opakowania.<\/li>\n<li>Wk\u0142ad rozpocznie reakcj\u0119 w ci\u0105gu 30 sekund do 3 minut. Przy zimniejszej wodzie reakcja zachodzi wolniej. <\/li>\n<li>Podgrzewaj jedzenie przez 15\u201320 minut; zalecamy wymieszanie posi\u0142ku po up\u0142ywie 10 minut.<\/li>\n<\/ol>\n<p>UWAGA! PODCZAS REAKCJI WYDZIELA SI\u0118 DU\u017bE CIEP\u0141O! NIE TRZYMAJ R\u0104K PRZY OTWORACH WYLOTOWYCH GOR\u0104CEJ PARY! WODA MAJ\u0104CA KONTAKT Z WK\u0141ADEM NIE NADAJE SI\u0118 DO SPO\u017bYCIA!   <\/p>\n<p>Opakowanie jest wielorazowe (min. 10 x), wymieniaj tylko wk\u0142ad grzewczy.<\/p>\n<p><iframe style=\"width: 560px; height: 315px;\" title=\"Odtwarzacz wideo YouTube\" src=\"https:\/\/www.youtube.com\/embed\/EQcOpkKxcDw\" frameborder=\"0\" allowfullscreen=\"allowfullscreen\"><\/iframe><br \/>\n<iframe style=\"width: 455px; height: 809px;\" title=\"Odtwarzacz wideo YouTube\" src=\"https:\/\/www.youtube.com\/embed\/tKBQGQYXoS4\" frameborder=\"0\" allowfullscreen=\"allowfullscreen\"><\/iframe><\/p>\n","protected":false},"excerpt":{"rendered":"<ul>\n<li>Do sytuacji, w kt\u00f3rych rozpalenie ognia lub zagotowanie wody jest niemo\u017cliwe.<\/li>\n<li>Do podgrzewania posi\u0142k\u00f3w Tactical Foodpack.<\/li>\n<li>Wk\u0142ad grzewczy reaguje w kontakcie z zimn\u0105 wod\u0105, a temperatura wody wzrasta do 100 stopni Celsjusza.<\/li>\n<li>Wlej oko\u0142o 150 ml wody do wielorazowej torby Tactical Heater.<\/li>\n<li>Wk\u0142ad dzia\u0142a do 25 minut.<\/li>\n<li>Torba grzewcza jest wielorazowa (10+ razy), wymiany wymaga jedynie wk\u0142ad grzewczy.<\/li>\n<li>Zawiera jeden wk\u0142ad grzewczy. Wk\u0142ady mo\u017cna w razie potrzeby zam\u00f3wi\u0107 pojedynczo <a href=\"https:\/\/toidupakk.ee\/tactical-foodpack\/kuumutuslement-tactical-heater-bagile\/\">tutaj<\/a>. <\/li>\n<\/ul>\n<p>\u2705 Dost\u0119pne w magazynie, szybka dostawa w 1\u20133 dni robocze<\/p>\n","protected":false},"featured_media":664,"comment_status":"open","ping_status":"closed","template":"","meta":{"_acf_changed":false},"product_brand":[],"product_cat":[303,364,314,337,307,301,304],"product_tag":[305],"class_list":{"0":"post-51653","1":"product","2":"type-product","3":"status-publish","4":"has-post-thumbnail","6":"product_cat-akcesoria-turystyczne","7":"product_cat-dodatki","8":"product_cat-nocowanie-w-naturze","9":"product_cat-posilki-tactical-foodpack","10":"product_cat-przygotowywanie-posilkow","11":"product_cat-sprzet-turystyczny","12":"product_cat-wyposazenie-militarne","13":"product_tag-no_ads","15":"first","16":"instock","17":"taxable","18":"shipping-taxable","19":"purchasable","20":"product-type-simple"},"bundled_by":[],"bundle_stock_status":"instock","bundle_stock_quantity":1,"bundle_virtual":false,"bundle_layout":"","bundle_add_to_cart_form_location":"","bundle_editable_in_cart":false,"bundle_sold_individually_context":"","bundle_item_grouping":"","bundle_min_size":"","bundle_max_size":"","bundle_price":[],"bundled_items":[],"bundle_sell_ids":[],"acf":[],"yoast_head":"<!-- This site is optimized with the Yoast SEO plugin v27.3 - https:\/\/yoast.com\/product\/yoast-seo-wordpress\/ -->\n<title>Torba do podgrzewania \u017cywno\u015bci z wk\u0142adem grzewczym - Toidupakk.ee - Tactical Foodpack toidupakid<\/title>\n<meta name=\"description\" content=\"Podgrzej posi\u0142ek Tactical Foodpack bez ognia i kuchenki! Torba grzewcza reaguje w kontakcie z wod\u0105 i rozgrzewa j\u0105 do temperatury wrzenia. Wielorazowego u\u017cytku.\" \/>\n<meta name=\"robots\" content=\"index, follow, max-snippet:-1, max-image-preview:large, max-video-preview:-1\" \/>\n<link rel=\"canonical\" href=\"https:\/\/toidupakk.ee\/pl\/toode\/torba-do-podgrzewania-zywnosci-z-wkladem-grzewczym\/\" \/>\n<meta property=\"og:locale\" content=\"pl_PL\" \/>\n<meta property=\"og:type\" content=\"article\" \/>\n<meta property=\"og:title\" content=\"Torba do podgrzewania \u017cywno\u015bci z wk\u0142adem grzewczym - Toidupakk.ee - Tactical Foodpack toidupakid\" \/>\n<meta property=\"og:description\" content=\"Podgrzej posi\u0142ek Tactical Foodpack bez ognia i kuchenki! Torba grzewcza reaguje w kontakcie z wod\u0105 i rozgrzewa j\u0105 do temperatury wrzenia. Wielorazowego u\u017cytku.\" \/>\n<meta property=\"og:url\" content=\"https:\/\/toidupakk.ee\/pl\/toode\/torba-do-podgrzewania-zywnosci-z-wkladem-grzewczym\/\" \/>\n<meta property=\"og:site_name\" content=\"Toidupakk.ee - Tactical Foodpack toidupakid\" \/>\n<meta property=\"article:publisher\" content=\"https:\/\/www.facebook.com\/Toidupakk\" \/>\n<meta property=\"article:modified_time\" content=\"2026-04-16T18:31:24+00:00\" \/>\n<meta property=\"og:image\" content=\"https:\/\/toidupakk.ee\/wp-content\/uploads\/2021\/12\/Untitled-design-6-1_adobespark.png\" \/>\n\t<meta property=\"og:image:width\" content=\"1080\" \/>\n\t<meta property=\"og:image:height\" content=\"1080\" \/>\n\t<meta property=\"og:image:type\" content=\"image\/png\" \/>\n<meta name=\"twitter:card\" content=\"summary_large_image\" \/>\n<meta name=\"twitter:label1\" content=\"Szacowany czas czytania\" \/>\n\t<meta name=\"twitter:data1\" content=\"2 minuty\" \/>\n<script type=\"application\/ld+json\" class=\"yoast-schema-graph\">{\"@context\":\"https:\\\/\\\/schema.org\",\"@graph\":[{\"@type\":\"WebPage\",\"@id\":\"https:\\\/\\\/toidupakk.ee\\\/pl\\\/toode\\\/torba-do-podgrzewania-zywnosci-z-wkladem-grzewczym\\\/\",\"url\":\"https:\\\/\\\/toidupakk.ee\\\/pl\\\/toode\\\/torba-do-podgrzewania-zywnosci-z-wkladem-grzewczym\\\/\",\"name\":\"Torba do podgrzewania \u017cywno\u015bci z wk\u0142adem grzewczym - Toidupakk.ee - Tactical Foodpack toidupakid\",\"isPartOf\":{\"@id\":\"https:\\\/\\\/toidupakk.ee\\\/pl\\\/#website\"},\"primaryImageOfPage\":{\"@id\":\"https:\\\/\\\/toidupakk.ee\\\/pl\\\/toode\\\/torba-do-podgrzewania-zywnosci-z-wkladem-grzewczym\\\/#primaryimage\"},\"image\":{\"@id\":\"https:\\\/\\\/toidupakk.ee\\\/pl\\\/toode\\\/torba-do-podgrzewania-zywnosci-z-wkladem-grzewczym\\\/#primaryimage\"},\"thumbnailUrl\":\"https:\\\/\\\/toidupakk.ee\\\/wp-content\\\/uploads\\\/2021\\\/12\\\/Untitled-design-6-1_adobespark.png\",\"datePublished\":\"2021-12-09T15:02:05+00:00\",\"dateModified\":\"2026-04-16T18:31:24+00:00\",\"description\":\"Podgrzej posi\u0142ek Tactical Foodpack bez ognia i kuchenki! Torba grzewcza reaguje w kontakcie z wod\u0105 i rozgrzewa j\u0105 do temperatury wrzenia. Wielorazowego u\u017cytku.\",\"breadcrumb\":{\"@id\":\"https:\\\/\\\/toidupakk.ee\\\/pl\\\/toode\\\/torba-do-podgrzewania-zywnosci-z-wkladem-grzewczym\\\/#breadcrumb\"},\"inLanguage\":\"pl-PL\",\"potentialAction\":[{\"@type\":\"ReadAction\",\"target\":[\"https:\\\/\\\/toidupakk.ee\\\/pl\\\/toode\\\/torba-do-podgrzewania-zywnosci-z-wkladem-grzewczym\\\/\"]}]},{\"@type\":\"ImageObject\",\"inLanguage\":\"pl-PL\",\"@id\":\"https:\\\/\\\/toidupakk.ee\\\/pl\\\/toode\\\/torba-do-podgrzewania-zywnosci-z-wkladem-grzewczym\\\/#primaryimage\",\"url\":\"https:\\\/\\\/toidupakk.ee\\\/wp-content\\\/uploads\\\/2021\\\/12\\\/Untitled-design-6-1_adobespark.png\",\"contentUrl\":\"https:\\\/\\\/toidupakk.ee\\\/wp-content\\\/uploads\\\/2021\\\/12\\\/Untitled-design-6-1_adobespark.png\",\"width\":1080,\"height\":1080,\"caption\":\"kuumutuskott\"},{\"@type\":\"BreadcrumbList\",\"@id\":\"https:\\\/\\\/toidupakk.ee\\\/pl\\\/toode\\\/torba-do-podgrzewania-zywnosci-z-wkladem-grzewczym\\\/#breadcrumb\",\"itemListElement\":[{\"@type\":\"ListItem\",\"position\":1,\"name\":\"Avaleht\",\"item\":\"https:\\\/\\\/toidupakk.ee\\\/pl\\\/\"},{\"@type\":\"ListItem\",\"position\":2,\"name\":\"Sklep internetowy\",\"item\":\"https:\\\/\\\/toidupakk.ee\\\/pl\\\/sklep-internetowy\\\/\"},{\"@type\":\"ListItem\",\"position\":3,\"name\":\"Torba do podgrzewania \u017cywno\u015bci z wk\u0142adem grzewczym\"}]},{\"@type\":\"WebSite\",\"@id\":\"https:\\\/\\\/toidupakk.ee\\\/pl\\\/#website\",\"url\":\"https:\\\/\\\/toidupakk.ee\\\/pl\\\/\",\"name\":\"Toidupakk.ee - Tactical Foodpack toidupakid\",\"description\":\"Tactical Foodpack k\u00fclmkuivatatud toidupakid ja matkaeined\",\"publisher\":{\"@id\":\"https:\\\/\\\/toidupakk.ee\\\/pl\\\/#organization\"},\"potentialAction\":[{\"@type\":\"SearchAction\",\"target\":{\"@type\":\"EntryPoint\",\"urlTemplate\":\"https:\\\/\\\/toidupakk.ee\\\/pl\\\/?s={search_term_string}\"},\"query-input\":{\"@type\":\"PropertyValueSpecification\",\"valueRequired\":true,\"valueName\":\"search_term_string\"}}],\"inLanguage\":\"pl-PL\"},{\"@type\":\"Organization\",\"@id\":\"https:\\\/\\\/toidupakk.ee\\\/pl\\\/#organization\",\"name\":\"Tactical Foodpack matkaeined\",\"url\":\"https:\\\/\\\/toidupakk.ee\\\/pl\\\/\",\"logo\":{\"@type\":\"ImageObject\",\"inLanguage\":\"pl-PL\",\"@id\":\"https:\\\/\\\/toidupakk.ee\\\/pl\\\/#\\\/schema\\\/logo\\\/image\\\/\",\"url\":\"https:\\\/\\\/toidupakk.ee\\\/wp-content\\\/uploads\\\/2022\\\/01\\\/Toidupakk-matkapood-logo-transparent.png\",\"contentUrl\":\"https:\\\/\\\/toidupakk.ee\\\/wp-content\\\/uploads\\\/2022\\\/01\\\/Toidupakk-matkapood-logo-transparent.png\",\"width\":500,\"height\":500,\"caption\":\"Tactical Foodpack matkaeined\"},\"image\":{\"@id\":\"https:\\\/\\\/toidupakk.ee\\\/pl\\\/#\\\/schema\\\/logo\\\/image\\\/\"},\"sameAs\":[\"https:\\\/\\\/www.facebook.com\\\/Toidupakk\",\"https:\\\/\\\/www.instagram.com\\\/toidupakk\\\/\"]}]}<\/script>\n<!-- \/ Yoast SEO plugin. -->","yoast_head_json":{"title":"Torba do podgrzewania \u017cywno\u015bci z wk\u0142adem grzewczym - Toidupakk.ee - Tactical Foodpack toidupakid","description":"Podgrzej posi\u0142ek Tactical Foodpack bez ognia i kuchenki! Torba grzewcza reaguje w kontakcie z wod\u0105 i rozgrzewa j\u0105 do temperatury wrzenia. Wielorazowego u\u017cytku.","robots":{"index":"index","follow":"follow","max-snippet":"max-snippet:-1","max-image-preview":"max-image-preview:large","max-video-preview":"max-video-preview:-1"},"canonical":"https:\/\/toidupakk.ee\/pl\/toode\/torba-do-podgrzewania-zywnosci-z-wkladem-grzewczym\/","og_locale":"pl_PL","og_type":"article","og_title":"Torba do podgrzewania \u017cywno\u015bci z wk\u0142adem grzewczym - Toidupakk.ee - Tactical Foodpack toidupakid","og_description":"Podgrzej posi\u0142ek Tactical Foodpack bez ognia i kuchenki! Torba grzewcza reaguje w kontakcie z wod\u0105 i rozgrzewa j\u0105 do temperatury wrzenia. Wielorazowego u\u017cytku.","og_url":"https:\/\/toidupakk.ee\/pl\/toode\/torba-do-podgrzewania-zywnosci-z-wkladem-grzewczym\/","og_site_name":"Toidupakk.ee - Tactical Foodpack toidupakid","article_publisher":"https:\/\/www.facebook.com\/Toidupakk","article_modified_time":"2026-04-16T18:31:24+00:00","og_image":[{"width":1080,"height":1080,"url":"https:\/\/toidupakk.ee\/wp-content\/uploads\/2021\/12\/Untitled-design-6-1_adobespark.png","type":"image\/png"}],"twitter_card":"summary_large_image","twitter_misc":{"Szacowany czas czytania":"2 minuty"},"schema":{"@context":"https:\/\/schema.org","@graph":[{"@type":"WebPage","@id":"https:\/\/toidupakk.ee\/pl\/toode\/torba-do-podgrzewania-zywnosci-z-wkladem-grzewczym\/","url":"https:\/\/toidupakk.ee\/pl\/toode\/torba-do-podgrzewania-zywnosci-z-wkladem-grzewczym\/","name":"Torba do podgrzewania \u017cywno\u015bci z wk\u0142adem grzewczym - Toidupakk.ee - Tactical Foodpack toidupakid","isPartOf":{"@id":"https:\/\/toidupakk.ee\/pl\/#website"},"primaryImageOfPage":{"@id":"https:\/\/toidupakk.ee\/pl\/toode\/torba-do-podgrzewania-zywnosci-z-wkladem-grzewczym\/#primaryimage"},"image":{"@id":"https:\/\/toidupakk.ee\/pl\/toode\/torba-do-podgrzewania-zywnosci-z-wkladem-grzewczym\/#primaryimage"},"thumbnailUrl":"https:\/\/toidupakk.ee\/wp-content\/uploads\/2021\/12\/Untitled-design-6-1_adobespark.png","datePublished":"2021-12-09T15:02:05+00:00","dateModified":"2026-04-16T18:31:24+00:00","description":"Podgrzej posi\u0142ek Tactical Foodpack bez ognia i kuchenki! Torba grzewcza reaguje w kontakcie z wod\u0105 i rozgrzewa j\u0105 do temperatury wrzenia. Wielorazowego u\u017cytku.","breadcrumb":{"@id":"https:\/\/toidupakk.ee\/pl\/toode\/torba-do-podgrzewania-zywnosci-z-wkladem-grzewczym\/#breadcrumb"},"inLanguage":"pl-PL","potentialAction":[{"@type":"ReadAction","target":["https:\/\/toidupakk.ee\/pl\/toode\/torba-do-podgrzewania-zywnosci-z-wkladem-grzewczym\/"]}]},{"@type":"ImageObject","inLanguage":"pl-PL","@id":"https:\/\/toidupakk.ee\/pl\/toode\/torba-do-podgrzewania-zywnosci-z-wkladem-grzewczym\/#primaryimage","url":"https:\/\/toidupakk.ee\/wp-content\/uploads\/2021\/12\/Untitled-design-6-1_adobespark.png","contentUrl":"https:\/\/toidupakk.ee\/wp-content\/uploads\/2021\/12\/Untitled-design-6-1_adobespark.png","width":1080,"height":1080,"caption":"kuumutuskott"},{"@type":"BreadcrumbList","@id":"https:\/\/toidupakk.ee\/pl\/toode\/torba-do-podgrzewania-zywnosci-z-wkladem-grzewczym\/#breadcrumb","itemListElement":[{"@type":"ListItem","position":1,"name":"Avaleht","item":"https:\/\/toidupakk.ee\/pl\/"},{"@type":"ListItem","position":2,"name":"Sklep internetowy","item":"https:\/\/toidupakk.ee\/pl\/sklep-internetowy\/"},{"@type":"ListItem","position":3,"name":"Torba do podgrzewania \u017cywno\u015bci z wk\u0142adem grzewczym"}]},{"@type":"WebSite","@id":"https:\/\/toidupakk.ee\/pl\/#website","url":"https:\/\/toidupakk.ee\/pl\/","name":"Toidupakk.ee - Tactical Foodpack toidupakid","description":"Tactical Foodpack k\u00fclmkuivatatud toidupakid ja matkaeined","publisher":{"@id":"https:\/\/toidupakk.ee\/pl\/#organization"},"potentialAction":[{"@type":"SearchAction","target":{"@type":"EntryPoint","urlTemplate":"https:\/\/toidupakk.ee\/pl\/?s={search_term_string}"},"query-input":{"@type":"PropertyValueSpecification","valueRequired":true,"valueName":"search_term_string"}}],"inLanguage":"pl-PL"},{"@type":"Organization","@id":"https:\/\/toidupakk.ee\/pl\/#organization","name":"Tactical Foodpack matkaeined","url":"https:\/\/toidupakk.ee\/pl\/","logo":{"@type":"ImageObject","inLanguage":"pl-PL","@id":"https:\/\/toidupakk.ee\/pl\/#\/schema\/logo\/image\/","url":"https:\/\/toidupakk.ee\/wp-content\/uploads\/2022\/01\/Toidupakk-matkapood-logo-transparent.png","contentUrl":"https:\/\/toidupakk.ee\/wp-content\/uploads\/2022\/01\/Toidupakk-matkapood-logo-transparent.png","width":500,"height":500,"caption":"Tactical Foodpack matkaeined"},"image":{"@id":"https:\/\/toidupakk.ee\/pl\/#\/schema\/logo\/image\/"},"sameAs":["https:\/\/www.facebook.com\/Toidupakk","https:\/\/www.instagram.com\/toidupakk\/"]}]}},"jetpack_sharing_enabled":true,"_links":{"self":[{"href":"https:\/\/toidupakk.ee\/pl\/wp-json\/wp\/v2\/product\/51653","targetHints":{"allow":["GET"]}}],"collection":[{"href":"https:\/\/toidupakk.ee\/pl\/wp-json\/wp\/v2\/product"}],"about":[{"href":"https:\/\/toidupakk.ee\/pl\/wp-json\/wp\/v2\/types\/product"}],"replies":[{"embeddable":true,"href":"https:\/\/toidupakk.ee\/pl\/wp-json\/wp\/v2\/comments?post=51653"}],"wp:featuredmedia":[{"embeddable":true,"href":"https:\/\/toidupakk.ee\/pl\/wp-json\/wp\/v2\/media\/664"}],"wp:attachment":[{"href":"https:\/\/toidupakk.ee\/pl\/wp-json\/wp\/v2\/media?parent=51653"}],"wp:term":[{"taxonomy":"product_brand","embeddable":true,"href":"https:\/\/toidupakk.ee\/pl\/wp-json\/wp\/v2\/product_brand?post=51653"},{"taxonomy":"product_cat","embeddable":true,"href":"https:\/\/toidupakk.ee\/pl\/wp-json\/wp\/v2\/product_cat?post=51653"},{"taxonomy":"product_tag","embeddable":true,"href":"https:\/\/toidupakk.ee\/pl\/wp-json\/wp\/v2\/product_tag?post=51653"}],"curies":[{"name":"wp","href":"https:\/\/api.w.org\/{rel}","templated":true}]}}