{"id":51643,"date":"2022-07-12T16:50:57","date_gmt":"2022-07-12T13:50:57","guid":{"rendered":"https:\/\/toidupakk.ee\/toode\/piersiowka-mil-tec\/"},"modified":"2026-04-29T15:32:00","modified_gmt":"2026-04-29T12:32:00","slug":"piersiowka-mil-tec","status":"publish","type":"product","link":"https:\/\/toidupakk.ee\/pl\/toode\/piersiowka-mil-tec\/","title":{"rendered":"Piersi\u00f3wka MIL-TEC"},"content":{"rendered":"<h1>Z piersi\u00f3wk\u0105 na wypraw\u0119?<\/h1>\n<p>Tak, czemu nie! Wieczory przy ognisku bywaj\u0105 d\u0142ugie i ch\u0142odne.  <strong>ALE!<\/strong> B\u0105d\u017a bardzo ostro\u017cny i nie przesadzaj z trunkiem! Po pierwsze, i tak jest to szkodliwe dla zdrowia, a po drugie, podczas wyprawy Twoje cia\u0142o jest inaczej zm\u0119czone i nastrojone, a tak\u017ce z pewno\u015bci\u0105 bardziej odwodnione ni\u017c zwykle. Dlatego spo\u017cywanie mocniejszych (lub s\u0142abszych) trunk\u00f3w na szlaku nie powinno wygl\u0105da\u0107 tak, jak w sytuacjach i \u015brodowisku, do kt\u00f3rych przywyk\u0142e\u015b. Ma\u0142a piersi\u00f3wka pomaga utrzyma\u0107 ilo\u015b\u0107 pod kontrol\u0105.   <\/p>\n<p><img fetchpriority=\"high\" decoding=\"async\" class=\"size-medium wp-image-2619 alignright\" src=\"https:\/\/toidupakk.ee\/wp-content\/uploads\/2022\/07\/Plasku-140ml-5-300x300.jpg\" alt=\"piersi\u00f3wka ze stali nierdzewnej\" width=\"300\" height=\"300\" srcset=\"https:\/\/toidupakk.ee\/wp-content\/uploads\/2022\/07\/Plasku-140ml-5-300x300.jpg 300w, https:\/\/toidupakk.ee\/wp-content\/uploads\/2022\/07\/Plasku-140ml-5-400x400.jpg 400w, https:\/\/toidupakk.ee\/wp-content\/uploads\/2022\/07\/Plasku-140ml-5-100x100.jpg 100w, https:\/\/toidupakk.ee\/wp-content\/uploads\/2022\/07\/Plasku-140ml-5-800x800.jpg 800w, https:\/\/toidupakk.ee\/wp-content\/uploads\/2022\/07\/Plasku-140ml-5-1024x1024.jpg 1024w, https:\/\/toidupakk.ee\/wp-content\/uploads\/2022\/07\/Plasku-140ml-5-500x500.jpg 500w, https:\/\/toidupakk.ee\/wp-content\/uploads\/2022\/07\/Plasku-140ml-5-768x768.jpg 768w, https:\/\/toidupakk.ee\/wp-content\/uploads\/2022\/07\/Plasku-140ml-5.jpg 1080w\" sizes=\"(max-width: 300px) 100vw, 300px\" \/><\/p>\n<h2>Jak wybra\u0107 odpowiedni\u0105 piersi\u00f3wk\u0119?<\/h2>\n<p>Jak to zwykle bywa w przypadku wypraw, kluczowe znaczenie ma wielko\u015b\u0107 i waga przenoszonych przedmiot\u00f3w. Piersi\u00f3wka MIL-TEC\u00ae jest pod tym wzgl\u0119dem idealnym towarzyszem, poniewa\u017c sama wa\u017cy zaledwie 100\u2013200 g, a z zawarto\u015bci\u0105 jej waga nadal pozostaje rozs\u0105dna. Ponadto jest to produkt bardzo wytrzyma\u0142y, wykonany ze stali nierdzewnej.  <\/p>\n<p>&nbsp;<\/p>\n<h2>Cechy piersi\u00f3wki<\/h2>\n<p>Na wyjazd warto wybra\u0107 piersi\u00f3wk\u0119 z korkiem przymocowanym do obudowy, poniewa\u017c szukanie ma\u0142ych zakr\u0119tek w le\u015bnym poszyciu nie nale\u017cy do przyjemno\u015bci. Nale\u017cy r\u00f3wnie\u017c dobra\u0107 odpowiedni rozmiar, aby mie\u0107 przy sobie dok\u0142adnie tyle rozgrzewaj\u0105cego napoju, ile potrzeba. <\/p>\n<h3><\/h3>\n<h3>Czyszczenie<\/h3>\n<p>Piersi\u00f3wk\u0119 nale\u017cy czy\u015bci\u0107 gor\u0105c\u0105 wod\u0105 \u2013 po ka\u017cdym u\u017cyciu natychmiast j\u0105 wyp\u0142ucz, osusz i przechowuj z otwartym korkiem. Zalecamy r\u00f3wnie\u017c, aby przed pierwszym u\u017cyciem przemy\u0107 gor\u0105c\u0105 wod\u0105 zar\u00f3wno wn\u0119trze butelki, jak i korek oraz jego gwint. <\/p>\n<p>Istniej\u0105 jeszcze inne skuteczne sposoby na dok\u0142adne wyczyszczenie piersi\u00f3wki (i ka\u017cdej innej butelki), aby mie\u0107 pewno\u015b\u0107, \u017ce naczynie jest czyste. Mo\u017cesz spr\u00f3bowa\u0107 doda\u0107 do gor\u0105cej wody ry\u017c, s\u00f3l lub ocet. Pomog\u0105 one uczyni\u0107 proces p\u0142ukania jeszcze skuteczniejszym.  <\/p>\n<p><strong>WSKAZ\u00d3WKA!<\/strong> Czasami podczas przelewania bezpo\u015brednio z butelki do piersi\u00f3wki sporo dobrego trunku si\u0119 marnuje, a je\u015bli nie masz pod r\u0119k\u0105 lejka, zwi\u0144 foli\u0119 aluminiow\u0105 lub papier do pieczenia w ro\u017cek i jednorazowy lejek gotowy!<\/p>\n<p>W naszej ofercie znajdziesz klasyczne warianty z polerowanej stali nierdzewnej, a tak\u017ce ceniony przez mi\u0142o\u015bnik\u00f3w outdooru design w kolorze militarnym zielonym. Opr\u00f3cz wygl\u0105du mo\u017cesz wybiera\u0107 spo\u015br\u00f3d trzech rozmiar\u00f3w: ma\u0142e butelki 110 ml, 140 ml oraz 220 ml. <\/p>\n<p>Zobacz wi\u0119cej akcesori\u00f3w turystycznych <a href=\"https:\/\/toidupakk.ee\/pl\/tootekategooria\/sprzet-turystyczny\/#section-3-79\">TUTAJ<\/a><\/p>\n<p>Znajd\u017a inspiracj\u0119 na kolejne przygody na <a href=\"https:\/\/www.instagram.com\/toidupakk\/\">Instagramie<\/a> i <a href=\"https:\/\/www.facebook.com\/Toidupakk\/\">Facebooku<\/a> Toidupakk.<\/p>\n","protected":false},"excerpt":{"rendered":"<ul>\n<li>Piersi\u00f3wka o klasycznym kszta\u0142cie i konstrukcji.<\/li>\n<li>Idealny towarzysz w podr\u00f3\u017cy, na polowaniu, rybach, kempingu czy na przyk\u0142ad podczas w\u0119dr\u00f3wki po bagnach.<\/li>\n<li>Wykonana ze stali nierdzewnej, a przy tym lekka.<\/li>\n<li>Wygodnie mie\u015bci si\u0119 w kieszeni na piersi lub w tylnej kieszeni spodni.<\/li>\n<li>To tak\u017ce \u015bwietny i zapadaj\u0105cy w pami\u0119\u0107 pomys\u0142 na prezent \u2013 na piersi\u00f3wce mo\u017cna wygrawerowa\u0107 imi\u0119, \u017cyczenia, dat\u0119, wydarzenie itp.<\/li>\n<li>Materia\u0142: stal nierdzewna<\/li>\n<\/ul>\n<p>\u2705 Dost\u0119pne w magazynie, dostawa w 1\u20133 dni robocze<\/p>\n","protected":false},"featured_media":2615,"comment_status":"open","ping_status":"closed","template":"","meta":{"_acf_changed":false},"product_brand":[],"product_cat":[303,317,307,301,354,308,304],"product_tag":[],"class_list":{"0":"post-51643","1":"product","2":"type-product","3":"status-publish","4":"has-post-thumbnail","6":"product_cat-akcesoria-turystyczne","7":"product_cat-mil-tec","8":"product_cat-przygotowywanie-posilkow","9":"product_cat-sprzet-turystyczny","10":"product_cat-sztucce","11":"product_cat-termosy-i-butelki","12":"product_cat-wyposazenie-militarne","14":"first","15":"instock","16":"taxable","17":"shipping-taxable","18":"purchasable","19":"product-type-variable","20":"has-default-attributes"},"bundled_by":[],"bundle_stock_status":"instock","bundle_stock_quantity":null,"bundle_virtual":false,"bundle_layout":"","bundle_add_to_cart_form_location":"","bundle_editable_in_cart":false,"bundle_sold_individually_context":"","bundle_item_grouping":"","bundle_min_size":"","bundle_max_size":"","bundle_price":[],"bundled_items":[],"bundle_sell_ids":[],"acf":[],"yoast_head":"<!-- This site is optimized with the Yoast SEO plugin v27.3 - https:\/\/yoast.com\/product\/yoast-seo-wordpress\/ -->\n<title>Piersi\u00f3wka MIL-TEC<\/title>\n<meta name=\"description\" content=\"Piersi\u00f3wka ze stali nierdzewnej to idealny towarzysz na ryby, szlak turystyczny czy wypad ze znajomymi. Piersi\u00f3wka to r\u00f3wnie\u017c \u015bwietny i stylowy pomys\u0142 na prezent.\" \/>\n<meta name=\"robots\" content=\"index, follow, max-snippet:-1, max-image-preview:large, max-video-preview:-1\" \/>\n<link rel=\"canonical\" href=\"https:\/\/toidupakk.ee\/pl\/toode\/piersiowka-mil-tec\/\" \/>\n<meta property=\"og:locale\" content=\"pl_PL\" \/>\n<meta property=\"og:type\" content=\"article\" \/>\n<meta property=\"og:title\" content=\"Piersi\u00f3wka MIL-TEC\" \/>\n<meta property=\"og:description\" content=\"Piersi\u00f3wka ze stali nierdzewnej to idealny towarzysz na ryby, szlak turystyczny czy wypad ze znajomymi. Piersi\u00f3wka to r\u00f3wnie\u017c \u015bwietny i stylowy pomys\u0142 na prezent.\" \/>\n<meta property=\"og:url\" content=\"https:\/\/toidupakk.ee\/pl\/toode\/piersiowka-mil-tec\/\" \/>\n<meta property=\"og:site_name\" content=\"Toidupakk.ee - Tactical Foodpack toidupakid\" \/>\n<meta property=\"article:publisher\" content=\"https:\/\/www.facebook.com\/Toidupakk\" \/>\n<meta property=\"article:modified_time\" content=\"2026-04-29T12:32:00+00:00\" \/>\n<meta property=\"og:image\" content=\"https:\/\/toidupakk.ee\/wp-content\/uploads\/2022\/07\/Plasku-140ml-1.png\" \/>\n\t<meta property=\"og:image:width\" content=\"1080\" \/>\n\t<meta property=\"og:image:height\" content=\"1080\" \/>\n\t<meta property=\"og:image:type\" content=\"image\/png\" \/>\n<meta name=\"twitter:card\" content=\"summary_large_image\" \/>\n<meta name=\"twitter:label1\" content=\"Szacowany czas czytania\" \/>\n\t<meta name=\"twitter:data1\" content=\"2 minuty\" \/>\n<script type=\"application\/ld+json\" class=\"yoast-schema-graph\">{\"@context\":\"https:\\\/\\\/schema.org\",\"@graph\":[{\"@type\":\"WebPage\",\"@id\":\"https:\\\/\\\/toidupakk.ee\\\/pl\\\/toode\\\/piersiowka-mil-tec\\\/\",\"url\":\"https:\\\/\\\/toidupakk.ee\\\/pl\\\/toode\\\/piersiowka-mil-tec\\\/\",\"name\":\"Piersi\u00f3wka MIL-TEC\",\"isPartOf\":{\"@id\":\"https:\\\/\\\/toidupakk.ee\\\/pl\\\/#website\"},\"primaryImageOfPage\":{\"@id\":\"https:\\\/\\\/toidupakk.ee\\\/pl\\\/toode\\\/piersiowka-mil-tec\\\/#primaryimage\"},\"image\":{\"@id\":\"https:\\\/\\\/toidupakk.ee\\\/pl\\\/toode\\\/piersiowka-mil-tec\\\/#primaryimage\"},\"thumbnailUrl\":\"https:\\\/\\\/toidupakk.ee\\\/wp-content\\\/uploads\\\/2022\\\/07\\\/Plasku-140ml-1.png\",\"datePublished\":\"2022-07-12T13:50:57+00:00\",\"dateModified\":\"2026-04-29T12:32:00+00:00\",\"description\":\"Piersi\u00f3wka ze stali nierdzewnej to idealny towarzysz na ryby, szlak turystyczny czy wypad ze znajomymi. Piersi\u00f3wka to r\u00f3wnie\u017c \u015bwietny i stylowy pomys\u0142 na prezent.\",\"breadcrumb\":{\"@id\":\"https:\\\/\\\/toidupakk.ee\\\/pl\\\/toode\\\/piersiowka-mil-tec\\\/#breadcrumb\"},\"inLanguage\":\"pl-PL\",\"potentialAction\":[{\"@type\":\"ReadAction\",\"target\":[\"https:\\\/\\\/toidupakk.ee\\\/pl\\\/toode\\\/piersiowka-mil-tec\\\/\"]}]},{\"@type\":\"ImageObject\",\"inLanguage\":\"pl-PL\",\"@id\":\"https:\\\/\\\/toidupakk.ee\\\/pl\\\/toode\\\/piersiowka-mil-tec\\\/#primaryimage\",\"url\":\"https:\\\/\\\/toidupakk.ee\\\/wp-content\\\/uploads\\\/2022\\\/07\\\/Plasku-140ml-1.png\",\"contentUrl\":\"https:\\\/\\\/toidupakk.ee\\\/wp-content\\\/uploads\\\/2022\\\/07\\\/Plasku-140ml-1.png\",\"width\":1080,\"height\":1080,\"caption\":\"pl\u00e4sku roostevabast terasest\"},{\"@type\":\"BreadcrumbList\",\"@id\":\"https:\\\/\\\/toidupakk.ee\\\/pl\\\/toode\\\/piersiowka-mil-tec\\\/#breadcrumb\",\"itemListElement\":[{\"@type\":\"ListItem\",\"position\":1,\"name\":\"Avaleht\",\"item\":\"https:\\\/\\\/toidupakk.ee\\\/pl\\\/\"},{\"@type\":\"ListItem\",\"position\":2,\"name\":\"Sklep internetowy\",\"item\":\"https:\\\/\\\/toidupakk.ee\\\/pl\\\/sklep-internetowy\\\/\"},{\"@type\":\"ListItem\",\"position\":3,\"name\":\"Piersi\u00f3wka MIL-TEC\"}]},{\"@type\":\"WebSite\",\"@id\":\"https:\\\/\\\/toidupakk.ee\\\/pl\\\/#website\",\"url\":\"https:\\\/\\\/toidupakk.ee\\\/pl\\\/\",\"name\":\"Toidupakk.ee - Tactical Foodpack toidupakid\",\"description\":\"Tactical Foodpack k\u00fclmkuivatatud toidupakid ja matkaeined\",\"publisher\":{\"@id\":\"https:\\\/\\\/toidupakk.ee\\\/pl\\\/#organization\"},\"potentialAction\":[{\"@type\":\"SearchAction\",\"target\":{\"@type\":\"EntryPoint\",\"urlTemplate\":\"https:\\\/\\\/toidupakk.ee\\\/pl\\\/?s={search_term_string}\"},\"query-input\":{\"@type\":\"PropertyValueSpecification\",\"valueRequired\":true,\"valueName\":\"search_term_string\"}}],\"inLanguage\":\"pl-PL\"},{\"@type\":\"Organization\",\"@id\":\"https:\\\/\\\/toidupakk.ee\\\/pl\\\/#organization\",\"name\":\"Tactical Foodpack matkaeined\",\"url\":\"https:\\\/\\\/toidupakk.ee\\\/pl\\\/\",\"logo\":{\"@type\":\"ImageObject\",\"inLanguage\":\"pl-PL\",\"@id\":\"https:\\\/\\\/toidupakk.ee\\\/pl\\\/#\\\/schema\\\/logo\\\/image\\\/\",\"url\":\"https:\\\/\\\/toidupakk.ee\\\/wp-content\\\/uploads\\\/2022\\\/01\\\/Toidupakk-matkapood-logo-transparent.png\",\"contentUrl\":\"https:\\\/\\\/toidupakk.ee\\\/wp-content\\\/uploads\\\/2022\\\/01\\\/Toidupakk-matkapood-logo-transparent.png\",\"width\":500,\"height\":500,\"caption\":\"Tactical Foodpack matkaeined\"},\"image\":{\"@id\":\"https:\\\/\\\/toidupakk.ee\\\/pl\\\/#\\\/schema\\\/logo\\\/image\\\/\"},\"sameAs\":[\"https:\\\/\\\/www.facebook.com\\\/Toidupakk\",\"https:\\\/\\\/www.instagram.com\\\/toidupakk\\\/\"]}]}<\/script>\n<!-- \/ Yoast SEO plugin. -->","yoast_head_json":{"title":"Piersi\u00f3wka MIL-TEC","description":"Piersi\u00f3wka ze stali nierdzewnej to idealny towarzysz na ryby, szlak turystyczny czy wypad ze znajomymi. Piersi\u00f3wka to r\u00f3wnie\u017c \u015bwietny i stylowy pomys\u0142 na prezent.","robots":{"index":"index","follow":"follow","max-snippet":"max-snippet:-1","max-image-preview":"max-image-preview:large","max-video-preview":"max-video-preview:-1"},"canonical":"https:\/\/toidupakk.ee\/pl\/toode\/piersiowka-mil-tec\/","og_locale":"pl_PL","og_type":"article","og_title":"Piersi\u00f3wka MIL-TEC","og_description":"Piersi\u00f3wka ze stali nierdzewnej to idealny towarzysz na ryby, szlak turystyczny czy wypad ze znajomymi. Piersi\u00f3wka to r\u00f3wnie\u017c \u015bwietny i stylowy pomys\u0142 na prezent.","og_url":"https:\/\/toidupakk.ee\/pl\/toode\/piersiowka-mil-tec\/","og_site_name":"Toidupakk.ee - Tactical Foodpack toidupakid","article_publisher":"https:\/\/www.facebook.com\/Toidupakk","article_modified_time":"2026-04-29T12:32:00+00:00","og_image":[{"width":1080,"height":1080,"url":"https:\/\/toidupakk.ee\/wp-content\/uploads\/2022\/07\/Plasku-140ml-1.png","type":"image\/png"}],"twitter_card":"summary_large_image","twitter_misc":{"Szacowany czas czytania":"2 minuty"},"schema":{"@context":"https:\/\/schema.org","@graph":[{"@type":"WebPage","@id":"https:\/\/toidupakk.ee\/pl\/toode\/piersiowka-mil-tec\/","url":"https:\/\/toidupakk.ee\/pl\/toode\/piersiowka-mil-tec\/","name":"Piersi\u00f3wka MIL-TEC","isPartOf":{"@id":"https:\/\/toidupakk.ee\/pl\/#website"},"primaryImageOfPage":{"@id":"https:\/\/toidupakk.ee\/pl\/toode\/piersiowka-mil-tec\/#primaryimage"},"image":{"@id":"https:\/\/toidupakk.ee\/pl\/toode\/piersiowka-mil-tec\/#primaryimage"},"thumbnailUrl":"https:\/\/toidupakk.ee\/wp-content\/uploads\/2022\/07\/Plasku-140ml-1.png","datePublished":"2022-07-12T13:50:57+00:00","dateModified":"2026-04-29T12:32:00+00:00","description":"Piersi\u00f3wka ze stali nierdzewnej to idealny towarzysz na ryby, szlak turystyczny czy wypad ze znajomymi. Piersi\u00f3wka to r\u00f3wnie\u017c \u015bwietny i stylowy pomys\u0142 na prezent.","breadcrumb":{"@id":"https:\/\/toidupakk.ee\/pl\/toode\/piersiowka-mil-tec\/#breadcrumb"},"inLanguage":"pl-PL","potentialAction":[{"@type":"ReadAction","target":["https:\/\/toidupakk.ee\/pl\/toode\/piersiowka-mil-tec\/"]}]},{"@type":"ImageObject","inLanguage":"pl-PL","@id":"https:\/\/toidupakk.ee\/pl\/toode\/piersiowka-mil-tec\/#primaryimage","url":"https:\/\/toidupakk.ee\/wp-content\/uploads\/2022\/07\/Plasku-140ml-1.png","contentUrl":"https:\/\/toidupakk.ee\/wp-content\/uploads\/2022\/07\/Plasku-140ml-1.png","width":1080,"height":1080,"caption":"pl\u00e4sku roostevabast terasest"},{"@type":"BreadcrumbList","@id":"https:\/\/toidupakk.ee\/pl\/toode\/piersiowka-mil-tec\/#breadcrumb","itemListElement":[{"@type":"ListItem","position":1,"name":"Avaleht","item":"https:\/\/toidupakk.ee\/pl\/"},{"@type":"ListItem","position":2,"name":"Sklep internetowy","item":"https:\/\/toidupakk.ee\/pl\/sklep-internetowy\/"},{"@type":"ListItem","position":3,"name":"Piersi\u00f3wka MIL-TEC"}]},{"@type":"WebSite","@id":"https:\/\/toidupakk.ee\/pl\/#website","url":"https:\/\/toidupakk.ee\/pl\/","name":"Toidupakk.ee - Tactical Foodpack toidupakid","description":"Tactical Foodpack k\u00fclmkuivatatud toidupakid ja matkaeined","publisher":{"@id":"https:\/\/toidupakk.ee\/pl\/#organization"},"potentialAction":[{"@type":"SearchAction","target":{"@type":"EntryPoint","urlTemplate":"https:\/\/toidupakk.ee\/pl\/?s={search_term_string}"},"query-input":{"@type":"PropertyValueSpecification","valueRequired":true,"valueName":"search_term_string"}}],"inLanguage":"pl-PL"},{"@type":"Organization","@id":"https:\/\/toidupakk.ee\/pl\/#organization","name":"Tactical Foodpack matkaeined","url":"https:\/\/toidupakk.ee\/pl\/","logo":{"@type":"ImageObject","inLanguage":"pl-PL","@id":"https:\/\/toidupakk.ee\/pl\/#\/schema\/logo\/image\/","url":"https:\/\/toidupakk.ee\/wp-content\/uploads\/2022\/01\/Toidupakk-matkapood-logo-transparent.png","contentUrl":"https:\/\/toidupakk.ee\/wp-content\/uploads\/2022\/01\/Toidupakk-matkapood-logo-transparent.png","width":500,"height":500,"caption":"Tactical Foodpack matkaeined"},"image":{"@id":"https:\/\/toidupakk.ee\/pl\/#\/schema\/logo\/image\/"},"sameAs":["https:\/\/www.facebook.com\/Toidupakk","https:\/\/www.instagram.com\/toidupakk\/"]}]}},"jetpack_sharing_enabled":true,"_links":{"self":[{"href":"https:\/\/toidupakk.ee\/pl\/wp-json\/wp\/v2\/product\/51643","targetHints":{"allow":["GET"]}}],"collection":[{"href":"https:\/\/toidupakk.ee\/pl\/wp-json\/wp\/v2\/product"}],"about":[{"href":"https:\/\/toidupakk.ee\/pl\/wp-json\/wp\/v2\/types\/product"}],"replies":[{"embeddable":true,"href":"https:\/\/toidupakk.ee\/pl\/wp-json\/wp\/v2\/comments?post=51643"}],"wp:featuredmedia":[{"embeddable":true,"href":"https:\/\/toidupakk.ee\/pl\/wp-json\/wp\/v2\/media\/2615"}],"wp:attachment":[{"href":"https:\/\/toidupakk.ee\/pl\/wp-json\/wp\/v2\/media?parent=51643"}],"wp:term":[{"taxonomy":"product_brand","embeddable":true,"href":"https:\/\/toidupakk.ee\/pl\/wp-json\/wp\/v2\/product_brand?post=51643"},{"taxonomy":"product_cat","embeddable":true,"href":"https:\/\/toidupakk.ee\/pl\/wp-json\/wp\/v2\/product_cat?post=51643"},{"taxonomy":"product_tag","embeddable":true,"href":"https:\/\/toidupakk.ee\/pl\/wp-json\/wp\/v2\/product_tag?post=51643"}],"curies":[{"name":"wp","href":"https:\/\/api.w.org\/{rel}","templated":true}]}}