{"id":51610,"date":"2022-12-07T14:37:04","date_gmt":"2022-12-07T12:37:04","guid":{"rendered":"https:\/\/toidupakk.ee\/toode\/pompka-do-materaca-z-akumulatorem\/"},"modified":"2026-04-29T15:32:01","modified_gmt":"2026-04-29T12:32:01","slug":"pompka-do-materaca-z-akumulatorem","status":"publish","type":"product","link":"https:\/\/toidupakk.ee\/pl\/toode\/pompka-do-materaca-z-akumulatorem\/","title":{"rendered":"Pompka do materaca z akumulatorem"},"content":{"rendered":"<h1><img fetchpriority=\"high\" decoding=\"async\" class=\"alignnone wp-image-24895 size-full\" src=\"https:\/\/toidupakk.ee\/wp-content\/uploads\/2022\/12\/Ohkmadratsi-pump-akuga-flextail-tiny-pump-1.png\" alt=\"Pompka do materaca FLEXTAIL\" width=\"1335\" height=\"500\" srcset=\"https:\/\/toidupakk.ee\/wp-content\/uploads\/2022\/12\/Ohkmadratsi-pump-akuga-flextail-tiny-pump-1.png 1335w, https:\/\/toidupakk.ee\/wp-content\/uploads\/2022\/12\/Ohkmadratsi-pump-akuga-flextail-tiny-pump-1-800x300.png 800w, https:\/\/toidupakk.ee\/wp-content\/uploads\/2022\/12\/Ohkmadratsi-pump-akuga-flextail-tiny-pump-1-300x112.png 300w, https:\/\/toidupakk.ee\/wp-content\/uploads\/2022\/12\/Ohkmadratsi-pump-akuga-flextail-tiny-pump-1-1024x384.png 1024w, https:\/\/toidupakk.ee\/wp-content\/uploads\/2022\/12\/Ohkmadratsi-pump-akuga-flextail-tiny-pump-1-768x288.png 768w\" sizes=\"(max-width: 1335px) 100vw, 1335px\" \/><\/h1>\n<h1>Pompka do materaca z akumulatorem \/ mocna lampka LED<\/h1>\n<p>Ciesz si\u0119 b\u0142yskawicznie napompowanym materacem za jednym klikni\u0119ciem, gdziekolwiek jeste\u015b. Niezale\u017cnie od tego, czy jeste\u015b w domu, pod namiotem, na pla\u017cy czy oddajesz si\u0119 ulubionym zaj\u0119ciom, pompka do materaca nowej generacji z o\u015bwietleniem LED sprawi, \u017ce Tw\u00f3j kemping b\u0119dzie niezapomniany. <\/p>\n<p>Akumulatorowa pompka do materaca to ulubiony produkt nowej generacji podr\u00f3\u017cnik\u00f3w. Zaskoczy Ci\u0119 ultra-ma\u0142\u0105 pompk\u0105 powietrza, funkcj\u0105 pr\u00f3\u017cniow\u0105 i lampk\u0105 LED 3 w 1. <\/p>\n<p>&nbsp;<\/p>\n<p><img decoding=\"async\" class=\"alignnone wp-image-4617 size-medium\" src=\"https:\/\/toidupakk.ee\/wp-content\/uploads\/2022\/12\/Akuga-madratsipumba-kasutamine-300x169.webp\" alt=\"Akumulatorowa pompka do materaca i jej zastosowanie na kempingu\" width=\"300\" height=\"169\" srcset=\"https:\/\/toidupakk.ee\/wp-content\/uploads\/2022\/12\/Akuga-madratsipumba-kasutamine-300x169.webp 300w, https:\/\/toidupakk.ee\/wp-content\/uploads\/2022\/12\/Akuga-madratsipumba-kasutamine.webp 600w\" sizes=\"(max-width: 300px) 100vw, 300px\" \/><\/p>\n<h3>Cechy produktu<\/h3>\n<p>Waga: 65 gram\u00f3w<\/p>\n<p>Wymiary: 4 x 4,4 x 5,4 cm (mie\u015bci si\u0119 w d\u0142oni jak jajko)<\/p>\n<p>Przeno\u015bna pompka jest malutka i ultralekka. Sterowana jednym przyciskiem, idealna pod namiot, na w\u0119dr\u00f3wki, pla\u017c\u0119 itp. (Uwaga: Kliknij dwukrotnie, aby uruchomi\u0107 pompk\u0119; przytrzymaj d\u0142u\u017cej, aby w\u0142\u0105czy\u0107 lampk\u0119 LED).  <\/p>\n<p>Ci\u015bnienie 4 kPa i wydajno\u015b\u0107 180 litr\u00f3w na minut\u0119.<br \/>\nNa jednym \u0142adowaniu napompujesz 6\u20138 materacy turystycznych; mo\u017cesz jej te\u017c u\u017cy\u0107 do k\u00f3\u0142ek do p\u0142ywania.<\/p>\n<p><strong>UWAGA! Life-hack<\/strong> \u2013 funkcja pompki bywa u\u017cywana do rozpalania ogniska lub grilla. Jednak nie zalecamy tego, poniewa\u017c urz\u0105dzenie nie jest przeznaczone do u\u017cytku w pobli\u017cu ognia i w tak wysokich temperaturach. <\/p>\n<p><img decoding=\"async\" class=\"alignnone size-medium wp-image-4619\" src=\"https:\/\/toidupakk.ee\/wp-content\/uploads\/2022\/12\/Akuga-madratsipump-matkal-kasutamiseks-300x177.jpg\" alt=\"\" width=\"300\" height=\"177\" srcset=\"https:\/\/toidupakk.ee\/wp-content\/uploads\/2022\/12\/Akuga-madratsipump-matkal-kasutamiseks-300x177.jpg 300w, https:\/\/toidupakk.ee\/wp-content\/uploads\/2022\/12\/Akuga-madratsipump-matkal-kasutamiseks.jpg 500w\" sizes=\"(max-width: 300px) 100vw, 300px\" \/><\/p>\n<h2>Pompka do materaca i lampka LED<\/h2>\n<p>Na spodzie pompki znajduje si\u0119 lampka kempingowa o barwie 4500 K (\u015bwiat\u0142o bia\u0142e). 8 diod LED o\u015bwietli nawet najwi\u0119kszy namiot. Lampka ma 3 poziomy jasno\u015bci: wysoki (400 lumen\u00f3w), \u015bredni (160 lumen\u00f3w) i niski (40 lumen\u00f3w).  <\/p>\n<p>Akumulator litowy 1300 mAh. Szybki port USB-C pozwala na \u0142adowanie z powerbanku, \u0142adowarki samochodowej, laptopa lub gniazdka \u015bciennego.<\/p>\n<p>Wska\u017aniki \u0142adowania: zielone \u015bwiat\u0142o oznacza pe\u0142ne na\u0142adowanie, czerwone \u2013 \u0142adowanie w toku.<\/p>\n<p><img loading=\"lazy\" decoding=\"async\" class=\"alignnone wp-image-24893 size-full\" src=\"https:\/\/toidupakk.ee\/wp-content\/uploads\/2022\/12\/Ohkmadratsi-pump-akuga-flextail-tiny-pump-2.jpg\" alt=\"pompka do materaca z o\u015bwietleniem LED\" width=\"1335\" height=\"500\" srcset=\"https:\/\/toidupakk.ee\/wp-content\/uploads\/2022\/12\/Ohkmadratsi-pump-akuga-flextail-tiny-pump-2.jpg 1335w, https:\/\/toidupakk.ee\/wp-content\/uploads\/2022\/12\/Ohkmadratsi-pump-akuga-flextail-tiny-pump-2-800x300.jpg 800w, https:\/\/toidupakk.ee\/wp-content\/uploads\/2022\/12\/Ohkmadratsi-pump-akuga-flextail-tiny-pump-2-300x112.jpg 300w, https:\/\/toidupakk.ee\/wp-content\/uploads\/2022\/12\/Ohkmadratsi-pump-akuga-flextail-tiny-pump-2-1024x384.jpg 1024w, https:\/\/toidupakk.ee\/wp-content\/uploads\/2022\/12\/Ohkmadratsi-pump-akuga-flextail-tiny-pump-2-768x288.jpg 768w\" sizes=\"(max-width: 1335px) 100vw, 1335px\" \/><\/p>\n<h2>5 r\u00f3\u017cnych ko\u0144c\u00f3wek do wszechstronnego zastosowania<\/h2>\n<p>W zestawie znajduje si\u0119 5 r\u00f3\u017cnych ko\u0144c\u00f3wek. Ma\u0142a pompka pasuje do wi\u0119kszo\u015bci dmuchanych produkt\u00f3w, zar\u00f3wno ma\u0142ych, jak i du\u017cych. Ko\u0144c\u00f3wki wykonano z wytrzyma\u0142ego materia\u0142u ABS przy u\u017cyciu zaawansowanej technologii uszczelniania.  <\/p>\n<p>Lampka LED \u015bwieci do 10 h.<\/p>\n<h2>Pompka do materaca jako pompka pr\u00f3\u017cniowa<\/h2>\n<p>Specjalne worki pr\u00f3\u017cniowe pomog\u0105 Ci zaoszcz\u0119dzi\u0107 miejsce w szafie oraz ochroni\u0105 ubrania przed wilgoci\u0105, zapachami, ple\u015bni\u0105 i owadami. U\u017cyj ich np. podczas d\u0142u\u017cszego kempingu, gdy zabierasz poduszki i koce. Worki pr\u00f3\u017cniowe pozwalaj\u0105 zaoszcz\u0119dzi\u0107 80% obj\u0119to\u015bci.   <a href=\"https:\/\/toidupakk.ee\/toode\/vaakumkotid\/\"><strong>Worki pr\u00f3\u017cniowe pasuj\u0105ce do pompki znajdziesz tutaj.<\/strong><\/a><\/p>\n<p><img loading=\"lazy\" decoding=\"async\" class=\"alignnone size-medium wp-image-4618\" src=\"https:\/\/toidupakk.ee\/wp-content\/uploads\/2022\/12\/Akuga-madratsipump-vaakumfunktsioon-300x200.webp\" alt=\"Akumulatorowa pompka pr\u00f3\u017cniowa\" width=\"300\" height=\"200\" srcset=\"https:\/\/toidupakk.ee\/wp-content\/uploads\/2022\/12\/Akuga-madratsipump-vaakumfunktsioon-300x200.webp 300w, https:\/\/toidupakk.ee\/wp-content\/uploads\/2022\/12\/Akuga-madratsipump-vaakumfunktsioon.webp 600w\" sizes=\"(max-width: 300px) 100vw, 300px\" \/><\/p>\n<p><img loading=\"lazy\" decoding=\"async\" class=\"alignnone size-full wp-image-24894\" src=\"https:\/\/toidupakk.ee\/wp-content\/uploads\/2022\/12\/Ohkmadratsi-pump-akuga-flextail-tiny-pump-3.jpg\" alt=\"\" width=\"1335\" height=\"500\" srcset=\"https:\/\/toidupakk.ee\/wp-content\/uploads\/2022\/12\/Ohkmadratsi-pump-akuga-flextail-tiny-pump-3.jpg 1335w, https:\/\/toidupakk.ee\/wp-content\/uploads\/2022\/12\/Ohkmadratsi-pump-akuga-flextail-tiny-pump-3-800x300.jpg 800w, https:\/\/toidupakk.ee\/wp-content\/uploads\/2022\/12\/Ohkmadratsi-pump-akuga-flextail-tiny-pump-3-300x112.jpg 300w, https:\/\/toidupakk.ee\/wp-content\/uploads\/2022\/12\/Ohkmadratsi-pump-akuga-flextail-tiny-pump-3-1024x384.jpg 1024w, https:\/\/toidupakk.ee\/wp-content\/uploads\/2022\/12\/Ohkmadratsi-pump-akuga-flextail-tiny-pump-3-768x288.jpg 768w\" sizes=\"(max-width: 1335px) 100vw, 1335px\" \/><\/p>\n<p>Pompka turystyczna \/ lampka LED nie jest przeznaczona tylko do u\u017cytku na zewn\u0105trz, ale idealnie sprawdzi si\u0119 te\u017c w domu.<br \/>\nPompka wsp\u00f3\u0142pracuje z workami pr\u00f3\u017cniowymi do przechowywania odzie\u017cy sezonowej lub zapasowych koc\u00f3w. W\u0142\u0105cz tryb odsysania, aby szybko usun\u0105\u0107 nadmiar powietrza z worka. <\/p>\n<p>Zobacz wi\u0119cej akcesori\u00f3w turystycznych <a href=\"https:\/\/toidupakk.ee\/pl\/tootekategooria\/sprzet-turystyczny\/#section-3-79\">TUTAJ<\/a><\/p>\n<p>Znajd\u017a inspiracj\u0119 na kolejne przygody na <a href=\"https:\/\/www.instagram.com\/toidupakk\/\">Instagramie<\/a> i <a href=\"https:\/\/www.facebook.com\/Toidupakk\/\">Facebooku<\/a> Toidupakk.<\/p>\n","protected":false},"excerpt":{"rendered":"<p><strong>Przeno\u015bna, akumulatorowa pompka do materaca nowej generacji z lampk\u0105 LED i funkcj\u0105 pr\u00f3\u017cniow\u0105 do work\u00f3w.<\/strong><\/p>\n<ul>\n<li>Nie musisz ju\u017c nosi\u0107 ci\u0119\u017ckich i niepor\u0119cznych pompek starego typu.<\/li>\n<li>Materace pompuj\u0105 si\u0119 <strong>jednym przyciskiem<\/strong> i to szybko.<\/li>\n<li>Powietrze z materacy schodzi szybko za jednym naci\u015bni\u0119ciem przycisku.<\/li>\n<li>\u017badnych kabli \u2013 akumulatorowa pompka to przydatny pomocnik na kempingu.<\/li>\n<li>3 w 1. Ultrama\u0142a <strong>pompka do materaca<\/strong>, <strong>pompka pr\u00f3\u017cniowa<\/strong> i jednocze\u015bnie mocna <strong>lampka LED<\/strong>. <\/li>\n<li>Ultrakompaktowa, nie zajmuje miejsca w plecaku, <strong>mie\u015bci si\u0119 w d\u0142oni<\/strong> i jest wielko\u015bci jajka.<\/li>\n<li>Ultralekka \u2013 wygodna dla plecakowicz\u00f3w, <strong>wa\u017cy tylko 65 g<\/strong>.<\/li>\n<li>Przep\u0142yw powietrza 180 l\/min przez maksymalnie 20 min.<\/li>\n<li>Akumulator 800 mAh.<\/li>\n<li>Idealna do <a href=\"https:\/\/toidupakk.ee\/toode\/vaakumkotid\/\">work\u00f3w pr\u00f3\u017cniowych<\/a> \u2013 przechowuj ubrania sezonowe, oszcz\u0119dzaj\u0105c miejsce.<\/li>\n<\/ul>\n<p>\u2705 Pompki w kolorze czarnym dost\u0119pne w magazynie, szybka dostawa w 1\u20133 dni robocze! Pomara\u0144czowe i bia\u0142e w przedsprzeda\u017cy, dostawa pod koniec listopada. <\/p>\n","protected":false},"featured_media":24622,"comment_status":"open","ping_status":"closed","template":"","meta":{"_acf_changed":false},"product_brand":[],"product_cat":[303,374,314,311,301],"product_tag":[],"class_list":{"0":"post-51610","1":"product","2":"type-product","3":"status-publish","4":"has-post-thumbnail","6":"product_cat-akcesoria-turystyczne","7":"product_cat-materace-i-maty-turystyczne","8":"product_cat-nocowanie-w-naturze","9":"product_cat-praktyczne-pomysly-na-prezent","10":"product_cat-sprzet-turystyczny","12":"first","13":"instock","14":"sale","15":"taxable","16":"shipping-taxable","17":"purchasable","18":"product-type-variable","19":"has-default-attributes"},"bundled_by":[],"bundle_stock_status":"instock","bundle_stock_quantity":null,"bundle_virtual":false,"bundle_layout":"","bundle_add_to_cart_form_location":"","bundle_editable_in_cart":false,"bundle_sold_individually_context":"","bundle_item_grouping":"","bundle_min_size":"","bundle_max_size":"","bundle_price":[],"bundled_items":[],"bundle_sell_ids":[],"acf":[],"yoast_head":"<!-- This site is optimized with the Yoast SEO plugin v27.3 - https:\/\/yoast.com\/product\/yoast-seo-wordpress\/ -->\n<title>Pompka do materaca z akumulatorem FLEXTAIL<\/title>\n<meta name=\"description\" content=\"Pompka do materaca 3 w 1 z akumulatorem. Mieszcz\u0105ca si\u0119 w d\u0142oni pompka powietrza, pompka pr\u00f3\u017cniowa i lampka LED. Pompuj materac turystyczny lub o\u015bwietlaj namiot do 10 h.\" \/>\n<meta name=\"robots\" content=\"index, follow, max-snippet:-1, max-image-preview:large, max-video-preview:-1\" \/>\n<link rel=\"canonical\" href=\"https:\/\/toidupakk.ee\/pl\/toode\/pompka-do-materaca-z-akumulatorem\/\" \/>\n<meta property=\"og:locale\" content=\"pl_PL\" \/>\n<meta property=\"og:type\" content=\"article\" \/>\n<meta property=\"og:title\" content=\"Pompka do materaca z akumulatorem FLEXTAIL\" \/>\n<meta property=\"og:description\" content=\"Pompka do materaca 3 w 1 z akumulatorem. Mieszcz\u0105ca si\u0119 w d\u0142oni pompka powietrza, pompka pr\u00f3\u017cniowa i lampka LED. Pompuj materac turystyczny lub o\u015bwietlaj namiot do 10 h.\" \/>\n<meta property=\"og:url\" content=\"https:\/\/toidupakk.ee\/pl\/toode\/pompka-do-materaca-z-akumulatorem\/\" \/>\n<meta property=\"og:site_name\" content=\"Toidupakk.ee - Tactical Foodpack toidupakid\" \/>\n<meta property=\"article:publisher\" content=\"https:\/\/www.facebook.com\/Toidupakk\" \/>\n<meta property=\"article:modified_time\" content=\"2026-04-29T12:32:01+00:00\" \/>\n<meta property=\"og:image\" content=\"https:\/\/toidupakk.ee\/wp-content\/uploads\/2024\/07\/Ohkmadratsi-pump-akuga-1.png\" \/>\n\t<meta property=\"og:image:width\" content=\"800\" \/>\n\t<meta property=\"og:image:height\" content=\"800\" \/>\n\t<meta property=\"og:image:type\" content=\"image\/png\" \/>\n<meta name=\"twitter:card\" content=\"summary_large_image\" \/>\n<meta name=\"twitter:label1\" content=\"Szacowany czas czytania\" \/>\n\t<meta name=\"twitter:data1\" content=\"2 minuty\" \/>\n<script type=\"application\/ld+json\" class=\"yoast-schema-graph\">{\"@context\":\"https:\\\/\\\/schema.org\",\"@graph\":[{\"@type\":\"WebPage\",\"@id\":\"https:\\\/\\\/toidupakk.ee\\\/pl\\\/toode\\\/pompka-do-materaca-z-akumulatorem\\\/\",\"url\":\"https:\\\/\\\/toidupakk.ee\\\/pl\\\/toode\\\/pompka-do-materaca-z-akumulatorem\\\/\",\"name\":\"Pompka do materaca z akumulatorem FLEXTAIL\",\"isPartOf\":{\"@id\":\"https:\\\/\\\/toidupakk.ee\\\/pl\\\/#website\"},\"primaryImageOfPage\":{\"@id\":\"https:\\\/\\\/toidupakk.ee\\\/pl\\\/toode\\\/pompka-do-materaca-z-akumulatorem\\\/#primaryimage\"},\"image\":{\"@id\":\"https:\\\/\\\/toidupakk.ee\\\/pl\\\/toode\\\/pompka-do-materaca-z-akumulatorem\\\/#primaryimage\"},\"thumbnailUrl\":\"https:\\\/\\\/toidupakk.ee\\\/wp-content\\\/uploads\\\/2024\\\/07\\\/Ohkmadratsi-pump-akuga-1.png\",\"datePublished\":\"2022-12-07T12:37:04+00:00\",\"dateModified\":\"2026-04-29T12:32:01+00:00\",\"description\":\"Pompka do materaca 3 w 1 z akumulatorem. Mieszcz\u0105ca si\u0119 w d\u0142oni pompka powietrza, pompka pr\u00f3\u017cniowa i lampka LED. Pompuj materac turystyczny lub o\u015bwietlaj namiot do 10 h.\",\"breadcrumb\":{\"@id\":\"https:\\\/\\\/toidupakk.ee\\\/pl\\\/toode\\\/pompka-do-materaca-z-akumulatorem\\\/#breadcrumb\"},\"inLanguage\":\"pl-PL\",\"potentialAction\":[{\"@type\":\"ReadAction\",\"target\":[\"https:\\\/\\\/toidupakk.ee\\\/pl\\\/toode\\\/pompka-do-materaca-z-akumulatorem\\\/\"]}]},{\"@type\":\"ImageObject\",\"inLanguage\":\"pl-PL\",\"@id\":\"https:\\\/\\\/toidupakk.ee\\\/pl\\\/toode\\\/pompka-do-materaca-z-akumulatorem\\\/#primaryimage\",\"url\":\"https:\\\/\\\/toidupakk.ee\\\/wp-content\\\/uploads\\\/2024\\\/07\\\/Ohkmadratsi-pump-akuga-1.png\",\"contentUrl\":\"https:\\\/\\\/toidupakk.ee\\\/wp-content\\\/uploads\\\/2024\\\/07\\\/Ohkmadratsi-pump-akuga-1.png\",\"width\":800,\"height\":800},{\"@type\":\"BreadcrumbList\",\"@id\":\"https:\\\/\\\/toidupakk.ee\\\/pl\\\/toode\\\/pompka-do-materaca-z-akumulatorem\\\/#breadcrumb\",\"itemListElement\":[{\"@type\":\"ListItem\",\"position\":1,\"name\":\"Avaleht\",\"item\":\"https:\\\/\\\/toidupakk.ee\\\/pl\\\/\"},{\"@type\":\"ListItem\",\"position\":2,\"name\":\"Sklep internetowy\",\"item\":\"https:\\\/\\\/toidupakk.ee\\\/pl\\\/sklep-internetowy\\\/\"},{\"@type\":\"ListItem\",\"position\":3,\"name\":\"Pompka do materaca z akumulatorem\"}]},{\"@type\":\"WebSite\",\"@id\":\"https:\\\/\\\/toidupakk.ee\\\/pl\\\/#website\",\"url\":\"https:\\\/\\\/toidupakk.ee\\\/pl\\\/\",\"name\":\"Toidupakk.ee - Tactical Foodpack toidupakid\",\"description\":\"Tactical Foodpack k\u00fclmkuivatatud toidupakid ja matkaeined\",\"publisher\":{\"@id\":\"https:\\\/\\\/toidupakk.ee\\\/pl\\\/#organization\"},\"potentialAction\":[{\"@type\":\"SearchAction\",\"target\":{\"@type\":\"EntryPoint\",\"urlTemplate\":\"https:\\\/\\\/toidupakk.ee\\\/pl\\\/?s={search_term_string}\"},\"query-input\":{\"@type\":\"PropertyValueSpecification\",\"valueRequired\":true,\"valueName\":\"search_term_string\"}}],\"inLanguage\":\"pl-PL\"},{\"@type\":\"Organization\",\"@id\":\"https:\\\/\\\/toidupakk.ee\\\/pl\\\/#organization\",\"name\":\"Tactical Foodpack matkaeined\",\"url\":\"https:\\\/\\\/toidupakk.ee\\\/pl\\\/\",\"logo\":{\"@type\":\"ImageObject\",\"inLanguage\":\"pl-PL\",\"@id\":\"https:\\\/\\\/toidupakk.ee\\\/pl\\\/#\\\/schema\\\/logo\\\/image\\\/\",\"url\":\"https:\\\/\\\/toidupakk.ee\\\/wp-content\\\/uploads\\\/2022\\\/01\\\/Toidupakk-matkapood-logo-transparent.png\",\"contentUrl\":\"https:\\\/\\\/toidupakk.ee\\\/wp-content\\\/uploads\\\/2022\\\/01\\\/Toidupakk-matkapood-logo-transparent.png\",\"width\":500,\"height\":500,\"caption\":\"Tactical Foodpack matkaeined\"},\"image\":{\"@id\":\"https:\\\/\\\/toidupakk.ee\\\/pl\\\/#\\\/schema\\\/logo\\\/image\\\/\"},\"sameAs\":[\"https:\\\/\\\/www.facebook.com\\\/Toidupakk\",\"https:\\\/\\\/www.instagram.com\\\/toidupakk\\\/\"]}]}<\/script>\n<!-- \/ Yoast SEO plugin. -->","yoast_head_json":{"title":"Pompka do materaca z akumulatorem FLEXTAIL","description":"Pompka do materaca 3 w 1 z akumulatorem. Mieszcz\u0105ca si\u0119 w d\u0142oni pompka powietrza, pompka pr\u00f3\u017cniowa i lampka LED. Pompuj materac turystyczny lub o\u015bwietlaj namiot do 10 h.","robots":{"index":"index","follow":"follow","max-snippet":"max-snippet:-1","max-image-preview":"max-image-preview:large","max-video-preview":"max-video-preview:-1"},"canonical":"https:\/\/toidupakk.ee\/pl\/toode\/pompka-do-materaca-z-akumulatorem\/","og_locale":"pl_PL","og_type":"article","og_title":"Pompka do materaca z akumulatorem FLEXTAIL","og_description":"Pompka do materaca 3 w 1 z akumulatorem. Mieszcz\u0105ca si\u0119 w d\u0142oni pompka powietrza, pompka pr\u00f3\u017cniowa i lampka LED. Pompuj materac turystyczny lub o\u015bwietlaj namiot do 10 h.","og_url":"https:\/\/toidupakk.ee\/pl\/toode\/pompka-do-materaca-z-akumulatorem\/","og_site_name":"Toidupakk.ee - Tactical Foodpack toidupakid","article_publisher":"https:\/\/www.facebook.com\/Toidupakk","article_modified_time":"2026-04-29T12:32:01+00:00","og_image":[{"width":800,"height":800,"url":"https:\/\/toidupakk.ee\/wp-content\/uploads\/2024\/07\/Ohkmadratsi-pump-akuga-1.png","type":"image\/png"}],"twitter_card":"summary_large_image","twitter_misc":{"Szacowany czas czytania":"2 minuty"},"schema":{"@context":"https:\/\/schema.org","@graph":[{"@type":"WebPage","@id":"https:\/\/toidupakk.ee\/pl\/toode\/pompka-do-materaca-z-akumulatorem\/","url":"https:\/\/toidupakk.ee\/pl\/toode\/pompka-do-materaca-z-akumulatorem\/","name":"Pompka do materaca z akumulatorem FLEXTAIL","isPartOf":{"@id":"https:\/\/toidupakk.ee\/pl\/#website"},"primaryImageOfPage":{"@id":"https:\/\/toidupakk.ee\/pl\/toode\/pompka-do-materaca-z-akumulatorem\/#primaryimage"},"image":{"@id":"https:\/\/toidupakk.ee\/pl\/toode\/pompka-do-materaca-z-akumulatorem\/#primaryimage"},"thumbnailUrl":"https:\/\/toidupakk.ee\/wp-content\/uploads\/2024\/07\/Ohkmadratsi-pump-akuga-1.png","datePublished":"2022-12-07T12:37:04+00:00","dateModified":"2026-04-29T12:32:01+00:00","description":"Pompka do materaca 3 w 1 z akumulatorem. Mieszcz\u0105ca si\u0119 w d\u0142oni pompka powietrza, pompka pr\u00f3\u017cniowa i lampka LED. Pompuj materac turystyczny lub o\u015bwietlaj namiot do 10 h.","breadcrumb":{"@id":"https:\/\/toidupakk.ee\/pl\/toode\/pompka-do-materaca-z-akumulatorem\/#breadcrumb"},"inLanguage":"pl-PL","potentialAction":[{"@type":"ReadAction","target":["https:\/\/toidupakk.ee\/pl\/toode\/pompka-do-materaca-z-akumulatorem\/"]}]},{"@type":"ImageObject","inLanguage":"pl-PL","@id":"https:\/\/toidupakk.ee\/pl\/toode\/pompka-do-materaca-z-akumulatorem\/#primaryimage","url":"https:\/\/toidupakk.ee\/wp-content\/uploads\/2024\/07\/Ohkmadratsi-pump-akuga-1.png","contentUrl":"https:\/\/toidupakk.ee\/wp-content\/uploads\/2024\/07\/Ohkmadratsi-pump-akuga-1.png","width":800,"height":800},{"@type":"BreadcrumbList","@id":"https:\/\/toidupakk.ee\/pl\/toode\/pompka-do-materaca-z-akumulatorem\/#breadcrumb","itemListElement":[{"@type":"ListItem","position":1,"name":"Avaleht","item":"https:\/\/toidupakk.ee\/pl\/"},{"@type":"ListItem","position":2,"name":"Sklep internetowy","item":"https:\/\/toidupakk.ee\/pl\/sklep-internetowy\/"},{"@type":"ListItem","position":3,"name":"Pompka do materaca z akumulatorem"}]},{"@type":"WebSite","@id":"https:\/\/toidupakk.ee\/pl\/#website","url":"https:\/\/toidupakk.ee\/pl\/","name":"Toidupakk.ee - Tactical Foodpack toidupakid","description":"Tactical Foodpack k\u00fclmkuivatatud toidupakid ja matkaeined","publisher":{"@id":"https:\/\/toidupakk.ee\/pl\/#organization"},"potentialAction":[{"@type":"SearchAction","target":{"@type":"EntryPoint","urlTemplate":"https:\/\/toidupakk.ee\/pl\/?s={search_term_string}"},"query-input":{"@type":"PropertyValueSpecification","valueRequired":true,"valueName":"search_term_string"}}],"inLanguage":"pl-PL"},{"@type":"Organization","@id":"https:\/\/toidupakk.ee\/pl\/#organization","name":"Tactical Foodpack matkaeined","url":"https:\/\/toidupakk.ee\/pl\/","logo":{"@type":"ImageObject","inLanguage":"pl-PL","@id":"https:\/\/toidupakk.ee\/pl\/#\/schema\/logo\/image\/","url":"https:\/\/toidupakk.ee\/wp-content\/uploads\/2022\/01\/Toidupakk-matkapood-logo-transparent.png","contentUrl":"https:\/\/toidupakk.ee\/wp-content\/uploads\/2022\/01\/Toidupakk-matkapood-logo-transparent.png","width":500,"height":500,"caption":"Tactical Foodpack matkaeined"},"image":{"@id":"https:\/\/toidupakk.ee\/pl\/#\/schema\/logo\/image\/"},"sameAs":["https:\/\/www.facebook.com\/Toidupakk","https:\/\/www.instagram.com\/toidupakk\/"]}]}},"jetpack_sharing_enabled":true,"_links":{"self":[{"href":"https:\/\/toidupakk.ee\/pl\/wp-json\/wp\/v2\/product\/51610","targetHints":{"allow":["GET"]}}],"collection":[{"href":"https:\/\/toidupakk.ee\/pl\/wp-json\/wp\/v2\/product"}],"about":[{"href":"https:\/\/toidupakk.ee\/pl\/wp-json\/wp\/v2\/types\/product"}],"replies":[{"embeddable":true,"href":"https:\/\/toidupakk.ee\/pl\/wp-json\/wp\/v2\/comments?post=51610"}],"wp:featuredmedia":[{"embeddable":true,"href":"https:\/\/toidupakk.ee\/pl\/wp-json\/wp\/v2\/media\/24622"}],"wp:attachment":[{"href":"https:\/\/toidupakk.ee\/pl\/wp-json\/wp\/v2\/media?parent=51610"}],"wp:term":[{"taxonomy":"product_brand","embeddable":true,"href":"https:\/\/toidupakk.ee\/pl\/wp-json\/wp\/v2\/product_brand?post=51610"},{"taxonomy":"product_cat","embeddable":true,"href":"https:\/\/toidupakk.ee\/pl\/wp-json\/wp\/v2\/product_cat?post=51610"},{"taxonomy":"product_tag","embeddable":true,"href":"https:\/\/toidupakk.ee\/pl\/wp-json\/wp\/v2\/product_tag?post=51610"}],"curies":[{"name":"wp","href":"https:\/\/api.w.org\/{rel}","templated":true}]}}