{"id":51602,"date":"2022-08-10T14:14:06","date_gmt":"2022-08-10T11:14:06","guid":{"rendered":"https:\/\/toidupakk.ee\/toode\/plecak-nawadniajacy-hydropack\/"},"modified":"2026-04-15T21:30:04","modified_gmt":"2026-04-15T18:30:04","slug":"plecak-nawadniajacy-hydropack","status":"publish","type":"product","link":"https:\/\/toidupakk.ee\/pl\/toode\/plecak-nawadniajacy-hydropack\/","title":{"rendered":"Plecak nawadniaj\u0105cy (hydropack)"},"content":{"rendered":"<h1><img fetchpriority=\"high\" decoding=\"async\" class=\"alignright wp-image-2935 size-thumbnail\" src=\"https:\/\/toidupakk.ee\/wp-content\/uploads\/2022\/06\/Camelpack-joogikott-7-500x500.jpg\" alt=\"Camelpack\" width=\"500\" height=\"500\" aria-describedby=\"caption-attachment-2935\" srcset=\"https:\/\/toidupakk.ee\/wp-content\/uploads\/2022\/06\/Camelpack-joogikott-7-500x500.jpg 500w, https:\/\/toidupakk.ee\/wp-content\/uploads\/2022\/06\/Camelpack-joogikott-7-400x400.jpg 400w, https:\/\/toidupakk.ee\/wp-content\/uploads\/2022\/06\/Camelpack-joogikott-7-100x100.jpg 100w, https:\/\/toidupakk.ee\/wp-content\/uploads\/2022\/06\/Camelpack-joogikott-7-800x800.jpg 800w, https:\/\/toidupakk.ee\/wp-content\/uploads\/2022\/06\/Camelpack-joogikott-7-300x300.jpg 300w, https:\/\/toidupakk.ee\/wp-content\/uploads\/2022\/06\/Camelpack-joogikott-7-1024x1024.jpg 1024w, https:\/\/toidupakk.ee\/wp-content\/uploads\/2022\/06\/Camelpack-joogikott-7-768x768.jpg 768w, https:\/\/toidupakk.ee\/wp-content\/uploads\/2022\/06\/Camelpack-joogikott-7.jpg 1080w\" sizes=\"(max-width: 500px) 100vw, 500px\" \/><\/h1>\n<h1>Plecak nawadniaj\u0105cy Camelpack, czyli no\u015b wod\u0119 z g\u0142ow\u0105<\/h1>\n<p>Tak jak ka\u017cdy inny camelpack, MIL-TEC Water Pack posiada odpowiednio d\u0142ug\u0105 rurk\u0119, kt\u00f3ra zapewnia \u0142atwy dost\u0119p do wody, niezale\u017cnie od tego, czy jeste\u015b w ruchu. Ten model wyr\u00f3\u017cnia si\u0119 jednak tym, \u017ce znajduje si\u0119 w wytrzyma\u0142ym plecaku z szelkami. Mo\u017cna go nosi\u0107 oddzielnie lub pod plecakiem turystycznym. Jest wyj\u0105tkowo wygodny podczas biegania \u2013 pocz\u0105tkowo czujesz lekki ci\u0119\u017car na plecach, ale podczas d\u0142ugiego biegu woda jest zawsze pod r\u0119k\u0105. Koniec z przerwami na odkr\u0119canie korka.    <\/p>\n<p>Sam buk\u0142ak wewn\u0105trz plecaka jest wyjmowany, co u\u0142atwia czyszczenie ca\u0142ego zestawu. Dzi\u0119ki mocnym paskom na zewn\u0105trz plecaka mo\u017cesz \u0142atwo przymocowa\u0107 dodatkowy sprz\u0119t.<br \/>\n Plecak z wod\u0105 masz na plecach, wi\u0119c mo\u017cesz poczu\u0107 si\u0119 troch\u0119 jak wielb\u0142\u0105d \u2013 nazwa \u201ecamelback\u201d oznacza w t\u0142umaczeniu grzbiet wielb\u0142\u0105da, czyli garb, w kt\u00f3rym zwierz\u0119 gromadzi zapasy, by przetrwa\u0107 d\u0142ugie w\u0119dr\u00f3wki. <\/p>\n<div id=\"attachment_2935\" class=\"wp-caption alignnone\" style=\"width: 310px;\">\n<p id=\"caption-attachment-2935\" class=\"wp-caption-text\">plecak nawadniaj\u0105cy<\/p>\n<\/div>\n<h2>Innowacyjne podej\u015bcie<\/h2>\n<p>Plecak nawadniaj\u0105cy MIL-TEC camelpack zosta\u0142 wykonany w technologii antybakteryjnej, co pomaga zwalcza\u0107 do 600 r\u00f3\u017cnych rodzaj\u00f3w bakterii. Do materia\u0142u dodano bezpieczny \u015brodek antybakteryjny, kt\u00f3ry utrzymuje si\u0119 nawet przy myciu ciep\u0142\u0105 wod\u0105. Produkt bezpieczny dla zdrowia.  <\/p>\n<h3>Jedna rzecz, wiele nazw<\/h3>\n<p>Warto wspomnie\u0107, \u017ce takie produkty maj\u0105 r\u00f3\u017cne potoczne nazwy, ale zasada dzia\u0142ania pozostaje ta sama. Spotkasz si\u0119 z okre\u015bleniami takimi jak camelback, camelpack, camelbak, buk\u0142ak, system nawadniaj\u0105cy czy worek na wod\u0119. Wszystkie s\u0105 poprawne i odnosz\u0105 si\u0119 do tego produktu.  <\/p>\n<div id=\"attachment_2933\" class=\"wp-caption alignnone\" style=\"width: 310px;\">\n<p id=\"caption-attachment-2933\" class=\"wp-caption-text\"><img decoding=\"async\" class=\"alignnone wp-image-2933 size-thumbnail\" src=\"https:\/\/toidupakk.ee\/wp-content\/uploads\/2022\/06\/Camelpack-joogikott-5-500x500.jpg\" alt=\"Camelpack\" width=\"500\" height=\"500\" aria-describedby=\"caption-attachment-2933\" srcset=\"https:\/\/toidupakk.ee\/wp-content\/uploads\/2022\/06\/Camelpack-joogikott-5-500x500.jpg 500w, https:\/\/toidupakk.ee\/wp-content\/uploads\/2022\/06\/Camelpack-joogikott-5-400x400.jpg 400w, https:\/\/toidupakk.ee\/wp-content\/uploads\/2022\/06\/Camelpack-joogikott-5-100x100.jpg 100w, https:\/\/toidupakk.ee\/wp-content\/uploads\/2022\/06\/Camelpack-joogikott-5-800x800.jpg 800w, https:\/\/toidupakk.ee\/wp-content\/uploads\/2022\/06\/Camelpack-joogikott-5-300x300.jpg 300w, https:\/\/toidupakk.ee\/wp-content\/uploads\/2022\/06\/Camelpack-joogikott-5-1024x1024.jpg 1024w, https:\/\/toidupakk.ee\/wp-content\/uploads\/2022\/06\/Camelpack-joogikott-5-768x768.jpg 768w, https:\/\/toidupakk.ee\/wp-content\/uploads\/2022\/06\/Camelpack-joogikott-5.jpg 1080w\" sizes=\"(max-width: 500px) 100vw, 500px\" \/><\/p>\n<\/div>\n<h3>Nape\u0142nianie Camelpacka w terenie<\/h3>\n<p>Buk\u0142ak wewn\u0105trz Camelpacka ma w\u0142a\u015bciwo\u015bci antybakteryjne, jednak czerpi\u0105c wod\u0119 z naturalnych \u017ar\u00f3de\u0142 podczas wyprawy, mo\u017cesz narazi\u0107 si\u0119 na pierwotniaki i silniejsze bakterie. Aby mie\u0107 pewno\u015b\u0107 co do czysto\u015bci wody, zalecamy zabranie ze sob\u0105 <a href=\"https:\/\/toidupakk.ee\/toode\/veepuhastustabletid-katadyn-micropur-forte\/\">tabletek do uzdatniania wody<\/a>. <\/p>\n<p>Zobacz wi\u0119cej akcesori\u00f3w turystycznych <a href=\"https:\/\/toidupakk.ee\/pl\/tootekategooria\/sprzet-turystyczny\/#section-3-79\">TUTAJ<\/a><\/p>\n<p>Zobacz wi\u0119cej \u017cywno\u015bci turystycznej <a href=\"\/?product_cat=snakk#section-3-79\">TUTAJ<\/a><\/p>\n<p>Znajd\u017a inspiracj\u0119 na kolejne przygody na <a href=\"https:\/\/www.instagram.com\/toidupakk\/\">Instagramie<\/a> i <a href=\"https:\/\/www.facebook.com\/Toidupakk\/\">Facebooku<\/a> Toidupakk.<\/p>\n","protected":false},"excerpt":{"rendered":"<p>Praktyczny buk\u0142ak Camelback w plecaku Mil-Tec. Idealny na w\u0119dr\u00f3wki, rajdy, zawody enduro i jazd\u0119 motocyklem \u2013 wsz\u0119dzie tam, gdzie noszenie osobnej butelki jest niewygodne lub niemo\u017cliwe. Plecak posiada du\u017cy, 3-litrowy zbiornik na p\u0142yn, praktyczne regulowane szelki, pas piersiowy oraz 2 uchwyty transportowe.  <\/p>\n<ul>\n<li>Pojemno\u015b\u0107: 3 l<\/li>\n<li>Plecak wykonany w 100% z poliestru<\/li>\n<li>Materia\u0142 buk\u0142aka to 100% termoplastyczny poliuretan<\/li>\n<li>Regulowane szelki i pas piersiowy<\/li>\n<li>Wyjmowany, trzylitrowy buk\u0142ak<\/li>\n<li>Rurka z zaworem<\/li>\n<li>Du\u017cy otw\u00f3r u\u0142atwiaj\u0105cy nape\u0142nianie i czyszczenie<\/li>\n<li>Pasy mocuj\u0105ce typu MOLLE na dodatkowy osprz\u0119t<\/li>\n<li>Solidny uchwyt do przenoszenia<\/li>\n<li>Do buk\u0142aka mo\u017cna wlewa\u0107 wod\u0119 o temperaturze do 60 \u00b0C<\/li>\n<\/ul>\n<p>\u2705 Dost\u0119pne w magazynie, szybka dostawa w 1\u20133 dni robocze<\/p>\n","protected":false},"featured_media":51603,"comment_status":"open","ping_status":"closed","template":"","meta":{"_acf_changed":false},"product_brand":[],"product_cat":[303,317,309,301,310,304],"product_tag":[],"class_list":{"0":"post-51602","1":"product","2":"type-product","3":"status-publish","4":"has-post-thumbnail","6":"product_cat-akcesoria-turystyczne","7":"product_cat-mil-tec","8":"product_cat-plecaki","9":"product_cat-sprzet-turystyczny","10":"product_cat-torby","11":"product_cat-wyposazenie-militarne","13":"first","14":"onbackorder","15":"taxable","16":"shipping-taxable","17":"purchasable","18":"product-type-simple"},"bundled_by":[],"bundle_stock_status":"onbackorder","bundle_stock_quantity":0,"bundle_virtual":false,"bundle_layout":"","bundle_add_to_cart_form_location":"","bundle_editable_in_cart":false,"bundle_sold_individually_context":"","bundle_item_grouping":"","bundle_min_size":"","bundle_max_size":"","bundle_price":[],"bundled_items":[],"bundle_sell_ids":[],"acf":[],"yoast_head":"<!-- This site is optimized with the Yoast SEO plugin v27.3 - https:\/\/yoast.com\/product\/yoast-seo-wordpress\/ -->\n<title>Plecak nawadniaj\u0105cy (hydropack) - Toidupakk.ee - Tactical Foodpack toidupakid<\/title>\n<meta name=\"description\" content=\"3-litrowy buk\u0142ak Camelback do u\u017cytku podczas w\u0119dr\u00f3wek, rajd\u00f3w, zawod\u00f3w motocrossowych enduro, jazdy motocyklem i nie tylko.\" \/>\n<meta name=\"robots\" content=\"index, follow, max-snippet:-1, max-image-preview:large, max-video-preview:-1\" \/>\n<link rel=\"canonical\" href=\"https:\/\/toidupakk.ee\/pl\/toode\/plecak-nawadniajacy-hydropack\/\" \/>\n<meta property=\"og:locale\" content=\"pl_PL\" \/>\n<meta property=\"og:type\" content=\"article\" \/>\n<meta property=\"og:title\" content=\"Plecak nawadniaj\u0105cy (hydropack) - Toidupakk.ee - Tactical Foodpack toidupakid\" \/>\n<meta property=\"og:description\" content=\"3-litrowy buk\u0142ak Camelback do u\u017cytku podczas w\u0119dr\u00f3wek, rajd\u00f3w, zawod\u00f3w motocrossowych enduro, jazdy motocyklem i nie tylko.\" \/>\n<meta property=\"og:url\" content=\"https:\/\/toidupakk.ee\/pl\/toode\/plecak-nawadniajacy-hydropack\/\" \/>\n<meta property=\"og:site_name\" content=\"Toidupakk.ee - Tactical Foodpack toidupakid\" \/>\n<meta property=\"article:publisher\" content=\"https:\/\/www.facebook.com\/Toidupakk\" \/>\n<meta property=\"article:modified_time\" content=\"2026-04-15T18:30:04+00:00\" \/>\n<meta property=\"og:image\" content=\"https:\/\/toidupakk.ee\/wp-content\/uploads\/2022\/06\/Camelpack-joogikott-1.png\" \/>\n\t<meta property=\"og:image:width\" content=\"1080\" \/>\n\t<meta property=\"og:image:height\" content=\"1080\" \/>\n\t<meta property=\"og:image:type\" content=\"image\/png\" \/>\n<meta name=\"twitter:card\" content=\"summary_large_image\" \/>\n<meta name=\"twitter:label1\" content=\"Szacowany czas czytania\" \/>\n\t<meta name=\"twitter:data1\" content=\"2 minuty\" \/>\n<script type=\"application\/ld+json\" class=\"yoast-schema-graph\">{\"@context\":\"https:\\\/\\\/schema.org\",\"@graph\":[{\"@type\":\"WebPage\",\"@id\":\"https:\\\/\\\/toidupakk.ee\\\/pl\\\/toode\\\/plecak-nawadniajacy-hydropack\\\/\",\"url\":\"https:\\\/\\\/toidupakk.ee\\\/pl\\\/toode\\\/plecak-nawadniajacy-hydropack\\\/\",\"name\":\"Plecak nawadniaj\u0105cy (hydropack) - Toidupakk.ee - Tactical Foodpack toidupakid\",\"isPartOf\":{\"@id\":\"https:\\\/\\\/toidupakk.ee\\\/pl\\\/#website\"},\"primaryImageOfPage\":{\"@id\":\"https:\\\/\\\/toidupakk.ee\\\/pl\\\/toode\\\/plecak-nawadniajacy-hydropack\\\/#primaryimage\"},\"image\":{\"@id\":\"https:\\\/\\\/toidupakk.ee\\\/pl\\\/toode\\\/plecak-nawadniajacy-hydropack\\\/#primaryimage\"},\"thumbnailUrl\":\"https:\\\/\\\/toidupakk.ee\\\/wp-content\\\/uploads\\\/2022\\\/06\\\/Camelpack-joogikott-1.png\",\"datePublished\":\"2022-08-10T11:14:06+00:00\",\"dateModified\":\"2026-04-15T18:30:04+00:00\",\"description\":\"3-litrowy buk\u0142ak Camelback do u\u017cytku podczas w\u0119dr\u00f3wek, rajd\u00f3w, zawod\u00f3w motocrossowych enduro, jazdy motocyklem i nie tylko.\",\"breadcrumb\":{\"@id\":\"https:\\\/\\\/toidupakk.ee\\\/pl\\\/toode\\\/plecak-nawadniajacy-hydropack\\\/#breadcrumb\"},\"inLanguage\":\"pl-PL\",\"potentialAction\":[{\"@type\":\"ReadAction\",\"target\":[\"https:\\\/\\\/toidupakk.ee\\\/pl\\\/toode\\\/plecak-nawadniajacy-hydropack\\\/\"]}]},{\"@type\":\"ImageObject\",\"inLanguage\":\"pl-PL\",\"@id\":\"https:\\\/\\\/toidupakk.ee\\\/pl\\\/toode\\\/plecak-nawadniajacy-hydropack\\\/#primaryimage\",\"url\":\"https:\\\/\\\/toidupakk.ee\\\/wp-content\\\/uploads\\\/2022\\\/06\\\/Camelpack-joogikott-1.png\",\"contentUrl\":\"https:\\\/\\\/toidupakk.ee\\\/wp-content\\\/uploads\\\/2022\\\/06\\\/Camelpack-joogikott-1.png\",\"width\":1080,\"height\":1080,\"caption\":\"plecak nawadniaj\u0105cy\"},{\"@type\":\"BreadcrumbList\",\"@id\":\"https:\\\/\\\/toidupakk.ee\\\/pl\\\/toode\\\/plecak-nawadniajacy-hydropack\\\/#breadcrumb\",\"itemListElement\":[{\"@type\":\"ListItem\",\"position\":1,\"name\":\"Avaleht\",\"item\":\"https:\\\/\\\/toidupakk.ee\\\/pl\\\/\"},{\"@type\":\"ListItem\",\"position\":2,\"name\":\"Sklep internetowy\",\"item\":\"https:\\\/\\\/toidupakk.ee\\\/pl\\\/sklep-internetowy\\\/\"},{\"@type\":\"ListItem\",\"position\":3,\"name\":\"Plecak nawadniaj\u0105cy (hydropack)\"}]},{\"@type\":\"WebSite\",\"@id\":\"https:\\\/\\\/toidupakk.ee\\\/pl\\\/#website\",\"url\":\"https:\\\/\\\/toidupakk.ee\\\/pl\\\/\",\"name\":\"Toidupakk.ee - Tactical Foodpack toidupakid\",\"description\":\"Tactical Foodpack k\u00fclmkuivatatud toidupakid ja matkaeined\",\"publisher\":{\"@id\":\"https:\\\/\\\/toidupakk.ee\\\/pl\\\/#organization\"},\"potentialAction\":[{\"@type\":\"SearchAction\",\"target\":{\"@type\":\"EntryPoint\",\"urlTemplate\":\"https:\\\/\\\/toidupakk.ee\\\/pl\\\/?s={search_term_string}\"},\"query-input\":{\"@type\":\"PropertyValueSpecification\",\"valueRequired\":true,\"valueName\":\"search_term_string\"}}],\"inLanguage\":\"pl-PL\"},{\"@type\":\"Organization\",\"@id\":\"https:\\\/\\\/toidupakk.ee\\\/pl\\\/#organization\",\"name\":\"Tactical Foodpack matkaeined\",\"url\":\"https:\\\/\\\/toidupakk.ee\\\/pl\\\/\",\"logo\":{\"@type\":\"ImageObject\",\"inLanguage\":\"pl-PL\",\"@id\":\"https:\\\/\\\/toidupakk.ee\\\/pl\\\/#\\\/schema\\\/logo\\\/image\\\/\",\"url\":\"https:\\\/\\\/toidupakk.ee\\\/wp-content\\\/uploads\\\/2022\\\/01\\\/Toidupakk-matkapood-logo-transparent.png\",\"contentUrl\":\"https:\\\/\\\/toidupakk.ee\\\/wp-content\\\/uploads\\\/2022\\\/01\\\/Toidupakk-matkapood-logo-transparent.png\",\"width\":500,\"height\":500,\"caption\":\"Tactical Foodpack matkaeined\"},\"image\":{\"@id\":\"https:\\\/\\\/toidupakk.ee\\\/pl\\\/#\\\/schema\\\/logo\\\/image\\\/\"},\"sameAs\":[\"https:\\\/\\\/www.facebook.com\\\/Toidupakk\",\"https:\\\/\\\/www.instagram.com\\\/toidupakk\\\/\"]}]}<\/script>\n<!-- \/ Yoast SEO plugin. -->","yoast_head_json":{"title":"Plecak nawadniaj\u0105cy (hydropack) - Toidupakk.ee - Tactical Foodpack toidupakid","description":"3-litrowy buk\u0142ak Camelback do u\u017cytku podczas w\u0119dr\u00f3wek, rajd\u00f3w, zawod\u00f3w motocrossowych enduro, jazdy motocyklem i nie tylko.","robots":{"index":"index","follow":"follow","max-snippet":"max-snippet:-1","max-image-preview":"max-image-preview:large","max-video-preview":"max-video-preview:-1"},"canonical":"https:\/\/toidupakk.ee\/pl\/toode\/plecak-nawadniajacy-hydropack\/","og_locale":"pl_PL","og_type":"article","og_title":"Plecak nawadniaj\u0105cy (hydropack) - Toidupakk.ee - Tactical Foodpack toidupakid","og_description":"3-litrowy buk\u0142ak Camelback do u\u017cytku podczas w\u0119dr\u00f3wek, rajd\u00f3w, zawod\u00f3w motocrossowych enduro, jazdy motocyklem i nie tylko.","og_url":"https:\/\/toidupakk.ee\/pl\/toode\/plecak-nawadniajacy-hydropack\/","og_site_name":"Toidupakk.ee - Tactical Foodpack toidupakid","article_publisher":"https:\/\/www.facebook.com\/Toidupakk","article_modified_time":"2026-04-15T18:30:04+00:00","og_image":[{"width":1080,"height":1080,"url":"https:\/\/toidupakk.ee\/wp-content\/uploads\/2022\/06\/Camelpack-joogikott-1.png","type":"image\/png"}],"twitter_card":"summary_large_image","twitter_misc":{"Szacowany czas czytania":"2 minuty"},"schema":{"@context":"https:\/\/schema.org","@graph":[{"@type":"WebPage","@id":"https:\/\/toidupakk.ee\/pl\/toode\/plecak-nawadniajacy-hydropack\/","url":"https:\/\/toidupakk.ee\/pl\/toode\/plecak-nawadniajacy-hydropack\/","name":"Plecak nawadniaj\u0105cy (hydropack) - Toidupakk.ee - Tactical Foodpack toidupakid","isPartOf":{"@id":"https:\/\/toidupakk.ee\/pl\/#website"},"primaryImageOfPage":{"@id":"https:\/\/toidupakk.ee\/pl\/toode\/plecak-nawadniajacy-hydropack\/#primaryimage"},"image":{"@id":"https:\/\/toidupakk.ee\/pl\/toode\/plecak-nawadniajacy-hydropack\/#primaryimage"},"thumbnailUrl":"https:\/\/toidupakk.ee\/wp-content\/uploads\/2022\/06\/Camelpack-joogikott-1.png","datePublished":"2022-08-10T11:14:06+00:00","dateModified":"2026-04-15T18:30:04+00:00","description":"3-litrowy buk\u0142ak Camelback do u\u017cytku podczas w\u0119dr\u00f3wek, rajd\u00f3w, zawod\u00f3w motocrossowych enduro, jazdy motocyklem i nie tylko.","breadcrumb":{"@id":"https:\/\/toidupakk.ee\/pl\/toode\/plecak-nawadniajacy-hydropack\/#breadcrumb"},"inLanguage":"pl-PL","potentialAction":[{"@type":"ReadAction","target":["https:\/\/toidupakk.ee\/pl\/toode\/plecak-nawadniajacy-hydropack\/"]}]},{"@type":"ImageObject","inLanguage":"pl-PL","@id":"https:\/\/toidupakk.ee\/pl\/toode\/plecak-nawadniajacy-hydropack\/#primaryimage","url":"https:\/\/toidupakk.ee\/wp-content\/uploads\/2022\/06\/Camelpack-joogikott-1.png","contentUrl":"https:\/\/toidupakk.ee\/wp-content\/uploads\/2022\/06\/Camelpack-joogikott-1.png","width":1080,"height":1080,"caption":"plecak nawadniaj\u0105cy"},{"@type":"BreadcrumbList","@id":"https:\/\/toidupakk.ee\/pl\/toode\/plecak-nawadniajacy-hydropack\/#breadcrumb","itemListElement":[{"@type":"ListItem","position":1,"name":"Avaleht","item":"https:\/\/toidupakk.ee\/pl\/"},{"@type":"ListItem","position":2,"name":"Sklep internetowy","item":"https:\/\/toidupakk.ee\/pl\/sklep-internetowy\/"},{"@type":"ListItem","position":3,"name":"Plecak nawadniaj\u0105cy (hydropack)"}]},{"@type":"WebSite","@id":"https:\/\/toidupakk.ee\/pl\/#website","url":"https:\/\/toidupakk.ee\/pl\/","name":"Toidupakk.ee - Tactical Foodpack toidupakid","description":"Tactical Foodpack k\u00fclmkuivatatud toidupakid ja matkaeined","publisher":{"@id":"https:\/\/toidupakk.ee\/pl\/#organization"},"potentialAction":[{"@type":"SearchAction","target":{"@type":"EntryPoint","urlTemplate":"https:\/\/toidupakk.ee\/pl\/?s={search_term_string}"},"query-input":{"@type":"PropertyValueSpecification","valueRequired":true,"valueName":"search_term_string"}}],"inLanguage":"pl-PL"},{"@type":"Organization","@id":"https:\/\/toidupakk.ee\/pl\/#organization","name":"Tactical Foodpack matkaeined","url":"https:\/\/toidupakk.ee\/pl\/","logo":{"@type":"ImageObject","inLanguage":"pl-PL","@id":"https:\/\/toidupakk.ee\/pl\/#\/schema\/logo\/image\/","url":"https:\/\/toidupakk.ee\/wp-content\/uploads\/2022\/01\/Toidupakk-matkapood-logo-transparent.png","contentUrl":"https:\/\/toidupakk.ee\/wp-content\/uploads\/2022\/01\/Toidupakk-matkapood-logo-transparent.png","width":500,"height":500,"caption":"Tactical Foodpack matkaeined"},"image":{"@id":"https:\/\/toidupakk.ee\/pl\/#\/schema\/logo\/image\/"},"sameAs":["https:\/\/www.facebook.com\/Toidupakk","https:\/\/www.instagram.com\/toidupakk\/"]}]}},"jetpack_sharing_enabled":true,"_links":{"self":[{"href":"https:\/\/toidupakk.ee\/pl\/wp-json\/wp\/v2\/product\/51602","targetHints":{"allow":["GET"]}}],"collection":[{"href":"https:\/\/toidupakk.ee\/pl\/wp-json\/wp\/v2\/product"}],"about":[{"href":"https:\/\/toidupakk.ee\/pl\/wp-json\/wp\/v2\/types\/product"}],"replies":[{"embeddable":true,"href":"https:\/\/toidupakk.ee\/pl\/wp-json\/wp\/v2\/comments?post=51602"}],"wp:featuredmedia":[{"embeddable":true,"href":"https:\/\/toidupakk.ee\/pl\/wp-json\/wp\/v2\/media\/51603"}],"wp:attachment":[{"href":"https:\/\/toidupakk.ee\/pl\/wp-json\/wp\/v2\/media?parent=51602"}],"wp:term":[{"taxonomy":"product_brand","embeddable":true,"href":"https:\/\/toidupakk.ee\/pl\/wp-json\/wp\/v2\/product_brand?post=51602"},{"taxonomy":"product_cat","embeddable":true,"href":"https:\/\/toidupakk.ee\/pl\/wp-json\/wp\/v2\/product_cat?post=51602"},{"taxonomy":"product_tag","embeddable":true,"href":"https:\/\/toidupakk.ee\/pl\/wp-json\/wp\/v2\/product_tag?post=51602"}],"curies":[{"name":"wp","href":"https:\/\/api.w.org\/{rel}","templated":true}]}}