{"id":51596,"date":"2022-09-12T16:28:15","date_gmt":"2022-09-12T13:28:15","guid":{"rendered":"https:\/\/toidupakk.ee\/toode\/liofilizowane-chipsy-jagodowe\/"},"modified":"2026-04-16T03:31:12","modified_gmt":"2026-04-16T00:31:12","slug":"liofilizowane-chipsy-jagodowe","status":"publish","type":"product","link":"https:\/\/toidupakk.ee\/pl\/toode\/liofilizowane-chipsy-jagodowe\/","title":{"rendered":"Liofilizowane chipsy jagodowe"},"content":{"rendered":"<h2 data-start=\"0\" data-end=\"456\"><img fetchpriority=\"high\" decoding=\"async\" class=\"alignright wp-image-32742 size-thumbnail\" src=\"https:\/\/toidupakk.ee\/wp-content\/uploads\/2022\/09\/Kulmkuivatatud-mustikakropsud-1-500x500.png\" alt=\"chipsy jagodowe\" width=\"500\" height=\"500\" srcset=\"https:\/\/toidupakk.ee\/wp-content\/uploads\/2022\/09\/Kulmkuivatatud-mustikakropsud-1-500x500.png 500w, https:\/\/toidupakk.ee\/wp-content\/uploads\/2022\/09\/Kulmkuivatatud-mustikakropsud-1-400x400.png 400w, https:\/\/toidupakk.ee\/wp-content\/uploads\/2022\/09\/Kulmkuivatatud-mustikakropsud-1-100x100.png 100w, https:\/\/toidupakk.ee\/wp-content\/uploads\/2022\/09\/Kulmkuivatatud-mustikakropsud-1-300x300.png 300w, https:\/\/toidupakk.ee\/wp-content\/uploads\/2022\/09\/Kulmkuivatatud-mustikakropsud-1-768x768.png 768w, https:\/\/toidupakk.ee\/wp-content\/uploads\/2022\/09\/Kulmkuivatatud-mustikakropsud-1.png 800w\" sizes=\"(max-width: 500px) 100vw, 500px\" \/><\/h2>\n<h2 data-start=\"0\" data-end=\"456\">Liofilizowane chipsy jagodowe to zdrowa alternatywa dla zwyk\u0142ych chips\u00f3w<\/h2>\n<p data-start=\"0\" data-end=\"456\">Liofilizowane chipsy jagodowe oferuj\u0105 bogaty owocowy smak, kt\u00f3ry wyr\u00f3\u017cnia si\u0119 na tle tradycyjnych chips\u00f3w unikaln\u0105 metod\u0105 produkcji. Te chipsy s\u0105 wykonane w 100% z liofilizowanych jag\u00f3d. Proces liofilizacji zachowuje naturalny smak i warto\u015bci od\u017cywcze owoc\u00f3w, sprawiaj\u0105c, \u017ce witaminy i minera\u0142y pozostaj\u0105 niezmienione.  <\/p>\n<p data-start=\"458\" data-end=\"926\">Jagody s\u0105 znane jako <strong>naturalny superfood<\/strong>, bogaty w antyoksydanty, w tym antocyjany, kt\u00f3re pomagaj\u0105 wzmacnia\u0107 uk\u0142ad odporno\u015bciowy i wspieraj\u0105 funkcje neurologiczne. Ponadto jagody s\u0105 bogate w witamin\u0119 C, witamin\u0119 K, b\u0142onnik i mangan. Witamina C wspiera odporno\u015b\u0107, witamina K jest wa\u017cna dla krzepliwo\u015bci krwi, b\u0142onnik wspomaga trawienie, a mangan odgrywa rol\u0119 w zdrowiu ko\u015bci i metabolizmie.  <\/p>\n<p data-start=\"928\" data-end=\"1257\">Badania wykaza\u0142y, \u017ce regularne spo\u017cywanie jag\u00f3d mo\u017ce pom\u00f3c poprawi\u0107 pami\u0119\u0107 i funkcje poznawcze, obni\u017cy\u0107 ci\u015bnienie krwi oraz zmniejszy\u0107 ryzyko chor\u00f3b serca. Stwierdzono r\u00f3wnie\u017c, \u017ce jagody mog\u0105 pomaga\u0107 w utrzymaniu zdrowia oczu, zmniejszaj\u0105c ich zm\u0119czenie i poprawiaj\u0105c wzrok. <\/p>\n<p data-start=\"1259\" data-end=\"1411\">Chipsy jagodowe Meki to pyszna i zdrowa alternatywa dla tradycyjnych przek\u0105sek, oferuj\u0105ca jednocze\u015bnie liczne korzy\u015bci zdrowotne.<\/p>\n<p>Wykonane z liofilizowanego proszku jagodowego.<\/p>\n<h3>Warto\u015b\u0107 od\u017cywcza suszonych chips\u00f3w jagodowych<\/h3>\n<table class=\"table table-responsive\">\n<thead>\n<tr>\n<th>\u015aREDNIA WARTO\u015a\u0106 OD\u017bYWCZA<\/th>\n<th>100 G<\/th>\n<\/tr>\n<\/thead>\n<tbody>\n<tr>\n<td>Energia<\/td>\n<td>1410 kJ \/ 337 kcal<\/td>\n<\/tr>\n<tr>\n<td>W\u0119glowodany<\/td>\n<td>67,1 g<\/td>\n<\/tr>\n<tr>\n<td>w tym cukry<\/td>\n<td>57 g<\/td>\n<\/tr>\n<tr>\n<td>Bia\u0142ko<\/td>\n<td>23,9 g<\/td>\n<\/tr>\n<tr>\n<td>T\u0142uszcze<\/td>\n<td>1,7 g<\/td>\n<\/tr>\n<tr>\n<td>w tym kwasy t\u0142uszczowe nasycone<\/td>\n<td>0,1 g<\/td>\n<\/tr>\n<\/tbody>\n<\/table>\n<p>&nbsp;<\/p>\n<p>Zobacz wszystkie przek\u0105ski <a href=\"\/?product_cat=snakk#section-3-79\">TUTAJ<\/a><\/p>\n<p>Zobacz sprz\u0119t turystyczny <a href=\"https:\/\/toidupakk.ee\/pl\/tootekategooria\/sprzet-turystyczny\/#section-3-79\">TUTAJ<\/a><\/p>\n<p>Znajd\u017a inspiracj\u0119 na kolejne przygody na <a href=\"https:\/\/www.instagram.com\/toidupakk\/\">Instagramie<\/a> i <a href=\"https:\/\/www.facebook.com\/Toidupakk\/\">Facebooku<\/a> Toidupakk.<\/p>\n","protected":false},"excerpt":{"rendered":"<p><strong>Liofilizowane chipsy jagodowe to zdrowa alternatywa dla zwyk\u0142ych chips\u00f3w. Wykonane z proszku jagodowego, bez dodatku cukru, co czyni je doskona\u0142\u0105 przek\u0105sk\u0105 dla du\u017cych i ma\u0142ych. <\/strong><\/p>\n<ul>\n<li>Jagody s\u0105 bogate w antyoksydanty i witamin\u0119 E<\/li>\n<li>Metoda liofilizacji zachowuje wszystkie witaminy i minera\u0142y<\/li>\n<li>W wygodnym, wielokrotnie zamykanym opakowaniu<\/li>\n<\/ul>\n<p>\u2705 Dost\u0119pne w magazynie, szybka dostawa w 1\u20133 dni robocze<\/p>\n","protected":false},"featured_media":32742,"comment_status":"open","ping_status":"closed","template":"","meta":{"_acf_changed":false},"product_brand":[],"product_cat":[303,390,322,301,380],"product_tag":[305],"class_list":{"0":"post-51596","1":"product","2":"type-product","3":"status-publish","4":"has-post-thumbnail","6":"product_cat-akcesoria-turystyczne","7":"product_cat-liofilizowane-chipsy-meki","8":"product_cat-przekaski","9":"product_cat-sprzet-turystyczny","10":"product_cat-zywnosc-turystyczna-meki","11":"product_tag-no_ads","13":"first","14":"instock","15":"taxable","16":"shipping-taxable","17":"purchasable","18":"product-type-simple"},"bundled_by":[],"bundle_stock_status":"instock","bundle_stock_quantity":11,"bundle_virtual":false,"bundle_layout":"","bundle_add_to_cart_form_location":"","bundle_editable_in_cart":false,"bundle_sold_individually_context":"","bundle_item_grouping":"","bundle_min_size":"","bundle_max_size":"","bundle_price":[],"bundled_items":[],"bundle_sell_ids":[],"acf":[],"yoast_head":"<!-- This site is optimized with the Yoast SEO plugin v27.3 - https:\/\/yoast.com\/product\/yoast-seo-wordpress\/ -->\n<title>Liofilizowane chipsy jagodowe<\/title>\n<meta name=\"description\" content=\"Liofilizowane chipsy jagodowe to zdrowa alternatywa dla zwyk\u0142ych chips\u00f3w, wykonana w 100% z jag\u00f3d i bez dodatku cukru.\" \/>\n<meta name=\"robots\" content=\"index, follow, max-snippet:-1, max-image-preview:large, max-video-preview:-1\" \/>\n<link rel=\"canonical\" href=\"https:\/\/toidupakk.ee\/pl\/toode\/liofilizowane-chipsy-jagodowe\/\" \/>\n<meta property=\"og:locale\" content=\"pl_PL\" \/>\n<meta property=\"og:type\" content=\"article\" \/>\n<meta property=\"og:title\" content=\"Liofilizowane chipsy jagodowe\" \/>\n<meta property=\"og:description\" content=\"Liofilizowane chipsy jagodowe to zdrowa alternatywa dla zwyk\u0142ych chips\u00f3w, wykonana w 100% z jag\u00f3d i bez dodatku cukru.\" \/>\n<meta property=\"og:url\" content=\"https:\/\/toidupakk.ee\/pl\/toode\/liofilizowane-chipsy-jagodowe\/\" \/>\n<meta property=\"og:site_name\" content=\"Toidupakk.ee - Tactical Foodpack toidupakid\" \/>\n<meta property=\"article:publisher\" content=\"https:\/\/www.facebook.com\/Toidupakk\" \/>\n<meta property=\"article:modified_time\" content=\"2026-04-16T00:31:12+00:00\" \/>\n<meta property=\"og:image\" content=\"https:\/\/toidupakk.ee\/wp-content\/uploads\/2022\/09\/Kulmkuivatatud-mustikakropsud-1.png\" \/>\n\t<meta property=\"og:image:width\" content=\"800\" \/>\n\t<meta property=\"og:image:height\" content=\"800\" \/>\n\t<meta property=\"og:image:type\" content=\"image\/png\" \/>\n<meta name=\"twitter:card\" content=\"summary_large_image\" \/>\n<meta name=\"twitter:label1\" content=\"Szacowany czas czytania\" \/>\n\t<meta name=\"twitter:data1\" content=\"1 minuta\" \/>\n<script type=\"application\/ld+json\" class=\"yoast-schema-graph\">{\"@context\":\"https:\\\/\\\/schema.org\",\"@graph\":[{\"@type\":\"WebPage\",\"@id\":\"https:\\\/\\\/toidupakk.ee\\\/pl\\\/toode\\\/liofilizowane-chipsy-jagodowe\\\/\",\"url\":\"https:\\\/\\\/toidupakk.ee\\\/pl\\\/toode\\\/liofilizowane-chipsy-jagodowe\\\/\",\"name\":\"Liofilizowane chipsy jagodowe\",\"isPartOf\":{\"@id\":\"https:\\\/\\\/toidupakk.ee\\\/pl\\\/#website\"},\"primaryImageOfPage\":{\"@id\":\"https:\\\/\\\/toidupakk.ee\\\/pl\\\/toode\\\/liofilizowane-chipsy-jagodowe\\\/#primaryimage\"},\"image\":{\"@id\":\"https:\\\/\\\/toidupakk.ee\\\/pl\\\/toode\\\/liofilizowane-chipsy-jagodowe\\\/#primaryimage\"},\"thumbnailUrl\":\"https:\\\/\\\/toidupakk.ee\\\/wp-content\\\/uploads\\\/2022\\\/09\\\/Kulmkuivatatud-mustikakropsud-1.png\",\"datePublished\":\"2022-09-12T13:28:15+00:00\",\"dateModified\":\"2026-04-16T00:31:12+00:00\",\"description\":\"Liofilizowane chipsy jagodowe to zdrowa alternatywa dla zwyk\u0142ych chips\u00f3w, wykonana w 100% z jag\u00f3d i bez dodatku cukru.\",\"breadcrumb\":{\"@id\":\"https:\\\/\\\/toidupakk.ee\\\/pl\\\/toode\\\/liofilizowane-chipsy-jagodowe\\\/#breadcrumb\"},\"inLanguage\":\"pl-PL\",\"potentialAction\":[{\"@type\":\"ReadAction\",\"target\":[\"https:\\\/\\\/toidupakk.ee\\\/pl\\\/toode\\\/liofilizowane-chipsy-jagodowe\\\/\"]}]},{\"@type\":\"ImageObject\",\"inLanguage\":\"pl-PL\",\"@id\":\"https:\\\/\\\/toidupakk.ee\\\/pl\\\/toode\\\/liofilizowane-chipsy-jagodowe\\\/#primaryimage\",\"url\":\"https:\\\/\\\/toidupakk.ee\\\/wp-content\\\/uploads\\\/2022\\\/09\\\/Kulmkuivatatud-mustikakropsud-1.png\",\"contentUrl\":\"https:\\\/\\\/toidupakk.ee\\\/wp-content\\\/uploads\\\/2022\\\/09\\\/Kulmkuivatatud-mustikakropsud-1.png\",\"width\":800,\"height\":800,\"caption\":\"mustikakr\u00f5psud\"},{\"@type\":\"BreadcrumbList\",\"@id\":\"https:\\\/\\\/toidupakk.ee\\\/pl\\\/toode\\\/liofilizowane-chipsy-jagodowe\\\/#breadcrumb\",\"itemListElement\":[{\"@type\":\"ListItem\",\"position\":1,\"name\":\"Avaleht\",\"item\":\"https:\\\/\\\/toidupakk.ee\\\/pl\\\/\"},{\"@type\":\"ListItem\",\"position\":2,\"name\":\"Sklep internetowy\",\"item\":\"https:\\\/\\\/toidupakk.ee\\\/pl\\\/sklep-internetowy\\\/\"},{\"@type\":\"ListItem\",\"position\":3,\"name\":\"Liofilizowane chipsy jagodowe\"}]},{\"@type\":\"WebSite\",\"@id\":\"https:\\\/\\\/toidupakk.ee\\\/pl\\\/#website\",\"url\":\"https:\\\/\\\/toidupakk.ee\\\/pl\\\/\",\"name\":\"Toidupakk.ee - Tactical Foodpack toidupakid\",\"description\":\"Tactical Foodpack k\u00fclmkuivatatud toidupakid ja matkaeined\",\"publisher\":{\"@id\":\"https:\\\/\\\/toidupakk.ee\\\/pl\\\/#organization\"},\"potentialAction\":[{\"@type\":\"SearchAction\",\"target\":{\"@type\":\"EntryPoint\",\"urlTemplate\":\"https:\\\/\\\/toidupakk.ee\\\/pl\\\/?s={search_term_string}\"},\"query-input\":{\"@type\":\"PropertyValueSpecification\",\"valueRequired\":true,\"valueName\":\"search_term_string\"}}],\"inLanguage\":\"pl-PL\"},{\"@type\":\"Organization\",\"@id\":\"https:\\\/\\\/toidupakk.ee\\\/pl\\\/#organization\",\"name\":\"Tactical Foodpack matkaeined\",\"url\":\"https:\\\/\\\/toidupakk.ee\\\/pl\\\/\",\"logo\":{\"@type\":\"ImageObject\",\"inLanguage\":\"pl-PL\",\"@id\":\"https:\\\/\\\/toidupakk.ee\\\/pl\\\/#\\\/schema\\\/logo\\\/image\\\/\",\"url\":\"https:\\\/\\\/toidupakk.ee\\\/wp-content\\\/uploads\\\/2022\\\/01\\\/Toidupakk-matkapood-logo-transparent.png\",\"contentUrl\":\"https:\\\/\\\/toidupakk.ee\\\/wp-content\\\/uploads\\\/2022\\\/01\\\/Toidupakk-matkapood-logo-transparent.png\",\"width\":500,\"height\":500,\"caption\":\"Tactical Foodpack matkaeined\"},\"image\":{\"@id\":\"https:\\\/\\\/toidupakk.ee\\\/pl\\\/#\\\/schema\\\/logo\\\/image\\\/\"},\"sameAs\":[\"https:\\\/\\\/www.facebook.com\\\/Toidupakk\",\"https:\\\/\\\/www.instagram.com\\\/toidupakk\\\/\"]}]}<\/script>\n<!-- \/ Yoast SEO plugin. -->","yoast_head_json":{"title":"Liofilizowane chipsy jagodowe","description":"Liofilizowane chipsy jagodowe to zdrowa alternatywa dla zwyk\u0142ych chips\u00f3w, wykonana w 100% z jag\u00f3d i bez dodatku cukru.","robots":{"index":"index","follow":"follow","max-snippet":"max-snippet:-1","max-image-preview":"max-image-preview:large","max-video-preview":"max-video-preview:-1"},"canonical":"https:\/\/toidupakk.ee\/pl\/toode\/liofilizowane-chipsy-jagodowe\/","og_locale":"pl_PL","og_type":"article","og_title":"Liofilizowane chipsy jagodowe","og_description":"Liofilizowane chipsy jagodowe to zdrowa alternatywa dla zwyk\u0142ych chips\u00f3w, wykonana w 100% z jag\u00f3d i bez dodatku cukru.","og_url":"https:\/\/toidupakk.ee\/pl\/toode\/liofilizowane-chipsy-jagodowe\/","og_site_name":"Toidupakk.ee - Tactical Foodpack toidupakid","article_publisher":"https:\/\/www.facebook.com\/Toidupakk","article_modified_time":"2026-04-16T00:31:12+00:00","og_image":[{"width":800,"height":800,"url":"https:\/\/toidupakk.ee\/wp-content\/uploads\/2022\/09\/Kulmkuivatatud-mustikakropsud-1.png","type":"image\/png"}],"twitter_card":"summary_large_image","twitter_misc":{"Szacowany czas czytania":"1 minuta"},"schema":{"@context":"https:\/\/schema.org","@graph":[{"@type":"WebPage","@id":"https:\/\/toidupakk.ee\/pl\/toode\/liofilizowane-chipsy-jagodowe\/","url":"https:\/\/toidupakk.ee\/pl\/toode\/liofilizowane-chipsy-jagodowe\/","name":"Liofilizowane chipsy jagodowe","isPartOf":{"@id":"https:\/\/toidupakk.ee\/pl\/#website"},"primaryImageOfPage":{"@id":"https:\/\/toidupakk.ee\/pl\/toode\/liofilizowane-chipsy-jagodowe\/#primaryimage"},"image":{"@id":"https:\/\/toidupakk.ee\/pl\/toode\/liofilizowane-chipsy-jagodowe\/#primaryimage"},"thumbnailUrl":"https:\/\/toidupakk.ee\/wp-content\/uploads\/2022\/09\/Kulmkuivatatud-mustikakropsud-1.png","datePublished":"2022-09-12T13:28:15+00:00","dateModified":"2026-04-16T00:31:12+00:00","description":"Liofilizowane chipsy jagodowe to zdrowa alternatywa dla zwyk\u0142ych chips\u00f3w, wykonana w 100% z jag\u00f3d i bez dodatku cukru.","breadcrumb":{"@id":"https:\/\/toidupakk.ee\/pl\/toode\/liofilizowane-chipsy-jagodowe\/#breadcrumb"},"inLanguage":"pl-PL","potentialAction":[{"@type":"ReadAction","target":["https:\/\/toidupakk.ee\/pl\/toode\/liofilizowane-chipsy-jagodowe\/"]}]},{"@type":"ImageObject","inLanguage":"pl-PL","@id":"https:\/\/toidupakk.ee\/pl\/toode\/liofilizowane-chipsy-jagodowe\/#primaryimage","url":"https:\/\/toidupakk.ee\/wp-content\/uploads\/2022\/09\/Kulmkuivatatud-mustikakropsud-1.png","contentUrl":"https:\/\/toidupakk.ee\/wp-content\/uploads\/2022\/09\/Kulmkuivatatud-mustikakropsud-1.png","width":800,"height":800,"caption":"mustikakr\u00f5psud"},{"@type":"BreadcrumbList","@id":"https:\/\/toidupakk.ee\/pl\/toode\/liofilizowane-chipsy-jagodowe\/#breadcrumb","itemListElement":[{"@type":"ListItem","position":1,"name":"Avaleht","item":"https:\/\/toidupakk.ee\/pl\/"},{"@type":"ListItem","position":2,"name":"Sklep internetowy","item":"https:\/\/toidupakk.ee\/pl\/sklep-internetowy\/"},{"@type":"ListItem","position":3,"name":"Liofilizowane chipsy jagodowe"}]},{"@type":"WebSite","@id":"https:\/\/toidupakk.ee\/pl\/#website","url":"https:\/\/toidupakk.ee\/pl\/","name":"Toidupakk.ee - Tactical Foodpack toidupakid","description":"Tactical Foodpack k\u00fclmkuivatatud toidupakid ja matkaeined","publisher":{"@id":"https:\/\/toidupakk.ee\/pl\/#organization"},"potentialAction":[{"@type":"SearchAction","target":{"@type":"EntryPoint","urlTemplate":"https:\/\/toidupakk.ee\/pl\/?s={search_term_string}"},"query-input":{"@type":"PropertyValueSpecification","valueRequired":true,"valueName":"search_term_string"}}],"inLanguage":"pl-PL"},{"@type":"Organization","@id":"https:\/\/toidupakk.ee\/pl\/#organization","name":"Tactical Foodpack matkaeined","url":"https:\/\/toidupakk.ee\/pl\/","logo":{"@type":"ImageObject","inLanguage":"pl-PL","@id":"https:\/\/toidupakk.ee\/pl\/#\/schema\/logo\/image\/","url":"https:\/\/toidupakk.ee\/wp-content\/uploads\/2022\/01\/Toidupakk-matkapood-logo-transparent.png","contentUrl":"https:\/\/toidupakk.ee\/wp-content\/uploads\/2022\/01\/Toidupakk-matkapood-logo-transparent.png","width":500,"height":500,"caption":"Tactical Foodpack matkaeined"},"image":{"@id":"https:\/\/toidupakk.ee\/pl\/#\/schema\/logo\/image\/"},"sameAs":["https:\/\/www.facebook.com\/Toidupakk","https:\/\/www.instagram.com\/toidupakk\/"]}]}},"jetpack_sharing_enabled":true,"_links":{"self":[{"href":"https:\/\/toidupakk.ee\/pl\/wp-json\/wp\/v2\/product\/51596","targetHints":{"allow":["GET"]}}],"collection":[{"href":"https:\/\/toidupakk.ee\/pl\/wp-json\/wp\/v2\/product"}],"about":[{"href":"https:\/\/toidupakk.ee\/pl\/wp-json\/wp\/v2\/types\/product"}],"replies":[{"embeddable":true,"href":"https:\/\/toidupakk.ee\/pl\/wp-json\/wp\/v2\/comments?post=51596"}],"wp:featuredmedia":[{"embeddable":true,"href":"https:\/\/toidupakk.ee\/pl\/wp-json\/wp\/v2\/media\/32742"}],"wp:attachment":[{"href":"https:\/\/toidupakk.ee\/pl\/wp-json\/wp\/v2\/media?parent=51596"}],"wp:term":[{"taxonomy":"product_brand","embeddable":true,"href":"https:\/\/toidupakk.ee\/pl\/wp-json\/wp\/v2\/product_brand?post=51596"},{"taxonomy":"product_cat","embeddable":true,"href":"https:\/\/toidupakk.ee\/pl\/wp-json\/wp\/v2\/product_cat?post=51596"},{"taxonomy":"product_tag","embeddable":true,"href":"https:\/\/toidupakk.ee\/pl\/wp-json\/wp\/v2\/product_tag?post=51596"}],"curies":[{"name":"wp","href":"https:\/\/api.w.org\/{rel}","templated":true}]}}