{"id":51587,"date":"2022-11-14T13:23:39","date_gmt":"2022-11-14T11:23:39","guid":{"rendered":"https:\/\/toidupakk.ee\/toode\/zapalniczka-odporna-na-warunki-atmosferyczne\/"},"modified":"2026-05-01T04:01:46","modified_gmt":"2026-05-01T01:01:46","slug":"zapalniczka-odporna-na-warunki-atmosferyczne","status":"publish","type":"product","link":"https:\/\/toidupakk.ee\/pl\/toode\/zapalniczka-odporna-na-warunki-atmosferyczne\/","title":{"rendered":"Zapalniczka odporna na warunki atmosferyczne"},"content":{"rendered":"<h1><img fetchpriority=\"high\" decoding=\"async\" class=\"alignright wp-image-4169 size-medium\" src=\"https:\/\/toidupakk.ee\/wp-content\/uploads\/2022\/11\/Zippo-stiilis-ilmastikukindel-tulemasin-2-300x300.png\" alt=\"Wiatroodporne zippo\" width=\"300\" height=\"300\" srcset=\"https:\/\/toidupakk.ee\/wp-content\/uploads\/2022\/11\/Zippo-stiilis-ilmastikukindel-tulemasin-2-300x300.png 300w, https:\/\/toidupakk.ee\/wp-content\/uploads\/2022\/11\/Zippo-stiilis-ilmastikukindel-tulemasin-2-400x400.png 400w, https:\/\/toidupakk.ee\/wp-content\/uploads\/2022\/11\/Zippo-stiilis-ilmastikukindel-tulemasin-2-100x100.png 100w, https:\/\/toidupakk.ee\/wp-content\/uploads\/2022\/11\/Zippo-stiilis-ilmastikukindel-tulemasin-2-800x800.png 800w, https:\/\/toidupakk.ee\/wp-content\/uploads\/2022\/11\/Zippo-stiilis-ilmastikukindel-tulemasin-2-1024x1024.png 1024w, https:\/\/toidupakk.ee\/wp-content\/uploads\/2022\/11\/Zippo-stiilis-ilmastikukindel-tulemasin-2-500x500.png 500w, https:\/\/toidupakk.ee\/wp-content\/uploads\/2022\/11\/Zippo-stiilis-ilmastikukindel-tulemasin-2-768x768.png 768w, https:\/\/toidupakk.ee\/wp-content\/uploads\/2022\/11\/Zippo-stiilis-ilmastikukindel-tulemasin-2.png 1080w\" sizes=\"(max-width: 300px) 100vw, 300px\" \/><\/h1>\n<h1>Zapalniczka odporna na warunki atmosferyczne<\/h1>\n<p>Zapalniczki odporne na warunki atmosferyczne zyska\u0142y popularno\u015b\u0107 jako modele wiatroodporne. S\u0105 one przeznaczone do u\u017cytku nawet w trudnej pogodzie. Wiatroodporno\u015b\u0107 tych zapalniczek polega na tym, \u017ce ich p\u0142omie\u0144 nie ga\u015bnie nawet przy silnym wietrze.  <\/p>\n<h2>U\u017cytkowanie zapalniczki<\/h2>\n<p>Najlepszym sposobem na zgaszenie p\u0142omienia jest zamkni\u0119cie zapalniczki, czyli zatrza\u015bni\u0119cie jej g\u00f3rnej cz\u0119\u015bci. Odcina to dop\u0142yw tlenu i p\u0142omie\u0144 ga\u015bnie. Zapalniczka wydaje charakterystyczne klikni\u0119cie, kt\u00f3re s\u0142ycha\u0107 zar\u00f3wno przy otwieraniu, jak i zamykaniu. To w\u0142a\u015bnie z tego d\u017awi\u0119ku ten typ zapalniczek s\u0142ynie na ca\u0142ym \u015bwiecie.   <\/p>\n<p><img decoding=\"async\" class=\"size-medium wp-image-4168 alignnone\" src=\"https:\/\/toidupakk.ee\/wp-content\/uploads\/2022\/11\/Zippo-stiilis-ilmastikukindel-tulemasin-1-300x300.png\" alt=\"Zapalniczka Zippo\" width=\"300\" height=\"300\" srcset=\"https:\/\/toidupakk.ee\/wp-content\/uploads\/2022\/11\/Zippo-stiilis-ilmastikukindel-tulemasin-1-300x300.png 300w, https:\/\/toidupakk.ee\/wp-content\/uploads\/2022\/11\/Zippo-stiilis-ilmastikukindel-tulemasin-1-400x400.png 400w, https:\/\/toidupakk.ee\/wp-content\/uploads\/2022\/11\/Zippo-stiilis-ilmastikukindel-tulemasin-1-100x100.png 100w, https:\/\/toidupakk.ee\/wp-content\/uploads\/2022\/11\/Zippo-stiilis-ilmastikukindel-tulemasin-1-800x800.png 800w, https:\/\/toidupakk.ee\/wp-content\/uploads\/2022\/11\/Zippo-stiilis-ilmastikukindel-tulemasin-1-1024x1024.png 1024w, https:\/\/toidupakk.ee\/wp-content\/uploads\/2022\/11\/Zippo-stiilis-ilmastikukindel-tulemasin-1-500x500.png 500w, https:\/\/toidupakk.ee\/wp-content\/uploads\/2022\/11\/Zippo-stiilis-ilmastikukindel-tulemasin-1-768x768.png 768w, https:\/\/toidupakk.ee\/wp-content\/uploads\/2022\/11\/Zippo-stiilis-ilmastikukindel-tulemasin-1.png 1080w\" sizes=\"(max-width: 300px) 100vw, 300px\" \/><\/p>\n<p>Zapalniczki nape\u0142nia si\u0119 specjaln\u0105 <a href=\"https:\/\/toidupakk.ee\/pl\/toode\/benzyna-do-zapalniczek-zippo-125-ml\/\">benzyn\u0105 do Zippo<\/a>, kt\u00f3r\u0105 mo\u017cna dokupi\u0107 osobno. Pami\u0119taj, \u017ce nowa zapalniczka nie jest nape\u0142niona benzyn\u0105. Instrukcj\u0119 bezpiecznego u\u017cytkowania znajdziesz na opakowaniu.  <\/p>\n<p><img decoding=\"async\" class=\"alignnone size-medium wp-image-4178\" src=\"https:\/\/toidupakk.ee\/wp-content\/uploads\/2022\/11\/Zippo-tulemasina-bensiin-1-300x300.png\" alt=\"benzyna do Zippo\" width=\"300\" height=\"300\" srcset=\"https:\/\/toidupakk.ee\/wp-content\/uploads\/2022\/11\/Zippo-tulemasina-bensiin-1-300x300.png 300w, https:\/\/toidupakk.ee\/wp-content\/uploads\/2022\/11\/Zippo-tulemasina-bensiin-1-400x400.png 400w, https:\/\/toidupakk.ee\/wp-content\/uploads\/2022\/11\/Zippo-tulemasina-bensiin-1-100x100.png 100w, https:\/\/toidupakk.ee\/wp-content\/uploads\/2022\/11\/Zippo-tulemasina-bensiin-1-800x800.png 800w, https:\/\/toidupakk.ee\/wp-content\/uploads\/2022\/11\/Zippo-tulemasina-bensiin-1-1024x1024.png 1024w, https:\/\/toidupakk.ee\/wp-content\/uploads\/2022\/11\/Zippo-tulemasina-bensiin-1-500x500.png 500w, https:\/\/toidupakk.ee\/wp-content\/uploads\/2022\/11\/Zippo-tulemasina-bensiin-1-768x768.png 768w, https:\/\/toidupakk.ee\/wp-content\/uploads\/2022\/11\/Zippo-tulemasina-bensiin-1.png 1080w\" sizes=\"(max-width: 300px) 100vw, 300px\" \/><\/p>\n<p><strong>UWAGA! W ofercie r\u00f3wnie\u017c wz\u00f3r czarny mat oraz \u201eBrushed Silver\u201d.<\/strong><\/p>\n<div id=\"attachment_5040\" style=\"width: 310px\" class=\"wp-caption alignnone\"><img loading=\"lazy\" decoding=\"async\" aria-describedby=\"caption-attachment-5040\" class=\"size-medium wp-image-5040\" src=\"https:\/\/toidupakk.ee\/wp-content\/uploads\/2022\/12\/Zippo-matt-must-4-300x300.png\" alt=\"{%ALT_TEXT%}\" width=\"300\" height=\"300\" srcset=\"https:\/\/toidupakk.ee\/wp-content\/uploads\/2022\/12\/Zippo-matt-must-4-300x300.png 300w, https:\/\/toidupakk.ee\/wp-content\/uploads\/2022\/12\/Zippo-matt-must-4-400x400.png 400w, https:\/\/toidupakk.ee\/wp-content\/uploads\/2022\/12\/Zippo-matt-must-4-100x100.png 100w, https:\/\/toidupakk.ee\/wp-content\/uploads\/2022\/12\/Zippo-matt-must-4-800x800.png 800w, https:\/\/toidupakk.ee\/wp-content\/uploads\/2022\/12\/Zippo-matt-must-4-1024x1024.png 1024w, https:\/\/toidupakk.ee\/wp-content\/uploads\/2022\/12\/Zippo-matt-must-4-500x500.png 500w, https:\/\/toidupakk.ee\/wp-content\/uploads\/2022\/12\/Zippo-matt-must-4-768x768.png 768w, https:\/\/toidupakk.ee\/wp-content\/uploads\/2022\/12\/Zippo-matt-must-4.png 1080w\" sizes=\"(max-width: 300px) 100vw, 300px\" \/><p id=\"caption-attachment-5040\" class=\"wp-caption-text\">{%CAPTION%}<\/p><\/div>\n<p>Zobacz wi\u0119cej akcesori\u00f3w turystycznych <a href=\"https:\/\/toidupakk.ee\/pl\/tootekategooria\/sprzet-turystyczny\/#section-3-79\">TUTAJ<\/a><\/p>\n<p>Znajd\u017a inspiracj\u0119 na kolejne przygody na <a href=\"https:\/\/www.instagram.com\/toidupakk\/\">Instagramie<\/a> i <a href=\"https:\/\/www.facebook.com\/Toidupakk\/\">Facebooku<\/a> Toidupakk.<\/p>\n","protected":false},"excerpt":{"rendered":"<ul>\n<li>Popularna w\u015br\u00f3d podr\u00f3\u017cnik\u00f3w zapalniczka, kt\u00f3ra nie zawiedzie Ci\u0119 nawet w najtrudniejszych warunkach pogodowych.<\/li>\n<li>Zapalniczka, kt\u00f3ra dzia\u0142a nawet przy wietrznej pogodzie.<\/li>\n<li>Metalowa zapalniczka wielokrotnego nape\u0142niania.<\/li>\n<\/ul>\n<p>Kolory: srebrny b\u0142yszcz\u0105cy, srebrny szczotkowany i czarny mat<\/p>\n<p>Wymiary: 4 x 1,5 x 6 cm<br \/>\nWaga: 50 g (bez paliwa)<\/p>\n<p>\u2705 Dost\u0119pne w magazynie, szybka dostawa w 1\u20133 dni robocze<\/p>\n","protected":false},"featured_media":4169,"comment_status":"open","ping_status":"closed","template":"","meta":{"_acf_changed":false},"product_brand":[],"product_cat":[303,301],"product_tag":[],"class_list":{"0":"post-51587","1":"product","2":"type-product","3":"status-publish","4":"has-post-thumbnail","6":"product_cat-akcesoria-turystyczne","7":"product_cat-sprzet-turystyczny","9":"first","10":"instock","11":"sale","12":"taxable","13":"shipping-taxable","14":"purchasable","15":"product-type-variable","16":"has-default-attributes"},"bundled_by":[],"bundle_stock_status":"instock","bundle_stock_quantity":null,"bundle_virtual":false,"bundle_layout":"","bundle_add_to_cart_form_location":"","bundle_editable_in_cart":false,"bundle_sold_individually_context":"","bundle_item_grouping":"","bundle_min_size":"","bundle_max_size":"","bundle_price":[],"bundled_items":[],"bundle_sell_ids":[],"acf":[],"yoast_head":"<!-- This site is optimized with the Yoast SEO plugin v27.3 - https:\/\/yoast.com\/product\/yoast-seo-wordpress\/ -->\n<title>Zapalniczka odporna na warunki atmosferyczne<\/title>\n<meta name=\"description\" content=\"Zapalniczki typu Zippo zyska\u0142y popularno\u015b\u0107 jako modele wiatroodporne. S\u0105 one przeznaczone do u\u017cytku nawet w trudnych warunkach pogodowych.\" \/>\n<meta name=\"robots\" content=\"index, follow, max-snippet:-1, max-image-preview:large, max-video-preview:-1\" \/>\n<link rel=\"canonical\" href=\"https:\/\/toidupakk.ee\/pl\/toode\/zapalniczka-odporna-na-warunki-atmosferyczne\/\" \/>\n<meta property=\"og:locale\" content=\"pl_PL\" \/>\n<meta property=\"og:type\" content=\"article\" \/>\n<meta property=\"og:title\" content=\"Zapalniczka odporna na warunki atmosferyczne\" \/>\n<meta property=\"og:description\" content=\"Zapalniczki typu Zippo zyska\u0142y popularno\u015b\u0107 jako modele wiatroodporne. S\u0105 one przeznaczone do u\u017cytku nawet w trudnych warunkach pogodowych.\" \/>\n<meta property=\"og:url\" content=\"https:\/\/toidupakk.ee\/pl\/toode\/zapalniczka-odporna-na-warunki-atmosferyczne\/\" \/>\n<meta property=\"og:site_name\" content=\"Toidupakk.ee - Tactical Foodpack toidupakid\" \/>\n<meta property=\"article:publisher\" content=\"https:\/\/www.facebook.com\/Toidupakk\" \/>\n<meta property=\"article:modified_time\" content=\"2026-05-01T01:01:46+00:00\" \/>\n<meta property=\"og:image\" content=\"https:\/\/toidupakk.ee\/wp-content\/uploads\/2022\/11\/Zippo-stiilis-ilmastikukindel-tulemasin-2.png\" \/>\n\t<meta property=\"og:image:width\" content=\"1080\" \/>\n\t<meta property=\"og:image:height\" content=\"1080\" \/>\n\t<meta property=\"og:image:type\" content=\"image\/png\" \/>\n<meta name=\"twitter:card\" content=\"summary_large_image\" \/>\n<meta name=\"twitter:label1\" content=\"Szacowany czas czytania\" \/>\n\t<meta name=\"twitter:data1\" content=\"1 minuta\" \/>\n<script type=\"application\/ld+json\" class=\"yoast-schema-graph\">{\"@context\":\"https:\\\/\\\/schema.org\",\"@graph\":[{\"@type\":\"WebPage\",\"@id\":\"https:\\\/\\\/toidupakk.ee\\\/pl\\\/toode\\\/zapalniczka-odporna-na-warunki-atmosferyczne\\\/\",\"url\":\"https:\\\/\\\/toidupakk.ee\\\/pl\\\/toode\\\/zapalniczka-odporna-na-warunki-atmosferyczne\\\/\",\"name\":\"Zapalniczka odporna na warunki atmosferyczne\",\"isPartOf\":{\"@id\":\"https:\\\/\\\/toidupakk.ee\\\/pl\\\/#website\"},\"primaryImageOfPage\":{\"@id\":\"https:\\\/\\\/toidupakk.ee\\\/pl\\\/toode\\\/zapalniczka-odporna-na-warunki-atmosferyczne\\\/#primaryimage\"},\"image\":{\"@id\":\"https:\\\/\\\/toidupakk.ee\\\/pl\\\/toode\\\/zapalniczka-odporna-na-warunki-atmosferyczne\\\/#primaryimage\"},\"thumbnailUrl\":\"https:\\\/\\\/toidupakk.ee\\\/wp-content\\\/uploads\\\/2022\\\/11\\\/Zippo-stiilis-ilmastikukindel-tulemasin-2.png\",\"datePublished\":\"2022-11-14T11:23:39+00:00\",\"dateModified\":\"2026-05-01T01:01:46+00:00\",\"description\":\"Zapalniczki typu Zippo zyska\u0142y popularno\u015b\u0107 jako modele wiatroodporne. S\u0105 one przeznaczone do u\u017cytku nawet w trudnych warunkach pogodowych.\",\"breadcrumb\":{\"@id\":\"https:\\\/\\\/toidupakk.ee\\\/pl\\\/toode\\\/zapalniczka-odporna-na-warunki-atmosferyczne\\\/#breadcrumb\"},\"inLanguage\":\"pl-PL\",\"potentialAction\":[{\"@type\":\"ReadAction\",\"target\":[\"https:\\\/\\\/toidupakk.ee\\\/pl\\\/toode\\\/zapalniczka-odporna-na-warunki-atmosferyczne\\\/\"]}]},{\"@type\":\"ImageObject\",\"inLanguage\":\"pl-PL\",\"@id\":\"https:\\\/\\\/toidupakk.ee\\\/pl\\\/toode\\\/zapalniczka-odporna-na-warunki-atmosferyczne\\\/#primaryimage\",\"url\":\"https:\\\/\\\/toidupakk.ee\\\/wp-content\\\/uploads\\\/2022\\\/11\\\/Zippo-stiilis-ilmastikukindel-tulemasin-2.png\",\"contentUrl\":\"https:\\\/\\\/toidupakk.ee\\\/wp-content\\\/uploads\\\/2022\\\/11\\\/Zippo-stiilis-ilmastikukindel-tulemasin-2.png\",\"width\":1080,\"height\":1080,\"caption\":\"Tuulekindel zippo\"},{\"@type\":\"BreadcrumbList\",\"@id\":\"https:\\\/\\\/toidupakk.ee\\\/pl\\\/toode\\\/zapalniczka-odporna-na-warunki-atmosferyczne\\\/#breadcrumb\",\"itemListElement\":[{\"@type\":\"ListItem\",\"position\":1,\"name\":\"Avaleht\",\"item\":\"https:\\\/\\\/toidupakk.ee\\\/pl\\\/\"},{\"@type\":\"ListItem\",\"position\":2,\"name\":\"Sklep internetowy\",\"item\":\"https:\\\/\\\/toidupakk.ee\\\/pl\\\/sklep-internetowy\\\/\"},{\"@type\":\"ListItem\",\"position\":3,\"name\":\"Zapalniczka odporna na warunki atmosferyczne\"}]},{\"@type\":\"WebSite\",\"@id\":\"https:\\\/\\\/toidupakk.ee\\\/pl\\\/#website\",\"url\":\"https:\\\/\\\/toidupakk.ee\\\/pl\\\/\",\"name\":\"Toidupakk.ee - Tactical Foodpack toidupakid\",\"description\":\"Tactical Foodpack k\u00fclmkuivatatud toidupakid ja matkaeined\",\"publisher\":{\"@id\":\"https:\\\/\\\/toidupakk.ee\\\/pl\\\/#organization\"},\"potentialAction\":[{\"@type\":\"SearchAction\",\"target\":{\"@type\":\"EntryPoint\",\"urlTemplate\":\"https:\\\/\\\/toidupakk.ee\\\/pl\\\/?s={search_term_string}\"},\"query-input\":{\"@type\":\"PropertyValueSpecification\",\"valueRequired\":true,\"valueName\":\"search_term_string\"}}],\"inLanguage\":\"pl-PL\"},{\"@type\":\"Organization\",\"@id\":\"https:\\\/\\\/toidupakk.ee\\\/pl\\\/#organization\",\"name\":\"Tactical Foodpack matkaeined\",\"url\":\"https:\\\/\\\/toidupakk.ee\\\/pl\\\/\",\"logo\":{\"@type\":\"ImageObject\",\"inLanguage\":\"pl-PL\",\"@id\":\"https:\\\/\\\/toidupakk.ee\\\/pl\\\/#\\\/schema\\\/logo\\\/image\\\/\",\"url\":\"https:\\\/\\\/toidupakk.ee\\\/wp-content\\\/uploads\\\/2022\\\/01\\\/Toidupakk-matkapood-logo-transparent.png\",\"contentUrl\":\"https:\\\/\\\/toidupakk.ee\\\/wp-content\\\/uploads\\\/2022\\\/01\\\/Toidupakk-matkapood-logo-transparent.png\",\"width\":500,\"height\":500,\"caption\":\"Tactical Foodpack matkaeined\"},\"image\":{\"@id\":\"https:\\\/\\\/toidupakk.ee\\\/pl\\\/#\\\/schema\\\/logo\\\/image\\\/\"},\"sameAs\":[\"https:\\\/\\\/www.facebook.com\\\/Toidupakk\",\"https:\\\/\\\/www.instagram.com\\\/toidupakk\\\/\"]}]}<\/script>\n<!-- \/ Yoast SEO plugin. -->","yoast_head_json":{"title":"Zapalniczka odporna na warunki atmosferyczne","description":"Zapalniczki typu Zippo zyska\u0142y popularno\u015b\u0107 jako modele wiatroodporne. S\u0105 one przeznaczone do u\u017cytku nawet w trudnych warunkach pogodowych.","robots":{"index":"index","follow":"follow","max-snippet":"max-snippet:-1","max-image-preview":"max-image-preview:large","max-video-preview":"max-video-preview:-1"},"canonical":"https:\/\/toidupakk.ee\/pl\/toode\/zapalniczka-odporna-na-warunki-atmosferyczne\/","og_locale":"pl_PL","og_type":"article","og_title":"Zapalniczka odporna na warunki atmosferyczne","og_description":"Zapalniczki typu Zippo zyska\u0142y popularno\u015b\u0107 jako modele wiatroodporne. S\u0105 one przeznaczone do u\u017cytku nawet w trudnych warunkach pogodowych.","og_url":"https:\/\/toidupakk.ee\/pl\/toode\/zapalniczka-odporna-na-warunki-atmosferyczne\/","og_site_name":"Toidupakk.ee - Tactical Foodpack toidupakid","article_publisher":"https:\/\/www.facebook.com\/Toidupakk","article_modified_time":"2026-05-01T01:01:46+00:00","og_image":[{"width":1080,"height":1080,"url":"https:\/\/toidupakk.ee\/wp-content\/uploads\/2022\/11\/Zippo-stiilis-ilmastikukindel-tulemasin-2.png","type":"image\/png"}],"twitter_card":"summary_large_image","twitter_misc":{"Szacowany czas czytania":"1 minuta"},"schema":{"@context":"https:\/\/schema.org","@graph":[{"@type":"WebPage","@id":"https:\/\/toidupakk.ee\/pl\/toode\/zapalniczka-odporna-na-warunki-atmosferyczne\/","url":"https:\/\/toidupakk.ee\/pl\/toode\/zapalniczka-odporna-na-warunki-atmosferyczne\/","name":"Zapalniczka odporna na warunki atmosferyczne","isPartOf":{"@id":"https:\/\/toidupakk.ee\/pl\/#website"},"primaryImageOfPage":{"@id":"https:\/\/toidupakk.ee\/pl\/toode\/zapalniczka-odporna-na-warunki-atmosferyczne\/#primaryimage"},"image":{"@id":"https:\/\/toidupakk.ee\/pl\/toode\/zapalniczka-odporna-na-warunki-atmosferyczne\/#primaryimage"},"thumbnailUrl":"https:\/\/toidupakk.ee\/wp-content\/uploads\/2022\/11\/Zippo-stiilis-ilmastikukindel-tulemasin-2.png","datePublished":"2022-11-14T11:23:39+00:00","dateModified":"2026-05-01T01:01:46+00:00","description":"Zapalniczki typu Zippo zyska\u0142y popularno\u015b\u0107 jako modele wiatroodporne. S\u0105 one przeznaczone do u\u017cytku nawet w trudnych warunkach pogodowych.","breadcrumb":{"@id":"https:\/\/toidupakk.ee\/pl\/toode\/zapalniczka-odporna-na-warunki-atmosferyczne\/#breadcrumb"},"inLanguage":"pl-PL","potentialAction":[{"@type":"ReadAction","target":["https:\/\/toidupakk.ee\/pl\/toode\/zapalniczka-odporna-na-warunki-atmosferyczne\/"]}]},{"@type":"ImageObject","inLanguage":"pl-PL","@id":"https:\/\/toidupakk.ee\/pl\/toode\/zapalniczka-odporna-na-warunki-atmosferyczne\/#primaryimage","url":"https:\/\/toidupakk.ee\/wp-content\/uploads\/2022\/11\/Zippo-stiilis-ilmastikukindel-tulemasin-2.png","contentUrl":"https:\/\/toidupakk.ee\/wp-content\/uploads\/2022\/11\/Zippo-stiilis-ilmastikukindel-tulemasin-2.png","width":1080,"height":1080,"caption":"Tuulekindel zippo"},{"@type":"BreadcrumbList","@id":"https:\/\/toidupakk.ee\/pl\/toode\/zapalniczka-odporna-na-warunki-atmosferyczne\/#breadcrumb","itemListElement":[{"@type":"ListItem","position":1,"name":"Avaleht","item":"https:\/\/toidupakk.ee\/pl\/"},{"@type":"ListItem","position":2,"name":"Sklep internetowy","item":"https:\/\/toidupakk.ee\/pl\/sklep-internetowy\/"},{"@type":"ListItem","position":3,"name":"Zapalniczka odporna na warunki atmosferyczne"}]},{"@type":"WebSite","@id":"https:\/\/toidupakk.ee\/pl\/#website","url":"https:\/\/toidupakk.ee\/pl\/","name":"Toidupakk.ee - Tactical Foodpack toidupakid","description":"Tactical Foodpack k\u00fclmkuivatatud toidupakid ja matkaeined","publisher":{"@id":"https:\/\/toidupakk.ee\/pl\/#organization"},"potentialAction":[{"@type":"SearchAction","target":{"@type":"EntryPoint","urlTemplate":"https:\/\/toidupakk.ee\/pl\/?s={search_term_string}"},"query-input":{"@type":"PropertyValueSpecification","valueRequired":true,"valueName":"search_term_string"}}],"inLanguage":"pl-PL"},{"@type":"Organization","@id":"https:\/\/toidupakk.ee\/pl\/#organization","name":"Tactical Foodpack matkaeined","url":"https:\/\/toidupakk.ee\/pl\/","logo":{"@type":"ImageObject","inLanguage":"pl-PL","@id":"https:\/\/toidupakk.ee\/pl\/#\/schema\/logo\/image\/","url":"https:\/\/toidupakk.ee\/wp-content\/uploads\/2022\/01\/Toidupakk-matkapood-logo-transparent.png","contentUrl":"https:\/\/toidupakk.ee\/wp-content\/uploads\/2022\/01\/Toidupakk-matkapood-logo-transparent.png","width":500,"height":500,"caption":"Tactical Foodpack matkaeined"},"image":{"@id":"https:\/\/toidupakk.ee\/pl\/#\/schema\/logo\/image\/"},"sameAs":["https:\/\/www.facebook.com\/Toidupakk","https:\/\/www.instagram.com\/toidupakk\/"]}]}},"jetpack_sharing_enabled":true,"_links":{"self":[{"href":"https:\/\/toidupakk.ee\/pl\/wp-json\/wp\/v2\/product\/51587","targetHints":{"allow":["GET"]}}],"collection":[{"href":"https:\/\/toidupakk.ee\/pl\/wp-json\/wp\/v2\/product"}],"about":[{"href":"https:\/\/toidupakk.ee\/pl\/wp-json\/wp\/v2\/types\/product"}],"replies":[{"embeddable":true,"href":"https:\/\/toidupakk.ee\/pl\/wp-json\/wp\/v2\/comments?post=51587"}],"wp:featuredmedia":[{"embeddable":true,"href":"https:\/\/toidupakk.ee\/pl\/wp-json\/wp\/v2\/media\/4169"}],"wp:attachment":[{"href":"https:\/\/toidupakk.ee\/pl\/wp-json\/wp\/v2\/media?parent=51587"}],"wp:term":[{"taxonomy":"product_brand","embeddable":true,"href":"https:\/\/toidupakk.ee\/pl\/wp-json\/wp\/v2\/product_brand?post=51587"},{"taxonomy":"product_cat","embeddable":true,"href":"https:\/\/toidupakk.ee\/pl\/wp-json\/wp\/v2\/product_cat?post=51587"},{"taxonomy":"product_tag","embeddable":true,"href":"https:\/\/toidupakk.ee\/pl\/wp-json\/wp\/v2\/product_tag?post=51587"}],"curies":[{"name":"wp","href":"https:\/\/api.w.org\/{rel}","templated":true}]}}