{"id":51581,"date":"2022-10-20T16:52:14","date_gmt":"2022-10-20T13:52:14","guid":{"rendered":"https:\/\/toidupakk.ee\/toode\/ogrzewacz-do-rak-thermopad\/"},"modified":"2026-04-16T05:31:20","modified_gmt":"2026-04-16T02:31:20","slug":"ogrzewacz-do-rak-thermopad","status":"publish","type":"product","link":"https:\/\/toidupakk.ee\/pl\/toode\/ogrzewacz-do-rak-thermopad\/","title":{"rendered":"Ogrzewacz do r\u0105k Thermopad"},"content":{"rendered":"<h1>Ogrzewacz do r\u0105k pomaga zmniejszy\u0107 uczucie zimna<\/h1>\n<p>Czy zdarzy\u0142o Ci si\u0119 poczu\u0107 szczypi\u0105cy mr\u00f3z podczas zimowych spacer\u00f3w, mimo za\u0142o\u017conych r\u0119kawiczek? Wyobra\u017a sobie, \u017ce masz w kieszeni kurtki zestaw ogrzewaczy do r\u0105k, gotowych do u\u017cycia w ka\u017cdej chwili \u2013 wystarczy je wyj\u0105\u0107 i w\u0142o\u017cy\u0107 do r\u0119kawiczek! Mo\u017cesz te\u017c po prostu przyjemnie ogrza\u0107 nimi kiesze\u0144. Ogrzewacze Thermopad reaguj\u0105 z tlenem, rozgrzewaj\u0105c si\u0119 do 68\u00b0C i zapewniaj\u0105c ciep\u0142o przez ca\u0142y dzie\u0144. Wa\u017c\u0105cy zaledwie 62 g ogrzewacz bez problemu zmie\u015bci si\u0119 w kieszeni lub torbie, a Ty nawet nie poczujesz, \u017ce go masz.    <\/p>\n<p><img fetchpriority=\"high\" decoding=\"async\" class=\"alignnone wp-image-3724 size-thumbnail\" src=\"https:\/\/toidupakk.ee\/wp-content\/uploads\/2022\/10\/Katesoojendaja-Thermopad-4-500x500.jpg\" alt=\"Ogrzewacz do r\u0105k Thermopad\" width=\"500\" height=\"500\" srcset=\"https:\/\/toidupakk.ee\/wp-content\/uploads\/2022\/10\/Katesoojendaja-Thermopad-4-500x500.jpg 500w, https:\/\/toidupakk.ee\/wp-content\/uploads\/2022\/10\/Katesoojendaja-Thermopad-4-400x400.jpg 400w, https:\/\/toidupakk.ee\/wp-content\/uploads\/2022\/10\/Katesoojendaja-Thermopad-4-100x100.jpg 100w, https:\/\/toidupakk.ee\/wp-content\/uploads\/2022\/10\/Katesoojendaja-Thermopad-4-800x800.jpg 800w, https:\/\/toidupakk.ee\/wp-content\/uploads\/2022\/10\/Katesoojendaja-Thermopad-4-300x300.jpg 300w, https:\/\/toidupakk.ee\/wp-content\/uploads\/2022\/10\/Katesoojendaja-Thermopad-4-1024x1024.jpg 1024w, https:\/\/toidupakk.ee\/wp-content\/uploads\/2022\/10\/Katesoojendaja-Thermopad-4-768x768.jpg 768w, https:\/\/toidupakk.ee\/wp-content\/uploads\/2022\/10\/Katesoojendaja-Thermopad-4.jpg 1080w\" sizes=\"(max-width: 500px) 100vw, 500px\" \/><\/p>\n<p>Ogrzewacze do r\u0105k Thermopad to niezast\u0105piona pomoc dla os\u00f3b pracuj\u0105cych na zewn\u0105trz w ch\u0142odne dni. Ju\u017c nie musisz dr\u017ce\u0107 z zimna. Produkty Thermopad to mi\u0119dzynarodowa jako\u015b\u0107 i najpopularniejsza marka w Estonii.  <\/p>\n<h2><\/h2>\n<h2>Spos\u00f3b u\u017cycia:<\/h2>\n<ul>\n<li>Ogrzewacze aktywuj\u0105 si\u0119 automatycznie po otwarciu opakowania w kontakcie z powietrzem.<\/li>\n<li>Otw\u00f3rz opakowanie i delikatnie nim potrz\u0105\u015bnij.<\/li>\n<li>W\u0142\u00f3\u017c ogrzewacze do r\u0119kawiczek, kieszeni lub po prostu trzymaj w d\u0142oniach.<\/li>\n<li>Ogrzewacze osi\u0105gaj\u0105 temperatur\u0119 do 68\u00b0C w ci\u0105gu zaledwie kilku minut.<\/li>\n<li>Po u\u017cyciu wystudzone ogrzewacze mo\u017cna wyrzuci\u0107 do odpad\u00f3w zmieszanych.<\/li>\n<\/ul>\n<h2><\/h2>\n<h2>Instrukcja bezpiecze\u0144stwa:<\/h2>\n<ul>\n<li>Produkt nie jest przeznaczony do cel\u00f3w medycznych.<\/li>\n<li>Nie u\u017cywaj na uszkodzonej, opuchni\u0119tej, wra\u017cliwej lub odmro\u017conej sk\u00f3rze.<\/li>\n<li>Nie zaleca si\u0119 stosowania u dzieci poni\u017cej 6. roku \u017cycia.<\/li>\n<li>Nie u\u017cywaj podczas snu.<\/li>\n<li>Ogrzewacze s\u0105 jednorazowe, nie nadaj\u0105 si\u0119 do ponownego podgrzania.<\/li>\n<li>Je\u015bli ciep\u0142o stanie si\u0119 nieprzyjemne, natychmiast przesta\u0144 u\u017cywa\u0107 produktu.<\/li>\n<li>Nie pr\u00f3buj rozcina\u0107 ogrzewacza i unikaj bezpo\u015bredniego kontaktu z proszkiem znajduj\u0105cym si\u0119 w \u015brodku.<\/li>\n<\/ul>\n<p>&nbsp;<\/p>\n<p><strong>Sk\u0142ad:<\/strong><\/p>\n<p>Sproszkowane \u017celazo, s\u00f3l, w\u0119giel aktywny, woda i wermikulit.<\/p>\n<p><img decoding=\"async\" class=\"alignnone wp-image-3725 size-thumbnail\" src=\"https:\/\/toidupakk.ee\/wp-content\/uploads\/2022\/10\/Katesoojendaja-Thermopad-5-500x500.png\" alt=\"\" width=\"500\" height=\"500\" srcset=\"https:\/\/toidupakk.ee\/wp-content\/uploads\/2022\/10\/Katesoojendaja-Thermopad-5-500x500.png 500w, https:\/\/toidupakk.ee\/wp-content\/uploads\/2022\/10\/Katesoojendaja-Thermopad-5-400x400.png 400w, https:\/\/toidupakk.ee\/wp-content\/uploads\/2022\/10\/Katesoojendaja-Thermopad-5-100x100.png 100w, https:\/\/toidupakk.ee\/wp-content\/uploads\/2022\/10\/Katesoojendaja-Thermopad-5-800x800.png 800w, https:\/\/toidupakk.ee\/wp-content\/uploads\/2022\/10\/Katesoojendaja-Thermopad-5-300x300.png 300w, https:\/\/toidupakk.ee\/wp-content\/uploads\/2022\/10\/Katesoojendaja-Thermopad-5-1024x1024.png 1024w, https:\/\/toidupakk.ee\/wp-content\/uploads\/2022\/10\/Katesoojendaja-Thermopad-5-768x768.png 768w, https:\/\/toidupakk.ee\/wp-content\/uploads\/2022\/10\/Katesoojendaja-Thermopad-5.png 1080w\" sizes=\"(max-width: 500px) 100vw, 500px\" \/><\/p>\n<p>&nbsp;<\/p>\n<p>Zobacz wi\u0119cej akcesori\u00f3w turystycznych <a href=\"https:\/\/toidupakk.ee\/pl\/tootekategooria\/sprzet-turystyczny\/#section-3-79\">TUTAJ<\/a><\/p>\n<p>Zobacz jedzenie na wypraw\u0119, kt\u00f3re warto zabra\u0107 <a href=\"https:\/\/toidupakk.ee\/pl\/sklep-internetowy\/\">TUTAJ<\/a><\/p>\n<p>Znajd\u017a inspiracj\u0119 na kolejne przygody na <a href=\"https:\/\/www.instagram.com\/toidupakk\/\">Instagramie<\/a> i <a href=\"https:\/\/www.facebook.com\/Toidupakk\/\">Facebooku<\/a> Toidupakk.<\/p>\n","protected":false},"excerpt":{"rendered":"<ul>\n<li>Ogrzewacz do r\u0105k sprawia, \u017ce przebywanie na zewn\u0105trz w mro\u017ane dni jest przyjemne<\/li>\n<li>Idealny na w\u0119dr\u00f3wki, narty, ryby, polowania lub do pracy na zewn\u0105trz zim\u0105<\/li>\n<li>Czas dzia\u0142ania do 12 godzin<\/li>\n<li>Dzia\u0142a po otwarciu opakowania w kontakcie z powietrzem<\/li>\n<li>Temperatura ogrzewacza do 68\u00b0C<\/li>\n<li>W opakowaniu 2 ogrzewacze (1 para)<\/li>\n<li>Do u\u017cytku w r\u0119kawiczkach lub kieszeni podczas ch\u0142od\u00f3w<\/li>\n<li>Marka Thermopad\u00ae z Niemiec \u2013 certyfikat CE, produkt nietoksyczny<\/li>\n<\/ul>\n<p>\u2705 Dost\u0119pne w magazynie, szybka dostawa w 1\u20133 dni robocze<\/p>\n","protected":false},"featured_media":3726,"comment_status":"open","ping_status":"closed","template":"","meta":{"_acf_changed":false},"product_brand":[],"product_cat":[303,324,325,326,301],"product_tag":[305],"class_list":{"0":"post-51581","1":"product","2":"type-product","3":"status-publish","4":"has-post-thumbnail","6":"product_cat-akcesoria-turystyczne","7":"product_cat-elementy-grzewcze","8":"product_cat-ogrzewacze-do-ciala","9":"product_cat-produkty-zimowe","10":"product_cat-sprzet-turystyczny","11":"product_tag-no_ads","13":"first","14":"instock","15":"taxable","16":"shipping-taxable","17":"purchasable","18":"product-type-simple"},"bundled_by":[],"bundle_stock_status":"instock","bundle_stock_quantity":73,"bundle_virtual":false,"bundle_layout":"","bundle_add_to_cart_form_location":"","bundle_editable_in_cart":false,"bundle_sold_individually_context":"","bundle_item_grouping":"","bundle_min_size":"","bundle_max_size":"","bundle_price":[],"bundled_items":[],"bundle_sell_ids":[],"acf":[],"yoast_head":"<!-- This site is optimized with the Yoast SEO plugin v27.3 - https:\/\/yoast.com\/product\/yoast-seo-wordpress\/ -->\n<title>Ogrzewacz do r\u0105k Thermopad<\/title>\n<meta name=\"description\" content=\"Ogrzewacz do r\u0105k sprawia, \u017ce przebywanie na zewn\u0105trz w mro\u017ane dni staje si\u0119 przyjemne. U\u017cywaj go podczas w\u0119dr\u00f3wek, jazdy na nartach, w\u0119dkowania, polowania lub gdy pracujesz zim\u0105 na dworze.\" \/>\n<meta name=\"robots\" content=\"index, follow, max-snippet:-1, max-image-preview:large, max-video-preview:-1\" \/>\n<link rel=\"canonical\" href=\"https:\/\/toidupakk.ee\/pl\/toode\/ogrzewacz-do-rak-thermopad\/\" \/>\n<meta property=\"og:locale\" content=\"pl_PL\" \/>\n<meta property=\"og:type\" content=\"article\" \/>\n<meta property=\"og:title\" content=\"Ogrzewacz do r\u0105k Thermopad\" \/>\n<meta property=\"og:description\" content=\"Ogrzewacz do r\u0105k sprawia, \u017ce przebywanie na zewn\u0105trz w mro\u017ane dni staje si\u0119 przyjemne. U\u017cywaj go podczas w\u0119dr\u00f3wek, jazdy na nartach, w\u0119dkowania, polowania lub gdy pracujesz zim\u0105 na dworze.\" \/>\n<meta property=\"og:url\" content=\"https:\/\/toidupakk.ee\/pl\/toode\/ogrzewacz-do-rak-thermopad\/\" \/>\n<meta property=\"og:site_name\" content=\"Toidupakk.ee - Tactical Foodpack toidupakid\" \/>\n<meta property=\"article:publisher\" content=\"https:\/\/www.facebook.com\/Toidupakk\" \/>\n<meta property=\"article:modified_time\" content=\"2026-04-16T02:31:20+00:00\" \/>\n<meta property=\"og:image\" content=\"https:\/\/toidupakk.ee\/wp-content\/uploads\/2022\/10\/Katesoojendaja-Thermopad-6.png\" \/>\n\t<meta property=\"og:image:width\" content=\"1080\" \/>\n\t<meta property=\"og:image:height\" content=\"1080\" \/>\n\t<meta property=\"og:image:type\" content=\"image\/png\" \/>\n<meta name=\"twitter:card\" content=\"summary_large_image\" \/>\n<meta name=\"twitter:label1\" content=\"Szacowany czas czytania\" \/>\n\t<meta name=\"twitter:data1\" content=\"2 minuty\" \/>\n<script type=\"application\/ld+json\" class=\"yoast-schema-graph\">{\"@context\":\"https:\\\/\\\/schema.org\",\"@graph\":[{\"@type\":\"WebPage\",\"@id\":\"https:\\\/\\\/toidupakk.ee\\\/pl\\\/toode\\\/ogrzewacz-do-rak-thermopad\\\/\",\"url\":\"https:\\\/\\\/toidupakk.ee\\\/pl\\\/toode\\\/ogrzewacz-do-rak-thermopad\\\/\",\"name\":\"Ogrzewacz do r\u0105k Thermopad\",\"isPartOf\":{\"@id\":\"https:\\\/\\\/toidupakk.ee\\\/pl\\\/#website\"},\"primaryImageOfPage\":{\"@id\":\"https:\\\/\\\/toidupakk.ee\\\/pl\\\/toode\\\/ogrzewacz-do-rak-thermopad\\\/#primaryimage\"},\"image\":{\"@id\":\"https:\\\/\\\/toidupakk.ee\\\/pl\\\/toode\\\/ogrzewacz-do-rak-thermopad\\\/#primaryimage\"},\"thumbnailUrl\":\"https:\\\/\\\/toidupakk.ee\\\/wp-content\\\/uploads\\\/2022\\\/10\\\/Katesoojendaja-Thermopad-6.png\",\"datePublished\":\"2022-10-20T13:52:14+00:00\",\"dateModified\":\"2026-04-16T02:31:20+00:00\",\"description\":\"Ogrzewacz do r\u0105k sprawia, \u017ce przebywanie na zewn\u0105trz w mro\u017ane dni staje si\u0119 przyjemne. U\u017cywaj go podczas w\u0119dr\u00f3wek, jazdy na nartach, w\u0119dkowania, polowania lub gdy pracujesz zim\u0105 na dworze.\",\"breadcrumb\":{\"@id\":\"https:\\\/\\\/toidupakk.ee\\\/pl\\\/toode\\\/ogrzewacz-do-rak-thermopad\\\/#breadcrumb\"},\"inLanguage\":\"pl-PL\",\"potentialAction\":[{\"@type\":\"ReadAction\",\"target\":[\"https:\\\/\\\/toidupakk.ee\\\/pl\\\/toode\\\/ogrzewacz-do-rak-thermopad\\\/\"]}]},{\"@type\":\"ImageObject\",\"inLanguage\":\"pl-PL\",\"@id\":\"https:\\\/\\\/toidupakk.ee\\\/pl\\\/toode\\\/ogrzewacz-do-rak-thermopad\\\/#primaryimage\",\"url\":\"https:\\\/\\\/toidupakk.ee\\\/wp-content\\\/uploads\\\/2022\\\/10\\\/Katesoojendaja-Thermopad-6.png\",\"contentUrl\":\"https:\\\/\\\/toidupakk.ee\\\/wp-content\\\/uploads\\\/2022\\\/10\\\/Katesoojendaja-Thermopad-6.png\",\"width\":1080,\"height\":1080,\"caption\":\"K\u00e4tesoojendaja tootepilt\"},{\"@type\":\"BreadcrumbList\",\"@id\":\"https:\\\/\\\/toidupakk.ee\\\/pl\\\/toode\\\/ogrzewacz-do-rak-thermopad\\\/#breadcrumb\",\"itemListElement\":[{\"@type\":\"ListItem\",\"position\":1,\"name\":\"Avaleht\",\"item\":\"https:\\\/\\\/toidupakk.ee\\\/pl\\\/\"},{\"@type\":\"ListItem\",\"position\":2,\"name\":\"Sklep internetowy\",\"item\":\"https:\\\/\\\/toidupakk.ee\\\/pl\\\/sklep-internetowy\\\/\"},{\"@type\":\"ListItem\",\"position\":3,\"name\":\"Ogrzewacz do r\u0105k Thermopad\"}]},{\"@type\":\"WebSite\",\"@id\":\"https:\\\/\\\/toidupakk.ee\\\/pl\\\/#website\",\"url\":\"https:\\\/\\\/toidupakk.ee\\\/pl\\\/\",\"name\":\"Toidupakk.ee - Tactical Foodpack toidupakid\",\"description\":\"Tactical Foodpack k\u00fclmkuivatatud toidupakid ja matkaeined\",\"publisher\":{\"@id\":\"https:\\\/\\\/toidupakk.ee\\\/pl\\\/#organization\"},\"potentialAction\":[{\"@type\":\"SearchAction\",\"target\":{\"@type\":\"EntryPoint\",\"urlTemplate\":\"https:\\\/\\\/toidupakk.ee\\\/pl\\\/?s={search_term_string}\"},\"query-input\":{\"@type\":\"PropertyValueSpecification\",\"valueRequired\":true,\"valueName\":\"search_term_string\"}}],\"inLanguage\":\"pl-PL\"},{\"@type\":\"Organization\",\"@id\":\"https:\\\/\\\/toidupakk.ee\\\/pl\\\/#organization\",\"name\":\"Tactical Foodpack matkaeined\",\"url\":\"https:\\\/\\\/toidupakk.ee\\\/pl\\\/\",\"logo\":{\"@type\":\"ImageObject\",\"inLanguage\":\"pl-PL\",\"@id\":\"https:\\\/\\\/toidupakk.ee\\\/pl\\\/#\\\/schema\\\/logo\\\/image\\\/\",\"url\":\"https:\\\/\\\/toidupakk.ee\\\/wp-content\\\/uploads\\\/2022\\\/01\\\/Toidupakk-matkapood-logo-transparent.png\",\"contentUrl\":\"https:\\\/\\\/toidupakk.ee\\\/wp-content\\\/uploads\\\/2022\\\/01\\\/Toidupakk-matkapood-logo-transparent.png\",\"width\":500,\"height\":500,\"caption\":\"Tactical Foodpack matkaeined\"},\"image\":{\"@id\":\"https:\\\/\\\/toidupakk.ee\\\/pl\\\/#\\\/schema\\\/logo\\\/image\\\/\"},\"sameAs\":[\"https:\\\/\\\/www.facebook.com\\\/Toidupakk\",\"https:\\\/\\\/www.instagram.com\\\/toidupakk\\\/\"]}]}<\/script>\n<!-- \/ Yoast SEO plugin. -->","yoast_head_json":{"title":"Ogrzewacz do r\u0105k Thermopad","description":"Ogrzewacz do r\u0105k sprawia, \u017ce przebywanie na zewn\u0105trz w mro\u017ane dni staje si\u0119 przyjemne. U\u017cywaj go podczas w\u0119dr\u00f3wek, jazdy na nartach, w\u0119dkowania, polowania lub gdy pracujesz zim\u0105 na dworze.","robots":{"index":"index","follow":"follow","max-snippet":"max-snippet:-1","max-image-preview":"max-image-preview:large","max-video-preview":"max-video-preview:-1"},"canonical":"https:\/\/toidupakk.ee\/pl\/toode\/ogrzewacz-do-rak-thermopad\/","og_locale":"pl_PL","og_type":"article","og_title":"Ogrzewacz do r\u0105k Thermopad","og_description":"Ogrzewacz do r\u0105k sprawia, \u017ce przebywanie na zewn\u0105trz w mro\u017ane dni staje si\u0119 przyjemne. U\u017cywaj go podczas w\u0119dr\u00f3wek, jazdy na nartach, w\u0119dkowania, polowania lub gdy pracujesz zim\u0105 na dworze.","og_url":"https:\/\/toidupakk.ee\/pl\/toode\/ogrzewacz-do-rak-thermopad\/","og_site_name":"Toidupakk.ee - Tactical Foodpack toidupakid","article_publisher":"https:\/\/www.facebook.com\/Toidupakk","article_modified_time":"2026-04-16T02:31:20+00:00","og_image":[{"width":1080,"height":1080,"url":"https:\/\/toidupakk.ee\/wp-content\/uploads\/2022\/10\/Katesoojendaja-Thermopad-6.png","type":"image\/png"}],"twitter_card":"summary_large_image","twitter_misc":{"Szacowany czas czytania":"2 minuty"},"schema":{"@context":"https:\/\/schema.org","@graph":[{"@type":"WebPage","@id":"https:\/\/toidupakk.ee\/pl\/toode\/ogrzewacz-do-rak-thermopad\/","url":"https:\/\/toidupakk.ee\/pl\/toode\/ogrzewacz-do-rak-thermopad\/","name":"Ogrzewacz do r\u0105k Thermopad","isPartOf":{"@id":"https:\/\/toidupakk.ee\/pl\/#website"},"primaryImageOfPage":{"@id":"https:\/\/toidupakk.ee\/pl\/toode\/ogrzewacz-do-rak-thermopad\/#primaryimage"},"image":{"@id":"https:\/\/toidupakk.ee\/pl\/toode\/ogrzewacz-do-rak-thermopad\/#primaryimage"},"thumbnailUrl":"https:\/\/toidupakk.ee\/wp-content\/uploads\/2022\/10\/Katesoojendaja-Thermopad-6.png","datePublished":"2022-10-20T13:52:14+00:00","dateModified":"2026-04-16T02:31:20+00:00","description":"Ogrzewacz do r\u0105k sprawia, \u017ce przebywanie na zewn\u0105trz w mro\u017ane dni staje si\u0119 przyjemne. U\u017cywaj go podczas w\u0119dr\u00f3wek, jazdy na nartach, w\u0119dkowania, polowania lub gdy pracujesz zim\u0105 na dworze.","breadcrumb":{"@id":"https:\/\/toidupakk.ee\/pl\/toode\/ogrzewacz-do-rak-thermopad\/#breadcrumb"},"inLanguage":"pl-PL","potentialAction":[{"@type":"ReadAction","target":["https:\/\/toidupakk.ee\/pl\/toode\/ogrzewacz-do-rak-thermopad\/"]}]},{"@type":"ImageObject","inLanguage":"pl-PL","@id":"https:\/\/toidupakk.ee\/pl\/toode\/ogrzewacz-do-rak-thermopad\/#primaryimage","url":"https:\/\/toidupakk.ee\/wp-content\/uploads\/2022\/10\/Katesoojendaja-Thermopad-6.png","contentUrl":"https:\/\/toidupakk.ee\/wp-content\/uploads\/2022\/10\/Katesoojendaja-Thermopad-6.png","width":1080,"height":1080,"caption":"K\u00e4tesoojendaja tootepilt"},{"@type":"BreadcrumbList","@id":"https:\/\/toidupakk.ee\/pl\/toode\/ogrzewacz-do-rak-thermopad\/#breadcrumb","itemListElement":[{"@type":"ListItem","position":1,"name":"Avaleht","item":"https:\/\/toidupakk.ee\/pl\/"},{"@type":"ListItem","position":2,"name":"Sklep internetowy","item":"https:\/\/toidupakk.ee\/pl\/sklep-internetowy\/"},{"@type":"ListItem","position":3,"name":"Ogrzewacz do r\u0105k Thermopad"}]},{"@type":"WebSite","@id":"https:\/\/toidupakk.ee\/pl\/#website","url":"https:\/\/toidupakk.ee\/pl\/","name":"Toidupakk.ee - Tactical Foodpack toidupakid","description":"Tactical Foodpack k\u00fclmkuivatatud toidupakid ja matkaeined","publisher":{"@id":"https:\/\/toidupakk.ee\/pl\/#organization"},"potentialAction":[{"@type":"SearchAction","target":{"@type":"EntryPoint","urlTemplate":"https:\/\/toidupakk.ee\/pl\/?s={search_term_string}"},"query-input":{"@type":"PropertyValueSpecification","valueRequired":true,"valueName":"search_term_string"}}],"inLanguage":"pl-PL"},{"@type":"Organization","@id":"https:\/\/toidupakk.ee\/pl\/#organization","name":"Tactical Foodpack matkaeined","url":"https:\/\/toidupakk.ee\/pl\/","logo":{"@type":"ImageObject","inLanguage":"pl-PL","@id":"https:\/\/toidupakk.ee\/pl\/#\/schema\/logo\/image\/","url":"https:\/\/toidupakk.ee\/wp-content\/uploads\/2022\/01\/Toidupakk-matkapood-logo-transparent.png","contentUrl":"https:\/\/toidupakk.ee\/wp-content\/uploads\/2022\/01\/Toidupakk-matkapood-logo-transparent.png","width":500,"height":500,"caption":"Tactical Foodpack matkaeined"},"image":{"@id":"https:\/\/toidupakk.ee\/pl\/#\/schema\/logo\/image\/"},"sameAs":["https:\/\/www.facebook.com\/Toidupakk","https:\/\/www.instagram.com\/toidupakk\/"]}]}},"jetpack_sharing_enabled":true,"_links":{"self":[{"href":"https:\/\/toidupakk.ee\/pl\/wp-json\/wp\/v2\/product\/51581","targetHints":{"allow":["GET"]}}],"collection":[{"href":"https:\/\/toidupakk.ee\/pl\/wp-json\/wp\/v2\/product"}],"about":[{"href":"https:\/\/toidupakk.ee\/pl\/wp-json\/wp\/v2\/types\/product"}],"replies":[{"embeddable":true,"href":"https:\/\/toidupakk.ee\/pl\/wp-json\/wp\/v2\/comments?post=51581"}],"wp:featuredmedia":[{"embeddable":true,"href":"https:\/\/toidupakk.ee\/pl\/wp-json\/wp\/v2\/media\/3726"}],"wp:attachment":[{"href":"https:\/\/toidupakk.ee\/pl\/wp-json\/wp\/v2\/media?parent=51581"}],"wp:term":[{"taxonomy":"product_brand","embeddable":true,"href":"https:\/\/toidupakk.ee\/pl\/wp-json\/wp\/v2\/product_brand?post=51581"},{"taxonomy":"product_cat","embeddable":true,"href":"https:\/\/toidupakk.ee\/pl\/wp-json\/wp\/v2\/product_cat?post=51581"},{"taxonomy":"product_tag","embeddable":true,"href":"https:\/\/toidupakk.ee\/pl\/wp-json\/wp\/v2\/product_tag?post=51581"}],"curies":[{"name":"wp","href":"https:\/\/api.w.org\/{rel}","templated":true}]}}