{"id":51565,"date":"2022-06-10T15:47:30","date_gmt":"2022-06-10T12:47:30","guid":{"rendered":"https:\/\/toidupakk.ee\/toode\/krzesiwo-wildo-fire-flash-pro\/"},"modified":"2026-05-14T21:31:37","modified_gmt":"2026-05-14T18:31:37","slug":"krzesiwo-wildo-fire-flash-pro","status":"publish","type":"product","link":"https:\/\/toidupakk.ee\/pl\/toode\/krzesiwo-wildo-fire-flash-pro\/","title":{"rendered":"Krzesiwo Wildo Fire Flash PRO"},"content":{"rendered":"<h1>Krzesiwo ci\u0119 nie zawiedzie<\/h1>\n<p>&nbsp;<\/p>\n<p>Odporne na warunki atmosferyczne krzesiwo Wildo jest produkowane w Szwecji i testowane w surowych warunkach \u2013 na mrozie, w upale, deszczu i s\u0142o\u0144cu. Zamoczone zapa\u0142ki czy pusta zapalniczka to ju\u017c nie problem. Krzesiwo jest \u0142atwe w u\u017cyciu, odporne na pogod\u0119 i uszkodzenia mechaniczne. Je\u015bli zamoknie, po prostu je wytrzyj. Dzi\u0119ki do\u0142\u0105czonej lince mo\u017cesz przypi\u0105\u0107 je do <a href=\"https:\/\/toidupakk.ee\/tactical-foodpack\/matka-seljakott-75l-mil-tec\/\">plecaka<\/a>, by mie\u0107 je zawsze pod r\u0119k\u0105. To najbardziej niezawodny spos\u00f3b na rozpalenie ognia \u2013 pod warunkiem, \u017ce umiesz go u\u017cywa\u0107.      <\/p>\n<p>Rozpalanie ognia krzesiwem to \u015bwietna alternatywa dla tradycyjnych metod, takich jak zapa\u0142ki, zapalniczki czy podpa\u0142ki. Je\u015bli nigdy tego nie pr\u00f3bowa\u0142e\u015b, teraz jest idealny moment! <\/p>\n<p>Krzesiwo to absolutny \u201emust have\u201d na ka\u017cd\u0105 wypraw\u0119 z plecakiem. Pogoda bywa kapry\u015bna i deszcz na szlaku to nic dziwnego. Gdy zapa\u0142ki lub zapalniczka zamokn\u0105, rozpalenie ognia staje si\u0119 trudne lub wr\u0119cz niemo\u017cliwe. Krzesiwo dzia\u0142a nawet wtedy, gdy jest mokre.   <\/p>\n<p>Wybierasz si\u0119 na kajaki? Dobra rada \u2013 we\u017a ze sob\u0105 krzesiwo Wildo. Mo\u017cliwo\u015b\u0107 ogrzania si\u0119, wysuszenia ubra\u0144 czy przygotowania ciep\u0142ego posi\u0142ku to na wyprawie podstawa.  <\/p>\n<p>W zestawie Wildo znajdziesz stalowy iskrownik o ostrej kraw\u0119dzi. Je\u015bli go zgubisz, poradzisz sobie grzbietem no\u017ca, ale dedykowany iskrownik jest wydajniejszy, wygodniejszy i pozwala szybciej uzyska\u0107 p\u0142omie\u0144. <\/p>\n<p>&nbsp;<\/p>\n<h2>Jak u\u017cywa\u0107 krzesiwa?<\/h2>\n<p>Najpierw zeskrob iskrownikiem ciemn\u0105 warstw\u0119 ochronn\u0105. Iskry wytwarza znajduj\u0105cy si\u0119 pod ni\u0105 srebrzysty materia\u0142. <\/p>\n<p>Kluczem do sukcesu jest rozpa\u0142ka. Najlepsze b\u0119dzie suche drewno \u2013 im drobniejsze wi\u00f3ry, tym \u0142atwiej o ogie\u0144. U\u0142\u00f3\u017c z nich ma\u0142y stosik. Pocieraj\u0105c mocno iskrownikiem o krzesiwo, skieruj snop iskier na rozpa\u0142k\u0119. \u015awietnie sprawdzaj\u0105 si\u0119 \u017cywiczne szczapki, ale jeszcze lepsza b\u0119dzie wata zabrana z domu. Doskona\u0142a jest te\u017c kora brzozy, kt\u00f3r\u0105 znajdziesz w niemal ka\u017cdym lesie. Inne opcje to: \u015brodki do dezynfekcji na bazie alkoholu, tampony, nitki ze starych ubra\u0144 (np. skarpet) czy p\u0142atki kosmetyczne.         <\/p>\n<p>Zalecamy zdecydowany ruch z umiarkowanym dociskiem. Szybkie i s\u0142abe pocieranie zazwyczaj nie dzia\u0142a. Iskry o temperaturze ok. 3000 \u00b0C b\u0142yskawicznie podpal\u0105 odpowiedni materia\u0142.  <\/p>\n<div id=\"attachment_2167\" style=\"width: 510px\" class=\"wp-caption alignnone\"><img fetchpriority=\"high\" decoding=\"async\" aria-describedby=\"caption-attachment-2167\" class=\"wp-image-2167 size-thumbnail\" src=\"https:\/\/toidupakk.ee\/wp-content\/uploads\/2022\/06\/Tulepulk-WILDO-Fire-Flash-PRO-4-500x500.jpg\" alt=\"{%ALT_TEXT%}\" width=\"500\" height=\"500\" srcset=\"https:\/\/toidupakk.ee\/wp-content\/uploads\/2022\/06\/Tulepulk-WILDO-Fire-Flash-PRO-4-500x500.jpg 500w, https:\/\/toidupakk.ee\/wp-content\/uploads\/2022\/06\/Tulepulk-WILDO-Fire-Flash-PRO-4-400x400.jpg 400w, https:\/\/toidupakk.ee\/wp-content\/uploads\/2022\/06\/Tulepulk-WILDO-Fire-Flash-PRO-4-100x100.jpg 100w, https:\/\/toidupakk.ee\/wp-content\/uploads\/2022\/06\/Tulepulk-WILDO-Fire-Flash-PRO-4-800x800.jpg 800w, https:\/\/toidupakk.ee\/wp-content\/uploads\/2022\/06\/Tulepulk-WILDO-Fire-Flash-PRO-4-300x300.jpg 300w, https:\/\/toidupakk.ee\/wp-content\/uploads\/2022\/06\/Tulepulk-WILDO-Fire-Flash-PRO-4-1024x1024.jpg 1024w, https:\/\/toidupakk.ee\/wp-content\/uploads\/2022\/06\/Tulepulk-WILDO-Fire-Flash-PRO-4-768x768.jpg 768w, https:\/\/toidupakk.ee\/wp-content\/uploads\/2022\/06\/Tulepulk-WILDO-Fire-Flash-PRO-4.jpg 1080w\" sizes=\"(max-width: 500px) 100vw, 500px\" \/><p id=\"caption-attachment-2167\" class=\"wp-caption-text\">Rozpalanie ognia za pomoc\u0105 krzesiwa<\/p><\/div>\n<p>&nbsp;<\/p>\n<h2>Na jak d\u0142ugo starcza krzesiwo?<\/h2>\n<p>Krzesiwa wyst\u0119puj\u0105 w r\u00f3\u017cnych rozmiarach. Przyjmuje si\u0119, \u017ce \u015brednie starcza na ok. 3000 u\u017cy\u0107. W praktyce nie warto sugerowa\u0107 si\u0119 tylko liczb\u0105 potar\u0107. Do\u015bwiadczenie pokazuje, \u017ce krzesiwa z mi\u0119kkiego materia\u0142u s\u0105 wydajniejsze, bo daj\u0105 wi\u0119cej iskier za jednym razem. Wi\u0119ksze modele s\u0105 wygodniejsze w obs\u0142udze, mniejsze za\u015b zajmuj\u0105 mniej miejsca i s\u0105 nieco l\u017cejsze.      <\/p>\n<p>Zobacz wi\u0119cej akcesori\u00f3w turystycznych <a href=\"https:\/\/toidupakk.ee\/pl\/tootekategooria\/sprzet-turystyczny\/#section-3-79\">TUTAJ<\/a><\/p>\n<p>Zobacz jedzenie na wypraw\u0119, kt\u00f3re warto zabra\u0107 <a href=\"\/?product_cat=snakk#section-3-79\">TUTAJ<\/a><\/p>\n<p>Znajd\u017a inspiracj\u0119 na kolejne przygody na <a href=\"https:\/\/www.instagram.com\/toidupakk\/\">Instagramie<\/a> i <a href=\"https:\/\/www.facebook.com\/Toidupakk\/\">Facebooku<\/a> Toidupakk.<\/p>\n<p>&nbsp;<\/p>\n","protected":false},"excerpt":{"rendered":"<p>Szybkie, kompaktowe i praktyczne krzesiwo.<\/p>\n<ul>\n<li>Zapa\u0142ki i zapalniczki mog\u0105 zawie\u015b\u0107 w wilgoci \u2013 krzesiwo ci\u0119 nie zawiedzie<\/li>\n<li>Miej pewno\u015b\u0107, \u017ce zawsze rozpalisz ognisko<\/li>\n<li>Waga: 35 g<\/li>\n<li>Wymiary: 6,1 x 0,6 cm<\/li>\n<li>Dzia\u0142a w ka\u017cd\u0105 pogod\u0119<\/li>\n<\/ul>\n<p>\u2705 Dost\u0119pne w magazynie, szybka dostawa w 1\u20133 dni robocze<\/p>\n","protected":false},"featured_media":2164,"comment_status":"open","ping_status":"closed","template":"","meta":{"_acf_changed":false},"product_brand":[],"product_cat":[303,383,317,311,301,304],"product_tag":[],"class_list":{"0":"post-51565","1":"product","2":"type-product","3":"status-publish","4":"has-post-thumbnail","6":"product_cat-akcesoria-turystyczne","7":"product_cat-cieplo","8":"product_cat-mil-tec","9":"product_cat-praktyczne-pomysly-na-prezent","10":"product_cat-sprzet-turystyczny","11":"product_cat-wyposazenie-militarne","13":"first","14":"instock","15":"sale","16":"taxable","17":"shipping-taxable","18":"purchasable","19":"product-type-simple"},"bundled_by":[],"bundle_stock_status":"instock","bundle_stock_quantity":48,"bundle_virtual":false,"bundle_layout":"","bundle_add_to_cart_form_location":"","bundle_editable_in_cart":false,"bundle_sold_individually_context":"","bundle_item_grouping":"","bundle_min_size":"","bundle_max_size":"","bundle_price":[],"bundled_items":[],"bundle_sell_ids":[],"acf":[],"yoast_head":"<!-- This site is optimized with the Yoast SEO plugin v27.3 - https:\/\/yoast.com\/product\/yoast-seo-wordpress\/ -->\n<title>Krzesiwo Wildo Fire Flash PRO<\/title>\n<meta name=\"description\" content=\"Krzesiwo nie zawiedzie ci\u0119 w terenie \u2013 nawet gdy jest mokro. Krzesiwo Wildo jest wysoko cenione przez podr\u00f3\u017cnik\u00f3w i stanowi niezb\u0119dny element ekwipunku.\" \/>\n<meta name=\"robots\" content=\"index, follow, max-snippet:-1, max-image-preview:large, max-video-preview:-1\" \/>\n<link rel=\"canonical\" href=\"https:\/\/toidupakk.ee\/pl\/toode\/krzesiwo-wildo-fire-flash-pro\/\" \/>\n<meta property=\"og:locale\" content=\"pl_PL\" \/>\n<meta property=\"og:type\" content=\"article\" \/>\n<meta property=\"og:title\" content=\"Krzesiwo Wildo Fire Flash PRO\" \/>\n<meta property=\"og:description\" content=\"Krzesiwo nie zawiedzie ci\u0119 w terenie \u2013 nawet gdy jest mokro. Krzesiwo Wildo jest wysoko cenione przez podr\u00f3\u017cnik\u00f3w i stanowi niezb\u0119dny element ekwipunku.\" \/>\n<meta property=\"og:url\" content=\"https:\/\/toidupakk.ee\/pl\/toode\/krzesiwo-wildo-fire-flash-pro\/\" \/>\n<meta property=\"og:site_name\" content=\"Toidupakk.ee - Tactical Foodpack toidupakid\" \/>\n<meta property=\"article:publisher\" content=\"https:\/\/www.facebook.com\/Toidupakk\" \/>\n<meta property=\"article:modified_time\" content=\"2026-05-14T18:31:37+00:00\" \/>\n<meta property=\"og:image\" content=\"https:\/\/toidupakk.ee\/wp-content\/uploads\/2022\/06\/Tulepulk-WILDO-Fire-Flash-PRO-1.png\" \/>\n\t<meta property=\"og:image:width\" content=\"1080\" \/>\n\t<meta property=\"og:image:height\" content=\"1080\" \/>\n\t<meta property=\"og:image:type\" content=\"image\/png\" \/>\n<meta name=\"twitter:card\" content=\"summary_large_image\" \/>\n<meta name=\"twitter:label1\" content=\"Szacowany czas czytania\" \/>\n\t<meta name=\"twitter:data1\" content=\"2 minuty\" \/>\n<script type=\"application\/ld+json\" class=\"yoast-schema-graph\">{\"@context\":\"https:\\\/\\\/schema.org\",\"@graph\":[{\"@type\":\"WebPage\",\"@id\":\"https:\\\/\\\/toidupakk.ee\\\/pl\\\/toode\\\/krzesiwo-wildo-fire-flash-pro\\\/\",\"url\":\"https:\\\/\\\/toidupakk.ee\\\/pl\\\/toode\\\/krzesiwo-wildo-fire-flash-pro\\\/\",\"name\":\"Krzesiwo Wildo Fire Flash PRO\",\"isPartOf\":{\"@id\":\"https:\\\/\\\/toidupakk.ee\\\/pl\\\/#website\"},\"primaryImageOfPage\":{\"@id\":\"https:\\\/\\\/toidupakk.ee\\\/pl\\\/toode\\\/krzesiwo-wildo-fire-flash-pro\\\/#primaryimage\"},\"image\":{\"@id\":\"https:\\\/\\\/toidupakk.ee\\\/pl\\\/toode\\\/krzesiwo-wildo-fire-flash-pro\\\/#primaryimage\"},\"thumbnailUrl\":\"https:\\\/\\\/toidupakk.ee\\\/wp-content\\\/uploads\\\/2022\\\/06\\\/Tulepulk-WILDO-Fire-Flash-PRO-1.png\",\"datePublished\":\"2022-06-10T12:47:30+00:00\",\"dateModified\":\"2026-05-14T18:31:37+00:00\",\"description\":\"Krzesiwo nie zawiedzie ci\u0119 w terenie \u2013 nawet gdy jest mokro. Krzesiwo Wildo jest wysoko cenione przez podr\u00f3\u017cnik\u00f3w i stanowi niezb\u0119dny element ekwipunku.\",\"breadcrumb\":{\"@id\":\"https:\\\/\\\/toidupakk.ee\\\/pl\\\/toode\\\/krzesiwo-wildo-fire-flash-pro\\\/#breadcrumb\"},\"inLanguage\":\"pl-PL\",\"potentialAction\":[{\"@type\":\"ReadAction\",\"target\":[\"https:\\\/\\\/toidupakk.ee\\\/pl\\\/toode\\\/krzesiwo-wildo-fire-flash-pro\\\/\"]}]},{\"@type\":\"ImageObject\",\"inLanguage\":\"pl-PL\",\"@id\":\"https:\\\/\\\/toidupakk.ee\\\/pl\\\/toode\\\/krzesiwo-wildo-fire-flash-pro\\\/#primaryimage\",\"url\":\"https:\\\/\\\/toidupakk.ee\\\/wp-content\\\/uploads\\\/2022\\\/06\\\/Tulepulk-WILDO-Fire-Flash-PRO-1.png\",\"contentUrl\":\"https:\\\/\\\/toidupakk.ee\\\/wp-content\\\/uploads\\\/2022\\\/06\\\/Tulepulk-WILDO-Fire-Flash-PRO-1.png\",\"width\":1080,\"height\":1080,\"caption\":\"Tulepulk\"},{\"@type\":\"BreadcrumbList\",\"@id\":\"https:\\\/\\\/toidupakk.ee\\\/pl\\\/toode\\\/krzesiwo-wildo-fire-flash-pro\\\/#breadcrumb\",\"itemListElement\":[{\"@type\":\"ListItem\",\"position\":1,\"name\":\"Avaleht\",\"item\":\"https:\\\/\\\/toidupakk.ee\\\/pl\\\/\"},{\"@type\":\"ListItem\",\"position\":2,\"name\":\"Sklep internetowy\",\"item\":\"https:\\\/\\\/toidupakk.ee\\\/pl\\\/sklep-internetowy\\\/\"},{\"@type\":\"ListItem\",\"position\":3,\"name\":\"Krzesiwo Wildo Fire Flash PRO\"}]},{\"@type\":\"WebSite\",\"@id\":\"https:\\\/\\\/toidupakk.ee\\\/pl\\\/#website\",\"url\":\"https:\\\/\\\/toidupakk.ee\\\/pl\\\/\",\"name\":\"Toidupakk.ee - Tactical Foodpack toidupakid\",\"description\":\"Tactical Foodpack k\u00fclmkuivatatud toidupakid ja matkaeined\",\"publisher\":{\"@id\":\"https:\\\/\\\/toidupakk.ee\\\/pl\\\/#organization\"},\"potentialAction\":[{\"@type\":\"SearchAction\",\"target\":{\"@type\":\"EntryPoint\",\"urlTemplate\":\"https:\\\/\\\/toidupakk.ee\\\/pl\\\/?s={search_term_string}\"},\"query-input\":{\"@type\":\"PropertyValueSpecification\",\"valueRequired\":true,\"valueName\":\"search_term_string\"}}],\"inLanguage\":\"pl-PL\"},{\"@type\":\"Organization\",\"@id\":\"https:\\\/\\\/toidupakk.ee\\\/pl\\\/#organization\",\"name\":\"Tactical Foodpack matkaeined\",\"url\":\"https:\\\/\\\/toidupakk.ee\\\/pl\\\/\",\"logo\":{\"@type\":\"ImageObject\",\"inLanguage\":\"pl-PL\",\"@id\":\"https:\\\/\\\/toidupakk.ee\\\/pl\\\/#\\\/schema\\\/logo\\\/image\\\/\",\"url\":\"https:\\\/\\\/toidupakk.ee\\\/wp-content\\\/uploads\\\/2022\\\/01\\\/Toidupakk-matkapood-logo-transparent.png\",\"contentUrl\":\"https:\\\/\\\/toidupakk.ee\\\/wp-content\\\/uploads\\\/2022\\\/01\\\/Toidupakk-matkapood-logo-transparent.png\",\"width\":500,\"height\":500,\"caption\":\"Tactical Foodpack matkaeined\"},\"image\":{\"@id\":\"https:\\\/\\\/toidupakk.ee\\\/pl\\\/#\\\/schema\\\/logo\\\/image\\\/\"},\"sameAs\":[\"https:\\\/\\\/www.facebook.com\\\/Toidupakk\",\"https:\\\/\\\/www.instagram.com\\\/toidupakk\\\/\"]}]}<\/script>\n<!-- \/ Yoast SEO plugin. -->","yoast_head_json":{"title":"Krzesiwo Wildo Fire Flash PRO","description":"Krzesiwo nie zawiedzie ci\u0119 w terenie \u2013 nawet gdy jest mokro. Krzesiwo Wildo jest wysoko cenione przez podr\u00f3\u017cnik\u00f3w i stanowi niezb\u0119dny element ekwipunku.","robots":{"index":"index","follow":"follow","max-snippet":"max-snippet:-1","max-image-preview":"max-image-preview:large","max-video-preview":"max-video-preview:-1"},"canonical":"https:\/\/toidupakk.ee\/pl\/toode\/krzesiwo-wildo-fire-flash-pro\/","og_locale":"pl_PL","og_type":"article","og_title":"Krzesiwo Wildo Fire Flash PRO","og_description":"Krzesiwo nie zawiedzie ci\u0119 w terenie \u2013 nawet gdy jest mokro. Krzesiwo Wildo jest wysoko cenione przez podr\u00f3\u017cnik\u00f3w i stanowi niezb\u0119dny element ekwipunku.","og_url":"https:\/\/toidupakk.ee\/pl\/toode\/krzesiwo-wildo-fire-flash-pro\/","og_site_name":"Toidupakk.ee - Tactical Foodpack toidupakid","article_publisher":"https:\/\/www.facebook.com\/Toidupakk","article_modified_time":"2026-05-14T18:31:37+00:00","og_image":[{"width":1080,"height":1080,"url":"https:\/\/toidupakk.ee\/wp-content\/uploads\/2022\/06\/Tulepulk-WILDO-Fire-Flash-PRO-1.png","type":"image\/png"}],"twitter_card":"summary_large_image","twitter_misc":{"Szacowany czas czytania":"2 minuty"},"schema":{"@context":"https:\/\/schema.org","@graph":[{"@type":"WebPage","@id":"https:\/\/toidupakk.ee\/pl\/toode\/krzesiwo-wildo-fire-flash-pro\/","url":"https:\/\/toidupakk.ee\/pl\/toode\/krzesiwo-wildo-fire-flash-pro\/","name":"Krzesiwo Wildo Fire Flash PRO","isPartOf":{"@id":"https:\/\/toidupakk.ee\/pl\/#website"},"primaryImageOfPage":{"@id":"https:\/\/toidupakk.ee\/pl\/toode\/krzesiwo-wildo-fire-flash-pro\/#primaryimage"},"image":{"@id":"https:\/\/toidupakk.ee\/pl\/toode\/krzesiwo-wildo-fire-flash-pro\/#primaryimage"},"thumbnailUrl":"https:\/\/toidupakk.ee\/wp-content\/uploads\/2022\/06\/Tulepulk-WILDO-Fire-Flash-PRO-1.png","datePublished":"2022-06-10T12:47:30+00:00","dateModified":"2026-05-14T18:31:37+00:00","description":"Krzesiwo nie zawiedzie ci\u0119 w terenie \u2013 nawet gdy jest mokro. Krzesiwo Wildo jest wysoko cenione przez podr\u00f3\u017cnik\u00f3w i stanowi niezb\u0119dny element ekwipunku.","breadcrumb":{"@id":"https:\/\/toidupakk.ee\/pl\/toode\/krzesiwo-wildo-fire-flash-pro\/#breadcrumb"},"inLanguage":"pl-PL","potentialAction":[{"@type":"ReadAction","target":["https:\/\/toidupakk.ee\/pl\/toode\/krzesiwo-wildo-fire-flash-pro\/"]}]},{"@type":"ImageObject","inLanguage":"pl-PL","@id":"https:\/\/toidupakk.ee\/pl\/toode\/krzesiwo-wildo-fire-flash-pro\/#primaryimage","url":"https:\/\/toidupakk.ee\/wp-content\/uploads\/2022\/06\/Tulepulk-WILDO-Fire-Flash-PRO-1.png","contentUrl":"https:\/\/toidupakk.ee\/wp-content\/uploads\/2022\/06\/Tulepulk-WILDO-Fire-Flash-PRO-1.png","width":1080,"height":1080,"caption":"Tulepulk"},{"@type":"BreadcrumbList","@id":"https:\/\/toidupakk.ee\/pl\/toode\/krzesiwo-wildo-fire-flash-pro\/#breadcrumb","itemListElement":[{"@type":"ListItem","position":1,"name":"Avaleht","item":"https:\/\/toidupakk.ee\/pl\/"},{"@type":"ListItem","position":2,"name":"Sklep internetowy","item":"https:\/\/toidupakk.ee\/pl\/sklep-internetowy\/"},{"@type":"ListItem","position":3,"name":"Krzesiwo Wildo Fire Flash PRO"}]},{"@type":"WebSite","@id":"https:\/\/toidupakk.ee\/pl\/#website","url":"https:\/\/toidupakk.ee\/pl\/","name":"Toidupakk.ee - Tactical Foodpack toidupakid","description":"Tactical Foodpack k\u00fclmkuivatatud toidupakid ja matkaeined","publisher":{"@id":"https:\/\/toidupakk.ee\/pl\/#organization"},"potentialAction":[{"@type":"SearchAction","target":{"@type":"EntryPoint","urlTemplate":"https:\/\/toidupakk.ee\/pl\/?s={search_term_string}"},"query-input":{"@type":"PropertyValueSpecification","valueRequired":true,"valueName":"search_term_string"}}],"inLanguage":"pl-PL"},{"@type":"Organization","@id":"https:\/\/toidupakk.ee\/pl\/#organization","name":"Tactical Foodpack matkaeined","url":"https:\/\/toidupakk.ee\/pl\/","logo":{"@type":"ImageObject","inLanguage":"pl-PL","@id":"https:\/\/toidupakk.ee\/pl\/#\/schema\/logo\/image\/","url":"https:\/\/toidupakk.ee\/wp-content\/uploads\/2022\/01\/Toidupakk-matkapood-logo-transparent.png","contentUrl":"https:\/\/toidupakk.ee\/wp-content\/uploads\/2022\/01\/Toidupakk-matkapood-logo-transparent.png","width":500,"height":500,"caption":"Tactical Foodpack matkaeined"},"image":{"@id":"https:\/\/toidupakk.ee\/pl\/#\/schema\/logo\/image\/"},"sameAs":["https:\/\/www.facebook.com\/Toidupakk","https:\/\/www.instagram.com\/toidupakk\/"]}]}},"jetpack_sharing_enabled":true,"_links":{"self":[{"href":"https:\/\/toidupakk.ee\/pl\/wp-json\/wp\/v2\/product\/51565","targetHints":{"allow":["GET"]}}],"collection":[{"href":"https:\/\/toidupakk.ee\/pl\/wp-json\/wp\/v2\/product"}],"about":[{"href":"https:\/\/toidupakk.ee\/pl\/wp-json\/wp\/v2\/types\/product"}],"replies":[{"embeddable":true,"href":"https:\/\/toidupakk.ee\/pl\/wp-json\/wp\/v2\/comments?post=51565"}],"wp:featuredmedia":[{"embeddable":true,"href":"https:\/\/toidupakk.ee\/pl\/wp-json\/wp\/v2\/media\/2164"}],"wp:attachment":[{"href":"https:\/\/toidupakk.ee\/pl\/wp-json\/wp\/v2\/media?parent=51565"}],"wp:term":[{"taxonomy":"product_brand","embeddable":true,"href":"https:\/\/toidupakk.ee\/pl\/wp-json\/wp\/v2\/product_brand?post=51565"},{"taxonomy":"product_cat","embeddable":true,"href":"https:\/\/toidupakk.ee\/pl\/wp-json\/wp\/v2\/product_cat?post=51565"},{"taxonomy":"product_tag","embeddable":true,"href":"https:\/\/toidupakk.ee\/pl\/wp-json\/wp\/v2\/product_tag?post=51565"}],"curies":[{"name":"wp","href":"https:\/\/api.w.org\/{rel}","templated":true}]}}