{"id":51552,"date":"2022-06-14T14:46:06","date_gmt":"2022-06-14T11:46:06","guid":{"rendered":"https:\/\/toidupakk.ee\/toode\/zestaw-zywnosci-wyprawowej-i-kryzysowej-na-7-dni-z-miesem\/"},"modified":"2026-04-29T15:30:52","modified_gmt":"2026-04-29T12:30:52","slug":"zestaw-zywnosci-wyprawowej-i-kryzysowej-na-7-dni-z-miesem","status":"publish","type":"product","link":"https:\/\/toidupakk.ee\/pl\/toode\/zestaw-zywnosci-wyprawowej-i-kryzysowej-na-7-dni-z-miesem\/","title":{"rendered":"Zestaw \u017cywno\u015bci wyprawowej i kryzysowej na 7 dni (z mi\u0119sem)"},"content":{"rendered":"<h1><img fetchpriority=\"high\" decoding=\"async\" class=\"alignright wp-image-2239 size-thumbnail\" src=\"https:\/\/toidupakk.ee\/wp-content\/uploads\/2022\/06\/Meki-komplekt-lihaga-2-500x500.png\" alt=\"\" width=\"500\" height=\"500\" srcset=\"https:\/\/toidupakk.ee\/wp-content\/uploads\/2022\/06\/Meki-komplekt-lihaga-2-500x500.png 500w, https:\/\/toidupakk.ee\/wp-content\/uploads\/2022\/06\/Meki-komplekt-lihaga-2-400x400.png 400w, https:\/\/toidupakk.ee\/wp-content\/uploads\/2022\/06\/Meki-komplekt-lihaga-2-100x100.png 100w, https:\/\/toidupakk.ee\/wp-content\/uploads\/2022\/06\/Meki-komplekt-lihaga-2-800x800.png 800w, https:\/\/toidupakk.ee\/wp-content\/uploads\/2022\/06\/Meki-komplekt-lihaga-2-300x300.png 300w, https:\/\/toidupakk.ee\/wp-content\/uploads\/2022\/06\/Meki-komplekt-lihaga-2-1024x1024.png 1024w, https:\/\/toidupakk.ee\/wp-content\/uploads\/2022\/06\/Meki-komplekt-lihaga-2-768x768.png 768w, https:\/\/toidupakk.ee\/wp-content\/uploads\/2022\/06\/Meki-komplekt-lihaga-2.png 1080w\" sizes=\"(max-width: 500px) 100vw, 500px\" \/><\/h1>\n<h1>Zestaw \u017cywno\u015bci wyprawowej i kryzysowej Meki na 7 dni daje poczucie bezpiecze\u0144stwa<\/h1>\n<p>Gdy wybierasz si\u0119 na wypraw\u0119 za miasto, ryby, polowanie lub gdy powalone wichur\u0105 drzewo blokuje drog\u0119 i nie mo\u017cesz wyj\u015b\u0107 z domu przez kilka dni, musisz by\u0107 gotowy. Zestaw \u017cywno\u015bci na 7 dni pozwala cieszy\u0107 si\u0119 spokojem, wiedz\u0105c, \u017ce posi\u0142ki s\u0105 zapewnione na ca\u0142y tydzie\u0144. W zestawie znajdziesz te\u017c akcesoria niezb\u0119dne do przygotowania jedzenia.  <\/p>\n<p>Je\u015bli trzymasz zestaw kryzysowy w schowku lub pod \u0142\u00f3\u017ckiem, masz zapewnione bezpiecze\u0144stwo w sytuacjach awaryjnych. Zabieraj\u0105c go na wypraw\u0119, r\u00f3wnie\u017c mo\u017cesz by\u0107 spokojny \u2013 przerwy na posi\u0142ek nie zajm\u0105 du\u017co czasu, dania przygotujesz tylko z wod\u0105, a niezb\u0119dne akcesoria do jej podgrzania s\u0105 w komplecie. Nie musisz si\u0119 te\u017c martwi\u0107 o psucie si\u0119 \u017cywno\u015bci, poniewa\u017c wszystkie dania Meki i Tactical Foodpack s\u0105 liofilizowane.  <\/p>\n<p>&nbsp;<\/p>\n<h2>21 posi\u0142k\u00f3w i niezb\u0119dne akcesoria w zestawie<\/h2>\n<p>W zestawie znajdziesz idealny na wyprawy kubek ze stali nierdzewnej o pojemno\u015bci 500 ml do podgrzewania wody i jako naczynie do jedzenia. Do tego niezast\u0105piony przeno\u015bny podgrzewacz, tabletki paliwowe (10 szt.) oraz zapa\u0142ki. <\/p>\n<p>21 pysznych posi\u0142k\u00f3w (14 da\u0144 g\u0142\u00f3wnych, 5 \u015bniada\u0144 i 2 zupy)<\/p>\n<p><a href=\"https:\/\/toidupakk.ee\/tactical-foodpack\/kaerahelbepuder-ountega-110g\/\">Owsianka z jab\u0142kami 110 g<\/a> \u2013 3 szt.<\/p>\n<p><a href=\"https:\/\/toidupakk.ee\/tactical-foodpack\/hommikusook-munaga-100g\/\">\u015aniadanie z jajkiem 100 g<\/a> \u2013 2 szt.<\/p>\n<p><a href=\"https:\/\/toidupakk.ee\/pl\/?attachment_id=1760\">Wok z kurczakiem i warzywami 100 g<\/a> \u2013 2 szt.<\/p>\n<p><a href=\"https:\/\/toidupakk.ee\/tactical-foodpack\/pasta-bolognese-110g\/\">Pasta Bolognese 110 g<\/a> \u2013 3 szt.<\/p>\n<p>Pilaw z wieprzowin\u0105 110 g \u2013 3 szt.<\/p>\n<p><a href=\"https:\/\/toidupakk.ee\/tactical-foodpack\/veiselihahautis-90g\/\">Gulasz wo\u0142owy 90 g<\/a> \u2013 2 szt.<\/p>\n<p><a href=\"https:\/\/toidupakk.ee\/tactical-foodpack\/tatar-kalkuniga-110g\/\">Gryka z indykiem 110 g<\/a> \u2013 2 szt.<\/p>\n<p><a href=\"https:\/\/toidupakk.ee\/tactical-foodpack\/kartulipuder-peekoni-ja-juustuga-100g\/\">Puree ziemniaczane z boczkiem i serem 100 g<\/a> \u2013 2 szt.<\/p>\n<p><a href=\"https:\/\/toidupakk.ee\/tactical-foodpack\/seljanka-90g\/\">Solanka 90 g<\/a> \u2013 2 szt.<\/p>\n<p>Akcesoria: zapa\u0142ki 1 kpl., tabletki paliwowe 2 kpl.*10 szt., kubek nierdzewny 500 ml, przeno\u015bny podgrzewacz<\/p>\n<p>&nbsp;<\/p>\n<h3>Smaczny posi\u0142ek nawet w nieoczekiwanej sytuacji<\/h3>\n<p>Zacznij dzie\u0144 od owsianki. Pyszna owsianka z jab\u0142kami i po\u017cywne \u015bniadanie z jajkiem dadz\u0105 Ci odpowiedni\u0105 dawk\u0119 energii, dobry humor i si\u0142\u0119 do kolejnych przyg\u00f3d. <\/p>\n<p>Obiad lub kolacj\u0119 mo\u017cesz zmieni\u0107 w kilkudaniowy posi\u0142ek, zaczynaj\u0105c od domowej solanki, a ko\u0144cz\u0105c na wy\u015bmienitym daniu g\u0142\u00f3wnym. Wyb\u00f3r jest du\u017cy i r\u00f3\u017cnorodny \u2013 od smak\u00f3w \u015bwiata po domowe puree ziemniaczane. Wybierz, od czego zaczniesz. <\/p>\n<p>&nbsp;<\/p>\n<h4>Spos\u00f3b u\u017cycia:<\/h4>\n<p>Najprostszy spos\u00f3b przygotowania<\/p>\n<ul>\n<li>wlej do opakowania odpowiedni\u0105 ilo\u015b\u0107 ciep\u0142ej wody<\/li>\n<li>dobrze wymieszaj<\/li>\n<li>zamknij opakowanie<\/li>\n<li>odczekaj 10 minut<\/li>\n<li>smacznego<\/li>\n<\/ul>\n<p>Je\u015bli nie masz pod r\u0119k\u0105 gor\u0105cej wody, wlej zimn\u0105 do kubka i postaw na podgrzewaczu, kt\u00f3ry \u0142atwo odpalisz za pomoc\u0105 do\u0142\u0105czonych tabletek i zapa\u0142ek. Tak przygotujesz szybki i smaczny posi\u0142ek w zaledwie 10 minut. <\/p>\n<p>&nbsp;<\/p>\n<p>B\u0105d\u017a przewiduj\u0105cy i przygotuj si\u0119 na ka\u017cd\u0105 sytuacj\u0119 z zestawami \u017cywno\u015bci Toidupakk!<\/p>\n<p>&nbsp;<\/p>\n<p>Sprawd\u017a r\u00f3wnie\u017c inny niezb\u0119dny sprz\u0119t i naczynia turystyczne <a href=\"https:\/\/toidupakk.ee\/pl\/tootekategooria\/sprzet-turystyczny\/#section-3-79\">TUTAJ<\/a><\/p>\n<p>Zobacz wi\u0119cej \u017cywno\u015bci turystycznej <a href=\"\/?product_cat=snakk#section-3-79\">TUTAJ<\/a><\/p>\n<p>Znajd\u017a inspiracj\u0119 na kolejne przygody na <a href=\"https:\/\/www.instagram.com\/toidupakk\/\">Instagramie<\/a> i <a href=\"https:\/\/www.facebook.com\/Toidupakk\/\">Facebooku<\/a> Toidupakk.<\/p>\n","protected":false},"excerpt":{"rendered":"<ul>\n<li>7-dniowy zestaw \u017cywno\u015bci z niezb\u0119dnymi akcesoriami do przygotowania posi\u0142k\u00f3w.<\/li>\n<li>Dla jednej osoby na ca\u0142y tydzie\u0144 \/ dla 7 os\u00f3b na jeden dzie\u0144.<\/li>\n<li>Chcesz mie\u0107 zapas jedzenia, kt\u00f3ry zapewni spok\u00f3j Tobie i Twojej rodzinie?<\/li>\n<li>Przechowuj w gara\u017cu, piwnicy, domku letniskowym, na \u0142odzi lub nawet pod \u0142\u00f3\u017ckiem.<\/li>\n<li>Zestaw zawiera 21 ciep\u0142ych posi\u0142k\u00f3w.<\/li>\n<li>Dodaj tylko wod\u0119.<\/li>\n<li>W zestawie znajdziesz te\u017c kubek ze stali nierdzewnej 500 ml do podgrzewania wody lub jako naczynie; przeno\u015bny podgrzewacz; tabletki paliwowe (10 szt.) oraz zapa\u0142ki.<\/li>\n<li>Dania przygotowane z domowych sk\u0142adnik\u00f3w.<\/li>\n<li>Produkty nie zawieraj\u0105 konserwant\u00f3w, poniewa\u017c s\u0105 liofilizowane.<\/li>\n<\/ul>\n<p>Waga netto: 2,17 kg<\/p>\n<p>Termin wa\u017cno\u015bci: zamkni\u0119te wiadro 8 lat, po otwarciu 2 lata.<\/p>\n<p>\u015arednia kaloryczno\u015b\u0107 dzienna 1600 kcal \/ \u0141\u0105cznie 11 352 kcal<\/p>\n<p>\u2705 Dost\u0119pne w magazynie, szybka dostawa w 1-3 dni robocze<br \/>\n\u2705 Kup teraz, zap\u0142a\u0107 p\u00f3\u017aniej (RRSO 0%)<\/p>\n","protected":false},"featured_media":54248,"comment_status":"open","ping_status":"closed","template":"","meta":{"_acf_changed":false},"product_brand":[],"product_cat":[303,347,311,301,343,389,358,336,380],"product_tag":[],"class_list":{"0":"post-51552","1":"product","2":"type-product","3":"status-publish","4":"has-post-thumbnail","6":"product_cat-akcesoria-turystyczne","7":"product_cat-duze-zestawy-zapasow-zywnosci","8":"product_cat-praktyczne-pomysly-na-prezent","9":"product_cat-sprzet-turystyczny","10":"product_cat-tygodniowe-zestawy-zapasow-zywnosci","11":"product_cat-tygodniowe-zestawy-zapasow-zywnosci-meki","12":"product_cat-zestawy-zapasow-zywnosci","13":"product_cat-zywnosc-turystyczna","14":"product_cat-zywnosc-turystyczna-meki","16":"first","17":"instock","18":"sale","19":"featured","20":"taxable","21":"shipping-taxable","22":"purchasable","23":"product-type-simple"},"bundled_by":[],"bundle_stock_status":"instock","bundle_stock_quantity":1,"bundle_virtual":false,"bundle_layout":"","bundle_add_to_cart_form_location":"","bundle_editable_in_cart":false,"bundle_sold_individually_context":"","bundle_item_grouping":"","bundle_min_size":"","bundle_max_size":"","bundle_price":[],"bundled_items":[],"bundle_sell_ids":[],"acf":[],"yoast_head":"<!-- This site is optimized with the Yoast SEO plugin v27.3 - https:\/\/yoast.com\/product\/yoast-seo-wordpress\/ -->\n<title>Zestaw \u017cywno\u015bci wyprawowej i kryzysowej na 7 dni (z mi\u0119sem) - Toidupakk.ee - Tactical Foodpack toidupakid<\/title>\n<meta name=\"description\" content=\"Chcesz mie\u0107 zapas jedzenia, kt\u00f3ry zapewni bezpiecze\u0144stwo Tobie i Twojej rodzinie? Tygodniowy zestaw \u017cywno\u015bci z niezb\u0119dnymi akcesoriami. Dodaj tylko wod\u0119.\" \/>\n<meta name=\"robots\" content=\"index, follow, max-snippet:-1, max-image-preview:large, max-video-preview:-1\" \/>\n<link rel=\"canonical\" href=\"https:\/\/toidupakk.ee\/pl\/toode\/zestaw-zywnosci-wyprawowej-i-kryzysowej-na-7-dni-z-miesem\/\" \/>\n<meta property=\"og:locale\" content=\"pl_PL\" \/>\n<meta property=\"og:type\" content=\"article\" \/>\n<meta property=\"og:title\" content=\"Zestaw \u017cywno\u015bci wyprawowej i kryzysowej na 7 dni (z mi\u0119sem) - Toidupakk.ee - Tactical Foodpack toidupakid\" \/>\n<meta property=\"og:description\" content=\"Chcesz mie\u0107 zapas jedzenia, kt\u00f3ry zapewni bezpiecze\u0144stwo Tobie i Twojej rodzinie? Tygodniowy zestaw \u017cywno\u015bci z niezb\u0119dnymi akcesoriami. Dodaj tylko wod\u0119.\" \/>\n<meta property=\"og:url\" content=\"https:\/\/toidupakk.ee\/pl\/toode\/zestaw-zywnosci-wyprawowej-i-kryzysowej-na-7-dni-z-miesem\/\" \/>\n<meta property=\"og:site_name\" content=\"Toidupakk.ee - Tactical Foodpack toidupakid\" \/>\n<meta property=\"article:publisher\" content=\"https:\/\/www.facebook.com\/Toidupakk\" \/>\n<meta property=\"article:modified_time\" content=\"2026-04-29T12:30:52+00:00\" \/>\n<meta property=\"og:image\" content=\"https:\/\/toidupakk.ee\/wp-content\/uploads\/2022\/06\/meki-2.png\" \/>\n\t<meta property=\"og:image:width\" content=\"1080\" \/>\n\t<meta property=\"og:image:height\" content=\"1080\" \/>\n\t<meta property=\"og:image:type\" content=\"image\/png\" \/>\n<meta name=\"twitter:card\" content=\"summary_large_image\" \/>\n<meta name=\"twitter:label1\" content=\"Szacowany czas czytania\" \/>\n\t<meta name=\"twitter:data1\" content=\"2 minuty\" \/>\n<script type=\"application\/ld+json\" class=\"yoast-schema-graph\">{\"@context\":\"https:\\\/\\\/schema.org\",\"@graph\":[{\"@type\":\"WebPage\",\"@id\":\"https:\\\/\\\/toidupakk.ee\\\/pl\\\/toode\\\/zestaw-zywnosci-wyprawowej-i-kryzysowej-na-7-dni-z-miesem\\\/\",\"url\":\"https:\\\/\\\/toidupakk.ee\\\/pl\\\/toode\\\/zestaw-zywnosci-wyprawowej-i-kryzysowej-na-7-dni-z-miesem\\\/\",\"name\":\"Zestaw \u017cywno\u015bci wyprawowej i kryzysowej na 7 dni (z mi\u0119sem) - Toidupakk.ee - Tactical Foodpack toidupakid\",\"isPartOf\":{\"@id\":\"https:\\\/\\\/toidupakk.ee\\\/pl\\\/#website\"},\"primaryImageOfPage\":{\"@id\":\"https:\\\/\\\/toidupakk.ee\\\/pl\\\/toode\\\/zestaw-zywnosci-wyprawowej-i-kryzysowej-na-7-dni-z-miesem\\\/#primaryimage\"},\"image\":{\"@id\":\"https:\\\/\\\/toidupakk.ee\\\/pl\\\/toode\\\/zestaw-zywnosci-wyprawowej-i-kryzysowej-na-7-dni-z-miesem\\\/#primaryimage\"},\"thumbnailUrl\":\"https:\\\/\\\/toidupakk.ee\\\/wp-content\\\/uploads\\\/2022\\\/06\\\/meki-2.png\",\"datePublished\":\"2022-06-14T11:46:06+00:00\",\"dateModified\":\"2026-04-29T12:30:52+00:00\",\"description\":\"Chcesz mie\u0107 zapas jedzenia, kt\u00f3ry zapewni bezpiecze\u0144stwo Tobie i Twojej rodzinie? Tygodniowy zestaw \u017cywno\u015bci z niezb\u0119dnymi akcesoriami. Dodaj tylko wod\u0119.\",\"breadcrumb\":{\"@id\":\"https:\\\/\\\/toidupakk.ee\\\/pl\\\/toode\\\/zestaw-zywnosci-wyprawowej-i-kryzysowej-na-7-dni-z-miesem\\\/#breadcrumb\"},\"inLanguage\":\"pl-PL\",\"potentialAction\":[{\"@type\":\"ReadAction\",\"target\":[\"https:\\\/\\\/toidupakk.ee\\\/pl\\\/toode\\\/zestaw-zywnosci-wyprawowej-i-kryzysowej-na-7-dni-z-miesem\\\/\"]}]},{\"@type\":\"ImageObject\",\"inLanguage\":\"pl-PL\",\"@id\":\"https:\\\/\\\/toidupakk.ee\\\/pl\\\/toode\\\/zestaw-zywnosci-wyprawowej-i-kryzysowej-na-7-dni-z-miesem\\\/#primaryimage\",\"url\":\"https:\\\/\\\/toidupakk.ee\\\/wp-content\\\/uploads\\\/2022\\\/06\\\/meki-2.png\",\"contentUrl\":\"https:\\\/\\\/toidupakk.ee\\\/wp-content\\\/uploads\\\/2022\\\/06\\\/meki-2.png\",\"width\":1080,\"height\":1080},{\"@type\":\"BreadcrumbList\",\"@id\":\"https:\\\/\\\/toidupakk.ee\\\/pl\\\/toode\\\/zestaw-zywnosci-wyprawowej-i-kryzysowej-na-7-dni-z-miesem\\\/#breadcrumb\",\"itemListElement\":[{\"@type\":\"ListItem\",\"position\":1,\"name\":\"Avaleht\",\"item\":\"https:\\\/\\\/toidupakk.ee\\\/pl\\\/\"},{\"@type\":\"ListItem\",\"position\":2,\"name\":\"Sklep internetowy\",\"item\":\"https:\\\/\\\/toidupakk.ee\\\/pl\\\/sklep-internetowy\\\/\"},{\"@type\":\"ListItem\",\"position\":3,\"name\":\"Zestaw \u017cywno\u015bci wyprawowej i kryzysowej na 7 dni (z mi\u0119sem)\"}]},{\"@type\":\"WebSite\",\"@id\":\"https:\\\/\\\/toidupakk.ee\\\/pl\\\/#website\",\"url\":\"https:\\\/\\\/toidupakk.ee\\\/pl\\\/\",\"name\":\"Toidupakk.ee - Tactical Foodpack toidupakid\",\"description\":\"Tactical Foodpack k\u00fclmkuivatatud toidupakid ja matkaeined\",\"publisher\":{\"@id\":\"https:\\\/\\\/toidupakk.ee\\\/pl\\\/#organization\"},\"potentialAction\":[{\"@type\":\"SearchAction\",\"target\":{\"@type\":\"EntryPoint\",\"urlTemplate\":\"https:\\\/\\\/toidupakk.ee\\\/pl\\\/?s={search_term_string}\"},\"query-input\":{\"@type\":\"PropertyValueSpecification\",\"valueRequired\":true,\"valueName\":\"search_term_string\"}}],\"inLanguage\":\"pl-PL\"},{\"@type\":\"Organization\",\"@id\":\"https:\\\/\\\/toidupakk.ee\\\/pl\\\/#organization\",\"name\":\"Tactical Foodpack matkaeined\",\"url\":\"https:\\\/\\\/toidupakk.ee\\\/pl\\\/\",\"logo\":{\"@type\":\"ImageObject\",\"inLanguage\":\"pl-PL\",\"@id\":\"https:\\\/\\\/toidupakk.ee\\\/pl\\\/#\\\/schema\\\/logo\\\/image\\\/\",\"url\":\"https:\\\/\\\/toidupakk.ee\\\/wp-content\\\/uploads\\\/2022\\\/01\\\/Toidupakk-matkapood-logo-transparent.png\",\"contentUrl\":\"https:\\\/\\\/toidupakk.ee\\\/wp-content\\\/uploads\\\/2022\\\/01\\\/Toidupakk-matkapood-logo-transparent.png\",\"width\":500,\"height\":500,\"caption\":\"Tactical Foodpack matkaeined\"},\"image\":{\"@id\":\"https:\\\/\\\/toidupakk.ee\\\/pl\\\/#\\\/schema\\\/logo\\\/image\\\/\"},\"sameAs\":[\"https:\\\/\\\/www.facebook.com\\\/Toidupakk\",\"https:\\\/\\\/www.instagram.com\\\/toidupakk\\\/\"]}]}<\/script>\n<!-- \/ Yoast SEO plugin. -->","yoast_head_json":{"title":"Zestaw \u017cywno\u015bci wyprawowej i kryzysowej na 7 dni (z mi\u0119sem) - Toidupakk.ee - Tactical Foodpack toidupakid","description":"Chcesz mie\u0107 zapas jedzenia, kt\u00f3ry zapewni bezpiecze\u0144stwo Tobie i Twojej rodzinie? Tygodniowy zestaw \u017cywno\u015bci z niezb\u0119dnymi akcesoriami. Dodaj tylko wod\u0119.","robots":{"index":"index","follow":"follow","max-snippet":"max-snippet:-1","max-image-preview":"max-image-preview:large","max-video-preview":"max-video-preview:-1"},"canonical":"https:\/\/toidupakk.ee\/pl\/toode\/zestaw-zywnosci-wyprawowej-i-kryzysowej-na-7-dni-z-miesem\/","og_locale":"pl_PL","og_type":"article","og_title":"Zestaw \u017cywno\u015bci wyprawowej i kryzysowej na 7 dni (z mi\u0119sem) - Toidupakk.ee - Tactical Foodpack toidupakid","og_description":"Chcesz mie\u0107 zapas jedzenia, kt\u00f3ry zapewni bezpiecze\u0144stwo Tobie i Twojej rodzinie? Tygodniowy zestaw \u017cywno\u015bci z niezb\u0119dnymi akcesoriami. Dodaj tylko wod\u0119.","og_url":"https:\/\/toidupakk.ee\/pl\/toode\/zestaw-zywnosci-wyprawowej-i-kryzysowej-na-7-dni-z-miesem\/","og_site_name":"Toidupakk.ee - Tactical Foodpack toidupakid","article_publisher":"https:\/\/www.facebook.com\/Toidupakk","article_modified_time":"2026-04-29T12:30:52+00:00","og_image":[{"width":1080,"height":1080,"url":"https:\/\/toidupakk.ee\/wp-content\/uploads\/2022\/06\/meki-2.png","type":"image\/png"}],"twitter_card":"summary_large_image","twitter_misc":{"Szacowany czas czytania":"2 minuty"},"schema":{"@context":"https:\/\/schema.org","@graph":[{"@type":"WebPage","@id":"https:\/\/toidupakk.ee\/pl\/toode\/zestaw-zywnosci-wyprawowej-i-kryzysowej-na-7-dni-z-miesem\/","url":"https:\/\/toidupakk.ee\/pl\/toode\/zestaw-zywnosci-wyprawowej-i-kryzysowej-na-7-dni-z-miesem\/","name":"Zestaw \u017cywno\u015bci wyprawowej i kryzysowej na 7 dni (z mi\u0119sem) - Toidupakk.ee - Tactical Foodpack toidupakid","isPartOf":{"@id":"https:\/\/toidupakk.ee\/pl\/#website"},"primaryImageOfPage":{"@id":"https:\/\/toidupakk.ee\/pl\/toode\/zestaw-zywnosci-wyprawowej-i-kryzysowej-na-7-dni-z-miesem\/#primaryimage"},"image":{"@id":"https:\/\/toidupakk.ee\/pl\/toode\/zestaw-zywnosci-wyprawowej-i-kryzysowej-na-7-dni-z-miesem\/#primaryimage"},"thumbnailUrl":"https:\/\/toidupakk.ee\/wp-content\/uploads\/2022\/06\/meki-2.png","datePublished":"2022-06-14T11:46:06+00:00","dateModified":"2026-04-29T12:30:52+00:00","description":"Chcesz mie\u0107 zapas jedzenia, kt\u00f3ry zapewni bezpiecze\u0144stwo Tobie i Twojej rodzinie? Tygodniowy zestaw \u017cywno\u015bci z niezb\u0119dnymi akcesoriami. Dodaj tylko wod\u0119.","breadcrumb":{"@id":"https:\/\/toidupakk.ee\/pl\/toode\/zestaw-zywnosci-wyprawowej-i-kryzysowej-na-7-dni-z-miesem\/#breadcrumb"},"inLanguage":"pl-PL","potentialAction":[{"@type":"ReadAction","target":["https:\/\/toidupakk.ee\/pl\/toode\/zestaw-zywnosci-wyprawowej-i-kryzysowej-na-7-dni-z-miesem\/"]}]},{"@type":"ImageObject","inLanguage":"pl-PL","@id":"https:\/\/toidupakk.ee\/pl\/toode\/zestaw-zywnosci-wyprawowej-i-kryzysowej-na-7-dni-z-miesem\/#primaryimage","url":"https:\/\/toidupakk.ee\/wp-content\/uploads\/2022\/06\/meki-2.png","contentUrl":"https:\/\/toidupakk.ee\/wp-content\/uploads\/2022\/06\/meki-2.png","width":1080,"height":1080},{"@type":"BreadcrumbList","@id":"https:\/\/toidupakk.ee\/pl\/toode\/zestaw-zywnosci-wyprawowej-i-kryzysowej-na-7-dni-z-miesem\/#breadcrumb","itemListElement":[{"@type":"ListItem","position":1,"name":"Avaleht","item":"https:\/\/toidupakk.ee\/pl\/"},{"@type":"ListItem","position":2,"name":"Sklep internetowy","item":"https:\/\/toidupakk.ee\/pl\/sklep-internetowy\/"},{"@type":"ListItem","position":3,"name":"Zestaw \u017cywno\u015bci wyprawowej i kryzysowej na 7 dni (z mi\u0119sem)"}]},{"@type":"WebSite","@id":"https:\/\/toidupakk.ee\/pl\/#website","url":"https:\/\/toidupakk.ee\/pl\/","name":"Toidupakk.ee - Tactical Foodpack toidupakid","description":"Tactical Foodpack k\u00fclmkuivatatud toidupakid ja matkaeined","publisher":{"@id":"https:\/\/toidupakk.ee\/pl\/#organization"},"potentialAction":[{"@type":"SearchAction","target":{"@type":"EntryPoint","urlTemplate":"https:\/\/toidupakk.ee\/pl\/?s={search_term_string}"},"query-input":{"@type":"PropertyValueSpecification","valueRequired":true,"valueName":"search_term_string"}}],"inLanguage":"pl-PL"},{"@type":"Organization","@id":"https:\/\/toidupakk.ee\/pl\/#organization","name":"Tactical Foodpack matkaeined","url":"https:\/\/toidupakk.ee\/pl\/","logo":{"@type":"ImageObject","inLanguage":"pl-PL","@id":"https:\/\/toidupakk.ee\/pl\/#\/schema\/logo\/image\/","url":"https:\/\/toidupakk.ee\/wp-content\/uploads\/2022\/01\/Toidupakk-matkapood-logo-transparent.png","contentUrl":"https:\/\/toidupakk.ee\/wp-content\/uploads\/2022\/01\/Toidupakk-matkapood-logo-transparent.png","width":500,"height":500,"caption":"Tactical Foodpack matkaeined"},"image":{"@id":"https:\/\/toidupakk.ee\/pl\/#\/schema\/logo\/image\/"},"sameAs":["https:\/\/www.facebook.com\/Toidupakk","https:\/\/www.instagram.com\/toidupakk\/"]}]}},"jetpack_sharing_enabled":true,"_links":{"self":[{"href":"https:\/\/toidupakk.ee\/pl\/wp-json\/wp\/v2\/product\/51552","targetHints":{"allow":["GET"]}}],"collection":[{"href":"https:\/\/toidupakk.ee\/pl\/wp-json\/wp\/v2\/product"}],"about":[{"href":"https:\/\/toidupakk.ee\/pl\/wp-json\/wp\/v2\/types\/product"}],"replies":[{"embeddable":true,"href":"https:\/\/toidupakk.ee\/pl\/wp-json\/wp\/v2\/comments?post=51552"}],"wp:featuredmedia":[{"embeddable":true,"href":"https:\/\/toidupakk.ee\/pl\/wp-json\/wp\/v2\/media\/54248"}],"wp:attachment":[{"href":"https:\/\/toidupakk.ee\/pl\/wp-json\/wp\/v2\/media?parent=51552"}],"wp:term":[{"taxonomy":"product_brand","embeddable":true,"href":"https:\/\/toidupakk.ee\/pl\/wp-json\/wp\/v2\/product_brand?post=51552"},{"taxonomy":"product_cat","embeddable":true,"href":"https:\/\/toidupakk.ee\/pl\/wp-json\/wp\/v2\/product_cat?post=51552"},{"taxonomy":"product_tag","embeddable":true,"href":"https:\/\/toidupakk.ee\/pl\/wp-json\/wp\/v2\/product_tag?post=51552"}],"curies":[{"name":"wp","href":"https:\/\/api.w.org\/{rel}","templated":true}]}}