{"id":51524,"date":"2022-06-28T16:26:01","date_gmt":"2022-06-28T13:26:01","guid":{"rendered":"https:\/\/toidupakk.ee\/toode\/zestaw-turystyczny-i-kryzysowy-na-7-dni-bez-miesa\/"},"modified":"2026-04-29T15:31:15","modified_gmt":"2026-04-29T12:31:15","slug":"zestaw-turystyczny-i-kryzysowy-na-7-dni-bez-miesa","status":"publish","type":"product","link":"https:\/\/toidupakk.ee\/pl\/toode\/zestaw-turystyczny-i-kryzysowy-na-7-dni-bez-miesa\/","title":{"rendered":"Zestaw turystyczny i kryzysowy na 7 dni (bez mi\u0119sa)"},"content":{"rendered":"<h1>Zestaw zapas\u00f3w \u017cywno\u015bci Meki \u2013 turystyczny i na 7 dni (kryzysowy) daje pewno\u015b\u0107<\/h1>\n<p>Gdy wybierasz si\u0119 za miasto na w\u0119dr\u00f3wk\u0119, ryby, polowanie lub gdy powalone przez wichur\u0119 drzewo blokuje drog\u0119 i nie mo\u017cesz wyj\u015b\u0107 z domu przez kilka dni, musisz by\u0107 gotowy. Turystyczny i 7-dniowy zestaw zapas\u00f3w \u017cywno\u015bci pozwala poczu\u0107 spok\u00f3j, wiedz\u0105c, \u017ce posi\u0142ki s\u0105 zapewnione na co najmniej ca\u0142y tydzie\u0144. Dodatkowo w zestawie znajdziesz akcesoria niezb\u0119dne do przygotowania jedzenia.  <\/p>\n<p>Je\u015bli trzymasz zestaw kryzysowy w schowku lub pod \u0142\u00f3\u017ckiem, masz zapewnione poczucie bezpiecze\u0144stwa na wypadek sytuacji awaryjnej. Zabieraj\u0105c zestaw na wypraw\u0119 lub wycieczk\u0119, r\u00f3wnie\u017c mo\u017cesz by\u0107 spokojny \u2013 przerwy na posi\u0142ek nie zajm\u0105 du\u017co czasu, dania przygotujesz tylko przy u\u017cyciu wody, a przedmioty potrzebne do jej podgrzania s\u0105 w komplecie. W obu przypadkach nie musisz si\u0119 martwi\u0107 o psucie si\u0119 \u017cywno\u015bci, poniewa\u017c wszystkie dania Meki i Tactical Foodpack s\u0105 przygotowane metod\u0105 liofilizacji.  <\/p>\n<p>&nbsp;<\/p>\n<h2>21 posi\u0142k\u00f3w i niezb\u0119dne dodatki<\/h2>\n<p>W zestawie znajdziesz idealny na wyprawy kubek ze stali nierdzewnej o pojemno\u015bci 500 ml do podgrzewania wody i jako naczynie do jedzenia. Do tego niezast\u0105piony przeno\u015bny podgrzewacz do da\u0144 i wody, pasuj\u0105ce do niego tabletki paliwowe (10 szt.) oraz zapa\u0142ki. <\/p>\n<p>21 pysznych posi\u0142k\u00f3w:<\/p>\n<ul>\n<li>Mango curry z warzywami 100 g \u2013 3 szt.<\/li>\n<li>Gryka z grzybami 100 g \u2013 2 szt.<\/li>\n<li>Ry\u017c z warzywami Nasi Goreng 100 g \u2013 3 szt.<\/li>\n<li>Curry z soczewicy 100 g \u2013 2 szt.<\/li>\n<li>Pomidorowa zupa z soczewicy 100 g \u2013 3 szt.<\/li>\n<li>Pasta Primavera 100 g \u2013 2 szt.<\/li>\n<li>Zupa krem z dyni z mleczkiem kokosowym 100 g \u2013 2 szt.<\/li>\n<li>Owsianka z mleczkiem kokosowym i jab\u0142kiem 110 g \u2013 2 szt.<\/li>\n<li>Zupa krem z groszku z mi\u0119t\u0105 70 g \u2013 2 szt.<\/li>\n<\/ul>\n<p>&nbsp;<\/p>\n<p>Akcesoria: zapa\u0142ki 1 kpl., tabletki paliwowe 2 kpl. * 10 szt., kubek stalowy 500 ml, przeno\u015bny podgrzewacz do \u017cywno\u015bci<\/p>\n<p><img fetchpriority=\"high\" decoding=\"async\" class=\"alignnone wp-image-2451 size-thumbnail\" src=\"https:\/\/toidupakk.ee\/wp-content\/uploads\/2022\/06\/Meki-komplekt-lihata-1-500x500.png\" alt=\"\" width=\"500\" height=\"500\" srcset=\"https:\/\/toidupakk.ee\/wp-content\/uploads\/2022\/06\/Meki-komplekt-lihata-1-500x500.png 500w, https:\/\/toidupakk.ee\/wp-content\/uploads\/2022\/06\/Meki-komplekt-lihata-1-400x400.png 400w, https:\/\/toidupakk.ee\/wp-content\/uploads\/2022\/06\/Meki-komplekt-lihata-1-100x100.png 100w, https:\/\/toidupakk.ee\/wp-content\/uploads\/2022\/06\/Meki-komplekt-lihata-1-800x800.png 800w, https:\/\/toidupakk.ee\/wp-content\/uploads\/2022\/06\/Meki-komplekt-lihata-1-300x300.png 300w, https:\/\/toidupakk.ee\/wp-content\/uploads\/2022\/06\/Meki-komplekt-lihata-1-1024x1024.png 1024w, https:\/\/toidupakk.ee\/wp-content\/uploads\/2022\/06\/Meki-komplekt-lihata-1-768x768.png 768w, https:\/\/toidupakk.ee\/wp-content\/uploads\/2022\/06\/Meki-komplekt-lihata-1.png 1080w\" sizes=\"(max-width: 500px) 100vw, 500px\" \/><\/p>\n<h3>Doznania smakowe nawet w nieoczekiwanej sytuacji<\/h3>\n<p>Zacznij poranek od owsianki. Pyszna owsianka z jab\u0142kami oraz wytrawne \u015bniadanie z jajkiem dadz\u0105 Ci odpowiedni \u0142adunek energii, dobry nastr\u00f3j i si\u0142\u0119 do kolejnych przyg\u00f3d. <\/p>\n<p>Obiad lub kolacj\u0119 mo\u017cesz zmieni\u0107 w kilkudaniowy posi\u0142ek, zaczynaj\u0105c od domowej solanki i przechodz\u0105c do wy\u015bmienitych da\u0144 g\u0142\u00f3wnych. Wyb\u00f3r jest du\u017cy i r\u00f3\u017cnorodny \u2013 znajdziesz tu smaki \u015bwiata, jak i domowe pur\u00e9e ziemniaczane. Wybierz tylko, od czego zaczniesz. <\/p>\n<p>&nbsp;<\/p>\n<h4>Spos\u00f3b u\u017cycia:<\/h4>\n<p>Najprostszy spos\u00f3b przygotowania<\/p>\n<ul>\n<li>dolej do opakowania odpowiedni\u0105 ilo\u015b\u0107 ciep\u0142ej wody<\/li>\n<li>dobrze wymieszaj<\/li>\n<li>zamknij opakowanie<\/li>\n<li>odczekaj 10 minut<\/li>\n<li>smacznego<\/li>\n<\/ul>\n<p>Je\u015bli nie masz pod r\u0119k\u0105 gor\u0105cej wody, wlej zimn\u0105 do kubka i postaw na ogniu, kt\u00f3ry wygodnie rozpalisz za pomoc\u0105 do\u0142\u0105czonego podgrzewacza, tabletek paliwowych i zapa\u0142ek. Tak przygotujesz szybki i smaczny posi\u0142ek wygodnie i w zaledwie 10 minut. <\/p>\n<p>&nbsp;<\/p>\n<p>B\u0105d\u017a przewiduj\u0105cy i przygotuj si\u0119 na wszelkie mo\u017cliwe i niemo\u017cliwe sytuacje z zestawami zapas\u00f3w \u017cywno\u015bci Toidupakk!<\/p>\n<p>&nbsp;<\/p>\n<p>Sprawd\u017a r\u00f3wnie\u017c inny niezb\u0119dny sprz\u0119t i naczynia turystyczne <a href=\"https:\/\/toidupakk.ee\/pl\/tootekategooria\/sprzet-turystyczny\/#section-3-79\">TUTAJ<\/a><\/p>\n<p>Zobacz wi\u0119cej \u017cywno\u015bci turystycznej <a href=\"\/?product_cat=snakk#section-3-79\">TUTAJ<\/a><\/p>\n<p>Znajd\u017a inspiracj\u0119 na kolejne przygody na <a href=\"https:\/\/www.instagram.com\/toidupakk\/\">Instagramie<\/a> i <a href=\"https:\/\/www.facebook.com\/Toidupakk\/\">Facebooku<\/a> Toidupakk.<\/p>\n","protected":false},"excerpt":{"rendered":"<ul>\n<li>7-dniowy zestaw zapas\u00f3w \u017cywno\u015bci wraz z niezb\u0119dnymi akcesoriami do przygotowania posi\u0142k\u00f3w.<\/li>\n<li>Dla jednej osoby na ca\u0142y tydzie\u0144 \/ dla 7 os\u00f3b na ca\u0142y dzie\u0144.<\/li>\n<li>Chcesz mie\u0107 zapas jedzenia, kt\u00f3ry zapewni Tobie i Twojej rodzinie poczucie bezpiecze\u0144stwa?<\/li>\n<li>Przechowuj w gara\u017cu, piwnicy, domku letniskowym, na \u0142odzi lub nawet pod \u0142\u00f3\u017ckiem.<\/li>\n<li>Zestaw zawiera 21 ciep\u0142ych posi\u0142k\u00f3w.<\/li>\n<li>Dodaj tylko wod\u0119.<\/li>\n<li>Dodatkowo w zestawie znajdziesz kubek ze stali nierdzewnej 500 ml do podgrzewania wody lub jako naczynie do jedzenia; przeno\u015bny podgrzewacz do da\u0144 i wody; pasuj\u0105ce do podgrzewacza tabletki paliwowe (10 szt.) oraz zapa\u0142ki.<\/li>\n<li>Dania przygotowano z domowych sk\u0142adnik\u00f3w.<\/li>\n<li>Produkty nie zawieraj\u0105 konserwant\u00f3w, poniewa\u017c s\u0105 liofilizowane.<\/li>\n<\/ul>\n<p>Waga netto: 2,09 kg<\/p>\n<p>Najlepiej spo\u017cy\u0107 przed: nieotwarte wiadro 8 lat, po otwarciu 2 lata od daty produkcji.<\/p>\n<p>\u015arednia dzienna kaloryczno\u015b\u0107 1493 kcal \/ \u0141\u0105czna kaloryczno\u015b\u0107 10 448 kcal<\/p>\n<p>\u2705 Dost\u0119pne w magazynie, szybka dostawa w 1-3 dni robocze<br \/>\n\u2705 Kup teraz, zap\u0142a\u0107 p\u00f3\u017aniej (RRSO 0%)<\/p>\n","protected":false},"featured_media":51535,"comment_status":"open","ping_status":"closed","template":"","meta":{"_acf_changed":false},"product_brand":[],"product_cat":[303,347,311,343,389,358,336,380],"product_tag":[],"class_list":{"0":"post-51524","1":"product","2":"type-product","3":"status-publish","4":"has-post-thumbnail","6":"product_cat-akcesoria-turystyczne","7":"product_cat-duze-zestawy-zapasow-zywnosci","8":"product_cat-praktyczne-pomysly-na-prezent","9":"product_cat-tygodniowe-zestawy-zapasow-zywnosci","10":"product_cat-tygodniowe-zestawy-zapasow-zywnosci-meki","11":"product_cat-zestawy-zapasow-zywnosci","12":"product_cat-zywnosc-turystyczna","13":"product_cat-zywnosc-turystyczna-meki","15":"first","16":"instock","17":"sale","18":"taxable","19":"shipping-taxable","20":"purchasable","21":"product-type-simple"},"bundled_by":[],"bundle_stock_status":"instock","bundle_stock_quantity":2,"bundle_virtual":false,"bundle_layout":"","bundle_add_to_cart_form_location":"","bundle_editable_in_cart":false,"bundle_sold_individually_context":"","bundle_item_grouping":"","bundle_min_size":"","bundle_max_size":"","bundle_price":[],"bundled_items":[],"bundle_sell_ids":[],"acf":[],"yoast_head":"<!-- This site is optimized with the Yoast SEO plugin v27.3 - https:\/\/yoast.com\/product\/yoast-seo-wordpress\/ -->\n<title>Zestaw turystyczny i kryzysowy na 7 dni (bez mi\u0119sa) - Toidupakk.ee - Tactical Foodpack toidupakid<\/title>\n<meta name=\"description\" content=\"Chcesz mie\u0107 w domu zapas \u017cywno\u015bci, kt\u00f3ry zapewni Tobie i Twojej rodzinie poczucie bezpiecze\u0144stwa? Bezmi\u0119sny tygodniowy zestaw zapas\u00f3w jedzenia wraz z niezb\u0119dnymi akcesoriami.\" \/>\n<meta name=\"robots\" content=\"index, follow, max-snippet:-1, max-image-preview:large, max-video-preview:-1\" \/>\n<link rel=\"canonical\" href=\"https:\/\/toidupakk.ee\/pl\/toode\/zestaw-turystyczny-i-kryzysowy-na-7-dni-bez-miesa\/\" \/>\n<meta property=\"og:locale\" content=\"pl_PL\" \/>\n<meta property=\"og:type\" content=\"article\" \/>\n<meta property=\"og:title\" content=\"Zestaw turystyczny i kryzysowy na 7 dni (bez mi\u0119sa) - Toidupakk.ee - Tactical Foodpack toidupakid\" \/>\n<meta property=\"og:description\" content=\"Chcesz mie\u0107 w domu zapas \u017cywno\u015bci, kt\u00f3ry zapewni Tobie i Twojej rodzinie poczucie bezpiecze\u0144stwa? Bezmi\u0119sny tygodniowy zestaw zapas\u00f3w jedzenia wraz z niezb\u0119dnymi akcesoriami.\" \/>\n<meta property=\"og:url\" content=\"https:\/\/toidupakk.ee\/pl\/toode\/zestaw-turystyczny-i-kryzysowy-na-7-dni-bez-miesa\/\" \/>\n<meta property=\"og:site_name\" content=\"Toidupakk.ee - Tactical Foodpack toidupakid\" \/>\n<meta property=\"article:publisher\" content=\"https:\/\/www.facebook.com\/Toidupakk\" \/>\n<meta property=\"article:modified_time\" content=\"2026-04-29T12:31:15+00:00\" \/>\n<meta property=\"og:image\" content=\"https:\/\/toidupakk.ee\/wp-content\/uploads\/2022\/06\/Meki-kriisi-toiduvaru-komplekt-2.png\" \/>\n\t<meta property=\"og:image:width\" content=\"1080\" \/>\n\t<meta property=\"og:image:height\" content=\"1080\" \/>\n\t<meta property=\"og:image:type\" content=\"image\/png\" \/>\n<meta name=\"twitter:card\" content=\"summary_large_image\" \/>\n<meta name=\"twitter:label1\" content=\"Szacowany czas czytania\" \/>\n\t<meta name=\"twitter:data1\" content=\"2 minuty\" \/>\n<script type=\"application\/ld+json\" class=\"yoast-schema-graph\">{\"@context\":\"https:\\\/\\\/schema.org\",\"@graph\":[{\"@type\":\"WebPage\",\"@id\":\"https:\\\/\\\/toidupakk.ee\\\/pl\\\/toode\\\/zestaw-turystyczny-i-kryzysowy-na-7-dni-bez-miesa\\\/\",\"url\":\"https:\\\/\\\/toidupakk.ee\\\/pl\\\/toode\\\/zestaw-turystyczny-i-kryzysowy-na-7-dni-bez-miesa\\\/\",\"name\":\"Zestaw turystyczny i kryzysowy na 7 dni (bez mi\u0119sa) - Toidupakk.ee - Tactical Foodpack toidupakid\",\"isPartOf\":{\"@id\":\"https:\\\/\\\/toidupakk.ee\\\/pl\\\/#website\"},\"primaryImageOfPage\":{\"@id\":\"https:\\\/\\\/toidupakk.ee\\\/pl\\\/toode\\\/zestaw-turystyczny-i-kryzysowy-na-7-dni-bez-miesa\\\/#primaryimage\"},\"image\":{\"@id\":\"https:\\\/\\\/toidupakk.ee\\\/pl\\\/toode\\\/zestaw-turystyczny-i-kryzysowy-na-7-dni-bez-miesa\\\/#primaryimage\"},\"thumbnailUrl\":\"https:\\\/\\\/toidupakk.ee\\\/wp-content\\\/uploads\\\/2022\\\/06\\\/Meki-kriisi-toiduvaru-komplekt-2.png\",\"datePublished\":\"2022-06-28T13:26:01+00:00\",\"dateModified\":\"2026-04-29T12:31:15+00:00\",\"description\":\"Chcesz mie\u0107 w domu zapas \u017cywno\u015bci, kt\u00f3ry zapewni Tobie i Twojej rodzinie poczucie bezpiecze\u0144stwa? Bezmi\u0119sny tygodniowy zestaw zapas\u00f3w jedzenia wraz z niezb\u0119dnymi akcesoriami.\",\"breadcrumb\":{\"@id\":\"https:\\\/\\\/toidupakk.ee\\\/pl\\\/toode\\\/zestaw-turystyczny-i-kryzysowy-na-7-dni-bez-miesa\\\/#breadcrumb\"},\"inLanguage\":\"pl-PL\",\"potentialAction\":[{\"@type\":\"ReadAction\",\"target\":[\"https:\\\/\\\/toidupakk.ee\\\/pl\\\/toode\\\/zestaw-turystyczny-i-kryzysowy-na-7-dni-bez-miesa\\\/\"]}]},{\"@type\":\"ImageObject\",\"inLanguage\":\"pl-PL\",\"@id\":\"https:\\\/\\\/toidupakk.ee\\\/pl\\\/toode\\\/zestaw-turystyczny-i-kryzysowy-na-7-dni-bez-miesa\\\/#primaryimage\",\"url\":\"https:\\\/\\\/toidupakk.ee\\\/wp-content\\\/uploads\\\/2022\\\/06\\\/Meki-kriisi-toiduvaru-komplekt-2.png\",\"contentUrl\":\"https:\\\/\\\/toidupakk.ee\\\/wp-content\\\/uploads\\\/2022\\\/06\\\/Meki-kriisi-toiduvaru-komplekt-2.png\",\"width\":1080,\"height\":1080,\"caption\":\"Zestaw \u017cywno\u015bci kryzysowej ro\u015blinny\"},{\"@type\":\"BreadcrumbList\",\"@id\":\"https:\\\/\\\/toidupakk.ee\\\/pl\\\/toode\\\/zestaw-turystyczny-i-kryzysowy-na-7-dni-bez-miesa\\\/#breadcrumb\",\"itemListElement\":[{\"@type\":\"ListItem\",\"position\":1,\"name\":\"Avaleht\",\"item\":\"https:\\\/\\\/toidupakk.ee\\\/pl\\\/\"},{\"@type\":\"ListItem\",\"position\":2,\"name\":\"Sklep internetowy\",\"item\":\"https:\\\/\\\/toidupakk.ee\\\/pl\\\/sklep-internetowy\\\/\"},{\"@type\":\"ListItem\",\"position\":3,\"name\":\"Zestaw turystyczny i kryzysowy na 7 dni (bez mi\u0119sa)\"}]},{\"@type\":\"WebSite\",\"@id\":\"https:\\\/\\\/toidupakk.ee\\\/pl\\\/#website\",\"url\":\"https:\\\/\\\/toidupakk.ee\\\/pl\\\/\",\"name\":\"Toidupakk.ee - Tactical Foodpack toidupakid\",\"description\":\"Tactical Foodpack k\u00fclmkuivatatud toidupakid ja matkaeined\",\"publisher\":{\"@id\":\"https:\\\/\\\/toidupakk.ee\\\/pl\\\/#organization\"},\"potentialAction\":[{\"@type\":\"SearchAction\",\"target\":{\"@type\":\"EntryPoint\",\"urlTemplate\":\"https:\\\/\\\/toidupakk.ee\\\/pl\\\/?s={search_term_string}\"},\"query-input\":{\"@type\":\"PropertyValueSpecification\",\"valueRequired\":true,\"valueName\":\"search_term_string\"}}],\"inLanguage\":\"pl-PL\"},{\"@type\":\"Organization\",\"@id\":\"https:\\\/\\\/toidupakk.ee\\\/pl\\\/#organization\",\"name\":\"Tactical Foodpack matkaeined\",\"url\":\"https:\\\/\\\/toidupakk.ee\\\/pl\\\/\",\"logo\":{\"@type\":\"ImageObject\",\"inLanguage\":\"pl-PL\",\"@id\":\"https:\\\/\\\/toidupakk.ee\\\/pl\\\/#\\\/schema\\\/logo\\\/image\\\/\",\"url\":\"https:\\\/\\\/toidupakk.ee\\\/wp-content\\\/uploads\\\/2022\\\/01\\\/Toidupakk-matkapood-logo-transparent.png\",\"contentUrl\":\"https:\\\/\\\/toidupakk.ee\\\/wp-content\\\/uploads\\\/2022\\\/01\\\/Toidupakk-matkapood-logo-transparent.png\",\"width\":500,\"height\":500,\"caption\":\"Tactical Foodpack matkaeined\"},\"image\":{\"@id\":\"https:\\\/\\\/toidupakk.ee\\\/pl\\\/#\\\/schema\\\/logo\\\/image\\\/\"},\"sameAs\":[\"https:\\\/\\\/www.facebook.com\\\/Toidupakk\",\"https:\\\/\\\/www.instagram.com\\\/toidupakk\\\/\"]}]}<\/script>\n<!-- \/ Yoast SEO plugin. -->","yoast_head_json":{"title":"Zestaw turystyczny i kryzysowy na 7 dni (bez mi\u0119sa) - Toidupakk.ee - Tactical Foodpack toidupakid","description":"Chcesz mie\u0107 w domu zapas \u017cywno\u015bci, kt\u00f3ry zapewni Tobie i Twojej rodzinie poczucie bezpiecze\u0144stwa? Bezmi\u0119sny tygodniowy zestaw zapas\u00f3w jedzenia wraz z niezb\u0119dnymi akcesoriami.","robots":{"index":"index","follow":"follow","max-snippet":"max-snippet:-1","max-image-preview":"max-image-preview:large","max-video-preview":"max-video-preview:-1"},"canonical":"https:\/\/toidupakk.ee\/pl\/toode\/zestaw-turystyczny-i-kryzysowy-na-7-dni-bez-miesa\/","og_locale":"pl_PL","og_type":"article","og_title":"Zestaw turystyczny i kryzysowy na 7 dni (bez mi\u0119sa) - Toidupakk.ee - Tactical Foodpack toidupakid","og_description":"Chcesz mie\u0107 w domu zapas \u017cywno\u015bci, kt\u00f3ry zapewni Tobie i Twojej rodzinie poczucie bezpiecze\u0144stwa? Bezmi\u0119sny tygodniowy zestaw zapas\u00f3w jedzenia wraz z niezb\u0119dnymi akcesoriami.","og_url":"https:\/\/toidupakk.ee\/pl\/toode\/zestaw-turystyczny-i-kryzysowy-na-7-dni-bez-miesa\/","og_site_name":"Toidupakk.ee - Tactical Foodpack toidupakid","article_publisher":"https:\/\/www.facebook.com\/Toidupakk","article_modified_time":"2026-04-29T12:31:15+00:00","og_image":[{"width":1080,"height":1080,"url":"https:\/\/toidupakk.ee\/wp-content\/uploads\/2022\/06\/Meki-kriisi-toiduvaru-komplekt-2.png","type":"image\/png"}],"twitter_card":"summary_large_image","twitter_misc":{"Szacowany czas czytania":"2 minuty"},"schema":{"@context":"https:\/\/schema.org","@graph":[{"@type":"WebPage","@id":"https:\/\/toidupakk.ee\/pl\/toode\/zestaw-turystyczny-i-kryzysowy-na-7-dni-bez-miesa\/","url":"https:\/\/toidupakk.ee\/pl\/toode\/zestaw-turystyczny-i-kryzysowy-na-7-dni-bez-miesa\/","name":"Zestaw turystyczny i kryzysowy na 7 dni (bez mi\u0119sa) - Toidupakk.ee - Tactical Foodpack toidupakid","isPartOf":{"@id":"https:\/\/toidupakk.ee\/pl\/#website"},"primaryImageOfPage":{"@id":"https:\/\/toidupakk.ee\/pl\/toode\/zestaw-turystyczny-i-kryzysowy-na-7-dni-bez-miesa\/#primaryimage"},"image":{"@id":"https:\/\/toidupakk.ee\/pl\/toode\/zestaw-turystyczny-i-kryzysowy-na-7-dni-bez-miesa\/#primaryimage"},"thumbnailUrl":"https:\/\/toidupakk.ee\/wp-content\/uploads\/2022\/06\/Meki-kriisi-toiduvaru-komplekt-2.png","datePublished":"2022-06-28T13:26:01+00:00","dateModified":"2026-04-29T12:31:15+00:00","description":"Chcesz mie\u0107 w domu zapas \u017cywno\u015bci, kt\u00f3ry zapewni Tobie i Twojej rodzinie poczucie bezpiecze\u0144stwa? Bezmi\u0119sny tygodniowy zestaw zapas\u00f3w jedzenia wraz z niezb\u0119dnymi akcesoriami.","breadcrumb":{"@id":"https:\/\/toidupakk.ee\/pl\/toode\/zestaw-turystyczny-i-kryzysowy-na-7-dni-bez-miesa\/#breadcrumb"},"inLanguage":"pl-PL","potentialAction":[{"@type":"ReadAction","target":["https:\/\/toidupakk.ee\/pl\/toode\/zestaw-turystyczny-i-kryzysowy-na-7-dni-bez-miesa\/"]}]},{"@type":"ImageObject","inLanguage":"pl-PL","@id":"https:\/\/toidupakk.ee\/pl\/toode\/zestaw-turystyczny-i-kryzysowy-na-7-dni-bez-miesa\/#primaryimage","url":"https:\/\/toidupakk.ee\/wp-content\/uploads\/2022\/06\/Meki-kriisi-toiduvaru-komplekt-2.png","contentUrl":"https:\/\/toidupakk.ee\/wp-content\/uploads\/2022\/06\/Meki-kriisi-toiduvaru-komplekt-2.png","width":1080,"height":1080,"caption":"Zestaw \u017cywno\u015bci kryzysowej ro\u015blinny"},{"@type":"BreadcrumbList","@id":"https:\/\/toidupakk.ee\/pl\/toode\/zestaw-turystyczny-i-kryzysowy-na-7-dni-bez-miesa\/#breadcrumb","itemListElement":[{"@type":"ListItem","position":1,"name":"Avaleht","item":"https:\/\/toidupakk.ee\/pl\/"},{"@type":"ListItem","position":2,"name":"Sklep internetowy","item":"https:\/\/toidupakk.ee\/pl\/sklep-internetowy\/"},{"@type":"ListItem","position":3,"name":"Zestaw turystyczny i kryzysowy na 7 dni (bez mi\u0119sa)"}]},{"@type":"WebSite","@id":"https:\/\/toidupakk.ee\/pl\/#website","url":"https:\/\/toidupakk.ee\/pl\/","name":"Toidupakk.ee - Tactical Foodpack toidupakid","description":"Tactical Foodpack k\u00fclmkuivatatud toidupakid ja matkaeined","publisher":{"@id":"https:\/\/toidupakk.ee\/pl\/#organization"},"potentialAction":[{"@type":"SearchAction","target":{"@type":"EntryPoint","urlTemplate":"https:\/\/toidupakk.ee\/pl\/?s={search_term_string}"},"query-input":{"@type":"PropertyValueSpecification","valueRequired":true,"valueName":"search_term_string"}}],"inLanguage":"pl-PL"},{"@type":"Organization","@id":"https:\/\/toidupakk.ee\/pl\/#organization","name":"Tactical Foodpack matkaeined","url":"https:\/\/toidupakk.ee\/pl\/","logo":{"@type":"ImageObject","inLanguage":"pl-PL","@id":"https:\/\/toidupakk.ee\/pl\/#\/schema\/logo\/image\/","url":"https:\/\/toidupakk.ee\/wp-content\/uploads\/2022\/01\/Toidupakk-matkapood-logo-transparent.png","contentUrl":"https:\/\/toidupakk.ee\/wp-content\/uploads\/2022\/01\/Toidupakk-matkapood-logo-transparent.png","width":500,"height":500,"caption":"Tactical Foodpack matkaeined"},"image":{"@id":"https:\/\/toidupakk.ee\/pl\/#\/schema\/logo\/image\/"},"sameAs":["https:\/\/www.facebook.com\/Toidupakk","https:\/\/www.instagram.com\/toidupakk\/"]}]}},"jetpack_sharing_enabled":true,"_links":{"self":[{"href":"https:\/\/toidupakk.ee\/pl\/wp-json\/wp\/v2\/product\/51524","targetHints":{"allow":["GET"]}}],"collection":[{"href":"https:\/\/toidupakk.ee\/pl\/wp-json\/wp\/v2\/product"}],"about":[{"href":"https:\/\/toidupakk.ee\/pl\/wp-json\/wp\/v2\/types\/product"}],"replies":[{"embeddable":true,"href":"https:\/\/toidupakk.ee\/pl\/wp-json\/wp\/v2\/comments?post=51524"}],"wp:featuredmedia":[{"embeddable":true,"href":"https:\/\/toidupakk.ee\/pl\/wp-json\/wp\/v2\/media\/51535"}],"wp:attachment":[{"href":"https:\/\/toidupakk.ee\/pl\/wp-json\/wp\/v2\/media?parent=51524"}],"wp:term":[{"taxonomy":"product_brand","embeddable":true,"href":"https:\/\/toidupakk.ee\/pl\/wp-json\/wp\/v2\/product_brand?post=51524"},{"taxonomy":"product_cat","embeddable":true,"href":"https:\/\/toidupakk.ee\/pl\/wp-json\/wp\/v2\/product_cat?post=51524"},{"taxonomy":"product_tag","embeddable":true,"href":"https:\/\/toidupakk.ee\/pl\/wp-json\/wp\/v2\/product_tag?post=51524"}],"curies":[{"name":"wp","href":"https:\/\/api.w.org\/{rel}","templated":true}]}}