{"id":51519,"date":"2022-07-19T15:50:09","date_gmt":"2022-07-19T12:50:09","guid":{"rendered":"https:\/\/toidupakk.ee\/toode\/termos-mil-tec-1-l\/"},"modified":"2026-04-21T12:00:43","modified_gmt":"2026-04-21T09:00:43","slug":"termos-mil-tec-1-l","status":"publish","type":"product","link":"https:\/\/toidupakk.ee\/pl\/toode\/termos-mil-tec-1-l\/","title":{"rendered":"Termos MIL-TEC 1 l"},"content":{"rendered":"<h1>Termos, kt\u00f3ry tak \u0142atwo si\u0119 nie st\u0142ucze<\/h1>\n<p>Termos Mil-Tec zosta\u0142 zaprojektowany z my\u015bl\u0105 o ekstremalnych warunkach. Ta niet\u0142uk\u0105ca si\u0119 butelka termiczna o g\u0142adkiej powierzchni to najlepszy towarzysz dla os\u00f3b w ruchu, tam gdzie termos mo\u017ce upa\u015b\u0107. Wiele termos\u00f3w ma szklany wk\u0142ad, kt\u00f3ry mo\u017ce p\u0119kn\u0105\u0107 nawet przy lekkim uderzeniu i przesta\u0107 trzyma\u0107 ciep\u0142o. Z metalowym termosem Mil-Tec nie masz tego problemu \u2013 mo\u017cesz go bez obaw odk\u0142ada\u0107 nawet na twarde pod\u0142o\u017ce.   <\/p>\n<h2>Termos pr\u00f3\u017cniowy MIL-TEC<\/h2>\n<p>Czym w\u0142a\u015bciwie jest termos pr\u00f3\u017cniowy? Jego dzia\u0142anie opiera si\u0119 na konstrukcji dw\u00f3ch \u015bcianek, mi\u0119dzy kt\u00f3rymi znajduje si\u0119 pr\u00f3\u017cnia. Minimalizuje ona wymian\u0119 ciep\u0142a, dzi\u0119ki czemu nap\u00f3j utrzymuje temperatur\u0119 znacznie d\u0142u\u017cej. Dodatkowo technologia ta zapobiega skraplaniu si\u0119 pary na zewn\u0119trznej \u015bciance przy przechowywaniu zimnych p\u0142yn\u00f3w.    <\/p>\n<p><img fetchpriority=\"high\" decoding=\"async\" class=\"size-medium wp-image-2790 alignright\" src=\"https:\/\/toidupakk.ee\/wp-content\/uploads\/2022\/06\/termos-MIL-TEC-1l-1-300x300.png\" alt=\"termos aluminiowy\" width=\"300\" height=\"300\" srcset=\"https:\/\/toidupakk.ee\/wp-content\/uploads\/2022\/06\/termos-MIL-TEC-1l-1-300x300.png 300w, https:\/\/toidupakk.ee\/wp-content\/uploads\/2022\/06\/termos-MIL-TEC-1l-1-400x400.png 400w, https:\/\/toidupakk.ee\/wp-content\/uploads\/2022\/06\/termos-MIL-TEC-1l-1-100x100.png 100w, https:\/\/toidupakk.ee\/wp-content\/uploads\/2022\/06\/termos-MIL-TEC-1l-1-800x800.png 800w, https:\/\/toidupakk.ee\/wp-content\/uploads\/2022\/06\/termos-MIL-TEC-1l-1-1024x1024.png 1024w, https:\/\/toidupakk.ee\/wp-content\/uploads\/2022\/06\/termos-MIL-TEC-1l-1-500x500.png 500w, https:\/\/toidupakk.ee\/wp-content\/uploads\/2022\/06\/termos-MIL-TEC-1l-1-768x768.png 768w, https:\/\/toidupakk.ee\/wp-content\/uploads\/2022\/06\/termos-MIL-TEC-1l-1.png 1080w\" sizes=\"(max-width: 300px) 100vw, 300px\" \/><\/p>\n<h2>Wygodny i praktyczny termos<\/h2>\n<p>Termos Mil-Tec obs\u0142u\u017cysz wygodnie nawet jedn\u0105 r\u0119k\u0105. Posiada szybki i praktyczny system otwierania i zamykania oraz szeroki otw\u00f3r u\u0142atwiaj\u0105cy czyszczenie. Nakr\u0119tka ma odpowiedni rozmiar i wygodnie si\u0119 z niej pije. Po zamkni\u0119ciu tworzy szczeln\u0105 barier\u0119, zapobiegaj\u0105c wyciekom i utrzymuj\u0105c temperatur\u0119 \u2013 w pr\u00f3\u017cni p\u0142yn nie traci ciep\u0142a ani si\u0119 nie nagrzewa. Skutecznie trzyma temperatur\u0119 gor\u0105cych i zimnych napoj\u00f3w. Zabierz ze sob\u0105 zup\u0119, kaw\u0119, herbat\u0119 czy mro\u017cony nap\u00f3j \u2013 co tylko chcesz! To idealna butelka do auta, torby do pracy czy na wypraw\u0119.       <\/p>\n<p>&nbsp;<\/p>\n<p>Zobacz wi\u0119cej akcesori\u00f3w turystycznych <a href=\"https:\/\/toidupakk.ee\/pl\/tootekategooria\/sprzet-turystyczny\/#section-3-79\">TUTAJ<\/a><\/p>\n<p>Zobacz wi\u0119cej \u017cywno\u015bci turystycznej <a href=\"\/?product_cat=snakk#section-3-79\">TUTAJ<\/a><\/p>\n<p>Znajd\u017a inspiracj\u0119 na kolejne przygody na <a href=\"https:\/\/www.instagram.com\/toidupakk\/\">Instagramie<\/a> i <a href=\"https:\/\/www.facebook.com\/Toidupakk\/\">Facebooku<\/a> Toidupakk.<\/p>\n","protected":false},"excerpt":{"rendered":"<ul>\n<li>Ciesz si\u0119 ciep\u0142ym napojem nawet wiele godzin po wyj\u015bciu z domu.<\/li>\n<li>W upalne dni utrzyma nisk\u0105 temperatur\u0119 napoju przez d\u0142ugi czas.<\/li>\n<li>Termos pr\u00f3\u017cniowy MIL-TEC dzi\u0119ki technologii pr\u00f3\u017cniowej d\u0142u\u017cej utrzymuje po\u017c\u0105dan\u0105 temperatur\u0119 p\u0142ynu.<\/li>\n<li>Wytrzyma\u0142y termos z wysokiej jako\u015bci stali nierdzewnej.<\/li>\n<li>Pojemno\u015b\u0107: 1 litr<\/li>\n<li>Waga: 480 g<\/li>\n<li>Wysoko\u015b\u0107: 32 cm<\/li>\n<li>\u015arednica: 8 cm<\/li>\n<\/ul>\n<p>\u2705 Dost\u0119pne w magazynie, szybka dostawa w 1\u20133 dni robocze<\/p>\n","protected":false},"featured_media":2792,"comment_status":"open","ping_status":"closed","template":"","meta":{"_acf_changed":false},"product_brand":[],"product_cat":[303,317,311,326,301,308,304],"product_tag":[],"class_list":{"0":"post-51519","1":"product","2":"type-product","3":"status-publish","4":"has-post-thumbnail","6":"product_cat-akcesoria-turystyczne","7":"product_cat-mil-tec","8":"product_cat-praktyczne-pomysly-na-prezent","9":"product_cat-produkty-zimowe","10":"product_cat-sprzet-turystyczny","11":"product_cat-termosy-i-butelki","12":"product_cat-wyposazenie-militarne","14":"first","15":"instock","16":"taxable","17":"shipping-taxable","18":"purchasable","19":"product-type-simple"},"bundled_by":[],"bundle_stock_status":"instock","bundle_stock_quantity":2,"bundle_virtual":false,"bundle_layout":"","bundle_add_to_cart_form_location":"","bundle_editable_in_cart":false,"bundle_sold_individually_context":"","bundle_item_grouping":"","bundle_min_size":"","bundle_max_size":"","bundle_price":[],"bundled_items":[],"bundle_sell_ids":[],"acf":[],"yoast_head":"<!-- This site is optimized with the Yoast SEO plugin v27.3 - https:\/\/yoast.com\/product\/yoast-seo-wordpress\/ -->\n<title>Termos MIL-TEC 1 l<\/title>\n<meta name=\"description\" content=\"Termos z wysokiej jako\u015bci stali nierdzewnej. Wytrzyma\u0142y termos pr\u00f3\u017cniowy MIL-TEC\u00ae do przenoszenia zar\u00f3wno gor\u0105cych, jak i zimnych napoj\u00f3w. Kolor oliwkowy.\" \/>\n<meta name=\"robots\" content=\"index, follow, max-snippet:-1, max-image-preview:large, max-video-preview:-1\" \/>\n<link rel=\"canonical\" href=\"https:\/\/toidupakk.ee\/pl\/toode\/termos-mil-tec-1-l\/\" \/>\n<meta property=\"og:locale\" content=\"pl_PL\" \/>\n<meta property=\"og:type\" content=\"article\" \/>\n<meta property=\"og:title\" content=\"Termos MIL-TEC 1 l\" \/>\n<meta property=\"og:description\" content=\"Termos z wysokiej jako\u015bci stali nierdzewnej. Wytrzyma\u0142y termos pr\u00f3\u017cniowy MIL-TEC\u00ae do przenoszenia zar\u00f3wno gor\u0105cych, jak i zimnych napoj\u00f3w. Kolor oliwkowy.\" \/>\n<meta property=\"og:url\" content=\"https:\/\/toidupakk.ee\/pl\/toode\/termos-mil-tec-1-l\/\" \/>\n<meta property=\"og:site_name\" content=\"Toidupakk.ee - Tactical Foodpack toidupakid\" \/>\n<meta property=\"article:publisher\" content=\"https:\/\/www.facebook.com\/Toidupakk\" \/>\n<meta property=\"article:modified_time\" content=\"2026-04-21T09:00:43+00:00\" \/>\n<meta property=\"og:image\" content=\"https:\/\/toidupakk.ee\/wp-content\/uploads\/2022\/06\/termos-MIL-TEC-1l-3.png\" \/>\n\t<meta property=\"og:image:width\" content=\"1080\" \/>\n\t<meta property=\"og:image:height\" content=\"1080\" \/>\n\t<meta property=\"og:image:type\" content=\"image\/png\" \/>\n<meta name=\"twitter:card\" content=\"summary_large_image\" \/>\n<meta name=\"twitter:label1\" content=\"Szacowany czas czytania\" \/>\n\t<meta name=\"twitter:data1\" content=\"1 minuta\" \/>\n<script type=\"application\/ld+json\" class=\"yoast-schema-graph\">{\"@context\":\"https:\\\/\\\/schema.org\",\"@graph\":[{\"@type\":\"WebPage\",\"@id\":\"https:\\\/\\\/toidupakk.ee\\\/pl\\\/toode\\\/termos-mil-tec-1-l\\\/\",\"url\":\"https:\\\/\\\/toidupakk.ee\\\/pl\\\/toode\\\/termos-mil-tec-1-l\\\/\",\"name\":\"Termos MIL-TEC 1 l\",\"isPartOf\":{\"@id\":\"https:\\\/\\\/toidupakk.ee\\\/pl\\\/#website\"},\"primaryImageOfPage\":{\"@id\":\"https:\\\/\\\/toidupakk.ee\\\/pl\\\/toode\\\/termos-mil-tec-1-l\\\/#primaryimage\"},\"image\":{\"@id\":\"https:\\\/\\\/toidupakk.ee\\\/pl\\\/toode\\\/termos-mil-tec-1-l\\\/#primaryimage\"},\"thumbnailUrl\":\"https:\\\/\\\/toidupakk.ee\\\/wp-content\\\/uploads\\\/2022\\\/06\\\/termos-MIL-TEC-1l-3.png\",\"datePublished\":\"2022-07-19T12:50:09+00:00\",\"dateModified\":\"2026-04-21T09:00:43+00:00\",\"description\":\"Termos z wysokiej jako\u015bci stali nierdzewnej. Wytrzyma\u0142y termos pr\u00f3\u017cniowy MIL-TEC\u00ae do przenoszenia zar\u00f3wno gor\u0105cych, jak i zimnych napoj\u00f3w. Kolor oliwkowy.\",\"breadcrumb\":{\"@id\":\"https:\\\/\\\/toidupakk.ee\\\/pl\\\/toode\\\/termos-mil-tec-1-l\\\/#breadcrumb\"},\"inLanguage\":\"pl-PL\",\"potentialAction\":[{\"@type\":\"ReadAction\",\"target\":[\"https:\\\/\\\/toidupakk.ee\\\/pl\\\/toode\\\/termos-mil-tec-1-l\\\/\"]}]},{\"@type\":\"ImageObject\",\"inLanguage\":\"pl-PL\",\"@id\":\"https:\\\/\\\/toidupakk.ee\\\/pl\\\/toode\\\/termos-mil-tec-1-l\\\/#primaryimage\",\"url\":\"https:\\\/\\\/toidupakk.ee\\\/wp-content\\\/uploads\\\/2022\\\/06\\\/termos-MIL-TEC-1l-3.png\",\"contentUrl\":\"https:\\\/\\\/toidupakk.ee\\\/wp-content\\\/uploads\\\/2022\\\/06\\\/termos-MIL-TEC-1l-3.png\",\"width\":1080,\"height\":1080,\"caption\":\"termose komplekt\"},{\"@type\":\"BreadcrumbList\",\"@id\":\"https:\\\/\\\/toidupakk.ee\\\/pl\\\/toode\\\/termos-mil-tec-1-l\\\/#breadcrumb\",\"itemListElement\":[{\"@type\":\"ListItem\",\"position\":1,\"name\":\"Avaleht\",\"item\":\"https:\\\/\\\/toidupakk.ee\\\/pl\\\/\"},{\"@type\":\"ListItem\",\"position\":2,\"name\":\"Sklep internetowy\",\"item\":\"https:\\\/\\\/toidupakk.ee\\\/pl\\\/sklep-internetowy\\\/\"},{\"@type\":\"ListItem\",\"position\":3,\"name\":\"Termos MIL-TEC 1 l\"}]},{\"@type\":\"WebSite\",\"@id\":\"https:\\\/\\\/toidupakk.ee\\\/pl\\\/#website\",\"url\":\"https:\\\/\\\/toidupakk.ee\\\/pl\\\/\",\"name\":\"Toidupakk.ee - Tactical Foodpack toidupakid\",\"description\":\"Tactical Foodpack k\u00fclmkuivatatud toidupakid ja matkaeined\",\"publisher\":{\"@id\":\"https:\\\/\\\/toidupakk.ee\\\/pl\\\/#organization\"},\"potentialAction\":[{\"@type\":\"SearchAction\",\"target\":{\"@type\":\"EntryPoint\",\"urlTemplate\":\"https:\\\/\\\/toidupakk.ee\\\/pl\\\/?s={search_term_string}\"},\"query-input\":{\"@type\":\"PropertyValueSpecification\",\"valueRequired\":true,\"valueName\":\"search_term_string\"}}],\"inLanguage\":\"pl-PL\"},{\"@type\":\"Organization\",\"@id\":\"https:\\\/\\\/toidupakk.ee\\\/pl\\\/#organization\",\"name\":\"Tactical Foodpack matkaeined\",\"url\":\"https:\\\/\\\/toidupakk.ee\\\/pl\\\/\",\"logo\":{\"@type\":\"ImageObject\",\"inLanguage\":\"pl-PL\",\"@id\":\"https:\\\/\\\/toidupakk.ee\\\/pl\\\/#\\\/schema\\\/logo\\\/image\\\/\",\"url\":\"https:\\\/\\\/toidupakk.ee\\\/wp-content\\\/uploads\\\/2022\\\/01\\\/Toidupakk-matkapood-logo-transparent.png\",\"contentUrl\":\"https:\\\/\\\/toidupakk.ee\\\/wp-content\\\/uploads\\\/2022\\\/01\\\/Toidupakk-matkapood-logo-transparent.png\",\"width\":500,\"height\":500,\"caption\":\"Tactical Foodpack matkaeined\"},\"image\":{\"@id\":\"https:\\\/\\\/toidupakk.ee\\\/pl\\\/#\\\/schema\\\/logo\\\/image\\\/\"},\"sameAs\":[\"https:\\\/\\\/www.facebook.com\\\/Toidupakk\",\"https:\\\/\\\/www.instagram.com\\\/toidupakk\\\/\"]}]}<\/script>\n<!-- \/ Yoast SEO plugin. -->","yoast_head_json":{"title":"Termos MIL-TEC 1 l","description":"Termos z wysokiej jako\u015bci stali nierdzewnej. Wytrzyma\u0142y termos pr\u00f3\u017cniowy MIL-TEC\u00ae do przenoszenia zar\u00f3wno gor\u0105cych, jak i zimnych napoj\u00f3w. Kolor oliwkowy.","robots":{"index":"index","follow":"follow","max-snippet":"max-snippet:-1","max-image-preview":"max-image-preview:large","max-video-preview":"max-video-preview:-1"},"canonical":"https:\/\/toidupakk.ee\/pl\/toode\/termos-mil-tec-1-l\/","og_locale":"pl_PL","og_type":"article","og_title":"Termos MIL-TEC 1 l","og_description":"Termos z wysokiej jako\u015bci stali nierdzewnej. Wytrzyma\u0142y termos pr\u00f3\u017cniowy MIL-TEC\u00ae do przenoszenia zar\u00f3wno gor\u0105cych, jak i zimnych napoj\u00f3w. Kolor oliwkowy.","og_url":"https:\/\/toidupakk.ee\/pl\/toode\/termos-mil-tec-1-l\/","og_site_name":"Toidupakk.ee - Tactical Foodpack toidupakid","article_publisher":"https:\/\/www.facebook.com\/Toidupakk","article_modified_time":"2026-04-21T09:00:43+00:00","og_image":[{"width":1080,"height":1080,"url":"https:\/\/toidupakk.ee\/wp-content\/uploads\/2022\/06\/termos-MIL-TEC-1l-3.png","type":"image\/png"}],"twitter_card":"summary_large_image","twitter_misc":{"Szacowany czas czytania":"1 minuta"},"schema":{"@context":"https:\/\/schema.org","@graph":[{"@type":"WebPage","@id":"https:\/\/toidupakk.ee\/pl\/toode\/termos-mil-tec-1-l\/","url":"https:\/\/toidupakk.ee\/pl\/toode\/termos-mil-tec-1-l\/","name":"Termos MIL-TEC 1 l","isPartOf":{"@id":"https:\/\/toidupakk.ee\/pl\/#website"},"primaryImageOfPage":{"@id":"https:\/\/toidupakk.ee\/pl\/toode\/termos-mil-tec-1-l\/#primaryimage"},"image":{"@id":"https:\/\/toidupakk.ee\/pl\/toode\/termos-mil-tec-1-l\/#primaryimage"},"thumbnailUrl":"https:\/\/toidupakk.ee\/wp-content\/uploads\/2022\/06\/termos-MIL-TEC-1l-3.png","datePublished":"2022-07-19T12:50:09+00:00","dateModified":"2026-04-21T09:00:43+00:00","description":"Termos z wysokiej jako\u015bci stali nierdzewnej. Wytrzyma\u0142y termos pr\u00f3\u017cniowy MIL-TEC\u00ae do przenoszenia zar\u00f3wno gor\u0105cych, jak i zimnych napoj\u00f3w. Kolor oliwkowy.","breadcrumb":{"@id":"https:\/\/toidupakk.ee\/pl\/toode\/termos-mil-tec-1-l\/#breadcrumb"},"inLanguage":"pl-PL","potentialAction":[{"@type":"ReadAction","target":["https:\/\/toidupakk.ee\/pl\/toode\/termos-mil-tec-1-l\/"]}]},{"@type":"ImageObject","inLanguage":"pl-PL","@id":"https:\/\/toidupakk.ee\/pl\/toode\/termos-mil-tec-1-l\/#primaryimage","url":"https:\/\/toidupakk.ee\/wp-content\/uploads\/2022\/06\/termos-MIL-TEC-1l-3.png","contentUrl":"https:\/\/toidupakk.ee\/wp-content\/uploads\/2022\/06\/termos-MIL-TEC-1l-3.png","width":1080,"height":1080,"caption":"termose komplekt"},{"@type":"BreadcrumbList","@id":"https:\/\/toidupakk.ee\/pl\/toode\/termos-mil-tec-1-l\/#breadcrumb","itemListElement":[{"@type":"ListItem","position":1,"name":"Avaleht","item":"https:\/\/toidupakk.ee\/pl\/"},{"@type":"ListItem","position":2,"name":"Sklep internetowy","item":"https:\/\/toidupakk.ee\/pl\/sklep-internetowy\/"},{"@type":"ListItem","position":3,"name":"Termos MIL-TEC 1 l"}]},{"@type":"WebSite","@id":"https:\/\/toidupakk.ee\/pl\/#website","url":"https:\/\/toidupakk.ee\/pl\/","name":"Toidupakk.ee - Tactical Foodpack toidupakid","description":"Tactical Foodpack k\u00fclmkuivatatud toidupakid ja matkaeined","publisher":{"@id":"https:\/\/toidupakk.ee\/pl\/#organization"},"potentialAction":[{"@type":"SearchAction","target":{"@type":"EntryPoint","urlTemplate":"https:\/\/toidupakk.ee\/pl\/?s={search_term_string}"},"query-input":{"@type":"PropertyValueSpecification","valueRequired":true,"valueName":"search_term_string"}}],"inLanguage":"pl-PL"},{"@type":"Organization","@id":"https:\/\/toidupakk.ee\/pl\/#organization","name":"Tactical Foodpack matkaeined","url":"https:\/\/toidupakk.ee\/pl\/","logo":{"@type":"ImageObject","inLanguage":"pl-PL","@id":"https:\/\/toidupakk.ee\/pl\/#\/schema\/logo\/image\/","url":"https:\/\/toidupakk.ee\/wp-content\/uploads\/2022\/01\/Toidupakk-matkapood-logo-transparent.png","contentUrl":"https:\/\/toidupakk.ee\/wp-content\/uploads\/2022\/01\/Toidupakk-matkapood-logo-transparent.png","width":500,"height":500,"caption":"Tactical Foodpack matkaeined"},"image":{"@id":"https:\/\/toidupakk.ee\/pl\/#\/schema\/logo\/image\/"},"sameAs":["https:\/\/www.facebook.com\/Toidupakk","https:\/\/www.instagram.com\/toidupakk\/"]}]}},"jetpack_sharing_enabled":true,"_links":{"self":[{"href":"https:\/\/toidupakk.ee\/pl\/wp-json\/wp\/v2\/product\/51519","targetHints":{"allow":["GET"]}}],"collection":[{"href":"https:\/\/toidupakk.ee\/pl\/wp-json\/wp\/v2\/product"}],"about":[{"href":"https:\/\/toidupakk.ee\/pl\/wp-json\/wp\/v2\/types\/product"}],"replies":[{"embeddable":true,"href":"https:\/\/toidupakk.ee\/pl\/wp-json\/wp\/v2\/comments?post=51519"}],"wp:featuredmedia":[{"embeddable":true,"href":"https:\/\/toidupakk.ee\/pl\/wp-json\/wp\/v2\/media\/2792"}],"wp:attachment":[{"href":"https:\/\/toidupakk.ee\/pl\/wp-json\/wp\/v2\/media?parent=51519"}],"wp:term":[{"taxonomy":"product_brand","embeddable":true,"href":"https:\/\/toidupakk.ee\/pl\/wp-json\/wp\/v2\/product_brand?post=51519"},{"taxonomy":"product_cat","embeddable":true,"href":"https:\/\/toidupakk.ee\/pl\/wp-json\/wp\/v2\/product_cat?post=51519"},{"taxonomy":"product_tag","embeddable":true,"href":"https:\/\/toidupakk.ee\/pl\/wp-json\/wp\/v2\/product_tag?post=51519"}],"curies":[{"name":"wp","href":"https:\/\/api.w.org\/{rel}","templated":true}]}}