{"id":51513,"date":"2022-06-29T12:52:16","date_gmt":"2022-06-29T09:52:16","guid":{"rendered":"https:\/\/toidupakk.ee\/toode\/tabletki-do-uzdatniania-wody-katadyn-micropur-classic\/"},"modified":"2026-04-17T03:30:15","modified_gmt":"2026-04-17T00:30:15","slug":"tabletki-do-uzdatniania-wody-katadyn-micropur-classic","status":"publish","type":"product","link":"https:\/\/toidupakk.ee\/pl\/toode\/tabletki-do-uzdatniania-wody-katadyn-micropur-classic\/","title":{"rendered":"Tabletki do uzdatniania wody Katadyn Micropur Classic"},"content":{"rendered":"<h1><img fetchpriority=\"high\" decoding=\"async\" class=\"alignright wp-image-2478 size-thumbnail\" src=\"https:\/\/toidupakk.ee\/wp-content\/uploads\/2022\/06\/Veepuhastustabletid-Micropur-Classic-3-500x500.png\" alt=\"Tabletki do uzdatniania wody Micropur Classic\" width=\"500\" height=\"500\" srcset=\"https:\/\/toidupakk.ee\/wp-content\/uploads\/2022\/06\/Veepuhastustabletid-Micropur-Classic-3-500x500.png 500w, https:\/\/toidupakk.ee\/wp-content\/uploads\/2022\/06\/Veepuhastustabletid-Micropur-Classic-3-400x400.png 400w, https:\/\/toidupakk.ee\/wp-content\/uploads\/2022\/06\/Veepuhastustabletid-Micropur-Classic-3-100x100.png 100w, https:\/\/toidupakk.ee\/wp-content\/uploads\/2022\/06\/Veepuhastustabletid-Micropur-Classic-3-800x800.png 800w, https:\/\/toidupakk.ee\/wp-content\/uploads\/2022\/06\/Veepuhastustabletid-Micropur-Classic-3-300x300.png 300w, https:\/\/toidupakk.ee\/wp-content\/uploads\/2022\/06\/Veepuhastustabletid-Micropur-Classic-3-1024x1024.png 1024w, https:\/\/toidupakk.ee\/wp-content\/uploads\/2022\/06\/Veepuhastustabletid-Micropur-Classic-3-768x768.png 768w, https:\/\/toidupakk.ee\/wp-content\/uploads\/2022\/06\/Veepuhastustabletid-Micropur-Classic-3.png 1080w\" sizes=\"(max-width: 500px) 100vw, 500px\" \/><\/h1>\n<h1>Tabletki do uzdatniania wody s\u0105 niezb\u0119dne<\/h1>\n<p>Podczas podr\u00f3\u017cy do odleg\u0142ych kraj\u00f3w cz\u0119sto pojawia si\u0119 niepewno\u015b\u0107, czy woda z kranu jest wystarczaj\u0105co czysta do picia. Wed\u0142ug \u015awiatowej Organizacji Zdrowia (WHO) a\u017c 80% chor\u00f3b zwi\u0105zanych z podr\u00f3\u017cowaniem wynika ze ska\u017conej wody pitnej. Problemy \u017co\u0142\u0105dkowe to ostatnia rzecz, kt\u00f3rej chcesz na wyje\u017adzie. Dlatego profilaktycznie warto zawsze mie\u0107 przy sobie <strong>tabletki do uzdatniania wody Katadyn Micropur Classic<\/strong>.   <\/p>\n<p>&nbsp;<\/p>\n<h2>Jak dzia\u0142a Micropur Classic<\/h2>\n<p>Tabletki eliminuj\u0105 zagro\u017cenia w wodzie pitnej, takie jak wirusy i bakterie, w tym E. coli, salmonell\u0119 i choler\u0119. Pami\u0119taj jednak, \u017ce tabletki z jonami srebra nie usuwaj\u0105 zanieczyszcze\u0144 chemicznych, osad\u00f3w ani niekt\u00f3rych pierwotniak\u00f3w. Do oczyszczania wody z naturalnych \u017ar\u00f3de\u0142 polecamy <a href=\"https:\/\/toidupakk.ee\/tactical-foodpack\/veepuhastustabletid-katadyn-micropur-forte\/\">tabletki Katadyn Micropur Forte<\/a>, kt\u00f3re opr\u00f3cz jon\u00f3w srebra zawieraj\u0105 bezpieczn\u0105 dawk\u0119 chloru.  <\/p>\n<p>&nbsp;<\/p>\n<h2>Stosowanie tabletek do uzdatniania wody<\/h2>\n<p>Katadyn Micropur Classic to szybki i skuteczny \u015brodek musuj\u0105cy do uzyskiwania czystej wody pitnej. Jedna tabletka uzdatnia jeden litr wody. Dzi\u0119ki jonom srebra woda zachowuje \u015bwie\u017co\u015b\u0107 do 6 miesi\u0119cy. Produkt przeznaczony do oczyszczania wody kranowej.   <\/p>\n<p>&nbsp;<\/p>\n<ul>\n<li>Dodaj 1 musuj\u0105c\u0105 tabletk\u0119 na litr wody. Pozostaw na 2 godziny. <\/li>\n<\/ul>\n<p>&nbsp;<\/p>\n<h3>\u015arodki ostro\u017cno\u015bci<\/h3>\n<ul>\n<li>Nie stosowa\u0107 razem z innymi produktami.<\/li>\n<li>Dzia\u0142a dra\u017cni\u0105co na oczy. W razie kontaktu z oczami p\u0142ucz ostro\u017cnie wod\u0105 przez kilka minut. Wyjmij soczewki kontaktowe, je\u015bli je nosisz i mo\u017cna je \u0142atwo usun\u0105\u0107. Kontynuuj p\u0142ukanie. Je\u015bli podra\u017cnienie nie ust\u0119puje, skontaktuj si\u0119 z lekarzem.    <\/li>\n<li>W razie konieczno\u015bci zasi\u0119gni\u0119cia porady lekarza nale\u017cy pokaza\u0107 opakowanie lub etykiet\u0119.<\/li>\n<li>Chroni\u0107 przed dzie\u0107mi.<\/li>\n<li>Przechowywa\u0107 w suchym i ciemnym miejscu, w oryginalnym opakowaniu.<\/li>\n<li>Dzia\u0142a toksycznie na organizmy wodne, powoduj\u0105c d\u0142ugotrwa\u0142e skutki.<\/li>\n<li>Unika\u0107 uwolnienia do \u015brodowiska.<\/li>\n<li>Zawarto\u015b\u0107\/pojemnik usuwa\u0107 zgodnie z lokalnymi przepisami.<\/li>\n<\/ul>\n<p><a href=\"https:\/\/toidupakk.ee\/wp-content\/uploads\/2022\/06\/SDS-Micropur-Classic-tablets-MC-1T_en.pdf\">Karta informacyjna Katadyn Micropur Classic_en<\/a><\/p>\n<p>Zobacz wi\u0119cej akcesori\u00f3w turystycznych <a href=\"https:\/\/toidupakk.ee\/pl\/tootekategooria\/sprzet-turystyczny\/#section-3-79\">TUTAJ<\/a><\/p>\n<p>Znajd\u017a inspiracj\u0119 na kolejne przygody na <a href=\"https:\/\/www.instagram.com\/toidupakk\/\">Instagramie<\/a> i <a href=\"https:\/\/www.facebook.com\/Toidupakk\/\">Facebooku<\/a> Toidupakk.<\/p>\n","protected":false},"excerpt":{"rendered":"<p>Niezb\u0119dna pomoc w zapewnieniu czysto\u015bci wody kranowej. Tabletki z jonami srebra oczyszczaj\u0105 ska\u017con\u0105 wod\u0119 z bakterii i wirus\u00f3w. <\/p>\n<ul>\n<li>Czas dzia\u0142ania: 2 h<\/li>\n<li>Dawkowanie: 1 tabletka na litr<\/li>\n<li>Termin wa\u017cno\u015bci (nieotwarte): 5 lat<\/li>\n<li>Technologia: jony srebra<\/li>\n<li>Nie zawiera chloru<\/li>\n<li><strong>Ilo\u015b\u0107: 1 opakowanie (100 tabletek)<\/strong><\/li>\n<\/ul>\n<p>\u2705 Dost\u0119pne w magazynie, szybka dostawa w 1\u20133 dni robocze<\/p>\n","protected":false},"featured_media":51515,"comment_status":"open","ping_status":"closed","template":"","meta":{"_acf_changed":false},"product_brand":[],"product_cat":[303,334,307,301],"product_tag":[],"class_list":{"0":"post-51513","1":"product","2":"type-product","3":"status-publish","4":"has-post-thumbnail","6":"product_cat-akcesoria-turystyczne","7":"product_cat-oczyszczanie-wody","8":"product_cat-przygotowywanie-posilkow","9":"product_cat-sprzet-turystyczny","11":"first","12":"outofstock","13":"taxable","14":"shipping-taxable","15":"purchasable","16":"product-type-simple"},"bundled_by":[],"bundle_stock_status":"outofstock","bundle_stock_quantity":0,"bundle_virtual":false,"bundle_layout":"","bundle_add_to_cart_form_location":"","bundle_editable_in_cart":false,"bundle_sold_individually_context":"","bundle_item_grouping":"","bundle_min_size":"","bundle_max_size":"","bundle_price":[],"bundled_items":[],"bundle_sell_ids":[],"acf":[],"yoast_head":"<!-- This site is optimized with the Yoast SEO plugin v27.3 - https:\/\/yoast.com\/product\/yoast-seo-wordpress\/ -->\n<title>Tabletki do uzdatniania wody Katadyn Micropur Classic - Toidupakk.ee - Tactical Foodpack toidupakid<\/title>\n<meta name=\"description\" content=\"Tabletki do uzdatniania wody z jonami srebra oczyszczaj\u0105 ska\u017con\u0105 wod\u0119 z bakterii i wirus\u00f3w. Idealne na podr\u00f3\u017c, gdy czysto\u015b\u0107 wody z kranu budzi w\u0105tpliwo\u015bci.\" \/>\n<meta name=\"robots\" content=\"index, follow, max-snippet:-1, max-image-preview:large, max-video-preview:-1\" \/>\n<link rel=\"canonical\" href=\"https:\/\/toidupakk.ee\/pl\/toode\/tabletki-do-uzdatniania-wody-katadyn-micropur-classic\/\" \/>\n<meta property=\"og:locale\" content=\"pl_PL\" \/>\n<meta property=\"og:type\" content=\"article\" \/>\n<meta property=\"og:title\" content=\"Tabletki do uzdatniania wody Katadyn Micropur Classic - Toidupakk.ee - Tactical Foodpack toidupakid\" \/>\n<meta property=\"og:description\" content=\"Tabletki do uzdatniania wody z jonami srebra oczyszczaj\u0105 ska\u017con\u0105 wod\u0119 z bakterii i wirus\u00f3w. Idealne na podr\u00f3\u017c, gdy czysto\u015b\u0107 wody z kranu budzi w\u0105tpliwo\u015bci.\" \/>\n<meta property=\"og:url\" content=\"https:\/\/toidupakk.ee\/pl\/toode\/tabletki-do-uzdatniania-wody-katadyn-micropur-classic\/\" \/>\n<meta property=\"og:site_name\" content=\"Toidupakk.ee - Tactical Foodpack toidupakid\" \/>\n<meta property=\"article:publisher\" content=\"https:\/\/www.facebook.com\/Toidupakk\" \/>\n<meta property=\"article:modified_time\" content=\"2026-04-17T00:30:15+00:00\" \/>\n<meta property=\"og:image\" content=\"https:\/\/toidupakk.ee\/wp-content\/uploads\/2022\/06\/Veepuhastustabletid-Micropur-Classic-1.png\" \/>\n\t<meta property=\"og:image:width\" content=\"1080\" \/>\n\t<meta property=\"og:image:height\" content=\"1080\" \/>\n\t<meta property=\"og:image:type\" content=\"image\/png\" \/>\n<meta name=\"twitter:card\" content=\"summary_large_image\" \/>\n<meta name=\"twitter:label1\" content=\"Szacowany czas czytania\" \/>\n\t<meta name=\"twitter:data1\" content=\"2 minuty\" \/>\n<script type=\"application\/ld+json\" class=\"yoast-schema-graph\">{\"@context\":\"https:\\\/\\\/schema.org\",\"@graph\":[{\"@type\":\"WebPage\",\"@id\":\"https:\\\/\\\/toidupakk.ee\\\/pl\\\/toode\\\/tabletki-do-uzdatniania-wody-katadyn-micropur-classic\\\/\",\"url\":\"https:\\\/\\\/toidupakk.ee\\\/pl\\\/toode\\\/tabletki-do-uzdatniania-wody-katadyn-micropur-classic\\\/\",\"name\":\"Tabletki do uzdatniania wody Katadyn Micropur Classic - Toidupakk.ee - Tactical Foodpack toidupakid\",\"isPartOf\":{\"@id\":\"https:\\\/\\\/toidupakk.ee\\\/pl\\\/#website\"},\"primaryImageOfPage\":{\"@id\":\"https:\\\/\\\/toidupakk.ee\\\/pl\\\/toode\\\/tabletki-do-uzdatniania-wody-katadyn-micropur-classic\\\/#primaryimage\"},\"image\":{\"@id\":\"https:\\\/\\\/toidupakk.ee\\\/pl\\\/toode\\\/tabletki-do-uzdatniania-wody-katadyn-micropur-classic\\\/#primaryimage\"},\"thumbnailUrl\":\"https:\\\/\\\/toidupakk.ee\\\/wp-content\\\/uploads\\\/2022\\\/06\\\/Veepuhastustabletid-Micropur-Classic-1.png\",\"datePublished\":\"2022-06-29T09:52:16+00:00\",\"dateModified\":\"2026-04-17T00:30:15+00:00\",\"description\":\"Tabletki do uzdatniania wody z jonami srebra oczyszczaj\u0105 ska\u017con\u0105 wod\u0119 z bakterii i wirus\u00f3w. Idealne na podr\u00f3\u017c, gdy czysto\u015b\u0107 wody z kranu budzi w\u0105tpliwo\u015bci.\",\"breadcrumb\":{\"@id\":\"https:\\\/\\\/toidupakk.ee\\\/pl\\\/toode\\\/tabletki-do-uzdatniania-wody-katadyn-micropur-classic\\\/#breadcrumb\"},\"inLanguage\":\"pl-PL\",\"potentialAction\":[{\"@type\":\"ReadAction\",\"target\":[\"https:\\\/\\\/toidupakk.ee\\\/pl\\\/toode\\\/tabletki-do-uzdatniania-wody-katadyn-micropur-classic\\\/\"]}]},{\"@type\":\"ImageObject\",\"inLanguage\":\"pl-PL\",\"@id\":\"https:\\\/\\\/toidupakk.ee\\\/pl\\\/toode\\\/tabletki-do-uzdatniania-wody-katadyn-micropur-classic\\\/#primaryimage\",\"url\":\"https:\\\/\\\/toidupakk.ee\\\/wp-content\\\/uploads\\\/2022\\\/06\\\/Veepuhastustabletid-Micropur-Classic-1.png\",\"contentUrl\":\"https:\\\/\\\/toidupakk.ee\\\/wp-content\\\/uploads\\\/2022\\\/06\\\/Veepuhastustabletid-Micropur-Classic-1.png\",\"width\":1080,\"height\":1080,\"caption\":\"tabletki do uzdatniania wody micropur classic\"},{\"@type\":\"BreadcrumbList\",\"@id\":\"https:\\\/\\\/toidupakk.ee\\\/pl\\\/toode\\\/tabletki-do-uzdatniania-wody-katadyn-micropur-classic\\\/#breadcrumb\",\"itemListElement\":[{\"@type\":\"ListItem\",\"position\":1,\"name\":\"Avaleht\",\"item\":\"https:\\\/\\\/toidupakk.ee\\\/pl\\\/\"},{\"@type\":\"ListItem\",\"position\":2,\"name\":\"Sklep internetowy\",\"item\":\"https:\\\/\\\/toidupakk.ee\\\/pl\\\/sklep-internetowy\\\/\"},{\"@type\":\"ListItem\",\"position\":3,\"name\":\"Tabletki do uzdatniania wody Katadyn Micropur Classic\"}]},{\"@type\":\"WebSite\",\"@id\":\"https:\\\/\\\/toidupakk.ee\\\/pl\\\/#website\",\"url\":\"https:\\\/\\\/toidupakk.ee\\\/pl\\\/\",\"name\":\"Toidupakk.ee - Tactical Foodpack toidupakid\",\"description\":\"Tactical Foodpack k\u00fclmkuivatatud toidupakid ja matkaeined\",\"publisher\":{\"@id\":\"https:\\\/\\\/toidupakk.ee\\\/pl\\\/#organization\"},\"potentialAction\":[{\"@type\":\"SearchAction\",\"target\":{\"@type\":\"EntryPoint\",\"urlTemplate\":\"https:\\\/\\\/toidupakk.ee\\\/pl\\\/?s={search_term_string}\"},\"query-input\":{\"@type\":\"PropertyValueSpecification\",\"valueRequired\":true,\"valueName\":\"search_term_string\"}}],\"inLanguage\":\"pl-PL\"},{\"@type\":\"Organization\",\"@id\":\"https:\\\/\\\/toidupakk.ee\\\/pl\\\/#organization\",\"name\":\"Tactical Foodpack matkaeined\",\"url\":\"https:\\\/\\\/toidupakk.ee\\\/pl\\\/\",\"logo\":{\"@type\":\"ImageObject\",\"inLanguage\":\"pl-PL\",\"@id\":\"https:\\\/\\\/toidupakk.ee\\\/pl\\\/#\\\/schema\\\/logo\\\/image\\\/\",\"url\":\"https:\\\/\\\/toidupakk.ee\\\/wp-content\\\/uploads\\\/2022\\\/01\\\/Toidupakk-matkapood-logo-transparent.png\",\"contentUrl\":\"https:\\\/\\\/toidupakk.ee\\\/wp-content\\\/uploads\\\/2022\\\/01\\\/Toidupakk-matkapood-logo-transparent.png\",\"width\":500,\"height\":500,\"caption\":\"Tactical Foodpack matkaeined\"},\"image\":{\"@id\":\"https:\\\/\\\/toidupakk.ee\\\/pl\\\/#\\\/schema\\\/logo\\\/image\\\/\"},\"sameAs\":[\"https:\\\/\\\/www.facebook.com\\\/Toidupakk\",\"https:\\\/\\\/www.instagram.com\\\/toidupakk\\\/\"]}]}<\/script>\n<!-- \/ Yoast SEO plugin. -->","yoast_head_json":{"title":"Tabletki do uzdatniania wody Katadyn Micropur Classic - Toidupakk.ee - Tactical Foodpack toidupakid","description":"Tabletki do uzdatniania wody z jonami srebra oczyszczaj\u0105 ska\u017con\u0105 wod\u0119 z bakterii i wirus\u00f3w. Idealne na podr\u00f3\u017c, gdy czysto\u015b\u0107 wody z kranu budzi w\u0105tpliwo\u015bci.","robots":{"index":"index","follow":"follow","max-snippet":"max-snippet:-1","max-image-preview":"max-image-preview:large","max-video-preview":"max-video-preview:-1"},"canonical":"https:\/\/toidupakk.ee\/pl\/toode\/tabletki-do-uzdatniania-wody-katadyn-micropur-classic\/","og_locale":"pl_PL","og_type":"article","og_title":"Tabletki do uzdatniania wody Katadyn Micropur Classic - Toidupakk.ee - Tactical Foodpack toidupakid","og_description":"Tabletki do uzdatniania wody z jonami srebra oczyszczaj\u0105 ska\u017con\u0105 wod\u0119 z bakterii i wirus\u00f3w. Idealne na podr\u00f3\u017c, gdy czysto\u015b\u0107 wody z kranu budzi w\u0105tpliwo\u015bci.","og_url":"https:\/\/toidupakk.ee\/pl\/toode\/tabletki-do-uzdatniania-wody-katadyn-micropur-classic\/","og_site_name":"Toidupakk.ee - Tactical Foodpack toidupakid","article_publisher":"https:\/\/www.facebook.com\/Toidupakk","article_modified_time":"2026-04-17T00:30:15+00:00","og_image":[{"width":1080,"height":1080,"url":"https:\/\/toidupakk.ee\/wp-content\/uploads\/2022\/06\/Veepuhastustabletid-Micropur-Classic-1.png","type":"image\/png"}],"twitter_card":"summary_large_image","twitter_misc":{"Szacowany czas czytania":"2 minuty"},"schema":{"@context":"https:\/\/schema.org","@graph":[{"@type":"WebPage","@id":"https:\/\/toidupakk.ee\/pl\/toode\/tabletki-do-uzdatniania-wody-katadyn-micropur-classic\/","url":"https:\/\/toidupakk.ee\/pl\/toode\/tabletki-do-uzdatniania-wody-katadyn-micropur-classic\/","name":"Tabletki do uzdatniania wody Katadyn Micropur Classic - Toidupakk.ee - Tactical Foodpack toidupakid","isPartOf":{"@id":"https:\/\/toidupakk.ee\/pl\/#website"},"primaryImageOfPage":{"@id":"https:\/\/toidupakk.ee\/pl\/toode\/tabletki-do-uzdatniania-wody-katadyn-micropur-classic\/#primaryimage"},"image":{"@id":"https:\/\/toidupakk.ee\/pl\/toode\/tabletki-do-uzdatniania-wody-katadyn-micropur-classic\/#primaryimage"},"thumbnailUrl":"https:\/\/toidupakk.ee\/wp-content\/uploads\/2022\/06\/Veepuhastustabletid-Micropur-Classic-1.png","datePublished":"2022-06-29T09:52:16+00:00","dateModified":"2026-04-17T00:30:15+00:00","description":"Tabletki do uzdatniania wody z jonami srebra oczyszczaj\u0105 ska\u017con\u0105 wod\u0119 z bakterii i wirus\u00f3w. Idealne na podr\u00f3\u017c, gdy czysto\u015b\u0107 wody z kranu budzi w\u0105tpliwo\u015bci.","breadcrumb":{"@id":"https:\/\/toidupakk.ee\/pl\/toode\/tabletki-do-uzdatniania-wody-katadyn-micropur-classic\/#breadcrumb"},"inLanguage":"pl-PL","potentialAction":[{"@type":"ReadAction","target":["https:\/\/toidupakk.ee\/pl\/toode\/tabletki-do-uzdatniania-wody-katadyn-micropur-classic\/"]}]},{"@type":"ImageObject","inLanguage":"pl-PL","@id":"https:\/\/toidupakk.ee\/pl\/toode\/tabletki-do-uzdatniania-wody-katadyn-micropur-classic\/#primaryimage","url":"https:\/\/toidupakk.ee\/wp-content\/uploads\/2022\/06\/Veepuhastustabletid-Micropur-Classic-1.png","contentUrl":"https:\/\/toidupakk.ee\/wp-content\/uploads\/2022\/06\/Veepuhastustabletid-Micropur-Classic-1.png","width":1080,"height":1080,"caption":"tabletki do uzdatniania wody micropur classic"},{"@type":"BreadcrumbList","@id":"https:\/\/toidupakk.ee\/pl\/toode\/tabletki-do-uzdatniania-wody-katadyn-micropur-classic\/#breadcrumb","itemListElement":[{"@type":"ListItem","position":1,"name":"Avaleht","item":"https:\/\/toidupakk.ee\/pl\/"},{"@type":"ListItem","position":2,"name":"Sklep internetowy","item":"https:\/\/toidupakk.ee\/pl\/sklep-internetowy\/"},{"@type":"ListItem","position":3,"name":"Tabletki do uzdatniania wody Katadyn Micropur Classic"}]},{"@type":"WebSite","@id":"https:\/\/toidupakk.ee\/pl\/#website","url":"https:\/\/toidupakk.ee\/pl\/","name":"Toidupakk.ee - Tactical Foodpack toidupakid","description":"Tactical Foodpack k\u00fclmkuivatatud toidupakid ja matkaeined","publisher":{"@id":"https:\/\/toidupakk.ee\/pl\/#organization"},"potentialAction":[{"@type":"SearchAction","target":{"@type":"EntryPoint","urlTemplate":"https:\/\/toidupakk.ee\/pl\/?s={search_term_string}"},"query-input":{"@type":"PropertyValueSpecification","valueRequired":true,"valueName":"search_term_string"}}],"inLanguage":"pl-PL"},{"@type":"Organization","@id":"https:\/\/toidupakk.ee\/pl\/#organization","name":"Tactical Foodpack matkaeined","url":"https:\/\/toidupakk.ee\/pl\/","logo":{"@type":"ImageObject","inLanguage":"pl-PL","@id":"https:\/\/toidupakk.ee\/pl\/#\/schema\/logo\/image\/","url":"https:\/\/toidupakk.ee\/wp-content\/uploads\/2022\/01\/Toidupakk-matkapood-logo-transparent.png","contentUrl":"https:\/\/toidupakk.ee\/wp-content\/uploads\/2022\/01\/Toidupakk-matkapood-logo-transparent.png","width":500,"height":500,"caption":"Tactical Foodpack matkaeined"},"image":{"@id":"https:\/\/toidupakk.ee\/pl\/#\/schema\/logo\/image\/"},"sameAs":["https:\/\/www.facebook.com\/Toidupakk","https:\/\/www.instagram.com\/toidupakk\/"]}]}},"jetpack_sharing_enabled":true,"_links":{"self":[{"href":"https:\/\/toidupakk.ee\/pl\/wp-json\/wp\/v2\/product\/51513","targetHints":{"allow":["GET"]}}],"collection":[{"href":"https:\/\/toidupakk.ee\/pl\/wp-json\/wp\/v2\/product"}],"about":[{"href":"https:\/\/toidupakk.ee\/pl\/wp-json\/wp\/v2\/types\/product"}],"replies":[{"embeddable":true,"href":"https:\/\/toidupakk.ee\/pl\/wp-json\/wp\/v2\/comments?post=51513"}],"wp:featuredmedia":[{"embeddable":true,"href":"https:\/\/toidupakk.ee\/pl\/wp-json\/wp\/v2\/media\/51515"}],"wp:attachment":[{"href":"https:\/\/toidupakk.ee\/pl\/wp-json\/wp\/v2\/media?parent=51513"}],"wp:term":[{"taxonomy":"product_brand","embeddable":true,"href":"https:\/\/toidupakk.ee\/pl\/wp-json\/wp\/v2\/product_brand?post=51513"},{"taxonomy":"product_cat","embeddable":true,"href":"https:\/\/toidupakk.ee\/pl\/wp-json\/wp\/v2\/product_cat?post=51513"},{"taxonomy":"product_tag","embeddable":true,"href":"https:\/\/toidupakk.ee\/pl\/wp-json\/wp\/v2\/product_tag?post=51513"}],"curies":[{"name":"wp","href":"https:\/\/api.w.org\/{rel}","templated":true}]}}