{"id":51506,"date":"2022-08-09T12:27:45","date_gmt":"2022-08-09T09:27:45","guid":{"rendered":"https:\/\/toidupakk.ee\/toode\/apteczka-turystyczna\/"},"modified":"2026-04-15T07:31:16","modified_gmt":"2026-04-15T04:31:16","slug":"apteczka-turystyczna","status":"publish","type":"product","link":"https:\/\/toidupakk.ee\/pl\/toode\/apteczka-turystyczna\/","title":{"rendered":"Apteczka turystyczna"},"content":{"rendered":"<h1>Apteczka zawsze z Tob\u0105!<\/h1>\n<p>Ta ma\u0142a i lekka apteczka powinna by\u0107 zawsze przy Tobie, bo wypadki chodz\u0105 po ludziach. Mo\u017cesz j\u0105 nosi\u0107 w torebce lub plecaku, schowa\u0107 do auta, szuflady w biurze czy na biurko. Jest szczeg\u00f3lnie przydatna w plecaku turystycznym, bo w g\u0142\u0119bokim lesie masz mniej opcji ni\u017c w innych sytuacjach. Ta apteczka zawiera wszystko, co niezb\u0119dne przy mniejszych urazach. B\u0105d\u017a zawsze w gotowo\u015bci i miej t\u0119 por\u0119czn\u0105 apteczk\u0119 pod r\u0119k\u0105.    <\/p>\n<p>&nbsp;<\/p>\n<h2>Sama apteczka te\u017c jest wytrzyma\u0142a<\/h2>\n<p>Obudowa miniapteczki Mil-Tec jest wykonana z grubego nylonu Rip-Stop, a \u015bcianki wewn\u0119trzne pokryto wodoodpornym materia\u0142em. Apteczka jest zapinana na zamek b\u0142yskawiczny. Po rozsuni\u0119ciu zamka mo\u017cna otworzy\u0107 ca\u0142\u0105 kiesze\u0144, co u\u0142atwia dost\u0119p do wszystkich przegr\u00f3dek. Do torby mo\u017cna przypi\u0105\u0107 pasek lub karabi\u0144czyk. System przegr\u00f3dek i kieszeni wewn\u0119trznych u\u0142atwia sortowanie lek\u00f3w i przybor\u00f3w.    <\/p>\n<h3><img fetchpriority=\"high\" decoding=\"async\" class=\"alignnone size-medium wp-image-2920\" src=\"https:\/\/toidupakk.ee\/wp-content\/uploads\/2022\/07\/Esmaabikomplekt-matkale-5-300x300.png\" alt=\"apteczka pierwszej pomocy\" width=\"300\" height=\"300\" srcset=\"https:\/\/toidupakk.ee\/wp-content\/uploads\/2022\/07\/Esmaabikomplekt-matkale-5-300x300.png 300w, https:\/\/toidupakk.ee\/wp-content\/uploads\/2022\/07\/Esmaabikomplekt-matkale-5-400x400.png 400w, https:\/\/toidupakk.ee\/wp-content\/uploads\/2022\/07\/Esmaabikomplekt-matkale-5-100x100.png 100w, https:\/\/toidupakk.ee\/wp-content\/uploads\/2022\/07\/Esmaabikomplekt-matkale-5-800x800.png 800w, https:\/\/toidupakk.ee\/wp-content\/uploads\/2022\/07\/Esmaabikomplekt-matkale-5-1024x1024.png 1024w, https:\/\/toidupakk.ee\/wp-content\/uploads\/2022\/07\/Esmaabikomplekt-matkale-5-500x500.png 500w, https:\/\/toidupakk.ee\/wp-content\/uploads\/2022\/07\/Esmaabikomplekt-matkale-5-768x768.png 768w, https:\/\/toidupakk.ee\/wp-content\/uploads\/2022\/07\/Esmaabikomplekt-matkale-5.png 1080w\" sizes=\"(max-width: 300px) 100vw, 300px\" \/><\/h3>\n<h3>Co jeszcze zabra\u0107 do apteczki turystycznej?<\/h3>\n<p>Na pewno warto zabra\u0107 te\u017c leki, takie jak \u015brodki przeciwb\u00f3lowe, w\u0119giel aktywny, leki na przezi\u0119bienie czy antyseptyk. Warto pomy\u015ble\u0107 o infekcjach jelitowych i wzi\u0105\u0107 <a href=\"https:\/\/toidupakk.ee\/toode\/veepuhastustabletid-katadyn-micropur-forte\/\">tabletki do uzdatniania wody<\/a>, aby woda ze \u017ar\u00f3d\u0142a nadawa\u0142a si\u0119 do picia i by\u0142a wolna od patogen\u00f3w. Dobrym wyborem b\u0119d\u0105 tabletki <a href=\"https:\/\/toidupakk.ee\/toode\/veepuhastustabletid-katadyn-micropur-forte\/\">Katadyn Micropur Forte<\/a>.  <\/p>\n<p>Warto te\u017c zabra\u0107 wielofunkcyjny <a href=\"https:\/\/toidupakk.ee\/toode\/outdoor-shower\/\">Outdoor Shower od Tactical Foodpack<\/a>, kt\u00f3ry dzi\u0119ki zawarto\u015bci pantenolu nadaje si\u0119 do oczyszczania powierzchownych zadrapa\u0144 i ran. Jest przyjazny dla sk\u00f3ry, nie podra\u017cnia, nie zawiera konserwant\u00f3w i przyda si\u0119 te\u017c po prostu do od\u015bwie\u017cenia. <\/p>\n<p>I co wa\u017cne, przed wypraw\u0105 powt\u00f3rz zasady pierwszej pomocy. Jak zrobi\u0107 szyn\u0119, co robi\u0107 przy uk\u0105szeniu w\u0119\u017ca itp. Zabierz te\u017c powerbank i na\u0142adowany telefon, bo zasi\u0119g obejmuje dzi\u015b wiele las\u00f3w i w razie potrzeby wezwiesz pomoc.  <\/p>\n<p>&nbsp;<\/p>\n<p>Zobacz wi\u0119cej akcesori\u00f3w turystycznych <a href=\"https:\/\/toidupakk.ee\/pl\/tootekategooria\/sprzet-turystyczny\/#section-3-79\">TUTAJ<\/a><\/p>\n<p>Zobacz jedzenie na wypraw\u0119, kt\u00f3re warto zabra\u0107 <a href=\"https:\/\/toidupakk.ee\/pl\/sklep-internetowy\/\">TUTAJ<\/a><\/p>\n<p>Znajd\u017a inspiracj\u0119 na kolejne przygody na <a href=\"https:\/\/www.instagram.com\/toidupakk\/\">Instagramie<\/a> i <a href=\"https:\/\/www.facebook.com\/Toidupakk\/\">Facebooku<\/a> Toidupakk.<\/p>\n","protected":false},"excerpt":{"rendered":"<ul>\n<li>W terenie zawsze zdarzaj\u0105 si\u0119 mniejsze lub wi\u0119ksze zadrapania, potkni\u0119cia czy p\u0119cherze od nowych but\u00f3w.<\/li>\n<li>Ka\u017cdy porz\u0105dny plecak wyprawowy powinien zawiera\u0107 apteczk\u0119.<\/li>\n<li>Apteczka MIL-TEC jest niezwykle kompaktowa i praktycznie nie zajmuje miejsca w plecaku.<\/li>\n<li>Superlekka, wa\u017cy tylko 120 g.<\/li>\n<li>Kompaktowa: 12 cm x 8,5 cm x 4,5 cm.<\/li>\n<\/ul>\n<p>&nbsp;<\/p>\n<p><strong>Kompaktowa apteczka MIL-TEC, zawieraj\u0105ca podstawowe wyposa\u017cenie do pierwszej pomocy.<\/strong><\/p>\n<p>&nbsp;<\/p>\n<p>W zestawie:<\/p>\n<ul>\n<li>Banda\u017c gaza 7,5 cm x 4,5 m<\/li>\n<li>Plaster w rolce 40 mm x 1 m (do ci\u0119cia)<\/li>\n<li>Przylepiec 10 mm x 1 m (do ci\u0119cia)<\/li>\n<li>Kompres na ran\u0119 50 x 50 mm<\/li>\n<li>No\u017cyczki<\/li>\n<li>R\u0119kawiczki winylowe<\/li>\n<li>Chusteczki nawil\u017cane 5 szt.<\/li>\n<li>Agrafki 6 szt.<\/li>\n<li>Torebki strunowe 4 szt.<\/li>\n<\/ul>\n<p>\u2705 Dost\u0119pne w magazynie, szybka dostawa w 1\u20133 dni robocze<\/p>\n","protected":false},"featured_media":2917,"comment_status":"open","ping_status":"closed","template":"","meta":{"_acf_changed":false},"product_brand":[],"product_cat":[303,366,302,317,301,304],"product_tag":[],"class_list":{"0":"post-51506","1":"product","2":"type-product","3":"status-publish","4":"has-post-thumbnail","6":"product_cat-akcesoria-turystyczne","7":"product_cat-apteczki","8":"product_cat-kieszenie-i-akcesoria-molle","9":"product_cat-mil-tec","10":"product_cat-sprzet-turystyczny","11":"product_cat-wyposazenie-militarne","13":"first","14":"instock","15":"taxable","16":"shipping-taxable","17":"purchasable","18":"product-type-simple"},"bundled_by":[],"bundle_stock_status":"instock","bundle_stock_quantity":2,"bundle_virtual":false,"bundle_layout":"","bundle_add_to_cart_form_location":"","bundle_editable_in_cart":false,"bundle_sold_individually_context":"","bundle_item_grouping":"","bundle_min_size":"","bundle_max_size":"","bundle_price":[],"bundled_items":[],"bundle_sell_ids":[],"acf":[],"yoast_head":"<!-- This site is optimized with the Yoast SEO plugin v27.3 - https:\/\/yoast.com\/product\/yoast-seo-wordpress\/ -->\n<title>Apteczka turystyczna<\/title>\n<meta name=\"description\" content=\"Apteczka turystyczna. Lekka i kompaktowa, a jednocze\u015bnie zawiera podstawowe wyposa\u017cenie do udzielania pierwszej pomocy. Do plecaka, samochodu lub nawet do domu.\" \/>\n<meta name=\"robots\" content=\"index, follow, max-snippet:-1, max-image-preview:large, max-video-preview:-1\" \/>\n<link rel=\"canonical\" href=\"https:\/\/toidupakk.ee\/pl\/toode\/apteczka-turystyczna\/\" \/>\n<meta property=\"og:locale\" content=\"pl_PL\" \/>\n<meta property=\"og:type\" content=\"article\" \/>\n<meta property=\"og:title\" content=\"Apteczka turystyczna\" \/>\n<meta property=\"og:description\" content=\"Apteczka turystyczna. Lekka i kompaktowa, a jednocze\u015bnie zawiera podstawowe wyposa\u017cenie do udzielania pierwszej pomocy. Do plecaka, samochodu lub nawet do domu.\" \/>\n<meta property=\"og:url\" content=\"https:\/\/toidupakk.ee\/pl\/toode\/apteczka-turystyczna\/\" \/>\n<meta property=\"og:site_name\" content=\"Toidupakk.ee - Tactical Foodpack toidupakid\" \/>\n<meta property=\"article:publisher\" content=\"https:\/\/www.facebook.com\/Toidupakk\" \/>\n<meta property=\"article:modified_time\" content=\"2026-04-15T04:31:16+00:00\" \/>\n<meta property=\"og:image\" content=\"https:\/\/toidupakk.ee\/wp-content\/uploads\/2022\/07\/Esmaabikomplekt-matkale-2.png\" \/>\n\t<meta property=\"og:image:width\" content=\"1080\" \/>\n\t<meta property=\"og:image:height\" content=\"1080\" \/>\n\t<meta property=\"og:image:type\" content=\"image\/png\" \/>\n<meta name=\"twitter:card\" content=\"summary_large_image\" \/>\n<meta name=\"twitter:label1\" content=\"Szacowany czas czytania\" \/>\n\t<meta name=\"twitter:data1\" content=\"2 minuty\" \/>\n<script type=\"application\/ld+json\" class=\"yoast-schema-graph\">{\"@context\":\"https:\\\/\\\/schema.org\",\"@graph\":[{\"@type\":\"WebPage\",\"@id\":\"https:\\\/\\\/toidupakk.ee\\\/pl\\\/toode\\\/apteczka-turystyczna\\\/\",\"url\":\"https:\\\/\\\/toidupakk.ee\\\/pl\\\/toode\\\/apteczka-turystyczna\\\/\",\"name\":\"Apteczka turystyczna\",\"isPartOf\":{\"@id\":\"https:\\\/\\\/toidupakk.ee\\\/pl\\\/#website\"},\"primaryImageOfPage\":{\"@id\":\"https:\\\/\\\/toidupakk.ee\\\/pl\\\/toode\\\/apteczka-turystyczna\\\/#primaryimage\"},\"image\":{\"@id\":\"https:\\\/\\\/toidupakk.ee\\\/pl\\\/toode\\\/apteczka-turystyczna\\\/#primaryimage\"},\"thumbnailUrl\":\"https:\\\/\\\/toidupakk.ee\\\/wp-content\\\/uploads\\\/2022\\\/07\\\/Esmaabikomplekt-matkale-2.png\",\"datePublished\":\"2022-08-09T09:27:45+00:00\",\"dateModified\":\"2026-04-15T04:31:16+00:00\",\"description\":\"Apteczka turystyczna. Lekka i kompaktowa, a jednocze\u015bnie zawiera podstawowe wyposa\u017cenie do udzielania pierwszej pomocy. Do plecaka, samochodu lub nawet do domu.\",\"breadcrumb\":{\"@id\":\"https:\\\/\\\/toidupakk.ee\\\/pl\\\/toode\\\/apteczka-turystyczna\\\/#breadcrumb\"},\"inLanguage\":\"pl-PL\",\"potentialAction\":[{\"@type\":\"ReadAction\",\"target\":[\"https:\\\/\\\/toidupakk.ee\\\/pl\\\/toode\\\/apteczka-turystyczna\\\/\"]}]},{\"@type\":\"ImageObject\",\"inLanguage\":\"pl-PL\",\"@id\":\"https:\\\/\\\/toidupakk.ee\\\/pl\\\/toode\\\/apteczka-turystyczna\\\/#primaryimage\",\"url\":\"https:\\\/\\\/toidupakk.ee\\\/wp-content\\\/uploads\\\/2022\\\/07\\\/Esmaabikomplekt-matkale-2.png\",\"contentUrl\":\"https:\\\/\\\/toidupakk.ee\\\/wp-content\\\/uploads\\\/2022\\\/07\\\/Esmaabikomplekt-matkale-2.png\",\"width\":1080,\"height\":1080,\"caption\":\"esmaabikomplekt\"},{\"@type\":\"BreadcrumbList\",\"@id\":\"https:\\\/\\\/toidupakk.ee\\\/pl\\\/toode\\\/apteczka-turystyczna\\\/#breadcrumb\",\"itemListElement\":[{\"@type\":\"ListItem\",\"position\":1,\"name\":\"Avaleht\",\"item\":\"https:\\\/\\\/toidupakk.ee\\\/pl\\\/\"},{\"@type\":\"ListItem\",\"position\":2,\"name\":\"Sklep internetowy\",\"item\":\"https:\\\/\\\/toidupakk.ee\\\/pl\\\/sklep-internetowy\\\/\"},{\"@type\":\"ListItem\",\"position\":3,\"name\":\"Apteczka turystyczna\"}]},{\"@type\":\"WebSite\",\"@id\":\"https:\\\/\\\/toidupakk.ee\\\/pl\\\/#website\",\"url\":\"https:\\\/\\\/toidupakk.ee\\\/pl\\\/\",\"name\":\"Toidupakk.ee - Tactical Foodpack toidupakid\",\"description\":\"Tactical Foodpack k\u00fclmkuivatatud toidupakid ja matkaeined\",\"publisher\":{\"@id\":\"https:\\\/\\\/toidupakk.ee\\\/pl\\\/#organization\"},\"potentialAction\":[{\"@type\":\"SearchAction\",\"target\":{\"@type\":\"EntryPoint\",\"urlTemplate\":\"https:\\\/\\\/toidupakk.ee\\\/pl\\\/?s={search_term_string}\"},\"query-input\":{\"@type\":\"PropertyValueSpecification\",\"valueRequired\":true,\"valueName\":\"search_term_string\"}}],\"inLanguage\":\"pl-PL\"},{\"@type\":\"Organization\",\"@id\":\"https:\\\/\\\/toidupakk.ee\\\/pl\\\/#organization\",\"name\":\"Tactical Foodpack matkaeined\",\"url\":\"https:\\\/\\\/toidupakk.ee\\\/pl\\\/\",\"logo\":{\"@type\":\"ImageObject\",\"inLanguage\":\"pl-PL\",\"@id\":\"https:\\\/\\\/toidupakk.ee\\\/pl\\\/#\\\/schema\\\/logo\\\/image\\\/\",\"url\":\"https:\\\/\\\/toidupakk.ee\\\/wp-content\\\/uploads\\\/2022\\\/01\\\/Toidupakk-matkapood-logo-transparent.png\",\"contentUrl\":\"https:\\\/\\\/toidupakk.ee\\\/wp-content\\\/uploads\\\/2022\\\/01\\\/Toidupakk-matkapood-logo-transparent.png\",\"width\":500,\"height\":500,\"caption\":\"Tactical Foodpack matkaeined\"},\"image\":{\"@id\":\"https:\\\/\\\/toidupakk.ee\\\/pl\\\/#\\\/schema\\\/logo\\\/image\\\/\"},\"sameAs\":[\"https:\\\/\\\/www.facebook.com\\\/Toidupakk\",\"https:\\\/\\\/www.instagram.com\\\/toidupakk\\\/\"]}]}<\/script>\n<!-- \/ Yoast SEO plugin. -->","yoast_head_json":{"title":"Apteczka turystyczna","description":"Apteczka turystyczna. Lekka i kompaktowa, a jednocze\u015bnie zawiera podstawowe wyposa\u017cenie do udzielania pierwszej pomocy. Do plecaka, samochodu lub nawet do domu.","robots":{"index":"index","follow":"follow","max-snippet":"max-snippet:-1","max-image-preview":"max-image-preview:large","max-video-preview":"max-video-preview:-1"},"canonical":"https:\/\/toidupakk.ee\/pl\/toode\/apteczka-turystyczna\/","og_locale":"pl_PL","og_type":"article","og_title":"Apteczka turystyczna","og_description":"Apteczka turystyczna. Lekka i kompaktowa, a jednocze\u015bnie zawiera podstawowe wyposa\u017cenie do udzielania pierwszej pomocy. Do plecaka, samochodu lub nawet do domu.","og_url":"https:\/\/toidupakk.ee\/pl\/toode\/apteczka-turystyczna\/","og_site_name":"Toidupakk.ee - Tactical Foodpack toidupakid","article_publisher":"https:\/\/www.facebook.com\/Toidupakk","article_modified_time":"2026-04-15T04:31:16+00:00","og_image":[{"width":1080,"height":1080,"url":"https:\/\/toidupakk.ee\/wp-content\/uploads\/2022\/07\/Esmaabikomplekt-matkale-2.png","type":"image\/png"}],"twitter_card":"summary_large_image","twitter_misc":{"Szacowany czas czytania":"2 minuty"},"schema":{"@context":"https:\/\/schema.org","@graph":[{"@type":"WebPage","@id":"https:\/\/toidupakk.ee\/pl\/toode\/apteczka-turystyczna\/","url":"https:\/\/toidupakk.ee\/pl\/toode\/apteczka-turystyczna\/","name":"Apteczka turystyczna","isPartOf":{"@id":"https:\/\/toidupakk.ee\/pl\/#website"},"primaryImageOfPage":{"@id":"https:\/\/toidupakk.ee\/pl\/toode\/apteczka-turystyczna\/#primaryimage"},"image":{"@id":"https:\/\/toidupakk.ee\/pl\/toode\/apteczka-turystyczna\/#primaryimage"},"thumbnailUrl":"https:\/\/toidupakk.ee\/wp-content\/uploads\/2022\/07\/Esmaabikomplekt-matkale-2.png","datePublished":"2022-08-09T09:27:45+00:00","dateModified":"2026-04-15T04:31:16+00:00","description":"Apteczka turystyczna. Lekka i kompaktowa, a jednocze\u015bnie zawiera podstawowe wyposa\u017cenie do udzielania pierwszej pomocy. Do plecaka, samochodu lub nawet do domu.","breadcrumb":{"@id":"https:\/\/toidupakk.ee\/pl\/toode\/apteczka-turystyczna\/#breadcrumb"},"inLanguage":"pl-PL","potentialAction":[{"@type":"ReadAction","target":["https:\/\/toidupakk.ee\/pl\/toode\/apteczka-turystyczna\/"]}]},{"@type":"ImageObject","inLanguage":"pl-PL","@id":"https:\/\/toidupakk.ee\/pl\/toode\/apteczka-turystyczna\/#primaryimage","url":"https:\/\/toidupakk.ee\/wp-content\/uploads\/2022\/07\/Esmaabikomplekt-matkale-2.png","contentUrl":"https:\/\/toidupakk.ee\/wp-content\/uploads\/2022\/07\/Esmaabikomplekt-matkale-2.png","width":1080,"height":1080,"caption":"esmaabikomplekt"},{"@type":"BreadcrumbList","@id":"https:\/\/toidupakk.ee\/pl\/toode\/apteczka-turystyczna\/#breadcrumb","itemListElement":[{"@type":"ListItem","position":1,"name":"Avaleht","item":"https:\/\/toidupakk.ee\/pl\/"},{"@type":"ListItem","position":2,"name":"Sklep internetowy","item":"https:\/\/toidupakk.ee\/pl\/sklep-internetowy\/"},{"@type":"ListItem","position":3,"name":"Apteczka turystyczna"}]},{"@type":"WebSite","@id":"https:\/\/toidupakk.ee\/pl\/#website","url":"https:\/\/toidupakk.ee\/pl\/","name":"Toidupakk.ee - Tactical Foodpack toidupakid","description":"Tactical Foodpack k\u00fclmkuivatatud toidupakid ja matkaeined","publisher":{"@id":"https:\/\/toidupakk.ee\/pl\/#organization"},"potentialAction":[{"@type":"SearchAction","target":{"@type":"EntryPoint","urlTemplate":"https:\/\/toidupakk.ee\/pl\/?s={search_term_string}"},"query-input":{"@type":"PropertyValueSpecification","valueRequired":true,"valueName":"search_term_string"}}],"inLanguage":"pl-PL"},{"@type":"Organization","@id":"https:\/\/toidupakk.ee\/pl\/#organization","name":"Tactical Foodpack matkaeined","url":"https:\/\/toidupakk.ee\/pl\/","logo":{"@type":"ImageObject","inLanguage":"pl-PL","@id":"https:\/\/toidupakk.ee\/pl\/#\/schema\/logo\/image\/","url":"https:\/\/toidupakk.ee\/wp-content\/uploads\/2022\/01\/Toidupakk-matkapood-logo-transparent.png","contentUrl":"https:\/\/toidupakk.ee\/wp-content\/uploads\/2022\/01\/Toidupakk-matkapood-logo-transparent.png","width":500,"height":500,"caption":"Tactical Foodpack matkaeined"},"image":{"@id":"https:\/\/toidupakk.ee\/pl\/#\/schema\/logo\/image\/"},"sameAs":["https:\/\/www.facebook.com\/Toidupakk","https:\/\/www.instagram.com\/toidupakk\/"]}]}},"jetpack_sharing_enabled":true,"_links":{"self":[{"href":"https:\/\/toidupakk.ee\/pl\/wp-json\/wp\/v2\/product\/51506","targetHints":{"allow":["GET"]}}],"collection":[{"href":"https:\/\/toidupakk.ee\/pl\/wp-json\/wp\/v2\/product"}],"about":[{"href":"https:\/\/toidupakk.ee\/pl\/wp-json\/wp\/v2\/types\/product"}],"replies":[{"embeddable":true,"href":"https:\/\/toidupakk.ee\/pl\/wp-json\/wp\/v2\/comments?post=51506"}],"wp:featuredmedia":[{"embeddable":true,"href":"https:\/\/toidupakk.ee\/pl\/wp-json\/wp\/v2\/media\/2917"}],"wp:attachment":[{"href":"https:\/\/toidupakk.ee\/pl\/wp-json\/wp\/v2\/media?parent=51506"}],"wp:term":[{"taxonomy":"product_brand","embeddable":true,"href":"https:\/\/toidupakk.ee\/pl\/wp-json\/wp\/v2\/product_brand?post=51506"},{"taxonomy":"product_cat","embeddable":true,"href":"https:\/\/toidupakk.ee\/pl\/wp-json\/wp\/v2\/product_cat?post=51506"},{"taxonomy":"product_tag","embeddable":true,"href":"https:\/\/toidupakk.ee\/pl\/wp-json\/wp\/v2\/product_tag?post=51506"}],"curies":[{"name":"wp","href":"https:\/\/api.w.org\/{rel}","templated":true}]}}