{"id":51501,"date":"2022-07-25T17:10:53","date_gmt":"2022-07-25T14:10:53","guid":{"rendered":"https:\/\/toidupakk.ee\/toode\/kubek-turystyczny-ze-stali-nierdzewnej-300-ml\/"},"modified":"2026-04-15T22:30:08","modified_gmt":"2026-04-15T19:30:08","slug":"kubek-turystyczny-ze-stali-nierdzewnej-300-ml","status":"publish","type":"product","link":"https:\/\/toidupakk.ee\/pl\/toode\/kubek-turystyczny-ze-stali-nierdzewnej-300-ml\/","title":{"rendered":"Kubek turystyczny ze stali nierdzewnej 300 ml"},"content":{"rendered":"<h1>Kubek turystyczny na wypraw\u0119<\/h1>\n<p>Niezwykle praktyczny kubek turystyczny Mil-Tec ze stali nierdzewnej to idealny towarzysz na wyprawy, pikniki i do domowej kuchni. Jest wygodny w u\u017cyciu i mo\u017cna go \u0142atwo przypi\u0105\u0107 do plecaka. <\/p>\n<p>Kubek ze stali nierdzewnej \u015bwietnie sprawdza si\u0119 w terenie, bo przy odrobinie improwizacji mo\u017ce pe\u0142ni\u0107 wiele funkcji \u2013 mo\u017ce by\u0107 kubkiem (oczywi\u015bcie), ale tak\u017ce czerpakiem do wody, misk\u0105 na zup\u0119 czy musli itp. Na pewno znajdziesz dziesi\u0105tki zastosowa\u0144 dla tego zwyczajnie wygl\u0105daj\u0105cego, ale niezwykle przydatnego kubka, a\u017c po zast\u0105pienie nim \u0142opatki. Do tego jest wyj\u0105tkowo stylowy!  <\/p>\n<h1><img fetchpriority=\"high\" decoding=\"async\" class=\"alignright wp-image-2836 size-thumbnail\" src=\"https:\/\/toidupakk.ee\/wp-content\/uploads\/2022\/07\/Matkakruus-3-500x500.png\" alt=\"Kubek turystyczny Mil-Tec\" width=\"500\" height=\"500\" srcset=\"https:\/\/toidupakk.ee\/wp-content\/uploads\/2022\/07\/Matkakruus-3-500x500.png 500w, https:\/\/toidupakk.ee\/wp-content\/uploads\/2022\/07\/Matkakruus-3-400x400.png 400w, https:\/\/toidupakk.ee\/wp-content\/uploads\/2022\/07\/Matkakruus-3-100x100.png 100w, https:\/\/toidupakk.ee\/wp-content\/uploads\/2022\/07\/Matkakruus-3-800x800.png 800w, https:\/\/toidupakk.ee\/wp-content\/uploads\/2022\/07\/Matkakruus-3-300x300.png 300w, https:\/\/toidupakk.ee\/wp-content\/uploads\/2022\/07\/Matkakruus-3-1024x1024.png 1024w, https:\/\/toidupakk.ee\/wp-content\/uploads\/2022\/07\/Matkakruus-3-768x768.png 768w, https:\/\/toidupakk.ee\/wp-content\/uploads\/2022\/07\/Matkakruus-3.png 1080w\" sizes=\"(max-width: 500px) 100vw, 500px\" \/><\/h1>\n<h2>Wytrzyma\u0142o\u015b\u0107<\/h2>\n<p>Istniej\u0105 r\u00f3\u017cne kubki turystyczne, ale kluczowa jest w\u0142a\u015bnie wytrzyma\u0142o\u015b\u0107 sprz\u0119tu. Ten nieoczekiwanie lekki kubek ze stali nierdzewnej jest jednocze\u015bnie funkcjonalny i trwa\u0142y. <\/p>\n<p>&nbsp;<\/p>\n<h3>Czyszczenie<\/h3>\n<p>Nie wymaga to wielkiej filozofii. Stara zasada m\u00f3wi, \u017ce przed pierwszym u\u017cyciem ka\u017cde naczynie nale\u017cy umy\u0107. Zrobisz to pewnie w domu, wi\u0119c mo\u017cesz u\u017cy\u0107 ulubionego p\u0142ynu do naczy\u0144 lub po prostu w\u0142o\u017cy\u0107 go do zmywarki. Na szlaku po prostu op\u0142ucz kubek w zbiorniku wodnym lub polej go wod\u0105 z bidonu. W razie potrzeby wystarczy przetrze\u0107 go serwetk\u0105 lub r\u0119cznikiem.    <\/p>\n<p>&nbsp;<\/p>\n<h3>Co pi\u0107 z kubka turystycznego?<\/h3>\n<p>Pierwsza rekomendacja to oczywi\u015bcie woda, ale tak naprawd\u0119 odpowied\u017a brzmi \u2013 cokolwiek! Poniewa\u017c Toidupakk to nie tylko sklep ze sprz\u0119tem, ale i z \u017cywno\u015bci\u0105 turystyczn\u0105, mamy te\u017c wyb\u00f3r napoj\u00f3w. Dlaczego nie wypi\u0107 z tego \u015bwietnego kubka Mil-Tec zdrowych smoothie <a href=\"https:\/\/toidupakk.ee\/tactical-foodpack\/marjasmuuti-core-shake-berry-blast\/\">jagodowych,<\/a> <a href=\"https:\/\/toidupakk.ee\/tactical-foodpack\/banaani-smuuti-tropical-mix\/\">bananowych<\/a> i <a href=\"https:\/\/toidupakk.ee\/tactical-foodpack\/roheline-smuuti-core-shake-fresh-green\/\">zielonych<\/a> od Tactical Foodpack?! A je\u015bli chodzi o jedzenie, to cho\u0107 dania turystyczne s\u0105 w opakowaniach, z kt\u00f3rych mo\u017cna je\u015b\u0107 bezpo\u015brednio, mo\u017cna je te\u017c porcjowa\u0107. Opakowania s\u0105 \u0142atwo zamykane strunowo. Z kubka mo\u017cesz zje\u015b\u0107 mniejsze porcje <a href=\"\/?product_cat=hommikusook#section-3-79\">owsianki, musli<\/a> czy <a href=\"\/?product_cat=supp#section-3-79\">zupy<\/a>. Wystarczy zala\u0107 gor\u0105c\u0105 wod\u0105 i gotowe. W ofercie liofilizaty <a href=\"https:\/\/toidupakk.ee\/pl\/sklep-internetowy\/\">Tactical Foodpack<\/a> oraz <a href=\"https:\/\/toidupakk.ee\/pl\/tootekategooria\/zywnosc-turystyczna-meki\/\">Meki<\/a> na ka\u017cdy posi\u0142ek.       <\/p>\n<p>Aby u\u0142atwi\u0107 sobie jedzenie, koniecznie zabierz te\u017c wielofunkcyjny <a href=\"https:\/\/toidupakk.ee\/tactical-foodpack\/matkalusikas-wildo-spork-3in1\/\">niezb\u0119dnik<\/a>, a dla zapewnienia czystej wody, je\u015bli planujesz pi\u0107 ze \u017ar\u00f3d\u0142a, <a href=\"https:\/\/toidupakk.ee\/tactical-foodpack\/veepuhastustabletid-katadyn-micropur-forte\/\">tabletki do uzdatniania wody<\/a>!<\/p>\n<p>&nbsp;<\/p>\n<p>&nbsp;<\/p>\n<p>&nbsp;<\/p>\n<p>Zobacz wi\u0119cej akcesori\u00f3w turystycznych <a href=\"https:\/\/toidupakk.ee\/pl\/tootekategooria\/sprzet-turystyczny\/#section-3-79\">TUTAJ<\/a><\/p>\n<p>Zobacz ca\u0142\u0105 \u017cywno\u015b\u0107 turystyczn\u0105 <a href=\"https:\/\/toidupakk.ee\/pl\/sklep-internetowy\/\">TUTAJ<\/a><\/p>\n<p>Jak przygotowa\u0107 posi\u0142ki, sprawd\u017a <a href=\"https:\/\/toidupakk.ee\/pl\/jak-uzywac\/\">TUTAJ<\/a><\/p>\n<p>Znajd\u017a inspiracj\u0119 na kolejne przygody na <a href=\"https:\/\/www.instagram.com\/toidupakk\/\">Instagramie<\/a> i <a href=\"https:\/\/www.facebook.com\/Toidupakk\/\">Facebooku<\/a> Toidupakk.<\/p>\n","protected":false},"excerpt":{"rendered":"<ul>\n<li>Lekki, ale wytrzyma\u0142y kubek turystyczny ze stali nierdzewnej<\/li>\n<li>Niezast\u0105piony pomocnik przy przygotowywaniu posi\u0142k\u00f3w w terenie<\/li>\n<li>U\u017cywaj do przygotowywania posi\u0142k\u00f3w, jako naczynia do jedzenia, do gotowania wody lub po prostu jako kubka do kawy czy herbaty.<\/li>\n<li>Pojemno\u015b\u0107: 300 ml<\/li>\n<li>Wysoko\u015b\u0107: 8,5 cm<\/li>\n<li>\u015arednica: 9 cm<\/li>\n<li>Materia\u0142: stal nierdzewna<\/li>\n<\/ul>\n<p>\u2705 Dost\u0119pne w magazynie, szybka dostawa w 1\u20133 dni robocze<\/p>\n","protected":false},"featured_media":2837,"comment_status":"open","ping_status":"closed","template":"","meta":{"_acf_changed":false},"product_brand":[],"product_cat":[303,317,307,301,354,308,304],"product_tag":[],"class_list":{"0":"post-51501","1":"product","2":"type-product","3":"status-publish","4":"has-post-thumbnail","6":"product_cat-akcesoria-turystyczne","7":"product_cat-mil-tec","8":"product_cat-przygotowywanie-posilkow","9":"product_cat-sprzet-turystyczny","10":"product_cat-sztucce","11":"product_cat-termosy-i-butelki","12":"product_cat-wyposazenie-militarne","14":"first","15":"instock","16":"taxable","17":"shipping-taxable","18":"purchasable","19":"product-type-simple"},"bundled_by":[],"bundle_stock_status":"instock","bundle_stock_quantity":5,"bundle_virtual":false,"bundle_layout":"","bundle_add_to_cart_form_location":"","bundle_editable_in_cart":false,"bundle_sold_individually_context":"","bundle_item_grouping":"","bundle_min_size":"","bundle_max_size":"","bundle_price":[],"bundled_items":[],"bundle_sell_ids":[],"acf":[],"yoast_head":"<!-- This site is optimized with the Yoast SEO plugin v27.3 - https:\/\/yoast.com\/product\/yoast-seo-wordpress\/ -->\n<title>Kubek turystyczny ze stali nierdzewnej 300 ml<\/title>\n<meta name=\"description\" content=\"Kubek turystyczny MIL-TEC\u00ae ze stali nierdzewnej pozwala cieszy\u0107 si\u0119 ulubionymi napojami na \u015bwie\u017cym powietrzu, na ciep\u0142o lub zimno, bez obaw o st\u0142uczenie. Lekki i wygodny do noszenia.\" \/>\n<meta name=\"robots\" content=\"index, follow, max-snippet:-1, max-image-preview:large, max-video-preview:-1\" \/>\n<link rel=\"canonical\" href=\"https:\/\/toidupakk.ee\/pl\/toode\/kubek-turystyczny-ze-stali-nierdzewnej-300-ml\/\" \/>\n<meta property=\"og:locale\" content=\"pl_PL\" \/>\n<meta property=\"og:type\" content=\"article\" \/>\n<meta property=\"og:title\" content=\"Kubek turystyczny ze stali nierdzewnej 300 ml\" \/>\n<meta property=\"og:description\" content=\"Kubek turystyczny MIL-TEC\u00ae ze stali nierdzewnej pozwala cieszy\u0107 si\u0119 ulubionymi napojami na \u015bwie\u017cym powietrzu, na ciep\u0142o lub zimno, bez obaw o st\u0142uczenie. Lekki i wygodny do noszenia.\" \/>\n<meta property=\"og:url\" content=\"https:\/\/toidupakk.ee\/pl\/toode\/kubek-turystyczny-ze-stali-nierdzewnej-300-ml\/\" \/>\n<meta property=\"og:site_name\" content=\"Toidupakk.ee - Tactical Foodpack toidupakid\" \/>\n<meta property=\"article:publisher\" content=\"https:\/\/www.facebook.com\/Toidupakk\" \/>\n<meta property=\"article:modified_time\" content=\"2026-04-15T19:30:08+00:00\" \/>\n<meta property=\"og:image\" content=\"https:\/\/toidupakk.ee\/wp-content\/uploads\/2022\/07\/Matkakruus-4.png\" \/>\n\t<meta property=\"og:image:width\" content=\"1080\" \/>\n\t<meta property=\"og:image:height\" content=\"1080\" \/>\n\t<meta property=\"og:image:type\" content=\"image\/png\" \/>\n<meta name=\"twitter:card\" content=\"summary_large_image\" \/>\n<meta name=\"twitter:label1\" content=\"Szacowany czas czytania\" \/>\n\t<meta name=\"twitter:data1\" content=\"2 minuty\" \/>\n<script type=\"application\/ld+json\" class=\"yoast-schema-graph\">{\"@context\":\"https:\\\/\\\/schema.org\",\"@graph\":[{\"@type\":\"WebPage\",\"@id\":\"https:\\\/\\\/toidupakk.ee\\\/pl\\\/toode\\\/kubek-turystyczny-ze-stali-nierdzewnej-300-ml\\\/\",\"url\":\"https:\\\/\\\/toidupakk.ee\\\/pl\\\/toode\\\/kubek-turystyczny-ze-stali-nierdzewnej-300-ml\\\/\",\"name\":\"Kubek turystyczny ze stali nierdzewnej 300 ml\",\"isPartOf\":{\"@id\":\"https:\\\/\\\/toidupakk.ee\\\/pl\\\/#website\"},\"primaryImageOfPage\":{\"@id\":\"https:\\\/\\\/toidupakk.ee\\\/pl\\\/toode\\\/kubek-turystyczny-ze-stali-nierdzewnej-300-ml\\\/#primaryimage\"},\"image\":{\"@id\":\"https:\\\/\\\/toidupakk.ee\\\/pl\\\/toode\\\/kubek-turystyczny-ze-stali-nierdzewnej-300-ml\\\/#primaryimage\"},\"thumbnailUrl\":\"https:\\\/\\\/toidupakk.ee\\\/wp-content\\\/uploads\\\/2022\\\/07\\\/Matkakruus-4.png\",\"datePublished\":\"2022-07-25T14:10:53+00:00\",\"dateModified\":\"2026-04-15T19:30:08+00:00\",\"description\":\"Kubek turystyczny MIL-TEC\u00ae ze stali nierdzewnej pozwala cieszy\u0107 si\u0119 ulubionymi napojami na \u015bwie\u017cym powietrzu, na ciep\u0142o lub zimno, bez obaw o st\u0142uczenie. Lekki i wygodny do noszenia.\",\"breadcrumb\":{\"@id\":\"https:\\\/\\\/toidupakk.ee\\\/pl\\\/toode\\\/kubek-turystyczny-ze-stali-nierdzewnej-300-ml\\\/#breadcrumb\"},\"inLanguage\":\"pl-PL\",\"potentialAction\":[{\"@type\":\"ReadAction\",\"target\":[\"https:\\\/\\\/toidupakk.ee\\\/pl\\\/toode\\\/kubek-turystyczny-ze-stali-nierdzewnej-300-ml\\\/\"]}]},{\"@type\":\"ImageObject\",\"inLanguage\":\"pl-PL\",\"@id\":\"https:\\\/\\\/toidupakk.ee\\\/pl\\\/toode\\\/kubek-turystyczny-ze-stali-nierdzewnej-300-ml\\\/#primaryimage\",\"url\":\"https:\\\/\\\/toidupakk.ee\\\/wp-content\\\/uploads\\\/2022\\\/07\\\/Matkakruus-4.png\",\"contentUrl\":\"https:\\\/\\\/toidupakk.ee\\\/wp-content\\\/uploads\\\/2022\\\/07\\\/Matkakruus-4.png\",\"width\":1080,\"height\":1080,\"caption\":\"Matkakruus tootepilt\"},{\"@type\":\"BreadcrumbList\",\"@id\":\"https:\\\/\\\/toidupakk.ee\\\/pl\\\/toode\\\/kubek-turystyczny-ze-stali-nierdzewnej-300-ml\\\/#breadcrumb\",\"itemListElement\":[{\"@type\":\"ListItem\",\"position\":1,\"name\":\"Avaleht\",\"item\":\"https:\\\/\\\/toidupakk.ee\\\/pl\\\/\"},{\"@type\":\"ListItem\",\"position\":2,\"name\":\"Sklep internetowy\",\"item\":\"https:\\\/\\\/toidupakk.ee\\\/pl\\\/sklep-internetowy\\\/\"},{\"@type\":\"ListItem\",\"position\":3,\"name\":\"Kubek turystyczny ze stali nierdzewnej 300 ml\"}]},{\"@type\":\"WebSite\",\"@id\":\"https:\\\/\\\/toidupakk.ee\\\/pl\\\/#website\",\"url\":\"https:\\\/\\\/toidupakk.ee\\\/pl\\\/\",\"name\":\"Toidupakk.ee - Tactical Foodpack toidupakid\",\"description\":\"Tactical Foodpack k\u00fclmkuivatatud toidupakid ja matkaeined\",\"publisher\":{\"@id\":\"https:\\\/\\\/toidupakk.ee\\\/pl\\\/#organization\"},\"potentialAction\":[{\"@type\":\"SearchAction\",\"target\":{\"@type\":\"EntryPoint\",\"urlTemplate\":\"https:\\\/\\\/toidupakk.ee\\\/pl\\\/?s={search_term_string}\"},\"query-input\":{\"@type\":\"PropertyValueSpecification\",\"valueRequired\":true,\"valueName\":\"search_term_string\"}}],\"inLanguage\":\"pl-PL\"},{\"@type\":\"Organization\",\"@id\":\"https:\\\/\\\/toidupakk.ee\\\/pl\\\/#organization\",\"name\":\"Tactical Foodpack matkaeined\",\"url\":\"https:\\\/\\\/toidupakk.ee\\\/pl\\\/\",\"logo\":{\"@type\":\"ImageObject\",\"inLanguage\":\"pl-PL\",\"@id\":\"https:\\\/\\\/toidupakk.ee\\\/pl\\\/#\\\/schema\\\/logo\\\/image\\\/\",\"url\":\"https:\\\/\\\/toidupakk.ee\\\/wp-content\\\/uploads\\\/2022\\\/01\\\/Toidupakk-matkapood-logo-transparent.png\",\"contentUrl\":\"https:\\\/\\\/toidupakk.ee\\\/wp-content\\\/uploads\\\/2022\\\/01\\\/Toidupakk-matkapood-logo-transparent.png\",\"width\":500,\"height\":500,\"caption\":\"Tactical Foodpack matkaeined\"},\"image\":{\"@id\":\"https:\\\/\\\/toidupakk.ee\\\/pl\\\/#\\\/schema\\\/logo\\\/image\\\/\"},\"sameAs\":[\"https:\\\/\\\/www.facebook.com\\\/Toidupakk\",\"https:\\\/\\\/www.instagram.com\\\/toidupakk\\\/\"]}]}<\/script>\n<!-- \/ Yoast SEO plugin. -->","yoast_head_json":{"title":"Kubek turystyczny ze stali nierdzewnej 300 ml","description":"Kubek turystyczny MIL-TEC\u00ae ze stali nierdzewnej pozwala cieszy\u0107 si\u0119 ulubionymi napojami na \u015bwie\u017cym powietrzu, na ciep\u0142o lub zimno, bez obaw o st\u0142uczenie. Lekki i wygodny do noszenia.","robots":{"index":"index","follow":"follow","max-snippet":"max-snippet:-1","max-image-preview":"max-image-preview:large","max-video-preview":"max-video-preview:-1"},"canonical":"https:\/\/toidupakk.ee\/pl\/toode\/kubek-turystyczny-ze-stali-nierdzewnej-300-ml\/","og_locale":"pl_PL","og_type":"article","og_title":"Kubek turystyczny ze stali nierdzewnej 300 ml","og_description":"Kubek turystyczny MIL-TEC\u00ae ze stali nierdzewnej pozwala cieszy\u0107 si\u0119 ulubionymi napojami na \u015bwie\u017cym powietrzu, na ciep\u0142o lub zimno, bez obaw o st\u0142uczenie. Lekki i wygodny do noszenia.","og_url":"https:\/\/toidupakk.ee\/pl\/toode\/kubek-turystyczny-ze-stali-nierdzewnej-300-ml\/","og_site_name":"Toidupakk.ee - Tactical Foodpack toidupakid","article_publisher":"https:\/\/www.facebook.com\/Toidupakk","article_modified_time":"2026-04-15T19:30:08+00:00","og_image":[{"width":1080,"height":1080,"url":"https:\/\/toidupakk.ee\/wp-content\/uploads\/2022\/07\/Matkakruus-4.png","type":"image\/png"}],"twitter_card":"summary_large_image","twitter_misc":{"Szacowany czas czytania":"2 minuty"},"schema":{"@context":"https:\/\/schema.org","@graph":[{"@type":"WebPage","@id":"https:\/\/toidupakk.ee\/pl\/toode\/kubek-turystyczny-ze-stali-nierdzewnej-300-ml\/","url":"https:\/\/toidupakk.ee\/pl\/toode\/kubek-turystyczny-ze-stali-nierdzewnej-300-ml\/","name":"Kubek turystyczny ze stali nierdzewnej 300 ml","isPartOf":{"@id":"https:\/\/toidupakk.ee\/pl\/#website"},"primaryImageOfPage":{"@id":"https:\/\/toidupakk.ee\/pl\/toode\/kubek-turystyczny-ze-stali-nierdzewnej-300-ml\/#primaryimage"},"image":{"@id":"https:\/\/toidupakk.ee\/pl\/toode\/kubek-turystyczny-ze-stali-nierdzewnej-300-ml\/#primaryimage"},"thumbnailUrl":"https:\/\/toidupakk.ee\/wp-content\/uploads\/2022\/07\/Matkakruus-4.png","datePublished":"2022-07-25T14:10:53+00:00","dateModified":"2026-04-15T19:30:08+00:00","description":"Kubek turystyczny MIL-TEC\u00ae ze stali nierdzewnej pozwala cieszy\u0107 si\u0119 ulubionymi napojami na \u015bwie\u017cym powietrzu, na ciep\u0142o lub zimno, bez obaw o st\u0142uczenie. Lekki i wygodny do noszenia.","breadcrumb":{"@id":"https:\/\/toidupakk.ee\/pl\/toode\/kubek-turystyczny-ze-stali-nierdzewnej-300-ml\/#breadcrumb"},"inLanguage":"pl-PL","potentialAction":[{"@type":"ReadAction","target":["https:\/\/toidupakk.ee\/pl\/toode\/kubek-turystyczny-ze-stali-nierdzewnej-300-ml\/"]}]},{"@type":"ImageObject","inLanguage":"pl-PL","@id":"https:\/\/toidupakk.ee\/pl\/toode\/kubek-turystyczny-ze-stali-nierdzewnej-300-ml\/#primaryimage","url":"https:\/\/toidupakk.ee\/wp-content\/uploads\/2022\/07\/Matkakruus-4.png","contentUrl":"https:\/\/toidupakk.ee\/wp-content\/uploads\/2022\/07\/Matkakruus-4.png","width":1080,"height":1080,"caption":"Matkakruus tootepilt"},{"@type":"BreadcrumbList","@id":"https:\/\/toidupakk.ee\/pl\/toode\/kubek-turystyczny-ze-stali-nierdzewnej-300-ml\/#breadcrumb","itemListElement":[{"@type":"ListItem","position":1,"name":"Avaleht","item":"https:\/\/toidupakk.ee\/pl\/"},{"@type":"ListItem","position":2,"name":"Sklep internetowy","item":"https:\/\/toidupakk.ee\/pl\/sklep-internetowy\/"},{"@type":"ListItem","position":3,"name":"Kubek turystyczny ze stali nierdzewnej 300 ml"}]},{"@type":"WebSite","@id":"https:\/\/toidupakk.ee\/pl\/#website","url":"https:\/\/toidupakk.ee\/pl\/","name":"Toidupakk.ee - Tactical Foodpack toidupakid","description":"Tactical Foodpack k\u00fclmkuivatatud toidupakid ja matkaeined","publisher":{"@id":"https:\/\/toidupakk.ee\/pl\/#organization"},"potentialAction":[{"@type":"SearchAction","target":{"@type":"EntryPoint","urlTemplate":"https:\/\/toidupakk.ee\/pl\/?s={search_term_string}"},"query-input":{"@type":"PropertyValueSpecification","valueRequired":true,"valueName":"search_term_string"}}],"inLanguage":"pl-PL"},{"@type":"Organization","@id":"https:\/\/toidupakk.ee\/pl\/#organization","name":"Tactical Foodpack matkaeined","url":"https:\/\/toidupakk.ee\/pl\/","logo":{"@type":"ImageObject","inLanguage":"pl-PL","@id":"https:\/\/toidupakk.ee\/pl\/#\/schema\/logo\/image\/","url":"https:\/\/toidupakk.ee\/wp-content\/uploads\/2022\/01\/Toidupakk-matkapood-logo-transparent.png","contentUrl":"https:\/\/toidupakk.ee\/wp-content\/uploads\/2022\/01\/Toidupakk-matkapood-logo-transparent.png","width":500,"height":500,"caption":"Tactical Foodpack matkaeined"},"image":{"@id":"https:\/\/toidupakk.ee\/pl\/#\/schema\/logo\/image\/"},"sameAs":["https:\/\/www.facebook.com\/Toidupakk","https:\/\/www.instagram.com\/toidupakk\/"]}]}},"jetpack_sharing_enabled":true,"_links":{"self":[{"href":"https:\/\/toidupakk.ee\/pl\/wp-json\/wp\/v2\/product\/51501","targetHints":{"allow":["GET"]}}],"collection":[{"href":"https:\/\/toidupakk.ee\/pl\/wp-json\/wp\/v2\/product"}],"about":[{"href":"https:\/\/toidupakk.ee\/pl\/wp-json\/wp\/v2\/types\/product"}],"replies":[{"embeddable":true,"href":"https:\/\/toidupakk.ee\/pl\/wp-json\/wp\/v2\/comments?post=51501"}],"wp:featuredmedia":[{"embeddable":true,"href":"https:\/\/toidupakk.ee\/pl\/wp-json\/wp\/v2\/media\/2837"}],"wp:attachment":[{"href":"https:\/\/toidupakk.ee\/pl\/wp-json\/wp\/v2\/media?parent=51501"}],"wp:term":[{"taxonomy":"product_brand","embeddable":true,"href":"https:\/\/toidupakk.ee\/pl\/wp-json\/wp\/v2\/product_brand?post=51501"},{"taxonomy":"product_cat","embeddable":true,"href":"https:\/\/toidupakk.ee\/pl\/wp-json\/wp\/v2\/product_cat?post=51501"},{"taxonomy":"product_tag","embeddable":true,"href":"https:\/\/toidupakk.ee\/pl\/wp-json\/wp\/v2\/product_tag?post=51501"}],"curies":[{"name":"wp","href":"https:\/\/api.w.org\/{rel}","templated":true}]}}