{"id":51494,"date":"2022-08-22T14:15:47","date_gmt":"2022-08-22T11:15:47","guid":{"rendered":"https:\/\/toidupakk.ee\/toode\/prysznic-turystyczny-20-l\/"},"modified":"2026-04-04T04:00:28","modified_gmt":"2026-04-04T01:00:28","slug":"prysznic-turystyczny-20-l","status":"publish","type":"product","link":"https:\/\/toidupakk.ee\/pl\/toode\/prysznic-turystyczny-20-l\/","title":{"rendered":"Prysznic turystyczny 20 l"},"content":{"rendered":"<h1>Prysznic turystyczny z ciep\u0142\u0105 wod\u0105<\/h1>\n<p>Czasami mycie si\u0119 na zewn\u0105trz jest konieczno\u015bci\u0105, a czasami czyst\u0105 przyjemno\u015bci\u0105. Prysznic turystyczny to \u015bwietny spos\u00f3b na zachowanie \u015bwie\u017co\u015bci pod namiotem, na szlaku czy po prostu na pla\u017cy. Jest bardzo \u0142atwy w monta\u017cu i ma wiele zastosowa\u0144. Niekt\u00f3rzy u\u017cywaj\u0105 go po k\u0105pieli w morzu lub rzece, inni do zmycia brudu po pracy w ogrodzie lub innych pracach domowych. Warto go te\u017c mie\u0107 przy drzwiach tarasowych, by op\u0142uka\u0107 \u0142apy psa \u2013 mo\u017cliwo\u015bci s\u0105 niesko\u0144czone.<br \/>\nNajlepsze w prysznicu turystycznym jest to, \u017ce nie wymaga czystej wody, wi\u0119c mo\u017cesz oszcz\u0119dza\u0107 wod\u0119 pitn\u0105 do picia i gotowania. Dodatkow\u0105 zalet\u0105 prysznica zewn\u0119trznego jest to, \u017ce podczas mycia mo\u017cesz cieszy\u0107 si\u0119 s\u0142o\u0144cem.     <\/p>\n<p><img fetchpriority=\"high\" decoding=\"async\" class=\"alignnone size-medium wp-image-3011\" src=\"https:\/\/toidupakk.ee\/wp-content\/uploads\/2022\/07\/Matkaduss-kaasaskantav-6-300x300.jpg\" alt=\"Prysznic na wypraw\u0119\" width=\"300\" height=\"300\" srcset=\"https:\/\/toidupakk.ee\/wp-content\/uploads\/2022\/07\/Matkaduss-kaasaskantav-6-300x300.jpg 300w, https:\/\/toidupakk.ee\/wp-content\/uploads\/2022\/07\/Matkaduss-kaasaskantav-6-400x400.jpg 400w, https:\/\/toidupakk.ee\/wp-content\/uploads\/2022\/07\/Matkaduss-kaasaskantav-6-100x100.jpg 100w, https:\/\/toidupakk.ee\/wp-content\/uploads\/2022\/07\/Matkaduss-kaasaskantav-6-800x800.jpg 800w, https:\/\/toidupakk.ee\/wp-content\/uploads\/2022\/07\/Matkaduss-kaasaskantav-6-1024x1024.jpg 1024w, https:\/\/toidupakk.ee\/wp-content\/uploads\/2022\/07\/Matkaduss-kaasaskantav-6-500x500.jpg 500w, https:\/\/toidupakk.ee\/wp-content\/uploads\/2022\/07\/Matkaduss-kaasaskantav-6-768x768.jpg 768w, https:\/\/toidupakk.ee\/wp-content\/uploads\/2022\/07\/Matkaduss-kaasaskantav-6.jpg 1080w\" sizes=\"(max-width: 300px) 100vw, 300px\" \/><\/p>\n<h2>Prysznic turystyczny nagrzewany s\u0142o\u0144cem<\/h2>\n<p>Prysznic turystyczny jest idealny na podr\u00f3\u017ce, trekkingi i ekspedycje. Jego obs\u0142uga jest banalnie prosta \u2013 wystarczy nape\u0142ni\u0107 worek wod\u0105, zawiesi\u0107 go na odpowiedniej wysoko\u015bci i wystawi\u0107 na s\u0142o\u0144ce \u2013 reszt\u0119 zrobi za Ciebie natura. Co wa\u017cne, nie musisz d\u0142ugo czeka\u0107 na ciep\u0142\u0105 wod\u0119, poniewa\u017c czarne \u015bcianki z PVC doskonale przyci\u0105gaj\u0105 promienie s\u0142oneczne, przyspieszaj\u0105c nagrzewanie. 20 l wody wystarczy na dwa prysznice lub dla dw\u00f3ch os\u00f3b pod rz\u0105d. Dla wi\u0119kszego komfortu i funkcjonalno\u015bci prysznic wyposa\u017cono w kranik reguluj\u0105cy przep\u0142yw wody oraz w\u0105\u017c z ko\u0144c\u00f3wk\u0105 prysznicow\u0105.<br \/>\nWszystkie elementy prysznica wykonano z nietoksycznego i wytrzyma\u0142ego polipropylenu.    <\/p>\n<p><img decoding=\"async\" class=\"alignnone size-medium wp-image-3010\" src=\"https:\/\/toidupakk.ee\/wp-content\/uploads\/2022\/07\/Matkaduss-kaasaskantav-5-300x300.jpg\" alt=\"Prysznic na wypraw\u0119\" width=\"300\" height=\"300\" srcset=\"https:\/\/toidupakk.ee\/wp-content\/uploads\/2022\/07\/Matkaduss-kaasaskantav-5-300x300.jpg 300w, https:\/\/toidupakk.ee\/wp-content\/uploads\/2022\/07\/Matkaduss-kaasaskantav-5-400x400.jpg 400w, https:\/\/toidupakk.ee\/wp-content\/uploads\/2022\/07\/Matkaduss-kaasaskantav-5-100x100.jpg 100w, https:\/\/toidupakk.ee\/wp-content\/uploads\/2022\/07\/Matkaduss-kaasaskantav-5-800x800.jpg 800w, https:\/\/toidupakk.ee\/wp-content\/uploads\/2022\/07\/Matkaduss-kaasaskantav-5-1024x1024.jpg 1024w, https:\/\/toidupakk.ee\/wp-content\/uploads\/2022\/07\/Matkaduss-kaasaskantav-5-500x500.jpg 500w, https:\/\/toidupakk.ee\/wp-content\/uploads\/2022\/07\/Matkaduss-kaasaskantav-5-768x768.jpg 768w, https:\/\/toidupakk.ee\/wp-content\/uploads\/2022\/07\/Matkaduss-kaasaskantav-5.jpg 1080w\" sizes=\"(max-width: 300px) 100vw, 300px\" \/><\/p>\n<h3>Prysznic turystyczny czy myjka turystyczna?<\/h3>\n<p>Oto jest pytanie. W ofercie Toidupakk masz dwie opcje, by czu\u0107 si\u0119 czysto i \u015bwie\u017co na szlaku. Pierwsza to w\u0142a\u015bnie ten prysznic zewn\u0119trzny, o kt\u00f3rym czytasz \u2013 zapewnia on komfort bie\u017c\u0105cej wody poza domem. Druga opcja to innowacyjne rozwi\u0105zanie Tactical Foodpack w postaci <a href=\"https:\/\/toidupakk.ee\/toode\/outdoor-shower\/\">Outdoor Shower<\/a>. To nowatorski spos\u00f3b na mycie si\u0119 w terenie, idealny, gdy nie masz dost\u0119pu do wody. Jest przyjazny dla sk\u00f3ry, nie podra\u017cnia i nie zawiera konserwant\u00f3w. Zawiera pantenol, dzi\u0119ki czemu nadaje si\u0119 te\u017c do oczyszczania powierzchownych zadrapa\u0144 i ran.      <\/p>\n<p>Wyb\u00f3r zale\u017cy wi\u0119c od Twoich preferencji, a produkty mo\u017cesz oczywi\u015bcie \u0142\u0105czy\u0107 i na d\u0142u\u017csz\u0105 wypraw\u0119 zabra\u0107 oba.<\/p>\n<p>&nbsp;<\/p>\n<p>Zobacz wi\u0119cej akcesori\u00f3w turystycznych <a href=\"https:\/\/toidupakk.ee\/pl\/tootekategooria\/sprzet-turystyczny\/#section-3-79\">TUTAJ<\/a><\/p>\n<p>Zobacz jedzenie na wypraw\u0119, kt\u00f3re warto zabra\u0107 <a href=\"https:\/\/toidupakk.ee\/pl\/sklep-internetowy\/\">TUTAJ<\/a><\/p>\n<p>Znajd\u017a inspiracj\u0119 na kolejne przygody na <a href=\"https:\/\/www.instagram.com\/toidupakk\/\">Instagramie<\/a> i <a href=\"https:\/\/www.facebook.com\/Toidupakk\/\">Facebooku<\/a> Toidupakk.<\/p>\n","protected":false},"excerpt":{"rendered":"<p><strong>Chcesz czu\u0107 si\u0119 czysto i \u015bwie\u017co nawet podczas kilkudniowej wyprawy? Prysznic turystyczny pozwala umy\u0107 si\u0119 pod ciep\u0142\u0105, bie\u017c\u0105c\u0105 wod\u0105 \u2013 zupe\u0142nie jak w domu. <\/strong><\/p>\n<ul>\n<li>Wysokiej jako\u015bci, trwa\u0142y materia\u0142: 100% PVC<\/li>\n<li>Kranik i w\u0105\u017c z ko\u0144c\u00f3wk\u0105: 100% polipropylen<\/li>\n<li>Pojemno\u015b\u0107: 20 l<\/li>\n<li>Nagrzewany s\u0142o\u0144cem, \u015brednio w 2 godziny<\/li>\n<li>Uchwyt i sznurek do zawieszenia<\/li>\n<li>Bardzo kompaktowy po z\u0142o\u017ceniu \u2013 zajmuje ma\u0142o miejsca<\/li>\n<li>\u0141atwy w u\u017cyciu<\/li>\n<\/ul>\n<p>\u2705 Szybka dostawa w 1-3 dni robocze<br \/>\n\u2705 BEZP\u0141ATNY zwrot i wymiana<\/p>\n","protected":false},"featured_media":3006,"comment_status":"open","ping_status":"closed","template":"","meta":{"_acf_changed":false},"product_brand":[],"product_cat":[303,314,301],"product_tag":[],"class_list":{"0":"post-51494","1":"product","2":"type-product","3":"status-publish","4":"has-post-thumbnail","6":"product_cat-akcesoria-turystyczne","7":"product_cat-nocowanie-w-naturze","8":"product_cat-sprzet-turystyczny","10":"first","11":"instock","12":"taxable","13":"shipping-taxable","14":"purchasable","15":"product-type-simple"},"bundled_by":[],"bundle_stock_status":"instock","bundle_stock_quantity":5,"bundle_virtual":false,"bundle_layout":"","bundle_add_to_cart_form_location":"","bundle_editable_in_cart":false,"bundle_sold_individually_context":"","bundle_item_grouping":"","bundle_min_size":"","bundle_max_size":"","bundle_price":[],"bundled_items":[],"bundle_sell_ids":[],"acf":[],"yoast_head":"<!-- This site is optimized with the Yoast SEO plugin v27.1.1 - https:\/\/yoast.com\/product\/yoast-seo-wordpress\/ -->\n<title>Prysznic turystyczny 20 l - Toidupakk.ee - Tactical Foodpack toidupakid<\/title>\n<meta name=\"description\" content=\"Prysznic turystyczny to idealne rozwi\u0105zanie, aby od\u015bwie\u017cy\u0107 si\u0119 pod ciep\u0142\u0105, bie\u017c\u0105c\u0105 wod\u0105 podczas wyprawy. Przeno\u015bny prysznic nagrzewa wod\u0119, wykorzystuj\u0105c energi\u0119 s\u0142oneczn\u0105.\" \/>\n<meta name=\"robots\" content=\"index, follow, max-snippet:-1, max-image-preview:large, max-video-preview:-1\" \/>\n<link rel=\"canonical\" href=\"https:\/\/toidupakk.ee\/pl\/toode\/prysznic-turystyczny-20-l\/\" \/>\n<meta property=\"og:locale\" content=\"pl_PL\" \/>\n<meta property=\"og:type\" content=\"article\" \/>\n<meta property=\"og:title\" content=\"Prysznic turystyczny 20 l - Toidupakk.ee - Tactical Foodpack toidupakid\" \/>\n<meta property=\"og:description\" content=\"Prysznic turystyczny to idealne rozwi\u0105zanie, aby od\u015bwie\u017cy\u0107 si\u0119 pod ciep\u0142\u0105, bie\u017c\u0105c\u0105 wod\u0105 podczas wyprawy. Przeno\u015bny prysznic nagrzewa wod\u0119, wykorzystuj\u0105c energi\u0119 s\u0142oneczn\u0105.\" \/>\n<meta property=\"og:url\" content=\"https:\/\/toidupakk.ee\/pl\/toode\/prysznic-turystyczny-20-l\/\" \/>\n<meta property=\"og:site_name\" content=\"Toidupakk.ee - Tactical Foodpack toidupakid\" \/>\n<meta property=\"article:publisher\" content=\"https:\/\/www.facebook.com\/Toidupakk\" \/>\n<meta property=\"article:modified_time\" content=\"2026-04-04T01:00:28+00:00\" \/>\n<meta property=\"og:image\" content=\"https:\/\/toidupakk.ee\/wp-content\/uploads\/2022\/07\/Matkaduss-kaasaskantav-1.png\" \/>\n\t<meta property=\"og:image:width\" content=\"1080\" \/>\n\t<meta property=\"og:image:height\" content=\"1080\" \/>\n\t<meta property=\"og:image:type\" content=\"image\/png\" \/>\n<meta name=\"twitter:card\" content=\"summary_large_image\" \/>\n<meta name=\"twitter:label1\" content=\"Szacowany czas czytania\" \/>\n\t<meta name=\"twitter:data1\" content=\"2 minuty\" \/>\n<script type=\"application\/ld+json\" class=\"yoast-schema-graph\">{\"@context\":\"https:\/\/schema.org\",\"@graph\":[{\"@type\":\"WebPage\",\"@id\":\"https:\/\/toidupakk.ee\/pl\/toode\/prysznic-turystyczny-20-l\/\",\"url\":\"https:\/\/toidupakk.ee\/pl\/toode\/prysznic-turystyczny-20-l\/\",\"name\":\"Prysznic turystyczny 20 l - Toidupakk.ee - Tactical Foodpack toidupakid\",\"isPartOf\":{\"@id\":\"https:\/\/toidupakk.ee\/pl\/#website\"},\"primaryImageOfPage\":{\"@id\":\"https:\/\/toidupakk.ee\/pl\/toode\/prysznic-turystyczny-20-l\/#primaryimage\"},\"image\":{\"@id\":\"https:\/\/toidupakk.ee\/pl\/toode\/prysznic-turystyczny-20-l\/#primaryimage\"},\"thumbnailUrl\":\"https:\/\/toidupakk.ee\/wp-content\/uploads\/2022\/07\/Matkaduss-kaasaskantav-1.png\",\"datePublished\":\"2022-08-22T11:15:47+00:00\",\"dateModified\":\"2026-04-04T01:00:28+00:00\",\"description\":\"Prysznic turystyczny to idealne rozwi\u0105zanie, aby od\u015bwie\u017cy\u0107 si\u0119 pod ciep\u0142\u0105, bie\u017c\u0105c\u0105 wod\u0105 podczas wyprawy. Przeno\u015bny prysznic nagrzewa wod\u0119, wykorzystuj\u0105c energi\u0119 s\u0142oneczn\u0105.\",\"breadcrumb\":{\"@id\":\"https:\/\/toidupakk.ee\/pl\/toode\/prysznic-turystyczny-20-l\/#breadcrumb\"},\"inLanguage\":\"pl-PL\",\"potentialAction\":[{\"@type\":\"ReadAction\",\"target\":[\"https:\/\/toidupakk.ee\/pl\/toode\/prysznic-turystyczny-20-l\/\"]}]},{\"@type\":\"ImageObject\",\"inLanguage\":\"pl-PL\",\"@id\":\"https:\/\/toidupakk.ee\/pl\/toode\/prysznic-turystyczny-20-l\/#primaryimage\",\"url\":\"https:\/\/toidupakk.ee\/wp-content\/uploads\/2022\/07\/Matkaduss-kaasaskantav-1.png\",\"contentUrl\":\"https:\/\/toidupakk.ee\/wp-content\/uploads\/2022\/07\/Matkaduss-kaasaskantav-1.png\",\"width\":1080,\"height\":1080,\"caption\":\"Matkadu\u0161\u0161 matkale\"},{\"@type\":\"BreadcrumbList\",\"@id\":\"https:\/\/toidupakk.ee\/pl\/toode\/prysznic-turystyczny-20-l\/#breadcrumb\",\"itemListElement\":[{\"@type\":\"ListItem\",\"position\":1,\"name\":\"Avaleht\",\"item\":\"https:\/\/toidupakk.ee\/pl\/\"},{\"@type\":\"ListItem\",\"position\":2,\"name\":\"Sklep internetowy\",\"item\":\"https:\/\/toidupakk.ee\/pl\/sklep-internetowy\/\"},{\"@type\":\"ListItem\",\"position\":3,\"name\":\"Prysznic turystyczny 20 l\"}]},{\"@type\":\"WebSite\",\"@id\":\"https:\/\/toidupakk.ee\/pl\/#website\",\"url\":\"https:\/\/toidupakk.ee\/pl\/\",\"name\":\"Toidupakk.ee - Tactical Foodpack toidupakid\",\"description\":\"Tactical Foodpack k\u00fclmkuivatatud toidupakid ja matkaeined\",\"publisher\":{\"@id\":\"https:\/\/toidupakk.ee\/pl\/#organization\"},\"potentialAction\":[{\"@type\":\"SearchAction\",\"target\":{\"@type\":\"EntryPoint\",\"urlTemplate\":\"https:\/\/toidupakk.ee\/pl\/?s={search_term_string}\"},\"query-input\":{\"@type\":\"PropertyValueSpecification\",\"valueRequired\":true,\"valueName\":\"search_term_string\"}}],\"inLanguage\":\"pl-PL\"},{\"@type\":\"Organization\",\"@id\":\"https:\/\/toidupakk.ee\/pl\/#organization\",\"name\":\"Tactical Foodpack matkaeined\",\"url\":\"https:\/\/toidupakk.ee\/pl\/\",\"logo\":{\"@type\":\"ImageObject\",\"inLanguage\":\"pl-PL\",\"@id\":\"https:\/\/toidupakk.ee\/pl\/#\/schema\/logo\/image\/\",\"url\":\"https:\/\/toidupakk.ee\/wp-content\/uploads\/2022\/01\/Toidupakk-matkapood-logo-transparent.png\",\"contentUrl\":\"https:\/\/toidupakk.ee\/wp-content\/uploads\/2022\/01\/Toidupakk-matkapood-logo-transparent.png\",\"width\":500,\"height\":500,\"caption\":\"Tactical Foodpack matkaeined\"},\"image\":{\"@id\":\"https:\/\/toidupakk.ee\/pl\/#\/schema\/logo\/image\/\"},\"sameAs\":[\"https:\/\/www.facebook.com\/Toidupakk\",\"https:\/\/www.instagram.com\/toidupakk\/\"]}]}<\/script>\n<!-- \/ Yoast SEO plugin. -->","yoast_head_json":{"title":"Prysznic turystyczny 20 l - Toidupakk.ee - Tactical Foodpack toidupakid","description":"Prysznic turystyczny to idealne rozwi\u0105zanie, aby od\u015bwie\u017cy\u0107 si\u0119 pod ciep\u0142\u0105, bie\u017c\u0105c\u0105 wod\u0105 podczas wyprawy. Przeno\u015bny prysznic nagrzewa wod\u0119, wykorzystuj\u0105c energi\u0119 s\u0142oneczn\u0105.","robots":{"index":"index","follow":"follow","max-snippet":"max-snippet:-1","max-image-preview":"max-image-preview:large","max-video-preview":"max-video-preview:-1"},"canonical":"https:\/\/toidupakk.ee\/pl\/toode\/prysznic-turystyczny-20-l\/","og_locale":"pl_PL","og_type":"article","og_title":"Prysznic turystyczny 20 l - Toidupakk.ee - Tactical Foodpack toidupakid","og_description":"Prysznic turystyczny to idealne rozwi\u0105zanie, aby od\u015bwie\u017cy\u0107 si\u0119 pod ciep\u0142\u0105, bie\u017c\u0105c\u0105 wod\u0105 podczas wyprawy. Przeno\u015bny prysznic nagrzewa wod\u0119, wykorzystuj\u0105c energi\u0119 s\u0142oneczn\u0105.","og_url":"https:\/\/toidupakk.ee\/pl\/toode\/prysznic-turystyczny-20-l\/","og_site_name":"Toidupakk.ee - Tactical Foodpack toidupakid","article_publisher":"https:\/\/www.facebook.com\/Toidupakk","article_modified_time":"2026-04-04T01:00:28+00:00","og_image":[{"width":1080,"height":1080,"url":"https:\/\/toidupakk.ee\/wp-content\/uploads\/2022\/07\/Matkaduss-kaasaskantav-1.png","type":"image\/png"}],"twitter_card":"summary_large_image","twitter_misc":{"Szacowany czas czytania":"2 minuty"},"schema":{"@context":"https:\/\/schema.org","@graph":[{"@type":"WebPage","@id":"https:\/\/toidupakk.ee\/pl\/toode\/prysznic-turystyczny-20-l\/","url":"https:\/\/toidupakk.ee\/pl\/toode\/prysznic-turystyczny-20-l\/","name":"Prysznic turystyczny 20 l - Toidupakk.ee - Tactical Foodpack toidupakid","isPartOf":{"@id":"https:\/\/toidupakk.ee\/pl\/#website"},"primaryImageOfPage":{"@id":"https:\/\/toidupakk.ee\/pl\/toode\/prysznic-turystyczny-20-l\/#primaryimage"},"image":{"@id":"https:\/\/toidupakk.ee\/pl\/toode\/prysznic-turystyczny-20-l\/#primaryimage"},"thumbnailUrl":"https:\/\/toidupakk.ee\/wp-content\/uploads\/2022\/07\/Matkaduss-kaasaskantav-1.png","datePublished":"2022-08-22T11:15:47+00:00","dateModified":"2026-04-04T01:00:28+00:00","description":"Prysznic turystyczny to idealne rozwi\u0105zanie, aby od\u015bwie\u017cy\u0107 si\u0119 pod ciep\u0142\u0105, bie\u017c\u0105c\u0105 wod\u0105 podczas wyprawy. Przeno\u015bny prysznic nagrzewa wod\u0119, wykorzystuj\u0105c energi\u0119 s\u0142oneczn\u0105.","breadcrumb":{"@id":"https:\/\/toidupakk.ee\/pl\/toode\/prysznic-turystyczny-20-l\/#breadcrumb"},"inLanguage":"pl-PL","potentialAction":[{"@type":"ReadAction","target":["https:\/\/toidupakk.ee\/pl\/toode\/prysznic-turystyczny-20-l\/"]}]},{"@type":"ImageObject","inLanguage":"pl-PL","@id":"https:\/\/toidupakk.ee\/pl\/toode\/prysznic-turystyczny-20-l\/#primaryimage","url":"https:\/\/toidupakk.ee\/wp-content\/uploads\/2022\/07\/Matkaduss-kaasaskantav-1.png","contentUrl":"https:\/\/toidupakk.ee\/wp-content\/uploads\/2022\/07\/Matkaduss-kaasaskantav-1.png","width":1080,"height":1080,"caption":"Matkadu\u0161\u0161 matkale"},{"@type":"BreadcrumbList","@id":"https:\/\/toidupakk.ee\/pl\/toode\/prysznic-turystyczny-20-l\/#breadcrumb","itemListElement":[{"@type":"ListItem","position":1,"name":"Avaleht","item":"https:\/\/toidupakk.ee\/pl\/"},{"@type":"ListItem","position":2,"name":"Sklep internetowy","item":"https:\/\/toidupakk.ee\/pl\/sklep-internetowy\/"},{"@type":"ListItem","position":3,"name":"Prysznic turystyczny 20 l"}]},{"@type":"WebSite","@id":"https:\/\/toidupakk.ee\/pl\/#website","url":"https:\/\/toidupakk.ee\/pl\/","name":"Toidupakk.ee - Tactical Foodpack toidupakid","description":"Tactical Foodpack k\u00fclmkuivatatud toidupakid ja matkaeined","publisher":{"@id":"https:\/\/toidupakk.ee\/pl\/#organization"},"potentialAction":[{"@type":"SearchAction","target":{"@type":"EntryPoint","urlTemplate":"https:\/\/toidupakk.ee\/pl\/?s={search_term_string}"},"query-input":{"@type":"PropertyValueSpecification","valueRequired":true,"valueName":"search_term_string"}}],"inLanguage":"pl-PL"},{"@type":"Organization","@id":"https:\/\/toidupakk.ee\/pl\/#organization","name":"Tactical Foodpack matkaeined","url":"https:\/\/toidupakk.ee\/pl\/","logo":{"@type":"ImageObject","inLanguage":"pl-PL","@id":"https:\/\/toidupakk.ee\/pl\/#\/schema\/logo\/image\/","url":"https:\/\/toidupakk.ee\/wp-content\/uploads\/2022\/01\/Toidupakk-matkapood-logo-transparent.png","contentUrl":"https:\/\/toidupakk.ee\/wp-content\/uploads\/2022\/01\/Toidupakk-matkapood-logo-transparent.png","width":500,"height":500,"caption":"Tactical Foodpack matkaeined"},"image":{"@id":"https:\/\/toidupakk.ee\/pl\/#\/schema\/logo\/image\/"},"sameAs":["https:\/\/www.facebook.com\/Toidupakk","https:\/\/www.instagram.com\/toidupakk\/"]}]}},"jetpack_sharing_enabled":true,"_links":{"self":[{"href":"https:\/\/toidupakk.ee\/pl\/wp-json\/wp\/v2\/product\/51494","targetHints":{"allow":["GET"]}}],"collection":[{"href":"https:\/\/toidupakk.ee\/pl\/wp-json\/wp\/v2\/product"}],"about":[{"href":"https:\/\/toidupakk.ee\/pl\/wp-json\/wp\/v2\/types\/product"}],"replies":[{"embeddable":true,"href":"https:\/\/toidupakk.ee\/pl\/wp-json\/wp\/v2\/comments?post=51494"}],"wp:featuredmedia":[{"embeddable":true,"href":"https:\/\/toidupakk.ee\/pl\/wp-json\/wp\/v2\/media\/3006"}],"wp:attachment":[{"href":"https:\/\/toidupakk.ee\/pl\/wp-json\/wp\/v2\/media?parent=51494"}],"wp:term":[{"taxonomy":"product_brand","embeddable":true,"href":"https:\/\/toidupakk.ee\/pl\/wp-json\/wp\/v2\/product_brand?post=51494"},{"taxonomy":"product_cat","embeddable":true,"href":"https:\/\/toidupakk.ee\/pl\/wp-json\/wp\/v2\/product_cat?post=51494"},{"taxonomy":"product_tag","embeddable":true,"href":"https:\/\/toidupakk.ee\/pl\/wp-json\/wp\/v2\/product_tag?post=51494"}],"curies":[{"name":"wp","href":"https:\/\/api.w.org\/{rel}","templated":true}]}}