{"id":51490,"date":"2022-10-12T13:10:13","date_gmt":"2022-10-12T10:10:13","guid":{"rendered":"https:\/\/toidupakk.ee\/toode\/gaz-turystyczny-230-g-kartusz-z-gwintem\/"},"modified":"2026-04-16T01:31:33","modified_gmt":"2026-04-15T22:31:33","slug":"gaz-turystyczny-230-g-kartusz-z-gwintem","status":"publish","type":"product","link":"https:\/\/toidupakk.ee\/pl\/toode\/gaz-turystyczny-230-g-kartusz-z-gwintem\/","title":{"rendered":"Gaz turystyczny 230 g, kartusz z gwintem"},"content":{"rendered":"<p><img fetchpriority=\"high\" decoding=\"async\" class=\"alignright wp-image-3636 size-thumbnail\" src=\"https:\/\/toidupakk.ee\/wp-content\/uploads\/2022\/10\/Gaasiballoon-matkale-230g-ja-227g-keermega-ja-ilma-1-500x500.png\" alt=\"butle z gazem turystycznym\" width=\"500\" height=\"500\" srcset=\"https:\/\/toidupakk.ee\/wp-content\/uploads\/2022\/10\/Gaasiballoon-matkale-230g-ja-227g-keermega-ja-ilma-1-500x500.png 500w, https:\/\/toidupakk.ee\/wp-content\/uploads\/2022\/10\/Gaasiballoon-matkale-230g-ja-227g-keermega-ja-ilma-1-400x400.png 400w, https:\/\/toidupakk.ee\/wp-content\/uploads\/2022\/10\/Gaasiballoon-matkale-230g-ja-227g-keermega-ja-ilma-1-100x100.png 100w, https:\/\/toidupakk.ee\/wp-content\/uploads\/2022\/10\/Gaasiballoon-matkale-230g-ja-227g-keermega-ja-ilma-1-800x800.png 800w, https:\/\/toidupakk.ee\/wp-content\/uploads\/2022\/10\/Gaasiballoon-matkale-230g-ja-227g-keermega-ja-ilma-1-300x300.png 300w, https:\/\/toidupakk.ee\/wp-content\/uploads\/2022\/10\/Gaasiballoon-matkale-230g-ja-227g-keermega-ja-ilma-1-1024x1024.png 1024w, https:\/\/toidupakk.ee\/wp-content\/uploads\/2022\/10\/Gaasiballoon-matkale-230g-ja-227g-keermega-ja-ilma-1-768x768.png 768w, https:\/\/toidupakk.ee\/wp-content\/uploads\/2022\/10\/Gaasiballoon-matkale-230g-ja-227g-keermega-ja-ilma-1.png 1080w\" sizes=\"(max-width: 500px) 100vw, 500px\" \/><\/p>\n<h3>Gaz turystyczny 230 g, kartusz z gwintem \u2013 Niezawodne rozwi\u0105zanie na ka\u017cd\u0105 przygod\u0119!<\/h3>\n<p>Gaz turystyczny 230 g z gwintem to idealne rozwi\u0105zanie na kemping, do lasu, na polowanie czy rejs \u0142odzi\u0105. Kartusz jest przeznaczony do kuchenek turystycznych, grzejnik\u00f3w gazowych, lamp i innych palnik\u00f3w. Przygotuj ciep\u0142y posi\u0142ek lub zagotuj wod\u0119, gdziekolwiek jeste\u015b.  <\/p>\n<p>Gaz turystyczny posiada gwintowany kr\u00f3cie\u0107 do pod\u0142\u0105czenia urz\u0105dze\u0144. Zaw\u00f3r gwintowany zapewnia bezpiecze\u0144stwo i zapobiega wyciekom gazu podczas pod\u0142\u0105czania i od\u0142\u0105czania. Dzi\u0119ki temu gazy turystyczne EL GAZ s\u0105 wygodne w wielokrotnym u\u017cyciu.  <\/p>\n<p><em>Gaz turystyczny zawiera 230 g butanu.<\/em><\/p>\n<p><strong>Sk\u0142ad:<\/strong> butan<\/p>\n<p><strong>Kartusz gazowy jest przeznaczony do kuchenek turystycznych z przy\u0142\u0105czem gwintowanym.<\/strong>  Ten kartusz gazowy pasuje do urz\u0105dze\u0144 zasilanych butanem pod ci\u015bnieniem bezpo\u015brednim, posiadaj\u0105cych przy\u0142\u0105cze gwintowane 7\/16. Produkt spe\u0142nia wymagania normy EN417:2012. <\/p>\n<h4>Dlaczego warto wybra\u0107 gaz turystyczny?<\/h4>\n<p>Gaz turystyczny to niezast\u0105piony pomocnik dla ka\u017cdego mi\u0142o\u015bnika natury, gdy trzeba szybko i bezpiecznie przygotowa\u0107 posi\u0142ek lub zagotowa\u0107 wod\u0119. <strong>Gaz turystyczny<\/strong> idealnie sprawdza si\u0119 na wyprawach, polowaniach, rejsach czy nawet piknikach. Dzi\u0119ki gwintowanemu po\u0142\u0105czeniu jest \u0142atwy i bezpieczny w u\u017cyciu. Je\u015bli szukasz wysokiej jako\u015bci gazu, kt\u00f3ry jest niezawodny i wygodny, jeste\u015b we w\u0142a\u015bciwym miejscu!   <\/p>\n<hr>\n<h4>Cechy i zalety gazu turystycznego<\/h4>\n<ul>\n<li><strong>Bezpieczny i \u0142atwy w u\u017cyciu<\/strong><br \/>\nZaw\u00f3r gwintowany zapewnia bezpieczne po\u0142\u0105czenie i minimalizuje ryzyko wycieku gazu. Dzi\u0119ki temu korzystanie z kartusza jest bezpieczne nawet dla pocz\u0105tkuj\u0105cych. Ponadto kartusz mo\u017cna wielokrotnie pod\u0142\u0105cza\u0107 i od\u0142\u0105cza\u0107, co czyni go praktycznym wyborem na cz\u0119ste wyprawy.  <\/li>\n<li><strong>Uniwersalne dopasowanie<\/strong><br \/>\nGaz turystyczny 230 g pasuje do wszystkich kuchenek, palnik\u00f3w, lamp i innych urz\u0105dze\u0144 z przy\u0142\u0105czem gwintowanym. Zgodno\u015b\u0107 z norm\u0105 EN417:2012 daje pewno\u015b\u0107, \u017ce produkt zadzia\u0142a bez zarzutu nawet w najtrudniejszych warunkach. <\/li>\n<li><strong>Lekki i kompaktowy<\/strong><br \/>\nPojemno\u015b\u0107 230 g to idealny rozmiar dla w\u0119drowc\u00f3w i poszukiwaczy przyg\u00f3d, kt\u00f3rzy musz\u0105 dba\u0107 o wag\u0119 ekwipunku. Kompaktowa konstrukcja pozwala na wygodne spakowanie go do plecaka. <\/li>\n<li><strong>Wysokiej jako\u015bci butan<\/strong><br \/>\nKartusz zawiera czysty butan, kt\u00f3ry zapewnia d\u0142ugi i stabilny czas spalania, niezale\u017cnie od warunk\u00f3w pogodowych.<\/li>\n<\/ul>\n<hr>\n<h4><img decoding=\"async\" class=\"alignright wp-image-3635 size-thumbnail\" src=\"https:\/\/toidupakk.ee\/wp-content\/uploads\/2022\/10\/Gaasiballoon-matkale-230g-keermega-2-500x500.png\" alt=\"Gaz do kuchenki turystycznej\" width=\"500\" height=\"500\" srcset=\"https:\/\/toidupakk.ee\/wp-content\/uploads\/2022\/10\/Gaasiballoon-matkale-230g-keermega-2-500x500.png 500w, https:\/\/toidupakk.ee\/wp-content\/uploads\/2022\/10\/Gaasiballoon-matkale-230g-keermega-2-400x400.png 400w, https:\/\/toidupakk.ee\/wp-content\/uploads\/2022\/10\/Gaasiballoon-matkale-230g-keermega-2-100x100.png 100w, https:\/\/toidupakk.ee\/wp-content\/uploads\/2022\/10\/Gaasiballoon-matkale-230g-keermega-2-800x800.png 800w, https:\/\/toidupakk.ee\/wp-content\/uploads\/2022\/10\/Gaasiballoon-matkale-230g-keermega-2-300x300.png 300w, https:\/\/toidupakk.ee\/wp-content\/uploads\/2022\/10\/Gaasiballoon-matkale-230g-keermega-2-1024x1024.png 1024w, https:\/\/toidupakk.ee\/wp-content\/uploads\/2022\/10\/Gaasiballoon-matkale-230g-keermega-2-768x768.png 768w, https:\/\/toidupakk.ee\/wp-content\/uploads\/2022\/10\/Gaasiballoon-matkale-230g-keermega-2.png 1080w\" sizes=\"(max-width: 500px) 100vw, 500px\" \/><\/h4>\n<h4>Dla kogo jest gaz turystyczny?<\/h4>\n<ol>\n<li><strong>Tury\u015bci i poszukiwacze przyg\u00f3d<\/strong><br \/>\nGdy jeste\u015b na szlaku, przygotowanie gor\u0105cego posi\u0142ku z gazem turystycznym jest szybkie i proste. To kompaktowe i niezawodne rozwi\u0105zanie na ka\u017cd\u0105 wypraw\u0119. <\/li>\n<li><strong>My\u015bliwi i w\u0119dkarze<\/strong><br \/>\nPodczas d\u0142u\u017cszego pobytu na \u0142onie natury potrzebujesz sprz\u0119tu, kt\u00f3ry Ci\u0119 nie zawiedzie. Gaz turystyczny 230 g z gwintem idealnie odpowiada na te potrzeby. <\/li>\n<li><strong>Mi\u0142o\u015bnicy piknik\u00f3w i gotowania w plenerze<\/strong><br \/>\nKartusz gazowy \u015bwietnie sprawdza si\u0119 tak\u017ce podczas prostszych aktywno\u015bci na \u015bwie\u017cym powietrzu, takich jak piknik czy wieczorny grill.<\/li>\n<\/ol>\n<hr>\n<h4>Specyfikacja<\/h4>\n<ul>\n<li><strong>Pojemno\u015b\u0107:<\/strong> 230 g butanu<\/li>\n<li><strong>Po\u0142\u0105czenie:<\/strong> gwint 7\/16<\/li>\n<li><strong>Norma:<\/strong> Zgodna z wymogami EN417:2012<\/li>\n<\/ul>\n<hr>\n<h4>Szybka dostawa i wygoda<\/h4>\n<p>\u2705  <strong>Dost\u0119pny w magazynie<\/strong><br \/>\n\u2705 <strong>Czas dostawy:<\/strong> 1\u20133 dni robocze <\/p>\n<hr>\n<h4>Jak u\u017cywa\u0107 gazu turystycznego?<\/h4>\n<p>U\u017cywanie gazu turystycznego jest proste i bezpieczne. Upewnij si\u0119, \u017ce Twoja kuchenka lub palnik ma odpowiednie przy\u0142\u0105cze gwintowane. Mocno przykr\u0119\u0107 kartusz do urz\u0105dzenia, ale nie u\u017cywaj nadmiernej si\u0142y. Po u\u017cyciu od\u0142\u0105cz kartusz i przechowuj go w ch\u0142odnym, suchym miejscu, z dala od bezpo\u015bredniego \u015bwiat\u0142a s\u0142onecznego.   <\/p>\n<hr>\n<h3>Znajd\u017a inspiracj\u0119 i zacznij przygod\u0119!<\/h3>\n<p>Kup gaz turystyczny ju\u017c dzi\u015b i ciesz si\u0119 beztroskim gotowaniem w plenerze. W naszym sklepie internetowym znajdziesz te\u017c wiele innych przydatnych akcesori\u00f3w kempingowych. Zainspiruj si\u0119 naszym <strong><a href=\"#\" rel=\"noopener\">Instagramem<\/a><\/strong> i <strong><a href=\"#\" rel=\"noopener\">Facebookiem<\/a><\/strong>, aby zaplanowa\u0107 kolejn\u0105 przygod\u0119!  <\/p>\n<p>Zobacz wi\u0119cej akcesori\u00f3w turystycznych <a href=\"https:\/\/toidupakk.ee\/pl\/tootekategooria\/sprzet-turystyczny\/#section-3-79\">TUTAJ<\/a><\/p>\n<p>Znajd\u017a inspiracj\u0119 na kolejne przygody na <a href=\"https:\/\/www.instagram.com\/toidupakk\/\">Instagramie<\/a> i <a href=\"https:\/\/www.facebook.com\/Toidupakk\/\">Facebooku<\/a> Toidupakk.<\/p>\n","protected":false},"excerpt":{"rendered":"<p><strong>Kartusz gazowy z gwintem \/ gaz turystyczny przeznaczony do u\u017cytku na kempingu, w lesie, na polowaniu, rejsie \u0142odzi\u0105 lub w innych miejscach. Pasuje do wszystkich kuchenek i urz\u0105dze\u0144 turystycznych z przy\u0142\u0105czem gwintowanym. <\/strong><br \/>\n<strong>Bezpieczny zaw\u00f3r gwintowany umo\u017cliwiaj\u0105cy wielokrotne pod\u0142\u0105czanie kartusza. U\u017cywaj z palnikiem gazowym, kuchenk\u0105 gazow\u0105, grzejnikiem gazowym itp. <\/strong><\/p>\n<ul>\n<li>Kartusz gazowy z gwintem \/ gaz turystyczny<\/li>\n<li>Pojemno\u015b\u0107: 230 ml<\/li>\n<li>Zawarto\u015b\u0107: butan<\/li>\n<li>spe\u0142nia wymagania normy EN417:2012<\/li>\n<\/ul>\n<p>\u2705 Dost\u0119pne w magazynie, szybka dostawa w 1\u20133 dni robocze<\/p>\n","protected":false},"featured_media":51491,"comment_status":"open","ping_status":"closed","template":"","meta":{"_acf_changed":false},"product_brand":[],"product_cat":[303,352,332,307,301],"product_tag":[305],"class_list":{"0":"post-51490","1":"product","2":"type-product","3":"status-publish","4":"has-post-thumbnail","6":"product_cat-akcesoria-turystyczne","7":"product_cat-gazy","8":"product_cat-kuchenki-turystyczne","9":"product_cat-przygotowywanie-posilkow","10":"product_cat-sprzet-turystyczny","11":"product_tag-no_ads","13":"first","14":"instock","15":"sale","16":"taxable","17":"shipping-taxable","18":"purchasable","19":"product-type-simple"},"bundled_by":[],"bundle_stock_status":"instock","bundle_stock_quantity":43,"bundle_virtual":false,"bundle_layout":"","bundle_add_to_cart_form_location":"","bundle_editable_in_cart":false,"bundle_sold_individually_context":"","bundle_item_grouping":"","bundle_min_size":"","bundle_max_size":"","bundle_price":[],"bundled_items":[],"bundle_sell_ids":[],"acf":[],"yoast_head":"<!-- This site is optimized with the Yoast SEO plugin v27.3 - https:\/\/yoast.com\/product\/yoast-seo-wordpress\/ -->\n<title>Gaz turystyczny 230 g, kartusz z gwintem<\/title>\n<meta name=\"description\" content=\"Gaz turystyczny przeznaczony do u\u017cytku na kempingu, w lesie, na polowaniu, rejsie \u0142odzi\u0105 lub w innych miejscach. U\u017cywaj z palnikiem gazowym, kuchenk\u0105 gazow\u0105 lub np. grzejnikiem gazowym.\" \/>\n<meta name=\"robots\" content=\"index, follow, max-snippet:-1, max-image-preview:large, max-video-preview:-1\" \/>\n<link rel=\"canonical\" href=\"https:\/\/toidupakk.ee\/pl\/toode\/gaz-turystyczny-230-g-kartusz-z-gwintem\/\" \/>\n<meta property=\"og:locale\" content=\"pl_PL\" \/>\n<meta property=\"og:type\" content=\"article\" \/>\n<meta property=\"og:title\" content=\"Gaz turystyczny 230 g, kartusz z gwintem\" \/>\n<meta property=\"og:description\" content=\"Gaz turystyczny przeznaczony do u\u017cytku na kempingu, w lesie, na polowaniu, rejsie \u0142odzi\u0105 lub w innych miejscach. U\u017cywaj z palnikiem gazowym, kuchenk\u0105 gazow\u0105 lub np. grzejnikiem gazowym.\" \/>\n<meta property=\"og:url\" content=\"https:\/\/toidupakk.ee\/pl\/toode\/gaz-turystyczny-230-g-kartusz-z-gwintem\/\" \/>\n<meta property=\"og:site_name\" content=\"Toidupakk.ee - Tactical Foodpack toidupakid\" \/>\n<meta property=\"article:publisher\" content=\"https:\/\/www.facebook.com\/Toidupakk\" \/>\n<meta property=\"article:modified_time\" content=\"2026-04-15T22:31:33+00:00\" \/>\n<meta property=\"og:image\" content=\"https:\/\/toidupakk.ee\/wp-content\/uploads\/2022\/10\/Gaasiballoon-matkale-230g-keermega-1.png\" \/>\n\t<meta property=\"og:image:width\" content=\"1080\" \/>\n\t<meta property=\"og:image:height\" content=\"1080\" \/>\n\t<meta property=\"og:image:type\" content=\"image\/png\" \/>\n<meta name=\"twitter:card\" content=\"summary_large_image\" \/>\n<meta name=\"twitter:label1\" content=\"Szacowany czas czytania\" \/>\n\t<meta name=\"twitter:data1\" content=\"3 minuty\" \/>\n<script type=\"application\/ld+json\" class=\"yoast-schema-graph\">{\"@context\":\"https:\\\/\\\/schema.org\",\"@graph\":[{\"@type\":\"WebPage\",\"@id\":\"https:\\\/\\\/toidupakk.ee\\\/pl\\\/toode\\\/gaz-turystyczny-230-g-kartusz-z-gwintem\\\/\",\"url\":\"https:\\\/\\\/toidupakk.ee\\\/pl\\\/toode\\\/gaz-turystyczny-230-g-kartusz-z-gwintem\\\/\",\"name\":\"Gaz turystyczny 230 g, kartusz z gwintem\",\"isPartOf\":{\"@id\":\"https:\\\/\\\/toidupakk.ee\\\/pl\\\/#website\"},\"primaryImageOfPage\":{\"@id\":\"https:\\\/\\\/toidupakk.ee\\\/pl\\\/toode\\\/gaz-turystyczny-230-g-kartusz-z-gwintem\\\/#primaryimage\"},\"image\":{\"@id\":\"https:\\\/\\\/toidupakk.ee\\\/pl\\\/toode\\\/gaz-turystyczny-230-g-kartusz-z-gwintem\\\/#primaryimage\"},\"thumbnailUrl\":\"https:\\\/\\\/toidupakk.ee\\\/wp-content\\\/uploads\\\/2022\\\/10\\\/Gaasiballoon-matkale-230g-keermega-1.png\",\"datePublished\":\"2022-10-12T10:10:13+00:00\",\"dateModified\":\"2026-04-15T22:31:33+00:00\",\"description\":\"Gaz turystyczny przeznaczony do u\u017cytku na kempingu, w lesie, na polowaniu, rejsie \u0142odzi\u0105 lub w innych miejscach. U\u017cywaj z palnikiem gazowym, kuchenk\u0105 gazow\u0105 lub np. grzejnikiem gazowym.\",\"breadcrumb\":{\"@id\":\"https:\\\/\\\/toidupakk.ee\\\/pl\\\/toode\\\/gaz-turystyczny-230-g-kartusz-z-gwintem\\\/#breadcrumb\"},\"inLanguage\":\"pl-PL\",\"potentialAction\":[{\"@type\":\"ReadAction\",\"target\":[\"https:\\\/\\\/toidupakk.ee\\\/pl\\\/toode\\\/gaz-turystyczny-230-g-kartusz-z-gwintem\\\/\"]}]},{\"@type\":\"ImageObject\",\"inLanguage\":\"pl-PL\",\"@id\":\"https:\\\/\\\/toidupakk.ee\\\/pl\\\/toode\\\/gaz-turystyczny-230-g-kartusz-z-gwintem\\\/#primaryimage\",\"url\":\"https:\\\/\\\/toidupakk.ee\\\/wp-content\\\/uploads\\\/2022\\\/10\\\/Gaasiballoon-matkale-230g-keermega-1.png\",\"contentUrl\":\"https:\\\/\\\/toidupakk.ee\\\/wp-content\\\/uploads\\\/2022\\\/10\\\/Gaasiballoon-matkale-230g-keermega-1.png\",\"width\":1080,\"height\":1080,\"caption\":\"Turystyczny kartusz gazowy\"},{\"@type\":\"BreadcrumbList\",\"@id\":\"https:\\\/\\\/toidupakk.ee\\\/pl\\\/toode\\\/gaz-turystyczny-230-g-kartusz-z-gwintem\\\/#breadcrumb\",\"itemListElement\":[{\"@type\":\"ListItem\",\"position\":1,\"name\":\"Avaleht\",\"item\":\"https:\\\/\\\/toidupakk.ee\\\/pl\\\/\"},{\"@type\":\"ListItem\",\"position\":2,\"name\":\"Sklep internetowy\",\"item\":\"https:\\\/\\\/toidupakk.ee\\\/pl\\\/sklep-internetowy\\\/\"},{\"@type\":\"ListItem\",\"position\":3,\"name\":\"Gaz turystyczny 230 g, kartusz z gwintem\"}]},{\"@type\":\"WebSite\",\"@id\":\"https:\\\/\\\/toidupakk.ee\\\/pl\\\/#website\",\"url\":\"https:\\\/\\\/toidupakk.ee\\\/pl\\\/\",\"name\":\"Toidupakk.ee - Tactical Foodpack toidupakid\",\"description\":\"Tactical Foodpack k\u00fclmkuivatatud toidupakid ja matkaeined\",\"publisher\":{\"@id\":\"https:\\\/\\\/toidupakk.ee\\\/pl\\\/#organization\"},\"potentialAction\":[{\"@type\":\"SearchAction\",\"target\":{\"@type\":\"EntryPoint\",\"urlTemplate\":\"https:\\\/\\\/toidupakk.ee\\\/pl\\\/?s={search_term_string}\"},\"query-input\":{\"@type\":\"PropertyValueSpecification\",\"valueRequired\":true,\"valueName\":\"search_term_string\"}}],\"inLanguage\":\"pl-PL\"},{\"@type\":\"Organization\",\"@id\":\"https:\\\/\\\/toidupakk.ee\\\/pl\\\/#organization\",\"name\":\"Tactical Foodpack matkaeined\",\"url\":\"https:\\\/\\\/toidupakk.ee\\\/pl\\\/\",\"logo\":{\"@type\":\"ImageObject\",\"inLanguage\":\"pl-PL\",\"@id\":\"https:\\\/\\\/toidupakk.ee\\\/pl\\\/#\\\/schema\\\/logo\\\/image\\\/\",\"url\":\"https:\\\/\\\/toidupakk.ee\\\/wp-content\\\/uploads\\\/2022\\\/01\\\/Toidupakk-matkapood-logo-transparent.png\",\"contentUrl\":\"https:\\\/\\\/toidupakk.ee\\\/wp-content\\\/uploads\\\/2022\\\/01\\\/Toidupakk-matkapood-logo-transparent.png\",\"width\":500,\"height\":500,\"caption\":\"Tactical Foodpack matkaeined\"},\"image\":{\"@id\":\"https:\\\/\\\/toidupakk.ee\\\/pl\\\/#\\\/schema\\\/logo\\\/image\\\/\"},\"sameAs\":[\"https:\\\/\\\/www.facebook.com\\\/Toidupakk\",\"https:\\\/\\\/www.instagram.com\\\/toidupakk\\\/\"]}]}<\/script>\n<!-- \/ Yoast SEO plugin. -->","yoast_head_json":{"title":"Gaz turystyczny 230 g, kartusz z gwintem","description":"Gaz turystyczny przeznaczony do u\u017cytku na kempingu, w lesie, na polowaniu, rejsie \u0142odzi\u0105 lub w innych miejscach. U\u017cywaj z palnikiem gazowym, kuchenk\u0105 gazow\u0105 lub np. grzejnikiem gazowym.","robots":{"index":"index","follow":"follow","max-snippet":"max-snippet:-1","max-image-preview":"max-image-preview:large","max-video-preview":"max-video-preview:-1"},"canonical":"https:\/\/toidupakk.ee\/pl\/toode\/gaz-turystyczny-230-g-kartusz-z-gwintem\/","og_locale":"pl_PL","og_type":"article","og_title":"Gaz turystyczny 230 g, kartusz z gwintem","og_description":"Gaz turystyczny przeznaczony do u\u017cytku na kempingu, w lesie, na polowaniu, rejsie \u0142odzi\u0105 lub w innych miejscach. U\u017cywaj z palnikiem gazowym, kuchenk\u0105 gazow\u0105 lub np. grzejnikiem gazowym.","og_url":"https:\/\/toidupakk.ee\/pl\/toode\/gaz-turystyczny-230-g-kartusz-z-gwintem\/","og_site_name":"Toidupakk.ee - Tactical Foodpack toidupakid","article_publisher":"https:\/\/www.facebook.com\/Toidupakk","article_modified_time":"2026-04-15T22:31:33+00:00","og_image":[{"width":1080,"height":1080,"url":"https:\/\/toidupakk.ee\/wp-content\/uploads\/2022\/10\/Gaasiballoon-matkale-230g-keermega-1.png","type":"image\/png"}],"twitter_card":"summary_large_image","twitter_misc":{"Szacowany czas czytania":"3 minuty"},"schema":{"@context":"https:\/\/schema.org","@graph":[{"@type":"WebPage","@id":"https:\/\/toidupakk.ee\/pl\/toode\/gaz-turystyczny-230-g-kartusz-z-gwintem\/","url":"https:\/\/toidupakk.ee\/pl\/toode\/gaz-turystyczny-230-g-kartusz-z-gwintem\/","name":"Gaz turystyczny 230 g, kartusz z gwintem","isPartOf":{"@id":"https:\/\/toidupakk.ee\/pl\/#website"},"primaryImageOfPage":{"@id":"https:\/\/toidupakk.ee\/pl\/toode\/gaz-turystyczny-230-g-kartusz-z-gwintem\/#primaryimage"},"image":{"@id":"https:\/\/toidupakk.ee\/pl\/toode\/gaz-turystyczny-230-g-kartusz-z-gwintem\/#primaryimage"},"thumbnailUrl":"https:\/\/toidupakk.ee\/wp-content\/uploads\/2022\/10\/Gaasiballoon-matkale-230g-keermega-1.png","datePublished":"2022-10-12T10:10:13+00:00","dateModified":"2026-04-15T22:31:33+00:00","description":"Gaz turystyczny przeznaczony do u\u017cytku na kempingu, w lesie, na polowaniu, rejsie \u0142odzi\u0105 lub w innych miejscach. U\u017cywaj z palnikiem gazowym, kuchenk\u0105 gazow\u0105 lub np. grzejnikiem gazowym.","breadcrumb":{"@id":"https:\/\/toidupakk.ee\/pl\/toode\/gaz-turystyczny-230-g-kartusz-z-gwintem\/#breadcrumb"},"inLanguage":"pl-PL","potentialAction":[{"@type":"ReadAction","target":["https:\/\/toidupakk.ee\/pl\/toode\/gaz-turystyczny-230-g-kartusz-z-gwintem\/"]}]},{"@type":"ImageObject","inLanguage":"pl-PL","@id":"https:\/\/toidupakk.ee\/pl\/toode\/gaz-turystyczny-230-g-kartusz-z-gwintem\/#primaryimage","url":"https:\/\/toidupakk.ee\/wp-content\/uploads\/2022\/10\/Gaasiballoon-matkale-230g-keermega-1.png","contentUrl":"https:\/\/toidupakk.ee\/wp-content\/uploads\/2022\/10\/Gaasiballoon-matkale-230g-keermega-1.png","width":1080,"height":1080,"caption":"Turystyczny kartusz gazowy"},{"@type":"BreadcrumbList","@id":"https:\/\/toidupakk.ee\/pl\/toode\/gaz-turystyczny-230-g-kartusz-z-gwintem\/#breadcrumb","itemListElement":[{"@type":"ListItem","position":1,"name":"Avaleht","item":"https:\/\/toidupakk.ee\/pl\/"},{"@type":"ListItem","position":2,"name":"Sklep internetowy","item":"https:\/\/toidupakk.ee\/pl\/sklep-internetowy\/"},{"@type":"ListItem","position":3,"name":"Gaz turystyczny 230 g, kartusz z gwintem"}]},{"@type":"WebSite","@id":"https:\/\/toidupakk.ee\/pl\/#website","url":"https:\/\/toidupakk.ee\/pl\/","name":"Toidupakk.ee - Tactical Foodpack toidupakid","description":"Tactical Foodpack k\u00fclmkuivatatud toidupakid ja matkaeined","publisher":{"@id":"https:\/\/toidupakk.ee\/pl\/#organization"},"potentialAction":[{"@type":"SearchAction","target":{"@type":"EntryPoint","urlTemplate":"https:\/\/toidupakk.ee\/pl\/?s={search_term_string}"},"query-input":{"@type":"PropertyValueSpecification","valueRequired":true,"valueName":"search_term_string"}}],"inLanguage":"pl-PL"},{"@type":"Organization","@id":"https:\/\/toidupakk.ee\/pl\/#organization","name":"Tactical Foodpack matkaeined","url":"https:\/\/toidupakk.ee\/pl\/","logo":{"@type":"ImageObject","inLanguage":"pl-PL","@id":"https:\/\/toidupakk.ee\/pl\/#\/schema\/logo\/image\/","url":"https:\/\/toidupakk.ee\/wp-content\/uploads\/2022\/01\/Toidupakk-matkapood-logo-transparent.png","contentUrl":"https:\/\/toidupakk.ee\/wp-content\/uploads\/2022\/01\/Toidupakk-matkapood-logo-transparent.png","width":500,"height":500,"caption":"Tactical Foodpack matkaeined"},"image":{"@id":"https:\/\/toidupakk.ee\/pl\/#\/schema\/logo\/image\/"},"sameAs":["https:\/\/www.facebook.com\/Toidupakk","https:\/\/www.instagram.com\/toidupakk\/"]}]}},"jetpack_sharing_enabled":true,"_links":{"self":[{"href":"https:\/\/toidupakk.ee\/pl\/wp-json\/wp\/v2\/product\/51490","targetHints":{"allow":["GET"]}}],"collection":[{"href":"https:\/\/toidupakk.ee\/pl\/wp-json\/wp\/v2\/product"}],"about":[{"href":"https:\/\/toidupakk.ee\/pl\/wp-json\/wp\/v2\/types\/product"}],"replies":[{"embeddable":true,"href":"https:\/\/toidupakk.ee\/pl\/wp-json\/wp\/v2\/comments?post=51490"}],"wp:featuredmedia":[{"embeddable":true,"href":"https:\/\/toidupakk.ee\/pl\/wp-json\/wp\/v2\/media\/51491"}],"wp:attachment":[{"href":"https:\/\/toidupakk.ee\/pl\/wp-json\/wp\/v2\/media?parent=51490"}],"wp:term":[{"taxonomy":"product_brand","embeddable":true,"href":"https:\/\/toidupakk.ee\/pl\/wp-json\/wp\/v2\/product_brand?post=51490"},{"taxonomy":"product_cat","embeddable":true,"href":"https:\/\/toidupakk.ee\/pl\/wp-json\/wp\/v2\/product_cat?post=51490"},{"taxonomy":"product_tag","embeddable":true,"href":"https:\/\/toidupakk.ee\/pl\/wp-json\/wp\/v2\/product_tag?post=51490"}],"curies":[{"name":"wp","href":"https:\/\/api.w.org\/{rel}","templated":true}]}}