{"id":51462,"date":"2023-01-03T14:52:08","date_gmt":"2023-01-03T12:52:08","guid":{"rendered":"https:\/\/toidupakk.ee\/toode\/taktyczne-buty-trekkingowe-thinsulate\/"},"modified":"2026-04-29T13:31:41","modified_gmt":"2026-04-29T10:31:41","slug":"taktyczne-buty-trekkingowe-thinsulate","status":"publish","type":"product","link":"https:\/\/toidupakk.ee\/pl\/toode\/taktyczne-buty-trekkingowe-thinsulate\/","title":{"rendered":"Taktyczne buty trekkingowe Thinsulate"},"content":{"rendered":"<h1>Taktyczne buty trekkingowe \u2013 nasz bestseller<\/h1>\n<p>Stopy to najcenniejsze narz\u0119dzie ka\u017cdego w\u0119drowca, niezale\u017cnie od tego, czy trasa ma kilometr, czy tysi\u0105c. Dlatego wygodne i wysokiej jako\u015bci obuwie jest kluczowe. Obok klasycznych but\u00f3w trekkingowych popularno\u015bci\u0105 ciesz\u0105 si\u0119 buty taktyczne, takie jak te. Zosta\u0142y zaprojektowane z my\u015bl\u0105 o wysokiej wydajno\u015bci i ochronie w trudnych warunkach.    <\/p>\n<p>Podobnie jak wiele rzeczy okre\u015blanych mianem \u201etaktycznych\u201d, te buty s\u0105 inspirowane standardowym wyposa\u017ceniem wojskowym. Buty bojowe musz\u0105 by\u0107 wystarczaj\u0105co wytrzyma\u0142e, by znie\u015b\u0107 intensywne u\u017cytkowanie, zapewniaj\u0105c jednocze\u015bnie stopom i kostkom odpowiedni\u0105 elastyczno\u015b\u0107. Aby to osi\u0105gn\u0105\u0107, model ten wykonano z cholewki z naturalnej sk\u00f3ry i twardej, gumowej podeszwy zewn\u0119trznej.  <\/p>\n<p>Taktyczne buty trekkingowe staj\u0105 si\u0119 coraz popularniejsze dzi\u0119ki swojej wygodzie i trwa\u0142o\u015bci w trudnych warunkach.<\/p>\n<h2><\/h2>\n<p><img fetchpriority=\"high\" decoding=\"async\" class=\"alignnone wp-image-5110 size-medium\" src=\"https:\/\/toidupakk.ee\/wp-content\/uploads\/2023\/01\/Taktikalised-matkasaapad-2-300x300.png\" alt=\"Buty trekkingowe czarne\" width=\"300\" height=\"300\" srcset=\"https:\/\/toidupakk.ee\/wp-content\/uploads\/2023\/01\/Taktikalised-matkasaapad-2-300x300.png 300w, https:\/\/toidupakk.ee\/wp-content\/uploads\/2023\/01\/Taktikalised-matkasaapad-2-400x400.png 400w, https:\/\/toidupakk.ee\/wp-content\/uploads\/2023\/01\/Taktikalised-matkasaapad-2-100x100.png 100w, https:\/\/toidupakk.ee\/wp-content\/uploads\/2023\/01\/Taktikalised-matkasaapad-2-800x800.png 800w, https:\/\/toidupakk.ee\/wp-content\/uploads\/2023\/01\/Taktikalised-matkasaapad-2-1024x1024.png 1024w, https:\/\/toidupakk.ee\/wp-content\/uploads\/2023\/01\/Taktikalised-matkasaapad-2-500x500.png 500w, https:\/\/toidupakk.ee\/wp-content\/uploads\/2023\/01\/Taktikalised-matkasaapad-2-768x768.png 768w, https:\/\/toidupakk.ee\/wp-content\/uploads\/2023\/01\/Taktikalised-matkasaapad-2.png 1080w\" sizes=\"(max-width: 300px) 100vw, 300px\" \/><\/p>\n<h2>Na jakie cechy but\u00f3w trekkingowych zwr\u00f3ci\u0107 uwag\u0119?<\/h2>\n<p><strong>Jako\u015b\u0107 materia\u0142u:<\/strong> te buty s\u0105 przeznaczone do u\u017cytku w zr\u00f3\u017cnicowanym terenie \u2013 od le\u015bnych \u015bcie\u017cek i kamienistych powierzchni po wydmy i b\u0142otniste bagna. Solidny bie\u017cnik i materia\u0142 podeszwy zapewniaj\u0105 doskona\u0142\u0105 przyczepno\u015b\u0107.  <\/p>\n<p><strong>Wk\u0142adka:<\/strong> podobnie jak w butach do biegania, jest mi\u0119kka i oddychaj\u0105ca. Zapewnia to komfort, nisk\u0105 wag\u0119 i \u0142atw\u0105 piel\u0119gnacj\u0119. <\/p>\n<p><strong>Wsparcie:<\/strong> wy\u017csza cholewka stabilizuje stop\u0119, co zmniejsza ryzyko uraz\u00f3w stawu skokowego podczas ruchu.<\/p>\n<p><strong>Wodoodporno\u015b\u0107:<\/strong> poniewa\u017c buty s\u0105 przeznaczone do r\u00f3\u017cnych warunk\u00f3w, posiadaj\u0105 pewien stopie\u0144 wodoodporno\u015bci. Jednak podczas ulewy lub brodzenia w strumieniach istnieje ryzyko, \u017ce buty b\u0119d\u0105 musia\u0142y po\u015bwi\u0119ci\u0107 cz\u0119\u015b\u0107 oddychalno\u015bci. <\/p>\n<p><strong>Oddychalno\u015b\u0107:<\/strong> panele z siatki syntetycznej i innych tkanin zapewniaj\u0105 dobr\u0105 wentylacj\u0119 but\u00f3w.<\/p>\n<p>&nbsp;<\/p>\n<h3>Cechy taktycznych but\u00f3w trekkingowych<\/h3>\n<p>Taktyczne buty trekkingowe maj\u0105 wysok\u0105 cholewk\u0119, co znacznie zmniejsza ryzyko skr\u0119cenia kostki na nier\u00f3wno\u015bciach oraz przedostania si\u0119 wody do wn\u0119trza buta.<\/p>\n<p>Buty trekkingowe \u0142\u0105cz\u0105ce trwa\u0142o\u015b\u0107, wysok\u0105 jako\u015b\u0107 materia\u0142\u00f3w i dba\u0142o\u015b\u0107 o detale.<\/p>\n<ul>\n<li>Lekkie i wytrzyma\u0142e buty wykonane ze sk\u00f3ry, materia\u0142u Cordura oraz reguluj\u0105cej ciep\u0142o wy\u015bci\u00f3\u0142ki Thinsulate\u00ae.<\/li>\n<li>Wzmocniona pi\u0119ta i podeszwa, odpowiednie do poruszania si\u0119 zar\u00f3wno w terenie, jak i na ulicy.<\/li>\n<li>Sznurowad\u0142a i wytrzyma\u0142y zamek b\u0142yskawiczny YKK u\u0142atwiaj\u0105cy zak\u0142adanie.<\/li>\n<\/ul>\n<p>Materia\u0142: cholewka 100% poliester, cz\u0119\u015b\u0107 sk\u00f3rzana 100% sk\u00f3ra bydl\u0119ca, wy\u015bci\u00f3\u0142ka 100% poliester, izolacja Thinsulate\u2122, podeszwa zewn\u0119trzna guma, wk\u0142adka EVA (izolowana pianka, utrzymuje ciep\u0142o stopy), sznurowad\u0142a 100% poliester<\/p>\n<p><img decoding=\"async\" class=\"alignnone size-medium wp-image-5113\" src=\"https:\/\/toidupakk.ee\/wp-content\/uploads\/2023\/01\/3M-Thinsulate-insulation-300x122.png\" alt=\"Izolacja 3M Thinsulate\" width=\"300\" height=\"122\" srcset=\"https:\/\/toidupakk.ee\/wp-content\/uploads\/2023\/01\/3M-Thinsulate-insulation-300x122.png 300w, https:\/\/toidupakk.ee\/wp-content\/uploads\/2023\/01\/3M-Thinsulate-insulation.png 639w\" sizes=\"(max-width: 300px) 100vw, 300px\" \/><\/p>\n<p>Zobacz wi\u0119cej akcesori\u00f3w turystycznych <a href=\"https:\/\/toidupakk.ee\/pl\/tootekategooria\/sprzet-turystyczny\/#section-3-79\">TUTAJ<\/a><\/p>\n<p>Zobacz \u017cywno\u015b\u0107 turystyczn\u0105 <a href=\"\/?product_cat=snakk#section-3-79\">TUTAJ<\/a><\/p>\n<p>Znajd\u017a inspiracj\u0119 na kolejne przygody na <a href=\"https:\/\/www.instagram.com\/toidupakk\/\">Instagramie<\/a> i <a href=\"https:\/\/www.facebook.com\/Toidupakk\/\">Facebooku<\/a> Toidupakk.<\/p>\n","protected":false},"excerpt":{"rendered":"<p>Taktyczne buty trekkingowe MIL-TEC\u00ae. To nasze <strong>najlepiej sprzedaj\u0105ce si\u0119 obuwie<\/strong>. <\/p>\n<ul>\n<li>Lekkie i wytrzyma\u0142e buty wykonane ze sk\u00f3ry, <strong>tkaniny Cordura<\/strong> oraz reguluj\u0105cej ciep\u0142o <strong>wy\u015bci\u00f3\u0142ki Thinsulate\u00ae<\/strong>.<\/li>\n<li>Wzmocniona pi\u0119ta i podeszwa, <strong>odpowiednie do poruszania si\u0119 zar\u00f3wno w terenie, jak i na ulicy<\/strong>.<\/li>\n<li>Wk\u0142adka: popularna pianka EVA, kt\u00f3ra amortyzuje wstrz\u0105sy (<em>Shock-absorbing<\/em>) i jednocze\u015bnie utrzymuje stopy <strong>suche i ciep\u0142e<\/strong>.<\/li>\n<li>Sznurowad\u0142a i <strong>wytrzyma\u0142y zamek b\u0142yskawiczny YKK u\u0142atwiaj\u0105cy zak\u0142adanie<\/strong>.<\/li>\n<\/ul>\n<p>Materia\u0142: cholewka 100% poliester, cz\u0119\u015b\u0107 sk\u00f3rzana 100% sk\u00f3ra bydl\u0119ca, wy\u015bci\u00f3\u0142ka 100% poliester, izolacja Thinsulate\u2122, podeszwa zewn\u0119trzna guma, wk\u0142adka EVA (izolowana pianka, utrzymuje ciep\u0142o stopy), sznurowad\u0142a 100% poliester.<\/p>\n<p>Kolor: czarny<br \/>\nProducent: MIL-TEC\u00ae + 3M<\/p>\n<p><img decoding=\"async\" class=\"alignnone wp-image-5113 size-medium\" src=\"https:\/\/toidupakk.ee\/wp-content\/uploads\/2023\/01\/3M-Thinsulate-insulation-300x122.png\" alt=\"Izolacja 3M Thinsulate\" width=\"300\" height=\"122\" srcset=\"https:\/\/toidupakk.ee\/wp-content\/uploads\/2023\/01\/3M-Thinsulate-insulation-300x122.png 300w, https:\/\/toidupakk.ee\/wp-content\/uploads\/2023\/01\/3M-Thinsulate-insulation.png 639w\" sizes=\"(max-width: 300px) 100vw, 300px\" \/><\/p>\n<p>\u2705 Dost\u0119pne w magazynie, szybka dostawa w 1\u20133 dni robocze<br \/>\n\u2705 BEZP\u0141ATNY zwrot i wymiana w ci\u0105gu 14 dni, je\u015bli rozmiar nie pasuje<br \/>\n\u2705 Kup teraz, zap\u0142a\u0107 p\u00f3\u017aniej (oprocentowanie 0%)<\/p>\n","protected":false},"featured_media":5109,"comment_status":"open","ping_status":"closed","template":"","meta":{"_acf_changed":false},"product_brand":[],"product_cat":[303,327,317,301,304],"product_tag":[],"class_list":{"0":"post-51462","1":"product","2":"type-product","3":"status-publish","4":"has-post-thumbnail","6":"product_cat-akcesoria-turystyczne","7":"product_cat-buty-turystyczne","8":"product_cat-mil-tec","9":"product_cat-sprzet-turystyczny","10":"product_cat-wyposazenie-militarne","12":"first","13":"instock","14":"sale","15":"taxable","16":"shipping-taxable","17":"purchasable","18":"product-type-variable","19":"has-default-attributes"},"bundled_by":[],"bundle_stock_status":"instock","bundle_stock_quantity":null,"bundle_virtual":false,"bundle_layout":"","bundle_add_to_cart_form_location":"","bundle_editable_in_cart":false,"bundle_sold_individually_context":"","bundle_item_grouping":"","bundle_min_size":"","bundle_max_size":"","bundle_price":[],"bundled_items":[],"bundle_sell_ids":[],"acf":[],"yoast_head":"<!-- This site is optimized with the Yoast SEO plugin v27.3 - https:\/\/yoast.com\/product\/yoast-seo-wordpress\/ -->\n<title>Taktyczne buty trekkingowe Thinsulate<\/title>\n<meta name=\"description\" content=\"Czarne buty taktyczne to nasz bestseller. Wytrzyma\u0142e i lekkie obuwie z reguluj\u0105c\u0105 ciep\u0142o wy\u015bci\u00f3\u0142k\u0105 Thinsulate\u00ae, idealne na w\u0119dr\u00f3wki lub na co dzie\u0144.\" \/>\n<meta name=\"robots\" content=\"index, follow, max-snippet:-1, max-image-preview:large, max-video-preview:-1\" \/>\n<link rel=\"canonical\" href=\"https:\/\/toidupakk.ee\/pl\/toode\/taktyczne-buty-trekkingowe-thinsulate\/\" \/>\n<meta property=\"og:locale\" content=\"pl_PL\" \/>\n<meta property=\"og:type\" content=\"article\" \/>\n<meta property=\"og:title\" content=\"Taktyczne buty trekkingowe Thinsulate\" \/>\n<meta property=\"og:description\" content=\"Czarne buty taktyczne to nasz bestseller. Wytrzyma\u0142e i lekkie obuwie z reguluj\u0105c\u0105 ciep\u0142o wy\u015bci\u00f3\u0142k\u0105 Thinsulate\u00ae, idealne na w\u0119dr\u00f3wki lub na co dzie\u0144.\" \/>\n<meta property=\"og:url\" content=\"https:\/\/toidupakk.ee\/pl\/toode\/taktyczne-buty-trekkingowe-thinsulate\/\" \/>\n<meta property=\"og:site_name\" content=\"Toidupakk.ee - Tactical Foodpack toidupakid\" \/>\n<meta property=\"article:publisher\" content=\"https:\/\/www.facebook.com\/Toidupakk\" \/>\n<meta property=\"article:modified_time\" content=\"2026-04-29T10:31:41+00:00\" \/>\n<meta property=\"og:image\" content=\"https:\/\/toidupakk.ee\/wp-content\/uploads\/2023\/01\/Taktikalised-matkasaapad-1.png\" \/>\n\t<meta property=\"og:image:width\" content=\"1080\" \/>\n\t<meta property=\"og:image:height\" content=\"1080\" \/>\n\t<meta property=\"og:image:type\" content=\"image\/png\" \/>\n<meta name=\"twitter:card\" content=\"summary_large_image\" \/>\n<meta name=\"twitter:label1\" content=\"Szacowany czas czytania\" \/>\n\t<meta name=\"twitter:data1\" content=\"2 minuty\" \/>\n<script type=\"application\/ld+json\" class=\"yoast-schema-graph\">{\"@context\":\"https:\\\/\\\/schema.org\",\"@graph\":[{\"@type\":\"WebPage\",\"@id\":\"https:\\\/\\\/toidupakk.ee\\\/pl\\\/toode\\\/taktyczne-buty-trekkingowe-thinsulate\\\/\",\"url\":\"https:\\\/\\\/toidupakk.ee\\\/pl\\\/toode\\\/taktyczne-buty-trekkingowe-thinsulate\\\/\",\"name\":\"Taktyczne buty trekkingowe Thinsulate\",\"isPartOf\":{\"@id\":\"https:\\\/\\\/toidupakk.ee\\\/pl\\\/#website\"},\"primaryImageOfPage\":{\"@id\":\"https:\\\/\\\/toidupakk.ee\\\/pl\\\/toode\\\/taktyczne-buty-trekkingowe-thinsulate\\\/#primaryimage\"},\"image\":{\"@id\":\"https:\\\/\\\/toidupakk.ee\\\/pl\\\/toode\\\/taktyczne-buty-trekkingowe-thinsulate\\\/#primaryimage\"},\"thumbnailUrl\":\"https:\\\/\\\/toidupakk.ee\\\/wp-content\\\/uploads\\\/2023\\\/01\\\/Taktikalised-matkasaapad-1.png\",\"datePublished\":\"2023-01-03T12:52:08+00:00\",\"dateModified\":\"2026-04-29T10:31:41+00:00\",\"description\":\"Czarne buty taktyczne to nasz bestseller. Wytrzyma\u0142e i lekkie obuwie z reguluj\u0105c\u0105 ciep\u0142o wy\u015bci\u00f3\u0142k\u0105 Thinsulate\u00ae, idealne na w\u0119dr\u00f3wki lub na co dzie\u0144.\",\"breadcrumb\":{\"@id\":\"https:\\\/\\\/toidupakk.ee\\\/pl\\\/toode\\\/taktyczne-buty-trekkingowe-thinsulate\\\/#breadcrumb\"},\"inLanguage\":\"pl-PL\",\"potentialAction\":[{\"@type\":\"ReadAction\",\"target\":[\"https:\\\/\\\/toidupakk.ee\\\/pl\\\/toode\\\/taktyczne-buty-trekkingowe-thinsulate\\\/\"]}]},{\"@type\":\"ImageObject\",\"inLanguage\":\"pl-PL\",\"@id\":\"https:\\\/\\\/toidupakk.ee\\\/pl\\\/toode\\\/taktyczne-buty-trekkingowe-thinsulate\\\/#primaryimage\",\"url\":\"https:\\\/\\\/toidupakk.ee\\\/wp-content\\\/uploads\\\/2023\\\/01\\\/Taktikalised-matkasaapad-1.png\",\"contentUrl\":\"https:\\\/\\\/toidupakk.ee\\\/wp-content\\\/uploads\\\/2023\\\/01\\\/Taktikalised-matkasaapad-1.png\",\"width\":1080,\"height\":1080,\"caption\":\"Taktikalised matkasaapad\"},{\"@type\":\"BreadcrumbList\",\"@id\":\"https:\\\/\\\/toidupakk.ee\\\/pl\\\/toode\\\/taktyczne-buty-trekkingowe-thinsulate\\\/#breadcrumb\",\"itemListElement\":[{\"@type\":\"ListItem\",\"position\":1,\"name\":\"Avaleht\",\"item\":\"https:\\\/\\\/toidupakk.ee\\\/pl\\\/\"},{\"@type\":\"ListItem\",\"position\":2,\"name\":\"Sklep internetowy\",\"item\":\"https:\\\/\\\/toidupakk.ee\\\/pl\\\/sklep-internetowy\\\/\"},{\"@type\":\"ListItem\",\"position\":3,\"name\":\"Taktyczne buty trekkingowe Thinsulate\"}]},{\"@type\":\"WebSite\",\"@id\":\"https:\\\/\\\/toidupakk.ee\\\/pl\\\/#website\",\"url\":\"https:\\\/\\\/toidupakk.ee\\\/pl\\\/\",\"name\":\"Toidupakk.ee - Tactical Foodpack toidupakid\",\"description\":\"Tactical Foodpack k\u00fclmkuivatatud toidupakid ja matkaeined\",\"publisher\":{\"@id\":\"https:\\\/\\\/toidupakk.ee\\\/pl\\\/#organization\"},\"potentialAction\":[{\"@type\":\"SearchAction\",\"target\":{\"@type\":\"EntryPoint\",\"urlTemplate\":\"https:\\\/\\\/toidupakk.ee\\\/pl\\\/?s={search_term_string}\"},\"query-input\":{\"@type\":\"PropertyValueSpecification\",\"valueRequired\":true,\"valueName\":\"search_term_string\"}}],\"inLanguage\":\"pl-PL\"},{\"@type\":\"Organization\",\"@id\":\"https:\\\/\\\/toidupakk.ee\\\/pl\\\/#organization\",\"name\":\"Tactical Foodpack matkaeined\",\"url\":\"https:\\\/\\\/toidupakk.ee\\\/pl\\\/\",\"logo\":{\"@type\":\"ImageObject\",\"inLanguage\":\"pl-PL\",\"@id\":\"https:\\\/\\\/toidupakk.ee\\\/pl\\\/#\\\/schema\\\/logo\\\/image\\\/\",\"url\":\"https:\\\/\\\/toidupakk.ee\\\/wp-content\\\/uploads\\\/2022\\\/01\\\/Toidupakk-matkapood-logo-transparent.png\",\"contentUrl\":\"https:\\\/\\\/toidupakk.ee\\\/wp-content\\\/uploads\\\/2022\\\/01\\\/Toidupakk-matkapood-logo-transparent.png\",\"width\":500,\"height\":500,\"caption\":\"Tactical Foodpack matkaeined\"},\"image\":{\"@id\":\"https:\\\/\\\/toidupakk.ee\\\/pl\\\/#\\\/schema\\\/logo\\\/image\\\/\"},\"sameAs\":[\"https:\\\/\\\/www.facebook.com\\\/Toidupakk\",\"https:\\\/\\\/www.instagram.com\\\/toidupakk\\\/\"]}]}<\/script>\n<!-- \/ Yoast SEO plugin. -->","yoast_head_json":{"title":"Taktyczne buty trekkingowe Thinsulate","description":"Czarne buty taktyczne to nasz bestseller. Wytrzyma\u0142e i lekkie obuwie z reguluj\u0105c\u0105 ciep\u0142o wy\u015bci\u00f3\u0142k\u0105 Thinsulate\u00ae, idealne na w\u0119dr\u00f3wki lub na co dzie\u0144.","robots":{"index":"index","follow":"follow","max-snippet":"max-snippet:-1","max-image-preview":"max-image-preview:large","max-video-preview":"max-video-preview:-1"},"canonical":"https:\/\/toidupakk.ee\/pl\/toode\/taktyczne-buty-trekkingowe-thinsulate\/","og_locale":"pl_PL","og_type":"article","og_title":"Taktyczne buty trekkingowe Thinsulate","og_description":"Czarne buty taktyczne to nasz bestseller. Wytrzyma\u0142e i lekkie obuwie z reguluj\u0105c\u0105 ciep\u0142o wy\u015bci\u00f3\u0142k\u0105 Thinsulate\u00ae, idealne na w\u0119dr\u00f3wki lub na co dzie\u0144.","og_url":"https:\/\/toidupakk.ee\/pl\/toode\/taktyczne-buty-trekkingowe-thinsulate\/","og_site_name":"Toidupakk.ee - Tactical Foodpack toidupakid","article_publisher":"https:\/\/www.facebook.com\/Toidupakk","article_modified_time":"2026-04-29T10:31:41+00:00","og_image":[{"width":1080,"height":1080,"url":"https:\/\/toidupakk.ee\/wp-content\/uploads\/2023\/01\/Taktikalised-matkasaapad-1.png","type":"image\/png"}],"twitter_card":"summary_large_image","twitter_misc":{"Szacowany czas czytania":"2 minuty"},"schema":{"@context":"https:\/\/schema.org","@graph":[{"@type":"WebPage","@id":"https:\/\/toidupakk.ee\/pl\/toode\/taktyczne-buty-trekkingowe-thinsulate\/","url":"https:\/\/toidupakk.ee\/pl\/toode\/taktyczne-buty-trekkingowe-thinsulate\/","name":"Taktyczne buty trekkingowe Thinsulate","isPartOf":{"@id":"https:\/\/toidupakk.ee\/pl\/#website"},"primaryImageOfPage":{"@id":"https:\/\/toidupakk.ee\/pl\/toode\/taktyczne-buty-trekkingowe-thinsulate\/#primaryimage"},"image":{"@id":"https:\/\/toidupakk.ee\/pl\/toode\/taktyczne-buty-trekkingowe-thinsulate\/#primaryimage"},"thumbnailUrl":"https:\/\/toidupakk.ee\/wp-content\/uploads\/2023\/01\/Taktikalised-matkasaapad-1.png","datePublished":"2023-01-03T12:52:08+00:00","dateModified":"2026-04-29T10:31:41+00:00","description":"Czarne buty taktyczne to nasz bestseller. Wytrzyma\u0142e i lekkie obuwie z reguluj\u0105c\u0105 ciep\u0142o wy\u015bci\u00f3\u0142k\u0105 Thinsulate\u00ae, idealne na w\u0119dr\u00f3wki lub na co dzie\u0144.","breadcrumb":{"@id":"https:\/\/toidupakk.ee\/pl\/toode\/taktyczne-buty-trekkingowe-thinsulate\/#breadcrumb"},"inLanguage":"pl-PL","potentialAction":[{"@type":"ReadAction","target":["https:\/\/toidupakk.ee\/pl\/toode\/taktyczne-buty-trekkingowe-thinsulate\/"]}]},{"@type":"ImageObject","inLanguage":"pl-PL","@id":"https:\/\/toidupakk.ee\/pl\/toode\/taktyczne-buty-trekkingowe-thinsulate\/#primaryimage","url":"https:\/\/toidupakk.ee\/wp-content\/uploads\/2023\/01\/Taktikalised-matkasaapad-1.png","contentUrl":"https:\/\/toidupakk.ee\/wp-content\/uploads\/2023\/01\/Taktikalised-matkasaapad-1.png","width":1080,"height":1080,"caption":"Taktikalised matkasaapad"},{"@type":"BreadcrumbList","@id":"https:\/\/toidupakk.ee\/pl\/toode\/taktyczne-buty-trekkingowe-thinsulate\/#breadcrumb","itemListElement":[{"@type":"ListItem","position":1,"name":"Avaleht","item":"https:\/\/toidupakk.ee\/pl\/"},{"@type":"ListItem","position":2,"name":"Sklep internetowy","item":"https:\/\/toidupakk.ee\/pl\/sklep-internetowy\/"},{"@type":"ListItem","position":3,"name":"Taktyczne buty trekkingowe Thinsulate"}]},{"@type":"WebSite","@id":"https:\/\/toidupakk.ee\/pl\/#website","url":"https:\/\/toidupakk.ee\/pl\/","name":"Toidupakk.ee - Tactical Foodpack toidupakid","description":"Tactical Foodpack k\u00fclmkuivatatud toidupakid ja matkaeined","publisher":{"@id":"https:\/\/toidupakk.ee\/pl\/#organization"},"potentialAction":[{"@type":"SearchAction","target":{"@type":"EntryPoint","urlTemplate":"https:\/\/toidupakk.ee\/pl\/?s={search_term_string}"},"query-input":{"@type":"PropertyValueSpecification","valueRequired":true,"valueName":"search_term_string"}}],"inLanguage":"pl-PL"},{"@type":"Organization","@id":"https:\/\/toidupakk.ee\/pl\/#organization","name":"Tactical Foodpack matkaeined","url":"https:\/\/toidupakk.ee\/pl\/","logo":{"@type":"ImageObject","inLanguage":"pl-PL","@id":"https:\/\/toidupakk.ee\/pl\/#\/schema\/logo\/image\/","url":"https:\/\/toidupakk.ee\/wp-content\/uploads\/2022\/01\/Toidupakk-matkapood-logo-transparent.png","contentUrl":"https:\/\/toidupakk.ee\/wp-content\/uploads\/2022\/01\/Toidupakk-matkapood-logo-transparent.png","width":500,"height":500,"caption":"Tactical Foodpack matkaeined"},"image":{"@id":"https:\/\/toidupakk.ee\/pl\/#\/schema\/logo\/image\/"},"sameAs":["https:\/\/www.facebook.com\/Toidupakk","https:\/\/www.instagram.com\/toidupakk\/"]}]}},"jetpack_sharing_enabled":true,"_links":{"self":[{"href":"https:\/\/toidupakk.ee\/pl\/wp-json\/wp\/v2\/product\/51462","targetHints":{"allow":["GET"]}}],"collection":[{"href":"https:\/\/toidupakk.ee\/pl\/wp-json\/wp\/v2\/product"}],"about":[{"href":"https:\/\/toidupakk.ee\/pl\/wp-json\/wp\/v2\/types\/product"}],"replies":[{"embeddable":true,"href":"https:\/\/toidupakk.ee\/pl\/wp-json\/wp\/v2\/comments?post=51462"}],"wp:featuredmedia":[{"embeddable":true,"href":"https:\/\/toidupakk.ee\/pl\/wp-json\/wp\/v2\/media\/5109"}],"wp:attachment":[{"href":"https:\/\/toidupakk.ee\/pl\/wp-json\/wp\/v2\/media?parent=51462"}],"wp:term":[{"taxonomy":"product_brand","embeddable":true,"href":"https:\/\/toidupakk.ee\/pl\/wp-json\/wp\/v2\/product_brand?post=51462"},{"taxonomy":"product_cat","embeddable":true,"href":"https:\/\/toidupakk.ee\/pl\/wp-json\/wp\/v2\/product_cat?post=51462"},{"taxonomy":"product_tag","embeddable":true,"href":"https:\/\/toidupakk.ee\/pl\/wp-json\/wp\/v2\/product_tag?post=51462"}],"curies":[{"name":"wp","href":"https:\/\/api.w.org\/{rel}","templated":true}]}}