{"id":51441,"date":"2022-11-11T18:13:16","date_gmt":"2022-11-11T16:13:16","guid":{"rendered":"https:\/\/toidupakk.ee\/toode\/tabletki-do-uzdatniania-wody-medentech-aquatabs-50-szt\/"},"modified":"2026-04-21T12:00:48","modified_gmt":"2026-04-21T09:00:48","slug":"tabletki-do-uzdatniania-wody-medentech-aquatabs-50-szt","status":"publish","type":"product","link":"https:\/\/toidupakk.ee\/pl\/toode\/tabletki-do-uzdatniania-wody-medentech-aquatabs-50-szt\/","title":{"rendered":"Tabletki do uzdatniania wody MEDENTECH Aquatabs (50 szt.)"},"content":{"rendered":"<h1><img fetchpriority=\"high\" decoding=\"async\" class=\"wp-image-4033 size-thumbnail alignright\" style=\"font-size: 16px; font-weight: 400;\" src=\"https:\/\/toidupakk.ee\/wp-content\/uploads\/2022\/11\/Veepuhastustabletid-Medentech-Aquatabs-1-1-500x500.png\" alt=\"Tabletki do uzdatniania wody Medentech Aquatabs\" width=\"500\" height=\"500\" srcset=\"https:\/\/toidupakk.ee\/wp-content\/uploads\/2022\/11\/Veepuhastustabletid-Medentech-Aquatabs-1-1-500x500.png 500w, https:\/\/toidupakk.ee\/wp-content\/uploads\/2022\/11\/Veepuhastustabletid-Medentech-Aquatabs-1-1-400x400.png 400w, https:\/\/toidupakk.ee\/wp-content\/uploads\/2022\/11\/Veepuhastustabletid-Medentech-Aquatabs-1-1-100x100.png 100w, https:\/\/toidupakk.ee\/wp-content\/uploads\/2022\/11\/Veepuhastustabletid-Medentech-Aquatabs-1-1-800x800.png 800w, https:\/\/toidupakk.ee\/wp-content\/uploads\/2022\/11\/Veepuhastustabletid-Medentech-Aquatabs-1-1-300x300.png 300w, https:\/\/toidupakk.ee\/wp-content\/uploads\/2022\/11\/Veepuhastustabletid-Medentech-Aquatabs-1-1-1024x1024.png 1024w, https:\/\/toidupakk.ee\/wp-content\/uploads\/2022\/11\/Veepuhastustabletid-Medentech-Aquatabs-1-1-768x768.png 768w, https:\/\/toidupakk.ee\/wp-content\/uploads\/2022\/11\/Veepuhastustabletid-Medentech-Aquatabs-1-1.png 1080w\" sizes=\"(max-width: 500px) 100vw, 500px\" \/><\/h1>\n<h1>Tabletki do uzdatniania wody s\u0105 niezb\u0119dne<\/h1>\n<p>Podczas wyprawy na \u0142ono natury trzeba czasem uzupe\u0142ni\u0107 butelk\u0119, a gdzie indziej to zrobi\u0107, jak nie w \u017ar\u00f3dle lub jeziorze. Niestety, z powodu zanieczyszczenia \u015brodowiska coraz trudniej o idealnie czyste \u017ar\u00f3d\u0142a wody, a przy jej pobieraniu cz\u0119sto pojawia si\u0119 niepewno\u015b\u0107, czy jest wystarczaj\u0105co czysta do picia. Podobne uczucie towarzyszy podr\u00f3\u017com do odleg\u0142ych kraj\u00f3w. Na przyk\u0142ad \u015awiatowa Organizacja Zdrowia (WHO) przypisuje 80% wszystkich chor\u00f3b zwi\u0105zanych z podr\u00f3\u017cowaniem zanieczyszczonej wodzie pitnej. Ani na wyprawie, ani w podr\u00f3\u017cy nie jest przyjemnie zmaga\u0107 si\u0119 z problemami \u017co\u0142\u0105dkowymi. Dlatego profilaktycznie warto zawsze mie\u0107 przy sobie tabletki do uzdatniania wody Katadyn Micropur Forte.     <\/p>\n<h2>Jak dzia\u0142aj\u0105 tabletki do uzdatniania wody<\/h2>\n<p>Nawet je\u015bli strumie\u0144, rzeka lub jezioro wydaj\u0105 si\u0119 krystalicznie czyste, mog\u0105 zawiera\u0107 liczne niebezpieczne mikroorganizmy, kt\u00f3re po po\u0142kni\u0119ciu wywo\u0142uj\u0105 problemy \u017co\u0142\u0105dkowo-jelitowe, takie jak biegunka, wymioty, a w ci\u0119\u017cszych przypadkach choroby zagra\u017caj\u0105ce \u017cyciu. Dlatego wa\u017cne jest, aby ka\u017cda woda pobrana z nieoczyszczonego \u017ar\u00f3d\u0142a zosta\u0142a wysterylizowana przed wypiciem. <\/p>\n<p>Cho\u0107 zestawienie s\u0142\u00f3w \u201echemikalia\u201d, takich jak chlor, i \u201ewoda pitna\u201d mo\u017ce brzmie\u0107 dziwnie, tabletki zawieraj\u0105 bezpieczne ilo\u015bci substancji, kt\u00f3re rozpuszczaj\u0105 si\u0119 w wodzie i \u201eniszcz\u0105\u201d gro\u017ane mikroorganizmy, takie jak bakterie czy wirusy, czyni\u0105c wod\u0119 bezpieczn\u0105 do spo\u017cycia.<\/p>\n<h2>Tabletki do uzdatniania wody zapewniaj\u0105 czyst\u0105 wod\u0119 w nieoczekiwanych sytuacjach<\/h2>\n<p>Tabletki do uzdatniania wody Medentech\u00ae Aquatabs skutecznie neutralizuj\u0105 bakterie. Nale\u017cy ich u\u017cywa\u0107 z przejrzyst\u0105 wod\u0105. Je\u015bli woda jest m\u0119tna, najpierw przefiltruj j\u0105 np. przez g\u0119sty materia\u0142.  <\/p>\n<p>Upewnij si\u0119, \u017ce tabletka ca\u0142kowicie rozpu\u015bci\u0142a si\u0119 w wodzie. W tym celu mo\u017cesz zamiesza\u0107 lub wstrz\u0105sn\u0105\u0107 pojemnikiem. Woda nadaje si\u0119 do picia po 30 minutach. Pod \u017cadnym pozorem nie wk\u0142adaj tabletki do ust ani jej nie po\u0142ykaj.   <\/p>\n<p><img decoding=\"async\" class=\"alignnone wp-image-4029 size-thumbnail\" src=\"https:\/\/toidupakk.ee\/wp-content\/uploads\/2022\/11\/Veepuhastustabletid-Medentech-Aquatabs-2-500x500.png\" alt=\"Zdj\u0119cie produktu tabletki do uzdatniania wody\" width=\"500\" height=\"500\" srcset=\"https:\/\/toidupakk.ee\/wp-content\/uploads\/2022\/11\/Veepuhastustabletid-Medentech-Aquatabs-2-500x500.png 500w, https:\/\/toidupakk.ee\/wp-content\/uploads\/2022\/11\/Veepuhastustabletid-Medentech-Aquatabs-2-400x400.png 400w, https:\/\/toidupakk.ee\/wp-content\/uploads\/2022\/11\/Veepuhastustabletid-Medentech-Aquatabs-2-100x100.png 100w, https:\/\/toidupakk.ee\/wp-content\/uploads\/2022\/11\/Veepuhastustabletid-Medentech-Aquatabs-2-800x800.png 800w, https:\/\/toidupakk.ee\/wp-content\/uploads\/2022\/11\/Veepuhastustabletid-Medentech-Aquatabs-2-300x300.png 300w, https:\/\/toidupakk.ee\/wp-content\/uploads\/2022\/11\/Veepuhastustabletid-Medentech-Aquatabs-2-1024x1024.png 1024w, https:\/\/toidupakk.ee\/wp-content\/uploads\/2022\/11\/Veepuhastustabletid-Medentech-Aquatabs-2-768x768.png 768w, https:\/\/toidupakk.ee\/wp-content\/uploads\/2022\/11\/Veepuhastustabletid-Medentech-Aquatabs-2.png 1080w\" sizes=\"(max-width: 500px) 100vw, 500px\" \/><\/p>\n<p>Ka\u017cda tabletka zawiera 8,5 mg substancji czynnej Troclosene Sodium.<br \/>\nTabletki do uzdatniania wody Medentech Aquatabs pomagaj\u0105 zapobiega\u0107 rozprzestrzenianiu si\u0119 chor\u00f3b przenoszonych przez wod\u0119.<\/p>\n<p>Tabletki spe\u0142niaj\u0105 standardy NATO.<\/p>\n<p>Waga: 25 g<\/p>\n<p>W opakowaniu 50 tabletek. 1 tabletka oczyszcza 1 litr wody <\/p>\n<p>Z kart\u0105 charakterystyki produktu mo\u017cesz zapozna\u0107 si\u0119 <a href=\"https:\/\/plm.vanosimports.com\/media\/uploads\/product_files\/10050_637fb409e5a99b9d4a05a726f1eb627ee1e95c09.pdf\" target=\"_blank\" rel=\"noopener\">tutaj<\/a>.<\/p>\n<p>&nbsp;<\/p>\n<p>Zobacz wi\u0119cej akcesori\u00f3w turystycznych <a href=\"https:\/\/toidupakk.ee\/pl\/tootekategooria\/sprzet-turystyczny\/#section-3-79\">TUTAJ<\/a><\/p>\n<p>Znajd\u017a inspiracj\u0119 na kolejne przygody na <a href=\"https:\/\/www.instagram.com\/toidupakk\/\">Instagramie<\/a> i <a href=\"https:\/\/www.facebook.com\/Toidupakk\/\">Facebooku<\/a> Toidupakk.<\/p>\n","protected":false},"excerpt":{"rendered":"<ul>\n<li>Tabletki do uzdatniania wody Medentech\u00ae Aquatabs oczyszczaj\u0105 wod\u0119 z niebezpiecznych bakterii i wirus\u00f3w.<\/li>\n<li>Uzyskaj wod\u0119 zdatn\u0105 do picia w 30 minut.<\/li>\n<li>Ka\u017cda tabletka zawiera 8,5 mg substancji czynnej Troclosene Sodium.<\/li>\n<li>Jedna tabletka oczyszcza 1 litr wody.<\/li>\n<li>Jedno opakowanie zawiera 50 tabletek. Tabletki s\u0105 pakowane po 10 sztuk w listkach z folii, czyli blistrach. <\/li>\n<li>Tabletki spe\u0142niaj\u0105 standardy NATO.<\/li>\n<li>Dzi\u0119ki temu mo\u017cna unikn\u0105\u0107 dolegliwo\u015bci spowodowanych spo\u017cyciem zanieczyszczonej wody.<\/li>\n<\/ul>\n<p>\u2705 Dost\u0119pne w magazynie, szybka dostawa w 1\u20133 dni robocze<\/p>\n","protected":false},"featured_media":4033,"comment_status":"open","ping_status":"closed","template":"","meta":{"_acf_changed":false},"product_brand":[],"product_cat":[303,334,311,307,301],"product_tag":[],"class_list":{"0":"post-51441","1":"product","2":"type-product","3":"status-publish","4":"has-post-thumbnail","6":"product_cat-akcesoria-turystyczne","7":"product_cat-oczyszczanie-wody","8":"product_cat-praktyczne-pomysly-na-prezent","9":"product_cat-przygotowywanie-posilkow","10":"product_cat-sprzet-turystyczny","12":"first","13":"instock","14":"sale","15":"taxable","16":"shipping-taxable","17":"purchasable","18":"product-type-simple"},"bundled_by":[],"bundle_stock_status":"instock","bundle_stock_quantity":179,"bundle_virtual":false,"bundle_layout":"","bundle_add_to_cart_form_location":"","bundle_editable_in_cart":false,"bundle_sold_individually_context":"","bundle_item_grouping":"","bundle_min_size":"","bundle_max_size":"","bundle_price":[],"bundled_items":[],"bundle_sell_ids":[],"acf":[],"yoast_head":"<!-- This site is optimized with the Yoast SEO plugin v27.3 - https:\/\/yoast.com\/product\/yoast-seo-wordpress\/ -->\n<title>Tabletki do uzdatniania wody MEDENTECH Aquatabs (50 szt.)<\/title>\n<meta name=\"description\" content=\"Tabletki do uzdatniania wody Medentech Aquatabs sprawiaj\u0105, \u017ce woda nadaje si\u0119 do picia w 30 minut. Jedna tabletka oczyszcza litr wody, w opakowaniu znajduje si\u0119 50 tabletek.\" \/>\n<meta name=\"robots\" content=\"index, follow, max-snippet:-1, max-image-preview:large, max-video-preview:-1\" \/>\n<link rel=\"canonical\" href=\"https:\/\/toidupakk.ee\/pl\/toode\/tabletki-do-uzdatniania-wody-medentech-aquatabs-50-szt\/\" \/>\n<meta property=\"og:locale\" content=\"pl_PL\" \/>\n<meta property=\"og:type\" content=\"article\" \/>\n<meta property=\"og:title\" content=\"Tabletki do uzdatniania wody MEDENTECH Aquatabs (50 szt.)\" \/>\n<meta property=\"og:description\" content=\"Tabletki do uzdatniania wody Medentech Aquatabs sprawiaj\u0105, \u017ce woda nadaje si\u0119 do picia w 30 minut. Jedna tabletka oczyszcza litr wody, w opakowaniu znajduje si\u0119 50 tabletek.\" \/>\n<meta property=\"og:url\" content=\"https:\/\/toidupakk.ee\/pl\/toode\/tabletki-do-uzdatniania-wody-medentech-aquatabs-50-szt\/\" \/>\n<meta property=\"og:site_name\" content=\"Toidupakk.ee - Tactical Foodpack toidupakid\" \/>\n<meta property=\"article:publisher\" content=\"https:\/\/www.facebook.com\/Toidupakk\" \/>\n<meta property=\"article:modified_time\" content=\"2026-04-21T09:00:48+00:00\" \/>\n<meta property=\"og:image\" content=\"https:\/\/toidupakk.ee\/wp-content\/uploads\/2022\/11\/Veepuhastustabletid-Medentech-Aquatabs-1-1.png\" \/>\n\t<meta property=\"og:image:width\" content=\"1080\" \/>\n\t<meta property=\"og:image:height\" content=\"1080\" \/>\n\t<meta property=\"og:image:type\" content=\"image\/png\" \/>\n<meta name=\"twitter:card\" content=\"summary_large_image\" \/>\n<meta name=\"twitter:label1\" content=\"Szacowany czas czytania\" \/>\n\t<meta name=\"twitter:data1\" content=\"2 minuty\" \/>\n<script type=\"application\/ld+json\" class=\"yoast-schema-graph\">{\"@context\":\"https:\\\/\\\/schema.org\",\"@graph\":[{\"@type\":\"WebPage\",\"@id\":\"https:\\\/\\\/toidupakk.ee\\\/pl\\\/toode\\\/tabletki-do-uzdatniania-wody-medentech-aquatabs-50-szt\\\/\",\"url\":\"https:\\\/\\\/toidupakk.ee\\\/pl\\\/toode\\\/tabletki-do-uzdatniania-wody-medentech-aquatabs-50-szt\\\/\",\"name\":\"Tabletki do uzdatniania wody MEDENTECH Aquatabs (50 szt.)\",\"isPartOf\":{\"@id\":\"https:\\\/\\\/toidupakk.ee\\\/pl\\\/#website\"},\"primaryImageOfPage\":{\"@id\":\"https:\\\/\\\/toidupakk.ee\\\/pl\\\/toode\\\/tabletki-do-uzdatniania-wody-medentech-aquatabs-50-szt\\\/#primaryimage\"},\"image\":{\"@id\":\"https:\\\/\\\/toidupakk.ee\\\/pl\\\/toode\\\/tabletki-do-uzdatniania-wody-medentech-aquatabs-50-szt\\\/#primaryimage\"},\"thumbnailUrl\":\"https:\\\/\\\/toidupakk.ee\\\/wp-content\\\/uploads\\\/2022\\\/11\\\/Veepuhastustabletid-Medentech-Aquatabs-1-1.png\",\"datePublished\":\"2022-11-11T16:13:16+00:00\",\"dateModified\":\"2026-04-21T09:00:48+00:00\",\"description\":\"Tabletki do uzdatniania wody Medentech Aquatabs sprawiaj\u0105, \u017ce woda nadaje si\u0119 do picia w 30 minut. Jedna tabletka oczyszcza litr wody, w opakowaniu znajduje si\u0119 50 tabletek.\",\"breadcrumb\":{\"@id\":\"https:\\\/\\\/toidupakk.ee\\\/pl\\\/toode\\\/tabletki-do-uzdatniania-wody-medentech-aquatabs-50-szt\\\/#breadcrumb\"},\"inLanguage\":\"pl-PL\",\"potentialAction\":[{\"@type\":\"ReadAction\",\"target\":[\"https:\\\/\\\/toidupakk.ee\\\/pl\\\/toode\\\/tabletki-do-uzdatniania-wody-medentech-aquatabs-50-szt\\\/\"]}]},{\"@type\":\"ImageObject\",\"inLanguage\":\"pl-PL\",\"@id\":\"https:\\\/\\\/toidupakk.ee\\\/pl\\\/toode\\\/tabletki-do-uzdatniania-wody-medentech-aquatabs-50-szt\\\/#primaryimage\",\"url\":\"https:\\\/\\\/toidupakk.ee\\\/wp-content\\\/uploads\\\/2022\\\/11\\\/Veepuhastustabletid-Medentech-Aquatabs-1-1.png\",\"contentUrl\":\"https:\\\/\\\/toidupakk.ee\\\/wp-content\\\/uploads\\\/2022\\\/11\\\/Veepuhastustabletid-Medentech-Aquatabs-1-1.png\",\"width\":1080,\"height\":1080,\"caption\":\"Veepuhastustabletid Medentech Aquatabs\"},{\"@type\":\"BreadcrumbList\",\"@id\":\"https:\\\/\\\/toidupakk.ee\\\/pl\\\/toode\\\/tabletki-do-uzdatniania-wody-medentech-aquatabs-50-szt\\\/#breadcrumb\",\"itemListElement\":[{\"@type\":\"ListItem\",\"position\":1,\"name\":\"Avaleht\",\"item\":\"https:\\\/\\\/toidupakk.ee\\\/pl\\\/\"},{\"@type\":\"ListItem\",\"position\":2,\"name\":\"Sklep internetowy\",\"item\":\"https:\\\/\\\/toidupakk.ee\\\/pl\\\/sklep-internetowy\\\/\"},{\"@type\":\"ListItem\",\"position\":3,\"name\":\"Tabletki do uzdatniania wody MEDENTECH Aquatabs (50 szt.)\"}]},{\"@type\":\"WebSite\",\"@id\":\"https:\\\/\\\/toidupakk.ee\\\/pl\\\/#website\",\"url\":\"https:\\\/\\\/toidupakk.ee\\\/pl\\\/\",\"name\":\"Toidupakk.ee - Tactical Foodpack toidupakid\",\"description\":\"Tactical Foodpack k\u00fclmkuivatatud toidupakid ja matkaeined\",\"publisher\":{\"@id\":\"https:\\\/\\\/toidupakk.ee\\\/pl\\\/#organization\"},\"potentialAction\":[{\"@type\":\"SearchAction\",\"target\":{\"@type\":\"EntryPoint\",\"urlTemplate\":\"https:\\\/\\\/toidupakk.ee\\\/pl\\\/?s={search_term_string}\"},\"query-input\":{\"@type\":\"PropertyValueSpecification\",\"valueRequired\":true,\"valueName\":\"search_term_string\"}}],\"inLanguage\":\"pl-PL\"},{\"@type\":\"Organization\",\"@id\":\"https:\\\/\\\/toidupakk.ee\\\/pl\\\/#organization\",\"name\":\"Tactical Foodpack matkaeined\",\"url\":\"https:\\\/\\\/toidupakk.ee\\\/pl\\\/\",\"logo\":{\"@type\":\"ImageObject\",\"inLanguage\":\"pl-PL\",\"@id\":\"https:\\\/\\\/toidupakk.ee\\\/pl\\\/#\\\/schema\\\/logo\\\/image\\\/\",\"url\":\"https:\\\/\\\/toidupakk.ee\\\/wp-content\\\/uploads\\\/2022\\\/01\\\/Toidupakk-matkapood-logo-transparent.png\",\"contentUrl\":\"https:\\\/\\\/toidupakk.ee\\\/wp-content\\\/uploads\\\/2022\\\/01\\\/Toidupakk-matkapood-logo-transparent.png\",\"width\":500,\"height\":500,\"caption\":\"Tactical Foodpack matkaeined\"},\"image\":{\"@id\":\"https:\\\/\\\/toidupakk.ee\\\/pl\\\/#\\\/schema\\\/logo\\\/image\\\/\"},\"sameAs\":[\"https:\\\/\\\/www.facebook.com\\\/Toidupakk\",\"https:\\\/\\\/www.instagram.com\\\/toidupakk\\\/\"]}]}<\/script>\n<!-- \/ Yoast SEO plugin. -->","yoast_head_json":{"title":"Tabletki do uzdatniania wody MEDENTECH Aquatabs (50 szt.)","description":"Tabletki do uzdatniania wody Medentech Aquatabs sprawiaj\u0105, \u017ce woda nadaje si\u0119 do picia w 30 minut. Jedna tabletka oczyszcza litr wody, w opakowaniu znajduje si\u0119 50 tabletek.","robots":{"index":"index","follow":"follow","max-snippet":"max-snippet:-1","max-image-preview":"max-image-preview:large","max-video-preview":"max-video-preview:-1"},"canonical":"https:\/\/toidupakk.ee\/pl\/toode\/tabletki-do-uzdatniania-wody-medentech-aquatabs-50-szt\/","og_locale":"pl_PL","og_type":"article","og_title":"Tabletki do uzdatniania wody MEDENTECH Aquatabs (50 szt.)","og_description":"Tabletki do uzdatniania wody Medentech Aquatabs sprawiaj\u0105, \u017ce woda nadaje si\u0119 do picia w 30 minut. Jedna tabletka oczyszcza litr wody, w opakowaniu znajduje si\u0119 50 tabletek.","og_url":"https:\/\/toidupakk.ee\/pl\/toode\/tabletki-do-uzdatniania-wody-medentech-aquatabs-50-szt\/","og_site_name":"Toidupakk.ee - Tactical Foodpack toidupakid","article_publisher":"https:\/\/www.facebook.com\/Toidupakk","article_modified_time":"2026-04-21T09:00:48+00:00","og_image":[{"width":1080,"height":1080,"url":"https:\/\/toidupakk.ee\/wp-content\/uploads\/2022\/11\/Veepuhastustabletid-Medentech-Aquatabs-1-1.png","type":"image\/png"}],"twitter_card":"summary_large_image","twitter_misc":{"Szacowany czas czytania":"2 minuty"},"schema":{"@context":"https:\/\/schema.org","@graph":[{"@type":"WebPage","@id":"https:\/\/toidupakk.ee\/pl\/toode\/tabletki-do-uzdatniania-wody-medentech-aquatabs-50-szt\/","url":"https:\/\/toidupakk.ee\/pl\/toode\/tabletki-do-uzdatniania-wody-medentech-aquatabs-50-szt\/","name":"Tabletki do uzdatniania wody MEDENTECH Aquatabs (50 szt.)","isPartOf":{"@id":"https:\/\/toidupakk.ee\/pl\/#website"},"primaryImageOfPage":{"@id":"https:\/\/toidupakk.ee\/pl\/toode\/tabletki-do-uzdatniania-wody-medentech-aquatabs-50-szt\/#primaryimage"},"image":{"@id":"https:\/\/toidupakk.ee\/pl\/toode\/tabletki-do-uzdatniania-wody-medentech-aquatabs-50-szt\/#primaryimage"},"thumbnailUrl":"https:\/\/toidupakk.ee\/wp-content\/uploads\/2022\/11\/Veepuhastustabletid-Medentech-Aquatabs-1-1.png","datePublished":"2022-11-11T16:13:16+00:00","dateModified":"2026-04-21T09:00:48+00:00","description":"Tabletki do uzdatniania wody Medentech Aquatabs sprawiaj\u0105, \u017ce woda nadaje si\u0119 do picia w 30 minut. Jedna tabletka oczyszcza litr wody, w opakowaniu znajduje si\u0119 50 tabletek.","breadcrumb":{"@id":"https:\/\/toidupakk.ee\/pl\/toode\/tabletki-do-uzdatniania-wody-medentech-aquatabs-50-szt\/#breadcrumb"},"inLanguage":"pl-PL","potentialAction":[{"@type":"ReadAction","target":["https:\/\/toidupakk.ee\/pl\/toode\/tabletki-do-uzdatniania-wody-medentech-aquatabs-50-szt\/"]}]},{"@type":"ImageObject","inLanguage":"pl-PL","@id":"https:\/\/toidupakk.ee\/pl\/toode\/tabletki-do-uzdatniania-wody-medentech-aquatabs-50-szt\/#primaryimage","url":"https:\/\/toidupakk.ee\/wp-content\/uploads\/2022\/11\/Veepuhastustabletid-Medentech-Aquatabs-1-1.png","contentUrl":"https:\/\/toidupakk.ee\/wp-content\/uploads\/2022\/11\/Veepuhastustabletid-Medentech-Aquatabs-1-1.png","width":1080,"height":1080,"caption":"Veepuhastustabletid Medentech Aquatabs"},{"@type":"BreadcrumbList","@id":"https:\/\/toidupakk.ee\/pl\/toode\/tabletki-do-uzdatniania-wody-medentech-aquatabs-50-szt\/#breadcrumb","itemListElement":[{"@type":"ListItem","position":1,"name":"Avaleht","item":"https:\/\/toidupakk.ee\/pl\/"},{"@type":"ListItem","position":2,"name":"Sklep internetowy","item":"https:\/\/toidupakk.ee\/pl\/sklep-internetowy\/"},{"@type":"ListItem","position":3,"name":"Tabletki do uzdatniania wody MEDENTECH Aquatabs (50 szt.)"}]},{"@type":"WebSite","@id":"https:\/\/toidupakk.ee\/pl\/#website","url":"https:\/\/toidupakk.ee\/pl\/","name":"Toidupakk.ee - Tactical Foodpack toidupakid","description":"Tactical Foodpack k\u00fclmkuivatatud toidupakid ja matkaeined","publisher":{"@id":"https:\/\/toidupakk.ee\/pl\/#organization"},"potentialAction":[{"@type":"SearchAction","target":{"@type":"EntryPoint","urlTemplate":"https:\/\/toidupakk.ee\/pl\/?s={search_term_string}"},"query-input":{"@type":"PropertyValueSpecification","valueRequired":true,"valueName":"search_term_string"}}],"inLanguage":"pl-PL"},{"@type":"Organization","@id":"https:\/\/toidupakk.ee\/pl\/#organization","name":"Tactical Foodpack matkaeined","url":"https:\/\/toidupakk.ee\/pl\/","logo":{"@type":"ImageObject","inLanguage":"pl-PL","@id":"https:\/\/toidupakk.ee\/pl\/#\/schema\/logo\/image\/","url":"https:\/\/toidupakk.ee\/wp-content\/uploads\/2022\/01\/Toidupakk-matkapood-logo-transparent.png","contentUrl":"https:\/\/toidupakk.ee\/wp-content\/uploads\/2022\/01\/Toidupakk-matkapood-logo-transparent.png","width":500,"height":500,"caption":"Tactical Foodpack matkaeined"},"image":{"@id":"https:\/\/toidupakk.ee\/pl\/#\/schema\/logo\/image\/"},"sameAs":["https:\/\/www.facebook.com\/Toidupakk","https:\/\/www.instagram.com\/toidupakk\/"]}]}},"jetpack_sharing_enabled":true,"_links":{"self":[{"href":"https:\/\/toidupakk.ee\/pl\/wp-json\/wp\/v2\/product\/51441","targetHints":{"allow":["GET"]}}],"collection":[{"href":"https:\/\/toidupakk.ee\/pl\/wp-json\/wp\/v2\/product"}],"about":[{"href":"https:\/\/toidupakk.ee\/pl\/wp-json\/wp\/v2\/types\/product"}],"replies":[{"embeddable":true,"href":"https:\/\/toidupakk.ee\/pl\/wp-json\/wp\/v2\/comments?post=51441"}],"wp:featuredmedia":[{"embeddable":true,"href":"https:\/\/toidupakk.ee\/pl\/wp-json\/wp\/v2\/media\/4033"}],"wp:attachment":[{"href":"https:\/\/toidupakk.ee\/pl\/wp-json\/wp\/v2\/media?parent=51441"}],"wp:term":[{"taxonomy":"product_brand","embeddable":true,"href":"https:\/\/toidupakk.ee\/pl\/wp-json\/wp\/v2\/product_brand?post=51441"},{"taxonomy":"product_cat","embeddable":true,"href":"https:\/\/toidupakk.ee\/pl\/wp-json\/wp\/v2\/product_cat?post=51441"},{"taxonomy":"product_tag","embeddable":true,"href":"https:\/\/toidupakk.ee\/pl\/wp-json\/wp\/v2\/product_tag?post=51441"}],"curies":[{"name":"wp","href":"https:\/\/api.w.org\/{rel}","templated":true}]}}