{"id":51437,"date":"2022-12-01T15:39:37","date_gmt":"2022-12-01T13:39:37","guid":{"rendered":"https:\/\/toidupakk.ee\/toode\/ogrzewacze-do-stop-thermopad\/"},"modified":"2026-04-14T23:30:18","modified_gmt":"2026-04-14T20:30:18","slug":"ogrzewacze-do-stop-thermopad","status":"publish","type":"product","link":"https:\/\/toidupakk.ee\/pl\/toode\/ogrzewacze-do-stop-thermopad\/","title":{"rendered":"Ogrzewacze do st\u00f3p Thermopad"},"content":{"rendered":"<h1>Ogrzewacze do st\u00f3p Thermopad \u2013 instrukcja obs\u0142ugi<\/h1>\n<p>Otw\u00f3rz opakowanie ogrzewaczy Thermopad, zdejmij papier ochronny z cz\u0119\u015bci samoprzylepnej i odczekaj kilka minut na aktywacj\u0119 tlenem. Przyklej ogrzewacz do g\u00f3rnej lub dolnej cz\u0119\u015bci skarpety. Gruba skarpeta mo\u017ce os\u0142abi\u0107 odczuwanie ciep\u0142a.<br \/>\nOgrzewacz osi\u0105ga maksymaln\u0105 temperatur\u0119 w zaledwie kilka minut.<br \/>\nPo jednorazowym u\u017cyciu wystygni\u0119ty ogrzewacz wyrzu\u0107 do odpad\u00f3w zmieszanych.  <\/p>\n<p>&nbsp;<\/p>\n<h2><img fetchpriority=\"high\" decoding=\"async\" class=\"alignnone wp-image-4535 size-thumbnail\" src=\"https:\/\/toidupakk.ee\/wp-content\/uploads\/2022\/12\/Jalasoojendajad-Thermopad-1-1-500x500.jpg\" alt=\"Ogrzewacze do st\u00f3p Thermopad dla narciarzy\" width=\"500\" height=\"500\" srcset=\"https:\/\/toidupakk.ee\/wp-content\/uploads\/2022\/12\/Jalasoojendajad-Thermopad-1-1-500x500.jpg 500w, https:\/\/toidupakk.ee\/wp-content\/uploads\/2022\/12\/Jalasoojendajad-Thermopad-1-1-400x400.jpg 400w, https:\/\/toidupakk.ee\/wp-content\/uploads\/2022\/12\/Jalasoojendajad-Thermopad-1-1-100x100.jpg 100w, https:\/\/toidupakk.ee\/wp-content\/uploads\/2022\/12\/Jalasoojendajad-Thermopad-1-1-800x800.jpg 800w, https:\/\/toidupakk.ee\/wp-content\/uploads\/2022\/12\/Jalasoojendajad-Thermopad-1-1-300x300.jpg 300w, https:\/\/toidupakk.ee\/wp-content\/uploads\/2022\/12\/Jalasoojendajad-Thermopad-1-1-1024x1024.jpg 1024w, https:\/\/toidupakk.ee\/wp-content\/uploads\/2022\/12\/Jalasoojendajad-Thermopad-1-1-768x768.jpg 768w, https:\/\/toidupakk.ee\/wp-content\/uploads\/2022\/12\/Jalasoojendajad-Thermopad-1-1.jpg 1080w\" sizes=\"(max-width: 500px) 100vw, 500px\" \/><\/h2>\n<h2>Ogrzewacze do st\u00f3p Thermopad \u2013 instrukcja bezpiecze\u0144stwa<\/h2>\n<ul>\n<li>Produkt nie jest przeznaczony do u\u017cytku medycznego.<\/li>\n<li>Niezalecane dla dzieci poni\u017cej 6. roku \u017cycia.<\/li>\n<li>Nie stosuj bezpo\u015brednio na sk\u00f3r\u0119 \u2013 ryzyko oparze\u0144 i podra\u017cnie\u0144.<\/li>\n<li>Zdejmij ogrzewacz, je\u015bli ciep\u0142o stanie si\u0119 nieprzyjemne.<\/li>\n<li>Nie niszcz opakowania.<\/li>\n<li>Unikaj kontaktu z zawarto\u015bci\u0105 ogrzewacza.<\/li>\n<\/ul>\n<p><strong>Sk\u0142ad:<\/strong> sproszkowane \u017celazo, s\u00f3l, w\u0119giel aktywny, woda, wermikulit.<\/p>\n<p>Idealne dla narciarzy, my\u015bliwych, rowerzyst\u00f3w, a tak\u017ce os\u00f3b odwiedzaj\u0105cych jarmarki bo\u017conarodzeniowe i stadiony!<\/p>\n<p>&nbsp;<\/p>\n<p>Zobacz wi\u0119cej akcesori\u00f3w turystycznych <a href=\"https:\/\/toidupakk.ee\/pl\/tootekategooria\/sprzet-turystyczny\/#section-3-79\">TUTAJ<\/a><\/p>\n<p>Znajd\u017a inspiracj\u0119 na kolejne przygody na <a href=\"https:\/\/www.instagram.com\/toidupakk\/\">Instagramie<\/a> i <a href=\"https:\/\/www.facebook.com\/Toidupakk\/\">Facebooku<\/a> Toidupakk.<\/p>\n","protected":false},"excerpt":{"rendered":"<p><strong>Utrzymywanie ciep\u0142ych st\u00f3p pomaga rozprowadzi\u0107 ciep\u0142o po ca\u0142ym ciele, dlatego ogrzewacze s\u0105 przydatne dla ka\u017cdego, kto potrzebuje dodatkowego ciep\u0142a w mro\u017ane dni. Idealnie sprawdz\u0105 si\u0119 podczas ruchu na zewn\u0105trz, pracy lub po prostu podczas cieszenia si\u0119 urokami zimy. <\/strong><\/p>\n<ul>\n<li>Zestaw ogrzewaczy do st\u00f3p Thermopad\u00ae \u2013 ciesz si\u0119 zim\u0105 z ciep\u0142ymi stopami<\/li>\n<li>Czas dzia\u0142ania do 8 godzin<\/li>\n<li>Cienkie i wygodne \u2013 pasuj\u0105 do ka\u017cdego rodzaju obuwia<\/li>\n<li>Aktywuj\u0105 si\u0119 po otwarciu opakowania w kontakcie z powietrzem<\/li>\n<li>Zestaw zawiera dwie wk\u0142adki grzewcze<\/li>\n<li>Maksymalna temperatura 45\u00b0C<\/li>\n<\/ul>\n<p>Idealne dla w\u0119drowc\u00f3w, os\u00f3b pracuj\u0105cych w ch\u0142odzie, w\u0119dkarzy, my\u015bliwych, rowerzyst\u00f3w i narciarzy. A tak\u017ce dla bywalc\u00f3w jarmark\u00f3w bo\u017conarodzeniowych i stadion\u00f3w! <\/p>\n<p>\u2705 Szybka dostawa do Twojego paczkomatu w 1\u20133 dni robocze<\/p>\n","protected":false},"featured_media":4536,"comment_status":"open","ping_status":"closed","template":"","meta":{"_acf_changed":false},"product_brand":[],"product_cat":[303,324,325,326,301],"product_tag":[305],"class_list":{"0":"post-51437","1":"product","2":"type-product","3":"status-publish","4":"has-post-thumbnail","6":"product_cat-akcesoria-turystyczne","7":"product_cat-elementy-grzewcze","8":"product_cat-ogrzewacze-do-ciala","9":"product_cat-produkty-zimowe","10":"product_cat-sprzet-turystyczny","11":"product_tag-no_ads","13":"first","14":"onbackorder","15":"taxable","16":"shipping-taxable","17":"purchasable","18":"product-type-simple"},"bundled_by":[],"bundle_stock_status":"onbackorder","bundle_stock_quantity":-3,"bundle_virtual":false,"bundle_layout":"","bundle_add_to_cart_form_location":"","bundle_editable_in_cart":false,"bundle_sold_individually_context":"","bundle_item_grouping":"","bundle_min_size":"","bundle_max_size":"","bundle_price":[],"bundled_items":[],"bundle_sell_ids":[],"acf":[],"yoast_head":"<!-- This site is optimized with the Yoast SEO plugin v27.3 - https:\/\/yoast.com\/product\/yoast-seo-wordpress\/ -->\n<title>Ogrzewacze do st\u00f3p Thermopad<\/title>\n<meta name=\"description\" content=\"Ogrzewacze do st\u00f3p Thermopad idealnie sprawdz\u0105 si\u0119 podczas ruchu na zewn\u0105trz w mro\u017ane dni, w trakcie pracy lub po prostu podczas cieszenia si\u0119 urokami zimy.\" \/>\n<meta name=\"robots\" content=\"index, follow, max-snippet:-1, max-image-preview:large, max-video-preview:-1\" \/>\n<link rel=\"canonical\" href=\"https:\/\/toidupakk.ee\/pl\/toode\/ogrzewacze-do-stop-thermopad\/\" \/>\n<meta property=\"og:locale\" content=\"pl_PL\" \/>\n<meta property=\"og:type\" content=\"article\" \/>\n<meta property=\"og:title\" content=\"Ogrzewacze do st\u00f3p Thermopad\" \/>\n<meta property=\"og:description\" content=\"Ogrzewacze do st\u00f3p Thermopad idealnie sprawdz\u0105 si\u0119 podczas ruchu na zewn\u0105trz w mro\u017ane dni, w trakcie pracy lub po prostu podczas cieszenia si\u0119 urokami zimy.\" \/>\n<meta property=\"og:url\" content=\"https:\/\/toidupakk.ee\/pl\/toode\/ogrzewacze-do-stop-thermopad\/\" \/>\n<meta property=\"og:site_name\" content=\"Toidupakk.ee - Tactical Foodpack toidupakid\" \/>\n<meta property=\"article:publisher\" content=\"https:\/\/www.facebook.com\/Toidupakk\" \/>\n<meta property=\"article:modified_time\" content=\"2026-04-14T20:30:18+00:00\" \/>\n<meta property=\"og:image\" content=\"https:\/\/toidupakk.ee\/wp-content\/uploads\/2022\/12\/Jalasoojendajad-Thermopad-2.png\" \/>\n\t<meta property=\"og:image:width\" content=\"1080\" \/>\n\t<meta property=\"og:image:height\" content=\"1080\" \/>\n\t<meta property=\"og:image:type\" content=\"image\/png\" \/>\n<meta name=\"twitter:card\" content=\"summary_large_image\" \/>\n<meta name=\"twitter:label1\" content=\"Szacowany czas czytania\" \/>\n\t<meta name=\"twitter:data1\" content=\"1 minuta\" \/>\n<script type=\"application\/ld+json\" class=\"yoast-schema-graph\">{\"@context\":\"https:\\\/\\\/schema.org\",\"@graph\":[{\"@type\":\"WebPage\",\"@id\":\"https:\\\/\\\/toidupakk.ee\\\/pl\\\/toode\\\/ogrzewacze-do-stop-thermopad\\\/\",\"url\":\"https:\\\/\\\/toidupakk.ee\\\/pl\\\/toode\\\/ogrzewacze-do-stop-thermopad\\\/\",\"name\":\"Ogrzewacze do st\u00f3p Thermopad\",\"isPartOf\":{\"@id\":\"https:\\\/\\\/toidupakk.ee\\\/pl\\\/#website\"},\"primaryImageOfPage\":{\"@id\":\"https:\\\/\\\/toidupakk.ee\\\/pl\\\/toode\\\/ogrzewacze-do-stop-thermopad\\\/#primaryimage\"},\"image\":{\"@id\":\"https:\\\/\\\/toidupakk.ee\\\/pl\\\/toode\\\/ogrzewacze-do-stop-thermopad\\\/#primaryimage\"},\"thumbnailUrl\":\"https:\\\/\\\/toidupakk.ee\\\/wp-content\\\/uploads\\\/2022\\\/12\\\/Jalasoojendajad-Thermopad-2.png\",\"datePublished\":\"2022-12-01T13:39:37+00:00\",\"dateModified\":\"2026-04-14T20:30:18+00:00\",\"description\":\"Ogrzewacze do st\u00f3p Thermopad idealnie sprawdz\u0105 si\u0119 podczas ruchu na zewn\u0105trz w mro\u017ane dni, w trakcie pracy lub po prostu podczas cieszenia si\u0119 urokami zimy.\",\"breadcrumb\":{\"@id\":\"https:\\\/\\\/toidupakk.ee\\\/pl\\\/toode\\\/ogrzewacze-do-stop-thermopad\\\/#breadcrumb\"},\"inLanguage\":\"pl-PL\",\"potentialAction\":[{\"@type\":\"ReadAction\",\"target\":[\"https:\\\/\\\/toidupakk.ee\\\/pl\\\/toode\\\/ogrzewacze-do-stop-thermopad\\\/\"]}]},{\"@type\":\"ImageObject\",\"inLanguage\":\"pl-PL\",\"@id\":\"https:\\\/\\\/toidupakk.ee\\\/pl\\\/toode\\\/ogrzewacze-do-stop-thermopad\\\/#primaryimage\",\"url\":\"https:\\\/\\\/toidupakk.ee\\\/wp-content\\\/uploads\\\/2022\\\/12\\\/Jalasoojendajad-Thermopad-2.png\",\"contentUrl\":\"https:\\\/\\\/toidupakk.ee\\\/wp-content\\\/uploads\\\/2022\\\/12\\\/Jalasoojendajad-Thermopad-2.png\",\"width\":1080,\"height\":1080,\"caption\":\"Thermopad jalasoojendajad\"},{\"@type\":\"BreadcrumbList\",\"@id\":\"https:\\\/\\\/toidupakk.ee\\\/pl\\\/toode\\\/ogrzewacze-do-stop-thermopad\\\/#breadcrumb\",\"itemListElement\":[{\"@type\":\"ListItem\",\"position\":1,\"name\":\"Avaleht\",\"item\":\"https:\\\/\\\/toidupakk.ee\\\/pl\\\/\"},{\"@type\":\"ListItem\",\"position\":2,\"name\":\"Sklep internetowy\",\"item\":\"https:\\\/\\\/toidupakk.ee\\\/pl\\\/sklep-internetowy\\\/\"},{\"@type\":\"ListItem\",\"position\":3,\"name\":\"Ogrzewacze do st\u00f3p Thermopad\"}]},{\"@type\":\"WebSite\",\"@id\":\"https:\\\/\\\/toidupakk.ee\\\/pl\\\/#website\",\"url\":\"https:\\\/\\\/toidupakk.ee\\\/pl\\\/\",\"name\":\"Toidupakk.ee - Tactical Foodpack toidupakid\",\"description\":\"Tactical Foodpack k\u00fclmkuivatatud toidupakid ja matkaeined\",\"publisher\":{\"@id\":\"https:\\\/\\\/toidupakk.ee\\\/pl\\\/#organization\"},\"potentialAction\":[{\"@type\":\"SearchAction\",\"target\":{\"@type\":\"EntryPoint\",\"urlTemplate\":\"https:\\\/\\\/toidupakk.ee\\\/pl\\\/?s={search_term_string}\"},\"query-input\":{\"@type\":\"PropertyValueSpecification\",\"valueRequired\":true,\"valueName\":\"search_term_string\"}}],\"inLanguage\":\"pl-PL\"},{\"@type\":\"Organization\",\"@id\":\"https:\\\/\\\/toidupakk.ee\\\/pl\\\/#organization\",\"name\":\"Tactical Foodpack matkaeined\",\"url\":\"https:\\\/\\\/toidupakk.ee\\\/pl\\\/\",\"logo\":{\"@type\":\"ImageObject\",\"inLanguage\":\"pl-PL\",\"@id\":\"https:\\\/\\\/toidupakk.ee\\\/pl\\\/#\\\/schema\\\/logo\\\/image\\\/\",\"url\":\"https:\\\/\\\/toidupakk.ee\\\/wp-content\\\/uploads\\\/2022\\\/01\\\/Toidupakk-matkapood-logo-transparent.png\",\"contentUrl\":\"https:\\\/\\\/toidupakk.ee\\\/wp-content\\\/uploads\\\/2022\\\/01\\\/Toidupakk-matkapood-logo-transparent.png\",\"width\":500,\"height\":500,\"caption\":\"Tactical Foodpack matkaeined\"},\"image\":{\"@id\":\"https:\\\/\\\/toidupakk.ee\\\/pl\\\/#\\\/schema\\\/logo\\\/image\\\/\"},\"sameAs\":[\"https:\\\/\\\/www.facebook.com\\\/Toidupakk\",\"https:\\\/\\\/www.instagram.com\\\/toidupakk\\\/\"]}]}<\/script>\n<!-- \/ Yoast SEO plugin. -->","yoast_head_json":{"title":"Ogrzewacze do st\u00f3p Thermopad","description":"Ogrzewacze do st\u00f3p Thermopad idealnie sprawdz\u0105 si\u0119 podczas ruchu na zewn\u0105trz w mro\u017ane dni, w trakcie pracy lub po prostu podczas cieszenia si\u0119 urokami zimy.","robots":{"index":"index","follow":"follow","max-snippet":"max-snippet:-1","max-image-preview":"max-image-preview:large","max-video-preview":"max-video-preview:-1"},"canonical":"https:\/\/toidupakk.ee\/pl\/toode\/ogrzewacze-do-stop-thermopad\/","og_locale":"pl_PL","og_type":"article","og_title":"Ogrzewacze do st\u00f3p Thermopad","og_description":"Ogrzewacze do st\u00f3p Thermopad idealnie sprawdz\u0105 si\u0119 podczas ruchu na zewn\u0105trz w mro\u017ane dni, w trakcie pracy lub po prostu podczas cieszenia si\u0119 urokami zimy.","og_url":"https:\/\/toidupakk.ee\/pl\/toode\/ogrzewacze-do-stop-thermopad\/","og_site_name":"Toidupakk.ee - Tactical Foodpack toidupakid","article_publisher":"https:\/\/www.facebook.com\/Toidupakk","article_modified_time":"2026-04-14T20:30:18+00:00","og_image":[{"width":1080,"height":1080,"url":"https:\/\/toidupakk.ee\/wp-content\/uploads\/2022\/12\/Jalasoojendajad-Thermopad-2.png","type":"image\/png"}],"twitter_card":"summary_large_image","twitter_misc":{"Szacowany czas czytania":"1 minuta"},"schema":{"@context":"https:\/\/schema.org","@graph":[{"@type":"WebPage","@id":"https:\/\/toidupakk.ee\/pl\/toode\/ogrzewacze-do-stop-thermopad\/","url":"https:\/\/toidupakk.ee\/pl\/toode\/ogrzewacze-do-stop-thermopad\/","name":"Ogrzewacze do st\u00f3p Thermopad","isPartOf":{"@id":"https:\/\/toidupakk.ee\/pl\/#website"},"primaryImageOfPage":{"@id":"https:\/\/toidupakk.ee\/pl\/toode\/ogrzewacze-do-stop-thermopad\/#primaryimage"},"image":{"@id":"https:\/\/toidupakk.ee\/pl\/toode\/ogrzewacze-do-stop-thermopad\/#primaryimage"},"thumbnailUrl":"https:\/\/toidupakk.ee\/wp-content\/uploads\/2022\/12\/Jalasoojendajad-Thermopad-2.png","datePublished":"2022-12-01T13:39:37+00:00","dateModified":"2026-04-14T20:30:18+00:00","description":"Ogrzewacze do st\u00f3p Thermopad idealnie sprawdz\u0105 si\u0119 podczas ruchu na zewn\u0105trz w mro\u017ane dni, w trakcie pracy lub po prostu podczas cieszenia si\u0119 urokami zimy.","breadcrumb":{"@id":"https:\/\/toidupakk.ee\/pl\/toode\/ogrzewacze-do-stop-thermopad\/#breadcrumb"},"inLanguage":"pl-PL","potentialAction":[{"@type":"ReadAction","target":["https:\/\/toidupakk.ee\/pl\/toode\/ogrzewacze-do-stop-thermopad\/"]}]},{"@type":"ImageObject","inLanguage":"pl-PL","@id":"https:\/\/toidupakk.ee\/pl\/toode\/ogrzewacze-do-stop-thermopad\/#primaryimage","url":"https:\/\/toidupakk.ee\/wp-content\/uploads\/2022\/12\/Jalasoojendajad-Thermopad-2.png","contentUrl":"https:\/\/toidupakk.ee\/wp-content\/uploads\/2022\/12\/Jalasoojendajad-Thermopad-2.png","width":1080,"height":1080,"caption":"Thermopad jalasoojendajad"},{"@type":"BreadcrumbList","@id":"https:\/\/toidupakk.ee\/pl\/toode\/ogrzewacze-do-stop-thermopad\/#breadcrumb","itemListElement":[{"@type":"ListItem","position":1,"name":"Avaleht","item":"https:\/\/toidupakk.ee\/pl\/"},{"@type":"ListItem","position":2,"name":"Sklep internetowy","item":"https:\/\/toidupakk.ee\/pl\/sklep-internetowy\/"},{"@type":"ListItem","position":3,"name":"Ogrzewacze do st\u00f3p Thermopad"}]},{"@type":"WebSite","@id":"https:\/\/toidupakk.ee\/pl\/#website","url":"https:\/\/toidupakk.ee\/pl\/","name":"Toidupakk.ee - Tactical Foodpack toidupakid","description":"Tactical Foodpack k\u00fclmkuivatatud toidupakid ja matkaeined","publisher":{"@id":"https:\/\/toidupakk.ee\/pl\/#organization"},"potentialAction":[{"@type":"SearchAction","target":{"@type":"EntryPoint","urlTemplate":"https:\/\/toidupakk.ee\/pl\/?s={search_term_string}"},"query-input":{"@type":"PropertyValueSpecification","valueRequired":true,"valueName":"search_term_string"}}],"inLanguage":"pl-PL"},{"@type":"Organization","@id":"https:\/\/toidupakk.ee\/pl\/#organization","name":"Tactical Foodpack matkaeined","url":"https:\/\/toidupakk.ee\/pl\/","logo":{"@type":"ImageObject","inLanguage":"pl-PL","@id":"https:\/\/toidupakk.ee\/pl\/#\/schema\/logo\/image\/","url":"https:\/\/toidupakk.ee\/wp-content\/uploads\/2022\/01\/Toidupakk-matkapood-logo-transparent.png","contentUrl":"https:\/\/toidupakk.ee\/wp-content\/uploads\/2022\/01\/Toidupakk-matkapood-logo-transparent.png","width":500,"height":500,"caption":"Tactical Foodpack matkaeined"},"image":{"@id":"https:\/\/toidupakk.ee\/pl\/#\/schema\/logo\/image\/"},"sameAs":["https:\/\/www.facebook.com\/Toidupakk","https:\/\/www.instagram.com\/toidupakk\/"]}]}},"jetpack_sharing_enabled":true,"_links":{"self":[{"href":"https:\/\/toidupakk.ee\/pl\/wp-json\/wp\/v2\/product\/51437","targetHints":{"allow":["GET"]}}],"collection":[{"href":"https:\/\/toidupakk.ee\/pl\/wp-json\/wp\/v2\/product"}],"about":[{"href":"https:\/\/toidupakk.ee\/pl\/wp-json\/wp\/v2\/types\/product"}],"replies":[{"embeddable":true,"href":"https:\/\/toidupakk.ee\/pl\/wp-json\/wp\/v2\/comments?post=51437"}],"wp:featuredmedia":[{"embeddable":true,"href":"https:\/\/toidupakk.ee\/pl\/wp-json\/wp\/v2\/media\/4536"}],"wp:attachment":[{"href":"https:\/\/toidupakk.ee\/pl\/wp-json\/wp\/v2\/media?parent=51437"}],"wp:term":[{"taxonomy":"product_brand","embeddable":true,"href":"https:\/\/toidupakk.ee\/pl\/wp-json\/wp\/v2\/product_brand?post=51437"},{"taxonomy":"product_cat","embeddable":true,"href":"https:\/\/toidupakk.ee\/pl\/wp-json\/wp\/v2\/product_cat?post=51437"},{"taxonomy":"product_tag","embeddable":true,"href":"https:\/\/toidupakk.ee\/pl\/wp-json\/wp\/v2\/product_tag?post=51437"}],"curies":[{"name":"wp","href":"https:\/\/api.w.org\/{rel}","templated":true}]}}