{"id":51424,"date":"2021-09-03T14:55:51","date_gmt":"2021-09-03T11:55:51","guid":{"rendered":"https:\/\/toidupakk.ee\/toode\/weekpack-alpha-2080-g\/"},"modified":"2026-04-29T15:00:42","modified_gmt":"2026-04-29T12:00:42","slug":"weekpack-alpha-2080-g","status":"publish","type":"product","link":"https:\/\/toidupakk.ee\/pl\/toode\/weekpack-alpha-2080-g\/","title":{"rendered":"WeekPack Alpha 2080 g"},"content":{"rendered":"<h1><img fetchpriority=\"high\" decoding=\"async\" class=\"alignright wp-image-32486 size-thumbnail\" src=\"https:\/\/toidupakk.ee\/wp-content\/uploads\/2021\/09\/Tactical-Foodpack-Weekpack-Alpha1-500x500.png\" alt=\"Zdj\u0119cie produktu Weekpack Alpha\" width=\"500\" height=\"500\" srcset=\"https:\/\/toidupakk.ee\/wp-content\/uploads\/2021\/09\/Tactical-Foodpack-Weekpack-Alpha1-500x500.png 500w, https:\/\/toidupakk.ee\/wp-content\/uploads\/2021\/09\/Tactical-Foodpack-Weekpack-Alpha1-400x400.png 400w, https:\/\/toidupakk.ee\/wp-content\/uploads\/2021\/09\/Tactical-Foodpack-Weekpack-Alpha1-100x100.png 100w, https:\/\/toidupakk.ee\/wp-content\/uploads\/2021\/09\/Tactical-Foodpack-Weekpack-Alpha1-300x300.png 300w, https:\/\/toidupakk.ee\/wp-content\/uploads\/2021\/09\/Tactical-Foodpack-Weekpack-Alpha1-768x768.png 768w, https:\/\/toidupakk.ee\/wp-content\/uploads\/2021\/09\/Tactical-Foodpack-Weekpack-Alpha1.png 800w\" sizes=\"(max-width: 500px) 100vw, 500px\" \/><\/h1>\n<h1><strong>Kiedy i dlaczego Tactical Foodpack Weekpack Alpha Ci pomo\u017ce?<\/strong><\/h1>\n<p>Tactical Foodpack Weekpack Alpha zawiera zapas jedzenia na ca\u0142y tydzie\u0144 dla jednej osoby! Dzi\u0119ki niemu b\u0119dziesz gotowy na las, morze, przygod\u0119 i ka\u017cd\u0105 ewentualno\u015b\u0107 w domu \u2013 czy to \u015bnie\u017cyc\u0119, pow\u00f3d\u017a, czy przerw\u0119 w dostawie pr\u0105du. Zapas 21 posi\u0142k\u00f3w to o jeden pow\u00f3d do zmartwie\u0144 mniej.  <\/p>\n<h2><strong>Zestawem tygodniowym Tactical Foodpack mo\u017cesz si\u0119 dzieli\u0107<\/strong><\/h2>\n<p>Je\u015bli wyruszasz sam, zapas wystarczy Ci na ca\u0142y tydzie\u0144. Je\u015bli jednak planujesz weekendowy wypad z rodzin\u0105 lub znajomymi, zestaw pokryje wiele wsp\u00f3lnych posi\u0142k\u00f3w. U\u017cytkownicy WeekPacka chwal\u0105 go za wytrzyma\u0142o\u015b\u0107, lekko\u015b\u0107 i smak podczas wypraw w\u0119dkarskich, rodzinnych wakacji czy wycieczek rowerowych \u2013 przygotowanie jedzenia jest banalnie proste.  <\/p>\n<p>&nbsp;<\/p>\n<h3><strong>Sprytne \u0142\u0105czenie!<\/strong><\/h3>\n<p>Pami\u0119taj, \u017ce WeekPack mo\u017cesz \u0142\u0105czy\u0107 z innymi posi\u0142kami. Na wyprawie czy rejsie mo\u017cesz zje\u015b\u0107 po\u017cywne \u015bniadanie lub kolacj\u0119 z zestawu, a obiad zje\u015b\u0107 w restauracji. Dzi\u0119ki temu lepiej zaplanujesz czas i zaoszcz\u0119dzisz go na gotowaniu, maj\u0105c pewno\u015b\u0107, \u017ce jesz smacznie i zdrowo.   <\/p>\n<p>Dania maj\u0105 d\u0142ugi termin wa\u017cno\u015bci \u2013 to, co zostanie, mo\u017cesz wykorzysta\u0107 nawet za 8 lat. Co wa\u017cne, produkty nie zawieraj\u0105 konserwant\u00f3w ani wzmacniaczy smaku. <\/p>\n<p>&nbsp;<\/p>\n<p><img decoding=\"async\" class=\"alignright wp-image-34329 size-thumbnail\" src=\"https:\/\/toidupakk.ee\/wp-content\/uploads\/2021\/09\/Weekpack-Alpha-Tactical-Foodpack-20256-500x500.jpg\" alt=\"\" width=\"500\" height=\"500\" srcset=\"https:\/\/toidupakk.ee\/wp-content\/uploads\/2021\/09\/Weekpack-Alpha-Tactical-Foodpack-20256-500x500.jpg 500w, https:\/\/toidupakk.ee\/wp-content\/uploads\/2021\/09\/Weekpack-Alpha-Tactical-Foodpack-20256-400x400.jpg 400w, https:\/\/toidupakk.ee\/wp-content\/uploads\/2021\/09\/Weekpack-Alpha-Tactical-Foodpack-20256-100x100.jpg 100w, https:\/\/toidupakk.ee\/wp-content\/uploads\/2021\/09\/Weekpack-Alpha-Tactical-Foodpack-20256-600x600.jpg 600w, https:\/\/toidupakk.ee\/wp-content\/uploads\/2021\/09\/Weekpack-Alpha-Tactical-Foodpack-20256-300x300.jpg 300w, https:\/\/toidupakk.ee\/wp-content\/uploads\/2021\/09\/Weekpack-Alpha-Tactical-Foodpack-20256-768x768.jpg 768w, https:\/\/toidupakk.ee\/wp-content\/uploads\/2021\/09\/Weekpack-Alpha-Tactical-Foodpack-20256.jpg 800w\" sizes=\"(max-width: 500px) 100vw, 500px\" \/><\/p>\n<h3>Gwarancja smaku z Tactical Weekpack Alpha<\/h3>\n<p><strong>Zacznij dzie\u0144 od po\u017cywnego \u015bniadania<\/strong><\/p>\n<p>Dobra przygoda zaczyna si\u0119 od pe\u0142nego brzucha! \u015aniadania w Weekpack Alpha to czysta energia: 4\u00d7 owsianka z jab\u0142kami i 3\u00d7 kremowy pudding ry\u017cowy z malinami. S\u0105 lekkie, pyszne i daj\u0105 idealny start.  <\/p>\n<p><strong>R\u00f3\u017cnorodne obiady i kolacje na ka\u017cdy dzie\u0144<\/strong><\/p>\n<p>Po aktywnym poranku czekaj\u0105 syc\u0105ce dania. Wegetaria\u0144skie risotto grzybowe, klasyczne Spaghetti Bolognese, pur\u00e9e ziemniaczane z kurczakiem, kurczak z makaronem czy pikantne curry z kurczakiem \u2013 to kulinarna podr\u00f3\u017c dooko\u0142a \u015bwiata, idealna na regeneracj\u0119 w obozowisku.  <\/p>\n<p><strong>Elastyczny wyb\u00f3r dla ka\u017cdego<\/strong><\/p>\n<p>Dania Weekpack Alpha s\u0105 zbilansowane pod k\u0105tem smaku i warto\u015bci od\u017cywczych. Je\u015bli szukasz opcji bezmi\u0119snych, sprawd\u017a zestaw Weekpack Juliett \u2013 wegetaria\u0144ski zapas, kt\u00f3ry \u015bwietnie uzupe\u0142nia menu Alpha. <\/p>\n<p>Sprawd\u017a <a href=\"https:\/\/toidupakk.ee\/pl\/jak-uzywac\/\">TUTAJ<\/a>, jak przygotowa\u0107 posi\u0142ki.<\/p>\n<p>Znajd\u017a inspiracj\u0119 na kolejne przygody na <a href=\"https:\/\/www.instagram.com\/toidupakk\/\">Instagramie<\/a> i <a href=\"https:\/\/www.facebook.com\/Toidupakk\/\">Facebooku<\/a> Toidupakk.<\/p>\n","protected":false},"excerpt":{"rendered":"<p><strong>Tactical Foodpack Weekpack Alpha \u2013 zapas jedzenia na ca\u0142y tydzie\u0144. W lesie, w g\u00f3rach czy na \u0142onie natury \u2013 to Tw\u00f3j najlepszy wyb\u00f3r. Lekki zestaw 21 liofilizowanych posi\u0142k\u00f3w doda Ci si\u0142 podczas przyg\u00f3d i sprawdzi si\u0119 jako \u017celazna rezerwa w domu lub biurze.  <\/strong><\/p>\n<p><b>Dlaczego warto wybra\u0107 Weekpack Alpha?<\/b><\/p>\n<ul>\n<li><b>Szybkie i wygodne przygotowanie:<\/b><span style=\"font-weight: 400;\"> po prostu dolej gor\u0105cej wody, odczekaj 10 minut i jedz prosto z opakowania. Bez garnk\u00f3w i zmywania! Dzi\u0119ki liofilizacji dania przygotujesz nawet w zimnej wodzie \u2013 idealne w ekstremalnych warunkach.<\/span><\/li>\n<li><b>Wysoka kaloryczno\u015b\u0107 i d\u0142uga trwa\u0142o\u015b\u0107:<\/b><span style=\"font-weight: 400;\"> zestaw wa\u017cy tylko 2,2 kg i dostarcza 10 206 kcal. Termin wa\u017cno\u015bci to a\u017c 8 lat od daty produkcji, wi\u0119c nadaje si\u0119 do natychmiastowego spo\u017cycia, jak i do d\u0142ugoterminowego przechowywania.<\/span><\/li>\n<li><b>Wodoodporne opakowanie: wytrzyma\u0142e i kompaktowe<\/b> \u2013 dania s\u0105 w szczelnym wiadrze, kt\u00f3re \u0142atwo przechowasz w gara\u017cu czy aucie. Idziesz na szlak? Po prostu wrzu\u0107 saszetki do plecaka. Opakowania s\u0105 odporne na warunki atmosferyczne i mo\u017cna je podgrzewa\u0107 bezpo\u015brednio nad ma\u0142ym ogniem.   <\/li>\n<li><b>Turystyczne dania jako\u015bci gourmet<\/b> \u2013 naturalne sk\u0142adniki, bez sztucznych dodatk\u00f3w. Posi\u0142ki s\u0105 najpierw gotowane, a potem liofilizowane, co pozwala zachowa\u0107 pe\u0142ni\u0119 smaku i warto\u015bci od\u017cywczych. <\/li>\n<\/ul>\n<ul>\n<li>Wybierasz si\u0119 na ryby, rejs czy wypraw\u0119? Zabierz Tactical Weekpack i nie martw si\u0119 o jedzenie.<\/li>\n<li>Zadbaj o zapas domowy, kt\u00f3ry zapewni Twojej rodzinie bezpiecze\u0144stwo podczas \u015bnie\u017cycy, powodzi czy braku pr\u0105du.<\/li>\n<li>Esto\u0144skie receptury, wyprodukowano w Niemczech w fabryce Tactical Foodpack.<\/li>\n<li>Aby zje\u015b\u0107 ciep\u0142y posi\u0142ek, wystarczy doda\u0107 wod\u0119.<\/li>\n<li>Dost\u0119pna wersja bezmi\u0119sna \u2013 <a href=\"https:\/\/toidupakk.ee\/toode\/weekpack-juliett-2010g\/\">Vegan Weekpack Juliett<\/a>.<\/li>\n<\/ul>\n<p>Je\u015bli nie masz dost\u0119pu do wrz\u0105tku, polecamy <a href=\"https:\/\/toidupakk.ee\/tactical-foodpack\/tactical-fire-pot-suutegeel-40ml\/\"><span style=\"color: #0000ff;\">\u017cel do rozpalania<\/span><\/a>, kt\u00f3ry u\u0142atwia podgrzanie jedzenia w ka\u017cdych warunkach. Tactical Fire Pot pozwala podgrza\u0107 do 10 posi\u0142k\u00f3w. <\/p>\n<p>Je\u015bli nie mo\u017cesz u\u017cy\u0107 ognia, wybierz <a href=\"https:\/\/toidupakk.ee\/tactical-foodpack\/toidu-kuumutuskott-kutteelemendiga\/\">bezp\u0142omieniowy podgrzewacz<\/a>. Pozwala on przygotowa\u0107 ka\u017cde danie Tactical Foodpack. Wk\u0142ad <strong>reaguje z zimn\u0105 wod\u0105<\/strong>, podgrzewaj\u0105c j\u0105 do 100 stopni.  <\/p>\n<p>&nbsp;<\/p>\n<p><strong>Weekpack Alpha zawiera:<\/strong><\/p>\n<ul>\n<li>4\u00d7 <a href=\"https:\/\/toidupakk.ee\/toode\/kaerahelbepuder-ountega-110g\/\">Owsianka z jab\u0142kami<\/a> (442 kcal\/opakowanie)<\/li>\n<li>3\u00d7 <a href=\"https:\/\/toidupakk.ee\/toode\/riisipuding-vaarikaga-110g\/\">Pudding ry\u017cowy z malinami<\/a> (427 kcal\/opakowanie)<\/li>\n<li>2\u00d7 <a href=\"https:\/\/toidupakk.ee\/pl\/toode\/risotto-grzybowe-100g\/\">Risotto grzybowe<\/a> (517 kcal\/opakowanie)<\/li>\n<li>3\u00d7 <a href=\"https:\/\/toidupakk.ee\/pl\/toode\/pasta-bolognese-110-g\/\">Spaghetti Bolognese<\/a> (507 kcal\/opakowanie)<\/li>\n<li>3\u00d7 <a href=\"https:\/\/toidupakk.ee\/pl\/toode\/puree-ziemniaczane-z-kurczakiem\/\">Pur\u00e9e ziemniaczane z kurczakiem<\/a> (506 kcal\/opakowanie)<\/li>\n<li>3\u00d7 <a href=\"https:\/\/toidupakk.ee\/toode\/nuudliroog-kanaga-115g\/\">Makaron z kurczakiem<\/a> (514 kcal\/opakowanie)<\/li>\n<li>3\u00d7 <a href=\"https:\/\/toidupakk.ee\/toode\/vurtsikas-kanakarri-riisiga\/\">Pikantne curry z kurczakiem<\/a> (514 kcal\/opakowanie)<\/li>\n<\/ul>\n<p>&nbsp;<\/p>\n<p><b>G\u0142\u00f3wne cechy:<\/b><\/p>\n<ul>\n<li>21 pysznych da\u0144 liofilizowanych na 7 dni.<\/li>\n<li>Waga ca\u0142kowita: 2,2 kg (10 206 kcal).<\/li>\n<li>Termin wa\u017cno\u015bci: do 8 lat od daty produkcji.<\/li>\n<li>Mo\u017cliwo\u015b\u0107 przygotowania w gor\u0105cej i zimnej wodzie.<\/li>\n<li>Wodoodporne wiadro, \u0142atwe do przechowywania.<\/li>\n<li>Idealny na trekking, kemping, survival lub jako zestaw ratunkowy.<\/li>\n<\/ul>\n<p>&nbsp;<\/p>\n<p><span style=\"font-weight: 400;\">Niezale\u017cnie od trudno\u015bci trasy czy niespodziewanych zdarze\u0144, Tactical Foodpack Weekpack Alpha jest zawsze gotowy. Miej go w domu, w aucie lub zabierz na kolejn\u0105 wypraw\u0119. Zam\u00f3w teraz i b\u0105d\u017a gotowy na wszystko!  <\/span><\/p>\n<p><strong>Najlepiej spo\u017cy\u0107 przed: 8 lat od daty produkcji<\/strong><\/p>\n<p>\u2705 Produkt w magazynie, szybka dostawa 1-3 dni robocze<br \/>\n\u2705 DARMOWA dostawa do paczkomatu<br \/>\n\u2705 Kup teraz, zap\u0142a\u0107 p\u00f3\u017aniej (RRSO 0%)<\/p>\n","protected":false},"featured_media":51430,"comment_status":"open","ping_status":"closed","template":"","meta":{"_acf_changed":false},"product_brand":[],"product_cat":[303,347,337,311,301,343,358,336],"product_tag":[338],"class_list":{"0":"post-51424","1":"product","2":"type-product","3":"status-publish","4":"has-post-thumbnail","6":"product_cat-akcesoria-turystyczne","7":"product_cat-duze-zestawy-zapasow-zywnosci","8":"product_cat-posilki-tactical-foodpack","9":"product_cat-praktyczne-pomysly-na-prezent","10":"product_cat-sprzet-turystyczny","11":"product_cat-tygodniowe-zestawy-zapasow-zywnosci","12":"product_cat-zestawy-zapasow-zywnosci","13":"product_cat-zywnosc-turystyczna","14":"product_tag-tactical-foodpack","16":"first","17":"instock","18":"featured","19":"taxable","20":"shipping-taxable","21":"purchasable","22":"product-type-simple"},"bundled_by":[],"bundle_stock_status":"instock","bundle_stock_quantity":22,"bundle_virtual":false,"bundle_layout":"","bundle_add_to_cart_form_location":"","bundle_editable_in_cart":false,"bundle_sold_individually_context":"","bundle_item_grouping":"","bundle_min_size":"","bundle_max_size":"","bundle_price":[],"bundled_items":[],"bundle_sell_ids":[],"acf":[],"yoast_head":"<!-- This site is optimized with the Yoast SEO plugin v27.3 - https:\/\/yoast.com\/product\/yoast-seo-wordpress\/ -->\n<title>WeekPack Alpha 2080 g<\/title>\n<meta name=\"description\" content=\"Tactical Weekpack Alpha \u2013 zapas jedzenia na ca\u0142y tydzie\u0144 dla jednej osoby. Zabierz Tactical Foodpack na wypraw\u0119 lub uzupe\u0142nij domowe zapasy.\" \/>\n<meta name=\"robots\" content=\"index, follow, max-snippet:-1, max-image-preview:large, max-video-preview:-1\" \/>\n<link rel=\"canonical\" href=\"https:\/\/toidupakk.ee\/pl\/toode\/weekpack-alpha-2080-g\/\" \/>\n<meta property=\"og:locale\" content=\"pl_PL\" \/>\n<meta property=\"og:type\" content=\"article\" \/>\n<meta property=\"og:title\" content=\"WeekPack Alpha 2080 g\" \/>\n<meta property=\"og:description\" content=\"Tactical Weekpack Alpha \u2013 zapas jedzenia na ca\u0142y tydzie\u0144 dla jednej osoby. Zabierz Tactical Foodpack na wypraw\u0119 lub uzupe\u0142nij domowe zapasy.\" \/>\n<meta property=\"og:url\" content=\"https:\/\/toidupakk.ee\/pl\/toode\/weekpack-alpha-2080-g\/\" \/>\n<meta property=\"og:site_name\" content=\"Toidupakk.ee - Tactical Foodpack toidupakid\" \/>\n<meta property=\"article:publisher\" content=\"https:\/\/www.facebook.com\/Toidupakk\" \/>\n<meta property=\"article:modified_time\" content=\"2026-04-29T12:00:42+00:00\" \/>\n<meta property=\"og:image\" content=\"https:\/\/toidupakk.ee\/wp-content\/uploads\/2021\/09\/Tactical-Foodpack-Weekpack-Alpha1.png\" \/>\n\t<meta property=\"og:image:width\" content=\"800\" \/>\n\t<meta property=\"og:image:height\" content=\"800\" \/>\n\t<meta property=\"og:image:type\" content=\"image\/png\" \/>\n<meta name=\"twitter:card\" content=\"summary_large_image\" \/>\n<meta name=\"twitter:label1\" content=\"Szacowany czas czytania\" \/>\n\t<meta name=\"twitter:data1\" content=\"2 minuty\" \/>\n<script type=\"application\/ld+json\" class=\"yoast-schema-graph\">{\"@context\":\"https:\\\/\\\/schema.org\",\"@graph\":[{\"@type\":\"WebPage\",\"@id\":\"https:\\\/\\\/toidupakk.ee\\\/pl\\\/toode\\\/weekpack-alpha-2080-g\\\/\",\"url\":\"https:\\\/\\\/toidupakk.ee\\\/pl\\\/toode\\\/weekpack-alpha-2080-g\\\/\",\"name\":\"WeekPack Alpha 2080 g\",\"isPartOf\":{\"@id\":\"https:\\\/\\\/toidupakk.ee\\\/pl\\\/#website\"},\"primaryImageOfPage\":{\"@id\":\"https:\\\/\\\/toidupakk.ee\\\/pl\\\/toode\\\/weekpack-alpha-2080-g\\\/#primaryimage\"},\"image\":{\"@id\":\"https:\\\/\\\/toidupakk.ee\\\/pl\\\/toode\\\/weekpack-alpha-2080-g\\\/#primaryimage\"},\"thumbnailUrl\":\"https:\\\/\\\/toidupakk.ee\\\/wp-content\\\/uploads\\\/2021\\\/09\\\/Tactical-Foodpack-Weekpack-Alpha1.png\",\"datePublished\":\"2021-09-03T11:55:51+00:00\",\"dateModified\":\"2026-04-29T12:00:42+00:00\",\"description\":\"Tactical Weekpack Alpha \u2013 zapas jedzenia na ca\u0142y tydzie\u0144 dla jednej osoby. Zabierz Tactical Foodpack na wypraw\u0119 lub uzupe\u0142nij domowe zapasy.\",\"breadcrumb\":{\"@id\":\"https:\\\/\\\/toidupakk.ee\\\/pl\\\/toode\\\/weekpack-alpha-2080-g\\\/#breadcrumb\"},\"inLanguage\":\"pl-PL\",\"potentialAction\":[{\"@type\":\"ReadAction\",\"target\":[\"https:\\\/\\\/toidupakk.ee\\\/pl\\\/toode\\\/weekpack-alpha-2080-g\\\/\"]}]},{\"@type\":\"ImageObject\",\"inLanguage\":\"pl-PL\",\"@id\":\"https:\\\/\\\/toidupakk.ee\\\/pl\\\/toode\\\/weekpack-alpha-2080-g\\\/#primaryimage\",\"url\":\"https:\\\/\\\/toidupakk.ee\\\/wp-content\\\/uploads\\\/2021\\\/09\\\/Tactical-Foodpack-Weekpack-Alpha1.png\",\"contentUrl\":\"https:\\\/\\\/toidupakk.ee\\\/wp-content\\\/uploads\\\/2021\\\/09\\\/Tactical-Foodpack-Weekpack-Alpha1.png\",\"width\":800,\"height\":800,\"caption\":\"Zdj\u0119cie produktu Weekpack Alpha\"},{\"@type\":\"BreadcrumbList\",\"@id\":\"https:\\\/\\\/toidupakk.ee\\\/pl\\\/toode\\\/weekpack-alpha-2080-g\\\/#breadcrumb\",\"itemListElement\":[{\"@type\":\"ListItem\",\"position\":1,\"name\":\"Avaleht\",\"item\":\"https:\\\/\\\/toidupakk.ee\\\/pl\\\/\"},{\"@type\":\"ListItem\",\"position\":2,\"name\":\"Sklep internetowy\",\"item\":\"https:\\\/\\\/toidupakk.ee\\\/pl\\\/sklep-internetowy\\\/\"},{\"@type\":\"ListItem\",\"position\":3,\"name\":\"WeekPack Alpha 2080 g\"}]},{\"@type\":\"WebSite\",\"@id\":\"https:\\\/\\\/toidupakk.ee\\\/pl\\\/#website\",\"url\":\"https:\\\/\\\/toidupakk.ee\\\/pl\\\/\",\"name\":\"Toidupakk.ee - Tactical Foodpack toidupakid\",\"description\":\"Tactical Foodpack k\u00fclmkuivatatud toidupakid ja matkaeined\",\"publisher\":{\"@id\":\"https:\\\/\\\/toidupakk.ee\\\/pl\\\/#organization\"},\"potentialAction\":[{\"@type\":\"SearchAction\",\"target\":{\"@type\":\"EntryPoint\",\"urlTemplate\":\"https:\\\/\\\/toidupakk.ee\\\/pl\\\/?s={search_term_string}\"},\"query-input\":{\"@type\":\"PropertyValueSpecification\",\"valueRequired\":true,\"valueName\":\"search_term_string\"}}],\"inLanguage\":\"pl-PL\"},{\"@type\":\"Organization\",\"@id\":\"https:\\\/\\\/toidupakk.ee\\\/pl\\\/#organization\",\"name\":\"Tactical Foodpack matkaeined\",\"url\":\"https:\\\/\\\/toidupakk.ee\\\/pl\\\/\",\"logo\":{\"@type\":\"ImageObject\",\"inLanguage\":\"pl-PL\",\"@id\":\"https:\\\/\\\/toidupakk.ee\\\/pl\\\/#\\\/schema\\\/logo\\\/image\\\/\",\"url\":\"https:\\\/\\\/toidupakk.ee\\\/wp-content\\\/uploads\\\/2022\\\/01\\\/Toidupakk-matkapood-logo-transparent.png\",\"contentUrl\":\"https:\\\/\\\/toidupakk.ee\\\/wp-content\\\/uploads\\\/2022\\\/01\\\/Toidupakk-matkapood-logo-transparent.png\",\"width\":500,\"height\":500,\"caption\":\"Tactical Foodpack matkaeined\"},\"image\":{\"@id\":\"https:\\\/\\\/toidupakk.ee\\\/pl\\\/#\\\/schema\\\/logo\\\/image\\\/\"},\"sameAs\":[\"https:\\\/\\\/www.facebook.com\\\/Toidupakk\",\"https:\\\/\\\/www.instagram.com\\\/toidupakk\\\/\"]}]}<\/script>\n<!-- \/ Yoast SEO plugin. -->","yoast_head_json":{"title":"WeekPack Alpha 2080 g","description":"Tactical Weekpack Alpha \u2013 zapas jedzenia na ca\u0142y tydzie\u0144 dla jednej osoby. Zabierz Tactical Foodpack na wypraw\u0119 lub uzupe\u0142nij domowe zapasy.","robots":{"index":"index","follow":"follow","max-snippet":"max-snippet:-1","max-image-preview":"max-image-preview:large","max-video-preview":"max-video-preview:-1"},"canonical":"https:\/\/toidupakk.ee\/pl\/toode\/weekpack-alpha-2080-g\/","og_locale":"pl_PL","og_type":"article","og_title":"WeekPack Alpha 2080 g","og_description":"Tactical Weekpack Alpha \u2013 zapas jedzenia na ca\u0142y tydzie\u0144 dla jednej osoby. Zabierz Tactical Foodpack na wypraw\u0119 lub uzupe\u0142nij domowe zapasy.","og_url":"https:\/\/toidupakk.ee\/pl\/toode\/weekpack-alpha-2080-g\/","og_site_name":"Toidupakk.ee - Tactical Foodpack toidupakid","article_publisher":"https:\/\/www.facebook.com\/Toidupakk","article_modified_time":"2026-04-29T12:00:42+00:00","og_image":[{"width":800,"height":800,"url":"https:\/\/toidupakk.ee\/wp-content\/uploads\/2021\/09\/Tactical-Foodpack-Weekpack-Alpha1.png","type":"image\/png"}],"twitter_card":"summary_large_image","twitter_misc":{"Szacowany czas czytania":"2 minuty"},"schema":{"@context":"https:\/\/schema.org","@graph":[{"@type":"WebPage","@id":"https:\/\/toidupakk.ee\/pl\/toode\/weekpack-alpha-2080-g\/","url":"https:\/\/toidupakk.ee\/pl\/toode\/weekpack-alpha-2080-g\/","name":"WeekPack Alpha 2080 g","isPartOf":{"@id":"https:\/\/toidupakk.ee\/pl\/#website"},"primaryImageOfPage":{"@id":"https:\/\/toidupakk.ee\/pl\/toode\/weekpack-alpha-2080-g\/#primaryimage"},"image":{"@id":"https:\/\/toidupakk.ee\/pl\/toode\/weekpack-alpha-2080-g\/#primaryimage"},"thumbnailUrl":"https:\/\/toidupakk.ee\/wp-content\/uploads\/2021\/09\/Tactical-Foodpack-Weekpack-Alpha1.png","datePublished":"2021-09-03T11:55:51+00:00","dateModified":"2026-04-29T12:00:42+00:00","description":"Tactical Weekpack Alpha \u2013 zapas jedzenia na ca\u0142y tydzie\u0144 dla jednej osoby. Zabierz Tactical Foodpack na wypraw\u0119 lub uzupe\u0142nij domowe zapasy.","breadcrumb":{"@id":"https:\/\/toidupakk.ee\/pl\/toode\/weekpack-alpha-2080-g\/#breadcrumb"},"inLanguage":"pl-PL","potentialAction":[{"@type":"ReadAction","target":["https:\/\/toidupakk.ee\/pl\/toode\/weekpack-alpha-2080-g\/"]}]},{"@type":"ImageObject","inLanguage":"pl-PL","@id":"https:\/\/toidupakk.ee\/pl\/toode\/weekpack-alpha-2080-g\/#primaryimage","url":"https:\/\/toidupakk.ee\/wp-content\/uploads\/2021\/09\/Tactical-Foodpack-Weekpack-Alpha1.png","contentUrl":"https:\/\/toidupakk.ee\/wp-content\/uploads\/2021\/09\/Tactical-Foodpack-Weekpack-Alpha1.png","width":800,"height":800,"caption":"Zdj\u0119cie produktu Weekpack Alpha"},{"@type":"BreadcrumbList","@id":"https:\/\/toidupakk.ee\/pl\/toode\/weekpack-alpha-2080-g\/#breadcrumb","itemListElement":[{"@type":"ListItem","position":1,"name":"Avaleht","item":"https:\/\/toidupakk.ee\/pl\/"},{"@type":"ListItem","position":2,"name":"Sklep internetowy","item":"https:\/\/toidupakk.ee\/pl\/sklep-internetowy\/"},{"@type":"ListItem","position":3,"name":"WeekPack Alpha 2080 g"}]},{"@type":"WebSite","@id":"https:\/\/toidupakk.ee\/pl\/#website","url":"https:\/\/toidupakk.ee\/pl\/","name":"Toidupakk.ee - Tactical Foodpack toidupakid","description":"Tactical Foodpack k\u00fclmkuivatatud toidupakid ja matkaeined","publisher":{"@id":"https:\/\/toidupakk.ee\/pl\/#organization"},"potentialAction":[{"@type":"SearchAction","target":{"@type":"EntryPoint","urlTemplate":"https:\/\/toidupakk.ee\/pl\/?s={search_term_string}"},"query-input":{"@type":"PropertyValueSpecification","valueRequired":true,"valueName":"search_term_string"}}],"inLanguage":"pl-PL"},{"@type":"Organization","@id":"https:\/\/toidupakk.ee\/pl\/#organization","name":"Tactical Foodpack matkaeined","url":"https:\/\/toidupakk.ee\/pl\/","logo":{"@type":"ImageObject","inLanguage":"pl-PL","@id":"https:\/\/toidupakk.ee\/pl\/#\/schema\/logo\/image\/","url":"https:\/\/toidupakk.ee\/wp-content\/uploads\/2022\/01\/Toidupakk-matkapood-logo-transparent.png","contentUrl":"https:\/\/toidupakk.ee\/wp-content\/uploads\/2022\/01\/Toidupakk-matkapood-logo-transparent.png","width":500,"height":500,"caption":"Tactical Foodpack matkaeined"},"image":{"@id":"https:\/\/toidupakk.ee\/pl\/#\/schema\/logo\/image\/"},"sameAs":["https:\/\/www.facebook.com\/Toidupakk","https:\/\/www.instagram.com\/toidupakk\/"]}]}},"jetpack_sharing_enabled":true,"_links":{"self":[{"href":"https:\/\/toidupakk.ee\/pl\/wp-json\/wp\/v2\/product\/51424","targetHints":{"allow":["GET"]}}],"collection":[{"href":"https:\/\/toidupakk.ee\/pl\/wp-json\/wp\/v2\/product"}],"about":[{"href":"https:\/\/toidupakk.ee\/pl\/wp-json\/wp\/v2\/types\/product"}],"replies":[{"embeddable":true,"href":"https:\/\/toidupakk.ee\/pl\/wp-json\/wp\/v2\/comments?post=51424"}],"wp:featuredmedia":[{"embeddable":true,"href":"https:\/\/toidupakk.ee\/pl\/wp-json\/wp\/v2\/media\/51430"}],"wp:attachment":[{"href":"https:\/\/toidupakk.ee\/pl\/wp-json\/wp\/v2\/media?parent=51424"}],"wp:term":[{"taxonomy":"product_brand","embeddable":true,"href":"https:\/\/toidupakk.ee\/pl\/wp-json\/wp\/v2\/product_brand?post=51424"},{"taxonomy":"product_cat","embeddable":true,"href":"https:\/\/toidupakk.ee\/pl\/wp-json\/wp\/v2\/product_cat?post=51424"},{"taxonomy":"product_tag","embeddable":true,"href":"https:\/\/toidupakk.ee\/pl\/wp-json\/wp\/v2\/product_tag?post=51424"}],"curies":[{"name":"wp","href":"https:\/\/api.w.org\/{rel}","templated":true}]}}