{"id":51417,"date":"2021-09-03T11:40:24","date_gmt":"2021-09-03T08:40:24","guid":{"rendered":"https:\/\/toidupakk.ee\/toode\/owsianka-z-jablkiem-i-cynamonem\/"},"modified":"2026-04-17T04:00:58","modified_gmt":"2026-04-17T01:00:58","slug":"owsianka-z-jablkiem-i-cynamonem","status":"publish","type":"product","link":"https:\/\/toidupakk.ee\/pl\/toode\/owsianka-z-jablkiem-i-cynamonem\/","title":{"rendered":"Owsianka z jab\u0142kiem i cynamonem"},"content":{"rendered":"<h3><img fetchpriority=\"high\" decoding=\"async\" class=\"alignright wp-image-28040 size-thumbnail\" src=\"https:\/\/toidupakk.ee\/wp-content\/uploads\/2021\/09\/Kaerahelbepuder-ounte-ja-kaneeliga-Tactical-Foodpack-pakend-500x500.png\" alt=\"\" width=\"500\" height=\"500\" srcset=\"https:\/\/toidupakk.ee\/wp-content\/uploads\/2021\/09\/Kaerahelbepuder-ounte-ja-kaneeliga-Tactical-Foodpack-pakend-500x500.png 500w, https:\/\/toidupakk.ee\/wp-content\/uploads\/2021\/09\/Kaerahelbepuder-ounte-ja-kaneeliga-Tactical-Foodpack-pakend-400x400.png 400w, https:\/\/toidupakk.ee\/wp-content\/uploads\/2021\/09\/Kaerahelbepuder-ounte-ja-kaneeliga-Tactical-Foodpack-pakend-100x100.png 100w, https:\/\/toidupakk.ee\/wp-content\/uploads\/2021\/09\/Kaerahelbepuder-ounte-ja-kaneeliga-Tactical-Foodpack-pakend-300x300.png 300w, https:\/\/toidupakk.ee\/wp-content\/uploads\/2021\/09\/Kaerahelbepuder-ounte-ja-kaneeliga-Tactical-Foodpack-pakend-768x768.png 768w, https:\/\/toidupakk.ee\/wp-content\/uploads\/2021\/09\/Kaerahelbepuder-ounte-ja-kaneeliga-Tactical-Foodpack-pakend.png 800w\" sizes=\"(max-width: 500px) 100vw, 500px\" \/><\/h3>\n<h1>Odkryj Tactical Foodpack \u2013 owsiank\u0119 z jab\u0142kiem i cynamonem<\/h1>\n<p><strong>Tactical Foodpack Owsianka z jab\u0142kiem i cynamonem 90 g<\/strong> to po\u017cywne i pyszne \u015bniadanie przygotowane z wysokiej jako\u015bci p\u0142atk\u00f3w owsianych, s\u0142odkich jab\u0142ek i aromatycznego cynamonu. Ta liofilizowana owsianka idealnie sprawdzi si\u0119 na szlaku, jako szybkie \u015bniadanie lub zdrowy posi\u0142ek w domu. <\/p>\n<h2><strong>Dlaczego warto wybra\u0107 owsiank\u0119 z jab\u0142kiem i cynamonem?<\/strong><\/h2>\n<p>Owsianka z jab\u0142kiem i cynamonem to co\u015b wi\u0119cej ni\u017c zwyk\u0142a kasza \u2013 to smaczny, energetyczny i zdrowy wyb\u00f3r, kt\u00f3ry dostarczy Ci energii na ca\u0142y dzie\u0144. Posi\u0142ki <strong>Tactical Foodpack<\/strong> zosta\u0142y zaprojektowane tak, aby zapewnia\u0107 warto\u015bci od\u017cywcze i doskona\u0142y smak nawet w najtrudniejszych warunkach. <\/p>\n<ul>\n<li><strong>\u0141atwa w przygotowaniu:<\/strong> Po prostu dolej 300 ml gor\u0105cej wody, zamieszaj i odczekaj 6 minut. Szybkie i wygodne rozwi\u0105zanie, kt\u00f3re nie wymaga skomplikowanego przyrz\u0105dzania. <\/li>\n<li><strong>Wysoka zawarto\u015b\u0107 energii:<\/strong> Jedna porcja zawiera 491 kcal, co daje wystarczaj\u0105co du\u017co si\u0142y na ca\u0142y dzie\u0144.<\/li>\n<li><strong>Naturalny sk\u0142ad:<\/strong> Bez konserwant\u00f3w i sztucznych dodatk\u00f3w \u2013 tylko wysokiej jako\u015bci naturalne sk\u0142adniki.<\/li>\n<li><strong>D\u0142ugi termin przydatno\u015bci:<\/strong> Najlepiej spo\u017cy\u0107 przed up\u0142ywem 8 lat od daty produkcji. Dzi\u0119ki temu owsianka jest idealnym posi\u0142kiem wyprawowym lub zapasem do przechowywania w domu.<\/li>\n<li><strong>Wyprodukowano w Niemczech:<\/strong> Wysoka jako\u015b\u0107 produkcji gwarantuje, \u017ce ka\u017cdy posi\u0142ek Tactical Foodpack spe\u0142nia surowe standardy, zachowuj\u0105c smak i warto\u015bci od\u017cywcze.<\/li>\n<\/ul>\n<h3><strong>Co sprawia, \u017ce ta owsianka jest tak wyj\u0105tkowa?<\/strong><\/h3>\n<p>Owsianka z jab\u0142kiem i cynamonem jest przygotowana z liofilizowanych sk\u0142adnik\u00f3w, kt\u00f3re zachowuj\u0105 \u015bwie\u017co\u015b\u0107 i warto\u015bci od\u017cywcze. Jest lekka, ma kompaktowe opakowanie i d\u0142ugi termin przydatno\u015bci \u2013 to idealny wyb\u00f3r dla ka\u017cdego mi\u0142o\u015bnika w\u0119dr\u00f3wek lub os\u00f3b \u017cyj\u0105cych w biegu. <\/p>\n<p><strong>Sk\u0142adniki:<\/strong><\/p>\n<ul>\n<li>P\u0142atki owsiane (70%)<\/li>\n<li>\u015amietanka owsiana (woda, olej rzepakowy, owies (7%), skrobia modyfikowana, bia\u0142ko grochu, s\u00f3l, substancje zag\u0119szczaj\u0105ce (karagen, m\u0105czka chleba \u015bwi\u0119toja\u0144skiego, guma guar), emulgator (lecytyna))<\/li>\n<li>Jab\u0142ko (10%)<\/li>\n<li>Cukier<\/li>\n<li>S\u00f3l<\/li>\n<li>Cynamon<\/li>\n<\/ul>\n<h4><strong>Zalety liofilizacji<\/strong><\/h4>\n<p>Liofilizacja zapewnia d\u0142ugi termin przydatno\u015bci do spo\u017cycia poprzez usuwanie wody w niskich temperaturach. Proces ten pozwala zachowa\u0107 tekstur\u0119, smak i wszystkie wa\u017cne sk\u0142adniki od\u017cywcze. <strong>Tactical Foodpack<\/strong> wykorzystuje t\u0119 technologi\u0119, aby oferowa\u0107 \u0142atwe w transporcie, kompaktowe posi\u0142ki, kt\u00f3re zachowuj\u0105 swoj\u0105 jako\u015b\u0107 nawet po latach. <\/p>\n<h2><strong>Dla kogo przeznaczona jest owsianka z jab\u0142kiem i cynamonem?<\/strong><\/h2>\n<ul>\n<li><strong>Dla turyst\u00f3w i obozowicz\u00f3w:<\/strong> \u0141atwa w przygotowaniu i lekka do spakowania \u2013 doskona\u0142y prowiant na wypraw\u0119.<\/li>\n<li><strong>Dla poszukiwaczy przyg\u00f3d i survivalowc\u00f3w:<\/strong> D\u0142ugi termin przydatno\u015bci i wysoka kaloryczno\u015b\u0107 sprawiaj\u0105, \u017ce idealnie nadaje si\u0119 do sytuacji survivalowych i na d\u0142ugie wyprawy.<\/li>\n<li><strong>Na szybkie \u015bniadanie w domu:<\/strong> Je\u015bli brakuje Ci czasu, a chcesz zje\u015b\u0107 smaczne i zdrowe \u015bniadanie, ta owsianka to \u015bwietny wyb\u00f3r.<\/li>\n<\/ul>\n<h4><strong>Informacje o produkcie i warunki przechowywania<\/strong><\/h4>\n<p><strong>Owsianka z jab\u0142kiem i cynamonem<\/strong> jest dost\u0119pna w opakowaniu 90 g, z kt\u00f3rego powstaje ok. 390 g gotowego posi\u0142ku. Idealna porcja \u015bniadaniowa dla jednej osoby lub smaczna przek\u0105ska. Optymalna temperatura przechowywania to od \u201310\u00b0C do +30\u00b0C. Technologia liofilizacji sprawia, \u017ce owsianka jest lekka i trwa\u0142a, doskona\u0142a na wyprawy lub jako zapas domowy.   <\/p>\n<h4><img decoding=\"async\" class=\"size-full wp-image-676 alignright\" src=\"https:\/\/toidupakk.ee\/wp-content\/uploads\/2021\/12\/TF_logo_RGB-22-16-43-849.png\" alt=\"Zielone logo Tactical Foodpack\" width=\"238\" height=\"100\"><\/h4>\n<h4><strong>Posi\u0142ki Tactical Foodpack \u2013 jak u\u017cywa\u0107<\/strong><\/h4>\n<ol>\n<li>Otw\u00f3rz opakowanie i wyjmij poch\u0142aniacz tlenu.<\/li>\n<li>Dolej 300 ml gor\u0105cej wody i dok\u0142adnie wymieszaj.<\/li>\n<li>Zamknij opakowanie i odczekaj 6 minut.<\/li>\n<li>Ciesz si\u0119 smacznym i po\u017cywnym posi\u0142kiem!<\/li>\n<\/ol>\n<h4><strong>Zam\u00f3w owsiank\u0119 z jab\u0142kiem i cynamonem ju\u017c dzi\u015b!<\/strong><\/h4>\n<p>Nie przegap tej pysznej i energetycznej owsianki! Zam\u00f3w <strong>Tactical Foodpack Owsiank\u0119 z jab\u0142kiem i cynamonem<\/strong> ju\u017c dzi\u015b i ciesz si\u0119 po\u017cywnym \u015bniadaniem zawsze i wsz\u0119dzie. <strong>Produkt dost\u0119pny w magazynie<\/strong>, szybka dostawa w ci\u0105gu 1\u20133 dni roboczych. <\/p>\n<p><strong>Kup teraz i sam przekonaj si\u0119 o jako\u015bci Tactical Foodpack!<\/strong><\/p>\n<p><strong>Sprawd\u017a te\u017c inne produkty<a href=\"https:\/\/toidupakk.ee\/pl\/tootekategooria\/posilki-tactical-foodpack\/\"> Tactical Foodpack<\/a><\/strong> i znajd\u017a odpowiednie menu na ka\u017cd\u0105 przygod\u0119!<\/p>\n<h3>Znajd\u017a inspiracj\u0119 na kolejn\u0105 przygod\u0119<\/h3>\n<p>Obserwuj nas na <a href=\"https:\/\/www.instagram.com\/toidupakk\/\">Instagramie<\/a> i <a href=\"https:\/\/www.facebook.com\/Toidupakk\/\">Facebooku<\/a>, aby otrzymywa\u0107 inspiracje, przepisy i nowo\u015bci z naszej oferty!<\/p>\n","protected":false},"excerpt":{"rendered":"<p><strong>Tactical Foodpack Owsianka z jab\u0142kiem i cynamonem to pyszne \u015bniadanie lub po\u017cywny posi\u0142ek w formie przek\u0105ski. Dodatek jab\u0142ka i cynamonu nadaje owsiance przyjemny s\u0142odko-korzenny smak, kt\u00f3ry dostarcza energii na rozpocz\u0119cie dnia lub regeneracj\u0119 po wysi\u0142ku fizycznym. Produkt w pe\u0142ni naturalny, nie zawiera konserwant\u00f3w ani sztucznych dodatk\u00f3w. Warto\u015b\u0107 energetyczna na porcj\u0119 wynosi 442 kcal.   <\/strong><\/p>\n<ul>\n<li>Pyszne \u015bniadanie, kt\u00f3re staje si\u0119 wyj\u0105tkowo soczyste dzi\u0119ki \u015bwie\u017cym, liofilizowanym jab\u0142kom<\/li>\n<li><span lang=\"ET\">Przyjemnie s\u0142odka i energetyczna owsianka daje si\u0142\u0119, by dobrze zacz\u0105\u0107 dzie\u0144<\/span><\/li>\n<li><span lang=\"ET\">Naturalny sk\u0142ad, nie zawiera konserwant\u00f3w ani dodatk\u00f3w<\/span><\/li>\n<li><span lang=\"ET\">Warto\u015b\u0107 energetyczna na porcj\u0119 wynosi 442 kcal<\/span><\/li>\n<li>Wyprodukowano w Niemczech<\/li>\n<li><strong>Najlepiej spo\u017cy\u0107 przed: 8 lat od daty produkcji<\/strong><\/li>\n<li>Gotowy posi\u0142ek \u2013 wystarczy zala\u0107 gor\u0105c\u0105 wod\u0105 i po 6 minutach cieszy\u0107 si\u0119 pe\u0142nowarto\u015bciowym daniem<\/li>\n<li>Aby przygotowa\u0107, dodaj do opakowania 300 ml gor\u0105cej wody<\/li>\n<li><span lang=\"ET\">Warto\u015b\u0107 energetyczna na porcj\u0119 wynosi 1846 kJ \/ 442 kcal<\/span><\/li>\n<li>Waga gotowego posi\u0142ku ok. 390 g<\/li>\n<li>Idealna temperatura przechowywania: od 10 \u00b0C do +30 \u00b0C<\/li>\n<\/ul>\n<p><strong>Sk\u0142adniki: P\u0142atki owsiane (70%), \u015bmietanka owsiana (woda, olej rzepakowy, owies (7%), skrobia modyfikowana, bia\u0142ko grochu, s\u00f3l, substancje zag\u0119szczaj\u0105ce (karagen, m\u0105czka chleba \u015bwi\u0119toja\u0144skiego, guma guar), emulgator (lecytyna), jab\u0142ko (10%), cukier, s\u00f3l, cynamon.<\/strong><\/p>\n<p>Jedz jako pyszne \u015bniadanie lub jako deser po innym posi\u0142ku!<\/p>\n<p>\u2705 Dost\u0119pne w magazynie, szybka dostawa w 1-3 dni robocze<br \/>\n\u2705 Najlepiej spo\u017cy\u0107 przed up\u0142ywem 8 lat od daty produkcji<\/p>\n","protected":false},"featured_media":51421,"comment_status":"open","ping_status":"closed","template":"","meta":{"_acf_changed":false},"product_brand":[],"product_cat":[303,337,378,301,336],"product_tag":[338],"class_list":{"0":"post-51417","1":"product","2":"type-product","3":"status-publish","4":"has-post-thumbnail","6":"product_cat-akcesoria-turystyczne","7":"product_cat-posilki-tactical-foodpack","8":"product_cat-sniadania","9":"product_cat-sprzet-turystyczny","10":"product_cat-zywnosc-turystyczna","11":"product_tag-tactical-foodpack","13":"first","14":"instock","15":"taxable","16":"shipping-taxable","17":"purchasable","18":"product-type-simple"},"bundled_by":[],"bundle_stock_status":"instock","bundle_stock_quantity":16,"bundle_virtual":false,"bundle_layout":"","bundle_add_to_cart_form_location":"","bundle_editable_in_cart":false,"bundle_sold_individually_context":"","bundle_item_grouping":"","bundle_min_size":"","bundle_max_size":"","bundle_price":[],"bundled_items":[],"bundle_sell_ids":[],"acf":[],"yoast_head":"<!-- This site is optimized with the Yoast SEO plugin v27.3 - https:\/\/yoast.com\/product\/yoast-seo-wordpress\/ -->\n<title>Owsianka z jab\u0142kiem i cynamonem - Toidupakk.ee - Tactical Foodpack toidupakid<\/title>\n<meta name=\"description\" content=\"Owsianka z jab\u0142kiem i cynamonem to pyszne \u015bniadanie z dodatkiem prawdziwego mas\u0142a (82%), dzi\u0119ki kt\u00f3remu Tw\u00f3j posi\u0142ek b\u0119dzie jeszcze bardziej po\u017cywny.\" \/>\n<meta name=\"robots\" content=\"index, follow, max-snippet:-1, max-image-preview:large, max-video-preview:-1\" \/>\n<link rel=\"canonical\" href=\"https:\/\/toidupakk.ee\/pl\/toode\/owsianka-z-jablkiem-i-cynamonem\/\" \/>\n<meta property=\"og:locale\" content=\"pl_PL\" \/>\n<meta property=\"og:type\" content=\"article\" \/>\n<meta property=\"og:title\" content=\"Owsianka z jab\u0142kiem i cynamonem - Toidupakk.ee - Tactical Foodpack toidupakid\" \/>\n<meta property=\"og:description\" content=\"Owsianka z jab\u0142kiem i cynamonem to pyszne \u015bniadanie z dodatkiem prawdziwego mas\u0142a (82%), dzi\u0119ki kt\u00f3remu Tw\u00f3j posi\u0142ek b\u0119dzie jeszcze bardziej po\u017cywny.\" \/>\n<meta property=\"og:url\" content=\"https:\/\/toidupakk.ee\/pl\/toode\/owsianka-z-jablkiem-i-cynamonem\/\" \/>\n<meta property=\"og:site_name\" content=\"Toidupakk.ee - Tactical Foodpack toidupakid\" \/>\n<meta property=\"article:publisher\" content=\"https:\/\/www.facebook.com\/Toidupakk\" \/>\n<meta property=\"article:modified_time\" content=\"2026-04-17T01:00:58+00:00\" \/>\n<meta property=\"og:image\" content=\"https:\/\/toidupakk.ee\/wp-content\/uploads\/2021\/09\/Kartulipuder-ouna-ja-kaneeliga-kauss.png\" \/>\n\t<meta property=\"og:image:width\" content=\"800\" \/>\n\t<meta property=\"og:image:height\" content=\"800\" \/>\n\t<meta property=\"og:image:type\" content=\"image\/png\" \/>\n<meta name=\"twitter:card\" content=\"summary_large_image\" \/>\n<meta name=\"twitter:label1\" content=\"Szacowany czas czytania\" \/>\n\t<meta name=\"twitter:data1\" content=\"3 minuty\" \/>\n<script type=\"application\/ld+json\" class=\"yoast-schema-graph\">{\"@context\":\"https:\\\/\\\/schema.org\",\"@graph\":[{\"@type\":\"WebPage\",\"@id\":\"https:\\\/\\\/toidupakk.ee\\\/pl\\\/toode\\\/owsianka-z-jablkiem-i-cynamonem\\\/\",\"url\":\"https:\\\/\\\/toidupakk.ee\\\/pl\\\/toode\\\/owsianka-z-jablkiem-i-cynamonem\\\/\",\"name\":\"Owsianka z jab\u0142kiem i cynamonem - Toidupakk.ee - Tactical Foodpack toidupakid\",\"isPartOf\":{\"@id\":\"https:\\\/\\\/toidupakk.ee\\\/pl\\\/#website\"},\"primaryImageOfPage\":{\"@id\":\"https:\\\/\\\/toidupakk.ee\\\/pl\\\/toode\\\/owsianka-z-jablkiem-i-cynamonem\\\/#primaryimage\"},\"image\":{\"@id\":\"https:\\\/\\\/toidupakk.ee\\\/pl\\\/toode\\\/owsianka-z-jablkiem-i-cynamonem\\\/#primaryimage\"},\"thumbnailUrl\":\"https:\\\/\\\/toidupakk.ee\\\/wp-content\\\/uploads\\\/2021\\\/09\\\/Kartulipuder-ouna-ja-kaneeliga-kauss.png\",\"datePublished\":\"2021-09-03T08:40:24+00:00\",\"dateModified\":\"2026-04-17T01:00:58+00:00\",\"description\":\"Owsianka z jab\u0142kiem i cynamonem to pyszne \u015bniadanie z dodatkiem prawdziwego mas\u0142a (82%), dzi\u0119ki kt\u00f3remu Tw\u00f3j posi\u0142ek b\u0119dzie jeszcze bardziej po\u017cywny.\",\"breadcrumb\":{\"@id\":\"https:\\\/\\\/toidupakk.ee\\\/pl\\\/toode\\\/owsianka-z-jablkiem-i-cynamonem\\\/#breadcrumb\"},\"inLanguage\":\"pl-PL\",\"potentialAction\":[{\"@type\":\"ReadAction\",\"target\":[\"https:\\\/\\\/toidupakk.ee\\\/pl\\\/toode\\\/owsianka-z-jablkiem-i-cynamonem\\\/\"]}]},{\"@type\":\"ImageObject\",\"inLanguage\":\"pl-PL\",\"@id\":\"https:\\\/\\\/toidupakk.ee\\\/pl\\\/toode\\\/owsianka-z-jablkiem-i-cynamonem\\\/#primaryimage\",\"url\":\"https:\\\/\\\/toidupakk.ee\\\/wp-content\\\/uploads\\\/2021\\\/09\\\/Kartulipuder-ouna-ja-kaneeliga-kauss.png\",\"contentUrl\":\"https:\\\/\\\/toidupakk.ee\\\/wp-content\\\/uploads\\\/2021\\\/09\\\/Kartulipuder-ouna-ja-kaneeliga-kauss.png\",\"width\":800,\"height\":800,\"caption\":\"Tactical Foodpack owsianka z jab\u0142kiem\"},{\"@type\":\"BreadcrumbList\",\"@id\":\"https:\\\/\\\/toidupakk.ee\\\/pl\\\/toode\\\/owsianka-z-jablkiem-i-cynamonem\\\/#breadcrumb\",\"itemListElement\":[{\"@type\":\"ListItem\",\"position\":1,\"name\":\"Avaleht\",\"item\":\"https:\\\/\\\/toidupakk.ee\\\/pl\\\/\"},{\"@type\":\"ListItem\",\"position\":2,\"name\":\"Sklep internetowy\",\"item\":\"https:\\\/\\\/toidupakk.ee\\\/pl\\\/sklep-internetowy\\\/\"},{\"@type\":\"ListItem\",\"position\":3,\"name\":\"Owsianka z jab\u0142kiem i cynamonem\"}]},{\"@type\":\"WebSite\",\"@id\":\"https:\\\/\\\/toidupakk.ee\\\/pl\\\/#website\",\"url\":\"https:\\\/\\\/toidupakk.ee\\\/pl\\\/\",\"name\":\"Toidupakk.ee - Tactical Foodpack toidupakid\",\"description\":\"Tactical Foodpack k\u00fclmkuivatatud toidupakid ja matkaeined\",\"publisher\":{\"@id\":\"https:\\\/\\\/toidupakk.ee\\\/pl\\\/#organization\"},\"potentialAction\":[{\"@type\":\"SearchAction\",\"target\":{\"@type\":\"EntryPoint\",\"urlTemplate\":\"https:\\\/\\\/toidupakk.ee\\\/pl\\\/?s={search_term_string}\"},\"query-input\":{\"@type\":\"PropertyValueSpecification\",\"valueRequired\":true,\"valueName\":\"search_term_string\"}}],\"inLanguage\":\"pl-PL\"},{\"@type\":\"Organization\",\"@id\":\"https:\\\/\\\/toidupakk.ee\\\/pl\\\/#organization\",\"name\":\"Tactical Foodpack matkaeined\",\"url\":\"https:\\\/\\\/toidupakk.ee\\\/pl\\\/\",\"logo\":{\"@type\":\"ImageObject\",\"inLanguage\":\"pl-PL\",\"@id\":\"https:\\\/\\\/toidupakk.ee\\\/pl\\\/#\\\/schema\\\/logo\\\/image\\\/\",\"url\":\"https:\\\/\\\/toidupakk.ee\\\/wp-content\\\/uploads\\\/2022\\\/01\\\/Toidupakk-matkapood-logo-transparent.png\",\"contentUrl\":\"https:\\\/\\\/toidupakk.ee\\\/wp-content\\\/uploads\\\/2022\\\/01\\\/Toidupakk-matkapood-logo-transparent.png\",\"width\":500,\"height\":500,\"caption\":\"Tactical Foodpack matkaeined\"},\"image\":{\"@id\":\"https:\\\/\\\/toidupakk.ee\\\/pl\\\/#\\\/schema\\\/logo\\\/image\\\/\"},\"sameAs\":[\"https:\\\/\\\/www.facebook.com\\\/Toidupakk\",\"https:\\\/\\\/www.instagram.com\\\/toidupakk\\\/\"]}]}<\/script>\n<!-- \/ Yoast SEO plugin. -->","yoast_head_json":{"title":"Owsianka z jab\u0142kiem i cynamonem - Toidupakk.ee - Tactical Foodpack toidupakid","description":"Owsianka z jab\u0142kiem i cynamonem to pyszne \u015bniadanie z dodatkiem prawdziwego mas\u0142a (82%), dzi\u0119ki kt\u00f3remu Tw\u00f3j posi\u0142ek b\u0119dzie jeszcze bardziej po\u017cywny.","robots":{"index":"index","follow":"follow","max-snippet":"max-snippet:-1","max-image-preview":"max-image-preview:large","max-video-preview":"max-video-preview:-1"},"canonical":"https:\/\/toidupakk.ee\/pl\/toode\/owsianka-z-jablkiem-i-cynamonem\/","og_locale":"pl_PL","og_type":"article","og_title":"Owsianka z jab\u0142kiem i cynamonem - Toidupakk.ee - Tactical Foodpack toidupakid","og_description":"Owsianka z jab\u0142kiem i cynamonem to pyszne \u015bniadanie z dodatkiem prawdziwego mas\u0142a (82%), dzi\u0119ki kt\u00f3remu Tw\u00f3j posi\u0142ek b\u0119dzie jeszcze bardziej po\u017cywny.","og_url":"https:\/\/toidupakk.ee\/pl\/toode\/owsianka-z-jablkiem-i-cynamonem\/","og_site_name":"Toidupakk.ee - Tactical Foodpack toidupakid","article_publisher":"https:\/\/www.facebook.com\/Toidupakk","article_modified_time":"2026-04-17T01:00:58+00:00","og_image":[{"width":800,"height":800,"url":"https:\/\/toidupakk.ee\/wp-content\/uploads\/2021\/09\/Kartulipuder-ouna-ja-kaneeliga-kauss.png","type":"image\/png"}],"twitter_card":"summary_large_image","twitter_misc":{"Szacowany czas czytania":"3 minuty"},"schema":{"@context":"https:\/\/schema.org","@graph":[{"@type":"WebPage","@id":"https:\/\/toidupakk.ee\/pl\/toode\/owsianka-z-jablkiem-i-cynamonem\/","url":"https:\/\/toidupakk.ee\/pl\/toode\/owsianka-z-jablkiem-i-cynamonem\/","name":"Owsianka z jab\u0142kiem i cynamonem - Toidupakk.ee - Tactical Foodpack toidupakid","isPartOf":{"@id":"https:\/\/toidupakk.ee\/pl\/#website"},"primaryImageOfPage":{"@id":"https:\/\/toidupakk.ee\/pl\/toode\/owsianka-z-jablkiem-i-cynamonem\/#primaryimage"},"image":{"@id":"https:\/\/toidupakk.ee\/pl\/toode\/owsianka-z-jablkiem-i-cynamonem\/#primaryimage"},"thumbnailUrl":"https:\/\/toidupakk.ee\/wp-content\/uploads\/2021\/09\/Kartulipuder-ouna-ja-kaneeliga-kauss.png","datePublished":"2021-09-03T08:40:24+00:00","dateModified":"2026-04-17T01:00:58+00:00","description":"Owsianka z jab\u0142kiem i cynamonem to pyszne \u015bniadanie z dodatkiem prawdziwego mas\u0142a (82%), dzi\u0119ki kt\u00f3remu Tw\u00f3j posi\u0142ek b\u0119dzie jeszcze bardziej po\u017cywny.","breadcrumb":{"@id":"https:\/\/toidupakk.ee\/pl\/toode\/owsianka-z-jablkiem-i-cynamonem\/#breadcrumb"},"inLanguage":"pl-PL","potentialAction":[{"@type":"ReadAction","target":["https:\/\/toidupakk.ee\/pl\/toode\/owsianka-z-jablkiem-i-cynamonem\/"]}]},{"@type":"ImageObject","inLanguage":"pl-PL","@id":"https:\/\/toidupakk.ee\/pl\/toode\/owsianka-z-jablkiem-i-cynamonem\/#primaryimage","url":"https:\/\/toidupakk.ee\/wp-content\/uploads\/2021\/09\/Kartulipuder-ouna-ja-kaneeliga-kauss.png","contentUrl":"https:\/\/toidupakk.ee\/wp-content\/uploads\/2021\/09\/Kartulipuder-ouna-ja-kaneeliga-kauss.png","width":800,"height":800,"caption":"Tactical Foodpack owsianka z jab\u0142kiem"},{"@type":"BreadcrumbList","@id":"https:\/\/toidupakk.ee\/pl\/toode\/owsianka-z-jablkiem-i-cynamonem\/#breadcrumb","itemListElement":[{"@type":"ListItem","position":1,"name":"Avaleht","item":"https:\/\/toidupakk.ee\/pl\/"},{"@type":"ListItem","position":2,"name":"Sklep internetowy","item":"https:\/\/toidupakk.ee\/pl\/sklep-internetowy\/"},{"@type":"ListItem","position":3,"name":"Owsianka z jab\u0142kiem i cynamonem"}]},{"@type":"WebSite","@id":"https:\/\/toidupakk.ee\/pl\/#website","url":"https:\/\/toidupakk.ee\/pl\/","name":"Toidupakk.ee - Tactical Foodpack toidupakid","description":"Tactical Foodpack k\u00fclmkuivatatud toidupakid ja matkaeined","publisher":{"@id":"https:\/\/toidupakk.ee\/pl\/#organization"},"potentialAction":[{"@type":"SearchAction","target":{"@type":"EntryPoint","urlTemplate":"https:\/\/toidupakk.ee\/pl\/?s={search_term_string}"},"query-input":{"@type":"PropertyValueSpecification","valueRequired":true,"valueName":"search_term_string"}}],"inLanguage":"pl-PL"},{"@type":"Organization","@id":"https:\/\/toidupakk.ee\/pl\/#organization","name":"Tactical Foodpack matkaeined","url":"https:\/\/toidupakk.ee\/pl\/","logo":{"@type":"ImageObject","inLanguage":"pl-PL","@id":"https:\/\/toidupakk.ee\/pl\/#\/schema\/logo\/image\/","url":"https:\/\/toidupakk.ee\/wp-content\/uploads\/2022\/01\/Toidupakk-matkapood-logo-transparent.png","contentUrl":"https:\/\/toidupakk.ee\/wp-content\/uploads\/2022\/01\/Toidupakk-matkapood-logo-transparent.png","width":500,"height":500,"caption":"Tactical Foodpack matkaeined"},"image":{"@id":"https:\/\/toidupakk.ee\/pl\/#\/schema\/logo\/image\/"},"sameAs":["https:\/\/www.facebook.com\/Toidupakk","https:\/\/www.instagram.com\/toidupakk\/"]}]}},"jetpack_sharing_enabled":true,"_links":{"self":[{"href":"https:\/\/toidupakk.ee\/pl\/wp-json\/wp\/v2\/product\/51417","targetHints":{"allow":["GET"]}}],"collection":[{"href":"https:\/\/toidupakk.ee\/pl\/wp-json\/wp\/v2\/product"}],"about":[{"href":"https:\/\/toidupakk.ee\/pl\/wp-json\/wp\/v2\/types\/product"}],"replies":[{"embeddable":true,"href":"https:\/\/toidupakk.ee\/pl\/wp-json\/wp\/v2\/comments?post=51417"}],"wp:featuredmedia":[{"embeddable":true,"href":"https:\/\/toidupakk.ee\/pl\/wp-json\/wp\/v2\/media\/51421"}],"wp:attachment":[{"href":"https:\/\/toidupakk.ee\/pl\/wp-json\/wp\/v2\/media?parent=51417"}],"wp:term":[{"taxonomy":"product_brand","embeddable":true,"href":"https:\/\/toidupakk.ee\/pl\/wp-json\/wp\/v2\/product_brand?post=51417"},{"taxonomy":"product_cat","embeddable":true,"href":"https:\/\/toidupakk.ee\/pl\/wp-json\/wp\/v2\/product_cat?post=51417"},{"taxonomy":"product_tag","embeddable":true,"href":"https:\/\/toidupakk.ee\/pl\/wp-json\/wp\/v2\/product_tag?post=51417"}],"curies":[{"name":"wp","href":"https:\/\/api.w.org\/{rel}","templated":true}]}}