{"id":51408,"date":"2023-01-17T11:31:43","date_gmt":"2023-01-17T09:31:43","guid":{"rendered":"https:\/\/toidupakk.ee\/toode\/akumulatorowa-latarka-czolowa-led-recharge-gc220\/"},"modified":"2026-04-20T11:31:03","modified_gmt":"2026-04-20T08:31:03","slug":"akumulatorowa-latarka-czolowa-led-recharge-gc220","status":"publish","type":"product","link":"https:\/\/toidupakk.ee\/pl\/toode\/akumulatorowa-latarka-czolowa-led-recharge-gc220\/","title":{"rendered":"Akumulatorowa latarka czo\u0142owa LED Recharge GC220"},"content":{"rendered":"<h1 style=\"font-size: 32px;\">Akumulatorowa latarka czo\u0142owa LED \u2013 przydatny pomocnik w warunkach s\u0142abego o\u015bwietlenia<\/h1>\n<p>Kompaktowa, mocna i akumulatorowa latarka czo\u0142owa LED. Czo\u0142\u00f3wka daje swobod\u0119 wykonywania niezb\u0119dnych prac bez anga\u017cowania r\u0105k. Dzi\u0119ki elastycznej opasce mo\u017cesz u\u017cywa\u0107 jej na g\u0142owie, nosi\u0107 na kasku lub postawi\u0107 na stole.  <\/p>\n<p>&nbsp;<\/p>\n<h2>Latarka czo\u0142owa LED ma sze\u015b\u0107 tryb\u00f3w \u015bwiecenia:<\/h2>\n<p>Do widzenia na wi\u0119kszy dystans nadaje si\u0119 tryb wysoki ze skupionym, bardzo ostrym \u015bwiat\u0142em. Ten tryb ma 220 lumen\u00f3w, a czas pracy latarki wynosi w tym przypadku 4 godziny. <\/p>\n<p>Do poruszania si\u0119 i pracy idealny jest tryb \u015bredni, kt\u00f3ry pozwala u\u017cytkownikowi wygodnie si\u0119 przemieszcza\u0107 i pracowa\u0107. Tryb \u015bredni ma 70 lumen\u00f3w, a czas pracy latarki wynosi wtedy 8 godzin. <\/p>\n<p>Do prac z bliska nadaje si\u0119 tryb bardzo niski lub niski: tryb bardzo niski to 10 lumen\u00f3w i 25 godzin pracy, a tryb niski to 20 lumen\u00f3w i 12 godzin pracy.<\/p>\n<p>Dodatkowo akumulatorowa latarka LED posiada czerwone \u015bwiat\u0142o i czerwone \u015bwiat\u0142o migaj\u0105ce. Czerwone \u015bwiat\u0142o ma nisk\u0105 intensywno\u015b\u0107. Zwierz\u0119ta w naturze nie boj\u0105 si\u0119 czerwonego \u015bwiat\u0142a, wi\u0119c czo\u0142\u00f3wka idealnie nadaje si\u0119 na w\u0119dr\u00f3wki, ryby, kemping czy do lasu.  <\/p>\n<p>Latarka posiada r\u00f3wnie\u017c tryb czujnika ruchu, kt\u00f3ry pozwala w\u0142\u0105cza\u0107 i wy\u0142\u0105cza\u0107 j\u0105 gestem d\u0142oni.<\/p>\n<h2><img fetchpriority=\"high\" decoding=\"async\" class=\"alignnone size-medium wp-image-5374\" src=\"https:\/\/toidupakk.ee\/wp-content\/uploads\/2023\/01\/laetav-akuga-LED-pealamp-2-300x300.png\" alt=\"Latarka czo\u0142owa z kablem do \u0142adowania\" width=\"300\" height=\"300\" srcset=\"https:\/\/toidupakk.ee\/wp-content\/uploads\/2023\/01\/laetav-akuga-LED-pealamp-2-300x300.png 300w, https:\/\/toidupakk.ee\/wp-content\/uploads\/2023\/01\/laetav-akuga-LED-pealamp-2-400x400.png 400w, https:\/\/toidupakk.ee\/wp-content\/uploads\/2023\/01\/laetav-akuga-LED-pealamp-2-100x100.png 100w, https:\/\/toidupakk.ee\/wp-content\/uploads\/2023\/01\/laetav-akuga-LED-pealamp-2-800x800.png 800w, https:\/\/toidupakk.ee\/wp-content\/uploads\/2023\/01\/laetav-akuga-LED-pealamp-2-1024x1024.png 1024w, https:\/\/toidupakk.ee\/wp-content\/uploads\/2023\/01\/laetav-akuga-LED-pealamp-2-500x500.png 500w, https:\/\/toidupakk.ee\/wp-content\/uploads\/2023\/01\/laetav-akuga-LED-pealamp-2-768x768.png 768w, https:\/\/toidupakk.ee\/wp-content\/uploads\/2023\/01\/laetav-akuga-LED-pealamp-2.png 1080w\" sizes=\"(max-width: 300px) 100vw, 300px\" \/><\/h2>\n<h2>Akumulatorowa latarka czo\u0142owa LED \u2013 tryby pracy:<\/h2>\n<p>&nbsp;<\/p>\n<p>\ud83d\udca5<strong>Tryb mocnego \u015bwiat\u0142a:<\/strong><\/p>\n<p>Jasno\u015b\u0107: 220 lumen\u00f3w<\/p>\n<p>Czas \u015bwiecenia: 4 godziny<\/p>\n<p>&nbsp;<\/p>\n<p>\ud83d\udca5<strong>Tryb \u015bredniego \u015bwiat\u0142a:<\/strong><\/p>\n<p>Jasno\u015b\u0107: 70 lumen\u00f3w<\/p>\n<p>Czas \u015bwiecenia: 8 godzin<\/p>\n<p>&nbsp;<\/p>\n<p>\ud83d\udca5<strong>Tryb oszcz\u0119dzania baterii:<\/strong><\/p>\n<p>Jasno\u015b\u0107: 20 lumen\u00f3w<\/p>\n<p>Czas \u015bwiecenia: 12 godzin<\/p>\n<p>&nbsp;<\/p>\n<p>\ud83d\udca5<strong>Tryb super oszcz\u0119dzania baterii:<\/strong><\/p>\n<p>Jasno\u015b\u0107: 10 lumen\u00f3w<\/p>\n<p>Czas \u015bwiecenia: 25 godzin<\/p>\n<p>&nbsp;<\/p>\n<p>\ud83d\udca5Typ lampy: LED<\/p>\n<p>Akumulator: litowy 3,7 V<\/p>\n<p>Pojemno\u015b\u0107 akumulatora: 650 mAh<\/p>\n<p>Wymiary: 34,8 x 39 x 63,5 mm<\/p>\n<p>Waga: 45,8 g<\/p>\n<p>&nbsp;<\/p>\n<p>Latarka wykorzystuje technologi\u0119 LED, co gwarantuje, \u017ce jej jasno\u015b\u0107 nie spadnie z up\u0142ywem lat.<\/p>\n<p>Dodatkowo k\u0105t nachylenia latarki mo\u017cna regulowa\u0107 w zakresie 45\u00b0 wed\u0142ug potrzeb.<\/p>\n<p>Akumulatorowa latarka LED posiada ogniwo litowe i dzi\u0119ki mo\u017cliwo\u015bci \u0142adowania jest bardziej przyjazna dla \u015brodowiska. \u017bywotno\u015b\u0107 akumulatora to 1000 cykli \u0142adowania. Na spodzie latarki znajduje si\u0119 wska\u017anik stanu baterii, kt\u00f3ry informuje, czy urz\u0105dzenie wymaga \u0142adowania.  <\/p>\n<p>Regulowan\u0105 i elastyczn\u0105 opask\u0119 mo\u017cna \u0142atwo zdj\u0105\u0107 z latarki, gdy wymaga prania.<\/p>\n<p>W zestawie z latark\u0105 znajduje si\u0119 kabel USB-C (bez zasilacza).<\/p>\n<p>&nbsp;<\/p>\n<p>Znajd\u017a inspiracj\u0119 na kolejne przygody na <a href=\"https:\/\/www.instagram.com\/toidupakk\/\">Instagramie<\/a> i <a href=\"https:\/\/www.facebook.com\/Toidupakk\/\">Facebooku<\/a> Toidupakk.<\/p>\n<p>Zobacz sprz\u0119t turystyczny <a href=\"https:\/\/toidupakk.ee\/pl\/tootekategooria\/sprzet-turystyczny\/#section-3-79\">TUTAJ<\/a>.<\/p>\n","protected":false},"excerpt":{"rendered":"<p>Mocna latarka czo\u0142owa LED do u\u017cytku przez ca\u0142y rok. Jasno\u015b\u0107 220 Lm jest znacznie wy\u017csza ni\u017c w przeci\u0119tnej czo\u0142\u00f3wce. Nadaje si\u0119 do codziennego u\u017cytku lub na \u0107wiczenia, gdzie wymagane jest czerwone \u015bwiat\u0142o.  <\/p>\n<ul>\n<li>Mocna latarka czo\u0142owa <strong>LED<\/strong> o jasno\u015bci <strong>220 lumen\u00f3w<\/strong><\/li>\n<li>Akumulator: <strong>litowy 3,7 V (650 mAh)<\/strong><\/li>\n<li><strong>tryb czujnika ruchu<\/strong> (w\u0142\u0105czanie\/wy\u0142\u0105czanie gestem d\u0142oni)<\/li>\n<li><strong>czas \u015bwiecenia do 25 h<\/strong> (w trybie oszcz\u0119dnym); do 4 h w trybie max-brightness<\/li>\n<li><strong>6 tryb\u00f3w \u015bwiecenia<\/strong> (bardzo niski, niski, \u015bredni, wysoki, czerwony, czerwony migaj\u0105cy)<\/li>\n<li>Waga czo\u0142\u00f3wki \u2013 <strong>superlekka 45,8 g<\/strong><\/li>\n<li>Wymiary czo\u0142\u00f3wki \u2013 34,8 x 39 x 63,5 mm<\/li>\n<li>z regulowan\u0105, elastyczn\u0105 opask\u0105<\/li>\n<li>regulowany k\u0105t nachylenia g\u0142owicy<\/li>\n<li>wska\u017anik stanu akumulatora<\/li>\n<li><strong>kabel USB-C<\/strong> w zestawie<\/li>\n<\/ul>\n<p>\u2705 Dost\u0119pne w magazynie, szybka dostawa w 1\u20133 dni robocze<\/p>\n","protected":false},"featured_media":5377,"comment_status":"open","ping_status":"closed","template":"","meta":{"_acf_changed":false},"product_brand":[],"product_cat":[303,363,317,301,342,304],"product_tag":[],"class_list":{"0":"post-51408","1":"product","2":"type-product","3":"status-publish","4":"has-post-thumbnail","6":"product_cat-akcesoria-turystyczne","7":"product_cat-czolowki","8":"product_cat-mil-tec","9":"product_cat-sprzet-turystyczny","10":"product_cat-swiatlo","11":"product_cat-wyposazenie-militarne","13":"first","14":"instock","15":"taxable","16":"shipping-taxable","17":"purchasable","18":"product-type-simple"},"bundled_by":[],"bundle_stock_status":"instock","bundle_stock_quantity":3,"bundle_virtual":false,"bundle_layout":"","bundle_add_to_cart_form_location":"","bundle_editable_in_cart":false,"bundle_sold_individually_context":"","bundle_item_grouping":"","bundle_min_size":"","bundle_max_size":"","bundle_price":[],"bundled_items":[],"bundle_sell_ids":[],"acf":[],"yoast_head":"<!-- This site is optimized with the Yoast SEO plugin v27.3 - https:\/\/yoast.com\/product\/yoast-seo-wordpress\/ -->\n<title>Akumulatorowa latarka czo\u0142owa LED Recharge GC220<\/title>\n<meta name=\"description\" content=\"Akumulatorowa latarka czo\u0142owa LED \u2013 kompaktowa i mocna czo\u0142\u00f3wka, kt\u00f3ra daje swobod\u0119 wygodnego dzia\u0142ania nawet w ciemno\u015bci. 220 lumen\u00f3w oraz dodatkowo czerwone \u015bwiat\u0142o.\" \/>\n<meta name=\"robots\" content=\"index, follow, max-snippet:-1, max-image-preview:large, max-video-preview:-1\" \/>\n<link rel=\"canonical\" href=\"https:\/\/toidupakk.ee\/pl\/toode\/akumulatorowa-latarka-czolowa-led-recharge-gc220\/\" \/>\n<meta property=\"og:locale\" content=\"pl_PL\" \/>\n<meta property=\"og:type\" content=\"article\" \/>\n<meta property=\"og:title\" content=\"Akumulatorowa latarka czo\u0142owa LED Recharge GC220\" \/>\n<meta property=\"og:description\" content=\"Akumulatorowa latarka czo\u0142owa LED \u2013 kompaktowa i mocna czo\u0142\u00f3wka, kt\u00f3ra daje swobod\u0119 wygodnego dzia\u0142ania nawet w ciemno\u015bci. 220 lumen\u00f3w oraz dodatkowo czerwone \u015bwiat\u0142o.\" \/>\n<meta property=\"og:url\" content=\"https:\/\/toidupakk.ee\/pl\/toode\/akumulatorowa-latarka-czolowa-led-recharge-gc220\/\" \/>\n<meta property=\"og:site_name\" content=\"Toidupakk.ee - Tactical Foodpack toidupakid\" \/>\n<meta property=\"article:publisher\" content=\"https:\/\/www.facebook.com\/Toidupakk\" \/>\n<meta property=\"article:modified_time\" content=\"2026-04-20T08:31:03+00:00\" \/>\n<meta property=\"og:image\" content=\"https:\/\/toidupakk.ee\/wp-content\/uploads\/2023\/01\/laetav-akuga-LED-pealamp.png\" \/>\n\t<meta property=\"og:image:width\" content=\"1080\" \/>\n\t<meta property=\"og:image:height\" content=\"1080\" \/>\n\t<meta property=\"og:image:type\" content=\"image\/png\" \/>\n<meta name=\"twitter:card\" content=\"summary_large_image\" \/>\n<meta name=\"twitter:label1\" content=\"Szacowany czas czytania\" \/>\n\t<meta name=\"twitter:data1\" content=\"2 minuty\" \/>\n<script type=\"application\/ld+json\" class=\"yoast-schema-graph\">{\"@context\":\"https:\\\/\\\/schema.org\",\"@graph\":[{\"@type\":\"WebPage\",\"@id\":\"https:\\\/\\\/toidupakk.ee\\\/pl\\\/toode\\\/akumulatorowa-latarka-czolowa-led-recharge-gc220\\\/\",\"url\":\"https:\\\/\\\/toidupakk.ee\\\/pl\\\/toode\\\/akumulatorowa-latarka-czolowa-led-recharge-gc220\\\/\",\"name\":\"Akumulatorowa latarka czo\u0142owa LED Recharge GC220\",\"isPartOf\":{\"@id\":\"https:\\\/\\\/toidupakk.ee\\\/pl\\\/#website\"},\"primaryImageOfPage\":{\"@id\":\"https:\\\/\\\/toidupakk.ee\\\/pl\\\/toode\\\/akumulatorowa-latarka-czolowa-led-recharge-gc220\\\/#primaryimage\"},\"image\":{\"@id\":\"https:\\\/\\\/toidupakk.ee\\\/pl\\\/toode\\\/akumulatorowa-latarka-czolowa-led-recharge-gc220\\\/#primaryimage\"},\"thumbnailUrl\":\"https:\\\/\\\/toidupakk.ee\\\/wp-content\\\/uploads\\\/2023\\\/01\\\/laetav-akuga-LED-pealamp.png\",\"datePublished\":\"2023-01-17T09:31:43+00:00\",\"dateModified\":\"2026-04-20T08:31:03+00:00\",\"description\":\"Akumulatorowa latarka czo\u0142owa LED \u2013 kompaktowa i mocna czo\u0142\u00f3wka, kt\u00f3ra daje swobod\u0119 wygodnego dzia\u0142ania nawet w ciemno\u015bci. 220 lumen\u00f3w oraz dodatkowo czerwone \u015bwiat\u0142o.\",\"breadcrumb\":{\"@id\":\"https:\\\/\\\/toidupakk.ee\\\/pl\\\/toode\\\/akumulatorowa-latarka-czolowa-led-recharge-gc220\\\/#breadcrumb\"},\"inLanguage\":\"pl-PL\",\"potentialAction\":[{\"@type\":\"ReadAction\",\"target\":[\"https:\\\/\\\/toidupakk.ee\\\/pl\\\/toode\\\/akumulatorowa-latarka-czolowa-led-recharge-gc220\\\/\"]}]},{\"@type\":\"ImageObject\",\"inLanguage\":\"pl-PL\",\"@id\":\"https:\\\/\\\/toidupakk.ee\\\/pl\\\/toode\\\/akumulatorowa-latarka-czolowa-led-recharge-gc220\\\/#primaryimage\",\"url\":\"https:\\\/\\\/toidupakk.ee\\\/wp-content\\\/uploads\\\/2023\\\/01\\\/laetav-akuga-LED-pealamp.png\",\"contentUrl\":\"https:\\\/\\\/toidupakk.ee\\\/wp-content\\\/uploads\\\/2023\\\/01\\\/laetav-akuga-LED-pealamp.png\",\"width\":1080,\"height\":1080,\"caption\":\"Akuga LED pealamp\"},{\"@type\":\"BreadcrumbList\",\"@id\":\"https:\\\/\\\/toidupakk.ee\\\/pl\\\/toode\\\/akumulatorowa-latarka-czolowa-led-recharge-gc220\\\/#breadcrumb\",\"itemListElement\":[{\"@type\":\"ListItem\",\"position\":1,\"name\":\"Avaleht\",\"item\":\"https:\\\/\\\/toidupakk.ee\\\/pl\\\/\"},{\"@type\":\"ListItem\",\"position\":2,\"name\":\"Sklep internetowy\",\"item\":\"https:\\\/\\\/toidupakk.ee\\\/pl\\\/sklep-internetowy\\\/\"},{\"@type\":\"ListItem\",\"position\":3,\"name\":\"Akumulatorowa latarka czo\u0142owa LED Recharge GC220\"}]},{\"@type\":\"WebSite\",\"@id\":\"https:\\\/\\\/toidupakk.ee\\\/pl\\\/#website\",\"url\":\"https:\\\/\\\/toidupakk.ee\\\/pl\\\/\",\"name\":\"Toidupakk.ee - Tactical Foodpack toidupakid\",\"description\":\"Tactical Foodpack k\u00fclmkuivatatud toidupakid ja matkaeined\",\"publisher\":{\"@id\":\"https:\\\/\\\/toidupakk.ee\\\/pl\\\/#organization\"},\"potentialAction\":[{\"@type\":\"SearchAction\",\"target\":{\"@type\":\"EntryPoint\",\"urlTemplate\":\"https:\\\/\\\/toidupakk.ee\\\/pl\\\/?s={search_term_string}\"},\"query-input\":{\"@type\":\"PropertyValueSpecification\",\"valueRequired\":true,\"valueName\":\"search_term_string\"}}],\"inLanguage\":\"pl-PL\"},{\"@type\":\"Organization\",\"@id\":\"https:\\\/\\\/toidupakk.ee\\\/pl\\\/#organization\",\"name\":\"Tactical Foodpack matkaeined\",\"url\":\"https:\\\/\\\/toidupakk.ee\\\/pl\\\/\",\"logo\":{\"@type\":\"ImageObject\",\"inLanguage\":\"pl-PL\",\"@id\":\"https:\\\/\\\/toidupakk.ee\\\/pl\\\/#\\\/schema\\\/logo\\\/image\\\/\",\"url\":\"https:\\\/\\\/toidupakk.ee\\\/wp-content\\\/uploads\\\/2022\\\/01\\\/Toidupakk-matkapood-logo-transparent.png\",\"contentUrl\":\"https:\\\/\\\/toidupakk.ee\\\/wp-content\\\/uploads\\\/2022\\\/01\\\/Toidupakk-matkapood-logo-transparent.png\",\"width\":500,\"height\":500,\"caption\":\"Tactical Foodpack matkaeined\"},\"image\":{\"@id\":\"https:\\\/\\\/toidupakk.ee\\\/pl\\\/#\\\/schema\\\/logo\\\/image\\\/\"},\"sameAs\":[\"https:\\\/\\\/www.facebook.com\\\/Toidupakk\",\"https:\\\/\\\/www.instagram.com\\\/toidupakk\\\/\"]}]}<\/script>\n<!-- \/ Yoast SEO plugin. -->","yoast_head_json":{"title":"Akumulatorowa latarka czo\u0142owa LED Recharge GC220","description":"Akumulatorowa latarka czo\u0142owa LED \u2013 kompaktowa i mocna czo\u0142\u00f3wka, kt\u00f3ra daje swobod\u0119 wygodnego dzia\u0142ania nawet w ciemno\u015bci. 220 lumen\u00f3w oraz dodatkowo czerwone \u015bwiat\u0142o.","robots":{"index":"index","follow":"follow","max-snippet":"max-snippet:-1","max-image-preview":"max-image-preview:large","max-video-preview":"max-video-preview:-1"},"canonical":"https:\/\/toidupakk.ee\/pl\/toode\/akumulatorowa-latarka-czolowa-led-recharge-gc220\/","og_locale":"pl_PL","og_type":"article","og_title":"Akumulatorowa latarka czo\u0142owa LED Recharge GC220","og_description":"Akumulatorowa latarka czo\u0142owa LED \u2013 kompaktowa i mocna czo\u0142\u00f3wka, kt\u00f3ra daje swobod\u0119 wygodnego dzia\u0142ania nawet w ciemno\u015bci. 220 lumen\u00f3w oraz dodatkowo czerwone \u015bwiat\u0142o.","og_url":"https:\/\/toidupakk.ee\/pl\/toode\/akumulatorowa-latarka-czolowa-led-recharge-gc220\/","og_site_name":"Toidupakk.ee - Tactical Foodpack toidupakid","article_publisher":"https:\/\/www.facebook.com\/Toidupakk","article_modified_time":"2026-04-20T08:31:03+00:00","og_image":[{"width":1080,"height":1080,"url":"https:\/\/toidupakk.ee\/wp-content\/uploads\/2023\/01\/laetav-akuga-LED-pealamp.png","type":"image\/png"}],"twitter_card":"summary_large_image","twitter_misc":{"Szacowany czas czytania":"2 minuty"},"schema":{"@context":"https:\/\/schema.org","@graph":[{"@type":"WebPage","@id":"https:\/\/toidupakk.ee\/pl\/toode\/akumulatorowa-latarka-czolowa-led-recharge-gc220\/","url":"https:\/\/toidupakk.ee\/pl\/toode\/akumulatorowa-latarka-czolowa-led-recharge-gc220\/","name":"Akumulatorowa latarka czo\u0142owa LED Recharge GC220","isPartOf":{"@id":"https:\/\/toidupakk.ee\/pl\/#website"},"primaryImageOfPage":{"@id":"https:\/\/toidupakk.ee\/pl\/toode\/akumulatorowa-latarka-czolowa-led-recharge-gc220\/#primaryimage"},"image":{"@id":"https:\/\/toidupakk.ee\/pl\/toode\/akumulatorowa-latarka-czolowa-led-recharge-gc220\/#primaryimage"},"thumbnailUrl":"https:\/\/toidupakk.ee\/wp-content\/uploads\/2023\/01\/laetav-akuga-LED-pealamp.png","datePublished":"2023-01-17T09:31:43+00:00","dateModified":"2026-04-20T08:31:03+00:00","description":"Akumulatorowa latarka czo\u0142owa LED \u2013 kompaktowa i mocna czo\u0142\u00f3wka, kt\u00f3ra daje swobod\u0119 wygodnego dzia\u0142ania nawet w ciemno\u015bci. 220 lumen\u00f3w oraz dodatkowo czerwone \u015bwiat\u0142o.","breadcrumb":{"@id":"https:\/\/toidupakk.ee\/pl\/toode\/akumulatorowa-latarka-czolowa-led-recharge-gc220\/#breadcrumb"},"inLanguage":"pl-PL","potentialAction":[{"@type":"ReadAction","target":["https:\/\/toidupakk.ee\/pl\/toode\/akumulatorowa-latarka-czolowa-led-recharge-gc220\/"]}]},{"@type":"ImageObject","inLanguage":"pl-PL","@id":"https:\/\/toidupakk.ee\/pl\/toode\/akumulatorowa-latarka-czolowa-led-recharge-gc220\/#primaryimage","url":"https:\/\/toidupakk.ee\/wp-content\/uploads\/2023\/01\/laetav-akuga-LED-pealamp.png","contentUrl":"https:\/\/toidupakk.ee\/wp-content\/uploads\/2023\/01\/laetav-akuga-LED-pealamp.png","width":1080,"height":1080,"caption":"Akuga LED pealamp"},{"@type":"BreadcrumbList","@id":"https:\/\/toidupakk.ee\/pl\/toode\/akumulatorowa-latarka-czolowa-led-recharge-gc220\/#breadcrumb","itemListElement":[{"@type":"ListItem","position":1,"name":"Avaleht","item":"https:\/\/toidupakk.ee\/pl\/"},{"@type":"ListItem","position":2,"name":"Sklep internetowy","item":"https:\/\/toidupakk.ee\/pl\/sklep-internetowy\/"},{"@type":"ListItem","position":3,"name":"Akumulatorowa latarka czo\u0142owa LED Recharge GC220"}]},{"@type":"WebSite","@id":"https:\/\/toidupakk.ee\/pl\/#website","url":"https:\/\/toidupakk.ee\/pl\/","name":"Toidupakk.ee - Tactical Foodpack toidupakid","description":"Tactical Foodpack k\u00fclmkuivatatud toidupakid ja matkaeined","publisher":{"@id":"https:\/\/toidupakk.ee\/pl\/#organization"},"potentialAction":[{"@type":"SearchAction","target":{"@type":"EntryPoint","urlTemplate":"https:\/\/toidupakk.ee\/pl\/?s={search_term_string}"},"query-input":{"@type":"PropertyValueSpecification","valueRequired":true,"valueName":"search_term_string"}}],"inLanguage":"pl-PL"},{"@type":"Organization","@id":"https:\/\/toidupakk.ee\/pl\/#organization","name":"Tactical Foodpack matkaeined","url":"https:\/\/toidupakk.ee\/pl\/","logo":{"@type":"ImageObject","inLanguage":"pl-PL","@id":"https:\/\/toidupakk.ee\/pl\/#\/schema\/logo\/image\/","url":"https:\/\/toidupakk.ee\/wp-content\/uploads\/2022\/01\/Toidupakk-matkapood-logo-transparent.png","contentUrl":"https:\/\/toidupakk.ee\/wp-content\/uploads\/2022\/01\/Toidupakk-matkapood-logo-transparent.png","width":500,"height":500,"caption":"Tactical Foodpack matkaeined"},"image":{"@id":"https:\/\/toidupakk.ee\/pl\/#\/schema\/logo\/image\/"},"sameAs":["https:\/\/www.facebook.com\/Toidupakk","https:\/\/www.instagram.com\/toidupakk\/"]}]}},"jetpack_sharing_enabled":true,"_links":{"self":[{"href":"https:\/\/toidupakk.ee\/pl\/wp-json\/wp\/v2\/product\/51408","targetHints":{"allow":["GET"]}}],"collection":[{"href":"https:\/\/toidupakk.ee\/pl\/wp-json\/wp\/v2\/product"}],"about":[{"href":"https:\/\/toidupakk.ee\/pl\/wp-json\/wp\/v2\/types\/product"}],"replies":[{"embeddable":true,"href":"https:\/\/toidupakk.ee\/pl\/wp-json\/wp\/v2\/comments?post=51408"}],"wp:featuredmedia":[{"embeddable":true,"href":"https:\/\/toidupakk.ee\/pl\/wp-json\/wp\/v2\/media\/5377"}],"wp:attachment":[{"href":"https:\/\/toidupakk.ee\/pl\/wp-json\/wp\/v2\/media?parent=51408"}],"wp:term":[{"taxonomy":"product_brand","embeddable":true,"href":"https:\/\/toidupakk.ee\/pl\/wp-json\/wp\/v2\/product_brand?post=51408"},{"taxonomy":"product_cat","embeddable":true,"href":"https:\/\/toidupakk.ee\/pl\/wp-json\/wp\/v2\/product_cat?post=51408"},{"taxonomy":"product_tag","embeddable":true,"href":"https:\/\/toidupakk.ee\/pl\/wp-json\/wp\/v2\/product_tag?post=51408"}],"curies":[{"name":"wp","href":"https:\/\/api.w.org\/{rel}","templated":true}]}}