{"id":51400,"date":"2022-12-23T12:58:29","date_gmt":"2022-12-23T10:58:29","guid":{"rendered":"https:\/\/toidupakk.ee\/toode\/skarpety-bambusowe-boru-bamboo-wysokie\/"},"modified":"2026-04-29T15:32:02","modified_gmt":"2026-04-29T12:32:02","slug":"skarpety-bambusowe-boru-bamboo-wysokie","status":"publish","type":"product","link":"https:\/\/toidupakk.ee\/pl\/toode\/skarpety-bambusowe-boru-bamboo-wysokie\/","title":{"rendered":"Skarpety bambusowe Boru Bamboo (wysokie)"},"content":{"rendered":"<p>&nbsp;<\/p>\n<p><img fetchpriority=\"high\" decoding=\"async\" class=\"wp-image-4972 size-thumbnail alignright\" src=\"https:\/\/toidupakk.ee\/wp-content\/uploads\/2022\/12\/Bambussokid-Boru-Bamboo-2-500x500.png\" alt=\"Skarpety bambusowe do aktywno\u015bci na zewn\u0105trz\" width=\"500\" height=\"500\" srcset=\"https:\/\/toidupakk.ee\/wp-content\/uploads\/2022\/12\/Bambussokid-Boru-Bamboo-2-500x500.png 500w, https:\/\/toidupakk.ee\/wp-content\/uploads\/2022\/12\/Bambussokid-Boru-Bamboo-2-400x400.png 400w, https:\/\/toidupakk.ee\/wp-content\/uploads\/2022\/12\/Bambussokid-Boru-Bamboo-2-100x100.png 100w, https:\/\/toidupakk.ee\/wp-content\/uploads\/2022\/12\/Bambussokid-Boru-Bamboo-2-800x800.png 800w, https:\/\/toidupakk.ee\/wp-content\/uploads\/2022\/12\/Bambussokid-Boru-Bamboo-2-300x300.png 300w, https:\/\/toidupakk.ee\/wp-content\/uploads\/2022\/12\/Bambussokid-Boru-Bamboo-2-1024x1024.png 1024w, https:\/\/toidupakk.ee\/wp-content\/uploads\/2022\/12\/Bambussokid-Boru-Bamboo-2-768x768.png 768w, https:\/\/toidupakk.ee\/wp-content\/uploads\/2022\/12\/Bambussokid-Boru-Bamboo-2.png 1080w\" sizes=\"(max-width: 500px) 100vw, 500px\" \/><\/p>\n<p><strong>Skarpety bambusowe \u2013 wysokie skarpety z w\u0142\u00f3kna bambusowego na w\u0119dr\u00f3wki i aktywno\u015bci na zewn\u0105trz \u2013 oddychaj\u0105ce i wygodne przez ca\u0142y rok<\/strong><\/p>\n<p>Te <strong>wysokie skarpety bambusowe<\/strong> to idealny wyb\u00f3r na ka\u017cd\u0105 aktywno\u015b\u0107 na zewn\u0105trz \u2013 w\u0119dr\u00f3wki, spacery na \u0142onie natury czy wyzwania sportowe. <strong>Skarpety z w\u0142\u00f3kna bambusowego<\/strong> zapewniaj\u0105 stopom komfort o ka\u017cdej porze roku. Zim\u0105 materia\u0142 utrzymuje ciep\u0142o, a latem odprowadza wilgo\u0107, gwarantuj\u0105c uczucie ch\u0142odu i sucho\u015bci. <\/p>\n<p>Skarpety maj\u0105 doskona\u0142e <strong>w\u0142a\u015bciwo\u015bci oddychaj\u0105ce, antybakteryjne i hipoalergiczne<\/strong>, kt\u00f3re zapewniaj\u0105 stopom \u015bwie\u017co\u015b\u0107 i zapobiegaj\u0105 powstawaniu nieprzyjemnych zapach\u00f3w. Wzmocniona pi\u0119ta zwi\u0119ksza trwa\u0142o\u015b\u0107, dzi\u0119ki czemu skarpety s\u0105 wytrzyma\u0142e i odpowiednie nawet do intensywnych aktywno\u015bci. <\/p>\n<p><strong>Materia\u0142:<\/strong><\/p>\n<ul>\n<li>50% bambus<\/li>\n<li>20% akryl<\/li>\n<li>17% poliamid<\/li>\n<li>10% bawe\u0142na<\/li>\n<li>3% elastan<\/li>\n<\/ul>\n<p><strong>Zalety:<\/strong><\/p>\n<ul>\n<li><strong>Oddychaj\u0105ce i odprowadzaj\u0105ce wilgo\u0107<\/strong>: Idealne do aktywnego u\u017cytku latem i zim\u0105.<\/li>\n<li><strong>W\u0142a\u015bciwo\u015bci antybakteryjne<\/strong>: Pomagaj\u0105 utrzyma\u0107 stopy czyste i bez przykrych zapach\u00f3w.<\/li>\n<li><strong>Wzmocniona pi\u0119ta<\/strong>: D\u0142u\u017csza \u017cywotno\u015b\u0107 i dodatkowy komfort.<\/li>\n<\/ul>\n<p>\u2705 Dost\u0119pny w magazynie \u2013 szybka dostawa w 1-3 dni robocze!<\/p>\n<p>Znajd\u017a inspiracj\u0119 na kolejne przygody na <a href=\"https:\/\/www.instagram.com\/toidupakk\/\">Instagramie<\/a> i <a href=\"https:\/\/www.facebook.com\/Toidupakk\/\">Facebooku<\/a> Toidupakk.<\/p>\n<p>Zobacz sprz\u0119t turystyczny <a href=\"https:\/\/toidupakk.ee\/pl\/tootekategooria\/sprzet-turystyczny\/#section-3-79\">TUTAJ<\/a>.<\/p>\n","protected":false},"excerpt":{"rendered":"<ul>\n<li>Wysokie skarpety z w\u0142\u00f3kna bambusowego na w\u0119dr\u00f3wki lub aktywno\u015bci na zewn\u0105trz<\/li>\n<li>Skarpety bambusowe przeznaczone do u\u017cytku przez ca\u0142y rok. Zim\u0105 stopy pozostaj\u0105 ciep\u0142e, a latem suche. <\/li>\n<li>Oddychaj\u0105ce, antybakteryjne i hipoalergiczne.<\/li>\n<li>Ze wzmocnion\u0105 pi\u0119t\u0105.<\/li>\n<\/ul>\n<p>Materia\u0142: 50% bambus, 20% akryl, 17% poliamid, 10% bawe\u0142na i 3% elastan.<\/p>\n<p>\u2705 Dost\u0119pny w magazynie, dostawa w 1-3 dni robocze<\/p>\n","protected":false},"featured_media":51401,"comment_status":"open","ping_status":"closed","template":"","meta":{"_acf_changed":false},"product_brand":[],"product_cat":[303,319,311,348,301],"product_tag":[],"class_list":{"0":"post-51400","1":"product","2":"type-product","3":"status-publish","4":"has-post-thumbnail","6":"product_cat-akcesoria-turystyczne","7":"product_cat-odziez","8":"product_cat-praktyczne-pomysly-na-prezent","9":"product_cat-skarpety-turystyczne","10":"product_cat-sprzet-turystyczny","12":"first","13":"instock","14":"sale","15":"taxable","16":"shipping-taxable","17":"purchasable","18":"product-type-variable","19":"has-default-attributes"},"bundled_by":[],"bundle_stock_status":"instock","bundle_stock_quantity":null,"bundle_virtual":false,"bundle_layout":"","bundle_add_to_cart_form_location":"","bundle_editable_in_cart":false,"bundle_sold_individually_context":"","bundle_item_grouping":"","bundle_min_size":"","bundle_max_size":"","bundle_price":[],"bundled_items":[],"bundle_sell_ids":[],"acf":[],"yoast_head":"<!-- This site is optimized with the Yoast SEO plugin v27.3 - https:\/\/yoast.com\/product\/yoast-seo-wordpress\/ -->\n<title>Skarpety bambusowe Boru Bamboo (wysokie)<\/title>\n<meta name=\"description\" content=\"Skarpety bambusowe na w\u0119dr\u00f3wki lub aktywno\u015bci na zewn\u0105trz. Oddychaj\u0105ce skarpety zapewniaj\u0105 ciep\u0142o zim\u0105 i sucho\u015b\u0107 latem. Mi\u0119kkie i wygodne \u2013 ze wzmocnion\u0105 pi\u0119t\u0105.\" \/>\n<meta name=\"robots\" content=\"index, follow, max-snippet:-1, max-image-preview:large, max-video-preview:-1\" \/>\n<link rel=\"canonical\" href=\"https:\/\/toidupakk.ee\/pl\/toode\/skarpety-bambusowe-boru-bamboo-wysokie\/\" \/>\n<meta property=\"og:locale\" content=\"pl_PL\" \/>\n<meta property=\"og:type\" content=\"article\" \/>\n<meta property=\"og:title\" content=\"Skarpety bambusowe Boru Bamboo (wysokie)\" \/>\n<meta property=\"og:description\" content=\"Skarpety bambusowe na w\u0119dr\u00f3wki lub aktywno\u015bci na zewn\u0105trz. Oddychaj\u0105ce skarpety zapewniaj\u0105 ciep\u0142o zim\u0105 i sucho\u015b\u0107 latem. Mi\u0119kkie i wygodne \u2013 ze wzmocnion\u0105 pi\u0119t\u0105.\" \/>\n<meta property=\"og:url\" content=\"https:\/\/toidupakk.ee\/pl\/toode\/skarpety-bambusowe-boru-bamboo-wysokie\/\" \/>\n<meta property=\"og:site_name\" content=\"Toidupakk.ee - Tactical Foodpack toidupakid\" \/>\n<meta property=\"article:publisher\" content=\"https:\/\/www.facebook.com\/Toidupakk\" \/>\n<meta property=\"article:modified_time\" content=\"2026-04-29T12:32:02+00:00\" \/>\n<meta property=\"og:image\" content=\"https:\/\/toidupakk.ee\/wp-content\/uploads\/2022\/12\/Bambussokid-Boru-Bamboo-1.png\" \/>\n\t<meta property=\"og:image:width\" content=\"1080\" \/>\n\t<meta property=\"og:image:height\" content=\"1080\" \/>\n\t<meta property=\"og:image:type\" content=\"image\/png\" \/>\n<meta name=\"twitter:card\" content=\"summary_large_image\" \/>\n<meta name=\"twitter:label1\" content=\"Szacowany czas czytania\" \/>\n\t<meta name=\"twitter:data1\" content=\"1 minuta\" \/>\n<script type=\"application\/ld+json\" class=\"yoast-schema-graph\">{\"@context\":\"https:\\\/\\\/schema.org\",\"@graph\":[{\"@type\":\"WebPage\",\"@id\":\"https:\\\/\\\/toidupakk.ee\\\/pl\\\/toode\\\/skarpety-bambusowe-boru-bamboo-wysokie\\\/\",\"url\":\"https:\\\/\\\/toidupakk.ee\\\/pl\\\/toode\\\/skarpety-bambusowe-boru-bamboo-wysokie\\\/\",\"name\":\"Skarpety bambusowe Boru Bamboo (wysokie)\",\"isPartOf\":{\"@id\":\"https:\\\/\\\/toidupakk.ee\\\/pl\\\/#website\"},\"primaryImageOfPage\":{\"@id\":\"https:\\\/\\\/toidupakk.ee\\\/pl\\\/toode\\\/skarpety-bambusowe-boru-bamboo-wysokie\\\/#primaryimage\"},\"image\":{\"@id\":\"https:\\\/\\\/toidupakk.ee\\\/pl\\\/toode\\\/skarpety-bambusowe-boru-bamboo-wysokie\\\/#primaryimage\"},\"thumbnailUrl\":\"https:\\\/\\\/toidupakk.ee\\\/wp-content\\\/uploads\\\/2022\\\/12\\\/Bambussokid-Boru-Bamboo-1.png\",\"datePublished\":\"2022-12-23T10:58:29+00:00\",\"dateModified\":\"2026-04-29T12:32:02+00:00\",\"description\":\"Skarpety bambusowe na w\u0119dr\u00f3wki lub aktywno\u015bci na zewn\u0105trz. Oddychaj\u0105ce skarpety zapewniaj\u0105 ciep\u0142o zim\u0105 i sucho\u015b\u0107 latem. Mi\u0119kkie i wygodne \u2013 ze wzmocnion\u0105 pi\u0119t\u0105.\",\"breadcrumb\":{\"@id\":\"https:\\\/\\\/toidupakk.ee\\\/pl\\\/toode\\\/skarpety-bambusowe-boru-bamboo-wysokie\\\/#breadcrumb\"},\"inLanguage\":\"pl-PL\",\"potentialAction\":[{\"@type\":\"ReadAction\",\"target\":[\"https:\\\/\\\/toidupakk.ee\\\/pl\\\/toode\\\/skarpety-bambusowe-boru-bamboo-wysokie\\\/\"]}]},{\"@type\":\"ImageObject\",\"inLanguage\":\"pl-PL\",\"@id\":\"https:\\\/\\\/toidupakk.ee\\\/pl\\\/toode\\\/skarpety-bambusowe-boru-bamboo-wysokie\\\/#primaryimage\",\"url\":\"https:\\\/\\\/toidupakk.ee\\\/wp-content\\\/uploads\\\/2022\\\/12\\\/Bambussokid-Boru-Bamboo-1.png\",\"contentUrl\":\"https:\\\/\\\/toidupakk.ee\\\/wp-content\\\/uploads\\\/2022\\\/12\\\/Bambussokid-Boru-Bamboo-1.png\",\"width\":1080,\"height\":1080,\"caption\":\"Wysokie skarpety trekkingowe\"},{\"@type\":\"BreadcrumbList\",\"@id\":\"https:\\\/\\\/toidupakk.ee\\\/pl\\\/toode\\\/skarpety-bambusowe-boru-bamboo-wysokie\\\/#breadcrumb\",\"itemListElement\":[{\"@type\":\"ListItem\",\"position\":1,\"name\":\"Avaleht\",\"item\":\"https:\\\/\\\/toidupakk.ee\\\/pl\\\/\"},{\"@type\":\"ListItem\",\"position\":2,\"name\":\"Sklep internetowy\",\"item\":\"https:\\\/\\\/toidupakk.ee\\\/pl\\\/sklep-internetowy\\\/\"},{\"@type\":\"ListItem\",\"position\":3,\"name\":\"Skarpety bambusowe Boru Bamboo (wysokie)\"}]},{\"@type\":\"WebSite\",\"@id\":\"https:\\\/\\\/toidupakk.ee\\\/pl\\\/#website\",\"url\":\"https:\\\/\\\/toidupakk.ee\\\/pl\\\/\",\"name\":\"Toidupakk.ee - Tactical Foodpack toidupakid\",\"description\":\"Tactical Foodpack k\u00fclmkuivatatud toidupakid ja matkaeined\",\"publisher\":{\"@id\":\"https:\\\/\\\/toidupakk.ee\\\/pl\\\/#organization\"},\"potentialAction\":[{\"@type\":\"SearchAction\",\"target\":{\"@type\":\"EntryPoint\",\"urlTemplate\":\"https:\\\/\\\/toidupakk.ee\\\/pl\\\/?s={search_term_string}\"},\"query-input\":{\"@type\":\"PropertyValueSpecification\",\"valueRequired\":true,\"valueName\":\"search_term_string\"}}],\"inLanguage\":\"pl-PL\"},{\"@type\":\"Organization\",\"@id\":\"https:\\\/\\\/toidupakk.ee\\\/pl\\\/#organization\",\"name\":\"Tactical Foodpack matkaeined\",\"url\":\"https:\\\/\\\/toidupakk.ee\\\/pl\\\/\",\"logo\":{\"@type\":\"ImageObject\",\"inLanguage\":\"pl-PL\",\"@id\":\"https:\\\/\\\/toidupakk.ee\\\/pl\\\/#\\\/schema\\\/logo\\\/image\\\/\",\"url\":\"https:\\\/\\\/toidupakk.ee\\\/wp-content\\\/uploads\\\/2022\\\/01\\\/Toidupakk-matkapood-logo-transparent.png\",\"contentUrl\":\"https:\\\/\\\/toidupakk.ee\\\/wp-content\\\/uploads\\\/2022\\\/01\\\/Toidupakk-matkapood-logo-transparent.png\",\"width\":500,\"height\":500,\"caption\":\"Tactical Foodpack matkaeined\"},\"image\":{\"@id\":\"https:\\\/\\\/toidupakk.ee\\\/pl\\\/#\\\/schema\\\/logo\\\/image\\\/\"},\"sameAs\":[\"https:\\\/\\\/www.facebook.com\\\/Toidupakk\",\"https:\\\/\\\/www.instagram.com\\\/toidupakk\\\/\"]}]}<\/script>\n<!-- \/ Yoast SEO plugin. -->","yoast_head_json":{"title":"Skarpety bambusowe Boru Bamboo (wysokie)","description":"Skarpety bambusowe na w\u0119dr\u00f3wki lub aktywno\u015bci na zewn\u0105trz. Oddychaj\u0105ce skarpety zapewniaj\u0105 ciep\u0142o zim\u0105 i sucho\u015b\u0107 latem. Mi\u0119kkie i wygodne \u2013 ze wzmocnion\u0105 pi\u0119t\u0105.","robots":{"index":"index","follow":"follow","max-snippet":"max-snippet:-1","max-image-preview":"max-image-preview:large","max-video-preview":"max-video-preview:-1"},"canonical":"https:\/\/toidupakk.ee\/pl\/toode\/skarpety-bambusowe-boru-bamboo-wysokie\/","og_locale":"pl_PL","og_type":"article","og_title":"Skarpety bambusowe Boru Bamboo (wysokie)","og_description":"Skarpety bambusowe na w\u0119dr\u00f3wki lub aktywno\u015bci na zewn\u0105trz. Oddychaj\u0105ce skarpety zapewniaj\u0105 ciep\u0142o zim\u0105 i sucho\u015b\u0107 latem. Mi\u0119kkie i wygodne \u2013 ze wzmocnion\u0105 pi\u0119t\u0105.","og_url":"https:\/\/toidupakk.ee\/pl\/toode\/skarpety-bambusowe-boru-bamboo-wysokie\/","og_site_name":"Toidupakk.ee - Tactical Foodpack toidupakid","article_publisher":"https:\/\/www.facebook.com\/Toidupakk","article_modified_time":"2026-04-29T12:32:02+00:00","og_image":[{"width":1080,"height":1080,"url":"https:\/\/toidupakk.ee\/wp-content\/uploads\/2022\/12\/Bambussokid-Boru-Bamboo-1.png","type":"image\/png"}],"twitter_card":"summary_large_image","twitter_misc":{"Szacowany czas czytania":"1 minuta"},"schema":{"@context":"https:\/\/schema.org","@graph":[{"@type":"WebPage","@id":"https:\/\/toidupakk.ee\/pl\/toode\/skarpety-bambusowe-boru-bamboo-wysokie\/","url":"https:\/\/toidupakk.ee\/pl\/toode\/skarpety-bambusowe-boru-bamboo-wysokie\/","name":"Skarpety bambusowe Boru Bamboo (wysokie)","isPartOf":{"@id":"https:\/\/toidupakk.ee\/pl\/#website"},"primaryImageOfPage":{"@id":"https:\/\/toidupakk.ee\/pl\/toode\/skarpety-bambusowe-boru-bamboo-wysokie\/#primaryimage"},"image":{"@id":"https:\/\/toidupakk.ee\/pl\/toode\/skarpety-bambusowe-boru-bamboo-wysokie\/#primaryimage"},"thumbnailUrl":"https:\/\/toidupakk.ee\/wp-content\/uploads\/2022\/12\/Bambussokid-Boru-Bamboo-1.png","datePublished":"2022-12-23T10:58:29+00:00","dateModified":"2026-04-29T12:32:02+00:00","description":"Skarpety bambusowe na w\u0119dr\u00f3wki lub aktywno\u015bci na zewn\u0105trz. Oddychaj\u0105ce skarpety zapewniaj\u0105 ciep\u0142o zim\u0105 i sucho\u015b\u0107 latem. Mi\u0119kkie i wygodne \u2013 ze wzmocnion\u0105 pi\u0119t\u0105.","breadcrumb":{"@id":"https:\/\/toidupakk.ee\/pl\/toode\/skarpety-bambusowe-boru-bamboo-wysokie\/#breadcrumb"},"inLanguage":"pl-PL","potentialAction":[{"@type":"ReadAction","target":["https:\/\/toidupakk.ee\/pl\/toode\/skarpety-bambusowe-boru-bamboo-wysokie\/"]}]},{"@type":"ImageObject","inLanguage":"pl-PL","@id":"https:\/\/toidupakk.ee\/pl\/toode\/skarpety-bambusowe-boru-bamboo-wysokie\/#primaryimage","url":"https:\/\/toidupakk.ee\/wp-content\/uploads\/2022\/12\/Bambussokid-Boru-Bamboo-1.png","contentUrl":"https:\/\/toidupakk.ee\/wp-content\/uploads\/2022\/12\/Bambussokid-Boru-Bamboo-1.png","width":1080,"height":1080,"caption":"Wysokie skarpety trekkingowe"},{"@type":"BreadcrumbList","@id":"https:\/\/toidupakk.ee\/pl\/toode\/skarpety-bambusowe-boru-bamboo-wysokie\/#breadcrumb","itemListElement":[{"@type":"ListItem","position":1,"name":"Avaleht","item":"https:\/\/toidupakk.ee\/pl\/"},{"@type":"ListItem","position":2,"name":"Sklep internetowy","item":"https:\/\/toidupakk.ee\/pl\/sklep-internetowy\/"},{"@type":"ListItem","position":3,"name":"Skarpety bambusowe Boru Bamboo (wysokie)"}]},{"@type":"WebSite","@id":"https:\/\/toidupakk.ee\/pl\/#website","url":"https:\/\/toidupakk.ee\/pl\/","name":"Toidupakk.ee - Tactical Foodpack toidupakid","description":"Tactical Foodpack k\u00fclmkuivatatud toidupakid ja matkaeined","publisher":{"@id":"https:\/\/toidupakk.ee\/pl\/#organization"},"potentialAction":[{"@type":"SearchAction","target":{"@type":"EntryPoint","urlTemplate":"https:\/\/toidupakk.ee\/pl\/?s={search_term_string}"},"query-input":{"@type":"PropertyValueSpecification","valueRequired":true,"valueName":"search_term_string"}}],"inLanguage":"pl-PL"},{"@type":"Organization","@id":"https:\/\/toidupakk.ee\/pl\/#organization","name":"Tactical Foodpack matkaeined","url":"https:\/\/toidupakk.ee\/pl\/","logo":{"@type":"ImageObject","inLanguage":"pl-PL","@id":"https:\/\/toidupakk.ee\/pl\/#\/schema\/logo\/image\/","url":"https:\/\/toidupakk.ee\/wp-content\/uploads\/2022\/01\/Toidupakk-matkapood-logo-transparent.png","contentUrl":"https:\/\/toidupakk.ee\/wp-content\/uploads\/2022\/01\/Toidupakk-matkapood-logo-transparent.png","width":500,"height":500,"caption":"Tactical Foodpack matkaeined"},"image":{"@id":"https:\/\/toidupakk.ee\/pl\/#\/schema\/logo\/image\/"},"sameAs":["https:\/\/www.facebook.com\/Toidupakk","https:\/\/www.instagram.com\/toidupakk\/"]}]}},"jetpack_sharing_enabled":true,"_links":{"self":[{"href":"https:\/\/toidupakk.ee\/pl\/wp-json\/wp\/v2\/product\/51400","targetHints":{"allow":["GET"]}}],"collection":[{"href":"https:\/\/toidupakk.ee\/pl\/wp-json\/wp\/v2\/product"}],"about":[{"href":"https:\/\/toidupakk.ee\/pl\/wp-json\/wp\/v2\/types\/product"}],"replies":[{"embeddable":true,"href":"https:\/\/toidupakk.ee\/pl\/wp-json\/wp\/v2\/comments?post=51400"}],"wp:featuredmedia":[{"embeddable":true,"href":"https:\/\/toidupakk.ee\/pl\/wp-json\/wp\/v2\/media\/51401"}],"wp:attachment":[{"href":"https:\/\/toidupakk.ee\/pl\/wp-json\/wp\/v2\/media?parent=51400"}],"wp:term":[{"taxonomy":"product_brand","embeddable":true,"href":"https:\/\/toidupakk.ee\/pl\/wp-json\/wp\/v2\/product_brand?post=51400"},{"taxonomy":"product_cat","embeddable":true,"href":"https:\/\/toidupakk.ee\/pl\/wp-json\/wp\/v2\/product_cat?post=51400"},{"taxonomy":"product_tag","embeddable":true,"href":"https:\/\/toidupakk.ee\/pl\/wp-json\/wp\/v2\/product_tag?post=51400"}],"curies":[{"name":"wp","href":"https:\/\/api.w.org\/{rel}","templated":true}]}}