{"id":51391,"date":"2023-01-26T15:17:52","date_gmt":"2023-01-26T13:17:52","guid":{"rendered":"https:\/\/toidupakk.ee\/toode\/akumulatorowa-latarka-czolowa-led-recharge-gc260\/"},"modified":"2026-04-16T05:30:10","modified_gmt":"2026-04-16T02:30:10","slug":"akumulatorowa-latarka-czolowa-led-recharge-gc260","status":"publish","type":"product","link":"https:\/\/toidupakk.ee\/pl\/toode\/akumulatorowa-latarka-czolowa-led-recharge-gc260\/","title":{"rendered":"Akumulatorowa latarka czo\u0142owa LED Recharge GC260"},"content":{"rendered":"<h1 style=\"font-size: 32px;\">Akumulatorowa latarka czo\u0142owa LED \u2013 przydatny pomocnik w warunkach s\u0142abego o\u015bwietlenia<\/h1>\n<p>Kompaktowa, mocna i akumulatorowa latarka czo\u0142owa LED. Czo\u0142\u00f3wka daje swobod\u0119 wykonywania niezb\u0119dnych prac bez anga\u017cowania r\u0105k. Dzi\u0119ki elastycznej opasce lampk\u0119 mo\u017cna nosi\u0107 na g\u0142owie, na kasku lub postawi\u0107 na stole.  <\/p>\n<h2><\/h2>\n<h2>Latarka czo\u0142owa LED posiada pi\u0119\u0107 tryb\u00f3w \u015bwiecenia:<\/h2>\n<p>Czo\u0142\u00f3wka posiada pi\u0119\u0107 tryb\u00f3w \u015bwiecenia:<\/p>\n<p>Do widzenia na d\u0142u\u017cszy dystans nadaje si\u0119 tryb wysoki ze skupionym \u015bwiat\u0142em, kt\u00f3re jest jednocze\u015bnie bardzo ostre. Ten tryb ma 265 lumen\u00f3w, a czas pracy lampy wynosi w tym przypadku 4 godziny. <\/p>\n<p>Do prac z bliska nadaje si\u0119 tryb niski: tryb niski to 75 lumen\u00f3w, a czas pracy wynosi 8 godzin.<\/p>\n<p>Czo\u0142\u00f3wka posiada r\u00f3wnie\u017c \u015bwiat\u0142o czerwone oraz czerwone \u015bwiat\u0142o migaj\u0105ce. \u015awiat\u0142o czerwone ma nisk\u0105 intensywno\u015b\u0107. Zwierz\u0119ta w naturze nie boj\u0105 si\u0119 czerwonego \u015bwiat\u0142a, wi\u0119c czo\u0142\u00f3wka idealnie nadaje si\u0119 na w\u0119dr\u00f3wki, ryby, kemping i wyprawy do lasu.  <\/p>\n<p>Ostatnim trybem \u015bwiecenia jest \u015bwiat\u0142o zielone, kt\u00f3re idealnie nadaje si\u0119 do poruszania si\u0119 po zmroku.<\/p>\n<p>Czo\u0142\u00f3wka posiada r\u00f3wnie\u017c tryb czujnika ruchu, kt\u00f3ry umo\u017cliwia w\u0142\u0105czanie i wy\u0142\u0105czanie lampki machni\u0119ciem r\u0119ki.<\/p>\n<h2><img fetchpriority=\"high\" decoding=\"async\" class=\"alignnone size-medium wp-image-5391\" src=\"https:\/\/toidupakk.ee\/wp-content\/uploads\/2023\/01\/Laetav-akuga-LED-pealamp-Recharge-2-300x300.png\" alt=\"czo\u0142\u00f3wka 260 z bliska\" width=\"300\" height=\"300\" srcset=\"https:\/\/toidupakk.ee\/wp-content\/uploads\/2023\/01\/Laetav-akuga-LED-pealamp-Recharge-2-300x300.png 300w, https:\/\/toidupakk.ee\/wp-content\/uploads\/2023\/01\/Laetav-akuga-LED-pealamp-Recharge-2-400x400.png 400w, https:\/\/toidupakk.ee\/wp-content\/uploads\/2023\/01\/Laetav-akuga-LED-pealamp-Recharge-2-100x100.png 100w, https:\/\/toidupakk.ee\/wp-content\/uploads\/2023\/01\/Laetav-akuga-LED-pealamp-Recharge-2-800x800.png 800w, https:\/\/toidupakk.ee\/wp-content\/uploads\/2023\/01\/Laetav-akuga-LED-pealamp-Recharge-2-1024x1024.png 1024w, https:\/\/toidupakk.ee\/wp-content\/uploads\/2023\/01\/Laetav-akuga-LED-pealamp-Recharge-2-500x500.png 500w, https:\/\/toidupakk.ee\/wp-content\/uploads\/2023\/01\/Laetav-akuga-LED-pealamp-Recharge-2-768x768.png 768w, https:\/\/toidupakk.ee\/wp-content\/uploads\/2023\/01\/Laetav-akuga-LED-pealamp-Recharge-2.png 1080w\" sizes=\"(max-width: 300px) 100vw, 300px\" \/><\/h2>\n<h2>Akumulatorowa latarka czo\u0142owa LED \u2013 tryby pracy:<\/h2>\n<p>&nbsp;<\/p>\n<p>\ud83d\udca5<strong>Tryb silnego \u015bwiat\u0142a:<\/strong><\/p>\n<p>Strumie\u0144 \u015bwietlny: 265 lumen\u00f3w<\/p>\n<p>Czas \u015bwiecenia: 4 godziny<\/p>\n<p>&nbsp;<\/p>\n<p>\ud83d\udca5<strong>Tryb oszcz\u0119dzania baterii:<\/strong><\/p>\n<p>Strumie\u0144 \u015bwietlny: 75 lumen\u00f3w<\/p>\n<p>Czas \u015bwiecenia: 8 godzin<\/p>\n<p>&nbsp;<\/p>\n<p>Typ lampy: LED<\/p>\n<p>Akumulator: litowy 3,7 V<\/p>\n<p>Zasilanie: 600 mAh<\/p>\n<p>Wymiary: 33,2 x 39,1 x 58,3 mm<\/p>\n<p>waga: 68 g<\/p>\n<p>&nbsp;<\/p>\n<h3>Dlaczego czerwone \u015bwiat\u0142o w czo\u0142\u00f3wce jest potrzebne?<\/h3>\n<p>Czerwone \u015bwiat\u0142o emituje mniejsz\u0105 wi\u0105zk\u0119, ale wci\u0105\u017c wystarczaj\u0105co o\u015bwietla otoczenie, aby\u015b m\u00f3g\u0142 bezpiecznie si\u0119 porusza\u0107. Jest to potrzebne na przyk\u0142ad wtedy, gdy poruszaj\u0105c si\u0119 w lesie, chcesz pozosta\u0107 niezauwa\u017conym. Czo\u0142\u00f3wka z czerwonym \u015bwiat\u0142em jest te\u017c dobra np. podczas jazdy na rowerze, gdy chcesz by\u0107 lepiej widoczny dla kierowc\u00f3w z wy\u017cszej pozycji. Po prostu obr\u00f3\u0107 czo\u0142\u00f3wk\u0119 na ty\u0142 g\u0142owy w trybie czerwonym, opcjonalnie ustaw miganie, a b\u0119dziesz widoczny z bardzo daleka.   <\/p>\n<p>&nbsp;<\/p>\n<h3>Dlaczego zielone \u015bwiat\u0142o w czo\u0142\u00f3wce jest potrzebne?<\/h3>\n<p>Wi\u0119kszo\u015b\u0107 ssak\u00f3w ma tylko widzenie dichromatyczne, co oznacza, \u017ce posiadaj\u0105 tylko dwa czopki pigmentowe do mieszania kolor\u00f3w. Dlatego wi\u0119kszo\u015b\u0107 zwierz\u0105t nie potrafi odr\u00f3\u017cni\u0107 zielonej i czerwonej d\u0142ugo\u015bci fali \u015bwiat\u0142a. Zielone \u015bwiat\u0142o LED zyskuje jednak na popularno\u015bci, szczeg\u00f3lnie przy polowaniu na dziki, i to z wa\u017cnego powodu. Zapewnia niemal idealn\u0105 r\u00f3wnowag\u0119 mi\u0119dzy intensywno\u015bci\u0105 a jasno\u015bci\u0105. Tworzy ostry i \u017cywy kontrast, u\u0142atwiaj\u0105c ludzkiemu oku dostrzeganie kszta\u0142t\u00f3w. Zielone \u015bwiat\u0142o skuteczniej o\u015bwietla ciemne cia\u0142a dzik\u00f3w i innych zwierz\u0105t o ciemnej sk\u00f3rze. Dziki maj\u0105 wi\u0119ksze trudno\u015bci z wykryciem zielonego \u015bwiat\u0142a w por\u00f3wnaniu do czerwonego. Dodatkowo pomaga zachowa\u0107 cenne widzenie nocne my\u015bliwego. Przyci\u0105ga mniej komar\u00f3w i innych lataj\u0105cych owad\u00f3w, zapewniaj\u0105c wygodniejsze i przyjemniejsze polowanie. Zielone \u015bwiat\u0142o LED jest \u0142atwiej widoczne dla innych my\u015bliwych, co zwi\u0119ksza twoje bezpiecze\u0144stwo.         <\/p>\n<p>&nbsp;<\/p>\n<p>Czo\u0142\u00f3wka wykorzystuje technologi\u0119 LED, co gwarantuje, \u017ce intensywno\u015b\u0107 \u015bwiat\u0142a nie spadnie z biegiem lat.<\/p>\n<p>Dodatkowo k\u0105t nachylenia lampki mo\u017cna regulowa\u0107 w zakresie 45\u00b0 w zale\u017cno\u015bci od potrzeb.<\/p>\n<p>\u0141adowalna latarka czo\u0142owa LED posiada akumulator litowy, a dzi\u0119ki mo\u017cliwo\u015bci \u0142adowania jest bardziej przyjazna dla \u015brodowiska. \u017bywotno\u015b\u0107 akumulatora czo\u0142\u00f3wki wynosi 1000 cykli \u0142adowania. Na spodzie lampki znajduje si\u0119 r\u00f3wnie\u017c wska\u017anik stanu akumulatora, kt\u00f3ry informuje, czy urz\u0105dzenie wymaga \u0142adowania.  <\/p>\n<p>Regulowan\u0105 i elastyczn\u0105 opask\u0119 mo\u017cna \u0142atwo zdj\u0105\u0107 z czo\u0142\u00f3wki, gdy wymaga prania.<\/p>\n<p>W zestawie z czo\u0142\u00f3wk\u0105 znajduje si\u0119 r\u00f3wnie\u017c kabel USB-C (bez zasilacza).<\/p>\n<p>&nbsp;<\/p>\n<p>Znajd\u017a inspiracj\u0119 na kolejne przygody na <a href=\"https:\/\/www.instagram.com\/toidupakk\/\">Instagramie<\/a> i <a href=\"https:\/\/www.facebook.com\/Toidupakk\/\">Facebooku<\/a> Toidupakk.<\/p>\n<p>Zobacz sprz\u0119t turystyczny <a href=\"https:\/\/toidupakk.ee\/pl\/tootekategooria\/sprzet-turystyczny\/#section-3-79\">TUTAJ<\/a>.<\/p>\n","protected":false},"excerpt":{"rendered":"<p><strong>Wybierasz si\u0119 na w\u0119dr\u00f3wk\u0119 lub ryby po zmroku? Chcesz pracowa\u0107 w ciemnym pomieszczeniu z wolnymi r\u0119kami?  <\/strong><\/p>\n<p><strong>Ta kompaktowa i mocna czo\u0142\u00f3wka daje idealn\u0105 mo\u017cliwo\u015b\u0107 bezproblemowego robienia wszystkiego, co konieczne.<\/strong><\/p>\n<p><strong>Czo\u0142\u00f3wka jest \u0142adowalna i opr\u00f3cz zwyk\u0142ego \u015bwiat\u0142a posiada r\u00f3wnie\u017c czerwon\u0105 diod\u0119 LED, czerwone \u015bwiat\u0142o migaj\u0105ce oraz \u015bwiat\u0142o zielone.<\/strong><\/p>\n<ul>\n<li>strumie\u0144 \u015bwietlny: 265 lumen\u00f3w<\/li>\n<li>z regulowanym elastycznym mocowaniem na g\u0142ow\u0119<\/li>\n<li>z regulowanym k\u0105tem nachylenia g\u0142owicy<\/li>\n<li>ekologiczna dzi\u0119ki akumulatorowi wielokrotnego \u0142adowania<\/li>\n<li>\u017cywotno\u015b\u0107 akumulatora: 1000 cykli \u0142adowania<\/li>\n<li>wska\u017anik stanu akumulatora<\/li>\n<li>kabel USB-C w zestawie (bez zasilacza)<\/li>\n<li>5 tryb\u00f3w \u015bwiecenia (wysoki, niski, czerwony, czerwony migaj\u0105cy, zielony)<\/li>\n<li>tryb czujnika ruchu (w\u0142\u0105czanie\/wy\u0142\u0105czanie machni\u0119ciem r\u0119ki)<\/li>\n<\/ul>\n<p>\u2705 Dost\u0119pne w magazynie, szybka dostawa w 1\u20133 dni robocze<\/p>\n","protected":false},"featured_media":5392,"comment_status":"open","ping_status":"closed","template":"","meta":{"_acf_changed":false},"product_brand":[],"product_cat":[303,363,317,311,301,342,304],"product_tag":[],"class_list":{"0":"post-51391","1":"product","2":"type-product","3":"status-publish","4":"has-post-thumbnail","6":"product_cat-akcesoria-turystyczne","7":"product_cat-czolowki","8":"product_cat-mil-tec","9":"product_cat-praktyczne-pomysly-na-prezent","10":"product_cat-sprzet-turystyczny","11":"product_cat-swiatlo","12":"product_cat-wyposazenie-militarne","14":"first","15":"instock","16":"taxable","17":"shipping-taxable","18":"purchasable","19":"product-type-simple"},"bundled_by":[],"bundle_stock_status":"instock","bundle_stock_quantity":2,"bundle_virtual":false,"bundle_layout":"","bundle_add_to_cart_form_location":"","bundle_editable_in_cart":false,"bundle_sold_individually_context":"","bundle_item_grouping":"","bundle_min_size":"","bundle_max_size":"","bundle_price":[],"bundled_items":[],"bundle_sell_ids":[],"acf":[],"yoast_head":"<!-- This site is optimized with the Yoast SEO plugin v27.3 - https:\/\/yoast.com\/product\/yoast-seo-wordpress\/ -->\n<title>Akumulatorowa latarka czo\u0142owa LED Recharge GC260<\/title>\n<meta name=\"description\" content=\"Akumulatorowa latarka czo\u0142owa LED \u2013 kompaktowa i mocna czo\u0142\u00f3wka, kt\u00f3ra daje swobod\u0119 wygodnego dzia\u0142ania nawet w ciemno\u015bci. 265 lumen\u00f3w oraz \u015bwiat\u0142o czerwone i zielone.\" \/>\n<meta name=\"robots\" content=\"index, follow, max-snippet:-1, max-image-preview:large, max-video-preview:-1\" \/>\n<link rel=\"canonical\" href=\"https:\/\/toidupakk.ee\/pl\/toode\/akumulatorowa-latarka-czolowa-led-recharge-gc260\/\" \/>\n<meta property=\"og:locale\" content=\"pl_PL\" \/>\n<meta property=\"og:type\" content=\"article\" \/>\n<meta property=\"og:title\" content=\"Akumulatorowa latarka czo\u0142owa LED Recharge GC260\" \/>\n<meta property=\"og:description\" content=\"Akumulatorowa latarka czo\u0142owa LED \u2013 kompaktowa i mocna czo\u0142\u00f3wka, kt\u00f3ra daje swobod\u0119 wygodnego dzia\u0142ania nawet w ciemno\u015bci. 265 lumen\u00f3w oraz \u015bwiat\u0142o czerwone i zielone.\" \/>\n<meta property=\"og:url\" content=\"https:\/\/toidupakk.ee\/pl\/toode\/akumulatorowa-latarka-czolowa-led-recharge-gc260\/\" \/>\n<meta property=\"og:site_name\" content=\"Toidupakk.ee - Tactical Foodpack toidupakid\" \/>\n<meta property=\"article:publisher\" content=\"https:\/\/www.facebook.com\/Toidupakk\" \/>\n<meta property=\"article:modified_time\" content=\"2026-04-16T02:30:10+00:00\" \/>\n<meta property=\"og:image\" content=\"https:\/\/toidupakk.ee\/wp-content\/uploads\/2023\/01\/gc2600-2.png\" \/>\n\t<meta property=\"og:image:width\" content=\"1080\" \/>\n\t<meta property=\"og:image:height\" content=\"1080\" \/>\n\t<meta property=\"og:image:type\" content=\"image\/png\" \/>\n<meta name=\"twitter:card\" content=\"summary_large_image\" \/>\n<meta name=\"twitter:label1\" content=\"Szacowany czas czytania\" \/>\n\t<meta name=\"twitter:data1\" content=\"3 minuty\" \/>\n<script type=\"application\/ld+json\" class=\"yoast-schema-graph\">{\"@context\":\"https:\\\/\\\/schema.org\",\"@graph\":[{\"@type\":\"WebPage\",\"@id\":\"https:\\\/\\\/toidupakk.ee\\\/pl\\\/toode\\\/akumulatorowa-latarka-czolowa-led-recharge-gc260\\\/\",\"url\":\"https:\\\/\\\/toidupakk.ee\\\/pl\\\/toode\\\/akumulatorowa-latarka-czolowa-led-recharge-gc260\\\/\",\"name\":\"Akumulatorowa latarka czo\u0142owa LED Recharge GC260\",\"isPartOf\":{\"@id\":\"https:\\\/\\\/toidupakk.ee\\\/pl\\\/#website\"},\"primaryImageOfPage\":{\"@id\":\"https:\\\/\\\/toidupakk.ee\\\/pl\\\/toode\\\/akumulatorowa-latarka-czolowa-led-recharge-gc260\\\/#primaryimage\"},\"image\":{\"@id\":\"https:\\\/\\\/toidupakk.ee\\\/pl\\\/toode\\\/akumulatorowa-latarka-czolowa-led-recharge-gc260\\\/#primaryimage\"},\"thumbnailUrl\":\"https:\\\/\\\/toidupakk.ee\\\/wp-content\\\/uploads\\\/2023\\\/01\\\/gc2600-2.png\",\"datePublished\":\"2023-01-26T13:17:52+00:00\",\"dateModified\":\"2026-04-16T02:30:10+00:00\",\"description\":\"Akumulatorowa latarka czo\u0142owa LED \u2013 kompaktowa i mocna czo\u0142\u00f3wka, kt\u00f3ra daje swobod\u0119 wygodnego dzia\u0142ania nawet w ciemno\u015bci. 265 lumen\u00f3w oraz \u015bwiat\u0142o czerwone i zielone.\",\"breadcrumb\":{\"@id\":\"https:\\\/\\\/toidupakk.ee\\\/pl\\\/toode\\\/akumulatorowa-latarka-czolowa-led-recharge-gc260\\\/#breadcrumb\"},\"inLanguage\":\"pl-PL\",\"potentialAction\":[{\"@type\":\"ReadAction\",\"target\":[\"https:\\\/\\\/toidupakk.ee\\\/pl\\\/toode\\\/akumulatorowa-latarka-czolowa-led-recharge-gc260\\\/\"]}]},{\"@type\":\"ImageObject\",\"inLanguage\":\"pl-PL\",\"@id\":\"https:\\\/\\\/toidupakk.ee\\\/pl\\\/toode\\\/akumulatorowa-latarka-czolowa-led-recharge-gc260\\\/#primaryimage\",\"url\":\"https:\\\/\\\/toidupakk.ee\\\/wp-content\\\/uploads\\\/2023\\\/01\\\/gc2600-2.png\",\"contentUrl\":\"https:\\\/\\\/toidupakk.ee\\\/wp-content\\\/uploads\\\/2023\\\/01\\\/gc2600-2.png\",\"width\":1080,\"height\":1080,\"caption\":\"Akuga LED pealamp 260\"},{\"@type\":\"BreadcrumbList\",\"@id\":\"https:\\\/\\\/toidupakk.ee\\\/pl\\\/toode\\\/akumulatorowa-latarka-czolowa-led-recharge-gc260\\\/#breadcrumb\",\"itemListElement\":[{\"@type\":\"ListItem\",\"position\":1,\"name\":\"Avaleht\",\"item\":\"https:\\\/\\\/toidupakk.ee\\\/pl\\\/\"},{\"@type\":\"ListItem\",\"position\":2,\"name\":\"Sklep internetowy\",\"item\":\"https:\\\/\\\/toidupakk.ee\\\/pl\\\/sklep-internetowy\\\/\"},{\"@type\":\"ListItem\",\"position\":3,\"name\":\"Akumulatorowa latarka czo\u0142owa LED Recharge GC260\"}]},{\"@type\":\"WebSite\",\"@id\":\"https:\\\/\\\/toidupakk.ee\\\/pl\\\/#website\",\"url\":\"https:\\\/\\\/toidupakk.ee\\\/pl\\\/\",\"name\":\"Toidupakk.ee - Tactical Foodpack toidupakid\",\"description\":\"Tactical Foodpack k\u00fclmkuivatatud toidupakid ja matkaeined\",\"publisher\":{\"@id\":\"https:\\\/\\\/toidupakk.ee\\\/pl\\\/#organization\"},\"potentialAction\":[{\"@type\":\"SearchAction\",\"target\":{\"@type\":\"EntryPoint\",\"urlTemplate\":\"https:\\\/\\\/toidupakk.ee\\\/pl\\\/?s={search_term_string}\"},\"query-input\":{\"@type\":\"PropertyValueSpecification\",\"valueRequired\":true,\"valueName\":\"search_term_string\"}}],\"inLanguage\":\"pl-PL\"},{\"@type\":\"Organization\",\"@id\":\"https:\\\/\\\/toidupakk.ee\\\/pl\\\/#organization\",\"name\":\"Tactical Foodpack matkaeined\",\"url\":\"https:\\\/\\\/toidupakk.ee\\\/pl\\\/\",\"logo\":{\"@type\":\"ImageObject\",\"inLanguage\":\"pl-PL\",\"@id\":\"https:\\\/\\\/toidupakk.ee\\\/pl\\\/#\\\/schema\\\/logo\\\/image\\\/\",\"url\":\"https:\\\/\\\/toidupakk.ee\\\/wp-content\\\/uploads\\\/2022\\\/01\\\/Toidupakk-matkapood-logo-transparent.png\",\"contentUrl\":\"https:\\\/\\\/toidupakk.ee\\\/wp-content\\\/uploads\\\/2022\\\/01\\\/Toidupakk-matkapood-logo-transparent.png\",\"width\":500,\"height\":500,\"caption\":\"Tactical Foodpack matkaeined\"},\"image\":{\"@id\":\"https:\\\/\\\/toidupakk.ee\\\/pl\\\/#\\\/schema\\\/logo\\\/image\\\/\"},\"sameAs\":[\"https:\\\/\\\/www.facebook.com\\\/Toidupakk\",\"https:\\\/\\\/www.instagram.com\\\/toidupakk\\\/\"]}]}<\/script>\n<!-- \/ Yoast SEO plugin. -->","yoast_head_json":{"title":"Akumulatorowa latarka czo\u0142owa LED Recharge GC260","description":"Akumulatorowa latarka czo\u0142owa LED \u2013 kompaktowa i mocna czo\u0142\u00f3wka, kt\u00f3ra daje swobod\u0119 wygodnego dzia\u0142ania nawet w ciemno\u015bci. 265 lumen\u00f3w oraz \u015bwiat\u0142o czerwone i zielone.","robots":{"index":"index","follow":"follow","max-snippet":"max-snippet:-1","max-image-preview":"max-image-preview:large","max-video-preview":"max-video-preview:-1"},"canonical":"https:\/\/toidupakk.ee\/pl\/toode\/akumulatorowa-latarka-czolowa-led-recharge-gc260\/","og_locale":"pl_PL","og_type":"article","og_title":"Akumulatorowa latarka czo\u0142owa LED Recharge GC260","og_description":"Akumulatorowa latarka czo\u0142owa LED \u2013 kompaktowa i mocna czo\u0142\u00f3wka, kt\u00f3ra daje swobod\u0119 wygodnego dzia\u0142ania nawet w ciemno\u015bci. 265 lumen\u00f3w oraz \u015bwiat\u0142o czerwone i zielone.","og_url":"https:\/\/toidupakk.ee\/pl\/toode\/akumulatorowa-latarka-czolowa-led-recharge-gc260\/","og_site_name":"Toidupakk.ee - Tactical Foodpack toidupakid","article_publisher":"https:\/\/www.facebook.com\/Toidupakk","article_modified_time":"2026-04-16T02:30:10+00:00","og_image":[{"width":1080,"height":1080,"url":"https:\/\/toidupakk.ee\/wp-content\/uploads\/2023\/01\/gc2600-2.png","type":"image\/png"}],"twitter_card":"summary_large_image","twitter_misc":{"Szacowany czas czytania":"3 minuty"},"schema":{"@context":"https:\/\/schema.org","@graph":[{"@type":"WebPage","@id":"https:\/\/toidupakk.ee\/pl\/toode\/akumulatorowa-latarka-czolowa-led-recharge-gc260\/","url":"https:\/\/toidupakk.ee\/pl\/toode\/akumulatorowa-latarka-czolowa-led-recharge-gc260\/","name":"Akumulatorowa latarka czo\u0142owa LED Recharge GC260","isPartOf":{"@id":"https:\/\/toidupakk.ee\/pl\/#website"},"primaryImageOfPage":{"@id":"https:\/\/toidupakk.ee\/pl\/toode\/akumulatorowa-latarka-czolowa-led-recharge-gc260\/#primaryimage"},"image":{"@id":"https:\/\/toidupakk.ee\/pl\/toode\/akumulatorowa-latarka-czolowa-led-recharge-gc260\/#primaryimage"},"thumbnailUrl":"https:\/\/toidupakk.ee\/wp-content\/uploads\/2023\/01\/gc2600-2.png","datePublished":"2023-01-26T13:17:52+00:00","dateModified":"2026-04-16T02:30:10+00:00","description":"Akumulatorowa latarka czo\u0142owa LED \u2013 kompaktowa i mocna czo\u0142\u00f3wka, kt\u00f3ra daje swobod\u0119 wygodnego dzia\u0142ania nawet w ciemno\u015bci. 265 lumen\u00f3w oraz \u015bwiat\u0142o czerwone i zielone.","breadcrumb":{"@id":"https:\/\/toidupakk.ee\/pl\/toode\/akumulatorowa-latarka-czolowa-led-recharge-gc260\/#breadcrumb"},"inLanguage":"pl-PL","potentialAction":[{"@type":"ReadAction","target":["https:\/\/toidupakk.ee\/pl\/toode\/akumulatorowa-latarka-czolowa-led-recharge-gc260\/"]}]},{"@type":"ImageObject","inLanguage":"pl-PL","@id":"https:\/\/toidupakk.ee\/pl\/toode\/akumulatorowa-latarka-czolowa-led-recharge-gc260\/#primaryimage","url":"https:\/\/toidupakk.ee\/wp-content\/uploads\/2023\/01\/gc2600-2.png","contentUrl":"https:\/\/toidupakk.ee\/wp-content\/uploads\/2023\/01\/gc2600-2.png","width":1080,"height":1080,"caption":"Akuga LED pealamp 260"},{"@type":"BreadcrumbList","@id":"https:\/\/toidupakk.ee\/pl\/toode\/akumulatorowa-latarka-czolowa-led-recharge-gc260\/#breadcrumb","itemListElement":[{"@type":"ListItem","position":1,"name":"Avaleht","item":"https:\/\/toidupakk.ee\/pl\/"},{"@type":"ListItem","position":2,"name":"Sklep internetowy","item":"https:\/\/toidupakk.ee\/pl\/sklep-internetowy\/"},{"@type":"ListItem","position":3,"name":"Akumulatorowa latarka czo\u0142owa LED Recharge GC260"}]},{"@type":"WebSite","@id":"https:\/\/toidupakk.ee\/pl\/#website","url":"https:\/\/toidupakk.ee\/pl\/","name":"Toidupakk.ee - Tactical Foodpack toidupakid","description":"Tactical Foodpack k\u00fclmkuivatatud toidupakid ja matkaeined","publisher":{"@id":"https:\/\/toidupakk.ee\/pl\/#organization"},"potentialAction":[{"@type":"SearchAction","target":{"@type":"EntryPoint","urlTemplate":"https:\/\/toidupakk.ee\/pl\/?s={search_term_string}"},"query-input":{"@type":"PropertyValueSpecification","valueRequired":true,"valueName":"search_term_string"}}],"inLanguage":"pl-PL"},{"@type":"Organization","@id":"https:\/\/toidupakk.ee\/pl\/#organization","name":"Tactical Foodpack matkaeined","url":"https:\/\/toidupakk.ee\/pl\/","logo":{"@type":"ImageObject","inLanguage":"pl-PL","@id":"https:\/\/toidupakk.ee\/pl\/#\/schema\/logo\/image\/","url":"https:\/\/toidupakk.ee\/wp-content\/uploads\/2022\/01\/Toidupakk-matkapood-logo-transparent.png","contentUrl":"https:\/\/toidupakk.ee\/wp-content\/uploads\/2022\/01\/Toidupakk-matkapood-logo-transparent.png","width":500,"height":500,"caption":"Tactical Foodpack matkaeined"},"image":{"@id":"https:\/\/toidupakk.ee\/pl\/#\/schema\/logo\/image\/"},"sameAs":["https:\/\/www.facebook.com\/Toidupakk","https:\/\/www.instagram.com\/toidupakk\/"]}]}},"jetpack_sharing_enabled":true,"_links":{"self":[{"href":"https:\/\/toidupakk.ee\/pl\/wp-json\/wp\/v2\/product\/51391","targetHints":{"allow":["GET"]}}],"collection":[{"href":"https:\/\/toidupakk.ee\/pl\/wp-json\/wp\/v2\/product"}],"about":[{"href":"https:\/\/toidupakk.ee\/pl\/wp-json\/wp\/v2\/types\/product"}],"replies":[{"embeddable":true,"href":"https:\/\/toidupakk.ee\/pl\/wp-json\/wp\/v2\/comments?post=51391"}],"wp:featuredmedia":[{"embeddable":true,"href":"https:\/\/toidupakk.ee\/pl\/wp-json\/wp\/v2\/media\/5392"}],"wp:attachment":[{"href":"https:\/\/toidupakk.ee\/pl\/wp-json\/wp\/v2\/media?parent=51391"}],"wp:term":[{"taxonomy":"product_brand","embeddable":true,"href":"https:\/\/toidupakk.ee\/pl\/wp-json\/wp\/v2\/product_brand?post=51391"},{"taxonomy":"product_cat","embeddable":true,"href":"https:\/\/toidupakk.ee\/pl\/wp-json\/wp\/v2\/product_cat?post=51391"},{"taxonomy":"product_tag","embeddable":true,"href":"https:\/\/toidupakk.ee\/pl\/wp-json\/wp\/v2\/product_tag?post=51391"}],"curies":[{"name":"wp","href":"https:\/\/api.w.org\/{rel}","templated":true}]}}