{"id":51373,"date":"2023-02-14T17:10:05","date_gmt":"2023-02-14T15:10:05","guid":{"rendered":"https:\/\/toidupakk.ee\/toode\/skarpety-trekkingowe-fostex-outdoor\/"},"modified":"2026-04-29T15:32:01","modified_gmt":"2026-04-29T12:32:01","slug":"skarpety-trekkingowe-fostex-outdoor","status":"publish","type":"product","link":"https:\/\/toidupakk.ee\/pl\/toode\/skarpety-trekkingowe-fostex-outdoor\/","title":{"rendered":"Skarpety trekkingowe Fostex Outdoor"},"content":{"rendered":"<p>Wyj\u0105tkowo wygodne skarpety dla os\u00f3b aktywnych. Oddychaj\u0105cy materia\u0142 reguluje temperatur\u0119 st\u00f3p, ograniczaj\u0105c potliwo\u015b\u0107 i zwi\u0119kszaj\u0105c przewiewno\u015b\u0107. Skarpety maj\u0105 mi\u0119kk\u0105, grub\u0105 pi\u0119t\u0119 i podeszw\u0119. W pozosta\u0142ych miejscach s\u0105 cienkie, co zapewnia maksymaln\u0105 oddychalno\u015b\u0107 i odprowadzanie wilgoci. Amortyzacja w podeszwie i pi\u0119cie zapewnia stopie komfort i wsparcie.    <\/p>\n<p>Skarpety trekkingowe Fostex s\u0105 idealne do aktywno\u015bci na zewn\u0105trz i do but\u00f3w trekkingowych. Wysoki kr\u00f3j \u015bwietnie pasuje zar\u00f3wno do wysokich, jak i niskich but\u00f3w. <\/p>\n<p><img fetchpriority=\"high\" decoding=\"async\" class=\"alignright wp-image-5618 size-thumbnail\" src=\"https:\/\/toidupakk.ee\/wp-content\/uploads\/2023\/02\/Matkasokid-Fostex-1-500x500.png\" alt=\"Ciep\u0142e skarpety trekkingowe\" width=\"500\" height=\"500\" srcset=\"https:\/\/toidupakk.ee\/wp-content\/uploads\/2023\/02\/Matkasokid-Fostex-1-500x500.png 500w, https:\/\/toidupakk.ee\/wp-content\/uploads\/2023\/02\/Matkasokid-Fostex-1-400x400.png 400w, https:\/\/toidupakk.ee\/wp-content\/uploads\/2023\/02\/Matkasokid-Fostex-1-100x100.png 100w, https:\/\/toidupakk.ee\/wp-content\/uploads\/2023\/02\/Matkasokid-Fostex-1-800x800.png 800w, https:\/\/toidupakk.ee\/wp-content\/uploads\/2023\/02\/Matkasokid-Fostex-1-300x300.png 300w, https:\/\/toidupakk.ee\/wp-content\/uploads\/2023\/02\/Matkasokid-Fostex-1-1024x1024.png 1024w, https:\/\/toidupakk.ee\/wp-content\/uploads\/2023\/02\/Matkasokid-Fostex-1-768x768.png 768w, https:\/\/toidupakk.ee\/wp-content\/uploads\/2023\/02\/Matkasokid-Fostex-1.png 1080w\" sizes=\"(max-width: 500px) 100vw, 500px\" \/><\/p>\n<p>Sk\u0142ad: 80% bawe\u0142na, 17% poliamid, 3% lycra.<br \/>\nZalecana temperatura prania to 40\u00b0C, pra\u0107 oddzielnie od ciemnych rzeczy.<\/p>\n<p>Zobacz wi\u0119cej akcesori\u00f3w turystycznych <a href=\"https:\/\/toidupakk.ee\/pl\/tootekategooria\/sprzet-turystyczny\/#section-3-79\">TUTAJ<\/a><\/p>\n<p>Zobacz \u017cywno\u015b\u0107 turystyczn\u0105 <a href=\"\/?product_cat=snakk#section-3-79\">TUTAJ<\/a><\/p>\n<p>Znajd\u017a inspiracj\u0119 na kolejne przygody na <a href=\"https:\/\/www.instagram.com\/toidupakk\/\">Instagramie<\/a> i <a href=\"https:\/\/www.facebook.com\/Toidupakk\/\">Facebooku<\/a> Toidupakk.<\/p>\n","protected":false},"excerpt":{"rendered":"<ul>\n<li>Wygodne skarpety dla os\u00f3b aktywnych<\/li>\n<li>Oddychaj\u0105ce skarpety reguluj\u0105 temperatur\u0119 st\u00f3p<\/li>\n<li>Wyj\u0105tkowo mi\u0119kka pi\u0119ta i podeszwa z grubszego materia\u0142u<\/li>\n<li>Wysoki kr\u00f3j idealnie pasuje do wysokich i niskich but\u00f3w trekkingowych<\/li>\n<\/ul>\n<p>Sk\u0142ad: 80% bawe\u0142na, 17% poliamid, 3% lycra.<\/p>\n<p>Zalecana temperatura prania to 40\u00b0C, pra\u0107 oddzielnie od ciemnych rzeczy.<\/p>\n<p><img decoding=\"async\" class=\"emoji\" role=\"img\" draggable=\"false\" src=\"https:\/\/s.w.org\/images\/core\/emoji\/17.0.2\/svg\/2705.svg\" alt=\"\u2705\">  W magazynie, dostawa w 1-3 dni robocze<\/p>\n","protected":false},"featured_media":5620,"comment_status":"open","ping_status":"closed","template":"","meta":{"_acf_changed":false},"product_brand":[],"product_cat":[303,319,348,301],"product_tag":[],"class_list":{"0":"post-51373","1":"product","2":"type-product","3":"status-publish","4":"has-post-thumbnail","6":"product_cat-akcesoria-turystyczne","7":"product_cat-odziez","8":"product_cat-skarpety-turystyczne","9":"product_cat-sprzet-turystyczny","11":"first","12":"instock","13":"sale","14":"taxable","15":"shipping-taxable","16":"purchasable","17":"product-type-variable","18":"has-default-attributes"},"bundled_by":[],"bundle_stock_status":"instock","bundle_stock_quantity":null,"bundle_virtual":false,"bundle_layout":"","bundle_add_to_cart_form_location":"","bundle_editable_in_cart":false,"bundle_sold_individually_context":"","bundle_item_grouping":"","bundle_min_size":"","bundle_max_size":"","bundle_price":[],"bundled_items":[],"bundle_sell_ids":[],"acf":[],"yoast_head":"<!-- This site is optimized with the Yoast SEO plugin v27.3 - https:\/\/yoast.com\/product\/yoast-seo-wordpress\/ -->\n<title>Skarpety trekkingowe Fostex Outdoor<\/title>\n<meta name=\"description\" content=\"Skarpety trekkingowe dla os\u00f3b prowadz\u0105cych aktywny tryb \u017cycia. Oddychaj\u0105ce i termoregulacyjne, ograniczaj\u0105 pocenie si\u0119 st\u00f3p. Pasuj\u0105 do wysokich i niskich but\u00f3w trekkingowych.\" \/>\n<meta name=\"robots\" content=\"index, follow, max-snippet:-1, max-image-preview:large, max-video-preview:-1\" \/>\n<link rel=\"canonical\" href=\"https:\/\/toidupakk.ee\/pl\/toode\/skarpety-trekkingowe-fostex-outdoor\/\" \/>\n<meta property=\"og:locale\" content=\"pl_PL\" \/>\n<meta property=\"og:type\" content=\"article\" \/>\n<meta property=\"og:title\" content=\"Skarpety trekkingowe Fostex Outdoor\" \/>\n<meta property=\"og:description\" content=\"Skarpety trekkingowe dla os\u00f3b prowadz\u0105cych aktywny tryb \u017cycia. Oddychaj\u0105ce i termoregulacyjne, ograniczaj\u0105 pocenie si\u0119 st\u00f3p. Pasuj\u0105 do wysokich i niskich but\u00f3w trekkingowych.\" \/>\n<meta property=\"og:url\" content=\"https:\/\/toidupakk.ee\/pl\/toode\/skarpety-trekkingowe-fostex-outdoor\/\" \/>\n<meta property=\"og:site_name\" content=\"Toidupakk.ee - Tactical Foodpack toidupakid\" \/>\n<meta property=\"article:publisher\" content=\"https:\/\/www.facebook.com\/Toidupakk\" \/>\n<meta property=\"article:modified_time\" content=\"2026-04-29T12:32:01+00:00\" \/>\n<meta property=\"og:image\" content=\"https:\/\/toidupakk.ee\/wp-content\/uploads\/2023\/02\/Matkasokid-Fostex-3.png\" \/>\n\t<meta property=\"og:image:width\" content=\"1080\" \/>\n\t<meta property=\"og:image:height\" content=\"1080\" \/>\n\t<meta property=\"og:image:type\" content=\"image\/png\" \/>\n<meta name=\"twitter:card\" content=\"summary_large_image\" \/>\n<meta name=\"twitter:label1\" content=\"Szacowany czas czytania\" \/>\n\t<meta name=\"twitter:data1\" content=\"1 minuta\" \/>\n<script type=\"application\/ld+json\" class=\"yoast-schema-graph\">{\"@context\":\"https:\\\/\\\/schema.org\",\"@graph\":[{\"@type\":\"WebPage\",\"@id\":\"https:\\\/\\\/toidupakk.ee\\\/pl\\\/toode\\\/skarpety-trekkingowe-fostex-outdoor\\\/\",\"url\":\"https:\\\/\\\/toidupakk.ee\\\/pl\\\/toode\\\/skarpety-trekkingowe-fostex-outdoor\\\/\",\"name\":\"Skarpety trekkingowe Fostex Outdoor\",\"isPartOf\":{\"@id\":\"https:\\\/\\\/toidupakk.ee\\\/pl\\\/#website\"},\"primaryImageOfPage\":{\"@id\":\"https:\\\/\\\/toidupakk.ee\\\/pl\\\/toode\\\/skarpety-trekkingowe-fostex-outdoor\\\/#primaryimage\"},\"image\":{\"@id\":\"https:\\\/\\\/toidupakk.ee\\\/pl\\\/toode\\\/skarpety-trekkingowe-fostex-outdoor\\\/#primaryimage\"},\"thumbnailUrl\":\"https:\\\/\\\/toidupakk.ee\\\/wp-content\\\/uploads\\\/2023\\\/02\\\/Matkasokid-Fostex-3.png\",\"datePublished\":\"2023-02-14T15:10:05+00:00\",\"dateModified\":\"2026-04-29T12:32:01+00:00\",\"description\":\"Skarpety trekkingowe dla os\u00f3b prowadz\u0105cych aktywny tryb \u017cycia. Oddychaj\u0105ce i termoregulacyjne, ograniczaj\u0105 pocenie si\u0119 st\u00f3p. Pasuj\u0105 do wysokich i niskich but\u00f3w trekkingowych.\",\"breadcrumb\":{\"@id\":\"https:\\\/\\\/toidupakk.ee\\\/pl\\\/toode\\\/skarpety-trekkingowe-fostex-outdoor\\\/#breadcrumb\"},\"inLanguage\":\"pl-PL\",\"potentialAction\":[{\"@type\":\"ReadAction\",\"target\":[\"https:\\\/\\\/toidupakk.ee\\\/pl\\\/toode\\\/skarpety-trekkingowe-fostex-outdoor\\\/\"]}]},{\"@type\":\"ImageObject\",\"inLanguage\":\"pl-PL\",\"@id\":\"https:\\\/\\\/toidupakk.ee\\\/pl\\\/toode\\\/skarpety-trekkingowe-fostex-outdoor\\\/#primaryimage\",\"url\":\"https:\\\/\\\/toidupakk.ee\\\/wp-content\\\/uploads\\\/2023\\\/02\\\/Matkasokid-Fostex-3.png\",\"contentUrl\":\"https:\\\/\\\/toidupakk.ee\\\/wp-content\\\/uploads\\\/2023\\\/02\\\/Matkasokid-Fostex-3.png\",\"width\":1080,\"height\":1080,\"caption\":\"Tugevdatud tallaosaga pehmed sokid\"},{\"@type\":\"BreadcrumbList\",\"@id\":\"https:\\\/\\\/toidupakk.ee\\\/pl\\\/toode\\\/skarpety-trekkingowe-fostex-outdoor\\\/#breadcrumb\",\"itemListElement\":[{\"@type\":\"ListItem\",\"position\":1,\"name\":\"Avaleht\",\"item\":\"https:\\\/\\\/toidupakk.ee\\\/pl\\\/\"},{\"@type\":\"ListItem\",\"position\":2,\"name\":\"Sklep internetowy\",\"item\":\"https:\\\/\\\/toidupakk.ee\\\/pl\\\/sklep-internetowy\\\/\"},{\"@type\":\"ListItem\",\"position\":3,\"name\":\"Skarpety trekkingowe Fostex Outdoor\"}]},{\"@type\":\"WebSite\",\"@id\":\"https:\\\/\\\/toidupakk.ee\\\/pl\\\/#website\",\"url\":\"https:\\\/\\\/toidupakk.ee\\\/pl\\\/\",\"name\":\"Toidupakk.ee - Tactical Foodpack toidupakid\",\"description\":\"Tactical Foodpack k\u00fclmkuivatatud toidupakid ja matkaeined\",\"publisher\":{\"@id\":\"https:\\\/\\\/toidupakk.ee\\\/pl\\\/#organization\"},\"potentialAction\":[{\"@type\":\"SearchAction\",\"target\":{\"@type\":\"EntryPoint\",\"urlTemplate\":\"https:\\\/\\\/toidupakk.ee\\\/pl\\\/?s={search_term_string}\"},\"query-input\":{\"@type\":\"PropertyValueSpecification\",\"valueRequired\":true,\"valueName\":\"search_term_string\"}}],\"inLanguage\":\"pl-PL\"},{\"@type\":\"Organization\",\"@id\":\"https:\\\/\\\/toidupakk.ee\\\/pl\\\/#organization\",\"name\":\"Tactical Foodpack matkaeined\",\"url\":\"https:\\\/\\\/toidupakk.ee\\\/pl\\\/\",\"logo\":{\"@type\":\"ImageObject\",\"inLanguage\":\"pl-PL\",\"@id\":\"https:\\\/\\\/toidupakk.ee\\\/pl\\\/#\\\/schema\\\/logo\\\/image\\\/\",\"url\":\"https:\\\/\\\/toidupakk.ee\\\/wp-content\\\/uploads\\\/2022\\\/01\\\/Toidupakk-matkapood-logo-transparent.png\",\"contentUrl\":\"https:\\\/\\\/toidupakk.ee\\\/wp-content\\\/uploads\\\/2022\\\/01\\\/Toidupakk-matkapood-logo-transparent.png\",\"width\":500,\"height\":500,\"caption\":\"Tactical Foodpack matkaeined\"},\"image\":{\"@id\":\"https:\\\/\\\/toidupakk.ee\\\/pl\\\/#\\\/schema\\\/logo\\\/image\\\/\"},\"sameAs\":[\"https:\\\/\\\/www.facebook.com\\\/Toidupakk\",\"https:\\\/\\\/www.instagram.com\\\/toidupakk\\\/\"]}]}<\/script>\n<!-- \/ Yoast SEO plugin. -->","yoast_head_json":{"title":"Skarpety trekkingowe Fostex Outdoor","description":"Skarpety trekkingowe dla os\u00f3b prowadz\u0105cych aktywny tryb \u017cycia. Oddychaj\u0105ce i termoregulacyjne, ograniczaj\u0105 pocenie si\u0119 st\u00f3p. Pasuj\u0105 do wysokich i niskich but\u00f3w trekkingowych.","robots":{"index":"index","follow":"follow","max-snippet":"max-snippet:-1","max-image-preview":"max-image-preview:large","max-video-preview":"max-video-preview:-1"},"canonical":"https:\/\/toidupakk.ee\/pl\/toode\/skarpety-trekkingowe-fostex-outdoor\/","og_locale":"pl_PL","og_type":"article","og_title":"Skarpety trekkingowe Fostex Outdoor","og_description":"Skarpety trekkingowe dla os\u00f3b prowadz\u0105cych aktywny tryb \u017cycia. Oddychaj\u0105ce i termoregulacyjne, ograniczaj\u0105 pocenie si\u0119 st\u00f3p. Pasuj\u0105 do wysokich i niskich but\u00f3w trekkingowych.","og_url":"https:\/\/toidupakk.ee\/pl\/toode\/skarpety-trekkingowe-fostex-outdoor\/","og_site_name":"Toidupakk.ee - Tactical Foodpack toidupakid","article_publisher":"https:\/\/www.facebook.com\/Toidupakk","article_modified_time":"2026-04-29T12:32:01+00:00","og_image":[{"width":1080,"height":1080,"url":"https:\/\/toidupakk.ee\/wp-content\/uploads\/2023\/02\/Matkasokid-Fostex-3.png","type":"image\/png"}],"twitter_card":"summary_large_image","twitter_misc":{"Szacowany czas czytania":"1 minuta"},"schema":{"@context":"https:\/\/schema.org","@graph":[{"@type":"WebPage","@id":"https:\/\/toidupakk.ee\/pl\/toode\/skarpety-trekkingowe-fostex-outdoor\/","url":"https:\/\/toidupakk.ee\/pl\/toode\/skarpety-trekkingowe-fostex-outdoor\/","name":"Skarpety trekkingowe Fostex Outdoor","isPartOf":{"@id":"https:\/\/toidupakk.ee\/pl\/#website"},"primaryImageOfPage":{"@id":"https:\/\/toidupakk.ee\/pl\/toode\/skarpety-trekkingowe-fostex-outdoor\/#primaryimage"},"image":{"@id":"https:\/\/toidupakk.ee\/pl\/toode\/skarpety-trekkingowe-fostex-outdoor\/#primaryimage"},"thumbnailUrl":"https:\/\/toidupakk.ee\/wp-content\/uploads\/2023\/02\/Matkasokid-Fostex-3.png","datePublished":"2023-02-14T15:10:05+00:00","dateModified":"2026-04-29T12:32:01+00:00","description":"Skarpety trekkingowe dla os\u00f3b prowadz\u0105cych aktywny tryb \u017cycia. Oddychaj\u0105ce i termoregulacyjne, ograniczaj\u0105 pocenie si\u0119 st\u00f3p. Pasuj\u0105 do wysokich i niskich but\u00f3w trekkingowych.","breadcrumb":{"@id":"https:\/\/toidupakk.ee\/pl\/toode\/skarpety-trekkingowe-fostex-outdoor\/#breadcrumb"},"inLanguage":"pl-PL","potentialAction":[{"@type":"ReadAction","target":["https:\/\/toidupakk.ee\/pl\/toode\/skarpety-trekkingowe-fostex-outdoor\/"]}]},{"@type":"ImageObject","inLanguage":"pl-PL","@id":"https:\/\/toidupakk.ee\/pl\/toode\/skarpety-trekkingowe-fostex-outdoor\/#primaryimage","url":"https:\/\/toidupakk.ee\/wp-content\/uploads\/2023\/02\/Matkasokid-Fostex-3.png","contentUrl":"https:\/\/toidupakk.ee\/wp-content\/uploads\/2023\/02\/Matkasokid-Fostex-3.png","width":1080,"height":1080,"caption":"Tugevdatud tallaosaga pehmed sokid"},{"@type":"BreadcrumbList","@id":"https:\/\/toidupakk.ee\/pl\/toode\/skarpety-trekkingowe-fostex-outdoor\/#breadcrumb","itemListElement":[{"@type":"ListItem","position":1,"name":"Avaleht","item":"https:\/\/toidupakk.ee\/pl\/"},{"@type":"ListItem","position":2,"name":"Sklep internetowy","item":"https:\/\/toidupakk.ee\/pl\/sklep-internetowy\/"},{"@type":"ListItem","position":3,"name":"Skarpety trekkingowe Fostex Outdoor"}]},{"@type":"WebSite","@id":"https:\/\/toidupakk.ee\/pl\/#website","url":"https:\/\/toidupakk.ee\/pl\/","name":"Toidupakk.ee - Tactical Foodpack toidupakid","description":"Tactical Foodpack k\u00fclmkuivatatud toidupakid ja matkaeined","publisher":{"@id":"https:\/\/toidupakk.ee\/pl\/#organization"},"potentialAction":[{"@type":"SearchAction","target":{"@type":"EntryPoint","urlTemplate":"https:\/\/toidupakk.ee\/pl\/?s={search_term_string}"},"query-input":{"@type":"PropertyValueSpecification","valueRequired":true,"valueName":"search_term_string"}}],"inLanguage":"pl-PL"},{"@type":"Organization","@id":"https:\/\/toidupakk.ee\/pl\/#organization","name":"Tactical Foodpack matkaeined","url":"https:\/\/toidupakk.ee\/pl\/","logo":{"@type":"ImageObject","inLanguage":"pl-PL","@id":"https:\/\/toidupakk.ee\/pl\/#\/schema\/logo\/image\/","url":"https:\/\/toidupakk.ee\/wp-content\/uploads\/2022\/01\/Toidupakk-matkapood-logo-transparent.png","contentUrl":"https:\/\/toidupakk.ee\/wp-content\/uploads\/2022\/01\/Toidupakk-matkapood-logo-transparent.png","width":500,"height":500,"caption":"Tactical Foodpack matkaeined"},"image":{"@id":"https:\/\/toidupakk.ee\/pl\/#\/schema\/logo\/image\/"},"sameAs":["https:\/\/www.facebook.com\/Toidupakk","https:\/\/www.instagram.com\/toidupakk\/"]}]}},"jetpack_sharing_enabled":true,"_links":{"self":[{"href":"https:\/\/toidupakk.ee\/pl\/wp-json\/wp\/v2\/product\/51373","targetHints":{"allow":["GET"]}}],"collection":[{"href":"https:\/\/toidupakk.ee\/pl\/wp-json\/wp\/v2\/product"}],"about":[{"href":"https:\/\/toidupakk.ee\/pl\/wp-json\/wp\/v2\/types\/product"}],"replies":[{"embeddable":true,"href":"https:\/\/toidupakk.ee\/pl\/wp-json\/wp\/v2\/comments?post=51373"}],"wp:featuredmedia":[{"embeddable":true,"href":"https:\/\/toidupakk.ee\/pl\/wp-json\/wp\/v2\/media\/5620"}],"wp:attachment":[{"href":"https:\/\/toidupakk.ee\/pl\/wp-json\/wp\/v2\/media?parent=51373"}],"wp:term":[{"taxonomy":"product_brand","embeddable":true,"href":"https:\/\/toidupakk.ee\/pl\/wp-json\/wp\/v2\/product_brand?post=51373"},{"taxonomy":"product_cat","embeddable":true,"href":"https:\/\/toidupakk.ee\/pl\/wp-json\/wp\/v2\/product_cat?post=51373"},{"taxonomy":"product_tag","embeddable":true,"href":"https:\/\/toidupakk.ee\/pl\/wp-json\/wp\/v2\/product_tag?post=51373"}],"curies":[{"name":"wp","href":"https:\/\/api.w.org\/{rel}","templated":true}]}}