{"id":51363,"date":"2023-05-31T17:08:08","date_gmt":"2023-05-31T14:08:08","guid":{"rendered":"https:\/\/toidupakk.ee\/toode\/readywise-zapas-zywnosci-dania-glowne-i-sniadania-60-posilkow-w-wodoodpornej-torbie\/"},"modified":"2026-04-16T00:30:53","modified_gmt":"2026-04-15T21:30:53","slug":"readywise-zapas-zywnosci-dania-glowne-i-sniadania-60-posilkow-w-wodoodpornej-torbie","status":"publish","type":"product","link":"https:\/\/toidupakk.ee\/pl\/toode\/readywise-zapas-zywnosci-dania-glowne-i-sniadania-60-posilkow-w-wodoodpornej-torbie\/","title":{"rendered":"READYWISE\u00ae Zapas \u017cywno\u015bci &#8211; dania g\u0142\u00f3wne i \u015bniadania &#8211; 60 posi\u0142k\u00f3w w wodoodpornej torbie"},"content":{"rendered":"<h1><img fetchpriority=\"high\" decoding=\"async\" class=\"alignnone size-full wp-image-14383\" src=\"https:\/\/toidupakk.ee\/wp-content\/uploads\/2023\/09\/Graphic-Design.jpg\" alt=\"\" width=\"1280\" height=\"1280\" srcset=\"https:\/\/toidupakk.ee\/wp-content\/uploads\/2023\/09\/Graphic-Design.jpg 1280w, https:\/\/toidupakk.ee\/wp-content\/uploads\/2023\/09\/Graphic-Design-400x400.jpg 400w, https:\/\/toidupakk.ee\/wp-content\/uploads\/2023\/09\/Graphic-Design-100x100.jpg 100w, https:\/\/toidupakk.ee\/wp-content\/uploads\/2023\/09\/Graphic-Design-800x800.jpg 800w, https:\/\/toidupakk.ee\/wp-content\/uploads\/2023\/09\/Graphic-Design-300x300.jpg 300w, https:\/\/toidupakk.ee\/wp-content\/uploads\/2023\/09\/Graphic-Design-1024x1024.jpg 1024w, https:\/\/toidupakk.ee\/wp-content\/uploads\/2023\/09\/Graphic-Design-500x500.jpg 500w, https:\/\/toidupakk.ee\/wp-content\/uploads\/2023\/09\/Graphic-Design-768x768.jpg 768w\" sizes=\"(max-width: 1280px) 100vw, 1280px\" \/><\/h1>\n<h1>Przygotuj si\u0119 na nieoczekiwane sytuacje<\/h1>\n<p>Zestaw ReadyWise zosta\u0142 zaprojektowany jako rezerwa kryzysowa, prowiant na w\u0119dr\u00f3wki lub po prostu wygodny zapas jedzenia w domu. \u017bywno\u015b\u0107 jest odwodniona, dzi\u0119ki czemu zachowuje \u015bwie\u017co\u015b\u0107 i smak przez d\u0142ugi czas. Produkty maj\u0105 termin przydatno\u015bci do 25 lat. Ten zestaw zawiera dania g\u0142\u00f3wne i \u015bniadania na 60 posi\u0142k\u00f3w \/ porcji.   <\/p>\n<h2><strong>Spos\u00f3b przygotowania<\/strong><\/h2>\n<p><strong>WYBIERZ POSI\u0141EK <\/strong>Otw\u00f3rz wodoodporne, wielorazowe opakowanie i znajd\u017a sw\u00f3j ulubiony smak. Ka\u017cda ma\u0142a saszetka zawiera 4 porcje jedzenia. <\/p>\n<p><strong>DODAJ ZIMN\u0104 LUB GOR\u0104C\u0104 WOD\u0118 <\/strong>Nasze produkty przechodz\u0105 specjalny proces, aby zachowa\u0107 ich smak i tekstur\u0119. Dodaj 1 szklank\u0119 wody na porcj\u0119 i wymieszaj. Nasze posi\u0142ki mo\u017cna przygotowa\u0107 zar\u00f3wno na ciep\u0142o, jak i na zimno.   Wi\u0119kszo\u015b\u0107 da\u0144 smakuje jednak najlepiej po zalaniu gor\u0105c\u0105 wod\u0105.<\/p>\n<p><strong>WYMIESZAJ I DELEKTUJ SI\u0118 <\/strong>Wsyp zawarto\u015b\u0107 torebki do wody i wymieszaj. Przykryj i odczekaj 15 minut. Je\u015bli u\u017cywasz wody o temperaturze pokojowej, odczekaj 30 minut.   Na\u0142\u00f3\u017c na talerz i gotowe!<\/p>\n<h2><strong>W torbie znajdziesz szeroki wyb\u00f3r smak\u00f3w<\/strong><\/h2>\n<p>P\u0141ATKI WIELOZBO\u017bOWE Z BR\u0104ZOWYM CUKREM I SYROPEM KLONOWYM: 12 porcji<\/p>\n<p>CHRUPI\u0104CE MUSLI: 8 porcji<\/p>\n<p>MAKARON Z SEREM: 8 porcji<\/p>\n<p>KREMOWY MAKARON Z WARZYWAMI: 8 porcji<\/p>\n<p>ZAPIEKANKA O SMAKU ZIEMNIAK\u00d3W I KURCZAKA (BEZGLUTENOWA): 8 porcji<\/p>\n<p>RY\u017b TERIYAKI (BEZGLUTENOWY): 8 porcji<\/p>\n<p>PYSZNY STROGONOW: 8 porcji<\/p>\n<p>\u0141\u0105czna waga netto \u017cywno\u015bci w opakowaniu wynosi 3,64 kg.<\/p>\n<h2>Zalety Readywise<\/h2>\n<p><strong>Przechowywanie<\/strong>: \u017bywno\u015b\u0107 ReadyWise jest odwodniona, co oznacza, \u017ce zachowuje trwa\u0142o\u015b\u0107 przez 25 lat i jest wygodna do przechowywania w piwnicy, gara\u017cu, szafie czy na \u0142odzi. Wodoodporna torba chroni produkty przed wilgoci\u0105 i czynnikami zewn\u0119trznymi. <\/p>\n<p><strong>Warto\u015bci od\u017cywcze<\/strong>: Posi\u0142ki ReadyWise zawieraj\u0105 znaczn\u0105 ilo\u015b\u0107 bia\u0142ka, b\u0142onnika i innych wa\u017cnych sk\u0142adnik\u00f3w od\u017cywczych. To sprawia, \u017ce s\u0105 odpowiednim wyborem dla os\u00f3b, kt\u00f3re chc\u0105 by\u0107 dobrze od\u017cywione i potrzebuj\u0105 szybkiego, po\u017cywnego posi\u0142ku. <\/p>\n<p><strong>Wszechstronno\u015b\u0107<\/strong>: Zestaw zapas\u00f3w ReadyWise zawiera r\u00f3\u017cne produkty odpowiednie na \u015bniadanie, obiad i kolacj\u0119. Daje to wiele mo\u017cliwo\u015bci i pozwala cieszy\u0107 si\u0119 r\u00f3\u017cnorodnymi smakami. <\/p>\n<p><strong>\u0141atwy transport<\/strong>: Zestaw ReadyWise jest kompaktowy i lekki, a wodoodporna torba u\u0142atwia jego wygodne przenoszenie.<\/p>\n<p>&nbsp;<\/p>\n<h2>READYWISE<\/h2>\n<p>ReadyWise stosuje innowacyjne podej\u015bcie, oferuj\u0105c niezawodn\u0105, prost\u0105 i przyst\u0119pn\u0105 cenowo \u017cywno\u015b\u0107 liofilizowan\u0105 w sytuacjach, gdy tradycyjne gotowanie jest utrudnione.<\/p>\n<p>&nbsp;<\/p>\n<p>Sprawd\u017a inne akcesoria turystyczne <a href=\"https:\/\/toidupakk.ee\/pl\/tootekategooria\/sprzet-turystyczny\/#section-3-79\">TUTAJ<\/a><\/p>\n<p>Interesuj\u0105 Ci\u0119 posi\u0142ki turystyczne? Zobacz <a href=\"\/?product_cat=snakk#section-3-79\">TUTAJ<\/a><\/p>\n<p>Znajd\u017a inspiracj\u0119 na kolejne przygody na <a href=\"https:\/\/www.instagram.com\/toidupakk\/\">Instagramie<\/a> i <a href=\"https:\/\/www.facebook.com\/Toidupakk\/\">Facebooku<\/a> Toidupakk.<\/p>\n","protected":false},"excerpt":{"rendered":"<p>Zestaw ReadyWise z <strong>60 porcjami<\/strong>. Przeznaczony do sytuacji, w kt\u00f3rych przygotowanie posi\u0142ku mo\u017ce by\u0107 utrudnione lub niemo\u017cliwe. Torba zawiera \u015bniadania i dania g\u0142\u00f3wne. Wygodna r\u00f3wnie\u017c na wyprawach, kempingach czy podczas aktywno\u015bci na \u015bwie\u017cym powietrzu. \u017bywno\u015b\u0107 zapakowana jest w hermetyczne worki Mylar, kt\u00f3re zapewniaj\u0105 d\u0142ugi termin przydatno\u015bci.    <\/p>\n<ul>\n<li>Zestaw zapas\u00f3w: Ka\u017cda torba zawiera <strong>60 porcji z 7 r\u00f3\u017cnymi daniami<\/strong> (dania g\u0142\u00f3wne i \u015bniadania).<\/li>\n<li>Dodaj tylko wod\u0119: preferowana jest gor\u0105ca woda, ale zimna te\u017c si\u0119 nadaje (w takim przypadku czas przygotowania b\u0119dzie po prostu d\u0142u\u017cszy)<\/li>\n<li>\u017bywno\u015b\u0107 ReadyWise <strong>zachowuje trwa\u0142o\u015b\u0107 przez 25 lat<\/strong>.<\/li>\n<li><strong>Wodoodporna, zamykana torba<\/strong> u\u0142atwia transport i przechowywanie.<\/li>\n<li>Waga netto posi\u0142k\u00f3w: <strong>3,64 kg<\/strong><\/li>\n<\/ul>\n<p>\u2705 Dost\u0119pne w magazynie, szybka dostawa w 1\u20133 dni robocze<br \/>\n\u2705 DARMOWA wysy\u0142ka do Twojego paczkomatu<br \/>\n\u2705 Kup teraz, zap\u0142a\u0107 p\u00f3\u017aniej (RRSO 0%)<\/p>\n","protected":false},"featured_media":51372,"comment_status":"open","ping_status":"closed","template":"","meta":{"_acf_changed":false},"product_brand":[],"product_cat":[303,357,347,301,358],"product_tag":[],"class_list":{"0":"post-51363","1":"product","2":"type-product","3":"status-publish","4":"has-post-thumbnail","6":"product_cat-akcesoria-turystyczne","7":"product_cat-bardzo-duze-zestawy-zapasow-zywnosci-readywise","8":"product_cat-duze-zestawy-zapasow-zywnosci","9":"product_cat-sprzet-turystyczny","10":"product_cat-zestawy-zapasow-zywnosci","12":"first","13":"instock","14":"sale","15":"taxable","16":"shipping-taxable","17":"purchasable","18":"product-type-simple"},"bundled_by":[],"bundle_stock_status":"instock","bundle_stock_quantity":4,"bundle_virtual":false,"bundle_layout":"","bundle_add_to_cart_form_location":"","bundle_editable_in_cart":false,"bundle_sold_individually_context":"","bundle_item_grouping":"","bundle_min_size":"","bundle_max_size":"","bundle_price":[],"bundled_items":[],"bundle_sell_ids":[],"acf":[],"yoast_head":"<!-- This site is optimized with the Yoast SEO plugin v27.3 - https:\/\/yoast.com\/product\/yoast-seo-wordpress\/ -->\n<title>READYWISE\u00ae Zapas \u017cywno\u015bci - dania g\u0142\u00f3wne i \u015bniadania - 60 posi\u0142k\u00f3w w wodoodpornej torbie<\/title>\n<meta name=\"description\" content=\"Zestaw zapas\u00f3w \u017cywno\u015bci ReadyWise to wygodny i niedrogi spos\u00f3b na przygotowanie si\u0119 na sytuacje awaryjne lub uzupe\u0142nienie zapas\u00f3w w domu i na wyprawach.\" \/>\n<meta name=\"robots\" content=\"index, follow, max-snippet:-1, max-image-preview:large, max-video-preview:-1\" \/>\n<link rel=\"canonical\" href=\"https:\/\/toidupakk.ee\/pl\/toode\/readywise-zapas-zywnosci-dania-glowne-i-sniadania-60-posilkow-w-wodoodpornej-torbie\/\" \/>\n<meta property=\"og:locale\" content=\"pl_PL\" \/>\n<meta property=\"og:type\" content=\"article\" \/>\n<meta property=\"og:title\" content=\"READYWISE\u00ae Zapas \u017cywno\u015bci - dania g\u0142\u00f3wne i \u015bniadania - 60 posi\u0142k\u00f3w w wodoodpornej torbie\" \/>\n<meta property=\"og:description\" content=\"Zestaw zapas\u00f3w \u017cywno\u015bci ReadyWise to wygodny i niedrogi spos\u00f3b na przygotowanie si\u0119 na sytuacje awaryjne lub uzupe\u0142nienie zapas\u00f3w w domu i na wyprawach.\" \/>\n<meta property=\"og:url\" content=\"https:\/\/toidupakk.ee\/pl\/toode\/readywise-zapas-zywnosci-dania-glowne-i-sniadania-60-posilkow-w-wodoodpornej-torbie\/\" \/>\n<meta property=\"og:site_name\" content=\"Toidupakk.ee - Tactical Foodpack toidupakid\" \/>\n<meta property=\"article:publisher\" content=\"https:\/\/www.facebook.com\/Toidupakk\" \/>\n<meta property=\"article:modified_time\" content=\"2026-04-15T21:30:53+00:00\" \/>\n<meta property=\"og:image\" content=\"https:\/\/toidupakk.ee\/wp-content\/uploads\/2023\/05\/readywise-toiduvarkomplekt.png\" \/>\n\t<meta property=\"og:image:width\" content=\"1080\" \/>\n\t<meta property=\"og:image:height\" content=\"1080\" \/>\n\t<meta property=\"og:image:type\" content=\"image\/png\" \/>\n<meta name=\"twitter:card\" content=\"summary_large_image\" \/>\n<meta name=\"twitter:label1\" content=\"Szacowany czas czytania\" \/>\n\t<meta name=\"twitter:data1\" content=\"2 minuty\" \/>\n<script type=\"application\/ld+json\" class=\"yoast-schema-graph\">{\"@context\":\"https:\\\/\\\/schema.org\",\"@graph\":[{\"@type\":\"WebPage\",\"@id\":\"https:\\\/\\\/toidupakk.ee\\\/pl\\\/toode\\\/readywise-zapas-zywnosci-dania-glowne-i-sniadania-60-posilkow-w-wodoodpornej-torbie\\\/\",\"url\":\"https:\\\/\\\/toidupakk.ee\\\/pl\\\/toode\\\/readywise-zapas-zywnosci-dania-glowne-i-sniadania-60-posilkow-w-wodoodpornej-torbie\\\/\",\"name\":\"READYWISE\u00ae Zapas \u017cywno\u015bci - dania g\u0142\u00f3wne i \u015bniadania - 60 posi\u0142k\u00f3w w wodoodpornej torbie\",\"isPartOf\":{\"@id\":\"https:\\\/\\\/toidupakk.ee\\\/pl\\\/#website\"},\"primaryImageOfPage\":{\"@id\":\"https:\\\/\\\/toidupakk.ee\\\/pl\\\/toode\\\/readywise-zapas-zywnosci-dania-glowne-i-sniadania-60-posilkow-w-wodoodpornej-torbie\\\/#primaryimage\"},\"image\":{\"@id\":\"https:\\\/\\\/toidupakk.ee\\\/pl\\\/toode\\\/readywise-zapas-zywnosci-dania-glowne-i-sniadania-60-posilkow-w-wodoodpornej-torbie\\\/#primaryimage\"},\"thumbnailUrl\":\"https:\\\/\\\/toidupakk.ee\\\/wp-content\\\/uploads\\\/2023\\\/05\\\/readywise-toiduvarkomplekt.png\",\"datePublished\":\"2023-05-31T14:08:08+00:00\",\"dateModified\":\"2026-04-15T21:30:53+00:00\",\"description\":\"Zestaw zapas\u00f3w \u017cywno\u015bci ReadyWise to wygodny i niedrogi spos\u00f3b na przygotowanie si\u0119 na sytuacje awaryjne lub uzupe\u0142nienie zapas\u00f3w w domu i na wyprawach.\",\"breadcrumb\":{\"@id\":\"https:\\\/\\\/toidupakk.ee\\\/pl\\\/toode\\\/readywise-zapas-zywnosci-dania-glowne-i-sniadania-60-posilkow-w-wodoodpornej-torbie\\\/#breadcrumb\"},\"inLanguage\":\"pl-PL\",\"potentialAction\":[{\"@type\":\"ReadAction\",\"target\":[\"https:\\\/\\\/toidupakk.ee\\\/pl\\\/toode\\\/readywise-zapas-zywnosci-dania-glowne-i-sniadania-60-posilkow-w-wodoodpornej-torbie\\\/\"]}]},{\"@type\":\"ImageObject\",\"inLanguage\":\"pl-PL\",\"@id\":\"https:\\\/\\\/toidupakk.ee\\\/pl\\\/toode\\\/readywise-zapas-zywnosci-dania-glowne-i-sniadania-60-posilkow-w-wodoodpornej-torbie\\\/#primaryimage\",\"url\":\"https:\\\/\\\/toidupakk.ee\\\/wp-content\\\/uploads\\\/2023\\\/05\\\/readywise-toiduvarkomplekt.png\",\"contentUrl\":\"https:\\\/\\\/toidupakk.ee\\\/wp-content\\\/uploads\\\/2023\\\/05\\\/readywise-toiduvarkomplekt.png\",\"width\":1080,\"height\":1080,\"caption\":\"readywise zestaw zapas\u00f3w \u017cywno\u015bci 1\"},{\"@type\":\"BreadcrumbList\",\"@id\":\"https:\\\/\\\/toidupakk.ee\\\/pl\\\/toode\\\/readywise-zapas-zywnosci-dania-glowne-i-sniadania-60-posilkow-w-wodoodpornej-torbie\\\/#breadcrumb\",\"itemListElement\":[{\"@type\":\"ListItem\",\"position\":1,\"name\":\"Avaleht\",\"item\":\"https:\\\/\\\/toidupakk.ee\\\/pl\\\/\"},{\"@type\":\"ListItem\",\"position\":2,\"name\":\"Sklep internetowy\",\"item\":\"https:\\\/\\\/toidupakk.ee\\\/pl\\\/sklep-internetowy\\\/\"},{\"@type\":\"ListItem\",\"position\":3,\"name\":\"READYWISE\u00ae Zapas \u017cywno\u015bci &#8211; dania g\u0142\u00f3wne i \u015bniadania &#8211; 60 posi\u0142k\u00f3w w wodoodpornej torbie\"}]},{\"@type\":\"WebSite\",\"@id\":\"https:\\\/\\\/toidupakk.ee\\\/pl\\\/#website\",\"url\":\"https:\\\/\\\/toidupakk.ee\\\/pl\\\/\",\"name\":\"Toidupakk.ee - Tactical Foodpack toidupakid\",\"description\":\"Tactical Foodpack k\u00fclmkuivatatud toidupakid ja matkaeined\",\"publisher\":{\"@id\":\"https:\\\/\\\/toidupakk.ee\\\/pl\\\/#organization\"},\"potentialAction\":[{\"@type\":\"SearchAction\",\"target\":{\"@type\":\"EntryPoint\",\"urlTemplate\":\"https:\\\/\\\/toidupakk.ee\\\/pl\\\/?s={search_term_string}\"},\"query-input\":{\"@type\":\"PropertyValueSpecification\",\"valueRequired\":true,\"valueName\":\"search_term_string\"}}],\"inLanguage\":\"pl-PL\"},{\"@type\":\"Organization\",\"@id\":\"https:\\\/\\\/toidupakk.ee\\\/pl\\\/#organization\",\"name\":\"Tactical Foodpack matkaeined\",\"url\":\"https:\\\/\\\/toidupakk.ee\\\/pl\\\/\",\"logo\":{\"@type\":\"ImageObject\",\"inLanguage\":\"pl-PL\",\"@id\":\"https:\\\/\\\/toidupakk.ee\\\/pl\\\/#\\\/schema\\\/logo\\\/image\\\/\",\"url\":\"https:\\\/\\\/toidupakk.ee\\\/wp-content\\\/uploads\\\/2022\\\/01\\\/Toidupakk-matkapood-logo-transparent.png\",\"contentUrl\":\"https:\\\/\\\/toidupakk.ee\\\/wp-content\\\/uploads\\\/2022\\\/01\\\/Toidupakk-matkapood-logo-transparent.png\",\"width\":500,\"height\":500,\"caption\":\"Tactical Foodpack matkaeined\"},\"image\":{\"@id\":\"https:\\\/\\\/toidupakk.ee\\\/pl\\\/#\\\/schema\\\/logo\\\/image\\\/\"},\"sameAs\":[\"https:\\\/\\\/www.facebook.com\\\/Toidupakk\",\"https:\\\/\\\/www.instagram.com\\\/toidupakk\\\/\"]}]}<\/script>\n<!-- \/ Yoast SEO plugin. -->","yoast_head_json":{"title":"READYWISE\u00ae Zapas \u017cywno\u015bci - dania g\u0142\u00f3wne i \u015bniadania - 60 posi\u0142k\u00f3w w wodoodpornej torbie","description":"Zestaw zapas\u00f3w \u017cywno\u015bci ReadyWise to wygodny i niedrogi spos\u00f3b na przygotowanie si\u0119 na sytuacje awaryjne lub uzupe\u0142nienie zapas\u00f3w w domu i na wyprawach.","robots":{"index":"index","follow":"follow","max-snippet":"max-snippet:-1","max-image-preview":"max-image-preview:large","max-video-preview":"max-video-preview:-1"},"canonical":"https:\/\/toidupakk.ee\/pl\/toode\/readywise-zapas-zywnosci-dania-glowne-i-sniadania-60-posilkow-w-wodoodpornej-torbie\/","og_locale":"pl_PL","og_type":"article","og_title":"READYWISE\u00ae Zapas \u017cywno\u015bci - dania g\u0142\u00f3wne i \u015bniadania - 60 posi\u0142k\u00f3w w wodoodpornej torbie","og_description":"Zestaw zapas\u00f3w \u017cywno\u015bci ReadyWise to wygodny i niedrogi spos\u00f3b na przygotowanie si\u0119 na sytuacje awaryjne lub uzupe\u0142nienie zapas\u00f3w w domu i na wyprawach.","og_url":"https:\/\/toidupakk.ee\/pl\/toode\/readywise-zapas-zywnosci-dania-glowne-i-sniadania-60-posilkow-w-wodoodpornej-torbie\/","og_site_name":"Toidupakk.ee - Tactical Foodpack toidupakid","article_publisher":"https:\/\/www.facebook.com\/Toidupakk","article_modified_time":"2026-04-15T21:30:53+00:00","og_image":[{"width":1080,"height":1080,"url":"https:\/\/toidupakk.ee\/wp-content\/uploads\/2023\/05\/readywise-toiduvarkomplekt.png","type":"image\/png"}],"twitter_card":"summary_large_image","twitter_misc":{"Szacowany czas czytania":"2 minuty"},"schema":{"@context":"https:\/\/schema.org","@graph":[{"@type":"WebPage","@id":"https:\/\/toidupakk.ee\/pl\/toode\/readywise-zapas-zywnosci-dania-glowne-i-sniadania-60-posilkow-w-wodoodpornej-torbie\/","url":"https:\/\/toidupakk.ee\/pl\/toode\/readywise-zapas-zywnosci-dania-glowne-i-sniadania-60-posilkow-w-wodoodpornej-torbie\/","name":"READYWISE\u00ae Zapas \u017cywno\u015bci - dania g\u0142\u00f3wne i \u015bniadania - 60 posi\u0142k\u00f3w w wodoodpornej torbie","isPartOf":{"@id":"https:\/\/toidupakk.ee\/pl\/#website"},"primaryImageOfPage":{"@id":"https:\/\/toidupakk.ee\/pl\/toode\/readywise-zapas-zywnosci-dania-glowne-i-sniadania-60-posilkow-w-wodoodpornej-torbie\/#primaryimage"},"image":{"@id":"https:\/\/toidupakk.ee\/pl\/toode\/readywise-zapas-zywnosci-dania-glowne-i-sniadania-60-posilkow-w-wodoodpornej-torbie\/#primaryimage"},"thumbnailUrl":"https:\/\/toidupakk.ee\/wp-content\/uploads\/2023\/05\/readywise-toiduvarkomplekt.png","datePublished":"2023-05-31T14:08:08+00:00","dateModified":"2026-04-15T21:30:53+00:00","description":"Zestaw zapas\u00f3w \u017cywno\u015bci ReadyWise to wygodny i niedrogi spos\u00f3b na przygotowanie si\u0119 na sytuacje awaryjne lub uzupe\u0142nienie zapas\u00f3w w domu i na wyprawach.","breadcrumb":{"@id":"https:\/\/toidupakk.ee\/pl\/toode\/readywise-zapas-zywnosci-dania-glowne-i-sniadania-60-posilkow-w-wodoodpornej-torbie\/#breadcrumb"},"inLanguage":"pl-PL","potentialAction":[{"@type":"ReadAction","target":["https:\/\/toidupakk.ee\/pl\/toode\/readywise-zapas-zywnosci-dania-glowne-i-sniadania-60-posilkow-w-wodoodpornej-torbie\/"]}]},{"@type":"ImageObject","inLanguage":"pl-PL","@id":"https:\/\/toidupakk.ee\/pl\/toode\/readywise-zapas-zywnosci-dania-glowne-i-sniadania-60-posilkow-w-wodoodpornej-torbie\/#primaryimage","url":"https:\/\/toidupakk.ee\/wp-content\/uploads\/2023\/05\/readywise-toiduvarkomplekt.png","contentUrl":"https:\/\/toidupakk.ee\/wp-content\/uploads\/2023\/05\/readywise-toiduvarkomplekt.png","width":1080,"height":1080,"caption":"readywise zestaw zapas\u00f3w \u017cywno\u015bci 1"},{"@type":"BreadcrumbList","@id":"https:\/\/toidupakk.ee\/pl\/toode\/readywise-zapas-zywnosci-dania-glowne-i-sniadania-60-posilkow-w-wodoodpornej-torbie\/#breadcrumb","itemListElement":[{"@type":"ListItem","position":1,"name":"Avaleht","item":"https:\/\/toidupakk.ee\/pl\/"},{"@type":"ListItem","position":2,"name":"Sklep internetowy","item":"https:\/\/toidupakk.ee\/pl\/sklep-internetowy\/"},{"@type":"ListItem","position":3,"name":"READYWISE\u00ae Zapas \u017cywno\u015bci &#8211; dania g\u0142\u00f3wne i \u015bniadania &#8211; 60 posi\u0142k\u00f3w w wodoodpornej torbie"}]},{"@type":"WebSite","@id":"https:\/\/toidupakk.ee\/pl\/#website","url":"https:\/\/toidupakk.ee\/pl\/","name":"Toidupakk.ee - Tactical Foodpack toidupakid","description":"Tactical Foodpack k\u00fclmkuivatatud toidupakid ja matkaeined","publisher":{"@id":"https:\/\/toidupakk.ee\/pl\/#organization"},"potentialAction":[{"@type":"SearchAction","target":{"@type":"EntryPoint","urlTemplate":"https:\/\/toidupakk.ee\/pl\/?s={search_term_string}"},"query-input":{"@type":"PropertyValueSpecification","valueRequired":true,"valueName":"search_term_string"}}],"inLanguage":"pl-PL"},{"@type":"Organization","@id":"https:\/\/toidupakk.ee\/pl\/#organization","name":"Tactical Foodpack matkaeined","url":"https:\/\/toidupakk.ee\/pl\/","logo":{"@type":"ImageObject","inLanguage":"pl-PL","@id":"https:\/\/toidupakk.ee\/pl\/#\/schema\/logo\/image\/","url":"https:\/\/toidupakk.ee\/wp-content\/uploads\/2022\/01\/Toidupakk-matkapood-logo-transparent.png","contentUrl":"https:\/\/toidupakk.ee\/wp-content\/uploads\/2022\/01\/Toidupakk-matkapood-logo-transparent.png","width":500,"height":500,"caption":"Tactical Foodpack matkaeined"},"image":{"@id":"https:\/\/toidupakk.ee\/pl\/#\/schema\/logo\/image\/"},"sameAs":["https:\/\/www.facebook.com\/Toidupakk","https:\/\/www.instagram.com\/toidupakk\/"]}]}},"jetpack_sharing_enabled":true,"_links":{"self":[{"href":"https:\/\/toidupakk.ee\/pl\/wp-json\/wp\/v2\/product\/51363","targetHints":{"allow":["GET"]}}],"collection":[{"href":"https:\/\/toidupakk.ee\/pl\/wp-json\/wp\/v2\/product"}],"about":[{"href":"https:\/\/toidupakk.ee\/pl\/wp-json\/wp\/v2\/types\/product"}],"replies":[{"embeddable":true,"href":"https:\/\/toidupakk.ee\/pl\/wp-json\/wp\/v2\/comments?post=51363"}],"wp:featuredmedia":[{"embeddable":true,"href":"https:\/\/toidupakk.ee\/pl\/wp-json\/wp\/v2\/media\/51372"}],"wp:attachment":[{"href":"https:\/\/toidupakk.ee\/pl\/wp-json\/wp\/v2\/media?parent=51363"}],"wp:term":[{"taxonomy":"product_brand","embeddable":true,"href":"https:\/\/toidupakk.ee\/pl\/wp-json\/wp\/v2\/product_brand?post=51363"},{"taxonomy":"product_cat","embeddable":true,"href":"https:\/\/toidupakk.ee\/pl\/wp-json\/wp\/v2\/product_cat?post=51363"},{"taxonomy":"product_tag","embeddable":true,"href":"https:\/\/toidupakk.ee\/pl\/wp-json\/wp\/v2\/product_tag?post=51363"}],"curies":[{"name":"wp","href":"https:\/\/api.w.org\/{rel}","templated":true}]}}