{"id":51356,"date":"2023-05-17T11:36:00","date_gmt":"2023-05-17T08:36:00","guid":{"rendered":"https:\/\/toidupakk.ee\/toode\/zestaw-linek-elastycznych-fosco\/"},"modified":"2026-04-29T19:02:01","modified_gmt":"2026-04-29T16:02:01","slug":"zestaw-linek-elastycznych-fosco","status":"publish","type":"product","link":"https:\/\/toidupakk.ee\/pl\/toode\/zestaw-linek-elastycznych-fosco\/","title":{"rendered":"Zestaw linek elastycznych FOSCO"},"content":{"rendered":"<p>Fosco Industries to znana marka w\u015br\u00f3d turyst\u00f3w. Fosco Industries tworzy niezb\u0119dny sprz\u0119t wojskowy i outdoorowy dla mi\u0142o\u015bnik\u00f3w przyg\u00f3d. Wysokiej jako\u015bci wyposa\u017cenie, kt\u00f3re odpowiada potrzebom wsp\u00f3\u0142czesnych odkrywc\u00f3w i entuzjast\u00f3w outdooru. Niezale\u017cnie od tego, czy to lokalne w\u0119dr\u00f3wki, aktywno\u015bci na \u015bwie\u017cym powietrzu czy d\u0142u\u017csze wyprawy.   <\/p>\n","protected":false},"excerpt":{"rendered":"<p>Zestaw linek elastycznych to przydatny pomocnik w plecaku turystycznym. U\u017cywaj ich jako dodatkowego mocowania namiotu, do mocowania pa\u0142atki mi\u0119dzy drzewami jako os\u0142ony przed deszczem lub np. do suszenia prania na \u0142onie natury. Elastyczne gumowe paski \u015bwietnie nadaj\u0105 si\u0119 do spinania przedmiot\u00f3w lub np. mocowania torby na baga\u017cniku rowerowym.  <\/p>\n<ul>\n<li>W zestawie 2 gumowe linki z metalowymi haczykami<\/li>\n<li>D\u0142ugo\u015b\u0107 linek 2 x 76 cm<\/li>\n<li>Waga zestawu 135 g<\/li>\n<\/ul>\n<p>\u2705 Dost\u0119pne w magazynie, szybka dostawa w 1\u20133 dni robocze<\/p>\n","protected":false},"featured_media":51359,"comment_status":"open","ping_status":"closed","template":"","meta":{"_acf_changed":false},"product_brand":[],"product_cat":[303,388,301],"product_tag":[305],"class_list":{"0":"post-51356","1":"product","2":"type-product","3":"status-publish","4":"has-post-thumbnail","6":"product_cat-akcesoria-turystyczne","7":"product_cat-linki","8":"product_cat-sprzet-turystyczny","9":"product_tag-no_ads","11":"first","12":"outofstock","13":"taxable","14":"shipping-taxable","15":"purchasable","16":"product-type-variable","17":"has-default-attributes"},"bundled_by":[],"bundle_stock_status":"outofstock","bundle_stock_quantity":null,"bundle_virtual":false,"bundle_layout":"","bundle_add_to_cart_form_location":"","bundle_editable_in_cart":false,"bundle_sold_individually_context":"","bundle_item_grouping":"","bundle_min_size":"","bundle_max_size":"","bundle_price":[],"bundled_items":[],"bundle_sell_ids":[],"acf":[],"yoast_head":"<!-- This site is optimized with the Yoast SEO plugin v27.3 - https:\/\/yoast.com\/product\/yoast-seo-wordpress\/ -->\n<title>Zestaw linek elastycznych FOSCO - Toidupakk.ee - Tactical Foodpack toidupakid<\/title>\n<meta name=\"description\" content=\"Zestaw linek elastycznych to przydatny pomocnik w plecaku turystycznym. U\u017cywaj ich jako dodatkowego mocowania namiotu, do mocowania pa\u0142atki mi\u0119dzy drzewami jako os\u0142ony przed deszczem lub...\" \/>\n<meta name=\"robots\" content=\"index, follow, max-snippet:-1, max-image-preview:large, max-video-preview:-1\" \/>\n<link rel=\"canonical\" href=\"https:\/\/toidupakk.ee\/pl\/toode\/zestaw-linek-elastycznych-fosco\/\" \/>\n<meta property=\"og:locale\" content=\"pl_PL\" \/>\n<meta property=\"og:type\" content=\"article\" \/>\n<meta property=\"og:title\" content=\"Zestaw linek elastycznych FOSCO - Toidupakk.ee - Tactical Foodpack toidupakid\" \/>\n<meta property=\"og:description\" content=\"Zestaw linek elastycznych to przydatny pomocnik w plecaku turystycznym. U\u017cywaj ich jako dodatkowego mocowania namiotu, do mocowania pa\u0142atki mi\u0119dzy drzewami jako os\u0142ony przed deszczem lub...\" \/>\n<meta property=\"og:url\" content=\"https:\/\/toidupakk.ee\/pl\/toode\/zestaw-linek-elastycznych-fosco\/\" \/>\n<meta property=\"og:site_name\" content=\"Toidupakk.ee - Tactical Foodpack toidupakid\" \/>\n<meta property=\"article:publisher\" content=\"https:\/\/www.facebook.com\/Toidupakk\" \/>\n<meta property=\"article:modified_time\" content=\"2026-04-29T16:02:01+00:00\" \/>\n<meta property=\"og:image\" content=\"https:\/\/toidupakk.ee\/wp-content\/uploads\/2023\/05\/Pingekummide-komplekt-1.png\" \/>\n\t<meta property=\"og:image:width\" content=\"1080\" \/>\n\t<meta property=\"og:image:height\" content=\"1080\" \/>\n\t<meta property=\"og:image:type\" content=\"image\/png\" \/>\n<meta name=\"twitter:card\" content=\"summary_large_image\" \/>\n<script type=\"application\/ld+json\" class=\"yoast-schema-graph\">{\"@context\":\"https:\\\/\\\/schema.org\",\"@graph\":[{\"@type\":\"WebPage\",\"@id\":\"https:\\\/\\\/toidupakk.ee\\\/pl\\\/toode\\\/zestaw-linek-elastycznych-fosco\\\/\",\"url\":\"https:\\\/\\\/toidupakk.ee\\\/pl\\\/toode\\\/zestaw-linek-elastycznych-fosco\\\/\",\"name\":\"Zestaw linek elastycznych FOSCO - Toidupakk.ee - Tactical Foodpack toidupakid\",\"isPartOf\":{\"@id\":\"https:\\\/\\\/toidupakk.ee\\\/pl\\\/#website\"},\"primaryImageOfPage\":{\"@id\":\"https:\\\/\\\/toidupakk.ee\\\/pl\\\/toode\\\/zestaw-linek-elastycznych-fosco\\\/#primaryimage\"},\"image\":{\"@id\":\"https:\\\/\\\/toidupakk.ee\\\/pl\\\/toode\\\/zestaw-linek-elastycznych-fosco\\\/#primaryimage\"},\"thumbnailUrl\":\"https:\\\/\\\/toidupakk.ee\\\/wp-content\\\/uploads\\\/2023\\\/05\\\/Pingekummide-komplekt-1.png\",\"datePublished\":\"2023-05-17T08:36:00+00:00\",\"dateModified\":\"2026-04-29T16:02:01+00:00\",\"description\":\"Zestaw linek elastycznych to przydatny pomocnik w plecaku turystycznym. U\u017cywaj ich jako dodatkowego mocowania namiotu, do mocowania pa\u0142atki mi\u0119dzy drzewami jako os\u0142ony przed deszczem lub...\",\"breadcrumb\":{\"@id\":\"https:\\\/\\\/toidupakk.ee\\\/pl\\\/toode\\\/zestaw-linek-elastycznych-fosco\\\/#breadcrumb\"},\"inLanguage\":\"pl-PL\",\"potentialAction\":[{\"@type\":\"ReadAction\",\"target\":[\"https:\\\/\\\/toidupakk.ee\\\/pl\\\/toode\\\/zestaw-linek-elastycznych-fosco\\\/\"]}]},{\"@type\":\"ImageObject\",\"inLanguage\":\"pl-PL\",\"@id\":\"https:\\\/\\\/toidupakk.ee\\\/pl\\\/toode\\\/zestaw-linek-elastycznych-fosco\\\/#primaryimage\",\"url\":\"https:\\\/\\\/toidupakk.ee\\\/wp-content\\\/uploads\\\/2023\\\/05\\\/Pingekummide-komplekt-1.png\",\"contentUrl\":\"https:\\\/\\\/toidupakk.ee\\\/wp-content\\\/uploads\\\/2023\\\/05\\\/Pingekummide-komplekt-1.png\",\"width\":1080,\"height\":1080,\"caption\":\"Linki elastyczne w kolorze czarnym\"},{\"@type\":\"BreadcrumbList\",\"@id\":\"https:\\\/\\\/toidupakk.ee\\\/pl\\\/toode\\\/zestaw-linek-elastycznych-fosco\\\/#breadcrumb\",\"itemListElement\":[{\"@type\":\"ListItem\",\"position\":1,\"name\":\"Avaleht\",\"item\":\"https:\\\/\\\/toidupakk.ee\\\/pl\\\/\"},{\"@type\":\"ListItem\",\"position\":2,\"name\":\"Sklep internetowy\",\"item\":\"https:\\\/\\\/toidupakk.ee\\\/pl\\\/sklep-internetowy\\\/\"},{\"@type\":\"ListItem\",\"position\":3,\"name\":\"Zestaw linek elastycznych FOSCO\"}]},{\"@type\":\"WebSite\",\"@id\":\"https:\\\/\\\/toidupakk.ee\\\/pl\\\/#website\",\"url\":\"https:\\\/\\\/toidupakk.ee\\\/pl\\\/\",\"name\":\"Toidupakk.ee - Tactical Foodpack toidupakid\",\"description\":\"Tactical Foodpack k\u00fclmkuivatatud toidupakid ja matkaeined\",\"publisher\":{\"@id\":\"https:\\\/\\\/toidupakk.ee\\\/pl\\\/#organization\"},\"potentialAction\":[{\"@type\":\"SearchAction\",\"target\":{\"@type\":\"EntryPoint\",\"urlTemplate\":\"https:\\\/\\\/toidupakk.ee\\\/pl\\\/?s={search_term_string}\"},\"query-input\":{\"@type\":\"PropertyValueSpecification\",\"valueRequired\":true,\"valueName\":\"search_term_string\"}}],\"inLanguage\":\"pl-PL\"},{\"@type\":\"Organization\",\"@id\":\"https:\\\/\\\/toidupakk.ee\\\/pl\\\/#organization\",\"name\":\"Tactical Foodpack matkaeined\",\"url\":\"https:\\\/\\\/toidupakk.ee\\\/pl\\\/\",\"logo\":{\"@type\":\"ImageObject\",\"inLanguage\":\"pl-PL\",\"@id\":\"https:\\\/\\\/toidupakk.ee\\\/pl\\\/#\\\/schema\\\/logo\\\/image\\\/\",\"url\":\"https:\\\/\\\/toidupakk.ee\\\/wp-content\\\/uploads\\\/2022\\\/01\\\/Toidupakk-matkapood-logo-transparent.png\",\"contentUrl\":\"https:\\\/\\\/toidupakk.ee\\\/wp-content\\\/uploads\\\/2022\\\/01\\\/Toidupakk-matkapood-logo-transparent.png\",\"width\":500,\"height\":500,\"caption\":\"Tactical Foodpack matkaeined\"},\"image\":{\"@id\":\"https:\\\/\\\/toidupakk.ee\\\/pl\\\/#\\\/schema\\\/logo\\\/image\\\/\"},\"sameAs\":[\"https:\\\/\\\/www.facebook.com\\\/Toidupakk\",\"https:\\\/\\\/www.instagram.com\\\/toidupakk\\\/\"]}]}<\/script>\n<!-- \/ Yoast SEO plugin. -->","yoast_head_json":{"title":"Zestaw linek elastycznych FOSCO - Toidupakk.ee - Tactical Foodpack toidupakid","description":"Zestaw linek elastycznych to przydatny pomocnik w plecaku turystycznym. U\u017cywaj ich jako dodatkowego mocowania namiotu, do mocowania pa\u0142atki mi\u0119dzy drzewami jako os\u0142ony przed deszczem lub...","robots":{"index":"index","follow":"follow","max-snippet":"max-snippet:-1","max-image-preview":"max-image-preview:large","max-video-preview":"max-video-preview:-1"},"canonical":"https:\/\/toidupakk.ee\/pl\/toode\/zestaw-linek-elastycznych-fosco\/","og_locale":"pl_PL","og_type":"article","og_title":"Zestaw linek elastycznych FOSCO - Toidupakk.ee - Tactical Foodpack toidupakid","og_description":"Zestaw linek elastycznych to przydatny pomocnik w plecaku turystycznym. U\u017cywaj ich jako dodatkowego mocowania namiotu, do mocowania pa\u0142atki mi\u0119dzy drzewami jako os\u0142ony przed deszczem lub...","og_url":"https:\/\/toidupakk.ee\/pl\/toode\/zestaw-linek-elastycznych-fosco\/","og_site_name":"Toidupakk.ee - Tactical Foodpack toidupakid","article_publisher":"https:\/\/www.facebook.com\/Toidupakk","article_modified_time":"2026-04-29T16:02:01+00:00","og_image":[{"width":1080,"height":1080,"url":"https:\/\/toidupakk.ee\/wp-content\/uploads\/2023\/05\/Pingekummide-komplekt-1.png","type":"image\/png"}],"twitter_card":"summary_large_image","schema":{"@context":"https:\/\/schema.org","@graph":[{"@type":"WebPage","@id":"https:\/\/toidupakk.ee\/pl\/toode\/zestaw-linek-elastycznych-fosco\/","url":"https:\/\/toidupakk.ee\/pl\/toode\/zestaw-linek-elastycznych-fosco\/","name":"Zestaw linek elastycznych FOSCO - Toidupakk.ee - Tactical Foodpack toidupakid","isPartOf":{"@id":"https:\/\/toidupakk.ee\/pl\/#website"},"primaryImageOfPage":{"@id":"https:\/\/toidupakk.ee\/pl\/toode\/zestaw-linek-elastycznych-fosco\/#primaryimage"},"image":{"@id":"https:\/\/toidupakk.ee\/pl\/toode\/zestaw-linek-elastycznych-fosco\/#primaryimage"},"thumbnailUrl":"https:\/\/toidupakk.ee\/wp-content\/uploads\/2023\/05\/Pingekummide-komplekt-1.png","datePublished":"2023-05-17T08:36:00+00:00","dateModified":"2026-04-29T16:02:01+00:00","description":"Zestaw linek elastycznych to przydatny pomocnik w plecaku turystycznym. U\u017cywaj ich jako dodatkowego mocowania namiotu, do mocowania pa\u0142atki mi\u0119dzy drzewami jako os\u0142ony przed deszczem lub...","breadcrumb":{"@id":"https:\/\/toidupakk.ee\/pl\/toode\/zestaw-linek-elastycznych-fosco\/#breadcrumb"},"inLanguage":"pl-PL","potentialAction":[{"@type":"ReadAction","target":["https:\/\/toidupakk.ee\/pl\/toode\/zestaw-linek-elastycznych-fosco\/"]}]},{"@type":"ImageObject","inLanguage":"pl-PL","@id":"https:\/\/toidupakk.ee\/pl\/toode\/zestaw-linek-elastycznych-fosco\/#primaryimage","url":"https:\/\/toidupakk.ee\/wp-content\/uploads\/2023\/05\/Pingekummide-komplekt-1.png","contentUrl":"https:\/\/toidupakk.ee\/wp-content\/uploads\/2023\/05\/Pingekummide-komplekt-1.png","width":1080,"height":1080,"caption":"Linki elastyczne w kolorze czarnym"},{"@type":"BreadcrumbList","@id":"https:\/\/toidupakk.ee\/pl\/toode\/zestaw-linek-elastycznych-fosco\/#breadcrumb","itemListElement":[{"@type":"ListItem","position":1,"name":"Avaleht","item":"https:\/\/toidupakk.ee\/pl\/"},{"@type":"ListItem","position":2,"name":"Sklep internetowy","item":"https:\/\/toidupakk.ee\/pl\/sklep-internetowy\/"},{"@type":"ListItem","position":3,"name":"Zestaw linek elastycznych FOSCO"}]},{"@type":"WebSite","@id":"https:\/\/toidupakk.ee\/pl\/#website","url":"https:\/\/toidupakk.ee\/pl\/","name":"Toidupakk.ee - Tactical Foodpack toidupakid","description":"Tactical Foodpack k\u00fclmkuivatatud toidupakid ja matkaeined","publisher":{"@id":"https:\/\/toidupakk.ee\/pl\/#organization"},"potentialAction":[{"@type":"SearchAction","target":{"@type":"EntryPoint","urlTemplate":"https:\/\/toidupakk.ee\/pl\/?s={search_term_string}"},"query-input":{"@type":"PropertyValueSpecification","valueRequired":true,"valueName":"search_term_string"}}],"inLanguage":"pl-PL"},{"@type":"Organization","@id":"https:\/\/toidupakk.ee\/pl\/#organization","name":"Tactical Foodpack matkaeined","url":"https:\/\/toidupakk.ee\/pl\/","logo":{"@type":"ImageObject","inLanguage":"pl-PL","@id":"https:\/\/toidupakk.ee\/pl\/#\/schema\/logo\/image\/","url":"https:\/\/toidupakk.ee\/wp-content\/uploads\/2022\/01\/Toidupakk-matkapood-logo-transparent.png","contentUrl":"https:\/\/toidupakk.ee\/wp-content\/uploads\/2022\/01\/Toidupakk-matkapood-logo-transparent.png","width":500,"height":500,"caption":"Tactical Foodpack matkaeined"},"image":{"@id":"https:\/\/toidupakk.ee\/pl\/#\/schema\/logo\/image\/"},"sameAs":["https:\/\/www.facebook.com\/Toidupakk","https:\/\/www.instagram.com\/toidupakk\/"]}]}},"jetpack_sharing_enabled":true,"_links":{"self":[{"href":"https:\/\/toidupakk.ee\/pl\/wp-json\/wp\/v2\/product\/51356","targetHints":{"allow":["GET"]}}],"collection":[{"href":"https:\/\/toidupakk.ee\/pl\/wp-json\/wp\/v2\/product"}],"about":[{"href":"https:\/\/toidupakk.ee\/pl\/wp-json\/wp\/v2\/types\/product"}],"replies":[{"embeddable":true,"href":"https:\/\/toidupakk.ee\/pl\/wp-json\/wp\/v2\/comments?post=51356"}],"wp:featuredmedia":[{"embeddable":true,"href":"https:\/\/toidupakk.ee\/pl\/wp-json\/wp\/v2\/media\/51359"}],"wp:attachment":[{"href":"https:\/\/toidupakk.ee\/pl\/wp-json\/wp\/v2\/media?parent=51356"}],"wp:term":[{"taxonomy":"product_brand","embeddable":true,"href":"https:\/\/toidupakk.ee\/pl\/wp-json\/wp\/v2\/product_brand?post=51356"},{"taxonomy":"product_cat","embeddable":true,"href":"https:\/\/toidupakk.ee\/pl\/wp-json\/wp\/v2\/product_cat?post=51356"},{"taxonomy":"product_tag","embeddable":true,"href":"https:\/\/toidupakk.ee\/pl\/wp-json\/wp\/v2\/product_tag?post=51356"}],"curies":[{"name":"wp","href":"https:\/\/api.w.org\/{rel}","templated":true}]}}