{"id":51353,"date":"2023-06-06T17:57:41","date_gmt":"2023-06-06T14:57:41","guid":{"rendered":"https:\/\/toidupakk.ee\/toode\/srodek-odstraszajacy-komary-bcb\/"},"modified":"2026-04-21T12:00:21","modified_gmt":"2026-04-21T09:00:21","slug":"srodek-odstraszajacy-komary-bcb","status":"publish","type":"product","link":"https:\/\/toidupakk.ee\/pl\/toode\/srodek-odstraszajacy-komary-bcb\/","title":{"rendered":"\u015arodek odstraszaj\u0105cy komary BCB"},"content":{"rendered":"","protected":false},"excerpt":{"rendered":"<p><strong>Odstraszacz komar\u00f3w BCB \u2013 \u015brodek w sztyfcie.<\/strong><\/p>\n<ul>\n<li>Nie pozw\u00f3l, aby uci\u0105\u017cliwe komary zepsu\u0142y ci mi\u0142y wiecz\u00f3r na \u0142onie natury<\/li>\n<li>Zapewnia skuteczn\u0105 ochron\u0119 przed <strong>komarami, kleszczami i innymi uci\u0105\u017cliwymi owadami<\/strong><\/li>\n<li>Substancja czynna DEET (40%)<\/li>\n<li>Do smarowania cia\u0142a lub odzie\u017cy<\/li>\n<li>Utrzymuje si\u0119 na sk\u00f3rze do <strong>7 h<\/strong><\/li>\n<\/ul>\n<p>Sk\u0142ad: DEET 40% i Citrepel 0,1%<\/p>\n<p>Tylko do u\u017cytku zewn\u0119trznego! Smaruj sk\u00f3r\u0119 nieos\u0142oni\u0119t\u0105 ubraniem. Nie stosuj na wra\u017cliw\u0105 lub podra\u017cnion\u0105 sk\u00f3r\u0119. Umyj r\u0119ce po u\u017cyciu \u015brodka, bezpo\u015brednio przed jedzeniem. Nak\u0142adaj now\u0105 warstw\u0119 co 8 godzin, w razie potrzeby cz\u0119\u015bciej. U dzieci poni\u017cej 12 lat zalecamy stosowanie raz dziennie.     <\/p>\n<p>Kraj pochodzenia: Anglia<\/p>\n<p>\u2705 Dost\u0119pne w magazynie, szybka dostawa w 1\u20133 dni robocze<\/p>\n","protected":false},"featured_media":9681,"comment_status":"open","ping_status":"closed","template":"","meta":{"_acf_changed":false},"product_brand":[],"product_cat":[314,301,367],"product_tag":[305],"class_list":{"0":"post-51353","1":"product","2":"type-product","3":"status-publish","4":"has-post-thumbnail","6":"product_cat-nocowanie-w-naturze","7":"product_cat-sprzet-turystyczny","8":"product_cat-srodki-na-komary-owady-i-kleszcze","9":"product_tag-no_ads","11":"first","12":"instock","13":"sale","14":"taxable","15":"shipping-taxable","16":"purchasable","17":"product-type-simple"},"bundled_by":[],"bundle_stock_status":"instock","bundle_stock_quantity":32,"bundle_virtual":false,"bundle_layout":"","bundle_add_to_cart_form_location":"","bundle_editable_in_cart":false,"bundle_sold_individually_context":"","bundle_item_grouping":"","bundle_min_size":"","bundle_max_size":"","bundle_price":[],"bundled_items":[],"bundle_sell_ids":[],"acf":[],"yoast_head":"<!-- This site is optimized with the Yoast SEO plugin v27.3 - https:\/\/yoast.com\/product\/yoast-seo-wordpress\/ -->\n<title>\u015arodek odstraszaj\u0105cy komary BCB<\/title>\n<meta name=\"description\" content=\"Odstraszacz komar\u00f3w BCB \u2013 \u015brodek w sztyfcie. Zapewnia skuteczn\u0105 ochron\u0119 przed komarami, kleszczami i innymi uci\u0105\u017cliwymi owadami. Substancja czynna DEET 40%\" \/>\n<meta name=\"robots\" content=\"index, follow, max-snippet:-1, max-image-preview:large, max-video-preview:-1\" \/>\n<link rel=\"canonical\" href=\"https:\/\/toidupakk.ee\/pl\/toode\/srodek-odstraszajacy-komary-bcb\/\" \/>\n<meta property=\"og:locale\" content=\"pl_PL\" \/>\n<meta property=\"og:type\" content=\"article\" \/>\n<meta property=\"og:title\" content=\"\u015arodek odstraszaj\u0105cy komary BCB\" \/>\n<meta property=\"og:description\" content=\"Odstraszacz komar\u00f3w BCB \u2013 \u015brodek w sztyfcie. Zapewnia skuteczn\u0105 ochron\u0119 przed komarami, kleszczami i innymi uci\u0105\u017cliwymi owadami. Substancja czynna DEET 40%\" \/>\n<meta property=\"og:url\" content=\"https:\/\/toidupakk.ee\/pl\/toode\/srodek-odstraszajacy-komary-bcb\/\" \/>\n<meta property=\"og:site_name\" content=\"Toidupakk.ee - Tactical Foodpack toidupakid\" \/>\n<meta property=\"article:publisher\" content=\"https:\/\/www.facebook.com\/Toidupakk\" \/>\n<meta property=\"article:modified_time\" content=\"2026-04-21T09:00:21+00:00\" \/>\n<meta property=\"og:image\" content=\"https:\/\/toidupakk.ee\/wp-content\/uploads\/2023\/06\/Saasepeletaja-2.png\" \/>\n\t<meta property=\"og:image:width\" content=\"1080\" \/>\n\t<meta property=\"og:image:height\" content=\"1080\" \/>\n\t<meta property=\"og:image:type\" content=\"image\/png\" \/>\n<meta name=\"twitter:card\" content=\"summary_large_image\" \/>\n<script type=\"application\/ld+json\" class=\"yoast-schema-graph\">{\"@context\":\"https:\\\/\\\/schema.org\",\"@graph\":[{\"@type\":\"WebPage\",\"@id\":\"https:\\\/\\\/toidupakk.ee\\\/pl\\\/toode\\\/srodek-odstraszajacy-komary-bcb\\\/\",\"url\":\"https:\\\/\\\/toidupakk.ee\\\/pl\\\/toode\\\/srodek-odstraszajacy-komary-bcb\\\/\",\"name\":\"\u015arodek odstraszaj\u0105cy komary BCB\",\"isPartOf\":{\"@id\":\"https:\\\/\\\/toidupakk.ee\\\/pl\\\/#website\"},\"primaryImageOfPage\":{\"@id\":\"https:\\\/\\\/toidupakk.ee\\\/pl\\\/toode\\\/srodek-odstraszajacy-komary-bcb\\\/#primaryimage\"},\"image\":{\"@id\":\"https:\\\/\\\/toidupakk.ee\\\/pl\\\/toode\\\/srodek-odstraszajacy-komary-bcb\\\/#primaryimage\"},\"thumbnailUrl\":\"https:\\\/\\\/toidupakk.ee\\\/wp-content\\\/uploads\\\/2023\\\/06\\\/Saasepeletaja-2.png\",\"datePublished\":\"2023-06-06T14:57:41+00:00\",\"dateModified\":\"2026-04-21T09:00:21+00:00\",\"description\":\"Odstraszacz komar\u00f3w BCB \u2013 \u015brodek w sztyfcie. Zapewnia skuteczn\u0105 ochron\u0119 przed komarami, kleszczami i innymi uci\u0105\u017cliwymi owadami. Substancja czynna DEET 40%\",\"breadcrumb\":{\"@id\":\"https:\\\/\\\/toidupakk.ee\\\/pl\\\/toode\\\/srodek-odstraszajacy-komary-bcb\\\/#breadcrumb\"},\"inLanguage\":\"pl-PL\",\"potentialAction\":[{\"@type\":\"ReadAction\",\"target\":[\"https:\\\/\\\/toidupakk.ee\\\/pl\\\/toode\\\/srodek-odstraszajacy-komary-bcb\\\/\"]}]},{\"@type\":\"ImageObject\",\"inLanguage\":\"pl-PL\",\"@id\":\"https:\\\/\\\/toidupakk.ee\\\/pl\\\/toode\\\/srodek-odstraszajacy-komary-bcb\\\/#primaryimage\",\"url\":\"https:\\\/\\\/toidupakk.ee\\\/wp-content\\\/uploads\\\/2023\\\/06\\\/Saasepeletaja-2.png\",\"contentUrl\":\"https:\\\/\\\/toidupakk.ee\\\/wp-content\\\/uploads\\\/2023\\\/06\\\/Saasepeletaja-2.png\",\"width\":1080,\"height\":1080,\"caption\":\"S\u00e4\u00e4sepeletaja pulk\"},{\"@type\":\"BreadcrumbList\",\"@id\":\"https:\\\/\\\/toidupakk.ee\\\/pl\\\/toode\\\/srodek-odstraszajacy-komary-bcb\\\/#breadcrumb\",\"itemListElement\":[{\"@type\":\"ListItem\",\"position\":1,\"name\":\"Avaleht\",\"item\":\"https:\\\/\\\/toidupakk.ee\\\/pl\\\/\"},{\"@type\":\"ListItem\",\"position\":2,\"name\":\"Sklep internetowy\",\"item\":\"https:\\\/\\\/toidupakk.ee\\\/pl\\\/sklep-internetowy\\\/\"},{\"@type\":\"ListItem\",\"position\":3,\"name\":\"\u015arodek odstraszaj\u0105cy komary BCB\"}]},{\"@type\":\"WebSite\",\"@id\":\"https:\\\/\\\/toidupakk.ee\\\/pl\\\/#website\",\"url\":\"https:\\\/\\\/toidupakk.ee\\\/pl\\\/\",\"name\":\"Toidupakk.ee - Tactical Foodpack toidupakid\",\"description\":\"Tactical Foodpack k\u00fclmkuivatatud toidupakid ja matkaeined\",\"publisher\":{\"@id\":\"https:\\\/\\\/toidupakk.ee\\\/pl\\\/#organization\"},\"potentialAction\":[{\"@type\":\"SearchAction\",\"target\":{\"@type\":\"EntryPoint\",\"urlTemplate\":\"https:\\\/\\\/toidupakk.ee\\\/pl\\\/?s={search_term_string}\"},\"query-input\":{\"@type\":\"PropertyValueSpecification\",\"valueRequired\":true,\"valueName\":\"search_term_string\"}}],\"inLanguage\":\"pl-PL\"},{\"@type\":\"Organization\",\"@id\":\"https:\\\/\\\/toidupakk.ee\\\/pl\\\/#organization\",\"name\":\"Tactical Foodpack matkaeined\",\"url\":\"https:\\\/\\\/toidupakk.ee\\\/pl\\\/\",\"logo\":{\"@type\":\"ImageObject\",\"inLanguage\":\"pl-PL\",\"@id\":\"https:\\\/\\\/toidupakk.ee\\\/pl\\\/#\\\/schema\\\/logo\\\/image\\\/\",\"url\":\"https:\\\/\\\/toidupakk.ee\\\/wp-content\\\/uploads\\\/2022\\\/01\\\/Toidupakk-matkapood-logo-transparent.png\",\"contentUrl\":\"https:\\\/\\\/toidupakk.ee\\\/wp-content\\\/uploads\\\/2022\\\/01\\\/Toidupakk-matkapood-logo-transparent.png\",\"width\":500,\"height\":500,\"caption\":\"Tactical Foodpack matkaeined\"},\"image\":{\"@id\":\"https:\\\/\\\/toidupakk.ee\\\/pl\\\/#\\\/schema\\\/logo\\\/image\\\/\"},\"sameAs\":[\"https:\\\/\\\/www.facebook.com\\\/Toidupakk\",\"https:\\\/\\\/www.instagram.com\\\/toidupakk\\\/\"]}]}<\/script>\n<!-- \/ Yoast SEO plugin. -->","yoast_head_json":{"title":"\u015arodek odstraszaj\u0105cy komary BCB","description":"Odstraszacz komar\u00f3w BCB \u2013 \u015brodek w sztyfcie. Zapewnia skuteczn\u0105 ochron\u0119 przed komarami, kleszczami i innymi uci\u0105\u017cliwymi owadami. Substancja czynna DEET 40%","robots":{"index":"index","follow":"follow","max-snippet":"max-snippet:-1","max-image-preview":"max-image-preview:large","max-video-preview":"max-video-preview:-1"},"canonical":"https:\/\/toidupakk.ee\/pl\/toode\/srodek-odstraszajacy-komary-bcb\/","og_locale":"pl_PL","og_type":"article","og_title":"\u015arodek odstraszaj\u0105cy komary BCB","og_description":"Odstraszacz komar\u00f3w BCB \u2013 \u015brodek w sztyfcie. Zapewnia skuteczn\u0105 ochron\u0119 przed komarami, kleszczami i innymi uci\u0105\u017cliwymi owadami. Substancja czynna DEET 40%","og_url":"https:\/\/toidupakk.ee\/pl\/toode\/srodek-odstraszajacy-komary-bcb\/","og_site_name":"Toidupakk.ee - Tactical Foodpack toidupakid","article_publisher":"https:\/\/www.facebook.com\/Toidupakk","article_modified_time":"2026-04-21T09:00:21+00:00","og_image":[{"width":1080,"height":1080,"url":"https:\/\/toidupakk.ee\/wp-content\/uploads\/2023\/06\/Saasepeletaja-2.png","type":"image\/png"}],"twitter_card":"summary_large_image","schema":{"@context":"https:\/\/schema.org","@graph":[{"@type":"WebPage","@id":"https:\/\/toidupakk.ee\/pl\/toode\/srodek-odstraszajacy-komary-bcb\/","url":"https:\/\/toidupakk.ee\/pl\/toode\/srodek-odstraszajacy-komary-bcb\/","name":"\u015arodek odstraszaj\u0105cy komary BCB","isPartOf":{"@id":"https:\/\/toidupakk.ee\/pl\/#website"},"primaryImageOfPage":{"@id":"https:\/\/toidupakk.ee\/pl\/toode\/srodek-odstraszajacy-komary-bcb\/#primaryimage"},"image":{"@id":"https:\/\/toidupakk.ee\/pl\/toode\/srodek-odstraszajacy-komary-bcb\/#primaryimage"},"thumbnailUrl":"https:\/\/toidupakk.ee\/wp-content\/uploads\/2023\/06\/Saasepeletaja-2.png","datePublished":"2023-06-06T14:57:41+00:00","dateModified":"2026-04-21T09:00:21+00:00","description":"Odstraszacz komar\u00f3w BCB \u2013 \u015brodek w sztyfcie. Zapewnia skuteczn\u0105 ochron\u0119 przed komarami, kleszczami i innymi uci\u0105\u017cliwymi owadami. Substancja czynna DEET 40%","breadcrumb":{"@id":"https:\/\/toidupakk.ee\/pl\/toode\/srodek-odstraszajacy-komary-bcb\/#breadcrumb"},"inLanguage":"pl-PL","potentialAction":[{"@type":"ReadAction","target":["https:\/\/toidupakk.ee\/pl\/toode\/srodek-odstraszajacy-komary-bcb\/"]}]},{"@type":"ImageObject","inLanguage":"pl-PL","@id":"https:\/\/toidupakk.ee\/pl\/toode\/srodek-odstraszajacy-komary-bcb\/#primaryimage","url":"https:\/\/toidupakk.ee\/wp-content\/uploads\/2023\/06\/Saasepeletaja-2.png","contentUrl":"https:\/\/toidupakk.ee\/wp-content\/uploads\/2023\/06\/Saasepeletaja-2.png","width":1080,"height":1080,"caption":"S\u00e4\u00e4sepeletaja pulk"},{"@type":"BreadcrumbList","@id":"https:\/\/toidupakk.ee\/pl\/toode\/srodek-odstraszajacy-komary-bcb\/#breadcrumb","itemListElement":[{"@type":"ListItem","position":1,"name":"Avaleht","item":"https:\/\/toidupakk.ee\/pl\/"},{"@type":"ListItem","position":2,"name":"Sklep internetowy","item":"https:\/\/toidupakk.ee\/pl\/sklep-internetowy\/"},{"@type":"ListItem","position":3,"name":"\u015arodek odstraszaj\u0105cy komary BCB"}]},{"@type":"WebSite","@id":"https:\/\/toidupakk.ee\/pl\/#website","url":"https:\/\/toidupakk.ee\/pl\/","name":"Toidupakk.ee - Tactical Foodpack toidupakid","description":"Tactical Foodpack k\u00fclmkuivatatud toidupakid ja matkaeined","publisher":{"@id":"https:\/\/toidupakk.ee\/pl\/#organization"},"potentialAction":[{"@type":"SearchAction","target":{"@type":"EntryPoint","urlTemplate":"https:\/\/toidupakk.ee\/pl\/?s={search_term_string}"},"query-input":{"@type":"PropertyValueSpecification","valueRequired":true,"valueName":"search_term_string"}}],"inLanguage":"pl-PL"},{"@type":"Organization","@id":"https:\/\/toidupakk.ee\/pl\/#organization","name":"Tactical Foodpack matkaeined","url":"https:\/\/toidupakk.ee\/pl\/","logo":{"@type":"ImageObject","inLanguage":"pl-PL","@id":"https:\/\/toidupakk.ee\/pl\/#\/schema\/logo\/image\/","url":"https:\/\/toidupakk.ee\/wp-content\/uploads\/2022\/01\/Toidupakk-matkapood-logo-transparent.png","contentUrl":"https:\/\/toidupakk.ee\/wp-content\/uploads\/2022\/01\/Toidupakk-matkapood-logo-transparent.png","width":500,"height":500,"caption":"Tactical Foodpack matkaeined"},"image":{"@id":"https:\/\/toidupakk.ee\/pl\/#\/schema\/logo\/image\/"},"sameAs":["https:\/\/www.facebook.com\/Toidupakk","https:\/\/www.instagram.com\/toidupakk\/"]}]}},"jetpack_sharing_enabled":true,"_links":{"self":[{"href":"https:\/\/toidupakk.ee\/pl\/wp-json\/wp\/v2\/product\/51353","targetHints":{"allow":["GET"]}}],"collection":[{"href":"https:\/\/toidupakk.ee\/pl\/wp-json\/wp\/v2\/product"}],"about":[{"href":"https:\/\/toidupakk.ee\/pl\/wp-json\/wp\/v2\/types\/product"}],"replies":[{"embeddable":true,"href":"https:\/\/toidupakk.ee\/pl\/wp-json\/wp\/v2\/comments?post=51353"}],"wp:featuredmedia":[{"embeddable":true,"href":"https:\/\/toidupakk.ee\/pl\/wp-json\/wp\/v2\/media\/9681"}],"wp:attachment":[{"href":"https:\/\/toidupakk.ee\/pl\/wp-json\/wp\/v2\/media?parent=51353"}],"wp:term":[{"taxonomy":"product_brand","embeddable":true,"href":"https:\/\/toidupakk.ee\/pl\/wp-json\/wp\/v2\/product_brand?post=51353"},{"taxonomy":"product_cat","embeddable":true,"href":"https:\/\/toidupakk.ee\/pl\/wp-json\/wp\/v2\/product_cat?post=51353"},{"taxonomy":"product_tag","embeddable":true,"href":"https:\/\/toidupakk.ee\/pl\/wp-json\/wp\/v2\/product_tag?post=51353"}],"curies":[{"name":"wp","href":"https:\/\/api.w.org\/{rel}","templated":true}]}}