{"id":51349,"date":"2023-06-06T16:23:57","date_gmt":"2023-06-06T13:23:57","guid":{"rendered":"https:\/\/toidupakk.ee\/toode\/siekiera-turystyczna-forester\/"},"modified":"2026-04-14T23:30:44","modified_gmt":"2026-04-14T20:30:44","slug":"siekiera-turystyczna-forester","status":"publish","type":"product","link":"https:\/\/toidupakk.ee\/pl\/toode\/siekiera-turystyczna-forester\/","title":{"rendered":"Siekiera turystyczna Forester"},"content":{"rendered":"<p><img fetchpriority=\"high\" decoding=\"async\" class=\"alignright wp-image-9669 size-thumbnail\" src=\"https:\/\/toidupakk.ee\/wp-content\/uploads\/2023\/06\/Matkakirves-Forester-1-1-500x500.jpg\" alt=\"Siekiera turystyczna\" width=\"500\" height=\"500\" srcset=\"https:\/\/toidupakk.ee\/wp-content\/uploads\/2023\/06\/Matkakirves-Forester-1-1-500x500.jpg 500w, https:\/\/toidupakk.ee\/wp-content\/uploads\/2023\/06\/Matkakirves-Forester-1-1-400x400.jpg 400w, https:\/\/toidupakk.ee\/wp-content\/uploads\/2023\/06\/Matkakirves-Forester-1-1-100x100.jpg 100w, https:\/\/toidupakk.ee\/wp-content\/uploads\/2023\/06\/Matkakirves-Forester-1-1-800x800.jpg 800w, https:\/\/toidupakk.ee\/wp-content\/uploads\/2023\/06\/Matkakirves-Forester-1-1-300x300.jpg 300w, https:\/\/toidupakk.ee\/wp-content\/uploads\/2023\/06\/Matkakirves-Forester-1-1-1024x1024.jpg 1024w, https:\/\/toidupakk.ee\/wp-content\/uploads\/2023\/06\/Matkakirves-Forester-1-1-768x768.jpg 768w, https:\/\/toidupakk.ee\/wp-content\/uploads\/2023\/06\/Matkakirves-Forester-1-1.jpg 1080w\" sizes=\"(max-width: 500px) 100vw, 500px\" \/><\/p>\n<p>Siekiera turystyczna Forester jest wykonana z wytrzyma\u0142ej stali, co zapewnia jej d\u0142ugowieczno\u015b\u0107 i pozwala \u0142atwo r\u0105ba\u0107 drewno, \u015bcina\u0107 ma\u0142e drzewa lub wykonywa\u0107 inne obozowe zadania. Ergonomiczna r\u0119koje\u015b\u0107 gwarantuje pewny chwyt i komfort, umo\u017cliwiaj\u0105c precyzyjne ci\u0119cia bez wysi\u0142ku. <\/p>\n<p>Dzi\u0119ki kompaktowym rozmiarom i niskiej wadze siekiera Forester to idealny wyb\u00f3r dla ka\u017cdego podr\u00f3\u017cnika. Bez trudu zmie\u015bci si\u0119 w plecaku, zajmuj\u0105c niewiele miejsca. Dodatkowo wyposa\u017cona jest w pokrowiec ochronny dla bezpiecznego i wygodnego przechowywania.  <\/p>\n<p>Niezale\u017cnie od tego, czy musisz \u015bci\u0105\u0107 drzewo na ognisko, czy por\u0105ba\u0107 drewno na mniejsze szczapy, siekiera Forester to niezawodne narz\u0119dzie, kt\u00f3re Ci\u0119 nie zawiedzie. Zabierz j\u0105 ze sob\u0105 i odkrywaj pi\u0119kno natury! <\/p>\n<p>Zobacz wszystkie przek\u0105ski <a href=\"\/?product_cat=snakk#section-3-79\">TUTAJ<\/a><\/p>\n<p>Zobacz sprz\u0119t turystyczny <a href=\"https:\/\/toidupakk.ee\/pl\/tootekategooria\/sprzet-turystyczny\/#section-3-79\">TUTAJ<\/a><\/p>\n<p>Znajd\u017a inspiracj\u0119 na kolejne przygody na <a href=\"https:\/\/www.instagram.com\/toidupakk\/\">Instagramie<\/a> i <a href=\"https:\/\/www.facebook.com\/Toidupakk\/\">Facebooku<\/a> Toidupakk.<\/p>\n","protected":false},"excerpt":{"rendered":"<ul>\n<li>Ma\u0142a siekiera stworzona z my\u015bl\u0105 o wyprawach<\/li>\n<li>Wystarczaj\u0105co lekka, by przypi\u0105\u0107 j\u0105 do plecaka, a zarazem odpowiednio ci\u0119\u017cka do r\u0105bania drewna<\/li>\n<li>W zestawie wytrzyma\u0142y pokrowiec na ostrze<\/li>\n<li>D\u0142ugo\u015b\u0107 siekiery 29 cm<\/li>\n<\/ul>\n<p>\u2705 Dost\u0119pne w magazynie, szybka dostawa w 1\u20133 dni robocze<\/p>\n","protected":false},"featured_media":9672,"comment_status":"open","ping_status":"closed","template":"","meta":{"_acf_changed":false},"product_brand":[],"product_cat":[303,368,301],"product_tag":[],"class_list":{"0":"post-51349","1":"product","2":"type-product","3":"status-publish","4":"has-post-thumbnail","6":"product_cat-akcesoria-turystyczne","7":"product_cat-siekiery","8":"product_cat-sprzet-turystyczny","10":"first","11":"instock","12":"taxable","13":"shipping-taxable","14":"purchasable","15":"product-type-simple"},"bundled_by":[],"bundle_stock_status":"instock","bundle_stock_quantity":2,"bundle_virtual":false,"bundle_layout":"","bundle_add_to_cart_form_location":"","bundle_editable_in_cart":false,"bundle_sold_individually_context":"","bundle_item_grouping":"","bundle_min_size":"","bundle_max_size":"","bundle_price":[],"bundled_items":[],"bundle_sell_ids":[],"acf":[],"yoast_head":"<!-- This site is optimized with the Yoast SEO plugin v27.3 - https:\/\/yoast.com\/product\/yoast-seo-wordpress\/ -->\n<title>Siekiera turystyczna Forester<\/title>\n<meta name=\"description\" content=\"Siekiera turystyczna, kt\u00f3ra jest wystarczaj\u0105co lekka na piesze w\u0119dr\u00f3wki, a jednocze\u015bnie odpowiednio ci\u0119\u017cka, by wygodnie r\u0105ba\u0107 drewno na ognisko. W zestawie z pokrowcem.\" \/>\n<meta name=\"robots\" content=\"index, follow, max-snippet:-1, max-image-preview:large, max-video-preview:-1\" \/>\n<link rel=\"canonical\" href=\"https:\/\/toidupakk.ee\/pl\/toode\/siekiera-turystyczna-forester\/\" \/>\n<meta property=\"og:locale\" content=\"pl_PL\" \/>\n<meta property=\"og:type\" content=\"article\" \/>\n<meta property=\"og:title\" content=\"Siekiera turystyczna Forester\" \/>\n<meta property=\"og:description\" content=\"Siekiera turystyczna, kt\u00f3ra jest wystarczaj\u0105co lekka na piesze w\u0119dr\u00f3wki, a jednocze\u015bnie odpowiednio ci\u0119\u017cka, by wygodnie r\u0105ba\u0107 drewno na ognisko. W zestawie z pokrowcem.\" \/>\n<meta property=\"og:url\" content=\"https:\/\/toidupakk.ee\/pl\/toode\/siekiera-turystyczna-forester\/\" \/>\n<meta property=\"og:site_name\" content=\"Toidupakk.ee - Tactical Foodpack toidupakid\" \/>\n<meta property=\"article:publisher\" content=\"https:\/\/www.facebook.com\/Toidupakk\" \/>\n<meta property=\"article:modified_time\" content=\"2026-04-14T20:30:44+00:00\" \/>\n<meta property=\"og:image\" content=\"https:\/\/toidupakk.ee\/wp-content\/uploads\/2023\/06\/Matkakirves-Forester-3.png\" \/>\n\t<meta property=\"og:image:width\" content=\"1080\" \/>\n\t<meta property=\"og:image:height\" content=\"1080\" \/>\n\t<meta property=\"og:image:type\" content=\"image\/png\" \/>\n<meta name=\"twitter:card\" content=\"summary_large_image\" \/>\n<meta name=\"twitter:label1\" content=\"Szacowany czas czytania\" \/>\n\t<meta name=\"twitter:data1\" content=\"1 minuta\" \/>\n<script type=\"application\/ld+json\" class=\"yoast-schema-graph\">{\"@context\":\"https:\\\/\\\/schema.org\",\"@graph\":[{\"@type\":\"WebPage\",\"@id\":\"https:\\\/\\\/toidupakk.ee\\\/pl\\\/toode\\\/siekiera-turystyczna-forester\\\/\",\"url\":\"https:\\\/\\\/toidupakk.ee\\\/pl\\\/toode\\\/siekiera-turystyczna-forester\\\/\",\"name\":\"Siekiera turystyczna Forester\",\"isPartOf\":{\"@id\":\"https:\\\/\\\/toidupakk.ee\\\/pl\\\/#website\"},\"primaryImageOfPage\":{\"@id\":\"https:\\\/\\\/toidupakk.ee\\\/pl\\\/toode\\\/siekiera-turystyczna-forester\\\/#primaryimage\"},\"image\":{\"@id\":\"https:\\\/\\\/toidupakk.ee\\\/pl\\\/toode\\\/siekiera-turystyczna-forester\\\/#primaryimage\"},\"thumbnailUrl\":\"https:\\\/\\\/toidupakk.ee\\\/wp-content\\\/uploads\\\/2023\\\/06\\\/Matkakirves-Forester-3.png\",\"datePublished\":\"2023-06-06T13:23:57+00:00\",\"dateModified\":\"2026-04-14T20:30:44+00:00\",\"description\":\"Siekiera turystyczna, kt\u00f3ra jest wystarczaj\u0105co lekka na piesze w\u0119dr\u00f3wki, a jednocze\u015bnie odpowiednio ci\u0119\u017cka, by wygodnie r\u0105ba\u0107 drewno na ognisko. W zestawie z pokrowcem.\",\"breadcrumb\":{\"@id\":\"https:\\\/\\\/toidupakk.ee\\\/pl\\\/toode\\\/siekiera-turystyczna-forester\\\/#breadcrumb\"},\"inLanguage\":\"pl-PL\",\"potentialAction\":[{\"@type\":\"ReadAction\",\"target\":[\"https:\\\/\\\/toidupakk.ee\\\/pl\\\/toode\\\/siekiera-turystyczna-forester\\\/\"]}]},{\"@type\":\"ImageObject\",\"inLanguage\":\"pl-PL\",\"@id\":\"https:\\\/\\\/toidupakk.ee\\\/pl\\\/toode\\\/siekiera-turystyczna-forester\\\/#primaryimage\",\"url\":\"https:\\\/\\\/toidupakk.ee\\\/wp-content\\\/uploads\\\/2023\\\/06\\\/Matkakirves-Forester-3.png\",\"contentUrl\":\"https:\\\/\\\/toidupakk.ee\\\/wp-content\\\/uploads\\\/2023\\\/06\\\/Matkakirves-Forester-3.png\",\"width\":1080,\"height\":1080,\"caption\":\"Kirves matkale\"},{\"@type\":\"BreadcrumbList\",\"@id\":\"https:\\\/\\\/toidupakk.ee\\\/pl\\\/toode\\\/siekiera-turystyczna-forester\\\/#breadcrumb\",\"itemListElement\":[{\"@type\":\"ListItem\",\"position\":1,\"name\":\"Avaleht\",\"item\":\"https:\\\/\\\/toidupakk.ee\\\/pl\\\/\"},{\"@type\":\"ListItem\",\"position\":2,\"name\":\"Sklep internetowy\",\"item\":\"https:\\\/\\\/toidupakk.ee\\\/pl\\\/sklep-internetowy\\\/\"},{\"@type\":\"ListItem\",\"position\":3,\"name\":\"Siekiera turystyczna Forester\"}]},{\"@type\":\"WebSite\",\"@id\":\"https:\\\/\\\/toidupakk.ee\\\/pl\\\/#website\",\"url\":\"https:\\\/\\\/toidupakk.ee\\\/pl\\\/\",\"name\":\"Toidupakk.ee - Tactical Foodpack toidupakid\",\"description\":\"Tactical Foodpack k\u00fclmkuivatatud toidupakid ja matkaeined\",\"publisher\":{\"@id\":\"https:\\\/\\\/toidupakk.ee\\\/pl\\\/#organization\"},\"potentialAction\":[{\"@type\":\"SearchAction\",\"target\":{\"@type\":\"EntryPoint\",\"urlTemplate\":\"https:\\\/\\\/toidupakk.ee\\\/pl\\\/?s={search_term_string}\"},\"query-input\":{\"@type\":\"PropertyValueSpecification\",\"valueRequired\":true,\"valueName\":\"search_term_string\"}}],\"inLanguage\":\"pl-PL\"},{\"@type\":\"Organization\",\"@id\":\"https:\\\/\\\/toidupakk.ee\\\/pl\\\/#organization\",\"name\":\"Tactical Foodpack matkaeined\",\"url\":\"https:\\\/\\\/toidupakk.ee\\\/pl\\\/\",\"logo\":{\"@type\":\"ImageObject\",\"inLanguage\":\"pl-PL\",\"@id\":\"https:\\\/\\\/toidupakk.ee\\\/pl\\\/#\\\/schema\\\/logo\\\/image\\\/\",\"url\":\"https:\\\/\\\/toidupakk.ee\\\/wp-content\\\/uploads\\\/2022\\\/01\\\/Toidupakk-matkapood-logo-transparent.png\",\"contentUrl\":\"https:\\\/\\\/toidupakk.ee\\\/wp-content\\\/uploads\\\/2022\\\/01\\\/Toidupakk-matkapood-logo-transparent.png\",\"width\":500,\"height\":500,\"caption\":\"Tactical Foodpack matkaeined\"},\"image\":{\"@id\":\"https:\\\/\\\/toidupakk.ee\\\/pl\\\/#\\\/schema\\\/logo\\\/image\\\/\"},\"sameAs\":[\"https:\\\/\\\/www.facebook.com\\\/Toidupakk\",\"https:\\\/\\\/www.instagram.com\\\/toidupakk\\\/\"]}]}<\/script>\n<!-- \/ Yoast SEO plugin. -->","yoast_head_json":{"title":"Siekiera turystyczna Forester","description":"Siekiera turystyczna, kt\u00f3ra jest wystarczaj\u0105co lekka na piesze w\u0119dr\u00f3wki, a jednocze\u015bnie odpowiednio ci\u0119\u017cka, by wygodnie r\u0105ba\u0107 drewno na ognisko. W zestawie z pokrowcem.","robots":{"index":"index","follow":"follow","max-snippet":"max-snippet:-1","max-image-preview":"max-image-preview:large","max-video-preview":"max-video-preview:-1"},"canonical":"https:\/\/toidupakk.ee\/pl\/toode\/siekiera-turystyczna-forester\/","og_locale":"pl_PL","og_type":"article","og_title":"Siekiera turystyczna Forester","og_description":"Siekiera turystyczna, kt\u00f3ra jest wystarczaj\u0105co lekka na piesze w\u0119dr\u00f3wki, a jednocze\u015bnie odpowiednio ci\u0119\u017cka, by wygodnie r\u0105ba\u0107 drewno na ognisko. W zestawie z pokrowcem.","og_url":"https:\/\/toidupakk.ee\/pl\/toode\/siekiera-turystyczna-forester\/","og_site_name":"Toidupakk.ee - Tactical Foodpack toidupakid","article_publisher":"https:\/\/www.facebook.com\/Toidupakk","article_modified_time":"2026-04-14T20:30:44+00:00","og_image":[{"width":1080,"height":1080,"url":"https:\/\/toidupakk.ee\/wp-content\/uploads\/2023\/06\/Matkakirves-Forester-3.png","type":"image\/png"}],"twitter_card":"summary_large_image","twitter_misc":{"Szacowany czas czytania":"1 minuta"},"schema":{"@context":"https:\/\/schema.org","@graph":[{"@type":"WebPage","@id":"https:\/\/toidupakk.ee\/pl\/toode\/siekiera-turystyczna-forester\/","url":"https:\/\/toidupakk.ee\/pl\/toode\/siekiera-turystyczna-forester\/","name":"Siekiera turystyczna Forester","isPartOf":{"@id":"https:\/\/toidupakk.ee\/pl\/#website"},"primaryImageOfPage":{"@id":"https:\/\/toidupakk.ee\/pl\/toode\/siekiera-turystyczna-forester\/#primaryimage"},"image":{"@id":"https:\/\/toidupakk.ee\/pl\/toode\/siekiera-turystyczna-forester\/#primaryimage"},"thumbnailUrl":"https:\/\/toidupakk.ee\/wp-content\/uploads\/2023\/06\/Matkakirves-Forester-3.png","datePublished":"2023-06-06T13:23:57+00:00","dateModified":"2026-04-14T20:30:44+00:00","description":"Siekiera turystyczna, kt\u00f3ra jest wystarczaj\u0105co lekka na piesze w\u0119dr\u00f3wki, a jednocze\u015bnie odpowiednio ci\u0119\u017cka, by wygodnie r\u0105ba\u0107 drewno na ognisko. W zestawie z pokrowcem.","breadcrumb":{"@id":"https:\/\/toidupakk.ee\/pl\/toode\/siekiera-turystyczna-forester\/#breadcrumb"},"inLanguage":"pl-PL","potentialAction":[{"@type":"ReadAction","target":["https:\/\/toidupakk.ee\/pl\/toode\/siekiera-turystyczna-forester\/"]}]},{"@type":"ImageObject","inLanguage":"pl-PL","@id":"https:\/\/toidupakk.ee\/pl\/toode\/siekiera-turystyczna-forester\/#primaryimage","url":"https:\/\/toidupakk.ee\/wp-content\/uploads\/2023\/06\/Matkakirves-Forester-3.png","contentUrl":"https:\/\/toidupakk.ee\/wp-content\/uploads\/2023\/06\/Matkakirves-Forester-3.png","width":1080,"height":1080,"caption":"Kirves matkale"},{"@type":"BreadcrumbList","@id":"https:\/\/toidupakk.ee\/pl\/toode\/siekiera-turystyczna-forester\/#breadcrumb","itemListElement":[{"@type":"ListItem","position":1,"name":"Avaleht","item":"https:\/\/toidupakk.ee\/pl\/"},{"@type":"ListItem","position":2,"name":"Sklep internetowy","item":"https:\/\/toidupakk.ee\/pl\/sklep-internetowy\/"},{"@type":"ListItem","position":3,"name":"Siekiera turystyczna Forester"}]},{"@type":"WebSite","@id":"https:\/\/toidupakk.ee\/pl\/#website","url":"https:\/\/toidupakk.ee\/pl\/","name":"Toidupakk.ee - Tactical Foodpack toidupakid","description":"Tactical Foodpack k\u00fclmkuivatatud toidupakid ja matkaeined","publisher":{"@id":"https:\/\/toidupakk.ee\/pl\/#organization"},"potentialAction":[{"@type":"SearchAction","target":{"@type":"EntryPoint","urlTemplate":"https:\/\/toidupakk.ee\/pl\/?s={search_term_string}"},"query-input":{"@type":"PropertyValueSpecification","valueRequired":true,"valueName":"search_term_string"}}],"inLanguage":"pl-PL"},{"@type":"Organization","@id":"https:\/\/toidupakk.ee\/pl\/#organization","name":"Tactical Foodpack matkaeined","url":"https:\/\/toidupakk.ee\/pl\/","logo":{"@type":"ImageObject","inLanguage":"pl-PL","@id":"https:\/\/toidupakk.ee\/pl\/#\/schema\/logo\/image\/","url":"https:\/\/toidupakk.ee\/wp-content\/uploads\/2022\/01\/Toidupakk-matkapood-logo-transparent.png","contentUrl":"https:\/\/toidupakk.ee\/wp-content\/uploads\/2022\/01\/Toidupakk-matkapood-logo-transparent.png","width":500,"height":500,"caption":"Tactical Foodpack matkaeined"},"image":{"@id":"https:\/\/toidupakk.ee\/pl\/#\/schema\/logo\/image\/"},"sameAs":["https:\/\/www.facebook.com\/Toidupakk","https:\/\/www.instagram.com\/toidupakk\/"]}]}},"jetpack_sharing_enabled":true,"_links":{"self":[{"href":"https:\/\/toidupakk.ee\/pl\/wp-json\/wp\/v2\/product\/51349","targetHints":{"allow":["GET"]}}],"collection":[{"href":"https:\/\/toidupakk.ee\/pl\/wp-json\/wp\/v2\/product"}],"about":[{"href":"https:\/\/toidupakk.ee\/pl\/wp-json\/wp\/v2\/types\/product"}],"replies":[{"embeddable":true,"href":"https:\/\/toidupakk.ee\/pl\/wp-json\/wp\/v2\/comments?post=51349"}],"wp:featuredmedia":[{"embeddable":true,"href":"https:\/\/toidupakk.ee\/pl\/wp-json\/wp\/v2\/media\/9672"}],"wp:attachment":[{"href":"https:\/\/toidupakk.ee\/pl\/wp-json\/wp\/v2\/media?parent=51349"}],"wp:term":[{"taxonomy":"product_brand","embeddable":true,"href":"https:\/\/toidupakk.ee\/pl\/wp-json\/wp\/v2\/product_brand?post=51349"},{"taxonomy":"product_cat","embeddable":true,"href":"https:\/\/toidupakk.ee\/pl\/wp-json\/wp\/v2\/product_cat?post=51349"},{"taxonomy":"product_tag","embeddable":true,"href":"https:\/\/toidupakk.ee\/pl\/wp-json\/wp\/v2\/product_tag?post=51349"}],"curies":[{"name":"wp","href":"https:\/\/api.w.org\/{rel}","templated":true}]}}