{"id":51343,"date":"2023-05-17T12:06:20","date_gmt":"2023-05-17T09:06:20","guid":{"rendered":"https:\/\/toidupakk.ee\/toode\/zestaw-karabinczykow-2-szt\/"},"modified":"2026-04-15T11:30:49","modified_gmt":"2026-04-15T08:30:49","slug":"zestaw-karabinczykow-2-szt","status":"publish","type":"product","link":"https:\/\/toidupakk.ee\/pl\/toode\/zestaw-karabinczykow-2-szt\/","title":{"rendered":"Zestaw karabi\u0144czyk\u00f3w (2 szt.)"},"content":{"rendered":"","protected":false},"excerpt":{"rendered":"<p>Zestaw zawiera 2 karabi\u0144czyki o \u015brednicy 6 mm. Karabi\u0144czyki to przydatne akcesoria na wyprawy. Przymocuj latark\u0119, kubek turystyczny lub inny potrzebny sprz\u0119t np. do plecaka lub paska.  <\/p>\n<ul>\n<li>W zestawie: 2 szt.<\/li>\n<li>Waga: 10 g<\/li>\n<li>Marka: BCB<\/li>\n<\/ul>\n<p>UWAGA! Te karabi\u0144czyki nie nadaj\u0105 si\u0119 do wspinaczki ani do przenoszenia du\u017cych ci\u0119\u017car\u00f3w.<\/p>\n<p>\u2705 Uwaga! Czas dostawy produktu wynosi obecnie ok. 1 tydzie\u0144<br \/>\n\u2705 BEZP\u0141ATNY zwrot i wymiana <\/p>\n","protected":false},"featured_media":8956,"comment_status":"open","ping_status":"closed","template":"","meta":{"_acf_changed":false},"product_brand":[],"product_cat":[303,301,304],"product_tag":[305],"class_list":{"0":"post-51343","1":"product","2":"type-product","3":"status-publish","4":"has-post-thumbnail","6":"product_cat-akcesoria-turystyczne","7":"product_cat-sprzet-turystyczny","8":"product_cat-wyposazenie-militarne","9":"product_tag-no_ads","11":"first","12":"instock","13":"sale","14":"taxable","15":"shipping-taxable","16":"purchasable","17":"product-type-simple"},"bundled_by":[],"bundle_stock_status":"instock","bundle_stock_quantity":6,"bundle_virtual":false,"bundle_layout":"","bundle_add_to_cart_form_location":"","bundle_editable_in_cart":false,"bundle_sold_individually_context":"","bundle_item_grouping":"","bundle_min_size":"","bundle_max_size":"","bundle_price":[],"bundled_items":[],"bundle_sell_ids":[],"acf":[],"yoast_head":"<!-- This site is optimized with the Yoast SEO plugin v27.3 - https:\/\/yoast.com\/product\/yoast-seo-wordpress\/ -->\n<title>Zestaw karabi\u0144czyk\u00f3w (2 szt.)<\/title>\n<meta name=\"description\" content=\"Zestaw zawiera 2 karabi\u0144czyki o \u015brednicy 6 mm. Karabi\u0144czyki to przydatne akcesoria na wyprawy. Przymocuj latark\u0119, kubek turystyczny lub inne potrzebne rzeczy.\" \/>\n<meta name=\"robots\" content=\"index, follow, max-snippet:-1, max-image-preview:large, max-video-preview:-1\" \/>\n<link rel=\"canonical\" href=\"https:\/\/toidupakk.ee\/pl\/toode\/zestaw-karabinczykow-2-szt\/\" \/>\n<meta property=\"og:locale\" content=\"pl_PL\" \/>\n<meta property=\"og:type\" content=\"article\" \/>\n<meta property=\"og:title\" content=\"Zestaw karabi\u0144czyk\u00f3w (2 szt.)\" \/>\n<meta property=\"og:description\" content=\"Zestaw zawiera 2 karabi\u0144czyki o \u015brednicy 6 mm. Karabi\u0144czyki to przydatne akcesoria na wyprawy. Przymocuj latark\u0119, kubek turystyczny lub inne potrzebne rzeczy.\" \/>\n<meta property=\"og:url\" content=\"https:\/\/toidupakk.ee\/pl\/toode\/zestaw-karabinczykow-2-szt\/\" \/>\n<meta property=\"og:site_name\" content=\"Toidupakk.ee - Tactical Foodpack toidupakid\" \/>\n<meta property=\"article:publisher\" content=\"https:\/\/www.facebook.com\/Toidupakk\" \/>\n<meta property=\"article:modified_time\" content=\"2026-04-15T08:30:49+00:00\" \/>\n<meta property=\"og:image\" content=\"https:\/\/toidupakk.ee\/wp-content\/uploads\/2023\/05\/Karabiinide-komplekt-1.png\" \/>\n\t<meta property=\"og:image:width\" content=\"1080\" \/>\n\t<meta property=\"og:image:height\" content=\"1080\" \/>\n\t<meta property=\"og:image:type\" content=\"image\/png\" \/>\n<meta name=\"twitter:card\" content=\"summary_large_image\" \/>\n<script type=\"application\/ld+json\" class=\"yoast-schema-graph\">{\"@context\":\"https:\\\/\\\/schema.org\",\"@graph\":[{\"@type\":\"WebPage\",\"@id\":\"https:\\\/\\\/toidupakk.ee\\\/pl\\\/toode\\\/zestaw-karabinczykow-2-szt\\\/\",\"url\":\"https:\\\/\\\/toidupakk.ee\\\/pl\\\/toode\\\/zestaw-karabinczykow-2-szt\\\/\",\"name\":\"Zestaw karabi\u0144czyk\u00f3w (2 szt.)\",\"isPartOf\":{\"@id\":\"https:\\\/\\\/toidupakk.ee\\\/pl\\\/#website\"},\"primaryImageOfPage\":{\"@id\":\"https:\\\/\\\/toidupakk.ee\\\/pl\\\/toode\\\/zestaw-karabinczykow-2-szt\\\/#primaryimage\"},\"image\":{\"@id\":\"https:\\\/\\\/toidupakk.ee\\\/pl\\\/toode\\\/zestaw-karabinczykow-2-szt\\\/#primaryimage\"},\"thumbnailUrl\":\"https:\\\/\\\/toidupakk.ee\\\/wp-content\\\/uploads\\\/2023\\\/05\\\/Karabiinide-komplekt-1.png\",\"datePublished\":\"2023-05-17T09:06:20+00:00\",\"dateModified\":\"2026-04-15T08:30:49+00:00\",\"description\":\"Zestaw zawiera 2 karabi\u0144czyki o \u015brednicy 6 mm. Karabi\u0144czyki to przydatne akcesoria na wyprawy. Przymocuj latark\u0119, kubek turystyczny lub inne potrzebne rzeczy.\",\"breadcrumb\":{\"@id\":\"https:\\\/\\\/toidupakk.ee\\\/pl\\\/toode\\\/zestaw-karabinczykow-2-szt\\\/#breadcrumb\"},\"inLanguage\":\"pl-PL\",\"potentialAction\":[{\"@type\":\"ReadAction\",\"target\":[\"https:\\\/\\\/toidupakk.ee\\\/pl\\\/toode\\\/zestaw-karabinczykow-2-szt\\\/\"]}]},{\"@type\":\"ImageObject\",\"inLanguage\":\"pl-PL\",\"@id\":\"https:\\\/\\\/toidupakk.ee\\\/pl\\\/toode\\\/zestaw-karabinczykow-2-szt\\\/#primaryimage\",\"url\":\"https:\\\/\\\/toidupakk.ee\\\/wp-content\\\/uploads\\\/2023\\\/05\\\/Karabiinide-komplekt-1.png\",\"contentUrl\":\"https:\\\/\\\/toidupakk.ee\\\/wp-content\\\/uploads\\\/2023\\\/05\\\/Karabiinide-komplekt-1.png\",\"width\":1080,\"height\":1080,\"caption\":\"Karabiinid 2 tk\"},{\"@type\":\"BreadcrumbList\",\"@id\":\"https:\\\/\\\/toidupakk.ee\\\/pl\\\/toode\\\/zestaw-karabinczykow-2-szt\\\/#breadcrumb\",\"itemListElement\":[{\"@type\":\"ListItem\",\"position\":1,\"name\":\"Avaleht\",\"item\":\"https:\\\/\\\/toidupakk.ee\\\/pl\\\/\"},{\"@type\":\"ListItem\",\"position\":2,\"name\":\"Sklep internetowy\",\"item\":\"https:\\\/\\\/toidupakk.ee\\\/pl\\\/sklep-internetowy\\\/\"},{\"@type\":\"ListItem\",\"position\":3,\"name\":\"Zestaw karabi\u0144czyk\u00f3w (2 szt.)\"}]},{\"@type\":\"WebSite\",\"@id\":\"https:\\\/\\\/toidupakk.ee\\\/pl\\\/#website\",\"url\":\"https:\\\/\\\/toidupakk.ee\\\/pl\\\/\",\"name\":\"Toidupakk.ee - Tactical Foodpack toidupakid\",\"description\":\"Tactical Foodpack k\u00fclmkuivatatud toidupakid ja matkaeined\",\"publisher\":{\"@id\":\"https:\\\/\\\/toidupakk.ee\\\/pl\\\/#organization\"},\"potentialAction\":[{\"@type\":\"SearchAction\",\"target\":{\"@type\":\"EntryPoint\",\"urlTemplate\":\"https:\\\/\\\/toidupakk.ee\\\/pl\\\/?s={search_term_string}\"},\"query-input\":{\"@type\":\"PropertyValueSpecification\",\"valueRequired\":true,\"valueName\":\"search_term_string\"}}],\"inLanguage\":\"pl-PL\"},{\"@type\":\"Organization\",\"@id\":\"https:\\\/\\\/toidupakk.ee\\\/pl\\\/#organization\",\"name\":\"Tactical Foodpack matkaeined\",\"url\":\"https:\\\/\\\/toidupakk.ee\\\/pl\\\/\",\"logo\":{\"@type\":\"ImageObject\",\"inLanguage\":\"pl-PL\",\"@id\":\"https:\\\/\\\/toidupakk.ee\\\/pl\\\/#\\\/schema\\\/logo\\\/image\\\/\",\"url\":\"https:\\\/\\\/toidupakk.ee\\\/wp-content\\\/uploads\\\/2022\\\/01\\\/Toidupakk-matkapood-logo-transparent.png\",\"contentUrl\":\"https:\\\/\\\/toidupakk.ee\\\/wp-content\\\/uploads\\\/2022\\\/01\\\/Toidupakk-matkapood-logo-transparent.png\",\"width\":500,\"height\":500,\"caption\":\"Tactical Foodpack matkaeined\"},\"image\":{\"@id\":\"https:\\\/\\\/toidupakk.ee\\\/pl\\\/#\\\/schema\\\/logo\\\/image\\\/\"},\"sameAs\":[\"https:\\\/\\\/www.facebook.com\\\/Toidupakk\",\"https:\\\/\\\/www.instagram.com\\\/toidupakk\\\/\"]}]}<\/script>\n<!-- \/ Yoast SEO plugin. -->","yoast_head_json":{"title":"Zestaw karabi\u0144czyk\u00f3w (2 szt.)","description":"Zestaw zawiera 2 karabi\u0144czyki o \u015brednicy 6 mm. Karabi\u0144czyki to przydatne akcesoria na wyprawy. Przymocuj latark\u0119, kubek turystyczny lub inne potrzebne rzeczy.","robots":{"index":"index","follow":"follow","max-snippet":"max-snippet:-1","max-image-preview":"max-image-preview:large","max-video-preview":"max-video-preview:-1"},"canonical":"https:\/\/toidupakk.ee\/pl\/toode\/zestaw-karabinczykow-2-szt\/","og_locale":"pl_PL","og_type":"article","og_title":"Zestaw karabi\u0144czyk\u00f3w (2 szt.)","og_description":"Zestaw zawiera 2 karabi\u0144czyki o \u015brednicy 6 mm. Karabi\u0144czyki to przydatne akcesoria na wyprawy. Przymocuj latark\u0119, kubek turystyczny lub inne potrzebne rzeczy.","og_url":"https:\/\/toidupakk.ee\/pl\/toode\/zestaw-karabinczykow-2-szt\/","og_site_name":"Toidupakk.ee - Tactical Foodpack toidupakid","article_publisher":"https:\/\/www.facebook.com\/Toidupakk","article_modified_time":"2026-04-15T08:30:49+00:00","og_image":[{"width":1080,"height":1080,"url":"https:\/\/toidupakk.ee\/wp-content\/uploads\/2023\/05\/Karabiinide-komplekt-1.png","type":"image\/png"}],"twitter_card":"summary_large_image","schema":{"@context":"https:\/\/schema.org","@graph":[{"@type":"WebPage","@id":"https:\/\/toidupakk.ee\/pl\/toode\/zestaw-karabinczykow-2-szt\/","url":"https:\/\/toidupakk.ee\/pl\/toode\/zestaw-karabinczykow-2-szt\/","name":"Zestaw karabi\u0144czyk\u00f3w (2 szt.)","isPartOf":{"@id":"https:\/\/toidupakk.ee\/pl\/#website"},"primaryImageOfPage":{"@id":"https:\/\/toidupakk.ee\/pl\/toode\/zestaw-karabinczykow-2-szt\/#primaryimage"},"image":{"@id":"https:\/\/toidupakk.ee\/pl\/toode\/zestaw-karabinczykow-2-szt\/#primaryimage"},"thumbnailUrl":"https:\/\/toidupakk.ee\/wp-content\/uploads\/2023\/05\/Karabiinide-komplekt-1.png","datePublished":"2023-05-17T09:06:20+00:00","dateModified":"2026-04-15T08:30:49+00:00","description":"Zestaw zawiera 2 karabi\u0144czyki o \u015brednicy 6 mm. Karabi\u0144czyki to przydatne akcesoria na wyprawy. Przymocuj latark\u0119, kubek turystyczny lub inne potrzebne rzeczy.","breadcrumb":{"@id":"https:\/\/toidupakk.ee\/pl\/toode\/zestaw-karabinczykow-2-szt\/#breadcrumb"},"inLanguage":"pl-PL","potentialAction":[{"@type":"ReadAction","target":["https:\/\/toidupakk.ee\/pl\/toode\/zestaw-karabinczykow-2-szt\/"]}]},{"@type":"ImageObject","inLanguage":"pl-PL","@id":"https:\/\/toidupakk.ee\/pl\/toode\/zestaw-karabinczykow-2-szt\/#primaryimage","url":"https:\/\/toidupakk.ee\/wp-content\/uploads\/2023\/05\/Karabiinide-komplekt-1.png","contentUrl":"https:\/\/toidupakk.ee\/wp-content\/uploads\/2023\/05\/Karabiinide-komplekt-1.png","width":1080,"height":1080,"caption":"Karabiinid 2 tk"},{"@type":"BreadcrumbList","@id":"https:\/\/toidupakk.ee\/pl\/toode\/zestaw-karabinczykow-2-szt\/#breadcrumb","itemListElement":[{"@type":"ListItem","position":1,"name":"Avaleht","item":"https:\/\/toidupakk.ee\/pl\/"},{"@type":"ListItem","position":2,"name":"Sklep internetowy","item":"https:\/\/toidupakk.ee\/pl\/sklep-internetowy\/"},{"@type":"ListItem","position":3,"name":"Zestaw karabi\u0144czyk\u00f3w (2 szt.)"}]},{"@type":"WebSite","@id":"https:\/\/toidupakk.ee\/pl\/#website","url":"https:\/\/toidupakk.ee\/pl\/","name":"Toidupakk.ee - Tactical Foodpack toidupakid","description":"Tactical Foodpack k\u00fclmkuivatatud toidupakid ja matkaeined","publisher":{"@id":"https:\/\/toidupakk.ee\/pl\/#organization"},"potentialAction":[{"@type":"SearchAction","target":{"@type":"EntryPoint","urlTemplate":"https:\/\/toidupakk.ee\/pl\/?s={search_term_string}"},"query-input":{"@type":"PropertyValueSpecification","valueRequired":true,"valueName":"search_term_string"}}],"inLanguage":"pl-PL"},{"@type":"Organization","@id":"https:\/\/toidupakk.ee\/pl\/#organization","name":"Tactical Foodpack matkaeined","url":"https:\/\/toidupakk.ee\/pl\/","logo":{"@type":"ImageObject","inLanguage":"pl-PL","@id":"https:\/\/toidupakk.ee\/pl\/#\/schema\/logo\/image\/","url":"https:\/\/toidupakk.ee\/wp-content\/uploads\/2022\/01\/Toidupakk-matkapood-logo-transparent.png","contentUrl":"https:\/\/toidupakk.ee\/wp-content\/uploads\/2022\/01\/Toidupakk-matkapood-logo-transparent.png","width":500,"height":500,"caption":"Tactical Foodpack matkaeined"},"image":{"@id":"https:\/\/toidupakk.ee\/pl\/#\/schema\/logo\/image\/"},"sameAs":["https:\/\/www.facebook.com\/Toidupakk","https:\/\/www.instagram.com\/toidupakk\/"]}]}},"jetpack_sharing_enabled":true,"_links":{"self":[{"href":"https:\/\/toidupakk.ee\/pl\/wp-json\/wp\/v2\/product\/51343","targetHints":{"allow":["GET"]}}],"collection":[{"href":"https:\/\/toidupakk.ee\/pl\/wp-json\/wp\/v2\/product"}],"about":[{"href":"https:\/\/toidupakk.ee\/pl\/wp-json\/wp\/v2\/types\/product"}],"replies":[{"embeddable":true,"href":"https:\/\/toidupakk.ee\/pl\/wp-json\/wp\/v2\/comments?post=51343"}],"wp:featuredmedia":[{"embeddable":true,"href":"https:\/\/toidupakk.ee\/pl\/wp-json\/wp\/v2\/media\/8956"}],"wp:attachment":[{"href":"https:\/\/toidupakk.ee\/pl\/wp-json\/wp\/v2\/media?parent=51343"}],"wp:term":[{"taxonomy":"product_brand","embeddable":true,"href":"https:\/\/toidupakk.ee\/pl\/wp-json\/wp\/v2\/product_brand?post=51343"},{"taxonomy":"product_cat","embeddable":true,"href":"https:\/\/toidupakk.ee\/pl\/wp-json\/wp\/v2\/product_cat?post=51343"},{"taxonomy":"product_tag","embeddable":true,"href":"https:\/\/toidupakk.ee\/pl\/wp-json\/wp\/v2\/product_tag?post=51343"}],"curies":[{"name":"wp","href":"https:\/\/api.w.org\/{rel}","templated":true}]}}